{"id":9183,"date":"2025-08-26T11:48:34","date_gmt":"2025-08-26T11:48:34","guid":{"rendered":"https:\/\/ryinz.cz\/velkoobchod\/?post_type=product&#038;p=9183"},"modified":"2026-01-18T20:18:06","modified_gmt":"2026-01-18T20:18:06","slug":"ryinz-groshandel-einzelhandel-braun-leder-motorradhandschuhe-mit-tpu-knochel-und-eva-schutzpolsterung","status":"publish","type":"product","link":"https:\/\/ryinz.cz\/velkoobchod\/de\/product\/ryinz-wholesale-retail-brown-leather-motorcycle-gloves-with-tpu-knuckle-and-eva-protective-padding\/","title":{"rendered":"RYINZ Gro\u00dfhandel &amp; Einzelhandel braune Leder Motorradhandschuhe mit TPU Kn\u00f6chel und EVA-Schutzpolsterung"},"content":{"rendered":"<p data-start=\"967\" data-end=\"1089\"><strong data-start=\"967\" data-end=\"1089\">RYINZ Brown GoatSkin Motorradhandschuhe - F\u00fcr H\u00e4ndler, Einzelh\u00e4ndler und professionelle Fahrer, die Wert auf Stil und Sicherheit legen<\/strong><\/p>\n<p data-start=\"1091\" data-end=\"1486\">Die <strong data-start=\"1095\" data-end=\"1136\">RYINZ Motorradhandschuhe aus braunem Leder<\/strong> sind nicht einfach nur Handschuhe - sie sind ein Statement f\u00fcr Klasse, Schutz und best\u00e4ndige Handwerkskunst. Dieses Modell wurde f\u00fcr Gro\u00df- und Einzelh\u00e4ndler entwickelt, die sich an stilbewusste Motorradfahrer wenden, und kombiniert erstklassige \u00c4sthetik mit erstklassigem Schutz und Komfort. Wenn Sie auf der Suche nach Motorradhandschuhen sind, die ein Gleichgewicht zwischen raffiniertem Design und robuster Technik bieten, ist dieses Modell Ihre Antwort.<\/p>\n<p data-start=\"1488\" data-end=\"1902\"><strong data-start=\"1488\" data-end=\"1544\">Raffinierte Materialverschmelzung - Twill und Ziegenleder<\/strong><br data-start=\"1544\" data-end=\"1547\" \/>Das \u00c4u\u00dfere des Handschuhs besteht aus einem <strong data-start=\"1582\" data-end=\"1603\">Grundgewebe aus Twill<\/strong>, Das Material wurde aufgrund seiner Haltbarkeit und Flexibilit\u00e4t ausgew\u00e4hlt, w\u00e4hrend die Schutzplatten aus <strong data-start=\"1693\" data-end=\"1724\">hochwertiges GoatSkin Leder<\/strong>. Das elegante braune Finish hebt sich von den typischen schwarzen Handschuhen ab und macht diese Handschuhe ideal f\u00fcr Marken oder Gesch\u00e4fte, die sich an modebewusste Biker oder Radsportler im Retrostil richten.<\/p>\n<p data-start=\"1904\" data-end=\"2240\"><strong data-start=\"1904\" data-end=\"1960\">TPU Kn\u00f6chelabschirmung f\u00fcr zuverl\u00e4ssigen Aufprallschutz<\/strong><br data-start=\"1960\" data-end=\"1963\" \/>Sicherheit hat bei Motorradhandschuhen oberste Priorit\u00e4t, und RYINZ integriert <strong data-start=\"2026\" data-end=\"2052\">TPU Kn\u00f6chelprotektoren<\/strong> die Aufprallkr\u00e4fte bei Kollisionen oder pl\u00f6tzlichen Stopps absorbieren und zerstreuen. Die Kn\u00f6chelschale ist ergonomisch geformt und bietet hervorragenden Schutz, ohne die Bewegungsfreiheit einzuschr\u00e4nken.<\/p>\n<p data-start=\"2242\" data-end=\"2559\"><strong data-start=\"2242\" data-end=\"2288\">EVA-Gummi-Verst\u00e4rkung - Finger &amp; Manschetten<\/strong><br data-start=\"2288\" data-end=\"2291\" \/>Strategisch platziert <strong data-start=\"2312\" data-end=\"2338\">EVA-Gummischutz<\/strong> auf dem Fingerr\u00fccken und in den Manschettenzonen sorgen f\u00fcr Sto\u00dfd\u00e4mpfung und Schutz, wo er am meisten gebraucht wird. Diese Abschnitte helfen, Verletzungen an den empfindlichsten Stellen bei Fahrunf\u00e4llen oder im rauen Gel\u00e4nde zu vermeiden.<\/p>\n<p data-start=\"2561\" data-end=\"2996\"><strong data-start=\"2561\" data-end=\"2622\">Verbesserter Grip &amp; Komfort - GoatSkin Palm mit Schaumstoffpolsterung<\/strong><br data-start=\"2622\" data-end=\"2625\" \/>Die <strong data-start=\"2629\" data-end=\"2673\">Handfl\u00e4chenbereich mit vollem GoatSkin-Leder<\/strong>, Das Material wurde wegen seiner Kombination aus Weichheit und Abriebfestigkeit ausgew\u00e4hlt. Verst\u00e4rkt mit <strong data-start=\"2755\" data-end=\"2771\">Schaumstoffpolsterung<\/strong>, Der Handschuh sorgt f\u00fcr einen sicheren Griff an Fahrradgriffen, d\u00e4mpft Vibrationen und reduziert die Erm\u00fcdung bei langen Fahrten. Die Verst\u00e4rkungen sind so positioniert, dass sie die stark beanspruchten Kontaktpunkte unterst\u00fctzen und die Kontrolle auch bei N\u00e4sse oder rauen Bedingungen gew\u00e4hrleisten.<\/p>\n<p data-start=\"2998\" data-end=\"3298\"><strong data-start=\"2998\" data-end=\"3035\">Sicherer Sitz - Klettverschluss am Handgelenk<\/strong><br data-start=\"3035\" data-end=\"3038\" \/>Ausgestattet mit einem einstellbaren <strong data-start=\"3066\" data-end=\"3082\">Klettband<\/strong>, Diese Handschuhe sorgen f\u00fcr einen passgenauen Sitz bei unterschiedlichen Handgelenksgr\u00f6\u00dfen. Das Verschlusssystem sch\u00fctzt vor Wind und Staub und erm\u00f6glicht ein schnelles An- und Ausziehen - ideal f\u00fcr Fahrer, die praktisch sein wollen, ohne dabei auf Stil zu verzichten.<\/p>\n<p data-start=\"3300\" data-end=\"3637\"><strong data-start=\"3300\" data-end=\"3350\">Zertifizierter Schutz - gebaut f\u00fcr den EU-Markt<\/strong><br data-start=\"3350\" data-end=\"3353\" \/>Alle RYINZ-Handschuhe, einschlie\u00dflich dieses braunen Modells, werden getestet unter <strong data-start=\"3416\" data-end=\"3452\">Normen EN420 und EN13594:2015<\/strong>, und entsprechen damit den CE-Vorschriften. Diese Zertifizierung gew\u00e4hrleistet, dass Ihre K\u00e4ufer und Kunden bew\u00e4hrte Schutzleistung und Komfort erhalten, die durch internationale Sicherheitsstandards unterst\u00fctzt werden.<\/p>\n<p data-start=\"3639\" data-end=\"3661\"><strong data-start=\"3639\" data-end=\"3659\">Ideale Anwendungsf\u00e4lle:<\/strong><\/p>\n<ul data-start=\"3662\" data-end=\"3906\">\n<li data-start=\"3662\" data-end=\"3703\">\n<p data-start=\"3664\" data-end=\"3703\">Allt\u00e4gliches Fahren im st\u00e4dtischen Umfeld<\/p>\n<\/li>\n<li data-start=\"3704\" data-end=\"3753\">\n<p data-start=\"3706\" data-end=\"3753\">Liebhaber von Cafe Racern und Oldtimern<\/p>\n<\/li>\n<li data-start=\"3754\" data-end=\"3790\">\n<p data-start=\"3756\" data-end=\"3790\">Touren und Abenteuer auf offener Stra\u00dfe<\/p>\n<\/li>\n<li data-start=\"3791\" data-end=\"3853\">\n<p data-start=\"3793\" data-end=\"3853\">Einzelh\u00e4ndler, die nach stilvollen und sch\u00fctzenden Produkten suchen<\/p>\n<\/li>\n<li data-start=\"3854\" data-end=\"3906\">\n<p data-start=\"3856\" data-end=\"3906\">OEM\/ODM-Projekte f\u00fcr hochwertige Lederhandschuhe<\/p>\n<\/li>\n<\/ul>\n<p data-start=\"3908\" data-end=\"4225\"><strong data-start=\"3908\" data-end=\"3951\">Anpassung &amp; Gro\u00dfhandelsm\u00f6glichkeiten<\/strong><br data-start=\"3951\" data-end=\"3954\" \/>Als B2B-freundliche Marke, <strong data-start=\"3979\" data-end=\"4007\">RYINZ bietet OEM-Optionen<\/strong>, Die Handschuhe sind mit einem speziellen Branding, einer individuellen Verpackung und Mengenpreisen f\u00fcr Gro\u00dfhandelskunden ausgestattet. Dieses Handschuhmodell ist besonders beliebt bei Boutique-Motorradausr\u00fcstungsgesch\u00e4ften, Lifestyle-Marken und Premium-H\u00e4ndlern in ganz Europa.<\/p>\n<p data-start=\"4227\" data-end=\"4251\"><strong data-start=\"4227\" data-end=\"4249\">Design-Highlights:<\/strong><\/p>\n<ul data-start=\"4252\" data-end=\"4705\">\n<li data-start=\"4252\" data-end=\"4301\">\n<p data-start=\"4254\" data-end=\"4301\">Elegantes zweifarbiges Design in Braun und Schwarz<\/p>\n<\/li>\n<li data-start=\"4302\" data-end=\"4354\">\n<p data-start=\"4304\" data-end=\"4354\">Hochwertige GoatSkin Lederpatches an den Fingern<\/p>\n<\/li>\n<li data-start=\"4355\" data-end=\"4419\">\n<p data-start=\"4357\" data-end=\"4419\">Starkes Twill-Material auf der R\u00fcckseite f\u00fcr Flexibilit\u00e4t und Atmungsaktivit\u00e4t<\/p>\n<\/li>\n<li data-start=\"4420\" data-end=\"4478\">\n<p data-start=\"4422\" data-end=\"4478\">TPU Kn\u00f6chelschutzschale mit dezentem, mattem Finish<\/p>\n<\/li>\n<li data-start=\"4479\" data-end=\"4528\">\n<p data-start=\"4481\" data-end=\"4528\">EVA-Verst\u00e4rkungen an Fingern und Handgelenken<\/p>\n<\/li>\n<li data-start=\"4529\" data-end=\"4579\">\n<p data-start=\"4531\" data-end=\"4579\">Gepolsterte GoatSkin Handfl\u00e4che mit verst\u00e4rkten N\u00e4hten<\/p>\n<\/li>\n<li data-start=\"4580\" data-end=\"4625\">\n<p data-start=\"4582\" data-end=\"4625\">Klettverschluss am Handgelenk f\u00fcr individuelle Passform<\/p>\n<\/li>\n<li data-start=\"4626\" data-end=\"4669\">\n<p data-start=\"4628\" data-end=\"4669\">Leicht, atmungsaktiv und stra\u00dfentauglich<\/p>\n<\/li>\n<li data-start=\"4670\" data-end=\"4705\">\n<p data-start=\"4672\" data-end=\"4705\">CE-gepr\u00fcft: EN420 &amp; EN13594:2015<\/p>\n<\/li>\n<\/ul>\n<p data-start=\"4707\" data-end=\"5027\">Durch die Wahl des <strong data-start=\"4723\" data-end=\"4753\">RYINZ Braune Lederhandschuhe<\/strong>, investieren Sie in ein Produkt, das luxuri\u00f6s aussieht und sich auf der Stra\u00dfe wie ein Tier verh\u00e4lt. Ganz gleich, ob Sie als Gro\u00dfh\u00e4ndler Ihren Saisonkatalog best\u00fccken oder als Einzelh\u00e4ndler hochwertige Motorradausr\u00fcstung anbieten, dieser Handschuh liefert Premiumqualit\u00e4t, die Ihre Kunden sofort bemerken werden.<\/p>","protected":false},"excerpt":{"rendered":"<p>Erleben Sie eine erstklassige Mischung aus Stil, Haltbarkeit und Schutz mit den braunen Motorradhandschuhen von RYINZ - ideal f\u00fcr Gro\u00dfh\u00e4ndler, Einzelh\u00e4ndler und Wiederverk\u00e4ufer von Motorradzubeh\u00f6r. Diese Handschuhe verf\u00fcgen \u00fcber einen eleganten Twill-R\u00fccken gepaart mit reichem GoatSkin-Leder-Konstruktion, bietet sowohl Eleganz und robuste Funktionalit\u00e4t. Ausgestattet mit TPU-Kn\u00f6chelschutz, EVA-Gummischutz an Fingern und Stulpen und schaumstoffverst\u00e4rkten Lederhandfl\u00e4chen erf\u00fcllen diese Handschuhe die europ\u00e4ischen Sicherheitsnormen (EN420 &amp; EN13594:2015) und bieten den ganzen Tag \u00fcber Komfort und einen starken Griff. Die perfekte Wahl, um stilvoll zu fahren und dabei gesch\u00fctzt zu bleiben. Jetzt erh\u00e4ltlich f\u00fcr B2B und Einzelhandel.<\/p>","protected":false},"featured_media":9287,"comment_status":"closed","ping_status":"closed","template":"","meta":[],"product_brand":[35],"product_cat":[1111,380,122,68],"product_tag":[373,374,375,376,377,378,379,381,382,383,384,385,386,387,388],"class_list":{"0":"post-9183","1":"product","2":"type-product","3":"status-publish","4":"has-post-thumbnail","6":"product_brand-ryinz","7":"product_cat-motorbike","8":"product_cat-motorbike-gloves","9":"product_cat-motorbike-racing-gloves","10":"product_cat-ryinz","11":"product_tag-breathable-protective-gloves-for-long-rides","12":"product_tag-bright-color-gloves-for-road-safety-and-visibility","13":"product_tag-ce-certified-gloves-for-eu-motorcycle-safety","14":"product_tag-en13594-motorcycle-gloves-with-tpu-armor","15":"product_tag-eva-rubber-reinforced-tactical-gloves","16":"product_tag-goatskin-leather-motorcycle-gloves-for-retailers","17":"product_tag-high-visibility-biker-gloves-with-safety-features","18":"product_tag-motorcycle-gloves-with-foam-padded-palm","19":"product_tag-premium-riding-gloves-for-distribution","20":"product_tag-protective-riding-gloves-for-street-and-off-road","21":"product_tag-tactical-motorcycle-gloves-for-wholesale","22":"product_tag-tpu-knuckle-protected-gloves-for-motorcyclists","23":"product_tag-twill-back-biker-gloves-with-leather-palm","24":"product_tag-velcro-closure-motorcycle-gloves-for-fit","25":"product_tag-wholesale-riding-gloves-for-european-suppliers","27":"first","28":"instock","29":"taxable","30":"shipping-taxable","31":"purchasable","32":"product-type-simple"},"_links":{"self":[{"href":"https:\/\/ryinz.cz\/velkoobchod\/de\/wp-json\/wp\/v2\/product\/9183","targetHints":{"allow":["GET"]}}],"collection":[{"href":"https:\/\/ryinz.cz\/velkoobchod\/de\/wp-json\/wp\/v2\/product"}],"about":[{"href":"https:\/\/ryinz.cz\/velkoobchod\/de\/wp-json\/wp\/v2\/types\/product"}],"replies":[{"embeddable":true,"href":"https:\/\/ryinz.cz\/velkoobchod\/de\/wp-json\/wp\/v2\/comments?post=9183"}],"wp:featuredmedia":[{"embeddable":true,"href":"https:\/\/ryinz.cz\/velkoobchod\/de\/wp-json\/wp\/v2\/media\/9287"}],"wp:attachment":[{"href":"https:\/\/ryinz.cz\/velkoobchod\/de\/wp-json\/wp\/v2\/media?parent=9183"}],"wp:term":[{"taxonomy":"product_brand","embeddable":true,"href":"https:\/\/ryinz.cz\/velkoobchod\/de\/wp-json\/wp\/v2\/product_brand?post=9183"},{"taxonomy":"product_cat","embeddable":true,"href":"https:\/\/ryinz.cz\/velkoobchod\/de\/wp-json\/wp\/v2\/product_cat?post=9183"},{"taxonomy":"product_tag","embeddable":true,"href":"https:\/\/ryinz.cz\/velkoobchod\/de\/wp-json\/wp\/v2\/product_tag?post=9183"}],"curies":[{"name":"wp","href":"https:\/\/api.w.org\/{rel}","templated":true}]}}