{"id":9182,"date":"2025-06-22T15:31:57","date_gmt":"2025-06-22T15:31:57","guid":{"rendered":"https:\/\/ryinz.cz\/velkoobchod\/?post_type=product&#038;p=9182"},"modified":"2026-01-18T20:18:05","modified_gmt":"2026-01-18T20:18:05","slug":"ryinz-groshandel-einzelhandel-ziegenleder-taktische-motorradhandschuhe-mit-tpu-knochel-eva-sicherheit-schutz","status":"publish","type":"product","link":"https:\/\/ryinz.cz\/velkoobchod\/de\/product\/ryinz-wholesale-retail-goatskin-tactical-motorcycle-gloves-with-tpu-knuckle-eva-safety-protection\/","title":{"rendered":"RYINZ Gro\u00dfhandel &amp; Einzelhandel GoatSkin Tactical Motorrad Handschuhe mit TPU Kn\u00f6chel &amp; EVA Sicherheit Schutz"},"content":{"rendered":"<p data-start=\"1061\" data-end=\"1170\"><strong data-start=\"1061\" data-end=\"1170\">RYINZ GoatSkin Tactical Motorcycle Gloves f\u00fcr Gro\u00df- und Einzelh\u00e4ndler - entwickelt f\u00fcr Sicherheit und Geschwindigkeit<\/strong><\/p>\n<p data-start=\"1172\" data-end=\"1619\">Wenn es um Motorradhandschuhe in Profiqualit\u00e4t geht, <strong data-start=\"1227\" data-end=\"1236\">RYINZ<\/strong> ist ein Name, der f\u00fcr Sicherheit, Handwerkskunst und Leistung steht. Diese erstklassigen taktischen Handschuhe wurden f\u00fcr Gro\u00dfh\u00e4ndler, Einzelh\u00e4ndler und Marken entwickelt, die nach anspruchsvoller Schutzausr\u00fcstung suchen, die innovative Materialien mit erstklassigen Schutzfunktionen kombiniert. Diese Handschuhe sind f\u00fcr die h\u00e4rtesten Stra\u00dfen- und Wetterbedingungen ausgelegt und bieten Ihren Kunden den Vorteil, den sie auf der Stra\u00dfe brauchen.<\/p>\n<p data-start=\"1621\" data-end=\"2002\"><strong data-start=\"1621\" data-end=\"1689\">Gebaut f\u00fcr Ausdauer - R\u00fccken aus Twill und Schutz aus Ziegenleder<\/strong><br data-start=\"1689\" data-end=\"1692\" \/>Diese Handschuhe beginnen mit einer dauerhaften <strong data-start=\"1726\" data-end=\"1749\">R\u00fccken aus Twill-Material<\/strong> die flexibel genug ist, um flie\u00dfende Handbewegungen zu unterst\u00fctzen, und gleichzeitig rei\u00dffest und widerstandsf\u00e4hig gegen\u00fcber l\u00e4ngerem Gebrauch bleibt. Strategische <strong data-start=\"1872\" data-end=\"1900\">GoatSkin Lederflicken<\/strong> werden auf der R\u00fcckseite der Finger angebracht, um den Schutz vor Absch\u00fcrfungen und Verletzungen zu erh\u00f6hen.<\/p>\n<p data-start=\"2004\" data-end=\"2455\"><strong data-start=\"2004\" data-end=\"2053\">Fortschrittlicher Aufprallschutz f\u00fcr ernsthafte Fahrer<\/strong><br data-start=\"2053\" data-end=\"2056\" \/>Fahrer verlangen zunehmend nach Handschuhen, die einen hohen Schutz bieten, ohne die Flexibilit\u00e4t zu beeintr\u00e4chtigen. Diese Handschuhe erf\u00fcllen diese Forderung mit <strong data-start=\"2201\" data-end=\"2227\">TPU Kn\u00f6chelprotektoren<\/strong>, die im Falle eines Sturzes einen zuverl\u00e4ssigen Schutz gegen St\u00f6\u00dfe bieten. Inzwischen, <strong data-start=\"2305\" data-end=\"2329\">EVA-Gummi-Abschirmung<\/strong> ist an den Fingern und Handgelenksmanschetten integriert, sch\u00fctzt empfindliche Bereiche und d\u00e4mpft St\u00f6\u00dfe bei St\u00fcrzen oder pl\u00f6tzlichen Bewegungen.<\/p>\n<p data-start=\"2457\" data-end=\"2896\"><strong data-start=\"2457\" data-end=\"2524\">Griffiges Handfl\u00e4chendesign mit verst\u00e4rktem Ziegenleder und Schaumstoffpolsterung<\/strong><br data-start=\"2524\" data-end=\"2527\" \/>Die Handfl\u00e4che ist einer der wichtigsten Kontaktpunkte des Fahrers, und RYINZ sorgt daf\u00fcr, dass sie erstklassig behandelt wird. Die <strong data-start=\"2646\" data-end=\"2671\">GoatSkin Leder Handfl\u00e4che<\/strong> ist eingebettet mit zus\u00e4tzlichen <strong data-start=\"2700\" data-end=\"2716\">Schaumstoffpolsterung<\/strong> um den Druck zu verringern und den Griff am Lenker zu verbessern. Egal, ob Ihre Kunden in der Stadt oder im Gel\u00e4nde unterwegs sind, dieses ergonomische Design unterst\u00fctzt ihre Handhaltung und Kontrolle.<\/p>\n<p data-start=\"2898\" data-end=\"3265\"><strong data-start=\"2898\" data-end=\"2946\">Komfort und Passform - Verstellbare Klettverschl\u00fcsse<\/strong><br data-start=\"2946\" data-end=\"2949\" \/>Die Handschuhe enthalten eine <strong data-start=\"2970\" data-end=\"2999\">sicheres Klettband am Handgelenk<\/strong> System, mit dem sich die Handschuhe unterwegs leicht an- und ausziehen lassen. Der Verschluss am Handgelenk sorgt nicht nur daf\u00fcr, dass die Handschuhe gut sitzen, sondern h\u00e4lt auch Wind, Schmutz und Feuchtigkeit ab. Diese Designmerkmale machen sie perfekt f\u00fcr lange Fahrten, Mountainbiking und den professionellen Stra\u00dfeneinsatz.<\/p>\n<p data-start=\"3267\" data-end=\"3592\"><strong data-start=\"3267\" data-end=\"3311\">Hohe Sichtbarkeit f\u00fcr mehr Sicherheit im Stra\u00dfenverkehr<\/strong><br data-start=\"3311\" data-end=\"3314\" \/>Diese Handschuhe bieten nicht nur Schutz und Halt, sondern sind auch in folgenden Ausf\u00fchrungen erh\u00e4ltlich <strong data-start=\"3371\" data-end=\"3408\">neongelbe und rote Farboptionen<\/strong> die die Sichtbarkeit des Fahrers deutlich verbessern. Besonders n\u00fctzlich bei Nachtfahrten oder schlechtem Wetter. Die farblichen Akzente machen den Fahrer f\u00fcr andere Autofahrer auff\u00e4lliger und erh\u00f6hen so die Verkehrssicherheit.<\/p>\n<p data-start=\"3594\" data-end=\"3947\"><strong data-start=\"3594\" data-end=\"3639\">Perfekt f\u00fcr B2B-Eink\u00e4ufer und Ausr\u00fcstungseinzelh\u00e4ndler<\/strong><br data-start=\"3639\" data-end=\"3642\" \/>Wenn Sie als H\u00e4ndler, Ausr\u00fcster oder Einzelh\u00e4ndler hochwertige Motorradhandschuhe auf Lager haben m\u00f6chten, bietet RYINZ Qualit\u00e4tssicherung, stilvolle Verpackungsoptionen und hervorragenden Support f\u00fcr Ihren Gro\u00dfhandelsbedarf. Diese Handschuhe sind CE-zertifiziert und entsprechen den europ\u00e4ischen Normen - ein Muss f\u00fcr Ihren Bestand.<\/p>\n<p data-start=\"3949\" data-end=\"4242\"><strong data-start=\"3949\" data-end=\"3995\">Gepr\u00fcft und zugelassen - EN420 &amp; EN13594:2015<\/strong><br data-start=\"3995\" data-end=\"3998\" \/>Diese Handschuhe sind zertifiziert nach <strong data-start=\"4031\" data-end=\"4057\">EN420 und EN13594:2015<\/strong>, Das bedeutet, dass sie strenge Tests f\u00fcr Sicherheit, Leistung und Komfort bestanden haben. Dadurch sind sie f\u00fcr den Einsatz in allen EU-L\u00e4ndern geeignet und werden sowohl von Amateur- als auch von Profifahrern gesch\u00e4tzt.<\/p>\n<p data-start=\"4244\" data-end=\"4519\"><strong data-start=\"4244\" data-end=\"4298\">Farbvarianten und individuelle Branding-Optionen verf\u00fcgbar<\/strong><br data-start=\"4298\" data-end=\"4301\" \/>Verf\u00fcgbar in <strong data-start=\"4314\" data-end=\"4349\">Neongelb\/Schwarz und Rot\/Schwarz<\/strong>, RYINZ bietet Flexibilit\u00e4t bei der Gestaltung und kann auf Anfrage mit kundenspezifischen Logos und Etikettendesigns arbeiten. MOQ und Anpassungsunterst\u00fctzung ist f\u00fcr Private Label-Projekte verf\u00fcgbar.<\/p>\n<p data-start=\"4521\" data-end=\"4548\"><strong data-start=\"4521\" data-end=\"4546\">Zusammenfassung der Hauptmerkmale:<\/strong><\/p>\n<ul data-start=\"4549\" data-end=\"4990\">\n<li data-start=\"4549\" data-end=\"4586\">\n<p data-start=\"4551\" data-end=\"4586\">Strapazierf\u00e4higes Twill-Gewebe<\/p>\n<\/li>\n<li data-start=\"4587\" data-end=\"4643\">\n<p data-start=\"4589\" data-end=\"4643\">TPU Kn\u00f6chelschutz f\u00fcr extreme Sto\u00dfd\u00e4mpfung<\/p>\n<\/li>\n<li data-start=\"4644\" data-end=\"4694\">\n<p data-start=\"4646\" data-end=\"4694\">EVA-Gummiverst\u00e4rkungen an Fingern und Manschetten<\/p>\n<\/li>\n<li data-start=\"4695\" data-end=\"4746\">\n<p data-start=\"4697\" data-end=\"4746\">Handfl\u00e4che und Finger aus hochwertigem GoatSkin-Leder<\/p>\n<\/li>\n<li data-start=\"4747\" data-end=\"4810\">\n<p data-start=\"4749\" data-end=\"4810\">Interne Schaumstoffpolsterung f\u00fcr verbesserte Griffigkeit und Sto\u00dfd\u00e4mpfung<\/p>\n<\/li>\n<li data-start=\"4811\" data-end=\"4845\">\n<p data-start=\"4813\" data-end=\"4845\">Verstellbare Klettverschlussb\u00e4nder am Handgelenk<\/p>\n<\/li>\n<li data-start=\"4846\" data-end=\"4893\">\n<p data-start=\"4848\" data-end=\"4893\">Neonfarben f\u00fcr bessere Sichtbarkeit<\/p>\n<\/li>\n<li data-start=\"4894\" data-end=\"4947\">\n<p data-start=\"4896\" data-end=\"4947\">Verf\u00fcgbar f\u00fcr Gro\u00dfhandel, Einzelhandel und OEM-Projekte<\/p>\n<\/li>\n<li data-start=\"4948\" data-end=\"4990\">\n<p data-start=\"4950\" data-end=\"4990\">Zertifiziert nach EN420 und EN13594:2015<\/p>\n<\/li>\n<\/ul>\n<p data-start=\"4992\" data-end=\"5227\">Egal, ob Sie ein Motorradgesch\u00e4ft beliefern, f\u00fcr den Vertrieb importieren oder Ihre eigene Produktpalette aufbauen wollen, die <strong data-start=\"5123\" data-end=\"5159\">RYINZ Taktische Motorradhandschuhe<\/strong> die Funktionalit\u00e4t und den Schutz bieten, denen Ihre Kunden vertrauen.<\/p>","protected":false},"excerpt":{"rendered":"<p>Entdecken Sie un\u00fcbertroffenen Schutz und Komfort mit den taktischen Motorradhandschuhen von RYINZ - die perfekte Mischung aus Strapazierf\u00e4higkeit, Kontrolle und Design f\u00fcr Profifahrer und Motorradausr\u00fcster. Die aus Twill-Gewebe gefertigten und mit hochwertigem GoatSkin-Leder verst\u00e4rkten Handschuhe verf\u00fcgen \u00fcber einen fortschrittlichen TPU-Kn\u00f6chelschutz, EVA-Gummischutz an den Fingern und Manschetten sowie eine schaumstoffgepolsterte Handfl\u00e4che f\u00fcr \u00fcberragende Sto\u00dffestigkeit. Ganz gleich, ob Sie f\u00fcr den Einzelhandel oder f\u00fcr den B2B-Gro\u00dfhandel beschaffen, diese Handschuhe sind so gebaut, dass sie hohe Leistung und dauerhaften Wert bieten. Sie sind nach EN420 und EN13594:2015 zertifiziert und in leuchtenden Sicherheitsfarben erh\u00e4ltlich, um die Sichtbarkeit und das Vertrauen des Fahrers auf der Stra\u00dfe zu erh\u00f6hen.<\/p>","protected":false},"featured_media":9286,"comment_status":"closed","ping_status":"closed","template":"","meta":[],"product_brand":[35],"product_cat":[1111,380,122,68],"product_tag":[373,374,375,376,377,378,379,381,382,383,384,385,386,387,388],"class_list":{"0":"post-9182","1":"product","2":"type-product","3":"status-publish","4":"has-post-thumbnail","6":"product_brand-ryinz","7":"product_cat-motorbike","8":"product_cat-motorbike-gloves","9":"product_cat-motorbike-racing-gloves","10":"product_cat-ryinz","11":"product_tag-breathable-protective-gloves-for-long-rides","12":"product_tag-bright-color-gloves-for-road-safety-and-visibility","13":"product_tag-ce-certified-gloves-for-eu-motorcycle-safety","14":"product_tag-en13594-motorcycle-gloves-with-tpu-armor","15":"product_tag-eva-rubber-reinforced-tactical-gloves","16":"product_tag-goatskin-leather-motorcycle-gloves-for-retailers","17":"product_tag-high-visibility-biker-gloves-with-safety-features","18":"product_tag-motorcycle-gloves-with-foam-padded-palm","19":"product_tag-premium-riding-gloves-for-distribution","20":"product_tag-protective-riding-gloves-for-street-and-off-road","21":"product_tag-tactical-motorcycle-gloves-for-wholesale","22":"product_tag-tpu-knuckle-protected-gloves-for-motorcyclists","23":"product_tag-twill-back-biker-gloves-with-leather-palm","24":"product_tag-velcro-closure-motorcycle-gloves-for-fit","25":"product_tag-wholesale-riding-gloves-for-european-suppliers","27":"first","28":"instock","29":"taxable","30":"shipping-taxable","31":"purchasable","32":"product-type-simple"},"_links":{"self":[{"href":"https:\/\/ryinz.cz\/velkoobchod\/de\/wp-json\/wp\/v2\/product\/9182","targetHints":{"allow":["GET"]}}],"collection":[{"href":"https:\/\/ryinz.cz\/velkoobchod\/de\/wp-json\/wp\/v2\/product"}],"about":[{"href":"https:\/\/ryinz.cz\/velkoobchod\/de\/wp-json\/wp\/v2\/types\/product"}],"replies":[{"embeddable":true,"href":"https:\/\/ryinz.cz\/velkoobchod\/de\/wp-json\/wp\/v2\/comments?post=9182"}],"wp:featuredmedia":[{"embeddable":true,"href":"https:\/\/ryinz.cz\/velkoobchod\/de\/wp-json\/wp\/v2\/media\/9286"}],"wp:attachment":[{"href":"https:\/\/ryinz.cz\/velkoobchod\/de\/wp-json\/wp\/v2\/media?parent=9182"}],"wp:term":[{"taxonomy":"product_brand","embeddable":true,"href":"https:\/\/ryinz.cz\/velkoobchod\/de\/wp-json\/wp\/v2\/product_brand?post=9182"},{"taxonomy":"product_cat","embeddable":true,"href":"https:\/\/ryinz.cz\/velkoobchod\/de\/wp-json\/wp\/v2\/product_cat?post=9182"},{"taxonomy":"product_tag","embeddable":true,"href":"https:\/\/ryinz.cz\/velkoobchod\/de\/wp-json\/wp\/v2\/product_tag?post=9182"}],"curies":[{"name":"wp","href":"https:\/\/api.w.org\/{rel}","templated":true}]}}