{"id":9181,"date":"2025-06-22T15:31:56","date_gmt":"2025-06-22T15:31:56","guid":{"rendered":"https:\/\/ryinz.cz\/velkoobchod\/?post_type=product&#038;p=9181"},"modified":"2026-01-18T20:18:04","modified_gmt":"2026-01-18T20:18:04","slug":"ryinz-premium-ziegenleder-motorradhandschuhe-mit-tpu-knochel-eva-stulpenschutz-modell-mbwg-9999-0118","status":"publish","type":"product","link":"https:\/\/ryinz.cz\/velkoobchod\/de\/product\/ryinz-premium-goatskin-leather-motorcycle-gloves-with-tpu-knuckle-eva-cuff-protection-model-mbwg-9999-0118\/","title":{"rendered":"RYINZ Premium GoatSkin Leder Motorradhandschuhe mit TPU Kn\u00f6chel &amp; EVA Stulpe Schutz - Modell MBWG 9999-0118"},"content":{"rendered":"<p data-start=\"1186\" data-end=\"1265\">RYINZ MBWG 9999-0118 - Fortschrittliche Motorrad-Schutzhandschuhe f\u00fcr ernsthafte Motorradfahrer<\/p>\n<p data-start=\"1267\" data-end=\"1622\">F\u00fcr Motorradenthusiasten und Profis, die keine Kompromisse bei Sicherheit und Komfort eingehen wollen, ist die <strong data-start=\"1363\" data-end=\"1387\">RYINZ MBWG 9999-0118<\/strong> Handschuhe sind der ultimative Begleiter auf der Stra\u00dfe. Diese Handschuhe wurden mit einem durchdachten Gleichgewicht aus modernen Schutzfunktionen und erstklassiger Handwerkskunst entworfen und sind ideal f\u00fcr Highspeed-Biking, Motocross, Touren und Stadtfahrten.<\/p>\n<p data-start=\"1624\" data-end=\"2017\"><strong data-start=\"1624\" data-end=\"1669\">Hochwertige Materialien f\u00fcr maximale Langlebigkeit<\/strong><br data-start=\"1669\" data-end=\"1672\" \/>Die Grundlage des MBWG 9999-0118 ist seine Twill-Material zur\u00fcck - ein starkes und flexibles Gewebe, das Leichtigkeit der Bewegung ohne Abstriche bei der St\u00e4rke erm\u00f6glicht. Verst\u00e4rkt mit <strong data-start=\"1842\" data-end=\"1878\">hochwertige GoatSkin Lederaufn\u00e4her<\/strong> auf dem Fingerr\u00fccken sind diese Handschuhe so konstruiert, dass sie Abrieb und regelm\u00e4\u00dfigem Tragen standhalten und gleichzeitig ein hervorragendes Tastgef\u00fchl bieten.<\/p>\n<p data-start=\"2019\" data-end=\"2406\"><strong data-start=\"2019\" data-end=\"2065\">TPU &amp; EVA Schutz, wo es am meisten z\u00e4hlt<\/strong><br data-start=\"2065\" data-end=\"2068\" \/>Um Verletzungen beim Aufprall zu minimieren, sind die Handschuhe ausgestattet mit <strong data-start=\"2129\" data-end=\"2155\">TPU Kn\u00f6chelprotektoren<\/strong> - eine leichte und dennoch sehr widerstandsf\u00e4hige thermoplastische H\u00fclle, die die Kraft verteilt. <strong data-start=\"2233\" data-end=\"2258\">EVA-Gummischutz<\/strong> ist sowohl an den hinteren Fingern als auch an der Manschette eingearbeitet und deckt empfindliche Bereiche ab, die bei St\u00fcrzen oder pl\u00f6tzlichen Stopps besch\u00e4digt werden k\u00f6nnen.<\/p>\n<p data-start=\"2408\" data-end=\"2812\"><strong data-start=\"2408\" data-end=\"2449\">Handfl\u00e4chenverst\u00e4rkungen f\u00fcr einen sicheren Griff<\/strong><br data-start=\"2449\" data-end=\"2452\" \/>Der Palmenbereich bietet <strong data-start=\"2475\" data-end=\"2495\">Ziegenleder<\/strong> erweitert um <strong data-start=\"2510\" data-end=\"2545\">GoatSkin Lederverst\u00e4rkungen<\/strong> und intern <strong data-start=\"2559\" data-end=\"2575\">Schaumstoffpolsterung<\/strong>. Diese Kombination bietet Fahrern einen ausgezeichneten Grip und erh\u00f6hte Sto\u00dffestigkeit, besonders n\u00fctzlich bei langen Fahrten oder im Gel\u00e4nde. Die gepr\u00e4gte Textur verbessert die Griffkontrolle und reduziert die Erm\u00fcdung, w\u00e4hrend die Atmungsaktivit\u00e4t erhalten bleibt.<\/p>\n<p data-start=\"2814\" data-end=\"3068\"><strong data-start=\"2814\" data-end=\"2850\">Zuverl\u00e4ssige Passform mit Klettverschluss<\/strong><br data-start=\"2850\" data-end=\"2853\" \/>Einstellbar <strong data-start=\"2864\" data-end=\"2881\">Klettverschlussriemen<\/strong> am Handgelenk sorgen f\u00fcr einen individuellen, passgenauen Sitz. Dieser sichere Verschluss sorgt daf\u00fcr, dass die Handschuhe bei intensiver Aktivit\u00e4t an Ort und Stelle bleiben, wodurch Ablenkungen vermieden werden und das Vertrauen des Fahrers gest\u00e4rkt wird.<\/p>\n<p data-start=\"3070\" data-end=\"3387\"><strong data-start=\"3070\" data-end=\"3101\">Stilvolles und funktionelles Design<\/strong><br data-start=\"3101\" data-end=\"3104\" \/>Diese Handschuhe sind nicht nur funktionell, sondern auch optisch auff\u00e4llig. Angeboten in <strong data-start=\"3175\" data-end=\"3217\">Variationen in Schwarz, Wei\u00df, Rot und Blau<\/strong>, Sie erg\u00e4nzen verschiedene Reitanz\u00fcge und verleihen ihnen einen pers\u00f6nlichen Stil. Das gepr\u00e4gte Ziegenleder und die schlanken Kn\u00f6chelprotektoren heben diese Handschuhe von der Masse ab.<\/p>\n<p data-start=\"3389\" data-end=\"3734\"><strong data-start=\"3389\" data-end=\"3436\">Gepr\u00fcft und zertifiziert nach europ\u00e4ischen Normen<\/strong><br data-start=\"3436\" data-end=\"3439\" \/>Die Handschuhe MBWG 9999-0118 sind gepr\u00fcft und zertifiziert nach <strong data-start=\"3503\" data-end=\"3512\">EN420<\/strong> und <strong data-start=\"3517\" data-end=\"3534\">EN 13594:2015<\/strong>, Sie erf\u00fcllen die europ\u00e4ischen Sicherheitsnormen f\u00fcr pers\u00f6nliche Schutzausr\u00fcstung (PSA). Diese Zertifizierung gew\u00e4hrleistet, dass sie f\u00fcr den Einsatz im Stra\u00dfenverkehr geeignet sind und im Falle eines Unfalls den erforderlichen Schutz bieten.<\/p>\n<p data-start=\"3736\" data-end=\"3761\"><strong data-start=\"3736\" data-end=\"3759\">Ideale Anwendungen:<\/strong><\/p>\n<ul data-start=\"3762\" data-end=\"3927\">\n<li data-start=\"3762\" data-end=\"3790\">\n<p data-start=\"3764\" data-end=\"3790\">Stra\u00dfenmotorradfahren<\/p>\n<\/li>\n<li data-start=\"3791\" data-end=\"3814\">\n<p data-start=\"3793\" data-end=\"3814\">Professioneller Rennsport<\/p>\n<\/li>\n<li data-start=\"3815\" data-end=\"3849\">\n<p data-start=\"3817\" data-end=\"3849\">Touring &amp; Langstreckenfahrten<\/p>\n<\/li>\n<li data-start=\"3850\" data-end=\"3885\">\n<p data-start=\"3852\" data-end=\"3885\">Motocross &amp; Off-Road-Abenteuer<\/p>\n<\/li>\n<li data-start=\"3886\" data-end=\"3927\">\n<p data-start=\"3888\" data-end=\"3927\">Winterbiken (mit Unterziehhandschuhen)<\/p>\n<\/li>\n<\/ul>\n<p data-start=\"3929\" data-end=\"3954\"><strong data-start=\"3929\" data-end=\"3952\">Produkt-Highlights:<\/strong><\/p>\n<ul data-start=\"3955\" data-end=\"4379\">\n<li data-start=\"3955\" data-end=\"3991\">\n<p data-start=\"3957\" data-end=\"3991\">Konstruktion aus Twill-R\u00fcckenmaterial<\/p>\n<\/li>\n<li data-start=\"3992\" data-end=\"4039\">\n<p data-start=\"3994\" data-end=\"4039\">Premium GoatSkin Leder Patches an den Fingern<\/p>\n<\/li>\n<li data-start=\"4040\" data-end=\"4088\">\n<p data-start=\"4042\" data-end=\"4088\">TPU Kn\u00f6chelschutz f\u00fcr Sto\u00dfd\u00e4mpfung<\/p>\n<\/li>\n<li data-start=\"4089\" data-end=\"4138\">\n<p data-start=\"4091\" data-end=\"4138\">EVA-Gummiverst\u00e4rkungen an Fingern und Manschette<\/p>\n<\/li>\n<li data-start=\"4139\" data-end=\"4188\">\n<p data-start=\"4141\" data-end=\"4188\">Schaumstoffgepolsterte Handfl\u00e4che mit GoatSkin-Verst\u00e4rkungen<\/p>\n<\/li>\n<li data-start=\"4189\" data-end=\"4236\">\n<p data-start=\"4191\" data-end=\"4236\">Gepr\u00e4gtes Ziegenleder f\u00fcr stilvolle Details<\/p>\n<\/li>\n<li data-start=\"4237\" data-end=\"4285\">\n<p data-start=\"4239\" data-end=\"4285\">Sicherer Klettverschluss f\u00fcr eine anpassbare Passform<\/p>\n<\/li>\n<li data-start=\"4286\" data-end=\"4331\">\n<p data-start=\"4288\" data-end=\"4331\">Erh\u00e4ltlich in vier auff\u00e4lligen Farbvarianten<\/p>\n<\/li>\n<li data-start=\"4332\" data-end=\"4379\">\n<p data-start=\"4334\" data-end=\"4379\">Zertifiziert nach den Normen EN420 und EN13594:2015<\/p>\n<\/li>\n<\/ul>\n<p data-start=\"4381\" data-end=\"4605\">Ob Sie nun durch den Stadtverkehr navigieren oder eine Reise quer durchs Land antreten, der <strong data-start=\"4465\" data-end=\"4489\">RYINZ MBWG 9999-0118<\/strong> Handschuhe bieten au\u00dfergew\u00f6hnlichen Schutz, \u00fcberragenden Komfort und auff\u00e4lligen Stil - alles, was ein ernsthafter Fahrer braucht.<\/p>","protected":false},"excerpt":{"rendered":"<p>Die neuen RYINZ MBWG 9999-0118 High-Performance-Motorradhandschuhe wurden f\u00fcr Fahrer entwickelt, die \u00fcberragenden Schutz, Komfort und Stil erwarten. Diese Handschuhe verf\u00fcgen \u00fcber eine robuste Twill-Gewebe zur\u00fcck mit Ziegenleder Patches, EVA-Gummi-Schutz, und TPU Kn\u00f6chel R\u00fcstung, um Ihre H\u00e4nde in den extremsten Bedingungen zu sch\u00fctzen. Die Stulpe bietet zus\u00e4tzlichen EVA-Gummischutz f\u00fcr Stabilit\u00e4t am Handgelenk, w\u00e4hrend die Handfl\u00e4che mit Ziegenleder und strategischer Schaumstoffpolsterung f\u00fcr ganzt\u00e4gigen Komfort und Sto\u00dfd\u00e4mpfung verst\u00e4rkt ist. Der Klettverschluss sorgt f\u00fcr einen sicheren Sitz, w\u00e4hrend das gepr\u00e4gte Ziegenleder einen Hauch von Raffinesse verleiht. Diese nach EN420 und EN 13594:2015 zertifizierten Handschuhe sind in mehreren Farbvarianten erh\u00e4ltlich, die zu Ihrer Reitausr\u00fcstung passen. Perfekt f\u00fcr Profis, Langstreckenfahrer und urbane Fahrer, die Qualit\u00e4t suchen, die lange h\u00e4lt.<\/p>","protected":false},"featured_media":9285,"comment_status":"closed","ping_status":"closed","template":"","meta":[],"product_brand":[35],"product_cat":[68],"product_tag":[353,354,355,356,357,358,359,360,361,362,363,364,365,366,367,368,369,370,371,372],"class_list":{"0":"post-9181","1":"product","2":"type-product","3":"status-publish","4":"has-post-thumbnail","6":"product_brand-ryinz","7":"product_cat-ryinz","8":"product_tag-b2b-leather-racing-gloves-eu","9":"product_tag-breathable-biker-gloves-custom","10":"product_tag-chrom-vi-free-gloves-for-sale","11":"product_tag-custom-logo-biker-gloves-eu","12":"product_tag-custom-motorcycle-gloves-ryinz","13":"product_tag-eu-style-racing-gloves-design","14":"product_tag-gel-padded-motorbike-gloves","15":"product_tag-goat-leather-racing-gloves-eu","16":"product_tag-high-grip-motorcycle-gloves-eu","17":"product_tag-hook-loop-secure-wrist-gloves","18":"product_tag-motorbike-gloves-premium-leather","19":"product_tag-premium-goat-leather-gloves-ryinz","20":"product_tag-racing-gloves-with-gel-closure","21":"product_tag-reinforced-finger-gloves-ryinz","22":"product_tag-rubber-knuckle-gloves-ryinz","23":"product_tag-ryinz-blue-white-racing-gloves","24":"product_tag-synthetic-patch-biker-gloves","25":"product_tag-tpu-knuckle-biker-gloves-bulk","26":"product_tag-track-ready-motorbike-gloves-eu","27":"product_tag-wrist-strap-leather-bike-gloves","29":"first","30":"instock","31":"taxable","32":"shipping-taxable","33":"purchasable","34":"product-type-simple"},"_links":{"self":[{"href":"https:\/\/ryinz.cz\/velkoobchod\/de\/wp-json\/wp\/v2\/product\/9181","targetHints":{"allow":["GET"]}}],"collection":[{"href":"https:\/\/ryinz.cz\/velkoobchod\/de\/wp-json\/wp\/v2\/product"}],"about":[{"href":"https:\/\/ryinz.cz\/velkoobchod\/de\/wp-json\/wp\/v2\/types\/product"}],"replies":[{"embeddable":true,"href":"https:\/\/ryinz.cz\/velkoobchod\/de\/wp-json\/wp\/v2\/comments?post=9181"}],"wp:featuredmedia":[{"embeddable":true,"href":"https:\/\/ryinz.cz\/velkoobchod\/de\/wp-json\/wp\/v2\/media\/9285"}],"wp:attachment":[{"href":"https:\/\/ryinz.cz\/velkoobchod\/de\/wp-json\/wp\/v2\/media?parent=9181"}],"wp:term":[{"taxonomy":"product_brand","embeddable":true,"href":"https:\/\/ryinz.cz\/velkoobchod\/de\/wp-json\/wp\/v2\/product_brand?post=9181"},{"taxonomy":"product_cat","embeddable":true,"href":"https:\/\/ryinz.cz\/velkoobchod\/de\/wp-json\/wp\/v2\/product_cat?post=9181"},{"taxonomy":"product_tag","embeddable":true,"href":"https:\/\/ryinz.cz\/velkoobchod\/de\/wp-json\/wp\/v2\/product_tag?post=9181"}],"curies":[{"name":"wp","href":"https:\/\/api.w.org\/{rel}","templated":true}]}}