{"id":9180,"date":"2025-08-26T11:48:34","date_gmt":"2025-08-26T11:48:34","guid":{"rendered":"https:\/\/ryinz.cz\/velkoobchod\/?post_type=product&#038;p=9180"},"modified":"2026-01-18T20:18:03","modified_gmt":"2026-01-18T20:18:03","slug":"premium-taktische-motorradhandschuhe-fur-rennsport-patrouille-groshandel-ziegenleder-mit-tpu-eva-fingerschutz","status":"publish","type":"product","link":"https:\/\/ryinz.cz\/velkoobchod\/de\/product\/premium-tactical-motorbike-gloves-for-racing-patrol-wholesale-goatskin-leather-with-tpu-eva-finger-protection\/","title":{"rendered":"Premium Tactical Motorradhandschuhe f\u00fcr Rennsport, Patrouille &amp; Gro\u00dfhandel - GoatSkin Leder mit TPU &amp; EVA Fingerschutz"},"content":{"rendered":"<p>&nbsp;<\/p>\n<p data-start=\"729\" data-end=\"1150\">Einf\u00fchrung in die <strong data-start=\"745\" data-end=\"780\">Ryinz Tactical Motorradhandschuhe<\/strong>, die mit Materialien der n\u00e4chsten Generation und hervorragender Handwerkskunst gebaut wurden, um die <strong data-start=\"855\" data-end=\"907\">Reitern, Strafverfolgungsbeh\u00f6rden, Gro\u00dfhandelskunden<\/strong>, und <strong data-start=\"913\" data-end=\"938\">Marken f\u00fcr Motorradbekleidung<\/strong> mit Pr\u00e4zision und Qualit\u00e4t. Diese Handschuhe wurden f\u00fcr Widerstandsf\u00e4higkeit, taktische Mobilit\u00e4t und Schutz in den h\u00e4rtesten Umgebungen entwickelt - egal, ob Sie \u00fcber eine Rennstrecke rasen oder auf der Stra\u00dfe patrouillieren.<\/p>\n<p data-start=\"1152\" data-end=\"1609\"><strong data-start=\"1152\" data-end=\"1175\">Materielle Exzellenz<\/strong><br data-start=\"1175\" data-end=\"1178\" \/>Die obere Schale ist gefertigt aus <strong data-start=\"1210\" data-end=\"1234\">strapazierf\u00e4higes Twill-Gewebe<\/strong> bietet leichte Flexibilit\u00e4t bei hoher Zugfestigkeit. Es ist verst\u00e4rkt mit <strong data-start=\"1317\" data-end=\"1345\">GoatSkin Lederflicken<\/strong> strategisch \u00fcber allen sto\u00dfgef\u00e4hrdeten Bereichen platziert, einschlie\u00dflich <strong data-start=\"1405\" data-end=\"1429\">Finger und die Manschette<\/strong>. Die EVA-Gummipolsterung sch\u00fctzt gef\u00e4hrdete Bereiche und erm\u00f6glicht eine reibungslose Beweglichkeit der Hand. Die <strong data-start=\"1520\" data-end=\"1545\">TPU Kn\u00f6chelprotektor<\/strong> bietet hohen Schutz, ohne den Bewegungsspielraum einzuschr\u00e4nken.<\/p>\n<p data-start=\"1611\" data-end=\"1648\"><strong data-start=\"1611\" data-end=\"1646\">Erh\u00f6hter Schutz und Komfort<\/strong><\/p>\n<ul data-start=\"1649\" data-end=\"2286\">\n<li data-start=\"1649\" data-end=\"1838\">\n<p data-start=\"1651\" data-end=\"1838\"><strong data-start=\"1651\" data-end=\"1659\">Palme<\/strong>: Gefertigt aus hochwertigem <strong data-start=\"1685\" data-end=\"1705\">Ziegenleder<\/strong>, verst\u00e4rkt durch zus\u00e4tzliche <strong data-start=\"1735\" data-end=\"1754\">GoatSkin-Platten<\/strong>, und bietet Abriebfestigkeit und verbesserte Griffigkeit, insbesondere bei N\u00e4sse.<\/p>\n<\/li>\n<li data-start=\"1839\" data-end=\"1960\">\n<p data-start=\"1841\" data-end=\"1960\"><strong data-start=\"1841\" data-end=\"1849\">Zur\u00fcck<\/strong>: Der EVA-Gummischutz an den Fingern sorgt f\u00fcr zus\u00e4tzliche D\u00e4mpfung bei rauen Fahrten und versehentlichen St\u00f6\u00dfen.<\/p>\n<\/li>\n<li data-start=\"1961\" data-end=\"2097\">\n<p data-start=\"1963\" data-end=\"2097\"><strong data-start=\"1963\" data-end=\"1975\">Schlagring<\/strong>: Gesch\u00fctzt durch ergonomische <strong data-start=\"2002\" data-end=\"2015\">TPU-Panzerung<\/strong> entwickelt, um St\u00f6\u00dfe zu absorbieren und Br\u00fcche bei St\u00fcrzen oder hartem Kontakt zu verhindern.<\/p>\n<\/li>\n<li data-start=\"2098\" data-end=\"2286\">\n<p data-start=\"2100\" data-end=\"2286\"><strong data-start=\"2100\" data-end=\"2116\">Handgelenk &amp; Manschette<\/strong>: Die Eigenschaften des Handschuhs <strong data-start=\"2137\" data-end=\"2177\">GoatSkin Lederverschluss mit Klettverschluss<\/strong>, Sie bietet einen verstellbaren und sicheren Sitz und l\u00e4sst sich leicht an- und ausziehen, ohne die Stabilit\u00e4t zu beeintr\u00e4chtigen.<\/p>\n<\/li>\n<\/ul>\n<p data-start=\"2288\" data-end=\"2659\"><strong data-start=\"2288\" data-end=\"2315\">Leistung und Benutzerfreundlichkeit<\/strong><br data-start=\"2315\" data-end=\"2318\" \/>Konzipiert f\u00fcr <strong data-start=\"2331\" data-end=\"2354\">Profi-Biker<\/strong>, <strong data-start=\"2356\" data-end=\"2381\">Milit\u00e4rpolizeieinheiten<\/strong>, <strong data-start=\"2383\" data-end=\"2401\">st\u00e4dtische Sicherheit<\/strong>, und <strong data-start=\"2407\" data-end=\"2426\">Handelspartner<\/strong>, Diese Handschuhe bieten ein perfektes Gleichgewicht zwischen Haltbarkeit, taktischer Finesse und Atmungsaktivit\u00e4t. Die EVA- und TPU-Protektoren machen sie extrem sicher, w\u00e4hrend die integrierte Schaumstoffpolsterung einen komfortablen Griff f\u00fcr lange Fahrten gew\u00e4hrleistet.<\/p>\n<p data-start=\"2661\" data-end=\"3036\"><strong data-start=\"2661\" data-end=\"2696\">Einhaltung internationaler Sicherheitsvorschriften<\/strong><br data-start=\"2696\" data-end=\"2699\" \/>Diese Handschuhe werden wie folgt hergestellt <strong data-start=\"2739\" data-end=\"2765\">EN420 und EN13594:2015<\/strong> europ\u00e4ischen Sicherheitsnormen, was sie ideal macht f\u00fcr <strong data-start=\"2815\" data-end=\"2825\">exportieren<\/strong>, <strong data-start=\"2827\" data-end=\"2845\">B2B-Massenverk\u00e4ufe<\/strong>, und <strong data-start=\"2851\" data-end=\"2891\">staatliche oder organisatorische Ausschreibungen<\/strong> wo die Einhaltung von Vorschriften unerl\u00e4sslich ist. Egal, ob Sie f\u00fcr den Wiederverkauf, Teamkleidung oder Eigenmarken bestellen - Ryinz garantiert h\u00f6chste Zuverl\u00e4ssigkeit.<\/p>\n<p data-start=\"3038\" data-end=\"3282\"><strong data-start=\"3038\" data-end=\"3059\">Gestaltung &amp; Branding<\/strong><br data-start=\"3059\" data-end=\"3062\" \/>Die Handschuhe sind mit einem dezenten, aber wirkungsvollen <strong data-start=\"3106\" data-end=\"3129\">Gepr\u00e4gtes RYINZ-Logo<\/strong> am Handgelenk, was das Markenprestige und die Sichtbarkeit f\u00fcr Einzelh\u00e4ndler und Distributoren erh\u00f6ht. Individuelle Farb- und Logo-Optionen sind f\u00fcr OEM-Gro\u00dfauftr\u00e4ge erh\u00e4ltlich.<\/p>\n<p data-start=\"3284\" data-end=\"3302\"><strong data-start=\"3284\" data-end=\"3300\">Anwendungen<\/strong><\/p>\n<ul data-start=\"3303\" data-end=\"3534\">\n<li data-start=\"3303\" data-end=\"3348\">\n<p data-start=\"3305\" data-end=\"3348\">Motorradrennen und Langstreckenfahrten<\/p>\n<\/li>\n<li data-start=\"3349\" data-end=\"3390\">\n<p data-start=\"3351\" data-end=\"3390\">Motorrad-Patrouillen der Polizei und des Milit\u00e4rs<\/p>\n<\/li>\n<li data-start=\"3391\" data-end=\"3438\">\n<p data-start=\"3393\" data-end=\"3438\">Fachleute f\u00fcr taktische Sicherheit und Verteidigung<\/p>\n<\/li>\n<li data-start=\"3439\" data-end=\"3479\">\n<p data-start=\"3441\" data-end=\"3479\">Zusteller und Au\u00dfendienstmitarbeiter<\/p>\n<\/li>\n<li data-start=\"3480\" data-end=\"3534\">\n<p data-start=\"3482\" data-end=\"3534\">Gro\u00dfabnehmer und PSA-Einzelh\u00e4ndler in der EU, dem Vereinigten K\u00f6nigreich und den USA<\/p>\n<\/li>\n<\/ul>\n<p data-start=\"3536\" data-end=\"3720\"><strong data-start=\"3536\" data-end=\"3551\">Gr\u00f6\u00dfen &amp; MOQ<\/strong><br data-start=\"3551\" data-end=\"3554\" \/>Standard-Gr\u00f6\u00dfen (S-XXL) verf\u00fcgbar. Kundenspezifische Gr\u00f6\u00dfen und OEM-Anfragen willkommen. Mindestbestellmenge (MOQ) kann angepasst oder versteckt werden, je nach Ihrer Zielstrategie.<\/p>","protected":false},"excerpt":{"rendered":"<p>Diese Ryinz-Handschuhe wurden f\u00fcr ernsthafte Fahrer und taktische Anwender entwickelt und kombinieren <strong data-start=\"390\" data-end=\"404\">Twill-R\u00fccken<\/strong>, <strong data-start=\"406\" data-end=\"431\">Handfl\u00e4che aus GoatSkin-Leder<\/strong>, <strong data-start=\"433\" data-end=\"459\">verst\u00e4rkte EVA-Polsterung<\/strong>, und <strong data-start=\"465\" data-end=\"488\">TPU Kn\u00f6chelschoner<\/strong> f\u00fcr ultimative Haltbarkeit, Komfort und Sicherheit. Ideal f\u00fcr Rennen, Patrouillen und schwere Fahrten unter allen Wetterbedingungen, mit voller \u00dcbereinstimmung mit den Normen EN420 und EN13594:2015.<\/p>","protected":false},"featured_media":9284,"comment_status":"closed","ping_status":"closed","template":"","meta":[],"product_brand":[35],"product_cat":[68],"product_tag":[353,354,355,356,357,358,359,360,361,362,363,364,365,366,367,368,369,370,371,372],"class_list":{"0":"post-9180","1":"product","2":"type-product","3":"status-publish","4":"has-post-thumbnail","6":"product_brand-ryinz","7":"product_cat-ryinz","8":"product_tag-b2b-leather-racing-gloves-eu","9":"product_tag-breathable-biker-gloves-custom","10":"product_tag-chrom-vi-free-gloves-for-sale","11":"product_tag-custom-logo-biker-gloves-eu","12":"product_tag-custom-motorcycle-gloves-ryinz","13":"product_tag-eu-style-racing-gloves-design","14":"product_tag-gel-padded-motorbike-gloves","15":"product_tag-goat-leather-racing-gloves-eu","16":"product_tag-high-grip-motorcycle-gloves-eu","17":"product_tag-hook-loop-secure-wrist-gloves","18":"product_tag-motorbike-gloves-premium-leather","19":"product_tag-premium-goat-leather-gloves-ryinz","20":"product_tag-racing-gloves-with-gel-closure","21":"product_tag-reinforced-finger-gloves-ryinz","22":"product_tag-rubber-knuckle-gloves-ryinz","23":"product_tag-ryinz-blue-white-racing-gloves","24":"product_tag-synthetic-patch-biker-gloves","25":"product_tag-tpu-knuckle-biker-gloves-bulk","26":"product_tag-track-ready-motorbike-gloves-eu","27":"product_tag-wrist-strap-leather-bike-gloves","29":"first","30":"instock","31":"taxable","32":"shipping-taxable","33":"purchasable","34":"product-type-simple"},"_links":{"self":[{"href":"https:\/\/ryinz.cz\/velkoobchod\/de\/wp-json\/wp\/v2\/product\/9180","targetHints":{"allow":["GET"]}}],"collection":[{"href":"https:\/\/ryinz.cz\/velkoobchod\/de\/wp-json\/wp\/v2\/product"}],"about":[{"href":"https:\/\/ryinz.cz\/velkoobchod\/de\/wp-json\/wp\/v2\/types\/product"}],"replies":[{"embeddable":true,"href":"https:\/\/ryinz.cz\/velkoobchod\/de\/wp-json\/wp\/v2\/comments?post=9180"}],"wp:featuredmedia":[{"embeddable":true,"href":"https:\/\/ryinz.cz\/velkoobchod\/de\/wp-json\/wp\/v2\/media\/9284"}],"wp:attachment":[{"href":"https:\/\/ryinz.cz\/velkoobchod\/de\/wp-json\/wp\/v2\/media?parent=9180"}],"wp:term":[{"taxonomy":"product_brand","embeddable":true,"href":"https:\/\/ryinz.cz\/velkoobchod\/de\/wp-json\/wp\/v2\/product_brand?post=9180"},{"taxonomy":"product_cat","embeddable":true,"href":"https:\/\/ryinz.cz\/velkoobchod\/de\/wp-json\/wp\/v2\/product_cat?post=9180"},{"taxonomy":"product_tag","embeddable":true,"href":"https:\/\/ryinz.cz\/velkoobchod\/de\/wp-json\/wp\/v2\/product_tag?post=9180"}],"curies":[{"name":"wp","href":"https:\/\/api.w.org\/{rel}","templated":true}]}}