{"id":9179,"date":"2025-08-26T11:48:34","date_gmt":"2025-08-26T11:48:34","guid":{"rendered":"https:\/\/ryinz.cz\/velkoobchod\/?post_type=product&#038;p=9179"},"modified":"2026-01-18T20:18:02","modified_gmt":"2026-01-18T20:18:02","slug":"premium-motorrad-rennhandschuhe-fur-groshandel-einzelhandel-schutzende-anpassbare-hohe-leistung-ziegenleder-handschuhe","status":"publish","type":"product","link":"https:\/\/ryinz.cz\/velkoobchod\/de\/product\/premium-motorbike-racing-gloves-for-wholesale-retail-protective-customizable-high-performance-goat-leather-gloves\/","title":{"rendered":"Premium-Motorrad-Rennhandschuhe f\u00fcr Gro\u00df- und Einzelhandel - sch\u00fctzende, anpassbare Hochleistungshandschuhe aus Ziegenleder"},"content":{"rendered":"<p data-start=\"764\" data-end=\"1082\">Wir stellen die Ryinz Premium Motorrad-Rennhandschuhe vor - hier trifft maximaler Schutz auf rennsporttauglichen Komfort und Funktionalit\u00e4t. Diese Handschuhe wurden f\u00fcr Gro\u00dfeink\u00e4ufer, Rennsport-Enthusiasten, Motorrad-Patrouillen und B2B-H\u00e4ndler entwickelt und bestehen aus fortschrittlichen Schutzmaterialien und ergonomischen Designelementen.<\/p>\n<p data-start=\"1084\" data-end=\"1410\"><strong data-start=\"1084\" data-end=\"1112\">Konstruktion und Materialien<\/strong><br data-start=\"1112\" data-end=\"1115\" \/>Diese Handschuhe sind aus hochwertigem Ziegenleder (PCP) gefertigt, das eine au\u00dfergew\u00f6hnliche Abriebfestigkeit gew\u00e4hrleistet und gleichzeitig eine weiche Flexibilit\u00e4t bietet. Die Handfl\u00e4che verf\u00fcgt \u00fcber ein chromfreies, verst\u00e4rktes Leder-Overlay und zus\u00e4tzliche Kunststoffprotektoren f\u00fcr ultimative Sto\u00dfd\u00e4mpfung und Stra\u00dfenr\u00fcckmeldung.<\/p>\n<p data-start=\"1412\" data-end=\"1754\">Die <strong data-start=\"1416\" data-end=\"1437\">R\u00fcckseite des Handschuhs<\/strong> ist mit einem TPU-Kn\u00f6chelschutz ausgestattet, der durch gummiverst\u00e4rkte Schutzvorrichtungen an jedem Finger f\u00fcr zus\u00e4tzliche Haltbarkeit und Panzerung erg\u00e4nzt wird. Jede Naht ist nach der Norm EN13594 pr\u00e4zise gen\u00e4ht, damit diese Handschuhe die professionellen Renn- und Sicherheitsstandards in Europa und auf internationalen M\u00e4rkten erf\u00fcllen und \u00fcbertreffen.<\/p>\n<p data-start=\"1756\" data-end=\"1790\"><strong data-start=\"1756\" data-end=\"1788\">Leistungsorientierte Funktionen<\/strong><\/p>\n<ul data-start=\"1791\" data-end=\"2372\">\n<li data-start=\"1791\" data-end=\"1906\">\n<p data-start=\"1793\" data-end=\"1906\"><strong data-start=\"1793\" data-end=\"1814\">TPU Kn\u00f6chelpanzer<\/strong>: Sch\u00fctzt vor Aufprall- und Rutschverletzungen bei Hochgeschwindigkeitsrennen oder Unf\u00e4llen.<\/p>\n<\/li>\n<li data-start=\"1907\" data-end=\"2018\">\n<p data-start=\"1909\" data-end=\"2018\"><strong data-start=\"1909\" data-end=\"1931\">Handgelenk-Klettband<\/strong>: Erm\u00f6glicht einfache Anpassungen und einen sicheren Sitz unabh\u00e4ngig von der Fahrintensit\u00e4t.<\/p>\n<\/li>\n<li data-start=\"2019\" data-end=\"2119\">\n<p data-start=\"2021\" data-end=\"2119\"><strong data-start=\"2021\" data-end=\"2055\">TPU &amp; Gummi Fingerschutz<\/strong>: Sch\u00fctzt jedes Fingergelenk vor Sch\u00fcrfwunden und \u00dcberstreckung.<\/p>\n<\/li>\n<li data-start=\"2120\" data-end=\"2248\">\n<p data-start=\"2122\" data-end=\"2248\"><strong data-start=\"2122\" data-end=\"2168\">Gepr\u00e4gtes Branding und mehrere Farboptionen<\/strong>: Hochwertiger Look und individuelle Anpassung f\u00fcr Markenwerbung oder OEM-Lieferungen m\u00f6glich.<\/p>\n<\/li>\n<li data-start=\"2249\" data-end=\"2372\">\n<p data-start=\"2251\" data-end=\"2372\"><strong data-start=\"2251\" data-end=\"2292\">Atmungsaktives Futter &amp; Bel\u00fcftungszonen<\/strong>: H\u00e4lt die H\u00e4nde auch bei langen Fahrten oder Sommerrennen trocken und komfortabel.<\/p>\n<\/li>\n<\/ul>\n<p data-start=\"2374\" data-end=\"2729\"><strong data-start=\"2374\" data-end=\"2396\">Sicherheit und Normen<\/strong><br data-start=\"2396\" data-end=\"2399\" \/>Gebaut nach dem <strong data-start=\"2422\" data-end=\"2466\">EN13594 Motorradhandschuh-Sicherheitsnorm<\/strong>, Dieses Produkt ist ideal f\u00fcr Motorradpolizeidienststellen, Rennteams, Patrouillen und H\u00e4ndler von Sicherheitsausr\u00fcstung in Europa, den USA und Asien. Der verst\u00e4rkte Handfl\u00e4chenbereich und das Fingerpanzersystem bieten umfassenden Schutz sowohl f\u00fcr den professionellen als auch f\u00fcr den Freizeitgebrauch.<\/p>\n<p data-start=\"2731\" data-end=\"3081\"><strong data-start=\"2731\" data-end=\"2768\">Gro\u00dfhandel und Personalisierung bereit<\/strong><br data-start=\"2768\" data-end=\"2771\" \/>Die Handschuhe werden in den Farben Rot, Gr\u00fcn, Blau und Schwarz\/Wei\u00df angeboten und sind <strong data-start=\"2843\" data-end=\"2865\">vollst\u00e4ndig anpassbar<\/strong> auf Wunsch mit dem Logo Ihrer Marke, Ihren Farben oder zus\u00e4tzlichen Funktionen. Perfekt f\u00fcr Wiederverk\u00e4ufer, B2B-Gro\u00dfhandelskunden und Start-ups, die eine Produktlinie aufbauen wollen, ohne Kompromisse bei der Qualit\u00e4t oder Einhaltung von Vorschriften einzugehen.<\/p>\n<p data-start=\"3083\" data-end=\"3098\"><strong data-start=\"3083\" data-end=\"3096\">Anwendungsf\u00e4lle<\/strong><\/p>\n<ul data-start=\"3099\" data-end=\"3279\">\n<li data-start=\"3099\" data-end=\"3120\">\n<p data-start=\"3101\" data-end=\"3120\">Motorradrennen<\/p>\n<\/li>\n<li data-start=\"3121\" data-end=\"3161\">\n<p data-start=\"3123\" data-end=\"3161\">Motorrad-Patrouille der Polizei und des Milit\u00e4rs<\/p>\n<\/li>\n<li data-start=\"3162\" data-end=\"3183\">\n<p data-start=\"3164\" data-end=\"3183\">Spezialisierte Werkst\u00e4tten<\/p>\n<\/li>\n<li data-start=\"3184\" data-end=\"3208\">\n<p data-start=\"3186\" data-end=\"3208\">Reitvereine im Freien<\/p>\n<\/li>\n<li data-start=\"3209\" data-end=\"3249\">\n<p data-start=\"3211\" data-end=\"3249\">Sicherheit und taktische Einsatzteams<\/p>\n<\/li>\n<li data-start=\"3250\" data-end=\"3279\">\n<p data-start=\"3252\" data-end=\"3279\">Europ\u00e4ische PSA-H\u00e4ndler<\/p>\n<\/li>\n<\/ul>\n<p data-start=\"3281\" data-end=\"3493\"><strong data-start=\"3281\" data-end=\"3300\">Verpackung &amp; MOQ<\/strong><br data-start=\"3300\" data-end=\"3303\" \/>Standard- oder Premiumverpackung erh\u00e4ltlich. MOQ flexibel auf Anfrage. OEM- und Private-Label-Bestellungen sind willkommen. MOQ kann auf den Plattformen verborgen bleiben, um die Sichtbarkeit f\u00fcr alle potenziellen Kunden zu erh\u00f6hen.<\/p>","protected":false},"excerpt":{"rendered":"<p data-pm-slice=\"1 1 []\">Diese Premium-Motorrad-Rennhandschuhe von Ryinz wurden f\u00fcr ernsthafte Fahrer entwickelt und kombinieren fortschrittlichen Schutz, Flexibilit\u00e4t und Leistung mit einer ma\u00dfgeschneiderten Passform. Hergestellt aus hochwertigem Ziegenleder, TPU-Kn\u00f6chelschutz und Klettverschluss f\u00fcr die Sicherheit am Handgelenk, sind sie perfekt f\u00fcr Rennen, t\u00e4gliche Fahrten oder Patrouillenfahrten. Diese Handschuhe sind in mehreren Farben erh\u00e4ltlich und erf\u00fcllen die EN13594-Normen f\u00fcr Sicherheit und Haltbarkeit.<\/p>","protected":false},"featured_media":9283,"comment_status":"closed","ping_status":"closed","template":"","meta":[],"product_brand":[35],"product_cat":[68],"product_tag":[353,354,355,356,357,358,359,360,361,362,363,364,365,366,367,368,369,370,371,372],"class_list":{"0":"post-9179","1":"product","2":"type-product","3":"status-publish","4":"has-post-thumbnail","6":"product_brand-ryinz","7":"product_cat-ryinz","8":"product_tag-b2b-leather-racing-gloves-eu","9":"product_tag-breathable-biker-gloves-custom","10":"product_tag-chrom-vi-free-gloves-for-sale","11":"product_tag-custom-logo-biker-gloves-eu","12":"product_tag-custom-motorcycle-gloves-ryinz","13":"product_tag-eu-style-racing-gloves-design","14":"product_tag-gel-padded-motorbike-gloves","15":"product_tag-goat-leather-racing-gloves-eu","16":"product_tag-high-grip-motorcycle-gloves-eu","17":"product_tag-hook-loop-secure-wrist-gloves","18":"product_tag-motorbike-gloves-premium-leather","19":"product_tag-premium-goat-leather-gloves-ryinz","20":"product_tag-racing-gloves-with-gel-closure","21":"product_tag-reinforced-finger-gloves-ryinz","22":"product_tag-rubber-knuckle-gloves-ryinz","23":"product_tag-ryinz-blue-white-racing-gloves","24":"product_tag-synthetic-patch-biker-gloves","25":"product_tag-tpu-knuckle-biker-gloves-bulk","26":"product_tag-track-ready-motorbike-gloves-eu","27":"product_tag-wrist-strap-leather-bike-gloves","29":"first","30":"instock","31":"taxable","32":"shipping-taxable","33":"purchasable","34":"product-type-simple"},"_links":{"self":[{"href":"https:\/\/ryinz.cz\/velkoobchod\/de\/wp-json\/wp\/v2\/product\/9179","targetHints":{"allow":["GET"]}}],"collection":[{"href":"https:\/\/ryinz.cz\/velkoobchod\/de\/wp-json\/wp\/v2\/product"}],"about":[{"href":"https:\/\/ryinz.cz\/velkoobchod\/de\/wp-json\/wp\/v2\/types\/product"}],"replies":[{"embeddable":true,"href":"https:\/\/ryinz.cz\/velkoobchod\/de\/wp-json\/wp\/v2\/comments?post=9179"}],"wp:featuredmedia":[{"embeddable":true,"href":"https:\/\/ryinz.cz\/velkoobchod\/de\/wp-json\/wp\/v2\/media\/9283"}],"wp:attachment":[{"href":"https:\/\/ryinz.cz\/velkoobchod\/de\/wp-json\/wp\/v2\/media?parent=9179"}],"wp:term":[{"taxonomy":"product_brand","embeddable":true,"href":"https:\/\/ryinz.cz\/velkoobchod\/de\/wp-json\/wp\/v2\/product_brand?post=9179"},{"taxonomy":"product_cat","embeddable":true,"href":"https:\/\/ryinz.cz\/velkoobchod\/de\/wp-json\/wp\/v2\/product_cat?post=9179"},{"taxonomy":"product_tag","embeddable":true,"href":"https:\/\/ryinz.cz\/velkoobchod\/de\/wp-json\/wp\/v2\/product_tag?post=9179"}],"curies":[{"name":"wp","href":"https:\/\/api.w.org\/{rel}","templated":true}]}}