{"id":9178,"date":"2025-08-26T11:48:34","date_gmt":"2025-08-26T11:48:34","guid":{"rendered":"https:\/\/ryinz.cz\/velkoobchod\/?post_type=product&#038;p=9178"},"modified":"2026-01-18T20:18:02","modified_gmt":"2026-01-18T20:18:02","slug":"premium-groshandel-benutzerdefinierte-ziege-leder-rennhandschuhe-mit-tpu-knochel-gel-polsterung-fur-motorrad-fahrer-eu-usa","status":"publish","type":"product","link":"https:\/\/ryinz.cz\/velkoobchod\/de\/product\/premium-wholesale-custom-goat-leather-racing-gloves-with-tpu-knuckle-gel-padding-for-motorbike-riders-eu-usa\/","title":{"rendered":"Premium Gro\u00dfhandel benutzerdefinierte Ziege Leder Racing Handschuhe mit TPU Kn\u00f6chel &amp; Gel-Polsterung f\u00fcr Motorradfahrer EU\/USA"},"content":{"rendered":"<p data-pm-slice=\"1 1 []\">Wir stellen die RYINZ Premium Goat Leather Racing Gloves vor, eine k\u00fchne Innovation in Sachen Fahrersicherheit und Rennleistung. Speziell f\u00fcr Gro\u00dfh\u00e4ndler, Einzelh\u00e4ndler und Eigenmarken in der EU und den USA entwickelt, kombinieren diese Motorradhandschuhe modernste Schutztechnologie mit komfortorientierter Handwerkskunst. Jedes Merkmal wurde sorgf\u00e4ltig ausgew\u00e4hlt, um die strengen Anforderungen des Motorsports und des t\u00e4glichen Fahrens gleicherma\u00dfen zu erf\u00fcllen.<\/p>\n<p><strong>Material und Verarbeitungsqualit\u00e4t<\/strong><\/p>\n<p>Die aus vollnarbigem PCP-Ziegenleder gefertigten Handschuhe bieten eine hohe Zugfestigkeit und sind gleichzeitig atmungsaktiv und flexibel. Das f\u00fcr diese Handschuhe verwendete Premium-Leder ist Chrom-VI-frei, was sie zu einer umweltbewussten und hautfreundlichen Wahl f\u00fcr Alltagsfahrer und Rennfahrer macht. Ein sekund\u00e4res Kunstleder-Overpatch ist in die Belastungszonen integriert, um einen doppelten Schutz gegen Stra\u00dfensch\u00e4den und hohe Reibung zu bieten.<\/p>\n<p><strong>Erweiterte Schutzschichten<\/strong><\/p>\n<p>Die Handschuhe sind an der Handfl\u00e4che und an den Kn\u00f6cheln mit GEL FOAM gepolstert, was Vibrationen minimiert und das Risiko einer Erm\u00fcdung der H\u00e4nde bei l\u00e4ngerem Gebrauch verringert. Eine zus\u00e4tzliche GEL FOAM-Polsterung im Bereich des Handgelenkverschlusses erh\u00f6ht die Sicherheit und den Komfort f\u00fcr alle Handgelenksgr\u00f6\u00dfen. Die Kn\u00f6chel sind mit einer TPU-Panzerschicht (Thermoplastisches Polyurethan) versehen, die einen festen Schutz bietet, ohne die Beweglichkeit der Hand zu beeintr\u00e4chtigen.<\/p>\n<p><strong>Ergonomisches Design und Passform<\/strong><\/p>\n<p>Diese Handschuhe sind ergonomisch geformt, um die nat\u00fcrliche Form einer Reiterhand widerzuspiegeln, und verf\u00fcgen \u00fcber geschwungene Fingermuster und flexible N\u00e4hte. Die integrierten, mit Klettverschl\u00fcssen verst\u00e4rkten Handgelenksriemen sorgen f\u00fcr eine individuelle Passform. Die N\u00e4hte an den Innenfingern sind so geschnitten, dass sie Druckstellen reduzieren und innere Reibung verhindern.<\/p>\n<p><strong>Kundenspezifisches Branding &amp; Unterst\u00fctzung f\u00fcr den Einzelhandel<\/strong><\/p>\n<p>Mit den Anpassungsdiensten von RYINZ k\u00f6nnen Sie Ihre eigenen Logos einbinden oder ein Co-Branding mit unserer etablierten RYINZ-Marke durchf\u00fchren. Bei B2B-Gro\u00dfbestellungen erhalten Sie Unterst\u00fctzung f\u00fcr Private Labeling, Hangtag-Design, Verpackungsl\u00f6sungen und EU\/USA-Gr\u00f6\u00dfenkonformit\u00e4t. Die g\u00fcnstigen MOQ-Bedingungen und die Expressproduktion machen diese Handschuhe zu einer idealen Option f\u00fcr Fachmessen, saisonale Markteinf\u00fchrungen und Werbekampagnen.<\/p>\n<p><strong>Anwendungen und Zielkunden<\/strong><\/p>\n<p>Ideal f\u00fcr den Einsatz bei Superbike-Rennen, Stuntfahrten, Track Days, Touren und sogar f\u00fcr den Stadtverkehr. Zu den B2B-Partnern geh\u00f6ren Online-H\u00e4ndler, Sportbekleidungsh\u00e4ndler, Biker-Clubs, Amazon FBA-Verk\u00e4ufer und H\u00e4ndlerketten. Das sch\u00fctzende und stilvolle Design zieht Profis und Hobby-Motorradfahrer gleicherma\u00dfen an.<\/p>\n<p><strong>Pflegehinweise<\/strong><\/p>\n<p>Nach Gebrauch mit einem feuchten Tuch abwischen. An einem trockenen, bel\u00fcfteten Ort lagern. Vermeiden Sie l\u00e4ngere Sonneneinstrahlung, um die Textur und die Farbbrillanz des Leders zu erhalten.<\/p>\n<p><strong>Warum RYINZ?<\/strong><\/p>\n<p>RYINZ steht an der Schnittstelle von Sicherheitsinnovation und Stil. Mit jahrelanger Erfahrung im weltweiten Export von Handschuhen vertrauen Tausende von Fahrern auf unsere Produkte, die f\u00fcr ihre erstklassigen Materialstandards und die Liebe zum Detail bekannt sind. Wir arbeiten direkt mit H\u00e4ndlern zusammen, um wettbewerbsf\u00e4hige Preise, transparenten Service und p\u00fcnktliche Lieferung weltweit zu gew\u00e4hrleisten.<\/p>","protected":false},"excerpt":{"rendered":"<p data-pm-slice=\"1 1 []\">RYINZ bietet Ihnen ultimativen Schutz, Leistung und Pr\u00e4zision mit diesen Hochleistungs-Motorrad-Rennhandschuhen, die aus PCP-Ziegenleder gefertigt sind. Entwickelt f\u00fcr professionelle Fahrer und Geschwindigkeitsenthusiasten, diese Handschuhe verf\u00fcgen \u00fcber Chrom VI frei Zusammensetzung, um Umweltfreundlichkeit und hypoallergenen Komfort zu gew\u00e4hrleisten. Die \u00e4u\u00dfere Schicht besteht aus einem Kunstleder-Overpatch, das strategisch platziert wurde, um die Strapazierf\u00e4higkeit und Abriebfestigkeit zu erh\u00f6hen, w\u00e4hrend die innere GEL-Schaumstoffpolsterung ein sicheres und sto\u00dfd\u00e4mpfendes Erlebnis bei Langstreckenfahrten oder Hochgeschwindigkeitsrennen bietet.<\/p>\n<p>Diese Handschuhe sind mit GEL FOAM-Verschl\u00fcssen f\u00fcr Handgelenkschutz und einfache Passform ausgestattet, die auch unter intensiven Rennbedingungen ein angenehmes und stabiles Gef\u00fchl vermitteln. Auf der R\u00fcckseite befinden sich verst\u00e4rkte TPU-Kn\u00f6chelprotektoren und gummierte, sto\u00dffeste Streifen an den Fingern, die ultimativen Schutz vor St\u00f6\u00dfen, Abrieb und Erm\u00fcdung bieten. Das gummierte RYINZ-Logo ist ein unverwechselbares Markenzeichen, das f\u00fcr Qualit\u00e4t und Vertrauen im Gro\u00df- und Einzelhandel oder in der individuellen Fertigung steht.<\/p>\n<p>Ganz gleich, ob Sie B2B-Verk\u00e4ufe leiten, ein Einzelhandelsgesch\u00e4ft f\u00fchren oder eine Markenkollektion auf den Markt bringen m\u00f6chten, diese Handschuhe sind die beste Wahl in ihrer Kategorie. Perfekt f\u00fcr Motorradh\u00e4ndler, eCommerce-Verk\u00e4ufer, Track-Day-Racer und Club-Fahrer, die Schutz und Stil in einem leistungsstarken Produkt suchen.<\/p>","protected":false},"featured_media":9282,"comment_status":"closed","ping_status":"closed","template":"","meta":[],"product_brand":[35],"product_cat":[68],"product_tag":[],"class_list":{"0":"post-9178","1":"product","2":"type-product","3":"status-publish","4":"has-post-thumbnail","6":"product_brand-ryinz","7":"product_cat-ryinz","9":"first","10":"instock","11":"taxable","12":"shipping-taxable","13":"purchasable","14":"product-type-simple"},"_links":{"self":[{"href":"https:\/\/ryinz.cz\/velkoobchod\/de\/wp-json\/wp\/v2\/product\/9178","targetHints":{"allow":["GET"]}}],"collection":[{"href":"https:\/\/ryinz.cz\/velkoobchod\/de\/wp-json\/wp\/v2\/product"}],"about":[{"href":"https:\/\/ryinz.cz\/velkoobchod\/de\/wp-json\/wp\/v2\/types\/product"}],"replies":[{"embeddable":true,"href":"https:\/\/ryinz.cz\/velkoobchod\/de\/wp-json\/wp\/v2\/comments?post=9178"}],"wp:featuredmedia":[{"embeddable":true,"href":"https:\/\/ryinz.cz\/velkoobchod\/de\/wp-json\/wp\/v2\/media\/9282"}],"wp:attachment":[{"href":"https:\/\/ryinz.cz\/velkoobchod\/de\/wp-json\/wp\/v2\/media?parent=9178"}],"wp:term":[{"taxonomy":"product_brand","embeddable":true,"href":"https:\/\/ryinz.cz\/velkoobchod\/de\/wp-json\/wp\/v2\/product_brand?post=9178"},{"taxonomy":"product_cat","embeddable":true,"href":"https:\/\/ryinz.cz\/velkoobchod\/de\/wp-json\/wp\/v2\/product_cat?post=9178"},{"taxonomy":"product_tag","embeddable":true,"href":"https:\/\/ryinz.cz\/velkoobchod\/de\/wp-json\/wp\/v2\/product_tag?post=9178"}],"curies":[{"name":"wp","href":"https:\/\/api.w.org\/{rel}","templated":true}]}}