{"id":9168,"date":"2025-06-22T15:31:13","date_gmt":"2025-06-22T15:31:13","guid":{"rendered":"https:\/\/ryinz.cz\/velkoobchod\/?post_type=product&#038;p=9168"},"modified":"2026-01-18T20:17:54","modified_gmt":"2026-01-18T20:17:54","slug":"isolierte-wasserdichte-winterhandschuhe-von-ryinz-blau-schwarz-utility-schnee-handschuhe-mit-verstellbarem-riemen-fur-benutzerdefinierte-groshandel","status":"publish","type":"product","link":"https:\/\/ryinz.cz\/velkoobchod\/de\/product\/insulated-waterproof-winter-gloves-by-ryinz-blue-black-utility-snow-gloves-with-adjustable-strap-for-custom-wholesale\/","title":{"rendered":"Isolierte wasserdichte Winterhandschuhe von RYINZ | Blau-Schwarz Utility Schnee Handschuhe mit verstellbarem Riemen f\u00fcr benutzerdefinierte Gro\u00dfhandel"},"content":{"rendered":"<p data-start=\"1093\" data-end=\"1444\">Die <strong data-start=\"1097\" data-end=\"1142\">RYINZ Blau-schwarze Winterhandschuhe mit Riemenstulpe<\/strong> sind auf Widerstandsf\u00e4higkeit und Schutz bei kaltem Wetter ausgelegt und eignen sich sowohl f\u00fcr den Gebrauch als auch f\u00fcr Sport und Freizeit. Mit einer gepolsterten Konstruktion, verst\u00e4rkten N\u00e4hten und einer wasserdichten Au\u00dfenh\u00fclle sind diese Handschuhe ein ideales Produkt f\u00fcr Unternehmen, die Schneeausr\u00fcstung liefern, Skigebiete, Winterarbeiter oder Outdoor-Fans.<\/p>\n<p data-start=\"1446\" data-end=\"1750\">Mit ihrer langen, stulpenartigen Stulpe und dem sicheren Verschlussband bieten diese Handschuhe den n\u00f6tigen Schutz und Windschutz bei Schneest\u00fcrmen, eisigen Bedingungen und im Wintereinsatz. Sie sind ebenso anpassungsf\u00e4hig wie stilvoll - mit <strong data-start=\"1681\" data-end=\"1714\">Individuelles Branding, Massenpreise<\/strong>, und ein mehrj\u00e4hriges Wiederverkaufspotenzial.<\/p>\n<hr data-start=\"1752\" data-end=\"1755\" \/>\n<h4 data-start=\"1757\" data-end=\"1804\">???? <strong data-start=\"1765\" data-end=\"1804\">Konstruktion &amp; Material Highlights:<\/strong><\/h4>\n<ul data-start=\"1805\" data-end=\"2343\">\n<li data-start=\"1805\" data-end=\"1896\">\n<p data-start=\"1807\" data-end=\"1896\"><strong data-start=\"1807\" data-end=\"1817\">Muschel:<\/strong> Strapazierf\u00e4higes, wind- und wasserdichtes Au\u00dfenmaterial in zweifarbigem Marineblau und Schwarz<\/p>\n<\/li>\n<li data-start=\"1897\" data-end=\"1996\">\n<p data-start=\"1899\" data-end=\"1996\"><strong data-start=\"1899\" data-end=\"1908\">Handfl\u00e4che:<\/strong> Handfl\u00e4che aus schwarzem, griffigem PU-Synthetik-Leder f\u00fcr festen Halt und Verschlei\u00dffestigkeit<\/p>\n<\/li>\n<li data-start=\"1997\" data-end=\"2074\">\n<p data-start=\"1999\" data-end=\"2074\"><strong data-start=\"1999\" data-end=\"2014\">Isolierung:<\/strong> Weiches Thermofleece innen f\u00fcr W\u00e4rme und Atmungsaktivit\u00e4t<\/p>\n<\/li>\n<li data-start=\"2075\" data-end=\"2158\">\n<p data-start=\"2077\" data-end=\"2158\"><strong data-start=\"2077\" data-end=\"2092\">Manschette Stil:<\/strong> Verl\u00e4ngerter schwarzer Handgelenkschutz mit Kordel, der Schnee abh\u00e4lt und W\u00e4rme speichert<\/p>\n<\/li>\n<li data-start=\"2159\" data-end=\"2264\">\n<p data-start=\"2161\" data-end=\"2264\"><strong data-start=\"2161\" data-end=\"2179\">Riemen-Verschluss:<\/strong> Ein verstellbarer Riemen am Handgelenk sorgt f\u00fcr sicheren Sitz und h\u00e4lt kalte Luft ab<\/p>\n<\/li>\n<li data-start=\"2265\" data-end=\"2343\">\n<p data-start=\"2267\" data-end=\"2343\"><strong data-start=\"2267\" data-end=\"2285\">Finger Design:<\/strong> Verst\u00e4rkte N\u00e4hte f\u00fcr Grip und Flexibilit\u00e4t in der Bewegung<\/p>\n<\/li>\n<\/ul>\n<hr data-start=\"2345\" data-end=\"2348\" \/>\n<h4 data-start=\"2350\" data-end=\"2383\">???? <strong data-start=\"2358\" data-end=\"2383\">Leistungsvorteile:<\/strong><\/h4>\n<ul data-start=\"2384\" data-end=\"2831\">\n<li data-start=\"2384\" data-end=\"2469\">\n<p data-start=\"2386\" data-end=\"2469\">\u2705 <strong data-start=\"2388\" data-end=\"2411\">Wetterschutz:<\/strong> Widersteht Wind, Schnee und Wasser - ideal f\u00fcr lange Belichtungszeiten<\/p>\n<\/li>\n<li data-start=\"2470\" data-end=\"2556\">\n<p data-start=\"2472\" data-end=\"2556\">\u2705 <strong data-start=\"2474\" data-end=\"2490\">Warmes Innenfutter:<\/strong> W\u00e4rmer\u00fcckhaltendes Fleece f\u00fcr ganzt\u00e4gigen Komfort bei kaltem Klima<\/p>\n<\/li>\n<li data-start=\"2557\" data-end=\"2634\">\n<p data-start=\"2559\" data-end=\"2634\">\u2705 <strong data-start=\"2561\" data-end=\"2580\">Einstellbare Passform:<\/strong> Riemen und elastischer Verschluss am Handgelenk sorgen daf\u00fcr, dass nichts verrutscht<\/p>\n<\/li>\n<li data-start=\"2635\" data-end=\"2734\">\n<p data-start=\"2637\" data-end=\"2734\">\u2705 <strong data-start=\"2639\" data-end=\"2661\">Strapazierf\u00e4higer Handgriff:<\/strong> Rutschfestes Design, geeignet zum Halten von Skist\u00f6cken, Werkzeug oder Winterausr\u00fcstung<\/p>\n<\/li>\n<li data-start=\"2735\" data-end=\"2831\">\n<p data-start=\"2737\" data-end=\"2831\">\u2705 <strong data-start=\"2739\" data-end=\"2763\">Unisex-Utility-Look:<\/strong> Ideal f\u00fcr gemischtgeschlechtliche Teams, Eink\u00e4ufer von Uniformen oder Winterbekleidungslinien<\/p>\n<\/li>\n<\/ul>\n<hr data-start=\"2833\" data-end=\"2836\" \/>\n<h4 data-start=\"2838\" data-end=\"2893\">???? <strong data-start=\"2846\" data-end=\"2893\">Kundenspezifisches Branding und OEM-F\u00e4higkeiten (RYINZ):<\/strong><\/h4>\n<ul data-start=\"2894\" data-end=\"3255\">\n<li data-start=\"2894\" data-end=\"2947\">\n<p data-start=\"2896\" data-end=\"2947\">Logoanbringung: Siebdruck, Stickerei, Aufn\u00e4her<\/p>\n<\/li>\n<li data-start=\"2948\" data-end=\"3024\">\n<p data-start=\"2950\" data-end=\"3024\">Verf\u00fcgbare Farbvarianten: schwarz\/grau, schwarz\/rot, oliv\/schwarz, komplett schwarz<\/p>\n<\/li>\n<li data-start=\"3025\" data-end=\"3057\">\n<p data-start=\"3027\" data-end=\"3057\">Verf\u00fcgbare Gr\u00f6\u00dfen: S, M, L, XL<\/p>\n<\/li>\n<li data-start=\"3058\" data-end=\"3109\">\n<p data-start=\"3060\" data-end=\"3109\">MOQ: 300 Paare und mehr f\u00fcr Eigenmarkenl\u00e4ufe<\/p>\n<\/li>\n<li data-start=\"3110\" data-end=\"3171\">\n<p data-start=\"3112\" data-end=\"3171\">Verpackung: Polybeutel, \u00d6ko-Rollen, Anh\u00e4ngeetiketten, Einzelhandelskartons<\/p>\n<\/li>\n<li data-start=\"3172\" data-end=\"3255\">\n<p data-start=\"3174\" data-end=\"3255\">Optionale Zusatzausstattungen: Touchscreen-Aufs\u00e4tze, reflektierende B\u00e4nder, verst\u00e4rkte Kn\u00f6chelpanzerung<\/p>\n<\/li>\n<\/ul>\n<hr data-start=\"3257\" data-end=\"3260\" \/>\n<h4 data-start=\"3262\" data-end=\"3302\">???? <strong data-start=\"3270\" data-end=\"3302\">Zielk\u00e4ufer und Anwendungsf\u00e4lle:<\/strong><\/h4>\n<ul data-start=\"3303\" data-end=\"3636\">\n<li data-start=\"3303\" data-end=\"3351\">\n<p data-start=\"3305\" data-end=\"3351\">????\ufe0f <strong data-start=\"3309\" data-end=\"3349\">Skigebiete und Anbieter von Skipersonal<\/strong><\/p>\n<\/li>\n<li data-start=\"3352\" data-end=\"3408\">\n<p data-start=\"3354\" data-end=\"3408\">????\ufe0f <strong data-start=\"3358\" data-end=\"3406\">Versorgungsunternehmen und Logistikunternehmen bei kalter Witterung<\/strong><\/p>\n<\/li>\n<li data-start=\"3409\" data-end=\"3458\">\n<p data-start=\"3411\" data-end=\"3458\">???? <strong data-start=\"3414\" data-end=\"3456\">Spediteure, Zusteller und Arbeiter im Freien<\/strong><\/p>\n<\/li>\n<li data-start=\"3459\" data-end=\"3518\">\n<p data-start=\"3461\" data-end=\"3518\">???? <strong data-start=\"3464\" data-end=\"3516\">Einzelhandelsmarken bauen private Handschuhkollektionen auf<\/strong><\/p>\n<\/li>\n<li data-start=\"3519\" data-end=\"3577\">\n<p data-start=\"3521\" data-end=\"3577\">???? <strong data-start=\"3524\" data-end=\"3575\">Gro\u00dfh\u00e4ndler, die Winterausr\u00fcstung in ganz Europa liefern<\/strong><\/p>\n<\/li>\n<li data-start=\"3578\" data-end=\"3636\">\n<p data-start=\"3580\" data-end=\"3636\">???? <strong data-start=\"3583\" data-end=\"3634\">Amazon, Shopify oder H\u00e4ndler mit physischen Gesch\u00e4ften<\/strong><\/p>\n<\/li>\n<\/ul>\n<hr data-start=\"3638\" data-end=\"3641\" \/>\n<h4 data-start=\"3643\" data-end=\"3688\">???? <strong data-start=\"3651\" data-end=\"3688\">Warum sollten Sie dieses RYINZ-Handschuhmodell auf Lager haben?<\/strong><\/h4>\n<p data-start=\"3689\" data-end=\"3912\">Dieses Modell von RYINZ ist eine feste Gr\u00f6\u00dfe in der Kategorie Winterbekleidung: einfach, robust und hochgradig anpassbar. Das schlichte, zweifarbige Design macht ihn verkaufsfreundlich, w\u00e4hrend das verl\u00e4ngerte B\u00fcndchen und das Riemensystem seine Outdoor-Performance erh\u00f6hen.<\/p>\n<p data-start=\"3914\" data-end=\"4224\">Das in Zusammenarbeit mit EU-Beratern entwickelte und f\u00fcr den skalierbaren Export hergestellte <strong data-start=\"3999\" data-end=\"4026\">RYINZ Strap-Cuff Handschuhe<\/strong> sind preisg\u00fcnstig f\u00fcr den Massenvertrieb, aber so verarbeitet, dass sie \u00fcberragend sind. Ideal f\u00fcr den Einsatz in Uniformen, im Skiverleih, f\u00fcr die Ausstattung von Arbeitern oder einfach zum H\u00e4ndew\u00e4rmen an einem verschneiten Tag - ein Bestseller in der Entstehung.<\/p>\n<hr data-start=\"4226\" data-end=\"4229\" \/>\n<p data-start=\"4231\" data-end=\"4336\"><strong data-start=\"4231\" data-end=\"4336\">Widerstandsf\u00e4hig. Anpassungsf\u00e4hig. Zuverl\u00e4ssig - der ultimative Kaltwetterhandschuh f\u00fcr Marken, die Volumen mit Stil bewegen.<\/strong><\/p>","protected":false},"excerpt":{"rendered":"<p data-start=\"402\" data-end=\"1023\">Die <strong data-start=\"406\" data-end=\"452\">RYINZ Blau-schwarze wasserdichte Arbeitshandschuhe<\/strong> sind gebaut, um den Elementen mit Funktion, W\u00e4rme und Marktattraktivit\u00e4t zu trotzen. Ausgestattet mit einem strapazierf\u00e4higen Obermaterial, weichem Thermofutter und einem verstellbaren Handgelenkriemen f\u00fcr eine gute Passform sind diese Handschuhe ideal f\u00fcr den Wintersport, das Baugewerbe, Mitarbeiter in Skigebieten oder den allgemeinen Schneeschutz. Der Handschuh wurde f\u00fcr Eigenmarken und E-Commerce-Shops entwickelt und verbindet Strapazierf\u00e4higkeit mit einem sauberen Look. Verst\u00e4rkte Finger und wasserabweisendes Material sorgen f\u00fcr Komfort und Kontrolle, w\u00e4hrend die lange Stulpe vor dem Eindringen von Schnee sch\u00fctzt. Ein Muss f\u00fcr B2B-Handschuhanbieter, die Qualit\u00e4t in gro\u00dfem Umfang verkaufen wollen.<\/p>","protected":false},"featured_media":9362,"comment_status":"closed","ping_status":"closed","template":"","meta":[],"product_brand":[35],"product_cat":[57],"product_tag":[304,305,306,307,308,309,310,311,312,313,314,315,316,317,318],"class_list":{"0":"post-9168","1":"product","2":"type-product","3":"status-publish","4":"has-post-thumbnail","6":"product_brand-ryinz","8":"product_tag-brown-and-white-stitched-thermal-gloves","9":"product_tag-cold-weather-accessories-for-gifting","10":"product_tag-designer-inspired-winter-gloves-for-branding","11":"product_tag-fashion-gloves-for-urban-winter-outfits","12":"product_tag-insulated-quilt-gloves-for-winter-sports","13":"product_tag-luxury-gloves-for-fashion-retailers","14":"product_tag-oem-touchscreen-gloves-with-fleece","15":"product_tag-premium-driving-gloves-for-winter-use","16":"product_tag-quilted-winter-gloves-with-zipper","17":"product_tag-ryinz-gloves-for-private-label-winterwear","18":"product_tag-soft-lined-gloves-for-snow-and-frost","19":"product_tag-thermal-gloves-for-equestrian-apparel","20":"product_tag-touchscreen-compatible-outdoor-gloves","21":"product_tag-wholesale-fur-lined-gloves-for-boutiques","22":"product_tag-womens-touchscreen-cold-weather-gloves","24":"first","25":"instock","26":"taxable","27":"shipping-taxable","28":"purchasable","29":"product-type-simple"},"_links":{"self":[{"href":"https:\/\/ryinz.cz\/velkoobchod\/de\/wp-json\/wp\/v2\/product\/9168","targetHints":{"allow":["GET"]}}],"collection":[{"href":"https:\/\/ryinz.cz\/velkoobchod\/de\/wp-json\/wp\/v2\/product"}],"about":[{"href":"https:\/\/ryinz.cz\/velkoobchod\/de\/wp-json\/wp\/v2\/types\/product"}],"replies":[{"embeddable":true,"href":"https:\/\/ryinz.cz\/velkoobchod\/de\/wp-json\/wp\/v2\/comments?post=9168"}],"wp:featuredmedia":[{"embeddable":true,"href":"https:\/\/ryinz.cz\/velkoobchod\/de\/wp-json\/wp\/v2\/media\/9362"}],"wp:attachment":[{"href":"https:\/\/ryinz.cz\/velkoobchod\/de\/wp-json\/wp\/v2\/media?parent=9168"}],"wp:term":[{"taxonomy":"product_brand","embeddable":true,"href":"https:\/\/ryinz.cz\/velkoobchod\/de\/wp-json\/wp\/v2\/product_brand?post=9168"},{"taxonomy":"product_cat","embeddable":true,"href":"https:\/\/ryinz.cz\/velkoobchod\/de\/wp-json\/wp\/v2\/product_cat?post=9168"},{"taxonomy":"product_tag","embeddable":true,"href":"https:\/\/ryinz.cz\/velkoobchod\/de\/wp-json\/wp\/v2\/product_tag?post=9168"}],"curies":[{"name":"wp","href":"https:\/\/api.w.org\/{rel}","templated":true}]}}