{"id":9167,"date":"2025-06-22T15:31:13","date_gmt":"2025-06-22T15:31:13","guid":{"rendered":"https:\/\/ryinz.cz\/velkoobchod\/?post_type=product&#038;p=9167"},"modified":"2026-01-18T20:17:53","modified_gmt":"2026-01-18T20:17:53","slug":"lange-stulpe-winterhandschuhe-fur-kaltes-wetter-von-ryinz-schwarz-tan-pu-griff-handschuhe-fur-outdoor-arbeit-schnee-einzelhandel-groshandel","status":"publish","type":"product","link":"https:\/\/ryinz.cz\/velkoobchod\/de\/product\/long-cuff-winter-gloves-for-cold-weather-by-ryinz-black-tan-pu-grip-gloves-for-outdoor-work-snow-retail-wholesale\/","title":{"rendered":"Winterhandschuhe mit langer Stulpe f\u00fcr kaltes Wetter von RYINZ | Schwarzbraune PU-Griffhandschuhe f\u00fcr Arbeit im Freien, Schnee und Einzelhandel Gro\u00dfhandel"},"content":{"rendered":"<p data-start=\"1177\" data-end=\"1554\">Die <strong data-start=\"1181\" data-end=\"1228\">RYINZ Langstulpen-Winterhandschuhe in Schwarz und Tan<\/strong> sind so konzipiert, dass sie die K\u00e4lte beherrschen und gleichzeitig eine markengerechte Vielseitigkeit f\u00fcr Gro\u00df- und Einzelh\u00e4ndler auf der ganzen Welt bieten. Dieses Modell kombiniert robuste Bauqualit\u00e4t mit eleganter zweifarbiger \u00c4sthetik und ist eine erstklassige L\u00f6sung f\u00fcr Unternehmen, die auf die <strong data-start=\"1480\" data-end=\"1493\">Schneeausr\u00fcstung<\/strong>, <strong data-start=\"1495\" data-end=\"1511\">Konstruktion<\/strong>, <strong data-start=\"1513\" data-end=\"1524\">Dienstprogramm<\/strong>, und <strong data-start=\"1530\" data-end=\"1544\">Sportbekleidung<\/strong> Segmente.<\/p>\n<p data-start=\"1556\" data-end=\"1858\">Diese Handschuhe reichen mit einer langen Schutzstulpe \u00fcber das Handgelenk hinaus und sind daher besonders n\u00fctzlich bei <strong data-start=\"1655\" data-end=\"1668\">Tiefschnee<\/strong>, <strong data-start=\"1670\" data-end=\"1693\">nasse Arbeitsbedingungen<\/strong>, oder <strong data-start=\"1698\" data-end=\"1725\">windstarke Umgebungen<\/strong>. Ob Bergprofis, Skifahrer oder Outdoor-Arbeiter, der Handschuh erf\u00fcllt die wichtigsten Anforderungen: W\u00e4rme, Haltbarkeit und Grip.<\/p>\n<hr data-start=\"1860\" data-end=\"1863\" \/>\n<h4 data-start=\"1865\" data-end=\"1902\">???? <strong data-start=\"1873\" data-end=\"1902\">Materialien und Konstruktion:<\/strong><\/h4>\n<ul data-start=\"1903\" data-end=\"2523\">\n<li data-start=\"1903\" data-end=\"2012\">\n<p data-start=\"1905\" data-end=\"2012\"><strong data-start=\"1905\" data-end=\"1924\">R\u00fcckhandmuschel:<\/strong> Winddichtes und wasserabweisendes schwarzes Au\u00dfenmaterial, geeignet f\u00fcr Schnee und Minustemperaturen<\/p>\n<\/li>\n<li data-start=\"2013\" data-end=\"2119\">\n<p data-start=\"2015\" data-end=\"2119\"><strong data-start=\"2015\" data-end=\"2039\">Handfl\u00e4che und Griffzonen:<\/strong> PU-Kunstleder in hellbrauner Farbe f\u00fcr verbesserte Haltbarkeit und Sichtbarkeit<\/p>\n<\/li>\n<li data-start=\"2120\" data-end=\"2223\">\n<p data-start=\"2122\" data-end=\"2223\"><strong data-start=\"2122\" data-end=\"2137\">Die Fingerspitzen:<\/strong> Verbesserte gebogene Struktur f\u00fcr die Beweglichkeit der Finger, die Handhabung von Werkzeugen und die allgemeine Geschicklichkeit<\/p>\n<\/li>\n<li data-start=\"2224\" data-end=\"2348\">\n<p data-start=\"2226\" data-end=\"2348\"><strong data-start=\"2226\" data-end=\"2235\">Manschette:<\/strong> Verl\u00e4ngerte Stulpenmanschette bietet zus\u00e4tzlichen Schutz f\u00fcr Handgelenk und Unterarm - kann \u00fcber oder unter Oberbekleidung getragen werden<\/p>\n<\/li>\n<li data-start=\"2349\" data-end=\"2434\">\n<p data-start=\"2351\" data-end=\"2434\"><strong data-start=\"2351\" data-end=\"2364\">Innen:<\/strong> Weiches geb\u00fcrstetes Thermofutter f\u00fcr anhaltende W\u00e4rme ohne Erm\u00fcdung der H\u00e4nde<\/p>\n<\/li>\n<li data-start=\"2435\" data-end=\"2523\">\n<p data-start=\"2437\" data-end=\"2523\"><strong data-start=\"2437\" data-end=\"2456\">Elastische Handgelenke:<\/strong> Eng anliegender Verschluss zum Schutz vor Eis, Schnee und Feuchtigkeit w\u00e4hrend der Aktivit\u00e4t<\/p>\n<\/li>\n<\/ul>\n<hr data-start=\"2525\" data-end=\"2528\" \/>\n<h4 data-start=\"2530\" data-end=\"2563\">???? <strong data-start=\"2538\" data-end=\"2563\">Leistungsmerkmale:<\/strong><\/h4>\n<ul data-start=\"2564\" data-end=\"2954\">\n<li data-start=\"2564\" data-end=\"2632\">\n<p data-start=\"2566\" data-end=\"2632\">\u2705 <strong data-start=\"2568\" data-end=\"2595\">Lange Manschette mit voller Bedeckung<\/strong> Design f\u00fcr maximalen Schneeschutz<\/p>\n<\/li>\n<li data-start=\"2633\" data-end=\"2706\">\n<p data-start=\"2635\" data-end=\"2706\">\u2705 <strong data-start=\"2637\" data-end=\"2664\">Abriebfeste Handfl\u00e4che<\/strong> Materialien mit industrieller Griffigkeit<\/p>\n<\/li>\n<li data-start=\"2707\" data-end=\"2781\">\n<p data-start=\"2709\" data-end=\"2781\">\u2705 <strong data-start=\"2711\" data-end=\"2727\">Flexible Passform<\/strong> unterst\u00fctzt die Arbeit im Freien oder technische alpine Aktivit\u00e4ten<\/p>\n<\/li>\n<li data-start=\"2782\" data-end=\"2865\">\n<p data-start=\"2784\" data-end=\"2865\">\u2705 <strong data-start=\"2786\" data-end=\"2804\">Thermische Auskleidung<\/strong> bietet zuverl\u00e4ssigen W\u00e4rmer\u00fcckhalt auch unter nasskalten Bedingungen<\/p>\n<\/li>\n<li data-start=\"2866\" data-end=\"2954\">\n<p data-start=\"2868\" data-end=\"2954\">\u2705 <strong data-start=\"2870\" data-end=\"2899\">Elegantes und funktionales Aussehen<\/strong> sowohl f\u00fcr Uniformanwendungen als auch f\u00fcr Sportbekleidungsm\u00e4rkte<\/p>\n<\/li>\n<\/ul>\n<hr data-start=\"2956\" data-end=\"2959\" \/>\n<h4 data-start=\"2961\" data-end=\"3015\">???? <strong data-start=\"2969\" data-end=\"3015\">Branding- und Anpassungsoptionen von RYINZ:<\/strong><\/h4>\n<ul data-start=\"3016\" data-end=\"3368\">\n<li data-start=\"3016\" data-end=\"3071\">\n<p data-start=\"3018\" data-end=\"3071\">F\u00fcgen Sie Ihr Logo per Aufn\u00e4her, Pr\u00e4gung oder Direktdruck hinzu<\/p>\n<\/li>\n<li data-start=\"3072\" data-end=\"3165\">\n<p data-start=\"3074\" data-end=\"3165\">Individuelle Farbgestaltung bei gr\u00f6\u00dferen Bestellungen m\u00f6glich (schwarz\/oliv, schwarz\/rot, marine\/braun usw.)<\/p>\n<\/li>\n<li data-start=\"3166\" data-end=\"3199\">\n<p data-start=\"3168\" data-end=\"3199\">Verf\u00fcgbare Gr\u00f6\u00dfen: S, M, L, XL<\/p>\n<\/li>\n<li data-start=\"3200\" data-end=\"3219\">\n<p data-start=\"3202\" data-end=\"3219\">MOQ: 300+ Paare<\/p>\n<\/li>\n<li data-start=\"3220\" data-end=\"3288\">\n<p data-start=\"3222\" data-end=\"3288\">Gro\u00dfverpackungen: geb\u00fcndelte Paare, \u00d6ko-Verpackungen oder flach verpackte S\u00e4cke<\/p>\n<\/li>\n<li data-start=\"3289\" data-end=\"3368\">\n<p data-start=\"3291\" data-end=\"3368\">Optionale Ausstattung: Touchscreen-Fingerspitzen, Kn\u00f6chelpanzer, Fleece-Innenmanschette<\/p>\n<\/li>\n<\/ul>\n<hr data-start=\"3370\" data-end=\"3373\" \/>\n<h4 data-start=\"3375\" data-end=\"3416\">???? <strong data-start=\"3383\" data-end=\"3416\">Die wichtigsten Anwendungsf\u00e4lle f\u00fcr dieses Modell:<\/strong><\/h4>\n<ul data-start=\"3417\" data-end=\"3783\">\n<li data-start=\"3417\" data-end=\"3469\">\n<p data-start=\"3419\" data-end=\"3469\">????\ufe0f <strong data-start=\"3423\" data-end=\"3467\">Arbeit im Freien bei kaltem Wetter und Bauarbeiten<\/strong><\/p>\n<\/li>\n<li data-start=\"3470\" data-end=\"3519\">\n<p data-start=\"3472\" data-end=\"3519\">????\ufe0f <strong data-start=\"3476\" data-end=\"3517\">Bergrettungsmannschaften und Techniker vor Ort<\/strong><\/p>\n<\/li>\n<li data-start=\"3520\" data-end=\"3563\">\n<p data-start=\"3522\" data-end=\"3563\">???? <strong data-start=\"3525\" data-end=\"3561\">H\u00e4ndler f\u00fcr Motorschlitten- und Skihandschuhe<\/strong><\/p>\n<\/li>\n<li data-start=\"3564\" data-end=\"3615\">\n<p data-start=\"3566\" data-end=\"3615\">???? <strong data-start=\"3569\" data-end=\"3613\">Eigenmarken-Winterdiensthandschuh-Linien<\/strong><\/p>\n<\/li>\n<li data-start=\"3616\" data-end=\"3673\">\n<p data-start=\"3618\" data-end=\"3673\">???? <strong data-start=\"3621\" data-end=\"3671\">Eisliefer-, Schneepflug- und Wartungsteams<\/strong><\/p>\n<\/li>\n<li data-start=\"3674\" data-end=\"3727\">\n<p data-start=\"3676\" data-end=\"3727\">???? <strong data-start=\"3679\" data-end=\"3725\">Exporteure und Gro\u00dfh\u00e4ndler f\u00fcr Winterzubeh\u00f6r<\/strong><\/p>\n<\/li>\n<li data-start=\"3728\" data-end=\"3783\">\n<p data-start=\"3730\" data-end=\"3783\">???? <strong data-start=\"3733\" data-end=\"3783\">Vertrieb von Schwerlasthandschuhen in der EU\/den USA<\/strong><\/p>\n<\/li>\n<\/ul>\n<hr data-start=\"3785\" data-end=\"3788\" \/>\n<h4 data-start=\"3790\" data-end=\"3845\">???? <strong data-start=\"3798\" data-end=\"3845\">Warum RYINZ Handschuhe mit langer Stulpe ein Must-Have sind:<\/strong><\/h4>\n<p data-start=\"3846\" data-end=\"4163\">Mit mehr als zwei Jahrzehnten internationaler Erfahrung in der Handschuhherstellung ist RYINZ darauf spezialisiert, robuste Leistung in skalierbaren Eigenmarkenerfolg umzuwandeln. Dieses Modell - mit seiner verl\u00e4ngerten Stulpe, den starken Griffzonen und dem vielseitigen Branding-Potenzial - bietet eine herausragende SKU in den Kategorien Mode und Funktionalit\u00e4t.<\/p>\n<p data-start=\"4165\" data-end=\"4411\">Diese Handschuhe sind robust f\u00fcr die reale Arbeit und raffiniert f\u00fcr die Pr\u00e4sentation in Katalogen oder im E-Commerce. Sie bieten die Zuverl\u00e4ssigkeit, die K\u00e4ufer w\u00fcnschen, und das Design, das Verk\u00e4ufer brauchen. Ob Sie nun Arbeiter, Reiter oder Wintersportler beliefern - dieser Handschuh funktioniert.<\/p>\n<hr data-start=\"4413\" data-end=\"4416\" \/>\n<p data-start=\"4418\" data-end=\"4522\"><strong data-start=\"4418\" data-end=\"4522\">Sch\u00fctze das Handgelenk. Halten Sie den Moment fest. Verkaufen Sie mit Vertrauen - nur mit RYINZ Cold-Pro Long Cuff Gloves.<\/strong><\/p>","protected":false},"excerpt":{"rendered":"<p>Der f\u00fcr eine lange Lebensdauer bei Frost ausgelegte <strong data-start=\"504\" data-end=\"537\">RYINZ Winterhandschuhe mit langer Stulpe<\/strong> bieten hervorragenden Handschutz mit langlebigen PU-Leder-Griffzonen, einer wasserabweisenden Au\u00dfenh\u00fclle und isoliertem Komfort. Die hochabdeckende Handgelenksmanschette sch\u00fctzt vor dem Eindringen von Schnee und Windchill, w\u00e4hrend verst\u00e4rkte Handfl\u00e4chen- und Fingerspitzenbereiche f\u00fcr dauerhaften Grip und Flexibilit\u00e4t sorgen. Diese Handschuhe sind f\u00fcr Skifahren, Arbeiten im Freien, Schneemobilfahren oder Au\u00dfeneins\u00e4tze bei kaltem Wetter konzipiert und k\u00f6nnen auch f\u00fcr Eigenmarken vollst\u00e4ndig angepasst werden. Einzelh\u00e4ndler, Bauunternehmen und Sportbekleidungshersteller vertrauen gleicherma\u00dfen auf diese Handschuhe - sie sind wintertauglich, markttauglich und f\u00fcr den Erfolg im Gro\u00dfhandel ausgelegt.<\/p>","protected":false},"featured_media":9361,"comment_status":"closed","ping_status":"closed","template":"","meta":[],"product_brand":[35],"product_cat":[57],"product_tag":[304,305,306,307,308,309,310,311,312,313,314,315,316,317,318],"class_list":{"0":"post-9167","1":"product","2":"type-product","3":"status-publish","4":"has-post-thumbnail","6":"product_brand-ryinz","8":"product_tag-brown-and-white-stitched-thermal-gloves","9":"product_tag-cold-weather-accessories-for-gifting","10":"product_tag-designer-inspired-winter-gloves-for-branding","11":"product_tag-fashion-gloves-for-urban-winter-outfits","12":"product_tag-insulated-quilt-gloves-for-winter-sports","13":"product_tag-luxury-gloves-for-fashion-retailers","14":"product_tag-oem-touchscreen-gloves-with-fleece","15":"product_tag-premium-driving-gloves-for-winter-use","16":"product_tag-quilted-winter-gloves-with-zipper","17":"product_tag-ryinz-gloves-for-private-label-winterwear","18":"product_tag-soft-lined-gloves-for-snow-and-frost","19":"product_tag-thermal-gloves-for-equestrian-apparel","20":"product_tag-touchscreen-compatible-outdoor-gloves","21":"product_tag-wholesale-fur-lined-gloves-for-boutiques","22":"product_tag-womens-touchscreen-cold-weather-gloves","24":"first","25":"instock","26":"taxable","27":"shipping-taxable","28":"purchasable","29":"product-type-simple"},"_links":{"self":[{"href":"https:\/\/ryinz.cz\/velkoobchod\/de\/wp-json\/wp\/v2\/product\/9167","targetHints":{"allow":["GET"]}}],"collection":[{"href":"https:\/\/ryinz.cz\/velkoobchod\/de\/wp-json\/wp\/v2\/product"}],"about":[{"href":"https:\/\/ryinz.cz\/velkoobchod\/de\/wp-json\/wp\/v2\/types\/product"}],"replies":[{"embeddable":true,"href":"https:\/\/ryinz.cz\/velkoobchod\/de\/wp-json\/wp\/v2\/comments?post=9167"}],"wp:featuredmedia":[{"embeddable":true,"href":"https:\/\/ryinz.cz\/velkoobchod\/de\/wp-json\/wp\/v2\/media\/9361"}],"wp:attachment":[{"href":"https:\/\/ryinz.cz\/velkoobchod\/de\/wp-json\/wp\/v2\/media?parent=9167"}],"wp:term":[{"taxonomy":"product_brand","embeddable":true,"href":"https:\/\/ryinz.cz\/velkoobchod\/de\/wp-json\/wp\/v2\/product_brand?post=9167"},{"taxonomy":"product_cat","embeddable":true,"href":"https:\/\/ryinz.cz\/velkoobchod\/de\/wp-json\/wp\/v2\/product_cat?post=9167"},{"taxonomy":"product_tag","embeddable":true,"href":"https:\/\/ryinz.cz\/velkoobchod\/de\/wp-json\/wp\/v2\/product_tag?post=9167"}],"curies":[{"name":"wp","href":"https:\/\/api.w.org\/{rel}","templated":true}]}}