{"id":9166,"date":"2025-08-26T11:48:33","date_gmt":"2025-08-26T11:48:33","guid":{"rendered":"https:\/\/ryinz.cz\/velkoobchod\/?post_type=product&#038;p=9166"},"modified":"2026-01-18T20:17:53","modified_gmt":"2026-01-18T20:17:53","slug":"benutzerdefinierte-taktische-lederhandschuhe-schwarz-von-ryinz-gesteppt-pu-griff-handschuhe-fur-den-einzelhandel-biker-winter-sicherheit-groshandel","status":"publish","type":"product","link":"https:\/\/ryinz.cz\/velkoobchod\/de\/product\/custom-tactical-leather-gloves-black-by-ryinz-quilted-pu-grip-gloves-for-retail-biker-winter-security-wholesale\/","title":{"rendered":"Custom Tactical Lederhandschuhe Schwarz von RYINZ | Quilted PU Grip Handschuhe f\u00fcr Einzelhandel, Biker, Winter &amp; Sicherheit Gro\u00dfhandel"},"content":{"rendered":"<p data-start=\"1151\" data-end=\"1506\">\u00dcbernehmen Sie die Kontrolle mit <strong data-start=\"1169\" data-end=\"1216\">RYINZ Premium Black Tactical Lederhandschuhe<\/strong>, ist Ihre erste Wahl, wenn es um moderne Funktionalit\u00e4t, kommerzielle Leistung und elegante Winter\u00e4sthetik geht. Dieser Handschuh bietet sowohl Schutz als auch Glanz und eignet sich daher f\u00fcr Biker-Kollektionen, Eigenmarken f\u00fcr Oberbekleidung, Uniformen und taktische Ausr\u00fcstung.<\/p>\n<p data-start=\"1508\" data-end=\"1798\">Dieser Handschuh mit seinen robusten N\u00e4hten, dem weichen Innenfutter und der mattschwarzen Oberfl\u00e4che eignet sich sowohl f\u00fcr <strong data-start=\"1631\" data-end=\"1678\">Au\u00dfendienstmitarbeiter und Regale im Modehandel<\/strong>. RYINZ kombiniert europ\u00e4isches Design mit globaler Best\u00e4ndigkeit, um sicherzustellen, dass dieses Modell die hohen Erwartungen von B2B-K\u00e4ufern erf\u00fcllt.<\/p>\n<hr data-start=\"1800\" data-end=\"1803\" \/>\n<h4 data-start=\"1805\" data-end=\"1850\">???? <strong data-start=\"1813\" data-end=\"1850\">Design und Materialspezifikationen:<\/strong><\/h4>\n<ul data-start=\"1851\" data-end=\"2313\">\n<li data-start=\"1851\" data-end=\"1942\">\n<p data-start=\"1853\" data-end=\"1942\"><strong data-start=\"1853\" data-end=\"1862\">Handfl\u00e4che:<\/strong> Vollsynthetikleder mit pr\u00e4zisen Konturen f\u00fcr griffiges Arbeiten<\/p>\n<\/li>\n<li data-start=\"1943\" data-end=\"2057\">\n<p data-start=\"1945\" data-end=\"2057\"><strong data-start=\"1945\" data-end=\"1954\">Zur\u00fcck:<\/strong> Steppbereich mit Rautenmuster und integrierter Wabenstruktur - stilvoll und sto\u00dffest<\/p>\n<\/li>\n<li data-start=\"2058\" data-end=\"2134\">\n<p data-start=\"2060\" data-end=\"2134\"><strong data-start=\"2060\" data-end=\"2072\">Die Finger:<\/strong> Gebogener Schnitt f\u00fcr ergonomische Handhaltung und maximale Fingerfertigkeit<\/p>\n<\/li>\n<li data-start=\"2135\" data-end=\"2218\">\n<p data-start=\"2137\" data-end=\"2218\"><strong data-start=\"2137\" data-end=\"2146\">Manschette:<\/strong> Gerader Schnitt mit innenliegendem Stretchband f\u00fcr schnelle Passform und Slip-on-Einsatz<\/p>\n<\/li>\n<li data-start=\"2219\" data-end=\"2313\">\n<p data-start=\"2221\" data-end=\"2313\"><strong data-start=\"2221\" data-end=\"2234\">Farbgebung:<\/strong> Einheitliches Schwarz in allen Zonen f\u00fcr taktische Diskretion und vielseitiges Styling<\/p>\n<\/li>\n<\/ul>\n<hr data-start=\"2315\" data-end=\"2318\" \/>\n<h4 data-start=\"2320\" data-end=\"2356\">???? <strong data-start=\"2328\" data-end=\"2356\">Wichtigste funktionale Vorteile:<\/strong><\/h4>\n<ul data-start=\"2357\" data-end=\"2917\">\n<li data-start=\"2357\" data-end=\"2494\">\n<p data-start=\"2359\" data-end=\"2494\">\u2705 <strong data-start=\"2361\" data-end=\"2389\">Professionelles Auftreten:<\/strong> Elegantes Schwarz, ideal f\u00fcr Strafverfolgungsbeh\u00f6rden, Motorrad-Crews, Sicherheitspersonal oder Premium-Urbanwear<\/p>\n<\/li>\n<li data-start=\"2495\" data-end=\"2612\">\n<p data-start=\"2497\" data-end=\"2612\">\u2705 <strong data-start=\"2499\" data-end=\"2525\">Verst\u00e4rkter Schutz:<\/strong> Handfl\u00e4che und Kn\u00f6chelzonen f\u00fcr Abriebfestigkeit und leichte taktische Abschirmung<\/p>\n<\/li>\n<li data-start=\"2613\" data-end=\"2730\">\n<p data-start=\"2615\" data-end=\"2730\">\u2705 <strong data-start=\"2617\" data-end=\"2639\">Flexible Mobilit\u00e4t:<\/strong> Mit nat\u00fcrlicher Fingerkr\u00fcmmung und weichem Stretch f\u00fcr mehr Bewegungsfreiheit beim Reiten oder im Streifendienst<\/p>\n<\/li>\n<li data-start=\"2731\" data-end=\"2823\">\n<p data-start=\"2733\" data-end=\"2823\">\u2705 <strong data-start=\"2735\" data-end=\"2756\">Wetterfreundlich:<\/strong> Windabweisende Materialien sorgen f\u00fcr W\u00e4rmer\u00fcckhalt in kalten Klimazonen<\/p>\n<\/li>\n<li data-start=\"2824\" data-end=\"2917\">\n<p data-start=\"2826\" data-end=\"2917\">\u2705 <strong data-start=\"2828\" data-end=\"2850\">Mehrzweck-Passform:<\/strong> Ideal f\u00fcr legere, uniforme, Outdoor- oder mechanische Anwendungen<\/p>\n<\/li>\n<\/ul>\n<hr data-start=\"2919\" data-end=\"2922\" \/>\n<h4 data-start=\"2924\" data-end=\"2972\">???? <strong data-start=\"2932\" data-end=\"2972\">Anpassungs- und White-Label-Optionen:<\/strong><\/h4>\n<ul data-start=\"2973\" data-end=\"3259\">\n<li data-start=\"2973\" data-end=\"3028\">\n<p data-start=\"2975\" data-end=\"3028\">Platzierung des Logos: Oberhand, Manschettenband oder Handgelenksbereich<\/p>\n<\/li>\n<li data-start=\"3029\" data-end=\"3061\">\n<p data-start=\"3031\" data-end=\"3061\">Erh\u00e4ltlich in den Gr\u00f6\u00dfen: XS bis XL<\/p>\n<\/li>\n<li data-start=\"3062\" data-end=\"3106\">\n<p data-start=\"3064\" data-end=\"3106\">Optionale Touchscreen-freundliche Fingerspitzen<\/p>\n<\/li>\n<li data-start=\"3107\" data-end=\"3186\">\n<p data-start=\"3109\" data-end=\"3186\">Verpackungsarten: Zip-Beutel, \u00d6ko-Rollen, Box-Sets oder flach gefaltete Einzelhandelsh\u00fcllen<\/p>\n<\/li>\n<li data-start=\"3187\" data-end=\"3259\">\n<p data-start=\"3189\" data-end=\"3259\">MOQ-Unterst\u00fctzung ab 300 Paaren f\u00fcr Start-ups oder saisonale Linien mit geringen St\u00fcckzahlen<\/p>\n<\/li>\n<\/ul>\n<hr data-start=\"3261\" data-end=\"3264\" \/>\n<h4 data-start=\"3266\" data-end=\"3294\">???? <strong data-start=\"3274\" data-end=\"3294\">Empfohlen f\u00fcr:<\/strong><\/h4>\n<ul data-start=\"3295\" data-end=\"3627\">\n<li data-start=\"3295\" data-end=\"3335\">\n<p data-start=\"3297\" data-end=\"3335\">???? <strong data-start=\"3300\" data-end=\"3333\">Einzelh\u00e4ndler f\u00fcr Motorradzubeh\u00f6r<\/strong><\/p>\n<\/li>\n<li data-start=\"3336\" data-end=\"3373\">\n<p data-start=\"3338\" data-end=\"3373\">???? <strong data-start=\"3341\" data-end=\"3371\">Lieferanten von Sicherheitsbekleidung<\/strong><\/p>\n<\/li>\n<li data-start=\"3374\" data-end=\"3418\">\n<p data-start=\"3376\" data-end=\"3418\">???? <strong data-start=\"3379\" data-end=\"3416\">Marken f\u00fcr taktische Ausr\u00fcstung f\u00fcr kaltes Wetter<\/strong><\/p>\n<\/li>\n<li data-start=\"3419\" data-end=\"3467\">\n<p data-start=\"3421\" data-end=\"3467\">???? <strong data-start=\"3424\" data-end=\"3465\">Lieferanten von Geschenken f\u00fcr Unternehmen und F\u00fchrungskr\u00e4fte<\/strong><\/p>\n<\/li>\n<li data-start=\"3468\" data-end=\"3518\">\n<p data-start=\"3470\" data-end=\"3518\">????\ufe0f <strong data-start=\"3474\" data-end=\"3516\">Private Label-Marken f\u00fcr Oberbekleidung<\/strong><\/p>\n<\/li>\n<li data-start=\"3519\" data-end=\"3569\">\n<p data-start=\"3521\" data-end=\"3569\">???? <strong data-start=\"3524\" data-end=\"3567\">eCommerce-Verk\u00e4ufer auf Amazon, Etsy usw.<\/strong><\/p>\n<\/li>\n<li data-start=\"3570\" data-end=\"3627\">\n<p data-start=\"3572\" data-end=\"3627\">???? <strong data-start=\"3575\" data-end=\"3627\">Kits f\u00fcr Fracht, Lieferung und Transportpersonal<\/strong><\/p>\n<\/li>\n<\/ul>\n<hr data-start=\"3629\" data-end=\"3632\" \/>\n<h4 data-start=\"3634\" data-end=\"3679\">???? <strong data-start=\"3642\" data-end=\"3679\">Warum dieses Modell von RYINZ w\u00e4hlen?<\/strong><\/h4>\n<p data-start=\"3680\" data-end=\"4069\">Dieses Modell repr\u00e4sentiert <strong data-start=\"3702\" data-end=\"3739\">Pr\u00e4zision, Politur und Schutz<\/strong>. Ganz gleich, ob Sie eine Motorradwerkstatt ausstatten, eine Winterbekleidungslinie einf\u00fchren oder taktische Uniformen ausstatten - dieser Handschuh vereint das Beste aus Form und Funktion. Mit seiner geschw\u00e4rzten Eleganz und ganzj\u00e4hrigen Vielseitigkeit hebt er sich von gew\u00f6hnlichen Arbeitshandschuhen ab. Wie alle Produkte von RYINZ wurde auch dieser Handschuh entwickelt, um zu verkaufen, zu skalieren und zu dienen.<\/p>","protected":false},"excerpt":{"rendered":"<p>Bequem und sicher auf dem Schnee mit <strong data-start=\"4018\" data-end=\"4057\">RYINZ All-Weather Schnee- und Skihandschuhe<\/strong> - Wintertaugliche Handschuhe f\u00fcr den Einsatz unter extremen Bedingungen. Diese Handschuhe kombinieren eine robuste Au\u00dfenh\u00fclle mit einer W\u00e4rmeisolierung und einem Komfortfutter und bieten so zuverl\u00e4ssigen Schutz vor Wind, Schnee und Feuchtigkeit. Die lange Stulpe bietet zus\u00e4tzlichen Schutz, w\u00e4hrend der verstellbare Riemen und die Handgelenksmanschette f\u00fcr einen sicheren Sitz der Handschuhe sorgen. Die verst\u00e4rkte Handfl\u00e4che verbessert die Griffigkeit, w\u00e4hrend gepolsterte Bereiche und vorgekr\u00fcmmte Finger die Flexibilit\u00e4t und den Schutz erh\u00f6hen. Diese Handschuhe sind ideal zum Skifahren, Snowboarden, Motorschlittenfahren und f\u00fcr Arbeiten bei kaltem Wetter geeignet und wurden f\u00fcr M\u00e4nner und Frauen entwickelt, die Stil und Leistung in einem brauchen.<\/p>","protected":false},"featured_media":9360,"comment_status":"closed","ping_status":"closed","template":"","meta":[],"product_brand":[35],"product_cat":[57],"product_tag":[304,305,306,307,308,309,310,311,312,313,314,315,316,317,318],"class_list":{"0":"post-9166","1":"product","2":"type-product","3":"status-publish","4":"has-post-thumbnail","6":"product_brand-ryinz","8":"product_tag-brown-and-white-stitched-thermal-gloves","9":"product_tag-cold-weather-accessories-for-gifting","10":"product_tag-designer-inspired-winter-gloves-for-branding","11":"product_tag-fashion-gloves-for-urban-winter-outfits","12":"product_tag-insulated-quilt-gloves-for-winter-sports","13":"product_tag-luxury-gloves-for-fashion-retailers","14":"product_tag-oem-touchscreen-gloves-with-fleece","15":"product_tag-premium-driving-gloves-for-winter-use","16":"product_tag-quilted-winter-gloves-with-zipper","17":"product_tag-ryinz-gloves-for-private-label-winterwear","18":"product_tag-soft-lined-gloves-for-snow-and-frost","19":"product_tag-thermal-gloves-for-equestrian-apparel","20":"product_tag-touchscreen-compatible-outdoor-gloves","21":"product_tag-wholesale-fur-lined-gloves-for-boutiques","22":"product_tag-womens-touchscreen-cold-weather-gloves","24":"first","25":"instock","26":"taxable","27":"shipping-taxable","28":"purchasable","29":"product-type-simple"},"_links":{"self":[{"href":"https:\/\/ryinz.cz\/velkoobchod\/de\/wp-json\/wp\/v2\/product\/9166","targetHints":{"allow":["GET"]}}],"collection":[{"href":"https:\/\/ryinz.cz\/velkoobchod\/de\/wp-json\/wp\/v2\/product"}],"about":[{"href":"https:\/\/ryinz.cz\/velkoobchod\/de\/wp-json\/wp\/v2\/types\/product"}],"replies":[{"embeddable":true,"href":"https:\/\/ryinz.cz\/velkoobchod\/de\/wp-json\/wp\/v2\/comments?post=9166"}],"wp:featuredmedia":[{"embeddable":true,"href":"https:\/\/ryinz.cz\/velkoobchod\/de\/wp-json\/wp\/v2\/media\/9360"}],"wp:attachment":[{"href":"https:\/\/ryinz.cz\/velkoobchod\/de\/wp-json\/wp\/v2\/media?parent=9166"}],"wp:term":[{"taxonomy":"product_brand","embeddable":true,"href":"https:\/\/ryinz.cz\/velkoobchod\/de\/wp-json\/wp\/v2\/product_brand?post=9166"},{"taxonomy":"product_cat","embeddable":true,"href":"https:\/\/ryinz.cz\/velkoobchod\/de\/wp-json\/wp\/v2\/product_cat?post=9166"},{"taxonomy":"product_tag","embeddable":true,"href":"https:\/\/ryinz.cz\/velkoobchod\/de\/wp-json\/wp\/v2\/product_tag?post=9166"}],"curies":[{"name":"wp","href":"https:\/\/api.w.org\/{rel}","templated":true}]}}