{"id":9165,"date":"2025-08-26T11:48:33","date_gmt":"2025-08-26T11:48:33","guid":{"rendered":"https:\/\/ryinz.cz\/velkoobchod\/?post_type=product&#038;p=9165"},"modified":"2026-01-18T20:17:52","modified_gmt":"2026-01-18T20:17:52","slug":"benutzerdefinierte-wintersport-handschuhe-rot-schwarz-weis-von-ryinz-pu-leder-verstarkte-handschuhe-zum-skifahren-im-freien-einzelhandel-oem","status":"publish","type":"product","link":"https:\/\/ryinz.cz\/velkoobchod\/de\/product\/custom-winter-sports-gloves-red-black-white-by-ryinz-pu-leather-reinforced-gloves-for-skiing-outdoor-retail-oem\/","title":{"rendered":"Custom Wintersport Handschuhe Rot-Schwarz-Wei\u00df von RYINZ | PU Leder Verst\u00e4rkte Handschuhe f\u00fcr Skifahren, Outdoor &amp; Einzelhandel OEM"},"content":{"rendered":"<p data-start=\"1176\" data-end=\"1592\">Treten Sie zielstrebig und kraftvoll in den Schnee. Die <strong data-start=\"1223\" data-end=\"1261\">RYINZ Rot-Schwarz-Wei\u00dfer Winterhandschuh<\/strong> ist nicht nur eine Notwendigkeit f\u00fcr kaltes Wetter, sondern ein k\u00fchnes Produkt, das f\u00fcr Spitzenleistungen, Markenidentit\u00e4t und gesch\u00e4ftliche Skalierbarkeit entwickelt wurde. Mit seinem unverwechselbaren dreifarbigen Design verbindet dieser Handschuh modische \u00c4sthetik mit taktischem Nutzen - und ist damit ideal f\u00fcr den Einsatz bei alpinen Sportarten, Arbeitsbekleidung in Skigebieten oder rauen Outdoor-Aktivit\u00e4ten.<\/p>\n<p data-start=\"1594\" data-end=\"1921\">Ob auf eisigen Pisten oder auf Bergpfaden, dieser Handschuh ist auf Strapazierf\u00e4higkeit, W\u00e4rme und Griffigkeit unter extremen Bedingungen ausgelegt - und bietet gleichzeitig die M\u00f6glichkeit zur individuellen Gestaltung mit White-Label oder Private-Label. Unterst\u00fctzt von <strong data-start=\"1803\" data-end=\"1843\">Die EU-konformen Qualit\u00e4tsstandards von RYINZ<\/strong>, Es ist das ideale Produkt f\u00fcr die Expansion in den Einzelhandel, die Sportbekleidung und den eCommerce.<\/p>\n<hr data-start=\"1923\" data-end=\"1926\" \/>\n<h4 data-start=\"1928\" data-end=\"1971\">???? <strong data-start=\"1936\" data-end=\"1971\">Design- und Konstruktionsmerkmale:<\/strong><\/h4>\n<ul data-start=\"1972\" data-end=\"2564\">\n<li data-start=\"1972\" data-end=\"2064\">\n<p data-start=\"1974\" data-end=\"2064\"><strong data-start=\"1974\" data-end=\"1990\">\u00c4u\u00dfere Schale:<\/strong> Kontrastreiches Dreifach-Panel-Design in <strong data-start=\"2029\" data-end=\"2036\">rot<\/strong>, <strong data-start=\"2038\" data-end=\"2047\">wei\u00df<\/strong>, und <strong data-start=\"2053\" data-end=\"2062\">schwarz<\/strong><\/p>\n<\/li>\n<li data-start=\"2065\" data-end=\"2138\">\n<p data-start=\"2067\" data-end=\"2138\"><strong data-start=\"2067\" data-end=\"2080\">Material:<\/strong> Strapazierf\u00e4higes mehrlagiges Obermaterial mit abriebfesten N\u00e4hten<\/p>\n<\/li>\n<li data-start=\"2139\" data-end=\"2252\">\n<p data-start=\"2141\" data-end=\"2252\"><strong data-start=\"2141\" data-end=\"2150\">Handfl\u00e4che:<\/strong> Handfl\u00e4che aus schwarzem PU-Kunstleder mit ergonomischer Griffmulde f\u00fcr St\u00f6cke, Werkzeuge oder Lenker<\/p>\n<\/li>\n<li data-start=\"2253\" data-end=\"2337\">\n<p data-start=\"2255\" data-end=\"2337\"><strong data-start=\"2255\" data-end=\"2267\">Die Finger:<\/strong> Fingerauflagen mit Wabentextur f\u00fcr mehr Flexibilit\u00e4t und Pr\u00e4zision<\/p>\n<\/li>\n<li data-start=\"2338\" data-end=\"2460\">\n<p data-start=\"2340\" data-end=\"2460\"><strong data-start=\"2340\" data-end=\"2355\">Handgelenk-Zone:<\/strong> Elastische Stretch-Zone und verst\u00e4rkte Doppelt\u00fclle zum Schutz des Handgelenks und fester Sitz<\/p>\n<\/li>\n<li data-start=\"2461\" data-end=\"2564\">\n<p data-start=\"2463\" data-end=\"2564\"><strong data-start=\"2463\" data-end=\"2476\">Branding:<\/strong> \u201cRYINZ\u201d-Logo in der Mitte und dezentes R-Symbol f\u00fcr zus\u00e4tzliche Identit\u00e4t<\/p>\n<\/li>\n<\/ul>\n<hr data-start=\"2566\" data-end=\"2569\" \/>\n<h4 data-start=\"2571\" data-end=\"2605\">???? <strong data-start=\"2579\" data-end=\"2605\">Funktionelle H\u00f6hepunkte:<\/strong><\/h4>\n<ul data-start=\"2606\" data-end=\"3016\">\n<li data-start=\"2606\" data-end=\"2681\">\n<p data-start=\"2608\" data-end=\"2681\">\u2705 <strong data-start=\"2610\" data-end=\"2642\">Winddicht und schneesicher<\/strong> Oberstoff ideal f\u00fcr den Wintersport<\/p>\n<\/li>\n<li data-start=\"2682\" data-end=\"2756\">\n<p data-start=\"2684\" data-end=\"2756\">\u2705 <strong data-start=\"2686\" data-end=\"2722\">Verst\u00e4rkte Handfl\u00e4che und Fingerbereiche<\/strong> verbessern die Griffigkeit und sind rei\u00dffest<\/p>\n<\/li>\n<li data-start=\"2757\" data-end=\"2863\">\n<p data-start=\"2759\" data-end=\"2863\">\u2705 <strong data-start=\"2761\" data-end=\"2793\">Flexible Fingerkonstruktion<\/strong> erm\u00f6glicht volle Bewegung beim Skifahren, Snowboarden und bei Arbeiten bei kaltem Wetter<\/p>\n<\/li>\n<li data-start=\"2864\" data-end=\"2934\">\n<p data-start=\"2866\" data-end=\"2934\">\u2705 <strong data-start=\"2868\" data-end=\"2897\">Elastische Handgelenkst\u00fctze<\/strong> schlie\u00dft W\u00e4rme ein und h\u00e4lt Schnee fern<\/p>\n<\/li>\n<li data-start=\"2935\" data-end=\"3016\">\n<p data-start=\"2937\" data-end=\"3016\">\u2705 <strong data-start=\"2939\" data-end=\"2967\">Optisch auff\u00e4lliges Design<\/strong> macht es f\u00fcr den Einzelhandel und die Online-Anzeige bereit<\/p>\n<\/li>\n<\/ul>\n<hr data-start=\"3018\" data-end=\"3021\" \/>\n<h4 data-start=\"3023\" data-end=\"3082\">???? <strong data-start=\"3031\" data-end=\"3082\">Private Label &amp; OEM Optionen (Powered by RYINZ):<\/strong><\/h4>\n<ul data-start=\"3083\" data-end=\"3488\">\n<li data-start=\"3083\" data-end=\"3131\">\n<p data-start=\"3085\" data-end=\"3131\">Volle Logokontrolle: Druck, Aufn\u00e4her oder Pr\u00e4gung<\/p>\n<\/li>\n<li data-start=\"3132\" data-end=\"3190\">\n<p data-start=\"3134\" data-end=\"3190\">Benutzerdefinierte Gr\u00f6\u00dfentabellen: EU, UK, oder internationale Normen<\/p>\n<\/li>\n<li data-start=\"3191\" data-end=\"3270\">\n<p data-start=\"3193\" data-end=\"3270\">Farbwechsel m\u00f6glich: rot-schwarz, grau-blau, oliv-schwarz, individuell auf Anfrage<\/p>\n<\/li>\n<li data-start=\"3271\" data-end=\"3343\">\n<p data-start=\"3273\" data-end=\"3343\">Verpackungsarten: \u00d6ko-Rollen, Beutel, Zip-Beutel oder luxuri\u00f6se Geschenkverpackungen<\/p>\n<\/li>\n<li data-start=\"3344\" data-end=\"3418\">\n<p data-start=\"3346\" data-end=\"3418\">MOQ: Nur 300 Paare f\u00fcr Musterkollektionen und neue Markeneinf\u00fchrungen<\/p>\n<\/li>\n<li data-start=\"3419\" data-end=\"3488\">\n<p data-start=\"3421\" data-end=\"3488\">EU-basierte Koordination f\u00fcr schnelle Nachbestellungen und Qualit\u00e4tskommunikation<\/p>\n<\/li>\n<\/ul>\n<hr data-start=\"3490\" data-end=\"3493\" \/>\n<h4 data-start=\"3495\" data-end=\"3539\">???? <strong data-start=\"3503\" data-end=\"3539\">Am besten f\u00fcr diese K\u00e4ufer\/Nutzungsf\u00e4lle:<\/strong><\/h4>\n<ul data-start=\"3540\" data-end=\"3840\">\n<li data-start=\"3540\" data-end=\"3586\">\n<p data-start=\"3542\" data-end=\"3586\">????\ufe0f <strong data-start=\"3546\" data-end=\"3584\">Skigebiete und alpine Geschenkel\u00e4den<\/strong><\/p>\n<\/li>\n<li data-start=\"3587\" data-end=\"3638\">\n<p data-start=\"3589\" data-end=\"3638\">????\ufe0f <strong data-start=\"3593\" data-end=\"3636\">Startups f\u00fcr Outdoor-Bekleidung unter eigener Marke<\/strong><\/p>\n<\/li>\n<li data-start=\"3639\" data-end=\"3679\">\n<p data-start=\"3641\" data-end=\"3679\">????\ufe0f <strong data-start=\"3645\" data-end=\"3677\">Motorrad-Winterhandschuh-Linien<\/strong><\/p>\n<\/li>\n<li data-start=\"3680\" data-end=\"3740\">\n<p data-start=\"3682\" data-end=\"3740\">???? <strong data-start=\"3685\" data-end=\"3714\">Gro\u00dfh\u00e4ndler f\u00fcr Wintersport<\/strong> Ausrichtung auf EU\/US-M\u00e4rkte<\/p>\n<\/li>\n<li data-start=\"3741\" data-end=\"3796\">\n<p data-start=\"3743\" data-end=\"3796\">????\ufe0f <strong data-start=\"3747\" data-end=\"3794\">Kaltwetterversorger und taktische Lieferanten<\/strong><\/p>\n<\/li>\n<li data-start=\"3797\" data-end=\"3840\">\n<p data-start=\"3799\" data-end=\"3840\">???? <strong data-start=\"3802\" data-end=\"3840\">B2B-H\u00e4ndler f\u00fcr Modeaccessoires<\/strong><\/p>\n<\/li>\n<\/ul>\n<hr data-start=\"3842\" data-end=\"3845\" \/>\n<h4 data-start=\"3847\" data-end=\"3887\">???? <strong data-start=\"3855\" data-end=\"3887\">Warum dieses Modell von RYINZ w\u00e4hlen?<\/strong><\/h4>\n<p data-start=\"3888\" data-end=\"4268\">Dieser in Europa entworfene und mit Weltklasse-Pr\u00e4zision hergestellte Handschuh spiegelt <strong data-start=\"3972\" data-end=\"4037\">Das Engagement von RYINZ f\u00fcr Langlebigkeit, Markenf\u00e4higkeit und Funktion.<\/strong> Die kr\u00e4ftige rote Farbe mit schwarzer und wei\u00dfer Verzierung sorgt daf\u00fcr, dass er in Katalogen, Online-Shops und im realen Einsatz auff\u00e4llt. Der Handschuh ist mehr als nur ein Handschuh - er ist ein verkaufsf\u00f6rderndes Produkt, denn er wurde f\u00fcr den Einsatz bei Frost und f\u00fcr extreme Beanspruchung entwickelt.<\/p>\n<p data-start=\"4270\" data-end=\"4399\">Ob Sie nun einen Berg erklimmen oder Ihre Vertriebspipeline vergr\u00f6\u00dfern, die <strong data-start=\"4340\" data-end=\"4378\">Rot-schwarz-wei\u00dfer RYINZ Winterhandschuh<\/strong> ist einsatzbereit.<\/p>\n<p data-start=\"4401\" data-end=\"4470\"><strong data-start=\"4401\" data-end=\"4470\">Verl\u00e4ssliche W\u00e4rme. Hochwertige Optik. Gro\u00dfhandelsleistung - nur bei RYINZ.<\/strong><\/p>","protected":false},"excerpt":{"rendered":"<p>Bequem und sicher auf dem Schnee mit <strong data-start=\"4018\" data-end=\"4057\">RYINZ All-Weather Schnee- und Skihandschuhe<\/strong> - Wintertaugliche Handschuhe f\u00fcr den Einsatz unter extremen Bedingungen. Diese Handschuhe kombinieren eine robuste Au\u00dfenh\u00fclle mit einer W\u00e4rmeisolierung und einem Komfortfutter und bieten so zuverl\u00e4ssigen Schutz vor Wind, Schnee und Feuchtigkeit. Die lange Stulpe bietet zus\u00e4tzlichen Schutz, w\u00e4hrend der verstellbare Riemen und die Handgelenksmanschette f\u00fcr einen sicheren Sitz der Handschuhe sorgen. Die verst\u00e4rkte Handfl\u00e4che verbessert die Griffigkeit, w\u00e4hrend gepolsterte Bereiche und vorgekr\u00fcmmte Finger die Flexibilit\u00e4t und den Schutz erh\u00f6hen. Diese Handschuhe sind ideal zum Skifahren, Snowboarden, Motorschlittenfahren und f\u00fcr Arbeiten bei kaltem Wetter geeignet und wurden f\u00fcr M\u00e4nner und Frauen entwickelt, die Stil und Leistung in einem brauchen.<\/p>","protected":false},"featured_media":9359,"comment_status":"closed","ping_status":"closed","template":"","meta":[],"product_brand":[35],"product_cat":[57],"product_tag":[304,305,306,307,308,309,310,311,312,313,314,315,316,317,318],"class_list":{"0":"post-9165","1":"product","2":"type-product","3":"status-publish","4":"has-post-thumbnail","6":"product_brand-ryinz","8":"product_tag-brown-and-white-stitched-thermal-gloves","9":"product_tag-cold-weather-accessories-for-gifting","10":"product_tag-designer-inspired-winter-gloves-for-branding","11":"product_tag-fashion-gloves-for-urban-winter-outfits","12":"product_tag-insulated-quilt-gloves-for-winter-sports","13":"product_tag-luxury-gloves-for-fashion-retailers","14":"product_tag-oem-touchscreen-gloves-with-fleece","15":"product_tag-premium-driving-gloves-for-winter-use","16":"product_tag-quilted-winter-gloves-with-zipper","17":"product_tag-ryinz-gloves-for-private-label-winterwear","18":"product_tag-soft-lined-gloves-for-snow-and-frost","19":"product_tag-thermal-gloves-for-equestrian-apparel","20":"product_tag-touchscreen-compatible-outdoor-gloves","21":"product_tag-wholesale-fur-lined-gloves-for-boutiques","22":"product_tag-womens-touchscreen-cold-weather-gloves","24":"first","25":"instock","26":"taxable","27":"shipping-taxable","28":"purchasable","29":"product-type-simple"},"_links":{"self":[{"href":"https:\/\/ryinz.cz\/velkoobchod\/de\/wp-json\/wp\/v2\/product\/9165","targetHints":{"allow":["GET"]}}],"collection":[{"href":"https:\/\/ryinz.cz\/velkoobchod\/de\/wp-json\/wp\/v2\/product"}],"about":[{"href":"https:\/\/ryinz.cz\/velkoobchod\/de\/wp-json\/wp\/v2\/types\/product"}],"replies":[{"embeddable":true,"href":"https:\/\/ryinz.cz\/velkoobchod\/de\/wp-json\/wp\/v2\/comments?post=9165"}],"wp:featuredmedia":[{"embeddable":true,"href":"https:\/\/ryinz.cz\/velkoobchod\/de\/wp-json\/wp\/v2\/media\/9359"}],"wp:attachment":[{"href":"https:\/\/ryinz.cz\/velkoobchod\/de\/wp-json\/wp\/v2\/media?parent=9165"}],"wp:term":[{"taxonomy":"product_brand","embeddable":true,"href":"https:\/\/ryinz.cz\/velkoobchod\/de\/wp-json\/wp\/v2\/product_brand?post=9165"},{"taxonomy":"product_cat","embeddable":true,"href":"https:\/\/ryinz.cz\/velkoobchod\/de\/wp-json\/wp\/v2\/product_cat?post=9165"},{"taxonomy":"product_tag","embeddable":true,"href":"https:\/\/ryinz.cz\/velkoobchod\/de\/wp-json\/wp\/v2\/product_tag?post=9165"}],"curies":[{"name":"wp","href":"https:\/\/api.w.org\/{rel}","templated":true}]}}