{"id":9164,"date":"2025-06-22T15:31:10","date_gmt":"2025-06-22T15:31:10","guid":{"rendered":"https:\/\/ryinz.cz\/velkoobchod\/?post_type=product&#038;p=9164"},"modified":"2026-01-18T20:17:51","modified_gmt":"2026-01-18T20:17:51","slug":"benutzerdefinierte-wasserdichte-skihandschuhe-fur-groshandel-einzelhandel-gesteppte-thermische-pu-palm-handschuhe-von-ryinz-fur-wintersportbekleidung","status":"publish","type":"product","link":"https:\/\/ryinz.cz\/velkoobchod\/de\/product\/custom-waterproof-ski-gloves-for-wholesale-retail-quilted-thermal-pu-palm-gloves-by-ryinz-for-winter-sportswear\/","title":{"rendered":"Benutzerdefinierte wasserdichte Skihandschuhe f\u00fcr Gro\u00df-und Einzelhandel | gesteppte thermische PU Palm Handschuhe von RYINZ f\u00fcr Wintersportbekleidung"},"content":{"rendered":"<h3 data-start=\"232\" data-end=\"348\"><strong data-start=\"239\" data-end=\"346\">RYINZ High-Performance Winterhandschuhe - Blau &amp; Grau Sport Utility Handbekleidung mit Lederhandfl\u00e4chenschutz<\/strong><\/h3>\n<p data-start=\"350\" data-end=\"805\">Gebaut f\u00fcr extreme Bedingungen, ist der <strong data-start=\"384\" data-end=\"419\">RYINZ Performance Winterhandschuhe<\/strong> bieten ein haltbares, isoliertes und griffiges Design f\u00fcr Profis und Abenteurer gleicherma\u00dfen. Ausgestattet mit einem einzigartigen dreifarbigen Farbschema in <strong data-start=\"558\" data-end=\"573\">arktisches Blau<\/strong>, <strong data-start=\"575\" data-end=\"592\">graphitgrau<\/strong>, und <strong data-start=\"598\" data-end=\"607\">schwarz<\/strong>, Diese Handschuhe vereinen hochwertige Materialien mit ergonomischem Komfort und sind damit ideal f\u00fcr Wintersport, alpine Expeditionen, taktische Eins\u00e4tze und hochmobile Arbeiten in eisigen Umgebungen.<\/p>\n<p data-start=\"807\" data-end=\"1004\">Diese Handschuhe sind perfekt f\u00fcr <strong data-start=\"836\" data-end=\"854\">Skibekleidungsmarken<\/strong>, <strong data-start=\"856\" data-end=\"882\">Motorsport-Einzelh\u00e4ndler<\/strong>, <strong data-start=\"884\" data-end=\"910\">Anbieter von Outdoor-Ausr\u00fcstung<\/strong>, und <strong data-start=\"916\" data-end=\"945\">Eigenmarken-Kollektionen<\/strong> die eine hohe Sichtbarkeit mit einer robusten Haltbarkeit kombinieren wollen.<\/p>\n<hr data-start=\"1006\" data-end=\"1009\" \/>\n<h3 data-start=\"1011\" data-end=\"1055\">???? <strong data-start=\"1018\" data-end=\"1055\">Produktkonstruktion und Materialien:<\/strong><\/h3>\n<ul data-start=\"1056\" data-end=\"1718\">\n<li data-start=\"1056\" data-end=\"1139\">\n<p data-start=\"1058\" data-end=\"1139\"><strong data-start=\"1058\" data-end=\"1074\">\u00c4u\u00dfere Schale:<\/strong> Multi-Panel-Textil mit Stretch-Zonen f\u00fcr Flexibilit\u00e4t und Passform<\/p>\n<\/li>\n<li data-start=\"1140\" data-end=\"1208\">\n<p data-start=\"1142\" data-end=\"1208\"><strong data-start=\"1142\" data-end=\"1156\">Obere Tafel:<\/strong> Gesteppte schwarze Manschette f\u00fcr Schutz und Stil am Handgelenk<\/p>\n<\/li>\n<li data-start=\"1209\" data-end=\"1342\">\n<p data-start=\"1211\" data-end=\"1342\"><strong data-start=\"1211\" data-end=\"1234\">Color Block Panels:<\/strong> Der hellgraue K\u00f6rper und die leuchtend blaue untere H\u00e4lfte bieten einen starken Kontrast und hohe Sichtbarkeit bei Schnee oder schlechten Lichtverh\u00e4ltnissen<\/p>\n<\/li>\n<li data-start=\"1343\" data-end=\"1493\">\n<p data-start=\"1345\" data-end=\"1493\"><strong data-start=\"1345\" data-end=\"1354\">Handfl\u00e4che:<\/strong> Verst\u00e4rktes schwarzes Kunstleder mit ergonomischer Polsterung - zum Greifen von Skist\u00f6cken, Motorradgriffen, Werkzeug oder Trekkingausr\u00fcstung<\/p>\n<\/li>\n<li data-start=\"1494\" data-end=\"1609\">\n<p data-start=\"1496\" data-end=\"1609\"><strong data-start=\"1496\" data-end=\"1507\">Auskleidung:<\/strong> Thermischer Innenraum konzipiert f\u00fcr <strong data-start=\"1538\" data-end=\"1556\">W\u00e4rmespeicherung<\/strong> und lang anhaltender Tragekomfort ohne Erm\u00fcdungserscheinungen der H\u00e4nde<\/p>\n<\/li>\n<li data-start=\"1610\" data-end=\"1718\">\n<p data-start=\"1612\" data-end=\"1718\"><strong data-start=\"1612\" data-end=\"1627\">Handgelenk-Zone:<\/strong> Elastische Innenmanschette und verstellbarer Riemenverschluss, der die W\u00e4rme einschlie\u00dft und den Schnee abh\u00e4lt<\/p>\n<\/li>\n<\/ul>\n<hr data-start=\"1720\" data-end=\"1723\" \/>\n<h3 data-start=\"1725\" data-end=\"1761\">???? <strong data-start=\"1732\" data-end=\"1761\">Wichtigste Leistungsmerkmale:<\/strong><\/h3>\n<ul data-start=\"1762\" data-end=\"2344\">\n<li data-start=\"1762\" data-end=\"1911\">\n<p data-start=\"1764\" data-end=\"1911\">\u2705 <strong data-start=\"1766\" data-end=\"1796\">All-Terrain-Funktionalit\u00e4t:<\/strong> Ideal f\u00fcr den Einsatz in <strong data-start=\"1814\" data-end=\"1824\">Skifahren<\/strong>, <strong data-start=\"1826\" data-end=\"1842\">Snowboarden<\/strong>, <strong data-start=\"1844\" data-end=\"1863\">Mountainbiking<\/strong>, <strong data-start=\"1865\" data-end=\"1881\">Schneemobilfahren<\/strong>, und <strong data-start=\"1887\" data-end=\"1909\">Schlechtwetterarbeit<\/strong><\/p>\n<\/li>\n<li data-start=\"1912\" data-end=\"2027\">\n<p data-start=\"1914\" data-end=\"2027\">\u2705 <strong data-start=\"1916\" data-end=\"1943\">Verst\u00e4rktes Griffdesign:<\/strong> Handfl\u00e4chenseite mit strukturierten PU-Lederzonen f\u00fcr maximale Griffigkeit und Langlebigkeit des Handschuhs<\/p>\n<\/li>\n<li data-start=\"2028\" data-end=\"2112\">\n<p data-start=\"2030\" data-end=\"2112\">\u2705 <strong data-start=\"2032\" data-end=\"2059\">Winddichte Konstruktion:<\/strong> Au\u00dfenmaterial widersteht dem Eindringen von kalter Luft und Schnee<\/p>\n<\/li>\n<li data-start=\"2113\" data-end=\"2213\">\n<p data-start=\"2115\" data-end=\"2213\">\u2705 <strong data-start=\"2117\" data-end=\"2141\">Erweiterte Handgelenksmanschette:<\/strong> Das gesteppte Design verhindert W\u00e4rmeverlust und sorgt f\u00fcr ein professionelles Erscheinungsbild<\/p>\n<\/li>\n<li data-start=\"2214\" data-end=\"2344\">\n<p data-start=\"2216\" data-end=\"2344\">\u2705 <strong data-start=\"2218\" data-end=\"2247\">Mehrschichtige Langlebigkeit:<\/strong> Gebaut f\u00fcr den Einsatz unter rauen Bedingungen - ideal f\u00fcr hochmobile Sportarten oder Aktivit\u00e4ten im milit\u00e4rischen Stil<\/p>\n<\/li>\n<\/ul>\n<hr data-start=\"2346\" data-end=\"2349\" \/>\n<h3 data-start=\"2351\" data-end=\"2400\">???? <strong data-start=\"2358\" data-end=\"2400\">Individuelle Anpassung und OEM-Optionen \u00fcber RYINZ:<\/strong><\/h3>\n<ul data-start=\"2401\" data-end=\"2927\">\n<li data-start=\"2401\" data-end=\"2513\">\n<p data-start=\"2403\" data-end=\"2513\">???? <strong data-start=\"2406\" data-end=\"2423\">Logo-Optionen:<\/strong> Sublimierter, gestickter oder Thermotransferdruck auf Manschette, Handgelenkaufn\u00e4her oder Au\u00dfenh\u00fclle<\/p>\n<\/li>\n<li data-start=\"2514\" data-end=\"2642\">\n<p data-start=\"2516\" data-end=\"2642\">???? <strong data-start=\"2519\" data-end=\"2543\">Farbanpassung:<\/strong> Erh\u00e4ltlich in den Farben schwarz\/rot, marine\/grau, oliv\/orange oder in ma\u00dfgeschneiderten Farbpaletten f\u00fcr Markenkollektionen<\/p>\n<\/li>\n<li data-start=\"2643\" data-end=\"2735\">\n<p data-start=\"2645\" data-end=\"2735\">???? <strong data-start=\"2648\" data-end=\"2669\">Verpackungsarten:<\/strong> Polybeutel, Geschenkboxen, Zip-Beutel, \u00d6ko-Rollen (mit oder ohne Markenzeichen)<\/p>\n<\/li>\n<li data-start=\"2736\" data-end=\"2817\">\n<p data-start=\"2738\" data-end=\"2817\">???? <strong data-start=\"2741\" data-end=\"2755\">OEM-Gr\u00f6\u00dfen:<\/strong> XS bis XL (Erwachsene), optionale Gr\u00f6\u00dfentabelle f\u00fcr M\u00e4nner\/Frauen\/Jugendliche<\/p>\n<\/li>\n<li data-start=\"2818\" data-end=\"2927\">\n<p data-start=\"2820\" data-end=\"2927\">???? <strong data-start=\"2823\" data-end=\"2840\">MOQ-freundlich:<\/strong> Von kleinen Auflagen f\u00fcr Boutique-Marken bis hin zur Gro\u00dfserienproduktion f\u00fcr globale Vertriebsunternehmen<\/p>\n<\/li>\n<\/ul>\n<hr data-start=\"2929\" data-end=\"2932\" \/>\n<h3 data-start=\"2934\" data-end=\"2961\">???? <strong data-start=\"2941\" data-end=\"2961\">Am besten geeignet f\u00fcr:<\/strong><\/h3>\n<ul data-start=\"2962\" data-end=\"3368\">\n<li data-start=\"2962\" data-end=\"3034\">\n<p data-start=\"2964\" data-end=\"3034\">\u2744\ufe0f <strong data-start=\"2967\" data-end=\"2995\">Marken f\u00fcr Wintersportbekleidung<\/strong> Bedarf an Ski- oder Snowboardhandschuhen<\/p>\n<\/li>\n<li data-start=\"3035\" data-end=\"3101\">\n<p data-start=\"3037\" data-end=\"3101\">???? <strong data-start=\"3040\" data-end=\"3077\">Einzelh\u00e4ndler f\u00fcr taktische und Outdoor-Ausr\u00fcstung<\/strong> in EU- oder MENA-M\u00e4rkten<\/p>\n<\/li>\n<li data-start=\"3102\" data-end=\"3157\">\n<p data-start=\"3104\" data-end=\"3157\">????\ufe0f <strong data-start=\"3108\" data-end=\"3155\">Marken f\u00fcr Bergsteiger- und Expeditionsbedarf<\/strong><\/p>\n<\/li>\n<li data-start=\"3158\" data-end=\"3227\">\n<p data-start=\"3160\" data-end=\"3227\">????\ufe0f <strong data-start=\"3164\" data-end=\"3197\">Hersteller von Motorradbekleidung<\/strong> Suche nach wintertauglichen Handschuhen<\/p>\n<\/li>\n<li data-start=\"3228\" data-end=\"3302\">\n<p data-start=\"3230\" data-end=\"3302\">???? <strong data-start=\"3233\" data-end=\"3274\">Eigenmarken- oder White-Label-Programme<\/strong> Bedarf an OEM-Winterhandschuhen<\/p>\n<\/li>\n<li data-start=\"3303\" data-end=\"3368\">\n<p data-start=\"3305\" data-end=\"3368\">???? <strong data-start=\"3308\" data-end=\"3368\">Winterpromotionen f\u00fcr Unternehmen oder Geschenkpakete f\u00fcr Wintersportorte<\/strong><\/p>\n<\/li>\n<\/ul>\n<hr data-start=\"3370\" data-end=\"3373\" \/>\n<h3 data-start=\"3375\" data-end=\"3413\">???? <strong data-start=\"3382\" data-end=\"3413\">Warum RYINZ Handschuhe sich abheben:<\/strong><\/h3>\n<p data-start=\"3414\" data-end=\"3831\">Unter <strong data-start=\"3417\" data-end=\"3426\">RYINZ<\/strong>, Unsere Handschuhe werden in enger Zusammenarbeit zwischen europ\u00e4ischen Designteams und erfahrenen s\u00fcdasiatischen Herstellern entwickelt - f\u00fcr erstklassige Qualit\u00e4t, individuelles Styling und marktgerechte Preise. Die <strong data-start=\"3628\" data-end=\"3672\">Blau-graue Hochleistungs-Winterhandschuhe<\/strong> sind so konzipiert, dass sie zuverl\u00e4ssigen W\u00e4rmeschutz, taktische Griffigkeit und visuelle Einzigartigkeit bieten - und das alles bei gleichzeitiger Markenf\u00e4higkeit f\u00fcr das Wachstum von Eigenmarken.<\/p>\n<p data-start=\"3833\" data-end=\"4111\">Mit jahrelanger Erfahrung in der Betreuung von B2B-K\u00e4ufern in <strong data-start=\"3884\" data-end=\"3909\">28 europ\u00e4ische L\u00e4nder<\/strong>, Unser Produktionssystem unterst\u00fctzt sowohl Geschwindigkeit als auch Umfang. Diese Handschuhe k\u00f6nnen zu einem Bestseller in Ihrer Winter-, Taktik- oder Motorsport-Kollektion werden - unterst\u00fctzt durch eine langlebige Konstruktion und einen stilvollen Rand.<\/p>\n<p data-start=\"4113\" data-end=\"4164\"><strong data-start=\"4113\" data-end=\"4164\">RYINZ. Entwickelt f\u00fcr Leistung. Entwickelt, um zu verkaufen.<\/strong><\/p>","protected":false},"excerpt":{"rendered":"<p>Bequem und sicher auf dem Schnee mit <strong data-start=\"4018\" data-end=\"4057\">RYINZ All-Weather Schnee- und Skihandschuhe<\/strong> - Wintertaugliche Handschuhe f\u00fcr den Einsatz unter extremen Bedingungen. Diese Handschuhe kombinieren eine robuste Au\u00dfenh\u00fclle mit einer W\u00e4rmeisolierung und einem Komfortfutter und bieten so zuverl\u00e4ssigen Schutz vor Wind, Schnee und Feuchtigkeit. Die lange Stulpe bietet zus\u00e4tzlichen Schutz, w\u00e4hrend der verstellbare Riemen und die Handgelenksmanschette f\u00fcr einen sicheren Sitz der Handschuhe sorgen. Die verst\u00e4rkte Handfl\u00e4che verbessert die Griffigkeit, w\u00e4hrend gepolsterte Bereiche und vorgekr\u00fcmmte Finger die Flexibilit\u00e4t und den Schutz erh\u00f6hen. Diese Handschuhe sind ideal zum Skifahren, Snowboarden, Motorschlittenfahren und f\u00fcr Arbeiten bei kaltem Wetter geeignet und wurden f\u00fcr M\u00e4nner und Frauen entwickelt, die Stil und Leistung in einem brauchen.<\/p>","protected":false},"featured_media":9353,"comment_status":"closed","ping_status":"closed","template":"","meta":[],"product_brand":[35],"product_cat":[57],"product_tag":[304,305,306,307,308,309,310,311,312,313,314,315,316,317,318],"class_list":{"0":"post-9164","1":"product","2":"type-product","3":"status-publish","4":"has-post-thumbnail","6":"product_brand-ryinz","8":"product_tag-brown-and-white-stitched-thermal-gloves","9":"product_tag-cold-weather-accessories-for-gifting","10":"product_tag-designer-inspired-winter-gloves-for-branding","11":"product_tag-fashion-gloves-for-urban-winter-outfits","12":"product_tag-insulated-quilt-gloves-for-winter-sports","13":"product_tag-luxury-gloves-for-fashion-retailers","14":"product_tag-oem-touchscreen-gloves-with-fleece","15":"product_tag-premium-driving-gloves-for-winter-use","16":"product_tag-quilted-winter-gloves-with-zipper","17":"product_tag-ryinz-gloves-for-private-label-winterwear","18":"product_tag-soft-lined-gloves-for-snow-and-frost","19":"product_tag-thermal-gloves-for-equestrian-apparel","20":"product_tag-touchscreen-compatible-outdoor-gloves","21":"product_tag-wholesale-fur-lined-gloves-for-boutiques","22":"product_tag-womens-touchscreen-cold-weather-gloves","24":"first","25":"instock","26":"taxable","27":"shipping-taxable","28":"purchasable","29":"product-type-simple"},"_links":{"self":[{"href":"https:\/\/ryinz.cz\/velkoobchod\/de\/wp-json\/wp\/v2\/product\/9164","targetHints":{"allow":["GET"]}}],"collection":[{"href":"https:\/\/ryinz.cz\/velkoobchod\/de\/wp-json\/wp\/v2\/product"}],"about":[{"href":"https:\/\/ryinz.cz\/velkoobchod\/de\/wp-json\/wp\/v2\/types\/product"}],"replies":[{"embeddable":true,"href":"https:\/\/ryinz.cz\/velkoobchod\/de\/wp-json\/wp\/v2\/comments?post=9164"}],"wp:featuredmedia":[{"embeddable":true,"href":"https:\/\/ryinz.cz\/velkoobchod\/de\/wp-json\/wp\/v2\/media\/9353"}],"wp:attachment":[{"href":"https:\/\/ryinz.cz\/velkoobchod\/de\/wp-json\/wp\/v2\/media?parent=9164"}],"wp:term":[{"taxonomy":"product_brand","embeddable":true,"href":"https:\/\/ryinz.cz\/velkoobchod\/de\/wp-json\/wp\/v2\/product_brand?post=9164"},{"taxonomy":"product_cat","embeddable":true,"href":"https:\/\/ryinz.cz\/velkoobchod\/de\/wp-json\/wp\/v2\/product_cat?post=9164"},{"taxonomy":"product_tag","embeddable":true,"href":"https:\/\/ryinz.cz\/velkoobchod\/de\/wp-json\/wp\/v2\/product_tag?post=9164"}],"curies":[{"name":"wp","href":"https:\/\/api.w.org\/{rel}","templated":true}]}}