{"id":9066,"date":"2025-06-22T15:27:35","date_gmt":"2025-06-22T15:27:35","guid":{"rendered":"https:\/\/ryinz.cz\/velkoobchod\/?post_type=product&#038;p=9066"},"modified":"2026-01-18T20:17:32","modified_gmt":"2026-01-18T20:17:32","slug":"ryinz-premium-leder-skifaustlinge-wasserdicht-winddicht-thermisch-isolierte-winterhandschuhe-zum-skifahren-snowboarden","status":"publish","type":"product","link":"https:\/\/ryinz.cz\/velkoobchod\/de\/product\/ryinz-premium-leather-ski-mittens-waterproof-windproof-thermal-insulated-winter-gloves-for-skiing-snowboarding\/","title":{"rendered":"RYINZ Premium Leder-Skihandschuhe - Wasserdicht, winddicht, w\u00e4rmeisolierte Winterhandschuhe zum Skifahren &amp; Snowboarden"},"content":{"rendered":"<p class=\"\" data-start=\"307\" data-end=\"711\">Wenn extreme K\u00e4lte auf raue Abenteuer trifft, ist die <strong data-start=\"353\" data-end=\"399\">RYINZ MSG-0065 Premium Leder Skihandschuhe<\/strong> sind die ultimative Wahl f\u00fcr Leistung, Haltbarkeit und W\u00e4rme. Speziell f\u00fcr harte Winterbedingungen entwickelt, bieten diese F\u00e4ustlinge einen hervorragenden W\u00e4rmer\u00fcckhalt, hervorragenden Schutz vor Wind und Schnee und eine zeitlose \u00c4sthetik, die Hochleistungssportler, Bergf\u00fchrer und Schneeliebhaber gleicherma\u00dfen anspricht.<\/p>\n<p class=\"\" data-start=\"713\" data-end=\"1069\">Gefertigt mit <strong data-start=\"726\" data-end=\"756\">hochwertiges Vollnarbenleder<\/strong>, Die \u00e4u\u00dfere H\u00fclle des MSG-0065 bietet nat\u00fcrliche Wasserbest\u00e4ndigkeit, lang anhaltenden Verschlei\u00df und hohen Abriebschutz. Das geschmeidige Leder passt sich der Hand an und sorgt f\u00fcr hervorragende Flexibilit\u00e4t, ohne dabei an Isolierung oder St\u00e4rke einzub\u00fc\u00dfen. Jede Naht ist pr\u00e4zise f\u00fcr Aktivit\u00e4ten in hohen H\u00f6henlagen und bei Minusgraden im Winter entwickelt worden.<\/p>\n<p class=\"\" data-start=\"1071\" data-end=\"1420\">Innen ist der Handschuh mit einem <strong data-start=\"1100\" data-end=\"1129\">zweischichtiges thermisches System<\/strong> Kombination <strong data-start=\"1140\" data-end=\"1170\">3M\u2122 Thinsulate\u2122 Isolierung<\/strong> und eine <strong data-start=\"1177\" data-end=\"1204\">weiches Microfleece-Futter<\/strong> das die K\u00f6rperw\u00e4rme einschlie\u00dft und den Schwei\u00df verdunsten l\u00e4sst. Das Ergebnis sind trockene, kuschelige H\u00e4nde bei eisigen Temperaturen. Damit sind diese F\u00e4ustlinge ideal f\u00fcr den Dauereinsatz beim Snowboarden, Skifahren, Schneemobilfahren und Bergsteigen.<\/p>\n<p class=\"\" data-start=\"1422\" data-end=\"1780\">Der Klassiker <strong data-start=\"1434\" data-end=\"1449\">Handschuhdesign<\/strong> reduziert die Oberfl\u00e4chenbelastung und h\u00e4lt die Finger zusammen, was die Gesamtw\u00e4rme erh\u00f6ht. A <strong data-start=\"1536\" data-end=\"1562\">verst\u00e4rkte Daumenplatte<\/strong> erm\u00f6glicht einen besseren Halt und eine bessere Kontrolle \u00fcber Skist\u00f6cke, Lenker und andere Ausr\u00fcstung. Die <strong data-start=\"1644\" data-end=\"1672\">integrierte Rei\u00dfverschlusstasche<\/strong> ist ein praktisches Feature, das Handw\u00e4rmer, RFID-Ausweise oder andere Kleinigkeiten aufnimmt, ohne die Passform zu beeintr\u00e4chtigen.<\/p>\n<p class=\"\" data-start=\"1782\" data-end=\"2065\">Die <strong data-start=\"1786\" data-end=\"1812\">elastischer Handgelenksbereich<\/strong> und <strong data-start=\"1817\" data-end=\"1842\">verl\u00e4ngerte Ledermanschette<\/strong> bieten eine sichere Schneedichtung unter oder \u00fcber dem Jacken\u00e4rmel, w\u00e4hrend ein <strong data-start=\"1913\" data-end=\"1938\">verstellbare Klettverschlusslasche<\/strong> an der Manschette sorgt f\u00fcr eine individuell anpassbare Dichtigkeit. Die mitgelieferte <strong data-start=\"1996\" data-end=\"2021\">Abnehmbare Leine am Handgelenk<\/strong> verhindert den Verlust von Handschuhen auf der Piste oder an den Liften.<\/p>\n<p class=\"\" data-start=\"2067\" data-end=\"2337\">Diese Handschuhe eignen sich f\u00fcr professionelle Skifahrer, Outdoor-Arbeiter und Reisende, die hochgelegene Schneeregionen besuchen. Das minimalistische Design in nat\u00fcrlicher Lederfarbe mit geschmackvollem RYINZ-Branding spricht Kunden an, die Funktionalit\u00e4t mit dezenter Eleganz suchen.<\/p>\n<p class=\"\" data-start=\"2339\" data-end=\"2532\">Strapazierf\u00e4hig, atmungsaktiv, winddicht und modisch - die <strong data-start=\"2389\" data-end=\"2427\">RYINZ MSG-0065 Leder-Skihandschuhe<\/strong> sind f\u00fcr die Elite der Eink\u00e4ufer und Wiederverk\u00e4ufer in Europa, Nordamerika und dar\u00fcber hinaus ein unverzichtbarer Bestandteil des Winters.<\/p>\n<hr class=\"\" data-start=\"2534\" data-end=\"2537\" \/>\n<h3 class=\"\" data-start=\"2539\" data-end=\"2566\"><strong data-start=\"2543\" data-end=\"2566\">Produkt-Highlights:<\/strong><\/h3>\n<ul data-start=\"2568\" data-end=\"3222\">\n<li class=\"\" data-start=\"2568\" data-end=\"2659\">\n<p class=\"\" data-start=\"2570\" data-end=\"2659\">Hochwertiges, vollnarbiges Rindsleder f\u00fcr hervorragende Haltbarkeit und Wetterbest\u00e4ndigkeit<\/p>\n<\/li>\n<li class=\"\" data-start=\"2660\" data-end=\"2731\">\n<p class=\"\" data-start=\"2662\" data-end=\"2731\">Zweifache W\u00e4rmeisolierung: 3M\u2122 Thinsulate\u2122 + atmungsaktives Fleece-Futter<\/p>\n<\/li>\n<li class=\"\" data-start=\"2732\" data-end=\"2789\">\n<p class=\"\" data-start=\"2734\" data-end=\"2789\">Das Mitteldesign h\u00e4lt die Finger f\u00fcr maximale W\u00e4rme zusammen<\/p>\n<\/li>\n<li class=\"\" data-start=\"2790\" data-end=\"2842\">\n<p class=\"\" data-start=\"2792\" data-end=\"2842\">Integrierte Rei\u00dfverschlusstasche f\u00fcr Ausweise oder Handw\u00e4rmer<\/p>\n<\/li>\n<li class=\"\" data-start=\"2843\" data-end=\"2907\">\n<p class=\"\" data-start=\"2845\" data-end=\"2907\">Winddichtes und wasserabweisendes Finish f\u00fcr Schutz in den Bergen<\/p>\n<\/li>\n<li class=\"\" data-start=\"2908\" data-end=\"2974\">\n<p class=\"\" data-start=\"2910\" data-end=\"2974\">Lange Ledermanschette mit verstellbarem Klettverschluss f\u00fcr perfekten Sitz<\/p>\n<\/li>\n<li class=\"\" data-start=\"2975\" data-end=\"3030\">\n<p class=\"\" data-start=\"2977\" data-end=\"3030\">Verst\u00e4rkte Daumenzone f\u00fcr zus\u00e4tzlichen Halt und Haltbarkeit<\/p>\n<\/li>\n<li class=\"\" data-start=\"3031\" data-end=\"3077\">\n<p class=\"\" data-start=\"3033\" data-end=\"3077\">Inklusive Handgelenkschlaufe zur Vermeidung von Handschuhverlust<\/p>\n<\/li>\n<li class=\"\" data-start=\"3078\" data-end=\"3159\">\n<p class=\"\" data-start=\"3080\" data-end=\"3159\">Ideal zum Skifahren, Snowboarden, Eisklettern, Alpin-Trekking oder f\u00fcr Schneereisen<\/p>\n<\/li>\n<li class=\"\" data-start=\"3160\" data-end=\"3222\">\n<p class=\"\" data-start=\"3162\" data-end=\"3222\">Erh\u00e4ltlich in nat\u00fcrlichem Hellbraun mit schwarzen Branding-Akzenten<\/p>\n<\/li>\n<\/ul>\n<hr class=\"\" data-start=\"3224\" data-end=\"3227\" \/>\n<h3 class=\"\" data-start=\"3229\" data-end=\"3250\"><strong data-start=\"3233\" data-end=\"3250\">Anwendungen:<\/strong><\/h3>\n<ul data-start=\"3252\" data-end=\"3561\">\n<li class=\"\" data-start=\"3252\" data-end=\"3286\">\n<p class=\"\" data-start=\"3254\" data-end=\"3286\">Ski Alpin und Snowboarding<\/p>\n<\/li>\n<li class=\"\" data-start=\"3287\" data-end=\"3330\">\n<p class=\"\" data-start=\"3289\" data-end=\"3330\">Wintersporttraining und Wettk\u00e4mpfe<\/p>\n<\/li>\n<li class=\"\" data-start=\"3331\" data-end=\"3376\">\n<p class=\"\" data-start=\"3333\" data-end=\"3376\">Schneemobil- und ATV-Fahrten in kaltem Gel\u00e4nde<\/p>\n<\/li>\n<li class=\"\" data-start=\"3377\" data-end=\"3418\">\n<p class=\"\" data-start=\"3379\" data-end=\"3418\">Hochgebirgswandern und Eisklettern<\/p>\n<\/li>\n<li class=\"\" data-start=\"3419\" data-end=\"3450\">\n<p class=\"\" data-start=\"3421\" data-end=\"3450\">Rettungsmannschaften und Skistaffel<\/p>\n<\/li>\n<li class=\"\" data-start=\"3451\" data-end=\"3492\">\n<p class=\"\" data-start=\"3453\" data-end=\"3492\">Pendeln im Winter oder Arbeit im K\u00fchlhaus<\/p>\n<\/li>\n<li class=\"\" data-start=\"3493\" data-end=\"3525\">\n<p class=\"\" data-start=\"3495\" data-end=\"3525\">Arktische Touren und Expeditionen<\/p>\n<\/li>\n<li class=\"\" data-start=\"3526\" data-end=\"3561\">\n<p class=\"\" data-start=\"3528\" data-end=\"3561\">Winterbekleidung f\u00fcr Einzelhandel und Werbung<\/p>\n<\/li>\n<\/ul>\n<hr class=\"\" data-start=\"3563\" data-end=\"3566\" \/>\n<h3 class=\"\" data-start=\"3568\" data-end=\"3591\"><strong data-start=\"3572\" data-end=\"3591\">Spezifikationen:<\/strong><\/h3>\n<ul data-start=\"3593\" data-end=\"4048\">\n<li class=\"\" data-start=\"3593\" data-end=\"3612\">\n<p class=\"\" data-start=\"3595\" data-end=\"3612\">Modell: MSG-0065<\/p>\n<\/li>\n<li class=\"\" data-start=\"3613\" data-end=\"3693\">\n<p class=\"\" data-start=\"3615\" data-end=\"3693\">Materialien: Echtes Vollnarben-Rindsleder, 3M\u2122 Thinsulate\u2122, Fleece-Innenseite<\/p>\n<\/li>\n<li class=\"\" data-start=\"3694\" data-end=\"3721\">\n<p class=\"\" data-start=\"3696\" data-end=\"3721\">Gr\u00f6\u00dfen: S, M, L, XL, XXL<\/p>\n<\/li>\n<li class=\"\" data-start=\"3722\" data-end=\"3778\">\n<p class=\"\" data-start=\"3724\" data-end=\"3778\">Verschluss: Klettverschluss mit Leine am Handgelenk &amp; elastisches Handgelenk<\/p>\n<\/li>\n<li class=\"\" data-start=\"3779\" data-end=\"3833\">\n<p class=\"\" data-start=\"3781\" data-end=\"3833\">Farben: Tan Leder (anpassbar bei Gro\u00dfbestellungen)<\/p>\n<\/li>\n<li class=\"\" data-start=\"3834\" data-end=\"3891\">\n<p class=\"\" data-start=\"3836\" data-end=\"3891\">Branding: RYINZ (OEM-Eigenmarkenoptionen verf\u00fcgbar)<\/p>\n<\/li>\n<li class=\"\" data-start=\"3892\" data-end=\"3944\">\n<p class=\"\" data-start=\"3894\" data-end=\"3944\">Mindestbestellung: 300 Paare (OEM-Optionen verf\u00fcgbar)<\/p>\n<\/li>\n<li class=\"\" data-start=\"3945\" data-end=\"4003\">\n<p class=\"\" data-start=\"3947\" data-end=\"4003\">Verpackung: Einzelner Polybeutel oder kundenspezifischer Einzelhandelskarton<\/p>\n<\/li>\n<li class=\"\" data-start=\"4004\" data-end=\"4048\">\n<p class=\"\" data-start=\"4006\" data-end=\"4048\">Zertifizierungen: CE EN388, EN511 optional<\/p>\n<\/li>\n<\/ul>","protected":false},"excerpt":{"rendered":"<p>Bezwingen Sie den Schnee wie ein Profi mit dem <strong data-start=\"4143\" data-end=\"4181\">RYINZ MSG-0065 Leder-Skihandschuhe<\/strong>, f\u00fcr alle, die keine Kompromisse zwischen robuster Leistung und raffiniertem Stil eingehen wollen. Diese F\u00e4ustlinge bestehen aus strapazierf\u00e4higem Vollnarbenleder mit integrierter W\u00e4rmeisolierung f\u00fcr die h\u00e4rtesten Herausforderungen bei kaltem Wetter. Das Design des F\u00e4ustlings h\u00e4lt die Finger zusammen und sorgt so f\u00fcr mehr W\u00e4rme, w\u00e4hrend die Ges\u00e4\u00dftasche mit Rei\u00dfverschluss zus\u00e4tzliche Funktionalit\u00e4t bietet. Das weiche Innenfutter, die Wasserdichtigkeit und die verl\u00e4ngerte Stulpe zum Schutz vor Schnee machen diese Handschuhe zum idealen Begleiter f\u00fcr Skifahrer, Snowboarder und Motorschlittenfahrer. Egal, ob Sie die Alpen bezwingen oder Ihr Wintersortiment aufstocken wollen, diese F\u00e4ustlinge bieten Komfort, St\u00e4rke und klassische Bergmode - alles unter der bew\u00e4hrten Marke Ryinz.<\/p>","protected":false},"featured_media":8949,"comment_status":"closed","ping_status":"closed","template":"","meta":[],"product_brand":[35],"product_cat":[57],"product_tag":[297,298,299,300,301],"class_list":{"0":"post-9066","1":"product","2":"type-product","3":"status-publish","4":"has-post-thumbnail","6":"product_brand-ryinz","7":"product_cat-ski-snowboarding-gloves","8":"product_tag-cold-weather-mittens","9":"product_tag-cowhide-snow-gloves","10":"product_tag-customizable-ski-mittens","11":"product_tag-insulated-mittens","12":"product_tag-ski-mittens","14":"first","15":"instock","16":"taxable","17":"shipping-taxable","18":"purchasable","19":"product-type-simple"},"_links":{"self":[{"href":"https:\/\/ryinz.cz\/velkoobchod\/de\/wp-json\/wp\/v2\/product\/9066","targetHints":{"allow":["GET"]}}],"collection":[{"href":"https:\/\/ryinz.cz\/velkoobchod\/de\/wp-json\/wp\/v2\/product"}],"about":[{"href":"https:\/\/ryinz.cz\/velkoobchod\/de\/wp-json\/wp\/v2\/types\/product"}],"replies":[{"embeddable":true,"href":"https:\/\/ryinz.cz\/velkoobchod\/de\/wp-json\/wp\/v2\/comments?post=9066"}],"wp:featuredmedia":[{"embeddable":true,"href":"https:\/\/ryinz.cz\/velkoobchod\/de\/wp-json\/wp\/v2\/media\/8949"}],"wp:attachment":[{"href":"https:\/\/ryinz.cz\/velkoobchod\/de\/wp-json\/wp\/v2\/media?parent=9066"}],"wp:term":[{"taxonomy":"product_brand","embeddable":true,"href":"https:\/\/ryinz.cz\/velkoobchod\/de\/wp-json\/wp\/v2\/product_brand?post=9066"},{"taxonomy":"product_cat","embeddable":true,"href":"https:\/\/ryinz.cz\/velkoobchod\/de\/wp-json\/wp\/v2\/product_cat?post=9066"},{"taxonomy":"product_tag","embeddable":true,"href":"https:\/\/ryinz.cz\/velkoobchod\/de\/wp-json\/wp\/v2\/product_tag?post=9066"}],"curies":[{"name":"wp","href":"https:\/\/api.w.org\/{rel}","templated":true}]}}