{"id":9048,"date":"2025-06-22T15:27:02","date_gmt":"2025-06-22T15:27:02","guid":{"rendered":"https:\/\/ryinz.cz\/velkoobchod\/?post_type=product&#038;p=9048"},"modified":"2026-01-18T20:17:28","modified_gmt":"2026-01-18T20:17:28","slug":"reise-seesack-groshandel-ryinz-turnhalle-reise-und-sporttasche-eu-designs-hersteller-private-label-lieferant","status":"publish","type":"product","link":"https:\/\/ryinz.cz\/velkoobchod\/de\/product\/travel-duffel-bag-wholesale-ryinz-gym-travel-and-sports-bag-eu-designs-manufacturer-private-label-supplier\/","title":{"rendered":"Travel Duffel Bag Wholesale | Ryinz | Gym, Travel, and Sports Bag | EU Designs | Manufacturer &amp; Private Label Supplier"},"content":{"rendered":"<div class=\"flex-shrink-0 flex flex-col relative items-end\">\n<div class=\"pt-0\">\n<div class=\"gizmo-bot-avatar flex h-8 w-8 items-center justify-center overflow-hidden rounded-full\">\n<div class=\"relative p-1 rounded-sm flex items-center justify-center bg-token-main-surface-primary text-token-text-primary h-8 w-8\">\n<p class=\"\" data-start=\"218\" data-end=\"340\"><strong data-start=\"218\" data-end=\"340\">Travel Duffel Bag Wholesale | Ryinz | Gym, Travel, and Sports Bag | EU Designs | Manufacturer &amp; Private Label Supplier<\/strong><\/p>\n<p class=\"\" data-start=\"342\" data-end=\"647\">Unter <strong data-start=\"345\" data-end=\"354\">Ryinz<\/strong>, Wir versorgen Marken mit <strong data-start=\"377\" data-end=\"422\">nachfragestarke, weltweit attraktive Produkte<\/strong>.<br data-start=\"423\" data-end=\"426\" \/>Wir sind die <strong data-start=\"437\" data-end=\"484\">unsichtbarer Motor des internationalen Handels<\/strong>, und verbindet Hersteller, Marken und K\u00e4ufer in Europa, den USA und Asien.<br data-start=\"564\" data-end=\"567\" \/>Unser Auftrag: <strong data-start=\"580\" data-end=\"620\">Wir \u00f6ffnen T\u00fcren, damit Sie Verk\u00e4ufe t\u00e4tigen k\u00f6nnen<\/strong> - schlauer, schneller, besser.<\/p>\n<p class=\"\" data-start=\"649\" data-end=\"782\">Einf\u00fchrung in die <strong data-start=\"665\" data-end=\"692\">Ryinz Travel Duffel Bag<\/strong> - eine vielseitige, elegante und robuste L\u00f6sung f\u00fcr Reisen, Fitnessstudio, Sport und den t\u00e4glichen Gebrauch.<\/p>\n<hr class=\"\" data-start=\"784\" data-end=\"787\" \/>\n<h3 class=\"\" data-start=\"789\" data-end=\"816\"><strong data-start=\"793\" data-end=\"815\">Produkt-Highlights<\/strong>:<\/h3>\n<p class=\"\" data-start=\"818\" data-end=\"1330\">\u2705 <strong data-start=\"820\" data-end=\"836\">Produktname<\/strong>: Ryinz Mehrzweck-Reisetasche Duffel Bag<br data-start=\"874\" data-end=\"877\" \/>\u2705 <strong data-start=\"879\" data-end=\"891\">Material<\/strong>: Strapazierf\u00e4higes Polyester (wasserabweisende Beschichtung)<br data-start=\"939\" data-end=\"942\" \/>\u2705 <strong data-start=\"944\" data-end=\"953\">Farbe<\/strong>: Klassisches Tan Brown mit schwarzen Akzenten (benutzerdefinierte Farben verf\u00fcgbar)<br data-start=\"1017\" data-end=\"1020\" \/>\u2705 <strong data-start=\"1022\" data-end=\"1038\">Logo-Optionen<\/strong>: Rohling, individueller Siebdruck, Stickerei, Gummipatch<br data-start=\"1092\" data-end=\"1095\" \/>\u2705 <strong data-start=\"1097\" data-end=\"1116\">Design-Merkmale<\/strong>:<br data-start=\"1117\" data-end=\"1120\" \/>- Ger\u00e4umiges Hauptabteil<br data-start=\"1147\" data-end=\"1150\" \/>- Rei\u00dfverschlusstasche vorne f\u00fcr wichtige Kleinigkeiten<br data-start=\"1192\" data-end=\"1195\" \/>- Seitliche Rei\u00dfverschlusstasche (ideal f\u00fcr Schuhe oder nasse Kleidung)<br data-start=\"1245\" data-end=\"1248\" \/>- Abnehmbarer, verstellbarer Schultergurt<br data-start=\"1286\" data-end=\"1289\" \/>- Gepolsterte Doppel-Tragegriffe f\u00fcr mehr Komfort<\/p>\n<p class=\"\" data-start=\"1332\" data-end=\"1345\">\u2705 <strong data-start=\"1334\" data-end=\"1342\">Gr\u00f6\u00dfe<\/strong>:<\/p>\n<ul data-start=\"1346\" data-end=\"1428\">\n<li class=\"\" data-start=\"1346\" data-end=\"1363\">\n<p class=\"\" data-start=\"1348\" data-end=\"1363\">L\u00e4nge: 52 cm<\/p>\n<\/li>\n<li class=\"\" data-start=\"1364\" data-end=\"1380\">\n<p class=\"\" data-start=\"1366\" data-end=\"1380\">Breite: 28 cm<\/p>\n<\/li>\n<li class=\"\" data-start=\"1381\" data-end=\"1398\">\n<p class=\"\" data-start=\"1383\" data-end=\"1398\">H\u00f6he: 28 cm<\/p>\n<\/li>\n<li class=\"\" data-start=\"1399\" data-end=\"1428\">\n<p class=\"\" data-start=\"1401\" data-end=\"1428\">Fassungsverm\u00f6gen: Ca. 40 Liter<\/p>\n<\/li>\n<\/ul>\n<p class=\"\" data-start=\"1430\" data-end=\"1638\">\u2705 <strong data-start=\"1432\" data-end=\"1439\">Fit<\/strong>: Leicht, ergonomisch, f\u00fcr das Handgep\u00e4ck geeignet<br data-start=\"1487\" data-end=\"1490\" \/>\u2705 <strong data-start=\"1492\" data-end=\"1499\">Verwenden Sie<\/strong>: Fitnessstudio, Reisen, Sport, Training, Wochenendausfl\u00fcge, Veranstaltungen<br data-start=\"1553\" data-end=\"1556\" \/>\u2705 <strong data-start=\"1558\" data-end=\"1565\">MOQ<\/strong>: Flexible, niedrige Mindestbetr\u00e4ge f\u00fcr Gro\u00dfhandel, Einzelhandel und Private Label Branding<\/p>\n<hr class=\"\" data-start=\"1640\" data-end=\"1643\" \/>\n<h3 class=\"\" data-start=\"1645\" data-end=\"1674\"><strong data-start=\"1649\" data-end=\"1673\">Detaillierte Beschreibung<\/strong>:<\/h3>\n<p class=\"\" data-start=\"1676\" data-end=\"1839\">Die <strong data-start=\"1680\" data-end=\"1707\">Ryinz Travel Duffel Bag<\/strong> ist f\u00fcr Bewegung gemacht - egal, ob Sie ins Fitnessstudio gehen, einen Wochenendausflug machen oder Ihre Ausr\u00fcstung zum Sport tragen wollen.<\/p>\n<p class=\"\" data-start=\"1841\" data-end=\"2284\">Gefertigt aus <strong data-start=\"1854\" data-end=\"1894\">wasserabweisendes, strapazierf\u00e4higes Polyester<\/strong>, liefert dieser Seesack <strong data-start=\"1917\" data-end=\"1968\">St\u00e4rke, geringes Gewicht und zuverl\u00e4ssiger Schutz<\/strong> gegen Witterung und Verschlei\u00df.<br data-start=\"1994\" data-end=\"1997\" \/>Die <strong data-start=\"2001\" data-end=\"2027\">gro\u00dfes Hauptfach<\/strong> bietet ausreichend Platz f\u00fcr Sportkleidung, Schuhe, technisches Zubeh\u00f6r, Handt\u00fccher und andere Dinge des t\u00e4glichen Bedarfs.<br data-start=\"2119\" data-end=\"2122\" \/>A <strong data-start=\"2124\" data-end=\"2149\">seitliches Schuhfach<\/strong> trennt saubere Kleidung von schmutziger oder nasser Kleidung, w\u00e4hrend ein <strong data-start=\"2206\" data-end=\"2229\">Fronttasche mit Rei\u00dfverschluss<\/strong> erm\u00f6glicht den schnellen Zugriff auf Schl\u00fcssel, Brieftaschen oder P\u00e4sse.<\/p>\n<p class=\"\" data-start=\"2286\" data-end=\"2455\">Die <strong data-start=\"2290\" data-end=\"2326\">verstellbarer, gepolsterter Schultergurt<\/strong> und <strong data-start=\"2331\" data-end=\"2360\">komfortable Tragegriffe<\/strong> bieten einfache Tragem\u00f6glichkeiten, egal ob Sie pendeln, trainieren oder international unterwegs sind.<\/p>\n<p class=\"\" data-start=\"2457\" data-end=\"2643\">Anpassbar mit <strong data-start=\"2475\" data-end=\"2494\">Ihr Markenlogo<\/strong>, Die Ryinz Travel Duffel Bag ist ideal f\u00fcr Fitnessstudioketten, Reisemarken, Werbeveranstaltungen, Firmengeschenke, Sportvereine und Online-Modegesch\u00e4fte.<\/p>\n<hr class=\"\" data-start=\"2645\" data-end=\"2648\" \/>\n<h3 class=\"\" data-start=\"2650\" data-end=\"2703\"><strong data-start=\"2654\" data-end=\"2702\">Hauptmerkmale f\u00fcr Gro\u00df- und Einzelhandelsk\u00e4ufer<\/strong>:<\/h3>\n<p class=\"\" data-start=\"2705\" data-end=\"3215\">???? <strong data-start=\"2708\" data-end=\"2734\">Europ\u00e4isches Design Appeal<\/strong>: Stilvoll, praktisch und qualitativ hochwertig.<br data-start=\"2776\" data-end=\"2779\" \/>???? <strong data-start=\"2782\" data-end=\"2813\">Hersteller-direkte Preisgestaltung<\/strong>: Maximieren Sie Ihren Gewinn und Produktwert.<br data-start=\"2855\" data-end=\"2858\" \/>???? <strong data-start=\"2861\" data-end=\"2888\">Individuelle Branding-Optionen<\/strong>: Gestalten Sie es mit einer Stickerei, einem Gummiaufn\u00e4her oder einem Siebdruck.<br data-start=\"2956\" data-end=\"2959\" \/>???? <strong data-start=\"2962\" data-end=\"2982\">Multi-Market Fit<\/strong>: Fitness, Reisen, Sport, Modeeinzelhandel, Firmengeschenke.<br data-start=\"3043\" data-end=\"3046\" \/>???? <strong data-start=\"3049\" data-end=\"3087\">Schnelle Produktion und schnelle Lieferung<\/strong>: Gro\u00dfauftr\u00e4ge werden zuverl\u00e4ssig weltweit versandt.<br data-start=\"3128\" data-end=\"3131\" \/>???? <strong data-start=\"3134\" data-end=\"3156\">Langlebigkeit im Fokus<\/strong>: Strapazierf\u00e4hige Rei\u00dfverschl\u00fcsse, starke N\u00e4hte, verst\u00e4rkte Griffe.<\/p>\n<hr class=\"\" data-start=\"3217\" data-end=\"3220\" \/>\n<h3 class=\"\" data-start=\"3222\" data-end=\"3248\"><strong data-start=\"3226\" data-end=\"3247\">Ideen f\u00fcr die Bewerbung<\/strong>:<\/h3>\n<p class=\"\" data-start=\"3250\" data-end=\"3521\">- Fitnessstudio-Ketten und Fitnessclubs<br data-start=\"3280\" data-end=\"3283\" \/>- Einzelh\u00e4ndler f\u00fcr Reiseausr\u00fcstung und Reisegep\u00e4ck<br data-start=\"3318\" data-end=\"3321\" \/>- Sportvereine und Trainingszentren<br data-start=\"3356\" data-end=\"3359\" \/>- Merchandising und Werbung f\u00fcr Veranstaltungen<br data-start=\"3393\" data-end=\"3396\" \/>- Modemarken und E-Commerce-Einzelh\u00e4ndler<br data-start=\"3437\" data-end=\"3440\" \/>- Marken f\u00fcr Outdoor-Abenteuer<br data-start=\"3466\" data-end=\"3469\" \/>- Private Label-Startups mit Fokus auf Reisen oder Sport<\/p>\n<hr class=\"\" data-start=\"3523\" data-end=\"3526\" \/>\n<h3 class=\"\" data-start=\"3528\" data-end=\"3565\"><strong data-start=\"3532\" data-end=\"3564\">Perfekte Gr\u00f6\u00dfe und Passform Details<\/strong>:<\/h3>\n<div class=\"group pointer-events-none relative flex justify-center *:pointer-events-auto\"><button class=\"hover:bg-token-main-surface-secondary text-token-text-secondary pointer-events-auto rounded-lg px-1 py-1 opacity-0 transition-opacity duration-200 group-focus-within:opacity-100 group-hover:opacity-100\"><\/button><\/p>\n<div class=\"tableContainer horzScrollShadows relative\">\n<table class=\"min-w-full\" data-start=\"3567\" data-end=\"3746\">\n<thead data-start=\"3567\" data-end=\"3636\">\n<tr data-start=\"3567\" data-end=\"3636\">\n<th data-start=\"3567\" data-end=\"3574\">Gr\u00f6\u00dfe<\/th>\n<th data-start=\"3574\" data-end=\"3588\">L\u00e4nge (cm)<\/th>\n<th data-start=\"3588\" data-end=\"3601\">Breite (cm)<\/th>\n<th data-start=\"3601\" data-end=\"3615\">H\u00f6he (cm)<\/th>\n<th data-start=\"3615\" data-end=\"3636\">Fassungsverm\u00f6gen (Liter)<\/th>\n<\/tr>\n<\/thead>\n<tbody data-start=\"3707\" data-end=\"3746\">\n<tr data-start=\"3707\" data-end=\"3746\">\n<td class=\"max-w-[calc(var(--thread-content-max-width)*2\/3)]\" data-start=\"3707\" data-end=\"3718\">Einheitsgr\u00f6\u00dfe<\/td>\n<td class=\"max-w-[calc(var(--thread-content-max-width)*2\/3)]\" data-start=\"3718\" data-end=\"3723\">52<\/td>\n<td class=\"max-w-[calc(var(--thread-content-max-width)*2\/3)]\" data-start=\"3723\" data-end=\"3728\">28<\/td>\n<td class=\"max-w-[calc(var(--thread-content-max-width)*2\/3)]\" data-start=\"3728\" data-end=\"3733\">28<\/td>\n<td class=\"max-w-[calc(var(--thread-content-max-width)*2\/3)]\" data-start=\"3733\" data-end=\"3746\">40 Liter<\/td>\n<\/tr>\n<\/tbody>\n<\/table>\n<\/div>\n<\/div>\n<p class=\"\" data-start=\"3748\" data-end=\"3837\">(F\u00fcr Fluggesellschaften zugelassene Handgep\u00e4ckgr\u00f6\u00dfe, in die problemlos ein komplettes Sportzeug oder eine Wochenendreiseausr\u00fcstung passt).<\/p>\n<\/div>\n<\/div>\n<\/div>\n<\/div>","protected":false},"excerpt":{"rendered":"<div class=\"flex-shrink-0 flex flex-col relative items-end\">\n<div class=\"pt-0\">\n<div class=\"gizmo-bot-avatar flex h-8 w-8 items-center justify-center overflow-hidden rounded-full\">\n<div class=\"relative p-1 rounded-sm flex items-center justify-center bg-token-main-surface-primary text-token-text-primary h-8 w-8\">\n<h3 class=\"\" data-start=\"2650\" data-end=\"2703\"><strong data-start=\"2654\" data-end=\"2702\">Hauptmerkmale f\u00fcr Gro\u00df- und Einzelhandelsk\u00e4ufer<\/strong>:<\/h3>\n<p class=\"\" data-start=\"2705\" data-end=\"3215\">???? <strong data-start=\"2708\" data-end=\"2734\">Europ\u00e4isches Design Appeal<\/strong>: Stilvoll, praktisch und qualitativ hochwertig.<br data-start=\"2776\" data-end=\"2779\" \/>???? <strong data-start=\"2782\" data-end=\"2813\">Hersteller-direkte Preisgestaltung<\/strong>: Maximieren Sie Ihren Gewinn und Produktwert.<br data-start=\"2855\" data-end=\"2858\" \/>???? <strong data-start=\"2861\" data-end=\"2888\">Individuelle Branding-Optionen<\/strong>: Gestalten Sie es mit einer Stickerei, einem Gummiaufn\u00e4her oder einem Siebdruck.<br data-start=\"2956\" data-end=\"2959\" \/>???? <strong data-start=\"2962\" data-end=\"2982\">Multi-Market Fit<\/strong>: Fitness, Reisen, Sport, Modeeinzelhandel, Firmengeschenke.<br data-start=\"3043\" data-end=\"3046\" \/>???? <strong data-start=\"3049\" data-end=\"3087\">Schnelle Produktion und schnelle Lieferung<\/strong>: Gro\u00dfauftr\u00e4ge werden zuverl\u00e4ssig weltweit versandt.<br data-start=\"3128\" data-end=\"3131\" \/>???? <strong data-start=\"3134\" data-end=\"3156\">Langlebigkeit im Fokus<\/strong>: Strapazierf\u00e4hige Rei\u00dfverschl\u00fcsse, starke N\u00e4hte, verst\u00e4rkte Griffe.<\/p>\n<\/div>\n<\/div>\n<\/div>\n<\/div>","protected":false},"featured_media":9130,"comment_status":"closed","ping_status":"closed","template":"","meta":[],"product_brand":[35],"product_cat":[233],"product_tag":[256,257,258,259,260,261,262,263,264,265],"class_list":{"0":"post-9048","1":"product","2":"type-product","3":"status-publish","4":"has-post-thumbnail","6":"product_brand-ryinz","7":"product_cat-bags","8":"product_tag-custom-logo-bag","9":"product_tag-duffel-bag","10":"product_tag-durable-travel-bag","11":"product_tag-gillani-bag","12":"product_tag-gym-bag","13":"product_tag-large-storage-bag","14":"product_tag-sports-bag","15":"product_tag-travel-duffel","16":"product_tag-water-resistant-duffel","17":"product_tag-weekend-bag","19":"first","20":"instock","21":"taxable","22":"shipping-taxable","23":"purchasable","24":"product-type-simple"},"_links":{"self":[{"href":"https:\/\/ryinz.cz\/velkoobchod\/de\/wp-json\/wp\/v2\/product\/9048","targetHints":{"allow":["GET"]}}],"collection":[{"href":"https:\/\/ryinz.cz\/velkoobchod\/de\/wp-json\/wp\/v2\/product"}],"about":[{"href":"https:\/\/ryinz.cz\/velkoobchod\/de\/wp-json\/wp\/v2\/types\/product"}],"replies":[{"embeddable":true,"href":"https:\/\/ryinz.cz\/velkoobchod\/de\/wp-json\/wp\/v2\/comments?post=9048"}],"wp:featuredmedia":[{"embeddable":true,"href":"https:\/\/ryinz.cz\/velkoobchod\/de\/wp-json\/wp\/v2\/media\/9130"}],"wp:attachment":[{"href":"https:\/\/ryinz.cz\/velkoobchod\/de\/wp-json\/wp\/v2\/media?parent=9048"}],"wp:term":[{"taxonomy":"product_brand","embeddable":true,"href":"https:\/\/ryinz.cz\/velkoobchod\/de\/wp-json\/wp\/v2\/product_brand?post=9048"},{"taxonomy":"product_cat","embeddable":true,"href":"https:\/\/ryinz.cz\/velkoobchod\/de\/wp-json\/wp\/v2\/product_cat?post=9048"},{"taxonomy":"product_tag","embeddable":true,"href":"https:\/\/ryinz.cz\/velkoobchod\/de\/wp-json\/wp\/v2\/product_tag?post=9048"}],"curies":[{"name":"wp","href":"https:\/\/api.w.org\/{rel}","templated":true}]}}