{"id":9047,"date":"2025-06-22T15:27:02","date_gmt":"2025-06-22T15:27:02","guid":{"rendered":"https:\/\/ryinz.cz\/velkoobchod\/?post_type=product&#038;p=9047"},"modified":"2026-01-18T20:17:27","modified_gmt":"2026-01-18T20:17:27","slug":"urbanen-schwarzen-rucksack-groshandel-minimalistisches-design-ryinz-eu-marke-hersteller-einzelhandler-benutzerdefinierte-logo-lieferant","status":"publish","type":"product","link":"https:\/\/ryinz.cz\/velkoobchod\/de\/product\/urban-black-backpack-wholesale-minimalist-design-ryinz-eu-brand-manufacturer-retailer-custom-logo-supplier\/","title":{"rendered":"Urban Black Backpack Gro\u00dfhandel | Minimalist Design | Ryinz EU Marke | Hersteller, Einzelh\u00e4ndler, kundenspezifische Logo Lieferant"},"content":{"rendered":"<div class=\"flex-shrink-0 flex flex-col relative items-end\">\n<div class=\"pt-0\">\n<div class=\"gizmo-bot-avatar flex h-8 w-8 items-center justify-center overflow-hidden rounded-full\">\n<div class=\"relative p-1 rounded-sm flex items-center justify-center bg-token-main-surface-primary text-token-text-primary h-8 w-8\">\n<p>Urban Black Backpack Gro\u00dfhandel | Minimalist Design | Ryinz EU Marke | Hersteller, Einzelh\u00e4ndler, kundenspezifische Logo Lieferant<\/p>\n<p>Ryinz verbindet Marken, Einzelh\u00e4ndler und Eink\u00e4ufer mit hochwertigen Herstellern, die europ\u00e4ische Designstandards und globale Handelsl\u00f6sungen bieten.<\/p>\n<p>Unser Auftrag ist einfach: Wir \u00f6ffnen T\u00fcren, damit Sie Verk\u00e4ufe t\u00e4tigen k\u00f6nnen - schneller, intelligenter und besser.<\/p>\n<p>Der Ryinz Urban Black Backpack bietet die perfekte Mischung aus minimalistischer \u00c4sthetik, Haltbarkeit und Funktionalit\u00e4t. Er ist ideal f\u00fcr Unternehmen, Online-Shops, Firmengeschenkprogramme, Eigenmarken und Werbeartikel, die auf den modernen urbanen Lebensstil abzielen.<\/p>\n<p>Produkt-Highlights:<\/p>\n<p>\u2705 Produktname: Ryinz Urban Schwarzer Minimalistischer Rucksack<\/p>\n<p>\u2705 Material: Hochwertiges Canvas-Polyester-Gemisch (wasserabweisend)<\/p>\n<p>Farbe: Tiefschwarz (benutzerdefinierte Farben f\u00fcr Gro\u00dfauftr\u00e4ge verf\u00fcgbar)<\/p>\n<p>\u2705 Logo-Optionen: Blanko, individuelle Bestickung, Hei\u00dftransfer oder bedruckter Aufn\u00e4her<\/p>\n<p>\u2705 F\u00e4cher:<\/p>\n<p>- Ger\u00e4umiges Hauptfach mit Deckelklappe<\/p>\n<p>- Seitliche Rei\u00dfverschl\u00fcsse f\u00fcr Essentials<\/p>\n<p>- Versteckte Innentaschen f\u00fcr Wertsachen<\/p>\n<p>\u2705 Gr\u00f6\u00dfe:<\/p>\n<p>H\u00f6he: 50 cm<\/p>\n<p>Breite: 32 cm<\/p>\n<p>Tiefe: 18 cm<\/p>\n<p>Fassungsverm\u00f6gen: Ca. 28-30 Liter<\/p>\n<p>\u2705 Passform: Leicht, ergonomisch, schlankes Profil<\/p>\n<p>\u2705 Verwendung: T\u00e4gliches Pendeln, Gesch\u00e4ft, Reisen, Fitnessstudio, E-Commerce-Einzelhandel, Geschenkartikel<\/p>\n<p>\u2705 MOQ: Niedrige Mindestmengen f\u00fcr Gro\u00dfhandel und individuelle Branding-Projekte verf\u00fcgbar<\/p>\n<p>Detaillierte Beschreibung:<\/p>\n<p>Der Ryinz Urban Black Backpack wurde speziell f\u00fcr Stadtpendler und moderne Reisende entwickelt und ist sowohl stilvoll als auch praktisch.<\/p>\n<p>Sie ist aus einem wasserabweisenden, strapazierf\u00e4higen Canvas-Polyester-Gemisch gefertigt und bietet hervorragenden Schutz f\u00fcr die wichtigsten Dinge des Alltags - vom Laptop \u00fcber die Sportausr\u00fcstung bis hin zu den Arbeitsunterlagen.<\/p>\n<p>Das minimalistische, schn\u00f6rkellose Design sorgt f\u00fcr Eleganz und Professionalit\u00e4t, w\u00e4hrend mehrere F\u00e4cher eine intelligente Aufbewahrung und einen einfachen Zugriff auf wichtige Gegenst\u00e4nde gew\u00e4hrleisten.<\/p>\n<p>Ein Verschluss mit Klappe bietet zus\u00e4tzlichen Wetterschutz, w\u00e4hrend diskrete Seitenrei\u00dfverschl\u00fcsse zus\u00e4tzliche Funktionalit\u00e4t bieten.<\/p>\n<p>Diese vielseitige Tasche eignet sich perfekt f\u00fcr technikbegeisterte Benutzer, stilbewusste Pendler, Studenten und Stadtentdecker und kann problemlos mit dem Logo oder Werbematerial Ihrer Marke versehen werden.<\/p>\n<p>Der Ryinz Urban Black Backpack ist f\u00fcr die Herstellung von Eigenmarken, f\u00fcr den Gro\u00dfhandel und f\u00fcr individuelle Logoprogramme erh\u00e4ltlich und passt perfekt in die Kategorien Mode, Unternehmen, Werbung und Einzelhandel.<\/p>\n<p>Hauptmerkmale f\u00fcr Gro\u00df- und Einzelhandelsk\u00e4ufer:<\/p>\n<p>???? Minimalistisches EU-Design: Sauberes, professionelles Aussehen, perfekt f\u00fcr st\u00e4dtische Umgebungen.<\/p>\n<p>???? Hersteller-direkte Preisgestaltung: Maximieren Sie Ihre Gewinnspanne mit Gro\u00dfhandelspreisen.<\/p>\n<p>???? Private Label Ready: Vollst\u00e4ndige Anpassungsm\u00f6glichkeiten f\u00fcr Ihre Marke oder Veranstaltung.<\/p>\n<p>???? Branchen\u00fcbergreifende Anwendung: Hervorragend geeignet f\u00fcr Einzelh\u00e4ndler, Start-ups, Modelabels, Werbeagenturen und Anbieter von Firmengeschenken.<\/p>\n<p>???? Schnelle Produktion und Versand: Schnelle Lieferung in ganz Europa, den USA und Asien.<\/p>\n<p>???? Langlebigkeit im Alltag: Robustes Material f\u00fcr einen gesch\u00e4ftigen Lebensstil und den t\u00e4glichen Arbeitsweg.<\/p>\n<p>Ideen f\u00fcr die Anwendung:<\/p>\n<p>- Urbane Modeeinzelh\u00e4ndler<\/p>\n<p>- E-Commerce Taschen- und Accessoire-Gesch\u00e4fte<\/p>\n<p>- Lieferanten von Firmengeschenken und Werbeartikeln<\/p>\n<p>- Fitnessmarken und Fitnessstudios (als Werbegeschenke)<\/p>\n<p>- Universit\u00e4ten, Technologieunternehmen, Start-ups (Willkommenspakete)<\/p>\n<p>- Einzelh\u00e4ndler f\u00fcr Reise- und Pendlerausr\u00fcstung<\/p>\n<p>- Amazon-, Shopify- und eBay-Verk\u00e4ufer f\u00fchren neue Produktlinien ein<\/p>\n<p>Perfekte Gr\u00f6\u00dfe und Passform Details:<\/p>\n<p>Gr\u00f6\u00dfe H\u00f6he (cm) Breite (cm) Tiefe (cm) Fassungsverm\u00f6gen (Liter)<\/p>\n<p>Einheitsgr\u00f6\u00dfe 50 32 18 28-30 Liter<\/p>\n<p>(Perfekt f\u00fcr einen 15,6\u2033-Laptop, Akten, B\u00fccher, Sportklamotten und pers\u00f6nliches technisches Zubeh\u00f6r).<\/p>\n<p>&nbsp;<\/p>\n<p>Warum Ryinz w\u00e4hlen?<\/p>\n<p>???? Ryinz unterst\u00fctzt Ihr Unternehmenswachstum durch den direkten Zugang zu qualitativ hochwertigen, europ\u00e4isch inspirierten Produkten zu Gro\u00dfhandelspreisen.<\/p>\n<p>???? Wir bieten anpassbare, marktreife Produkte, die Marken, Einzelh\u00e4ndlern und Unternehmern helfen, schneller und effizienter zu wachsen.<\/p>\n<p>Von der Produktbeschaffung bis zum Branding und der Logistik ist Ryinz Ihr zuverl\u00e4ssiger internationaler Handelspartner in Europa, den USA und Asien.<\/p>\n<p>Wir \u00f6ffnen T\u00fcren - Sie schlie\u00dfen Gesch\u00e4fte ab.<\/p>\n<p>Kontakt Ryinz f\u00fcr Gro\u00dfhandel und individuelle Bestellungen<\/p>\n<p>Sind Sie bereit, einen stilvollen, modernen Rucksack in Ihren Einzelhandels-, Werbe- oder Eigenmarkenkatalog aufzunehmen?<\/p>\n<p>???? Website: www.ryinz.com<\/p>\n<p>???? E-Mail: lavie@ryinz.cz<\/p>\n<p>???? Telefon\/WhatsApp: +420 604 413 141<\/p>\n<p>Ryinz - Globales Wachstum, ein Produkt nach dem anderen.<\/p>\n<\/div>\n<\/div>\n<\/div>\n<\/div>","protected":false},"excerpt":{"rendered":"<div class=\"flex-shrink-0 flex flex-col relative items-end\">\n<div class=\"pt-0\">\n<div class=\"gizmo-bot-avatar flex h-8 w-8 items-center justify-center overflow-hidden rounded-full\">\n<div class=\"relative p-1 rounded-sm flex items-center justify-center bg-token-main-surface-primary text-token-text-primary h-8 w-8\">\n<p>Hauptmerkmale f\u00fcr Gro\u00df- und Einzelhandelsk\u00e4ufer:<\/p>\n<p>???? Minimalistisches EU-Design: Sauberes, professionelles Aussehen, perfekt f\u00fcr st\u00e4dtische Umgebungen.<\/p>\n<p>???? Hersteller-direkte Preisgestaltung: Maximieren Sie Ihre Gewinnspanne mit Gro\u00dfhandelspreisen.<\/p>\n<p>???? Private Label Ready: Vollst\u00e4ndige Anpassungsm\u00f6glichkeiten f\u00fcr Ihre Marke oder Veranstaltung.<\/p>\n<p>???? Branchen\u00fcbergreifende Anwendung: Hervorragend geeignet f\u00fcr Einzelh\u00e4ndler, Start-ups, Modelabels, Werbeagenturen und Anbieter von Firmengeschenken.<\/p>\n<p>???? Schnelle Produktion und Versand: Schnelle Lieferung in ganz Europa, den USA und Asien.<\/p>\n<p>???? Langlebigkeit im Alltag: Robustes Material f\u00fcr einen gesch\u00e4ftigen Lebensstil und den t\u00e4glichen Arbeitsweg.<\/p>\n<\/div>\n<\/div>\n<\/div>\n<\/div>","protected":false},"featured_media":9128,"comment_status":"closed","ping_status":"closed","template":"","meta":[],"product_brand":[35],"product_cat":[233],"product_tag":[249,235,250,251,252,253,254,247,255],"class_list":{"0":"post-9047","1":"product","2":"type-product","3":"status-publish","4":"has-post-thumbnail","6":"product_brand-ryinz","7":"product_cat-bags","8":"product_tag-city-commuter-bag","9":"product_tag-custom-logo-backpack","10":"product_tag-durable-cadura-backpack","11":"product_tag-gillani-backpack","12":"product_tag-minimalist-backpack","13":"product_tag-modern-backpack","14":"product_tag-stylish-black-backpack","15":"product_tag-travel-bag","16":"product_tag-urban-backpack","18":"first","19":"instock","20":"taxable","21":"shipping-taxable","22":"purchasable","23":"product-type-simple"},"_links":{"self":[{"href":"https:\/\/ryinz.cz\/velkoobchod\/de\/wp-json\/wp\/v2\/product\/9047","targetHints":{"allow":["GET"]}}],"collection":[{"href":"https:\/\/ryinz.cz\/velkoobchod\/de\/wp-json\/wp\/v2\/product"}],"about":[{"href":"https:\/\/ryinz.cz\/velkoobchod\/de\/wp-json\/wp\/v2\/types\/product"}],"replies":[{"embeddable":true,"href":"https:\/\/ryinz.cz\/velkoobchod\/de\/wp-json\/wp\/v2\/comments?post=9047"}],"wp:featuredmedia":[{"embeddable":true,"href":"https:\/\/ryinz.cz\/velkoobchod\/de\/wp-json\/wp\/v2\/media\/9128"}],"wp:attachment":[{"href":"https:\/\/ryinz.cz\/velkoobchod\/de\/wp-json\/wp\/v2\/media?parent=9047"}],"wp:term":[{"taxonomy":"product_brand","embeddable":true,"href":"https:\/\/ryinz.cz\/velkoobchod\/de\/wp-json\/wp\/v2\/product_brand?post=9047"},{"taxonomy":"product_cat","embeddable":true,"href":"https:\/\/ryinz.cz\/velkoobchod\/de\/wp-json\/wp\/v2\/product_cat?post=9047"},{"taxonomy":"product_tag","embeddable":true,"href":"https:\/\/ryinz.cz\/velkoobchod\/de\/wp-json\/wp\/v2\/product_tag?post=9047"}],"curies":[{"name":"wp","href":"https:\/\/api.w.org\/{rel}","templated":true}]}}