{"id":9035,"date":"2025-06-22T15:26:33","date_gmt":"2025-06-22T15:26:33","guid":{"rendered":"https:\/\/ryinz.cz\/velkoobchod\/?post_type=product&#038;p=9035"},"modified":"2026-01-18T20:17:26","modified_gmt":"2026-01-18T20:17:26","slug":"groshandel-sherpa-fleece-weste-benutzerdefinierte-logo-fleece-weste-ryinz-europaisches-design-b2b-hersteller","status":"publish","type":"product","link":"https:\/\/ryinz.cz\/velkoobchod\/de\/product\/wholesale-sherpa-fleece-vest-custom-logo-fleece-gilet-ryinz-european-design-b2b-manufacturer\/","title":{"rendered":"Gro\u00dfhandel Sherpa Fleece-Weste | benutzerdefinierte Logo Fleece-Weste | Ryinz - Europ\u00e4isches Design | B2B Hersteller"},"content":{"rendered":"<div class=\"flex-shrink-0 flex flex-col relative items-end\">\n<div class=\"pt-0\">\n<div class=\"gizmo-bot-avatar flex h-8 w-8 items-center justify-center overflow-hidden rounded-full\">\n<div class=\"relative p-1 rounded-sm flex items-center justify-center bg-token-main-surface-primary text-token-text-primary h-8 w-8\">\n<p>Gro\u00dfhandel Sherpa Fleece-Weste | benutzerdefinierte Logo Fleece-Weste | Ryinz - Europ\u00e4isches Design | B2B Hersteller<\/p>\n<p>Wir von Ryinz haben uns darauf spezialisiert, qualitativ hochwertige, funktionelle und modische Bekleidung direkt von leistungsstarken Herstellern an florierende Gro\u00df- und Einzelhandelsm\u00e4rkte in Europa, den USA und Asien zu liefern. Diese hochwertige Sherpa-Fleece-Weste ist ein perfektes Beispiel f\u00fcr die Handwerkskunst, Haltbarkeit und Vielseitigkeit, f\u00fcr die unsere Marke steht.<\/p>\n<p>Diese mit viel Liebe zum Detail entworfene Fleece-Weste f\u00fcr Damen und Herren bietet eine warme, atmungsaktive und leichte L\u00f6sung f\u00fcr Outdoor-Aktivit\u00e4ten, Arbeitskleidung, Firmengeschenke oder legere Stra\u00dfenkleidung. Mit ihrem modernen, von der EU inspirierten Design ist sie ein unverzichtbares Kleidungsst\u00fcck, ideal f\u00fcr Unternehmen, die hochwertige Bekleidung f\u00fcr den Gro\u00dfhandel, den Einzelhandel oder Eigenmarken suchen.<\/p>\n<p>Produkt-Highlights:<\/p>\n<p>\u2705 Produktname: Ryinz Sherpa Fleece-Weste - Premium European Cut<\/p>\n<p>\u2705 Material: Hochwertiges 100% Polyester Sherpa Fleece<\/p>\n<p>Farbe: Creme Beige (benutzerdefinierte Farben f\u00fcr Gro\u00dfhandelsauftr\u00e4ge verf\u00fcgbar)<\/p>\n<p>\u2705 Bes\u00e4tze: Marineblaue Kontrastborte mit roten Rei\u00dfverschluss-Z\u00fcgen<\/p>\n<p>\u2705 Verf\u00fcgbare Gr\u00f6\u00dfen: S, M, L, XL, XXL, 3XL (individuelle Gr\u00f6\u00dfen f\u00fcr B2B-Gro\u00dfbestellungen erh\u00e4ltlich)<\/p>\n<p>\u2705 Logo-Optionen: Leer oder individuell (Stickerei, Patches, gedruckte Logos)<\/p>\n<p>\u2705 Taschen:<\/p>\n<p>- 2 vordere Rei\u00dfverschlusstaschen f\u00fcr die H\u00e4nde<\/p>\n<p>- 1 vertikale Brusttasche mit Rei\u00dfverschluss<\/p>\n<p>\u2705 Passform: Modern European Slim Fit - Leicht tailliert, um zu schmeicheln, ohne die Bewegungsfreiheit einzuschr\u00e4nken<\/p>\n<p>\u2705 Jahreszeit: Perfekt f\u00fcr Herbst-, Winter- und Fr\u00fchjahrskollektionen<\/p>\n<p>\u2705 MOQ: Niedrige Mindestmengen f\u00fcr individuelle Branding-Projekte verf\u00fcgbar<\/p>\n<p>Detaillierte Beschreibung:<\/p>\n<p>Peppen Sie Ihre Bekleidungskollektion mit der Ryinz Premium Sherpa Fleece Weste auf. Diese Weste wurde f\u00fcr maximalen Komfort und m\u00fchelosen Stil gefertigt und verbindet Leistung und Mode auf eine einzigartige europ\u00e4ische Weise.<\/p>\n<p>Das luxuri\u00f6se 100%-Polyester-Sherpa-Fleece sorgt f\u00fcr hervorragende Isolierung und h\u00e4lt Sie warm, ohne aufzutragen. Der durchgehende Rei\u00dfverschluss an der Vorderseite und der Stehkragen halten W\u00e4rme und kalten Wind ab und machen die Jacke zur idealen Au\u00dfenschicht f\u00fcr k\u00fchle Tage oder als Zwischenschicht unter schwereren Jacken bei raueren Bedingungen.<\/p>\n<p>Die kontrastierende marineblaue Einfassung und die auff\u00e4lligen roten Rei\u00dfverschlussdetails sorgen nicht nur f\u00fcr Strapazierf\u00e4higkeit, sondern auch f\u00fcr einen Farbakzent, der die Blicke auf sich zieht - perfekt f\u00fcr Marken, die sich in einem \u00fcberf\u00fcllten Markt abheben wollen. Ganz gleich, ob Sie eine Belegschaft ausstatten, Ihre eigene Marke einf\u00fchren oder Ihr Einzelhandelsangebot erweitern m\u00f6chten, diese Weste eignet sich f\u00fcr Freizeitkleidung, Arbeitsuniformen, Outdoor-Events oder Werbekampagnen.<\/p>\n<p>Hauptmerkmale f\u00fcr Gro\u00dfhandelsk\u00e4ufer:<\/p>\n<p>???? In Europa entworfen: Zeitgen\u00f6ssische europ\u00e4ische Passformen, Stile und Standards.<\/p>\n<p>???? Direkte Preisgestaltung des Herstellers: Sparen Sie Kosten, ohne auf Qualit\u00e4t zu verzichten.<\/p>\n<p>???? Kundenspezifischer Logo-Service: F\u00fcgen Sie Ihre Markenidentit\u00e4t einfach hinzu - gestickte Logos, Aufn\u00e4her oder spezielle Verzierungen sind erh\u00e4ltlich.<\/p>\n<p>???? Perfekt f\u00fcr Gro\u00dfbestellungen: Erh\u00e4ltlich f\u00fcr Einzelh\u00e4ndler, Firmenkunden, Werbezwecke, Berufsbekleidungslieferanten, Outdoor-Marken und mehr.<\/p>\n<p>???? Flexible Eigenmarken-Optionen: Individuelle Gestaltung von Etiketten, Anh\u00e4ngern und Verpackungen m\u00f6glich.<\/p>\n<p>???? Schnelle Produktionszeiten: Wir wissen, dass Schnelligkeit im internationalen Handel entscheidend ist.<\/p>\n<p>Warum Ryinz w\u00e4hlen?<\/p>\n<p>???? Wir sind der unsichtbare Motor des internationalen Handels, der die besten Hersteller, Marken und K\u00e4ufer in Europa, den USA und Asien miteinander verbindet.<\/p>\n<p>???? Unsere Aufgabe ist es, Ihnen T\u00fcren zu \u00f6ffnen, damit Sie Verk\u00e4ufe abschlie\u00dfen, Ihr Gesch\u00e4ft ausbauen und eine vertrauensw\u00fcrdige Marke aufbauen k\u00f6nnen.<\/p>\n<p>???? Von der Beschaffung bis zur Bemusterung, von der Produktion bis zum Versand bietet Ryinz umfassende Unterst\u00fctzung und B2B-Dienstleistungen. Wir sind auf in der EU entworfene Kleidung spezialisiert und stellen sicher, dass Ihre Marke immer den europ\u00e4ischen Standards in Bezug auf Qualit\u00e4t, Nachhaltigkeit und Stil entspricht.<\/p>\n<p>Ideen f\u00fcr die Anwendung:<\/p>\n<p>- Outdoor-Einzelhandelsgesch\u00e4fte<\/p>\n<p>- Firmenuniformen<\/p>\n<p>- Werbekampagne Werbegeschenke<\/p>\n<p>- H\u00e4ndler f\u00fcr Wander- und Abenteuerausr\u00fcstung<\/p>\n<p>- E-Commerce-Gesch\u00e4fte auf der Suche nach trendiger Winterkleidung<\/p>\n<p>- Modelabels erweitern ihre Herbst\/Winter-Kollektion<\/p>\n<p>- Individuelles Branding f\u00fcr Vereine, Verb\u00e4nde und Universit\u00e4ten<\/p>\n<p>Leitfaden f\u00fcr perfekte Gr\u00f6\u00dfe und Passform:<\/p>\n<p>Gr\u00f6\u00dfe Brustumfang (cm) L\u00e4nge (cm) Schulterumfang (cm)<\/p>\n<p>S 52 66 41<\/p>\n<p>M 55 68 43<\/p>\n<p>L 58 70 45<\/p>\n<p>XL 61 72 47<\/p>\n<p>XXL 64 74 49<\/p>\n<p>3XL 67 76 51<\/p>\n<p>(F\u00fcr individuelle Gr\u00f6\u00dfentabellen und Anpassungen kontaktieren Sie uns bitte. Wir k\u00f6nnen die Gr\u00f6\u00dfen auf Ihren Markt abstimmen).<\/p>\n<p>Gro\u00dfhandel Fleece-Weste Europa, benutzerdefinierte Logo Fleece-Weste Hersteller, Private-Label-Outdoor-Bekleidung Lieferanten, EU entworfen Fleece-Westen Gro\u00dfhandel, Premium-Sherpa-Weste f\u00fcr Einzelh\u00e4ndler, Corporate benutzerdefinierte Marken-Winterwesten, Gro\u00dfhandel Outdoor-Winterbekleidung EU, Ryinz Fleece-Weste Gro\u00dfhandel Distributor, Hersteller von ma\u00dfgeschneiderten Fleece-Jacken, hochwertige Fleece-Weste Bulk-Lieferant, europ\u00e4ische Mode Gro\u00dfhandel Oberbekleidung, Winter-Weste Fabrik direkte Sourcing, Outdoor-Bekleidung Lieferant Europa, erschwingliche Fleece-Westen in gro\u00dfen Mengen kaufen, ma\u00dfgeschneiderte Arbeitskleidung Weste f\u00fcr Unternehmen, Werbe-Winterbekleidung Lieferant, atmungsaktive Fleece-Weste Gro\u00dfhandelspreis, leichte Sherpa-Weste f\u00fcr M\u00e4nner und Frauen, Gro\u00dfhandel Sherpa Fleece-Jacke EU, Gro\u00dfhandel Winterbekleidung Lieferant Europa, Gro\u00dfhandel Bodywarmer EU, Ryinz B2B Fleece-Weste Lieferant, Fleece-Weste f\u00fcr Werbe-Branding, individuelle Fleece-Weste mit Stickerei,<\/p>\n<\/div>\n<\/div>\n<\/div>\n<\/div>","protected":false},"excerpt":{"rendered":"<div class=\"flex-shrink-0 flex flex-col relative items-end\">\n<div class=\"pt-0\">\n<div class=\"gizmo-bot-avatar flex h-8 w-8 items-center justify-center overflow-hidden rounded-full\">\n<div class=\"relative p-1 rounded-sm flex items-center justify-center bg-token-main-surface-primary text-token-text-primary h-8 w-8\">\n<p>Hauptmerkmale f\u00fcr Gro\u00dfhandelsk\u00e4ufer:<\/p>\n<p>???? In Europa entworfen: Zeitgen\u00f6ssische europ\u00e4ische Passformen, Stile und Standards.<\/p>\n<p>???? Direkte Preisgestaltung des Herstellers: Sparen Sie Kosten, ohne auf Qualit\u00e4t zu verzichten.<\/p>\n<p>???? Kundenspezifischer Logo-Service: F\u00fcgen Sie Ihre Markenidentit\u00e4t einfach hinzu - gestickte Logos, Aufn\u00e4her oder spezielle Verzierungen sind erh\u00e4ltlich.<\/p>\n<p>???? Perfekt f\u00fcr Gro\u00dfbestellungen: Erh\u00e4ltlich f\u00fcr Einzelh\u00e4ndler, Firmenkunden, Werbezwecke, Berufsbekleidungslieferanten, Outdoor-Marken und mehr.<\/p>\n<p>???? Flexible Eigenmarken-Optionen: Individuelle Gestaltung von Etiketten, Anh\u00e4ngern und Verpackungen m\u00f6glich.<\/p>\n<p>???? Schnelle Produktionszeiten: Wir wissen, dass Schnelligkeit im internationalen Handel entscheidend ist.<\/p>\n<\/div>\n<\/div>\n<\/div>\n<\/div>","protected":false},"featured_media":9093,"comment_status":"closed","ping_status":"closed","template":"","meta":[],"product_brand":[35],"product_cat":[202],"product_tag":[224,225,226,227,228,229,230,231],"class_list":{"0":"post-9035","1":"product","2":"type-product","3":"status-publish","4":"has-post-thumbnail","6":"product_brand-ryinz","7":"product_cat-apparels","8":"product_tag-casual-vest","9":"product_tag-custom-logo-vest","10":"product_tag-lightweight-vest","11":"product_tag-outdoor-vest","12":"product_tag-quilted-vest","13":"product_tag-sleeveless-jacket","14":"product_tag-stylish-outerwear","15":"product_tag-zippered-vest","17":"first","18":"instock","19":"taxable","20":"shipping-taxable","21":"purchasable","22":"product-type-simple"},"_links":{"self":[{"href":"https:\/\/ryinz.cz\/velkoobchod\/de\/wp-json\/wp\/v2\/product\/9035","targetHints":{"allow":["GET"]}}],"collection":[{"href":"https:\/\/ryinz.cz\/velkoobchod\/de\/wp-json\/wp\/v2\/product"}],"about":[{"href":"https:\/\/ryinz.cz\/velkoobchod\/de\/wp-json\/wp\/v2\/types\/product"}],"replies":[{"embeddable":true,"href":"https:\/\/ryinz.cz\/velkoobchod\/de\/wp-json\/wp\/v2\/comments?post=9035"}],"wp:featuredmedia":[{"embeddable":true,"href":"https:\/\/ryinz.cz\/velkoobchod\/de\/wp-json\/wp\/v2\/media\/9093"}],"wp:attachment":[{"href":"https:\/\/ryinz.cz\/velkoobchod\/de\/wp-json\/wp\/v2\/media?parent=9035"}],"wp:term":[{"taxonomy":"product_brand","embeddable":true,"href":"https:\/\/ryinz.cz\/velkoobchod\/de\/wp-json\/wp\/v2\/product_brand?post=9035"},{"taxonomy":"product_cat","embeddable":true,"href":"https:\/\/ryinz.cz\/velkoobchod\/de\/wp-json\/wp\/v2\/product_cat?post=9035"},{"taxonomy":"product_tag","embeddable":true,"href":"https:\/\/ryinz.cz\/velkoobchod\/de\/wp-json\/wp\/v2\/product_tag?post=9035"}],"curies":[{"name":"wp","href":"https:\/\/api.w.org\/{rel}","templated":true}]}}