{"id":9034,"date":"2025-06-22T15:26:33","date_gmt":"2025-06-22T15:26:33","guid":{"rendered":"https:\/\/ryinz.cz\/velkoobchod\/?post_type=product&#038;p=9034"},"modified":"2026-01-18T20:17:25","modified_gmt":"2026-01-18T20:17:25","slug":"leichte-steppweste","status":"publish","type":"product","link":"https:\/\/ryinz.cz\/velkoobchod\/de\/product\/lightweight-quilted-vest\/","title":{"rendered":"Leichte Steppweste"},"content":{"rendered":"<div class=\"flex-shrink-0 flex flex-col relative items-end\">\n<div class=\"pt-0\">\n<div class=\"gizmo-bot-avatar flex h-8 w-8 items-center justify-center overflow-hidden rounded-full\">\n<div class=\"relative p-1 rounded-sm flex items-center justify-center bg-token-main-surface-primary text-token-text-primary h-8 w-8\">\n<p data-start=\"121\" data-end=\"138\"><strong data-start=\"121\" data-end=\"138\">Wesentliche Merkmale:<\/strong><\/p>\n<ul data-start=\"140\" data-end=\"483\">\n<li data-start=\"140\" data-end=\"224\">\n<p data-start=\"142\" data-end=\"224\"><strong data-start=\"142\" data-end=\"158\">\u00c4u\u00dfere Schale:<\/strong> Leichtes Material mit gesteppter Konstruktion f\u00fcr optimale W\u00e4rme<\/p>\n<\/li>\n<li data-start=\"225\" data-end=\"291\">\n<p data-start=\"227\" data-end=\"291\"><strong data-start=\"227\" data-end=\"238\">Auskleidung:<\/strong> Ungef\u00fctterter Innenraum f\u00fcr ein klares, minimalistisches Profil<\/p>\n<\/li>\n<li data-start=\"292\" data-end=\"372\">\n<p data-start=\"294\" data-end=\"372\"><strong data-start=\"294\" data-end=\"315\">Rei\u00dfverschlusstaschen:<\/strong> Sichere und funktionale Aufbewahrung mit modernen Rei\u00dfverschl\u00fcssen<\/p>\n<\/li>\n<li data-start=\"373\" data-end=\"483\">\n<p data-start=\"375\" data-end=\"483\"><strong data-start=\"375\" data-end=\"386\">Entwurf:<\/strong> Schlichte schwarze Weste mit kontrastierenden Rei\u00dfverschlussdetails, die stolz das <strong data-start=\"456\" data-end=\"465\">Ryinz<\/strong> Logo auf der Brust<\/p>\n<\/li>\n<\/ul>\n<hr data-start=\"485\" data-end=\"488\" \/>\n<p data-start=\"490\" data-end=\"514\"><strong data-start=\"490\" data-end=\"514\">Beschreibung des Produkts:<\/strong><\/p>\n<p data-start=\"516\" data-end=\"1062\">Die <strong data-start=\"520\" data-end=\"554\">Ryinz Leichte Steppweste<\/strong> ist ein vielseitiges, unverzichtbares Kleidungsst\u00fcck, das sowohl Komfort als auch Leistung bietet. Das atmungsaktive, gesteppte Obermaterial sorgt f\u00fcr eine effektive Isolierung, ohne unn\u00f6tig aufzutragen - ideal zum Schichten an k\u00fchlen Tagen oder bei Outdoor-Aktivit\u00e4ten. Sein minimalistisches Design wird durch auff\u00e4llige, kontrastierende Rei\u00dfverschl\u00fcsse und die charakteristische <strong data-start=\"860\" data-end=\"878\">Ryinz-Branding<\/strong>, Dadurch eignet sie sich f\u00fcr Freizeitkleidung, Arbeitskleidung oder Teambekleidung. Mehrere Rei\u00dfverschlusstaschen bieten praktischen Stauraum, w\u00e4hrend die ungef\u00fctterte Konstruktion die Weste leicht und schlank h\u00e4lt.<\/p>\n<hr data-start=\"1064\" data-end=\"1067\" \/>\n<p data-start=\"1069\" data-end=\"1093\"><strong data-start=\"1069\" data-end=\"1093\">Anpassungsangebot:<\/strong><\/p>\n<p data-start=\"1095\" data-end=\"1331\">Personalisieren Sie diese Weste mit Ihrem <strong data-start=\"1127\" data-end=\"1171\">Markenlogo, Teamname oder individuelles Kunstwerk<\/strong>. Ob Sie Mitarbeiter, Sportler oder Einzelhandelskunden ausstatten, <strong data-start=\"1237\" data-end=\"1246\">Ryinz<\/strong> bietet flexible B2B-Anpassungs- und Bemusterungsoptionen, um Ihre Vision zu verwirklichen.<\/p>\n<\/div>\n<\/div>\n<\/div>\n<\/div>","protected":false},"excerpt":{"rendered":"<div class=\"flex-shrink-0 flex flex-col relative items-end\">\n<div class=\"pt-0\">\n<div class=\"gizmo-bot-avatar flex h-8 w-8 items-center justify-center overflow-hidden rounded-full\">\n<div class=\"relative p-1 rounded-sm flex items-center justify-center bg-token-main-surface-primary text-token-text-primary h-8 w-8\">\n<p><strong>Wesentliche Merkmale:<\/strong><\/p>\n<ul>\n<li><strong>\u00c4u\u00dfere Schale:<\/strong> <strong>Leichter Stoff<\/strong> mit gesteppter Konstruktion f\u00fcr optimale W\u00e4rme.<\/li>\n<li><strong>Auskleidung:<\/strong> <strong>Kein Futter<\/strong>, und bietet ein schlankes, minimalistisches Design.<\/li>\n<li><strong>Rei\u00dfverschlusstaschen:<\/strong> Praktisch platzierte Rei\u00dfverschlusstaschen zur Aufbewahrung.<\/li>\n<li><strong>Entwurf:<\/strong> Stylische schwarze Weste mit farblich abgesetztem Rei\u00dfverschluss, mit dem kultigen <strong>Gillani-Logo<\/strong> auf der Brust.<\/li>\n<\/ul>\n<hr \/>\n<p><strong>Beschreibung des Produkts:<\/strong><\/p>\n<p>Die <strong>Gillani Leichte Steppweste (GMSJ-0031)<\/strong> ist die perfekte Erg\u00e4nzung f\u00fcr Ihre Outdoor-Garderobe. Hergestellt mit einer <strong>leichtes gestepptes Gewebe<\/strong>, Diese Weste bietet W\u00e4rme, ohne dick aufzutragen, und ist damit ideal f\u00fcr die \u00dcbergangszeit. Die Weste ist f\u00fcr eine saubere, moderne Passform ungef\u00fcttert und verf\u00fcgt \u00fcber mehrere Rei\u00dfverschlusstaschen f\u00fcr einfachen Zugriff auf das Wesentliche. Der schlichte Look, der durch kontrastierende Rei\u00dfverschl\u00fcsse und die <strong>Gillani-Logo<\/strong>, sorgt daf\u00fcr, dass Sie sowohl bei einem lockeren Ausflug als auch bei einem Outdoor-Abenteuer stilvoll gekleidet sind.<\/p>\n<hr \/>\n<p><strong>Anpassungsangebot:<\/strong><\/p>\n<p>Eigene hinzuf\u00fcgen <strong>benutzerdefiniertes Logo<\/strong> oder <strong>Entwurf<\/strong> um diese Weste einzigartig f\u00fcr Ihre Marke oder Ihr Team zu machen.<\/p>\n<\/div>\n<\/div>\n<\/div>\n<\/div>","protected":false},"featured_media":9101,"comment_status":"closed","ping_status":"closed","template":"","meta":[],"product_brand":[35],"product_cat":[202],"product_tag":[224,225,226,227,228,229,230,231],"class_list":{"0":"post-9034","1":"product","2":"type-product","3":"status-publish","4":"has-post-thumbnail","6":"product_brand-ryinz","7":"product_cat-apparels","8":"product_tag-casual-vest","9":"product_tag-custom-logo-vest","10":"product_tag-lightweight-vest","11":"product_tag-outdoor-vest","12":"product_tag-quilted-vest","13":"product_tag-sleeveless-jacket","14":"product_tag-stylish-outerwear","15":"product_tag-zippered-vest","17":"first","18":"instock","19":"taxable","20":"shipping-taxable","21":"purchasable","22":"product-type-simple"},"_links":{"self":[{"href":"https:\/\/ryinz.cz\/velkoobchod\/de\/wp-json\/wp\/v2\/product\/9034","targetHints":{"allow":["GET"]}}],"collection":[{"href":"https:\/\/ryinz.cz\/velkoobchod\/de\/wp-json\/wp\/v2\/product"}],"about":[{"href":"https:\/\/ryinz.cz\/velkoobchod\/de\/wp-json\/wp\/v2\/types\/product"}],"replies":[{"embeddable":true,"href":"https:\/\/ryinz.cz\/velkoobchod\/de\/wp-json\/wp\/v2\/comments?post=9034"}],"wp:featuredmedia":[{"embeddable":true,"href":"https:\/\/ryinz.cz\/velkoobchod\/de\/wp-json\/wp\/v2\/media\/9101"}],"wp:attachment":[{"href":"https:\/\/ryinz.cz\/velkoobchod\/de\/wp-json\/wp\/v2\/media?parent=9034"}],"wp:term":[{"taxonomy":"product_brand","embeddable":true,"href":"https:\/\/ryinz.cz\/velkoobchod\/de\/wp-json\/wp\/v2\/product_brand?post=9034"},{"taxonomy":"product_cat","embeddable":true,"href":"https:\/\/ryinz.cz\/velkoobchod\/de\/wp-json\/wp\/v2\/product_cat?post=9034"},{"taxonomy":"product_tag","embeddable":true,"href":"https:\/\/ryinz.cz\/velkoobchod\/de\/wp-json\/wp\/v2\/product_tag?post=9034"}],"curies":[{"name":"wp","href":"https:\/\/api.w.org\/{rel}","templated":true}]}}