{"id":9033,"date":"2025-06-22T15:26:32","date_gmt":"2025-06-22T15:26:32","guid":{"rendered":"https:\/\/ryinz.cz\/velkoobchod\/?post_type=product&#038;p=9033"},"modified":"2026-01-18T20:17:24","modified_gmt":"2026-01-18T20:17:24","slug":"ryinz-herren-schwarz-und-senf-farbe-block-trainingsanzug-slim-fit-zwei-stuck-sportliche-kleidung-fur-sport-fitnessstudio-street-style","status":"publish","type":"product","link":"https:\/\/ryinz.cz\/velkoobchod\/de\/product\/ryinz-mens-black-and-mustard-color-block-tracksuit-slim-fit-two-piece-athletic-wear-for-sports-gym-street-style\/","title":{"rendered":"RYINZ Herren-Trainingsanzug in Schwarz und Senf - Slim Fit Zweiteiler f\u00fcr Sport, Fitnessstudio und Street Style"},"content":{"rendered":"<div class=\"flex-shrink-0 flex flex-col relative items-end\">\n<div class=\"pt-0\">\n<div class=\"gizmo-bot-avatar flex h-8 w-8 items-center justify-center overflow-hidden rounded-full\">\n<div class=\"relative p-1 rounded-sm flex items-center justify-center bg-token-main-surface-primary text-token-text-primary h-8 w-8\">\n<p class=\"\" data-start=\"1879\" data-end=\"2258\">Die <strong data-start=\"1883\" data-end=\"1932\">RYINZ Schwarz und Senf Farbe Block Trainingsanzug<\/strong> definiert neu, was es bedeutet, Athleisure mit Selbstvertrauen, Zielstrebigkeit und Originalit\u00e4t zu tragen. Dieses Set wurde f\u00fcr moderne M\u00e4nner entwickelt, die sowohl Leistung als auch Pr\u00e4sentation verlangen, und ist mehr als nur Sportbekleidung - es ist ein Lifestyle-Statement. Die Kombination aus Jacke und Jogginghose sorgt f\u00fcr volle Bewegungsfreiheit, ein elegantes Aussehen und un\u00fcbertroffene Funktionalit\u00e4t.<\/p>\n<p class=\"\" data-start=\"2260\" data-end=\"2708\"><strong data-start=\"2260\" data-end=\"2284\">Design und \u00c4sthetik:<\/strong><br data-start=\"2284\" data-end=\"2287\" \/>RYINZ verbindet Funktionalit\u00e4t mit Flair in diesem gewagten Senf-auf-Schwarz-Look. Die Jacke mit Rei\u00dfverschluss pr\u00e4sentiert sich in einem knackigen Split-Tone-Farbschema, bei dem eine senfgelbe obere H\u00e4lfte nahtlos in eine klassische schwarze untere H\u00e4lfte \u00fcbergeht. Das minimalistische RYINZ-Logo ist geschmackvoll auf der Brust und der Jogginghose platziert und verst\u00e4rkt die Markenpr\u00e4senz, ohne das Design zu \u00fcberladen. Die passende Jogginghose folgt demselben Thema - modern, tailliert und auf Aktivit\u00e4t ausgelegt.<\/p>\n<p class=\"\" data-start=\"2710\" data-end=\"3135\"><strong data-start=\"2710\" data-end=\"2732\">Material und Stoff:<\/strong><br data-start=\"2732\" data-end=\"2735\" \/>Dieser Trainingsanzug aus einem hochwertigen Polyester-Baumwoll-Gemisch garantiert Atmungsaktivit\u00e4t, Feuchtigkeitsregulierung und ein weiches Tragegef\u00fchl. Er bietet das ideale Gewicht - leicht genug f\u00fcr Bewegung, aber warm genug f\u00fcr den fr\u00fchen Morgen oder k\u00fchle Abende. Ob im Fitnessstudio oder als Streetwear-Style, dieser Anzug bietet sowohl Komfort als auch Kompression an den richtigen Stellen. Seine dehnbare Beschaffenheit passt sich an alle K\u00f6rpertypen an.<\/p>\n<p class=\"\" data-start=\"3137\" data-end=\"3513\"><strong data-start=\"3137\" data-end=\"3165\">Komfort und Funktionalit\u00e4t:<\/strong><br data-start=\"3165\" data-end=\"3168\" \/>Komfort ist Trumpf. Der durchgehende Rei\u00dfverschluss macht es einfach, sie vor oder nach dem Training anzuziehen, w\u00e4hrend gerippte B\u00fcndchen und Saum die Form w\u00e4hrend des Tragens erhalten. Die Jogginghose verf\u00fcgt \u00fcber einen flexiblen Bund mit au\u00dfenliegenden Kordelz\u00fcgen, mit denen Sie die Passform pr\u00e4zise steuern k\u00f6nnen. Die schmale Passform schmeichelt dem K\u00f6rper, ohne zu eng zu sein, und eignet sich ideal zum Tragen von Schichten oder solo.<\/p>\n<p class=\"\" data-start=\"3515\" data-end=\"3852\"><strong data-start=\"3515\" data-end=\"3541\">Lagerung und Vielseitigkeit:<\/strong><br data-start=\"3541\" data-end=\"3544\" \/>Zwei ger\u00e4umige Seitentaschen an der Jacke und der Jogginghose bieten Stauraum f\u00fcr die wichtigsten Dinge des Alltags. F\u00fcr einen schnellen Spaziergang, eine Fitnessstudio-Session oder sogar ein zwangloses Treffen ist keine Tasche erforderlich. Die Taschen sind tief genug, um Smartphones sicher zu verstauen, w\u00e4hrend die Rei\u00dfverschl\u00fcsse (optional bei ausgew\u00e4hlten Varianten) f\u00fcr zus\u00e4tzliche Sicherheit sorgen.<\/p>\n<p class=\"\" data-start=\"3854\" data-end=\"4185\"><strong data-start=\"3854\" data-end=\"3871\">Styling-Tipps:<\/strong><br data-start=\"3871\" data-end=\"3874\" \/>Tragen Sie es als komplettes Set f\u00fcr einen cleanen, sportlichen Look oder kombinieren Sie die Teile - kombinieren Sie die Jacke mit Jeans oder Jogginghosen mit einem grafischen T-Shirt. Mit Turnschuhen oder l\u00e4ssigen Sneakern hast du ein vielseitiges Outfit, das sowohl im Fitnessstudio als auch auf der Stra\u00dfe oder in der Lounge getragen werden kann. Geeignet f\u00fcr alle Jahreszeiten au\u00dfer extremer Hitze.<\/p>\n<p class=\"\" data-start=\"4187\" data-end=\"4209\"><strong data-start=\"4187\" data-end=\"4207\">Ideale Anwendungsf\u00e4lle:<\/strong><\/p>\n<ul data-start=\"4210\" data-end=\"4399\">\n<li class=\"\" data-start=\"4210\" data-end=\"4226\">\n<p class=\"\" data-start=\"4212\" data-end=\"4226\">Fitnessstudio-Training<\/p>\n<\/li>\n<li class=\"\" data-start=\"4227\" data-end=\"4246\">\n<p class=\"\" data-start=\"4229\" data-end=\"4246\">Laufen\/Joggen<\/p>\n<\/li>\n<li class=\"\" data-start=\"4247\" data-end=\"4270\">\n<p class=\"\" data-start=\"4249\" data-end=\"4270\">L\u00e4ssige Wochenendkleidung<\/p>\n<\/li>\n<li class=\"\" data-start=\"4271\" data-end=\"4299\">\n<p class=\"\" data-start=\"4273\" data-end=\"4299\">Reise- und Flughafenoutfits<\/p>\n<\/li>\n<li class=\"\" data-start=\"4300\" data-end=\"4319\">\n<p class=\"\" data-start=\"4302\" data-end=\"4319\">Home Loungewear<\/p>\n<\/li>\n<li class=\"\" data-start=\"4320\" data-end=\"4353\">\n<p class=\"\" data-start=\"4322\" data-end=\"4353\">Im Winter unter M\u00e4nteln geschichtet<\/p>\n<\/li>\n<li class=\"\" data-start=\"4354\" data-end=\"4399\">\n<p class=\"\" data-start=\"4356\" data-end=\"4399\">Gruppen-\/Teamuniformen (individuelles Logo m\u00f6glich)<\/p>\n<\/li>\n<\/ul>\n<p class=\"\" data-start=\"4401\" data-end=\"4651\"><strong data-start=\"4401\" data-end=\"4416\">Langlebigkeit:<\/strong><br data-start=\"4416\" data-end=\"4419\" \/>Mit verst\u00e4rkten N\u00e4hten und ausbleichsicherem Material ist dieser Trainingsanzug f\u00fcr wiederholtes Waschen und aktiven Gebrauch ausgelegt. Er beh\u00e4lt seine Form, ist unempfindlich gegen Pilling und sieht l\u00e4nger neu aus als typische Fast-Fashion-Alternativen.<\/p>\n<\/div>\n<\/div>\n<\/div>\n<\/div>","protected":false},"excerpt":{"rendered":"<div class=\"flex-shrink-0 flex flex-col relative items-end\">\n<div class=\"pt-0\">\n<div class=\"gizmo-bot-avatar flex h-8 w-8 items-center justify-center overflow-hidden rounded-full\">\n<div class=\"relative p-1 rounded-sm flex items-center justify-center bg-token-main-surface-primary text-token-text-primary h-8 w-8\">\n<p class=\"\" data-start=\"379\" data-end=\"834\">Erh\u00f6he deinen sportlichen Stil mit dem RYINZ Trainingsanzug in Schwarz und Senf - ein modernes zweiteiliges Set, das Komfort, Leistung und Mode kombiniert. Dieses Set wurde f\u00fcr aktive M\u00e4nner entworfen, die Vielseitigkeit verlangen. Es besteht aus einer Jacke mit Rei\u00dfverschluss mit auff\u00e4lligem senfgelbem Oberteil und tiefschwarzem Unterteil, gepaart mit einer passenden schwarzen Jogginghose. Die klaren Linien, das auff\u00e4llige Colour-Blocking und das dezente RYINZ-Branding verleihen dem Set einen stra\u00dfentauglichen und doch raffinierten Charakter, der in jeder Menge auff\u00e4llt.<\/p>\n<p class=\"\" data-start=\"836\" data-end=\"1275\">Dieser Trainingsanzug aus atmungsaktivem, dehnbarem Material passt sich Ihrem K\u00f6rper an und sorgt f\u00fcr ein angenehmes Tragegef\u00fchl beim Workout, bei t\u00e4glichen Besorgungen oder entspannten Abenden. Die Jacke mit durchgehendem Rei\u00dfverschluss hat gerippte B\u00fcndchen und einen gerippten Saum f\u00fcr eine gute Passform, w\u00e4hrend die konisch zulaufende Jogginghose einen elastischen Bund mit Kordelzug hat, der sich verstellen l\u00e4sst. Zwei Seitentaschen sowohl an der Jacke als auch an der Hose bieten praktischen Stauraum f\u00fcr wichtige Dinge wie Schl\u00fcssel, Telefon oder Portemonnaie.<\/p>\n<p class=\"\" data-start=\"1277\" data-end=\"1685\">Egal, ob du ins Fitnessstudio gehst, im Freien l\u00e4ufst oder einfach nur ein auff\u00e4lliges Freizeitoutfit suchst, der RYINZ-Trainingsanzug bietet leistungsstarke Kleidung mit einem eleganten Look. Strapazierf\u00e4hige N\u00e4hte und hochwertige Materialien machen diesen Anzug zu einem langlebigen Kleidungsst\u00fcck, das in keinem Kleiderschrank fehlen darf. Kombinieren Sie ihn mit Turnschuhen und einer M\u00fctze oder tragen Sie ihn \u00fcber einem T-Shirt f\u00fcr einen l\u00e4ssigen Look. Die Jacke kann auch separat mit Jeans oder Shorts getragen werden, um einen frischen Street-Look zu kreieren.<\/p>\n<p class=\"\" data-start=\"1687\" data-end=\"1822\">Ob beim morgendlichen Joggen oder beim Kaffeekr\u00e4nzchen nach dem Training - der zweiteilige Trainingsanzug von RYINZ passt sich Ihrem Lebensstil an und l\u00e4sst Sie immer gut aussehen.<\/p>\n<\/div>\n<\/div>\n<\/div>\n<\/div>","protected":false},"featured_media":9077,"comment_status":"closed","ping_status":"closed","template":"","meta":[],"product_brand":[35],"product_cat":[202,68],"product_tag":[217,218,213,208,219,220,221,222,223,210],"class_list":{"0":"post-9033","1":"product","2":"type-product","3":"status-publish","4":"has-post-thumbnail","6":"product_brand-ryinz","7":"product_cat-apparels","8":"product_cat-ryinz","9":"product_tag-activewear","10":"product_tag-breathable-jacket","11":"product_tag-casual-jacket","12":"product_tag-custom-logo-jacket","13":"product_tag-hi-vis-jacket","14":"product_tag-jacket-and-trouser-set","15":"product_tag-polyester-jacket","16":"product_tag-soft-shell-jacket","17":"product_tag-soft-shell-trousers","18":"product_tag-sportswear","20":"first","21":"instock","22":"taxable","23":"shipping-taxable","24":"purchasable","25":"product-type-simple"},"_links":{"self":[{"href":"https:\/\/ryinz.cz\/velkoobchod\/de\/wp-json\/wp\/v2\/product\/9033","targetHints":{"allow":["GET"]}}],"collection":[{"href":"https:\/\/ryinz.cz\/velkoobchod\/de\/wp-json\/wp\/v2\/product"}],"about":[{"href":"https:\/\/ryinz.cz\/velkoobchod\/de\/wp-json\/wp\/v2\/types\/product"}],"replies":[{"embeddable":true,"href":"https:\/\/ryinz.cz\/velkoobchod\/de\/wp-json\/wp\/v2\/comments?post=9033"}],"wp:featuredmedia":[{"embeddable":true,"href":"https:\/\/ryinz.cz\/velkoobchod\/de\/wp-json\/wp\/v2\/media\/9077"}],"wp:attachment":[{"href":"https:\/\/ryinz.cz\/velkoobchod\/de\/wp-json\/wp\/v2\/media?parent=9033"}],"wp:term":[{"taxonomy":"product_brand","embeddable":true,"href":"https:\/\/ryinz.cz\/velkoobchod\/de\/wp-json\/wp\/v2\/product_brand?post=9033"},{"taxonomy":"product_cat","embeddable":true,"href":"https:\/\/ryinz.cz\/velkoobchod\/de\/wp-json\/wp\/v2\/product_cat?post=9033"},{"taxonomy":"product_tag","embeddable":true,"href":"https:\/\/ryinz.cz\/velkoobchod\/de\/wp-json\/wp\/v2\/product_tag?post=9033"}],"curies":[{"name":"wp","href":"https:\/\/api.w.org\/{rel}","templated":true}]}}