{"id":9032,"date":"2025-06-22T15:26:32","date_gmt":"2025-06-22T15:26:32","guid":{"rendered":"https:\/\/ryinz.cz\/velkoobchod\/?post_type=product&#038;p=9032"},"modified":"2026-01-18T20:17:24","modified_gmt":"2026-01-18T20:17:24","slug":"ryinz-hochsichtbare-arbeitsjacke-reflektierende-sicherheitsbekleidung-mit-reisverschlusstaschen-fur-die-bauindustrie","status":"publish","type":"product","link":"https:\/\/ryinz.cz\/velkoobchod\/de\/product\/ryinz-high-visibility-work-jacket-reflective-safety-outerwear-with-zip-pockets-for-construction-industrial-use\/","title":{"rendered":"RYINZ High-Visibility-Arbeitsjacke - Reflektierende Sicherheitsbekleidung mit Rei\u00dfverschlusstaschen f\u00fcr den Bau- und Industrieeinsatz"},"content":{"rendered":"<div class=\"flex-shrink-0 flex flex-col relative items-end\">\n<div class=\"pt-0\">\n<div class=\"gizmo-bot-avatar flex h-8 w-8 items-center justify-center overflow-hidden rounded-full\">\n<div class=\"relative p-1 rounded-sm flex items-center justify-center bg-token-main-surface-primary text-token-text-primary h-8 w-8\">\n<p class=\"\" data-start=\"1890\" data-end=\"2322\"><strong data-start=\"1890\" data-end=\"1954\">Die neue RYINZ Reflektierende Arbeitsjacke mit hoher Sichtbarkeit<\/strong>-ein aussagekr\u00e4ftiges Statement f\u00fcr Arbeitsschutzkleidung, die daf\u00fcr sorgt, dass Ihre Sicherheit nie unbemerkt bleibt. In der Welt der gef\u00e4hrlichen und risikoreichen Berufe ist Sichtbarkeit keine Option - sie ist eine Voraussetzung. RYINZ tr\u00e4gt diesem Umstand mit einem hochmodernen Design Rechnung, das Sicherheit, Komfort und Zuverl\u00e4ssigkeit in einer Funktionsjacke vereint, die f\u00fcr anspruchsvolle Arbeitsumgebungen entwickelt wurde.<\/p>\n<p class=\"\" data-start=\"2324\" data-end=\"2837\"><strong data-start=\"2324\" data-end=\"2372\">Maximale Sichtbarkeit - Sicherheit, die sich sehen lassen kann<\/strong><br data-start=\"2372\" data-end=\"2375\" \/>Das herausragende Merkmal dieser Jacke ist ihre <strong data-start=\"2418\" data-end=\"2465\">gut sichtbare fluoreszierende gelbe Streifen<\/strong>, Sie sind strategisch \u00fcber den K\u00f6rper und die Arme verteilt, um einen maximalen Kontrast zum schwarzen Softshell-Stoff zu schaffen. Erg\u00e4nzt durch <strong data-start=\"2592\" data-end=\"2622\">breite Reflektorb\u00e4nder<\/strong> die sich um Brust, R\u00fccken und \u00c4rmel wickeln, sorgt diese Jacke daf\u00fcr, dass Sie von Kollegen, Fu\u00dfg\u00e4ngern und Autofahrern aus allen Richtungen gut gesehen werden - wichtig bei Nachtschichten, schlechten Lichtverh\u00e4ltnissen oder schlechtem Wetter.<\/p>\n<p class=\"\" data-start=\"2839\" data-end=\"3178\">Ganz gleich, ob Sie unter Scheinwerfern, Baustellenbeleuchtung oder st\u00e4dtischer Umgebungsbeleuchtung arbeiten, die reflektierenden Akzente erh\u00f6hen die Sichtbarkeit und sorgen f\u00fcr eine bessere Wahrnehmung und weniger Unf\u00e4lle. Dieses sicherheitsorientierte Design entspricht den allgemeinen Sichtbarkeitsnormen, die im Baugewerbe, in der Logistik, der industriellen Instandhaltung und im Rettungswesen gelten.<\/p>\n<p class=\"\" data-start=\"3180\" data-end=\"3603\"><strong data-start=\"3180\" data-end=\"3233\">Strapazierf\u00e4hige Softshell-Konstruktion - auf Leistung ausgelegt<\/strong><br data-start=\"3233\" data-end=\"3236\" \/>Gefertigt aus abriebfestem <strong data-start=\"3268\" data-end=\"3288\">Softshell-Stoff<\/strong>, Die RYINZ-Sicherheitsjacke ist ideal f\u00fcr k\u00f6rperliche Arbeiten. Sie widersteht Staub, Fett, leichtem Regen und t\u00e4glicher Abnutzung und ist gleichzeitig atmungsaktiv genug f\u00fcr Schichten im Innen- und Au\u00dfenbereich. Die Jacke ist so geschnitten, dass sie eng am K\u00f6rper anliegt, ohne die Bewegungsfreiheit einzuschr\u00e4nken - der perfekte Begleiter beim B\u00fccken, Heben oder Hantieren mit Ger\u00e4ten.<\/p>\n<ul data-start=\"3605\" data-end=\"4004\">\n<li class=\"\" data-start=\"3605\" data-end=\"3697\">\n<p class=\"\" data-start=\"3607\" data-end=\"3697\"><strong data-start=\"3607\" data-end=\"3623\">Hoher Kragen:<\/strong> Bietet Windschutz und sorgt f\u00fcr ein professionelles Erscheinungsbild.<\/p>\n<\/li>\n<li class=\"\" data-start=\"3698\" data-end=\"3780\">\n<p class=\"\" data-start=\"3700\" data-end=\"3780\"><strong data-start=\"3700\" data-end=\"3723\">Durchgehender Rei\u00dfverschluss:<\/strong> L\u00e4sst sich auch mit Handschuhen leicht \u00f6ffnen und schlie\u00dfen und sichert die W\u00e4rme.<\/p>\n<\/li>\n<li class=\"\" data-start=\"3781\" data-end=\"3847\">\n<p class=\"\" data-start=\"3783\" data-end=\"3847\"><strong data-start=\"3783\" data-end=\"3801\">Elastische Manschetten:<\/strong> H\u00e4lt die \u00c4rmel an ihrem Platz und verhindert ein Verheddern.<\/p>\n<\/li>\n<li class=\"\" data-start=\"3848\" data-end=\"3933\">\n<p class=\"\" data-start=\"3850\" data-end=\"3933\"><strong data-start=\"3850\" data-end=\"3871\">Leichtes Gef\u00fchl:<\/strong> Perfekte Balance zwischen Isolierung und Luftzirkulation f\u00fcr ganzt\u00e4giges Tragen.<\/p>\n<\/li>\n<li class=\"\" data-start=\"3934\" data-end=\"4004\">\n<p class=\"\" data-start=\"3936\" data-end=\"4004\"><strong data-start=\"3936\" data-end=\"3958\">Langlebige N\u00e4hte:<\/strong> Verst\u00e4rkte N\u00e4hte widerstehen rauen Bedingungen.<\/p>\n<\/li>\n<\/ul>\n<p class=\"\" data-start=\"4006\" data-end=\"4122\"><strong data-start=\"4006\" data-end=\"4050\">Intelligente Lagerung - Alles hat seinen Platz<\/strong><br data-start=\"4050\" data-end=\"4053\" \/>Diese Jacke ist mehr als nur reflektierend - sie ist praktisch. Ausgestattet mit:<\/p>\n<ul data-start=\"4123\" data-end=\"4445\">\n<li class=\"\" data-start=\"4123\" data-end=\"4194\">\n<p class=\"\" data-start=\"4125\" data-end=\"4194\"><strong data-start=\"4125\" data-end=\"4147\">1 Brusttasche mit Rei\u00dfverschluss<\/strong> - Ideal f\u00fcr Werkzeuge, Stifte, Ausweise oder Funkger\u00e4te<\/p>\n<\/li>\n<li class=\"\" data-start=\"4195\" data-end=\"4264\">\n<p class=\"\" data-start=\"4197\" data-end=\"4264\"><strong data-start=\"4197\" data-end=\"4221\">2 gro\u00dfe Seitentaschen<\/strong> - Handschuhe, Notizb\u00fccher oder Handwerkzeuge aufbewahren<\/p>\n<\/li>\n<li class=\"\" data-start=\"4265\" data-end=\"4445\">\n<p class=\"\" data-start=\"4267\" data-end=\"4445\"><strong data-start=\"4267\" data-end=\"4286\">Sichere Rei\u00dfverschl\u00fcsse:<\/strong> Schlie\u00dfen Sie Ihre Gegenst\u00e4nde w\u00e4hrend aktiver Schichten ein<br data-start=\"4326\" data-end=\"4329\" \/>Alle Taschen sind so platziert, dass sie auch beim Tragen von Sicherheitsgeschirr oder -gurten leicht zug\u00e4nglich sind.<\/p>\n<\/li>\n<\/ul>\n<p class=\"\" data-start=\"4447\" data-end=\"4787\"><strong data-start=\"4447\" data-end=\"4475\">Komfort trifft auf Schutz<\/strong><br data-start=\"4475\" data-end=\"4478\" \/>RYINZ wei\u00df, dass lange Arbeitszeiten vor Ort Kleidung erfordern, die mit Ihnen und nicht gegen Sie arbeitet. Das atmungsaktive Innenfutter verhindert \u00dcberhitzung, w\u00e4hrend die windabweisende Au\u00dfenh\u00fclle vor k\u00fchlem Luftzug sch\u00fctzt. Diese Jacke ist flexibel genug f\u00fcr das Heben \u00fcber Kopf oder das B\u00fccken und unterst\u00fctzt Sie bei jeder Aufgabe.<\/p>\n<p class=\"\" data-start=\"4789\" data-end=\"4814\"><strong data-start=\"4789\" data-end=\"4812\">Ideale Anwendungen:<\/strong><\/p>\n<ul data-start=\"4815\" data-end=\"5018\">\n<li class=\"\" data-start=\"4815\" data-end=\"4843\">\n<p class=\"\" data-start=\"4817\" data-end=\"4843\">Bau- und Stra\u00dfenarbeiten<\/p>\n<\/li>\n<li class=\"\" data-start=\"4844\" data-end=\"4884\">\n<p class=\"\" data-start=\"4846\" data-end=\"4884\">Au\u00dfendienst f\u00fcr Elektro- und Versorgungsunternehmen<\/p>\n<\/li>\n<li class=\"\" data-start=\"4885\" data-end=\"4921\">\n<p class=\"\" data-start=\"4887\" data-end=\"4921\">Lageristen und Gabelstaplerfahrer<\/p>\n<\/li>\n<li class=\"\" data-start=\"4922\" data-end=\"4953\">\n<p class=\"\" data-start=\"4924\" data-end=\"4953\">Vermesser und Bauleiter<\/p>\n<\/li>\n<li class=\"\" data-start=\"4954\" data-end=\"4981\">\n<p class=\"\" data-start=\"4956\" data-end=\"4981\">Parken &amp; Verkehr Personal<\/p>\n<\/li>\n<li class=\"\" data-start=\"4982\" data-end=\"5018\">\n<p class=\"\" data-start=\"4984\" data-end=\"5018\">Einsatzkr\u00e4fte f\u00fcr Notf\u00e4lle und Veranstaltungen<\/p>\n<\/li>\n<\/ul>\n<p class=\"\" data-start=\"5020\" data-end=\"5378\"><strong data-start=\"5020\" data-end=\"5058\">Professioneller Look, gebaut f\u00fcr Teams<\/strong><br data-start=\"5058\" data-end=\"5061\" \/>Die schlichte schwarze Basis, kontrastiert mit fluoreszierenden und reflektierenden Details, verleiht dieser Jacke einen <strong data-start=\"5153\" data-end=\"5186\">professionelles Erscheinungsbild<\/strong> die dem Markenzeichen des Unternehmens, der Identifizierung der Mannschaft und den Uniformstandards entspricht. Sie ist eine gro\u00dfartige Option f\u00fcr Teamkleidung auf Baustellen, insbesondere in Kombination mit passenden Warnhosen oder Sicherheitswesten.<\/p>\n<p class=\"\" data-start=\"5380\" data-end=\"5414\"><strong data-start=\"5380\" data-end=\"5412\">Wasch- und Pflegeanleitung:<\/strong><\/p>\n<ul data-start=\"5415\" data-end=\"5584\">\n<li class=\"\" data-start=\"5415\" data-end=\"5450\">\n<p class=\"\" data-start=\"5417\" data-end=\"5450\">Maschinenw\u00e4sche kalt, Schonwaschgang<\/p>\n<\/li>\n<li class=\"\" data-start=\"5451\" data-end=\"5482\">\n<p class=\"\" data-start=\"5453\" data-end=\"5482\">H\u00e4ngend trocknen f\u00fcr langes Tragen<\/p>\n<\/li>\n<li class=\"\" data-start=\"5483\" data-end=\"5500\">\n<p class=\"\" data-start=\"5485\" data-end=\"5500\">Nicht bleichen<\/p>\n<\/li>\n<li class=\"\" data-start=\"5501\" data-end=\"5558\">\n<p class=\"\" data-start=\"5503\" data-end=\"5558\">Vermeiden Sie das Trocknen bei gro\u00dfer Hitze, um das reflektierende Material zu sch\u00fctzen.<\/p>\n<\/li>\n<li class=\"\" data-start=\"5559\" data-end=\"5584\">\n<p class=\"\" data-start=\"5561\" data-end=\"5584\">B\u00fcgeln nicht empfohlen<\/p>\n<\/li>\n<\/ul>\n<\/div>\n<\/div>\n<\/div>\n<\/div>","protected":false},"excerpt":{"rendered":"<div class=\"flex-shrink-0 flex flex-col relative items-end\">\n<div class=\"pt-0\">\n<div class=\"gizmo-bot-avatar flex h-8 w-8 items-center justify-center overflow-hidden rounded-full\">\n<div class=\"relative p-1 rounded-sm flex items-center justify-center bg-token-main-surface-primary text-token-text-primary h-8 w-8\">\n<p class=\"\" data-start=\"384\" data-end=\"772\">Bleiben Sie in gef\u00e4hrlichen Arbeitsumgebungen sicher, gut sichtbar und gut ausger\u00fcstet mit dem <strong data-start=\"460\" data-end=\"497\">RYINZ Arbeitsjacke mit hoher Sichtbarkeit<\/strong>, wurde speziell f\u00fcr Profis entwickelt, die sowohl Sichtbarkeit als auch Leistung verlangen. Diese Sicherheitsjacke wurde f\u00fcr Bauarbeiter, Versorgungsteams, Stra\u00dfenarbeiter, Lagerarbeiter und Industriemitarbeiter entwickelt und vereint Schutz, Funktionalit\u00e4t und Komfort in einem einzigen, markanten Teil.<\/p>\n<p class=\"\" data-start=\"774\" data-end=\"1188\">Mit leuchtend gelben Streifen auf einem tiefschwarzen Untergrund, kombiniert mit breiten <strong data-start=\"865\" data-end=\"890\">360\u00b0 reflektierende B\u00e4nder<\/strong> auf der Brust, dem R\u00fccken und den Armen sorgt diese Jacke daf\u00fcr, dass Sie aus jedem Blickwinkel gut sichtbar sind - ob in schummrigen Lagerhallen, an nebligen Stra\u00dfenr\u00e4ndern oder auf n\u00e4chtlichen Baustellen. Das kontrastreiche Design maximiert die Lichtreflexion von Scheinwerfern und Flutlicht, was das Risiko von Unf\u00e4llen auf der Baustelle deutlich reduziert.<\/p>\n<p class=\"\" data-start=\"1190\" data-end=\"1550\">Die robuste Vorderseite mit durchgehendem Rei\u00dfverschluss erm\u00f6glicht ein einfaches An- und Ausziehen, w\u00e4hrend der hohe Kragen Ihren Hals vor Wind und Staub sch\u00fctzt. Eine obere Rei\u00dfverschlusstasche auf der Brust und zwei Seitentaschen bieten sicheren Stauraum f\u00fcr Ihre wichtigsten Utensilien wie Stifte, Notizbl\u00f6cke, Ausweise, Handschuhe oder mobile Ger\u00e4te. Elastische B\u00fcndchen und eine k\u00f6rperbetonte Passform sorgen daf\u00fcr, dass die Jacke nicht auftr\u00e4gt und die Bewegungsfreiheit bei der Arbeit nicht einschr\u00e4nkt.<\/p>\n<p class=\"\" data-start=\"1552\" data-end=\"1833\">Diese Jacke aus strapazierf\u00e4higem, atmungsaktivem Softshell-Material h\u00e4lt Sie warm, ohne dass Sie bei aktiver Arbeit \u00fcberhitzen. Ganz gleich, ob Sie den Verkehr regeln, Materialien heben oder die Infrastruktur inspizieren - RYINZ bietet eine hervorragende Sichtbarkeit, ohne dabei Kompromisse bei der Funktionalit\u00e4t oder dem Komfort einzugehen.<\/p>\n<\/div>\n<\/div>\n<\/div>\n<\/div>","protected":false},"featured_media":9088,"comment_status":"closed","ping_status":"closed","template":"","meta":[],"product_brand":[35],"product_cat":[202],"product_tag":[215,216],"class_list":{"0":"post-9032","1":"product","2":"type-product","3":"status-publish","4":"has-post-thumbnail","6":"product_brand-ryinz","7":"product_cat-apparels","8":"product_tag-hi-visibility-jacket","9":"product_tag-reflective-jacket","11":"first","12":"instock","13":"taxable","14":"shipping-taxable","15":"purchasable","16":"product-type-simple"},"_links":{"self":[{"href":"https:\/\/ryinz.cz\/velkoobchod\/de\/wp-json\/wp\/v2\/product\/9032","targetHints":{"allow":["GET"]}}],"collection":[{"href":"https:\/\/ryinz.cz\/velkoobchod\/de\/wp-json\/wp\/v2\/product"}],"about":[{"href":"https:\/\/ryinz.cz\/velkoobchod\/de\/wp-json\/wp\/v2\/types\/product"}],"replies":[{"embeddable":true,"href":"https:\/\/ryinz.cz\/velkoobchod\/de\/wp-json\/wp\/v2\/comments?post=9032"}],"wp:featuredmedia":[{"embeddable":true,"href":"https:\/\/ryinz.cz\/velkoobchod\/de\/wp-json\/wp\/v2\/media\/9088"}],"wp:attachment":[{"href":"https:\/\/ryinz.cz\/velkoobchod\/de\/wp-json\/wp\/v2\/media?parent=9032"}],"wp:term":[{"taxonomy":"product_brand","embeddable":true,"href":"https:\/\/ryinz.cz\/velkoobchod\/de\/wp-json\/wp\/v2\/product_brand?post=9032"},{"taxonomy":"product_cat","embeddable":true,"href":"https:\/\/ryinz.cz\/velkoobchod\/de\/wp-json\/wp\/v2\/product_cat?post=9032"},{"taxonomy":"product_tag","embeddable":true,"href":"https:\/\/ryinz.cz\/velkoobchod\/de\/wp-json\/wp\/v2\/product_tag?post=9032"}],"curies":[{"name":"wp","href":"https:\/\/api.w.org\/{rel}","templated":true}]}}