{"id":9031,"date":"2025-06-22T15:26:32","date_gmt":"2025-06-22T15:26:32","guid":{"rendered":"https:\/\/ryinz.cz\/velkoobchod\/?post_type=product&#038;p=9031"},"modified":"2026-01-18T20:17:23","modified_gmt":"2026-01-18T20:17:23","slug":"herren-premium-sherpa-fleecejacke-mit-reisverschluss-und-brusttasche","status":"publish","type":"product","link":"https:\/\/ryinz.cz\/velkoobchod\/de\/product\/mens-premium-sherpa-fleece-jacket-full-zip-with-chest-pocket\/","title":{"rendered":"Herren Premium Sherpa Fleece Jacke - Full-Zip mit Brusttasche"},"content":{"rendered":"<div class=\"flex-shrink-0 flex flex-col relative items-end\">\n<div class=\"pt-0\">\n<div class=\"gizmo-bot-avatar flex h-8 w-8 items-center justify-center overflow-hidden rounded-full\">\n<div class=\"relative p-1 rounded-sm flex items-center justify-center bg-token-main-surface-primary text-token-text-primary h-8 w-8\">\n<p class=\"\" data-start=\"1696\" data-end=\"2155\">Die <strong data-start=\"1700\" data-end=\"1730\">RYINZ Sherpa Fleece Jacke<\/strong> definiert Komfort, W\u00e4rme und Strapazierf\u00e4higkeit in der Oberbekleidung neu. Diese mit viel Liebe zum Detail entworfene Jacke kombiniert klassisches Fleece-Styling mit modernem Nutzen und ist damit eine zuverl\u00e4ssige Wahl f\u00fcr den ganzt\u00e4gigen Einsatz bei kaltem Wetter. Sie ist aus ultraweichem, dickem, hochdichtem Sherpa-Fleece gefertigt und bietet eine hervorragende Isolierung, die die K\u00f6rperw\u00e4rme speichert und gleichzeitig atmungsaktiv ist, um ein perfektes Gleichgewicht zwischen W\u00e4rme und Bel\u00fcftung zu gew\u00e4hrleisten.<\/p>\n<p class=\"\" data-start=\"2157\" data-end=\"2679\">Dieses vielseitige Oberbekleidungsst\u00fcck ist ideal f\u00fcr Herbst, Winter und den fr\u00fchen Fr\u00fchling und zeichnet sich durch eine strukturierte und dennoch bequeme Silhouette aus. Sie verf\u00fcgt \u00fcber einen durchgehenden Frontrei\u00dfverschluss f\u00fcr einfaches Tragen, einen Stehkragen, der den Hals vor K\u00e4lte sch\u00fctzt, und drei funktionelle Rei\u00dfverschlusstaschen - zwei seitliche Taschen f\u00fcr Handw\u00e4rmer und eine Brusttasche f\u00fcr die sichere Aufbewahrung von wichtigen Dingen wie Schl\u00fcssel, Telefon oder Geldb\u00f6rse. Die Rei\u00dfverschl\u00fcsse sind mit hochwertigen Metallbeschl\u00e4gen ausgestattet und mit eleganten Zuglaschen aus Kunstleder versehen, die f\u00fcr zus\u00e4tzlichen Halt und Stil sorgen.<\/p>\n<p class=\"\" data-start=\"2681\" data-end=\"3170\">Die N\u00e4hte im Inneren sind verst\u00e4rkt und gef\u00fcttert, um die Haltbarkeit zu erh\u00f6hen und die Reibung zu verringern. Das Fleece ist an den Belastungspunkten doppelt gen\u00e4ht, um eine lange Lebensdauer sowohl in der Stadt als auch in rauen Umgebungen zu gew\u00e4hrleisten. \u00c4rmelb\u00fcndchen und Saum sind so konzipiert, dass sie W\u00e4rme speichern und gleichzeitig flexibel sind. Der leicht taillierte Schnitt sorgt f\u00fcr eine schmeichelhafte Passform f\u00fcr M\u00e4nner und Frauen. Der neutrale graue Farbton ist zeitlos und l\u00e4sst sich leicht mit Jeans, Arbeitskleidung, Cargohosen oder Thermo-Basisschichten kombinieren.<\/p>\n<p class=\"\" data-start=\"3172\" data-end=\"3573\">RYINZ hat diese Jacke nicht nur f\u00fcr l\u00e4ssigen Komfort, sondern auch f\u00fcr funktionelle Kleidung entwickelt. Ob Sie durch Waldwege wandern, Schnee schippen, bei kaltem Wetter pendeln oder einfach nur mit Freunden im Freien entspannen, diese Jacke h\u00e4lt Ihnen den R\u00fccken frei. Dank ihres komprimierbaren Designs eignet sie sich auch hervorragend als \u00e4u\u00dfere Schicht beim Camping und auf Reisen - sie ist leicht genug, um eingepackt zu werden, ohne an Loft oder Leistung zu verlieren.<\/p>\n<p class=\"\" data-start=\"3575\" data-end=\"4026\">Diese Sherpa-Fleecejacke kann in der Maschine gewaschen werden und beh\u00e4lt auch nach dem Waschen ihre Form, ihre pl\u00fcschige Textur und ihre isolierenden Eigenschaften. Mit ethischer Beschaffung, dem Augenmerk auf die Nachhaltigkeit der Materialien und dem Fokus auf die Zufriedenheit der Tr\u00e4ger hebt sich RYINZ weiterhin als vertrauensw\u00fcrdiger Name in der Produktion von Handschuhen und Oberbekleidung ab. Wir sind stolz darauf, Produkte in Profiqualit\u00e4t f\u00fcr den pers\u00f6nlichen Gebrauch, f\u00fcr den Einzelhandel und f\u00fcr Private-Label-Partnerschaften zu liefern.<\/p>\n<p class=\"\" data-start=\"4028\" data-end=\"4313\">F\u00fcr Unternehmen ist diese Jacke im Gro\u00dfhandel und mit individuellem Branding erh\u00e4ltlich. Ganz gleich, ob Sie Ihre eigene Oberbekleidungslinie aufbauen, Mitarbeiter f\u00fcr den Winter ausstatten oder Fleecejacken f\u00fcr den Einzelhandel suchen - RYINZ bietet ma\u00dfgeschneiderte L\u00f6sungen mit niedrigen Mindestbestellmengen und skalierbarer Produktionskapazit\u00e4t.<\/p>\n<\/div>\n<\/div>\n<\/div>\n<\/div>","protected":false},"excerpt":{"rendered":"<div class=\"flex-shrink-0 flex flex-col relative items-end\">\n<div class=\"pt-0\">\n<div class=\"gizmo-bot-avatar flex h-8 w-8 items-center justify-center overflow-hidden rounded-full\">\n<div class=\"relative p-1 rounded-sm flex items-center justify-center bg-token-main-surface-primary text-token-text-primary h-8 w-8\">\n<p>Erleben Sie dauerhafte W\u00e4rme und Stil mit dieser hochwertigen Sherpa-Fleecejacke, die f\u00fcr kalte Klimazonen und einen aktiven Lebensstil konzipiert wurde. Sie ist aus weichem Thermofleece gefertigt und verf\u00fcgt \u00fcber einen durchgehenden Frontrei\u00dfverschluss, sichere Brust- und Seitentaschen mit Rei\u00dfverschluss sowie verst\u00e4rkte N\u00e4hte f\u00fcr verbesserte Haltbarkeit. Ideal f\u00fcr die Arbeit im Freien, zum Wandern oder f\u00fcr das t\u00e4gliche Tragen im Winter. Diese Jacke bietet eine hervorragende Isolierung und ist gleichzeitig atmungsaktiv und leicht. Erh\u00e4ltlich f\u00fcr kundenspezifisches Branding und Gro\u00dfhandelsbestellungen.<\/p>\n<\/div>\n<\/div>\n<\/div>\n<\/div>","protected":false},"featured_media":9089,"comment_status":"closed","ping_status":"closed","template":"","meta":[],"product_brand":[35],"product_cat":[202],"product_tag":[213,214],"class_list":{"0":"post-9031","1":"product","2":"type-product","3":"status-publish","4":"has-post-thumbnail","6":"product_brand-ryinz","7":"product_cat-apparels","8":"product_tag-casual-jacket","9":"product_tag-mens-fleece-jacket","11":"first","12":"instock","13":"taxable","14":"shipping-taxable","15":"purchasable","16":"product-type-simple"},"_links":{"self":[{"href":"https:\/\/ryinz.cz\/velkoobchod\/de\/wp-json\/wp\/v2\/product\/9031","targetHints":{"allow":["GET"]}}],"collection":[{"href":"https:\/\/ryinz.cz\/velkoobchod\/de\/wp-json\/wp\/v2\/product"}],"about":[{"href":"https:\/\/ryinz.cz\/velkoobchod\/de\/wp-json\/wp\/v2\/types\/product"}],"replies":[{"embeddable":true,"href":"https:\/\/ryinz.cz\/velkoobchod\/de\/wp-json\/wp\/v2\/comments?post=9031"}],"wp:featuredmedia":[{"embeddable":true,"href":"https:\/\/ryinz.cz\/velkoobchod\/de\/wp-json\/wp\/v2\/media\/9089"}],"wp:attachment":[{"href":"https:\/\/ryinz.cz\/velkoobchod\/de\/wp-json\/wp\/v2\/media?parent=9031"}],"wp:term":[{"taxonomy":"product_brand","embeddable":true,"href":"https:\/\/ryinz.cz\/velkoobchod\/de\/wp-json\/wp\/v2\/product_brand?post=9031"},{"taxonomy":"product_cat","embeddable":true,"href":"https:\/\/ryinz.cz\/velkoobchod\/de\/wp-json\/wp\/v2\/product_cat?post=9031"},{"taxonomy":"product_tag","embeddable":true,"href":"https:\/\/ryinz.cz\/velkoobchod\/de\/wp-json\/wp\/v2\/product_tag?post=9031"}],"curies":[{"name":"wp","href":"https:\/\/api.w.org\/{rel}","templated":true}]}}