{"id":9030,"date":"2025-06-22T15:26:32","date_gmt":"2025-06-22T15:26:32","guid":{"rendered":"https:\/\/ryinz.cz\/velkoobchod\/?post_type=product&#038;p=9030"},"modified":"2026-01-18T20:17:23","modified_gmt":"2026-01-18T20:17:23","slug":"ryinz-herren-klassische-schwarze-jeansjacke-robuste-slim-fit-oberbekleidung-fur-lassigen-urbanen-streetwear-style","status":"publish","type":"product","link":"https:\/\/ryinz.cz\/velkoobchod\/de\/product\/ryinz-mens-classic-black-denim-jacket-rugged-slim-fit-outerwear-for-casual-urban-streetwear-style\/","title":{"rendered":"RYINZ Herrenjacke aus schwarzem Denim - Robuste Slim Fit Oberbekleidung f\u00fcr den l\u00e4ssigen, urbanen &amp; Streetwear Style"},"content":{"rendered":"<div class=\"flex-shrink-0 flex flex-col relative items-end\">\n<div class=\"pt-0\">\n<div class=\"gizmo-bot-avatar flex h-8 w-8 items-center justify-center overflow-hidden rounded-full\">\n<div class=\"relative p-1 rounded-sm flex items-center justify-center bg-token-main-surface-primary text-token-text-primary h-8 w-8\">\n<p class=\"\" data-start=\"1603\" data-end=\"2044\">Die <strong data-start=\"1607\" data-end=\"1651\">RYINZ Klassische schwarze Denim-Jacke f\u00fcr M\u00e4nner<\/strong> ist mehr als nur ein Kleidungsst\u00fcck - sie ist ein Eckpfeiler zeitloser Mode und bietet un\u00fcbertroffene Vielseitigkeit und Selbstvertrauen in einem robusten Paket. Diese Jeansjacke ist perfekt f\u00fcr jede Jahreszeit und den ganzen Tag geeignet und schafft die perfekte Balance zwischen funktionalen Schichten und gehobener Streetwear. Jede Naht, jede Tasche und jeder Knopf ist so konzipiert, dass eine maskuline Silhouette mit kompromisslosem Komfort entsteht.<\/p>\n<p class=\"\" data-start=\"2046\" data-end=\"2445\"><strong data-start=\"2046\" data-end=\"2062\">Design &amp; Passform<\/strong><br data-start=\"2062\" data-end=\"2065\" \/>Die schmale Passform ist modern und schmeichelhaft und verj\u00fcngt sich leicht an der Taille f\u00fcr eine scharfe Silhouette, die die Bewegungsfreiheit nicht einschr\u00e4nkt. Der gespreizte Kragen und die strukturierte Schulterpartie betonen den maskulinen K\u00f6rperbau und machen die Jacke ideal f\u00fcr M\u00e4nner, die Wert auf Stil legen, ohne auf Komfort zu verzichten. Doppeln\u00e4hte an den \u00c4rmeln und Seiten sorgen f\u00fcr zus\u00e4tzliche Strapazierf\u00e4higkeit und unterstreichen die urbane \u00c4sthetik der Jacke.<\/p>\n<p class=\"\" data-start=\"2447\" data-end=\"2701\">Die tiefschwarze Waschung mit sanftem Ausbleichen und Distressed-Look macht es einfach, diese Jacke mit fast allem zu kombinieren - Jeans, Chinos, Cargohosen, Jogginghosen. Ein minimalistisches, aber plakatives RYINZ-Logo sitzt dezent im Kragen und sorgt f\u00fcr einen cleanen und edlen Look.<\/p>\n<p class=\"\" data-start=\"2703\" data-end=\"2756\"><strong data-start=\"2703\" data-end=\"2725\">Taschen und Verschl\u00fcsse<\/strong><br data-start=\"2725\" data-end=\"2728\" \/>Die Jacke ist ausgestattet mit:<\/p>\n<ul data-start=\"2757\" data-end=\"2951\">\n<li class=\"\" data-start=\"2757\" data-end=\"2814\">\n<p class=\"\" data-start=\"2759\" data-end=\"2814\">2 sichere Pattentaschen mit Metallkn\u00f6pfen auf der Brust<\/p>\n<\/li>\n<li class=\"\" data-start=\"2815\" data-end=\"2847\">\n<p class=\"\" data-start=\"2817\" data-end=\"2847\">2 ger\u00e4umige Seitenhandtaschen<\/p>\n<\/li>\n<li class=\"\" data-start=\"2848\" data-end=\"2893\">\n<p class=\"\" data-start=\"2850\" data-end=\"2893\">Internes Fach f\u00fcr Brieftasche oder Handy<\/p>\n<\/li>\n<li class=\"\" data-start=\"2894\" data-end=\"2951\">\n<p class=\"\" data-start=\"2896\" data-end=\"2951\">Verst\u00e4rkte Knopfleiste mit RYINZ-Markenbeschlag<\/p>\n<\/li>\n<\/ul>\n<p class=\"\" data-start=\"2953\" data-end=\"3109\">Ganz gleich, ob Sie einen legeren Spaziergang machen oder eine zus\u00e4tzliche Schicht \u00fcber Ihrem Arbeitshemd ben\u00f6tigen, die Taschen sind sowohl praktisch als auch symmetrisch zum Gesamtbild.<\/p>\n<p class=\"\" data-start=\"3111\" data-end=\"3457\"><strong data-start=\"3111\" data-end=\"3136\">Material &amp; Langlebigkeit<\/strong><br data-start=\"3136\" data-end=\"3139\" \/>Diese Jacke aus einer hochwertigen Baumwoll-Denim-Mischung ist sowohl atmungsaktiv als auch robust. Sie hat genug Struktur, um ihre Form auch nach jahrelangem Tragen beizubehalten, aber gerade genug Flexibilit\u00e4t, um sich den Bewegungen Ihres K\u00f6rpers anzupassen. Die Innenseite ist leicht gef\u00fcttert, so dass sie sich f\u00fcr mehrere Jahreszeiten eignet - vom fr\u00fchen Herbst bis zum sp\u00e4ten Fr\u00fchling.<\/p>\n<p class=\"\" data-start=\"3459\" data-end=\"3682\">Der Stoff ist resistent gegen Ausbleichen und Ausfransen, und alle stark beanspruchten Bereiche (wie Ellbogen und Unterarme) sind f\u00fcr zus\u00e4tzliche Haltbarkeit doppelt gen\u00e4ht. Die Jacke ist daf\u00fcr gemacht, in W\u00fcrde zu altern und wird mit jedem Waschen und Tragen weicher und besser.<\/p>\n<p class=\"\" data-start=\"3684\" data-end=\"3749\"><strong data-start=\"3684\" data-end=\"3703\">Styling-Optionen<\/strong><br data-start=\"3703\" data-end=\"3706\" \/>Die RYINZ-Jeansjacke kann \u00fcbereinander getragen werden:<\/p>\n<ul data-start=\"3750\" data-end=\"3913\">\n<li class=\"\" data-start=\"3750\" data-end=\"3779\">\n<p class=\"\" data-start=\"3752\" data-end=\"3779\">T-Shirts f\u00fcr einen l\u00e4ssigen Tag<\/p>\n<\/li>\n<li class=\"\" data-start=\"3780\" data-end=\"3817\">\n<p class=\"\" data-start=\"3782\" data-end=\"3817\">Kapuzenpullover f\u00fcr einen modernen Lagenlook<\/p>\n<\/li>\n<li class=\"\" data-start=\"3818\" data-end=\"3857\">\n<p class=\"\" data-start=\"3820\" data-end=\"3857\">Rollkragenpullover f\u00fcr einen l\u00e4ssigen Look<\/p>\n<\/li>\n<li class=\"\" data-start=\"3858\" data-end=\"3913\">\n<p class=\"\" data-start=\"3860\" data-end=\"3913\">Button-down-Hemden f\u00fcr ein robustes, b\u00fcrotaugliches Ensemble<\/p>\n<\/li>\n<\/ul>\n<p class=\"\" data-start=\"3915\" data-end=\"4068\">Kombinieren Sie sie je nach Anlass mit Sneakers, Stiefeln oder Lederschuhen. Seine Vielseitigkeit macht ihn zu einem Grundnahrungsmittel f\u00fcr Reisen, Arbeit, Wochenenden oder gesellschaftliche Anl\u00e4sse.<\/p>\n<p class=\"\" data-start=\"4070\" data-end=\"4088\"><strong data-start=\"4070\" data-end=\"4086\">Perfekt f\u00fcr:<\/strong><\/p>\n<ul data-start=\"4089\" data-end=\"4279\">\n<li class=\"\" data-start=\"4089\" data-end=\"4110\">\n<p class=\"\" data-start=\"4091\" data-end=\"4110\">L\u00e4ssige Alltagskleidung<\/p>\n<\/li>\n<li class=\"\" data-start=\"4111\" data-end=\"4139\">\n<p class=\"\" data-start=\"4113\" data-end=\"4139\">Urbane Modestatements<\/p>\n<\/li>\n<li class=\"\" data-start=\"4140\" data-end=\"4177\">\n<p class=\"\" data-start=\"4142\" data-end=\"4177\">Motorrad- oder Biker-Kost\u00fcme<\/p>\n<\/li>\n<li class=\"\" data-start=\"4178\" data-end=\"4209\">\n<p class=\"\" data-start=\"4180\" data-end=\"4209\">Oberbekleidung f\u00fcr Herbst und Fr\u00fchjahr<\/p>\n<\/li>\n<li class=\"\" data-start=\"4210\" data-end=\"4234\">\n<p class=\"\" data-start=\"4212\" data-end=\"4234\">Laue Sommern\u00e4chte<\/p>\n<\/li>\n<li class=\"\" data-start=\"4235\" data-end=\"4279\">\n<p class=\"\" data-start=\"4237\" data-end=\"4279\">Leichte Schichtung unter M\u00e4nteln im Winter<\/p>\n<\/li>\n<\/ul>\n<p class=\"\" data-start=\"4281\" data-end=\"4495\"><strong data-start=\"4281\" data-end=\"4303\">Pflegehinweise:<\/strong><br data-start=\"4303\" data-end=\"4306\" \/>Maschinenwaschbar in kaltem Wasser. An der Leine oder im W\u00e4schetrockner auf niedriger Stufe trocknen. Vermeiden Sie Bleichmittel oder Weichsp\u00fcler. Der Denim wird mit der Zeit und dem Waschen weicher, beh\u00e4lt aber aufgrund der hochwertigen Stoffqualit\u00e4t seine Form.<\/p>\n<\/div>\n<\/div>\n<\/div>\n<\/div>","protected":false},"excerpt":{"rendered":"<div class=\"flex-shrink-0 flex flex-col relative items-end\">\n<div class=\"pt-0\">\n<div class=\"gizmo-bot-avatar flex h-8 w-8 items-center justify-center overflow-hidden rounded-full\">\n<div class=\"relative p-1 rounded-sm flex items-center justify-center bg-token-main-surface-primary text-token-text-primary h-8 w-8\">\n<p class=\"\" data-start=\"370\" data-end=\"820\">Verbessern Sie Ihren Streetstyle mit der klassischen schwarzen Jeansjacke von RYINZ - ein zeitloses St\u00fcck, das robusten Charme und modernes Flair miteinander verbindet. Diese schmal geschnittene Jeansjacke ist f\u00fcr M\u00e4nner gemacht, die langlebige Mode mit allt\u00e4glichem Komfort zu sch\u00e4tzen wissen, und kombiniert einen scharfen Schnitt mit urbanem Flair. Die tiefschwarze Waschung mit dezentem Fading sorgt f\u00fcr einen Used-Look, der nie aus der Mode kommt, w\u00e4hrend die strukturierten N\u00e4hte und die gekn\u00f6pfte Vorderseite die Dinge sauber und klassisch halten.<\/p>\n<p class=\"\" data-start=\"822\" data-end=\"1162\">Die Jacke hat zwei Brusttaschen mit Knopfklappen, zwei seitliche Eingrifftaschen f\u00fcr H\u00e4nde oder kleine Accessoires und gekn\u00f6pfte Manschetten, die je nach Look offen oder geschlossen getragen werden k\u00f6nnen. Sie ist eine vielseitige \u00e4u\u00dfere Schicht, die das ganze Jahr \u00fcber getragen werden kann - im Winter \u00fcber einem Kapuzenpulli, im Fr\u00fchling oder Herbst \u00fcber einem T-Shirt oder an Sommerabenden sogar \u00fcber einem Tank.<\/p>\n<p class=\"\" data-start=\"1164\" data-end=\"1392\">Sie ist aus hochwertigem, strapazierf\u00e4higem Denim mit leichtem Stretchanteil gefertigt, der sich mit der Zeit an Ihren K\u00f6rper anpasst und seine Form beh\u00e4lt. Perfekt f\u00fcr M\u00e4nner, die ein Lieblingsst\u00fcck f\u00fcr l\u00e4ssige Ausfl\u00fcge, Treffen, Roadtrips oder sogar Freitags im B\u00fcro brauchen.<\/p>\n<p class=\"\" data-start=\"1394\" data-end=\"1546\">Ob mit Stiefeln und dunklen Jeans oder mit Jogginghose und Sneakern - die Jeansjacke von RYINZ rundet Ihr Outfit in jedem Fall l\u00e4ssig ab.<\/p>\n<\/div>\n<\/div>\n<\/div>\n<\/div>","protected":false},"featured_media":9078,"comment_status":"closed","ping_status":"closed","template":"","meta":[],"product_brand":[35],"product_cat":[202],"product_tag":[212,213],"class_list":{"0":"post-9030","1":"product","2":"type-product","3":"status-publish","4":"has-post-thumbnail","6":"product_brand-ryinz","7":"product_cat-apparels","8":"product_tag-all-season-jacket","9":"product_tag-casual-jacket","11":"first","12":"instock","13":"taxable","14":"shipping-taxable","15":"purchasable","16":"product-type-simple"},"_links":{"self":[{"href":"https:\/\/ryinz.cz\/velkoobchod\/de\/wp-json\/wp\/v2\/product\/9030","targetHints":{"allow":["GET"]}}],"collection":[{"href":"https:\/\/ryinz.cz\/velkoobchod\/de\/wp-json\/wp\/v2\/product"}],"about":[{"href":"https:\/\/ryinz.cz\/velkoobchod\/de\/wp-json\/wp\/v2\/types\/product"}],"replies":[{"embeddable":true,"href":"https:\/\/ryinz.cz\/velkoobchod\/de\/wp-json\/wp\/v2\/comments?post=9030"}],"wp:featuredmedia":[{"embeddable":true,"href":"https:\/\/ryinz.cz\/velkoobchod\/de\/wp-json\/wp\/v2\/media\/9078"}],"wp:attachment":[{"href":"https:\/\/ryinz.cz\/velkoobchod\/de\/wp-json\/wp\/v2\/media?parent=9030"}],"wp:term":[{"taxonomy":"product_brand","embeddable":true,"href":"https:\/\/ryinz.cz\/velkoobchod\/de\/wp-json\/wp\/v2\/product_brand?post=9030"},{"taxonomy":"product_cat","embeddable":true,"href":"https:\/\/ryinz.cz\/velkoobchod\/de\/wp-json\/wp\/v2\/product_cat?post=9030"},{"taxonomy":"product_tag","embeddable":true,"href":"https:\/\/ryinz.cz\/velkoobchod\/de\/wp-json\/wp\/v2\/product_tag?post=9030"}],"curies":[{"name":"wp","href":"https:\/\/api.w.org\/{rel}","templated":true}]}}