{"id":9029,"date":"2025-06-22T15:26:32","date_gmt":"2025-06-22T15:26:32","guid":{"rendered":"https:\/\/ryinz.cz\/velkoobchod\/?post_type=product&#038;p=9029"},"modified":"2026-01-18T20:17:22","modified_gmt":"2026-01-18T20:17:22","slug":"ryinz-varsity-style-streetwear-hoodie-jacke-klassischer-bomber-look-mit-kunstleder-armel-kapuze-fur-manner","status":"publish","type":"product","link":"https:\/\/ryinz.cz\/velkoobchod\/de\/product\/ryinz-varsity-style-streetwear-hoodie-jacket-classic-bomber-look-with-faux-leather-sleeves-hood-for-men\/","title":{"rendered":"RYINZ Varsity-Style Streetwear Hoodie Jacke - Klassischer Bomber-Look mit Kunstleder-\u00c4rmeln &amp; Kapuze f\u00fcr M\u00e4nner"},"content":{"rendered":"<p class=\"\" data-start=\"355\" data-end=\"715\">Zeitloser Stil mit der <strong data-start=\"389\" data-end=\"437\">RYINZ Streetwear-Kapuzenjacke im Varsity-Stil<\/strong>, eine perfekte Mischung aus sportlicher Mode und urbanem Komfort. Inspiriert von der klassischen amerikanischen Varsity-Jacke, wurde dieses Teil mit modernen Materialien und praktischen Streetwear-Funktionen aufgewertet, was es zu einem herausragenden Teil f\u00fcr Freizeitkleidung, Arbeitsuniformen, individuellem Branding oder Team-Outfits macht.<\/p>\n<p class=\"\" data-start=\"717\" data-end=\"1178\">Diese Jacke ist definiert durch ihre <strong data-start=\"747\" data-end=\"798\">kontrastierende schwarze Kunstleder\u00e4rmel und Kapuze<\/strong>, mit einem kr\u00e4ftigen tealfarbenen Stoffk\u00f6rper gepaart, was ihn modisch und vielseitig macht. Die <strong data-start=\"883\" data-end=\"904\">Druckknopfleiste<\/strong>, Rippb\u00fcndchen an \u00c4rmeln und Saum sowie zwei Seitentaschen sorgen f\u00fcr die traditionelle Varsity-Silhouette, w\u00e4hrend sie gleichzeitig f\u00fcr W\u00e4rme und Komfort sorgen. Die angesetzte Kapuze mit Kordelzug bietet zus\u00e4tzlichen Schutz vor Wind und leichtem Regen und ist somit ideal f\u00fcr k\u00fchle Tage und \u00dcbergangswetter.<\/p>\n<p class=\"\" data-start=\"1180\" data-end=\"1499\">Die <strong data-start=\"1184\" data-end=\"1244\">Hauptteil aus strapazierf\u00e4higem Polyester-Fleece-Gemisch<\/strong>, und bietet W\u00e4rme, ohne aufzutragen. Die \u00c4rmel imitieren die k\u00fchne \u00c4sthetik von Leder, bestehen aber aus synthetischen Materialien f\u00fcr eine grausamkeitsfreie, flexible Passform. Die Innenseite ist weich und atmungsaktiv, sodass Sie die Jacke den ganzen Tag \u00fcber tragen k\u00f6nnen, egal ob Sie in der Stadt unterwegs sind oder aktiv bleiben.<\/p>\n<p class=\"\" data-start=\"1501\" data-end=\"1808\">Der RYINZ Kapuzenpulli ist nicht nur ein Hingucker - er ist <strong data-start=\"1552\" data-end=\"1623\">voll funktionsf\u00e4hig f\u00fcr Vereine, Schulen, Unternehmen und den pers\u00f6nlichen Stil<\/strong>. Dank des gro\u00dfz\u00fcgigen Platzes zur individuellen Gestaltung k\u00f6nnen Sie den Namen Ihrer Marke, Ihr Logo oder Aufn\u00e4her auf der Vorder- und R\u00fcckseite oder an den \u00c4rmeln anbringen. Es ist die ideale Wahl f\u00fcr Gro\u00dfbestellungen, Merch oder Uniformen.<\/p>\n<p class=\"\" data-start=\"1810\" data-end=\"1998\">Egal, ob du durch die Stra\u00dfen l\u00e4ufst, zur Uni gehst, im Freien arbeitest oder deine Marke repr\u00e4sentierst - diese Kapuzenjacke sorgt f\u00fcr einen frischen, sportlichen Look und h\u00e4lt dich warm und selbstbewusst.<\/p>\n<hr class=\"\" data-start=\"2000\" data-end=\"2003\" \/>\n<h3 class=\"\" data-start=\"2005\" data-end=\"2032\"><strong data-start=\"2009\" data-end=\"2032\">Produkt-Highlights:<\/strong><\/h3>\n<ul data-start=\"2034\" data-end=\"2497\">\n<li class=\"\" data-start=\"2034\" data-end=\"2095\">\n<p class=\"\" data-start=\"2036\" data-end=\"2095\">Stylische, von der Variet\u00e4t inspirierte Jacke mit modernem Kapuzendesign<\/p>\n<\/li>\n<li class=\"\" data-start=\"2096\" data-end=\"2140\">\n<p class=\"\" data-start=\"2098\" data-end=\"2140\">\u00c4rmel aus Kunstleder und Kapuze mit Kordelzug<\/p>\n<\/li>\n<li class=\"\" data-start=\"2141\" data-end=\"2198\">\n<p class=\"\" data-start=\"2143\" data-end=\"2198\">Dick gerippte B\u00fcndchen und Saum mit kr\u00e4ftigen Kontraststreifen<\/p>\n<\/li>\n<li class=\"\" data-start=\"2199\" data-end=\"2243\">\n<p class=\"\" data-start=\"2201\" data-end=\"2243\">Robuster Druckknopfverschluss auf der Vorderseite<\/p>\n<\/li>\n<li class=\"\" data-start=\"2244\" data-end=\"2297\">\n<p class=\"\" data-start=\"2246\" data-end=\"2297\">Innen mit weichem Fleece gef\u00fcttert f\u00fcr W\u00e4rme und Komfort<\/p>\n<\/li>\n<li class=\"\" data-start=\"2298\" data-end=\"2346\">\n<p class=\"\" data-start=\"2300\" data-end=\"2346\">Zwei Handw\u00e4rmetaschen f\u00fcr Komfort und W\u00e4rme<\/p>\n<\/li>\n<li class=\"\" data-start=\"2347\" data-end=\"2387\">\n<p class=\"\" data-start=\"2349\" data-end=\"2387\">Individuelles Branding und stickereif\u00e4hig<\/p>\n<\/li>\n<li class=\"\" data-start=\"2388\" data-end=\"2436\">\n<p class=\"\" data-start=\"2390\" data-end=\"2436\">Unisex-Passform, geeignet f\u00fcr M\u00e4nner und \u00e4ltere Jugendliche<\/p>\n<\/li>\n<li class=\"\" data-start=\"2437\" data-end=\"2497\">\n<p class=\"\" data-start=\"2439\" data-end=\"2497\">Perfekt f\u00fcr Schulen, Sportteams, Start-ups, Merch-Linien<\/p>\n<\/li>\n<\/ul>\n<hr class=\"\" data-start=\"2499\" data-end=\"2502\" \/>\n<h3 class=\"\" data-start=\"2504\" data-end=\"2525\"><strong data-start=\"2508\" data-end=\"2525\">Anwendungen:<\/strong><\/h3>\n<ul data-start=\"2527\" data-end=\"2797\">\n<li class=\"\" data-start=\"2527\" data-end=\"2548\">\n<p class=\"\" data-start=\"2529\" data-end=\"2548\">T\u00e4gliche Freizeitkleidung<\/p>\n<\/li>\n<li class=\"\" data-start=\"2549\" data-end=\"2580\">\n<p class=\"\" data-start=\"2551\" data-end=\"2580\">Jacke in Mannschafts- oder Vereinskleidung<\/p>\n<\/li>\n<li class=\"\" data-start=\"2581\" data-end=\"2613\">\n<p class=\"\" data-start=\"2583\" data-end=\"2613\">Werbe- oder Merchandising-Kleidung<\/p>\n<\/li>\n<li class=\"\" data-start=\"2614\" data-end=\"2651\">\n<p class=\"\" data-start=\"2616\" data-end=\"2651\">Campusmode und Schuloutfits<\/p>\n<\/li>\n<li class=\"\" data-start=\"2652\" data-end=\"2692\">\n<p class=\"\" data-start=\"2654\" data-end=\"2692\">Leichte Arbeitskleidung f\u00fcr Herbst\/Fr\u00fchjahr<\/p>\n<\/li>\n<li class=\"\" data-start=\"2693\" data-end=\"2723\">\n<p class=\"\" data-start=\"2695\" data-end=\"2723\">B2B-Anpassungsprojekte<\/p>\n<\/li>\n<li class=\"\" data-start=\"2724\" data-end=\"2769\">\n<p class=\"\" data-start=\"2726\" data-end=\"2769\">Firmengeschenke oder Branding-Kampagnen<\/p>\n<\/li>\n<li class=\"\" data-start=\"2770\" data-end=\"2797\">\n<p class=\"\" data-start=\"2772\" data-end=\"2797\">St\u00e4dtische Modeh\u00e4ndler<\/p>\n<\/li>\n<\/ul>\n<hr class=\"\" data-start=\"2799\" data-end=\"2802\" \/>\n<h3 class=\"\" data-start=\"2804\" data-end=\"2827\"><strong data-start=\"2808\" data-end=\"2827\">Spezifikationen:<\/strong><\/h3>\n<ul data-start=\"2829\" data-end=\"3246\">\n<li class=\"\" data-start=\"2829\" data-end=\"2897\">\n<p class=\"\" data-start=\"2831\" data-end=\"2897\">\u00c4u\u00dferes Material: Polyester-Fleece (K\u00f6rper) + Kunstleder (\u00c4rmel)<\/p>\n<\/li>\n<li class=\"\" data-start=\"2898\" data-end=\"2929\">\n<p class=\"\" data-start=\"2900\" data-end=\"2929\">Innenfutter: Weiches geb\u00fcrstetes Gewebe<\/p>\n<\/li>\n<li class=\"\" data-start=\"2930\" data-end=\"2955\">\n<p class=\"\" data-start=\"2932\" data-end=\"2955\">Verschluss: Druckkn\u00f6pfe<\/p>\n<\/li>\n<li class=\"\" data-start=\"2956\" data-end=\"2999\">\n<p class=\"\" data-start=\"2958\" data-end=\"2999\">Farbe: Teal K\u00f6rper \/ schwarze \u00c4rmel &amp; Kapuze<\/p>\n<\/li>\n<li class=\"\" data-start=\"3000\" data-end=\"3053\">\n<p class=\"\" data-start=\"3002\" data-end=\"3053\">Gr\u00f6\u00dfen: S, M, L, XL, XXL (Sondergr\u00f6\u00dfen m\u00f6glich)<\/p>\n<\/li>\n<li class=\"\" data-start=\"3054\" data-end=\"3125\">\n<p class=\"\" data-start=\"3056\" data-end=\"3125\">Merkmale: Kapuze mit Kordelzug, elastische gestreifte B\u00fcndchen, 2 Seitentaschen<\/p>\n<\/li>\n<li class=\"\" data-start=\"3126\" data-end=\"3188\">\n<p class=\"\" data-start=\"3128\" data-end=\"3188\">Personalisierung: Logodruck, Stickerei, private Beschriftung<\/p>\n<\/li>\n<li class=\"\" data-start=\"3189\" data-end=\"3205\">\n<p class=\"\" data-start=\"3191\" data-end=\"3205\">MOQ: 100 St\u00fcck<\/p>\n<\/li>\n<li class=\"\" data-start=\"3206\" data-end=\"3246\">\n<p class=\"\" data-start=\"3208\" data-end=\"3246\">Geschlecht: Unisex (prim\u00e4re Zielgruppe: M\u00e4nner)<\/p>\n<\/li>\n<\/ul>","protected":false},"excerpt":{"rendered":"<div class=\"flex-shrink-0 flex flex-col relative items-end\">\n<div class=\"pt-0\">\n<div class=\"gizmo-bot-avatar flex h-8 w-8 items-center justify-center overflow-hidden rounded-full\">\n<div class=\"relative p-1 rounded-sm flex items-center justify-center bg-token-main-surface-primary text-token-text-primary h-8 w-8\">\n<p class=\"\" data-start=\"3305\" data-end=\"3924\">Die RYINZ Varsity Hoodie Jacket verbindet zeitlose College-Mode mit moderner Funktionalit\u00e4t. Mit einer Druckknopfleiste, gestreiften Rippb\u00fcndchen und schwarzen Kunstleder\u00e4rmeln bietet sie eine gewagte, sportliche \u00c4sthetik. Die Kapuze mit Kordelzug und die Innenseite aus Fleece sorgen f\u00fcr Komfort und W\u00e4rme und machen die Jacke perfekt f\u00fcr Streetwear, Branding-Projekte oder Team-Outfits. Die Jacke ist vollst\u00e4ndig anpassbar und bietet Platz f\u00fcr Logos und Stickereien, was sie ideal f\u00fcr Vereine, Arbeitsgruppen, Werbeaktionen und Modeh\u00e4ndler macht. Stilvoll, bequem und \u00e4u\u00dferst anpassungsf\u00e4hig ist sie eine unverzichtbare mittelschwere Jacke, die Mode und Funktion m\u00fchelos in Einklang bringt.<\/p>\n<\/div>\n<\/div>\n<\/div>\n<\/div>","protected":false},"featured_media":9081,"comment_status":"closed","ping_status":"closed","template":"","meta":[],"product_brand":[35],"product_cat":[202],"product_tag":[209,210,211],"class_list":{"0":"post-9029","1":"product","2":"type-product","3":"status-publish","4":"has-post-thumbnail","6":"product_brand-ryinz","7":"product_cat-apparels","8":"product_tag-mens-hoodie-jacket","9":"product_tag-sportswear","10":"product_tag-varsity-jacket","12":"first","13":"instock","14":"taxable","15":"shipping-taxable","16":"purchasable","17":"product-type-simple"},"_links":{"self":[{"href":"https:\/\/ryinz.cz\/velkoobchod\/de\/wp-json\/wp\/v2\/product\/9029","targetHints":{"allow":["GET"]}}],"collection":[{"href":"https:\/\/ryinz.cz\/velkoobchod\/de\/wp-json\/wp\/v2\/product"}],"about":[{"href":"https:\/\/ryinz.cz\/velkoobchod\/de\/wp-json\/wp\/v2\/types\/product"}],"replies":[{"embeddable":true,"href":"https:\/\/ryinz.cz\/velkoobchod\/de\/wp-json\/wp\/v2\/comments?post=9029"}],"wp:featuredmedia":[{"embeddable":true,"href":"https:\/\/ryinz.cz\/velkoobchod\/de\/wp-json\/wp\/v2\/media\/9081"}],"wp:attachment":[{"href":"https:\/\/ryinz.cz\/velkoobchod\/de\/wp-json\/wp\/v2\/media?parent=9029"}],"wp:term":[{"taxonomy":"product_brand","embeddable":true,"href":"https:\/\/ryinz.cz\/velkoobchod\/de\/wp-json\/wp\/v2\/product_brand?post=9029"},{"taxonomy":"product_cat","embeddable":true,"href":"https:\/\/ryinz.cz\/velkoobchod\/de\/wp-json\/wp\/v2\/product_cat?post=9029"},{"taxonomy":"product_tag","embeddable":true,"href":"https:\/\/ryinz.cz\/velkoobchod\/de\/wp-json\/wp\/v2\/product_tag?post=9029"}],"curies":[{"name":"wp","href":"https:\/\/api.w.org\/{rel}","templated":true}]}}