{"id":9028,"date":"2025-06-22T15:26:32","date_gmt":"2025-06-22T15:26:32","guid":{"rendered":"https:\/\/ryinz.cz\/velkoobchod\/?post_type=product&#038;p=9028"},"modified":"2026-01-18T20:17:22","modified_gmt":"2026-01-18T20:17:22","slug":"ryinz-mens-alle-schwarzen-taktischen-feldjacke-multi-pocket-windjacke-mit-kapuze-fur-outdoor-arbeit-streetwear","status":"publish","type":"product","link":"https:\/\/ryinz.cz\/velkoobchod\/de\/product\/ryinz-mens-all-black-tactical-field-jacket-multi-pocket-windbreaker-with-hood-for-outdoor-work-streetwear\/","title":{"rendered":"RYINZ Men's All-Black Tactical Field Jacket - Multi-Pocket Windbreaker mit Kapuze f\u00fcr Outdoor, Arbeit &amp; Streetwear"},"content":{"rendered":"<div class=\"flex-shrink-0 flex flex-col relative items-end\">\n<div class=\"pt-0\">\n<div class=\"gizmo-bot-avatar flex h-8 w-8 items-center justify-center overflow-hidden rounded-full\">\n<div class=\"relative p-1 rounded-sm flex items-center justify-center bg-token-main-surface-primary text-token-text-primary h-8 w-8\">\n<p class=\"\" data-start=\"1647\" data-end=\"2003\"><strong data-start=\"1647\" data-end=\"1694\">RYINZ All-Black Tactical Field Jacket f\u00fcr M\u00e4nner<\/strong> wurde f\u00fcr Personen entwickelt, die mehr von ihrer Oberbekleidung erwarten - mehr Taschen, mehr Schutz und mehr Pr\u00e4senz. Diese Jacke wurde f\u00fcr ganzj\u00e4hrige Vielseitigkeit und taktische Leistung entwickelt und vereint die besten Elemente eines Milit\u00e4rmantels, einer Windjacke und einer Winterarbeitsjacke in einem stadttauglichen Design.<\/p>\n<p class=\"\" data-start=\"2005\" data-end=\"2420\"><strong data-start=\"2005\" data-end=\"2040\">Urbane Eleganz trifft auf robuste N\u00fctzlichkeit<\/strong><br data-start=\"2040\" data-end=\"2043\" \/>Diese Field-Jacket besticht durch ihre komplett schwarze \u00c4sthetik. Im Gegensatz zu typischer Outdoor-Kleidung, die Neon- oder Erdt\u00f6ne bevorzugt, setzt dieses St\u00fcck auf <strong data-start=\"2201\" data-end=\"2222\">moderner Minimalismus<\/strong>-Schick, frech und raffiniert. Die tiefschwarze Farbgebung sorgt f\u00fcr eine einfache Kombination mit all Ihren t\u00e4glichen Looks, egal ob Sie Besorgungen machen, auf eine Reise gehen oder sich auf der Baustelle zum Dienst melden.<\/p>\n<p class=\"\" data-start=\"2422\" data-end=\"2529\"><strong data-start=\"2422\" data-end=\"2466\">Eingebaute Funktionalit\u00e4t, Tasche f\u00fcr Tasche<\/strong><br data-start=\"2466\" data-end=\"2469\" \/>Sie haben die H\u00e4nde frei und sind auf alles vorbereitet. Die Jacke enth\u00e4lt:<\/p>\n<ul data-start=\"2531\" data-end=\"2949\">\n<li class=\"\" data-start=\"2531\" data-end=\"2625\">\n<p class=\"\" data-start=\"2533\" data-end=\"2625\"><strong data-start=\"2533\" data-end=\"2563\">2 gro\u00dfe Brusttaschen mit Klappe<\/strong> mit Knopfverschluss - ideal f\u00fcr Ausweise, Notizbl\u00f6cke oder kleine Werkzeuge<\/p>\n<\/li>\n<li class=\"\" data-start=\"2626\" data-end=\"2707\">\n<p class=\"\" data-start=\"2628\" data-end=\"2707\"><strong data-start=\"2628\" data-end=\"2659\">2 vertikale Rei\u00dfverschlusstaschen<\/strong> f\u00fcr den sicheren Zugriff auf Bargeld, Telefon oder Ladeger\u00e4te<\/p>\n<\/li>\n<li class=\"\" data-start=\"2708\" data-end=\"2771\">\n<p class=\"\" data-start=\"2710\" data-end=\"2771\"><strong data-start=\"2710\" data-end=\"2738\">2 ger\u00e4umige Taillentaschen<\/strong> f\u00fcr Handschuhe, Karten oder Notizb\u00fccher<\/p>\n<\/li>\n<li class=\"\" data-start=\"2772\" data-end=\"2949\">\n<p class=\"\" data-start=\"2774\" data-end=\"2949\"><strong data-start=\"2774\" data-end=\"2793\">Innentasche<\/strong> f\u00fcr Wertsachen oder Brieftasche<br data-start=\"2817\" data-end=\"2820\" \/>Mit sechs Au\u00dfenf\u00e4chern und einem versteckten Innenfach eignet sich diese Jacke als Tragesystem f\u00fcr Profis oder Alltagsreisende.<\/p>\n<\/li>\n<\/ul>\n<p class=\"\" data-start=\"2951\" data-end=\"2985\"><strong data-start=\"2951\" data-end=\"2983\">Einstellbar f\u00fcr jeden Einsatz<\/strong><\/p>\n<ul data-start=\"2986\" data-end=\"3375\">\n<li class=\"\" data-start=\"2986\" data-end=\"3093\">\n<p class=\"\" data-start=\"2988\" data-end=\"3093\"><strong data-start=\"2988\" data-end=\"3008\">Kapuze mit Kordelzug:<\/strong> Sch\u00fctzen Sie Ihren Kopf vor pl\u00f6tzlichem Regen oder nehmen Sie ihn ganz ab, um ein sauberes Profil zu erhalten.<\/p>\n<\/li>\n<li class=\"\" data-start=\"3094\" data-end=\"3178\">\n<p class=\"\" data-start=\"3096\" data-end=\"3178\"><strong data-start=\"3096\" data-end=\"3134\">Verstellbare Manschetten mit Knopfleiste:<\/strong> W\u00e4rme einschlie\u00dfen oder beim Schichten auflockern<\/p>\n<\/li>\n<li class=\"\" data-start=\"3179\" data-end=\"3279\">\n<p class=\"\" data-start=\"3181\" data-end=\"3279\"><strong data-start=\"3181\" data-end=\"3212\">Taillenschnur (innen versteckt):<\/strong> Passen Sie Ihre Passform an - schn\u00fcren Sie sich bei Wind ein oder entspannen Sie sich beim l\u00e4ssigen Tragen<\/p>\n<\/li>\n<li class=\"\" data-start=\"3280\" data-end=\"3375\">\n<p class=\"\" data-start=\"3282\" data-end=\"3375\"><strong data-start=\"3282\" data-end=\"3318\">Frontrei\u00dfverschluss mit Druckknopfklappe:<\/strong> Sorgt f\u00fcr festen Halt bei kaltem Wind und ist gleichzeitig ein robustes Detail<\/p>\n<\/li>\n<\/ul>\n<p class=\"\" data-start=\"3377\" data-end=\"3799\"><strong data-start=\"3377\" data-end=\"3426\">Komfortable Isolierung und Wetterbest\u00e4ndigkeit<\/strong><br data-start=\"3426\" data-end=\"3429\" \/>Im Inneren der Jacke befindet sich ein <strong data-start=\"3450\" data-end=\"3472\">weiches Fleecefutter<\/strong> speichert die W\u00e4rme effizient, ohne \u00fcberm\u00e4\u00dfig schwer zu sein. Sie ist ideal f\u00fcr k\u00fchle Morgen, Herbstabende oder die \u00dcbergangszeit im Winter. Au\u00dfen ist das Au\u00dfenmaterial <strong data-start=\"3646\" data-end=\"3690\">widerstandsf\u00e4hig gegen leichten Regen und starken Wind<\/strong>, Das macht ihn zu einer guten Wahl f\u00fcr Pendler, Reisende oder Menschen, die im Freien unter unvorhersehbaren Bedingungen arbeiten.<\/p>\n<p class=\"\" data-start=\"3801\" data-end=\"3839\"><strong data-start=\"3801\" data-end=\"3837\">Praxiserprobte Anziehungskraft - Ideal f\u00fcr:<\/strong><\/p>\n<ul data-start=\"3840\" data-end=\"4018\">\n<li class=\"\" data-start=\"3840\" data-end=\"3868\">\n<p class=\"\" data-start=\"3842\" data-end=\"3868\">Urbane &amp; taktische Mode<\/p>\n<\/li>\n<li class=\"\" data-start=\"3869\" data-end=\"3901\">\n<p class=\"\" data-start=\"3871\" data-end=\"3901\">Bau &amp; Lager Nutzung<\/p>\n<\/li>\n<li class=\"\" data-start=\"3902\" data-end=\"3932\">\n<p class=\"\" data-start=\"3904\" data-end=\"3932\">Sicherheits- und Lieferarbeiten<\/p>\n<\/li>\n<li class=\"\" data-start=\"3933\" data-end=\"3970\">\n<p class=\"\" data-start=\"3935\" data-end=\"3970\">Outdoor-Fotografie oder Feldarbeit<\/p>\n<\/li>\n<li class=\"\" data-start=\"3971\" data-end=\"3993\">\n<p class=\"\" data-start=\"3973\" data-end=\"3993\">Reisen und Pendeln<\/p>\n<\/li>\n<li class=\"\" data-start=\"3994\" data-end=\"4018\">\n<p class=\"\" data-start=\"3996\" data-end=\"4018\">Alltagskleidung f\u00fcr den Winter<\/p>\n<\/li>\n<\/ul>\n<p class=\"\" data-start=\"4020\" data-end=\"4141\">Egal, ob Sie auf ein Bauger\u00fcst klettern oder durch die Stra\u00dfen der Stadt schlendern, die Jacke macht alles mit und l\u00e4sst Sie dabei gut aussehen.<\/p>\n<p class=\"\" data-start=\"4143\" data-end=\"4364\"><strong data-start=\"4143\" data-end=\"4161\">Passform &amp; Schichtung<\/strong><br data-start=\"4161\" data-end=\"4164\" \/>Die taillierte, strukturierte Passform bietet genug Platz, um einen Pullover oder eine Kapuzenjacke darunter zu tragen, ohne klobig zu wirken. Verst\u00e4rkte N\u00e4hte und strapazierf\u00e4hige Rei\u00dfverschl\u00fcsse sorgen f\u00fcr eine lange Lebensdauer, auch unter schwierigen Bedingungen.<\/p>\n<p class=\"\" data-start=\"4366\" data-end=\"4582\"><strong data-start=\"4366\" data-end=\"4380\">Stil-Tipps<\/strong><br data-start=\"4380\" data-end=\"4383\" \/>Kombinieren Sie sie mit taktischen Stiefeln f\u00fcr einen milit\u00e4risch inspirierten Look oder tragen Sie sie \u00fcber schmalen Jeans und Turnschuhen f\u00fcr einen Street-Smart-Look. Passt ebenso gut zu Cargohosen, Jogginghosen oder Chinos - RYINZ passt sich Ihrem Stil an.<\/p>\n<p class=\"\" data-start=\"4584\" data-end=\"4608\"><strong data-start=\"4584\" data-end=\"4606\">Pflegehinweise:<\/strong><\/p>\n<ul data-start=\"4609\" data-end=\"4755\">\n<li class=\"\" data-start=\"4609\" data-end=\"4630\">\n<p class=\"\" data-start=\"4611\" data-end=\"4630\">Maschinenw\u00e4sche kalt<\/p>\n<\/li>\n<li class=\"\" data-start=\"4631\" data-end=\"4679\">\n<p class=\"\" data-start=\"4633\" data-end=\"4679\">Zum Trocknen aufh\u00e4ngen, um Form und Fleece-Futter zu erhalten<\/p>\n<\/li>\n<li class=\"\" data-start=\"4680\" data-end=\"4710\">\n<p class=\"\" data-start=\"4682\" data-end=\"4710\">Vermeiden Sie Bleichmittel oder hei\u00dfe Trockner<\/p>\n<\/li>\n<li class=\"\" data-start=\"4711\" data-end=\"4755\">\n<p class=\"\" data-start=\"4713\" data-end=\"4755\">Reinigen Sie Rei\u00dfverschl\u00fcsse und Kn\u00f6pfe nach Bedarf<\/p>\n<\/li>\n<\/ul>\n<p class=\"\" data-start=\"4757\" data-end=\"4842\">Diese Jacke ist <strong data-start=\"4772\" data-end=\"4799\">mehr als nur Kleidung<\/strong>-Es ist ein Werkzeugkasten, ein Schutzschild und ein Statement.<\/p>\n<\/div>\n<\/div>\n<\/div>\n<\/div>","protected":false},"excerpt":{"rendered":"<div class=\"flex-shrink-0 flex flex-col relative items-end\">\n<div class=\"pt-0\">\n<div class=\"gizmo-bot-avatar flex h-8 w-8 items-center justify-center overflow-hidden rounded-full\">\n<div class=\"relative p-1 rounded-sm flex items-center justify-center bg-token-main-surface-primary text-token-text-primary h-8 w-8\">\n<p class=\"\" data-start=\"386\" data-end=\"739\">Selbstbewusster Stil und Nutzen mit der <strong data-start=\"433\" data-end=\"474\">RYINZ All-Black Tactical Field Jacket<\/strong>, eine k\u00fchne Fusion aus robuster Streetwear, Outdoor-Haltbarkeit und funktioneller Arbeitskleidung. Diese Jacke wurde f\u00fcr M\u00e4nner entworfen, die sowohl Mode als auch Funktionalit\u00e4t zu sch\u00e4tzen wissen. Sie ist Ihr t\u00e4glicher Begleiter f\u00fcr wechselnde Klimazonen, urbane Erkundungen, Au\u00dfeneins\u00e4tze und Winterfahrten.<\/p>\n<p class=\"\" data-start=\"741\" data-end=\"1132\">Das markante, komplett schwarze Design dieser Jacke zeichnet sich durch eine strukturierte Silhouette mit einer Mischung aus sicheren Klappentaschen mit Knopfverschluss und vertikalen Rei\u00dfverschlussf\u00e4chern aus - so k\u00f6nnen Sie Werkzeuge, Gadgets, Karten oder andere wichtige Dinge problemlos transportieren. Mit abnehmbarer Kapuze, verstellbaren Kordelz\u00fcgen und strapazierf\u00e4higen N\u00e4hten passt sich die RYINZ Feldjacke Ihren Bed\u00fcrfnissen in unvorhersehbaren Umgebungen an.<\/p>\n<p class=\"\" data-start=\"1134\" data-end=\"1398\">Das Fleece-Innenfutter sorgt f\u00fcr W\u00e4rme an kalten Tagen, w\u00e4hrend das windabweisende Au\u00dfenmaterial vor rauen B\u00f6en und leichtem Regen sch\u00fctzt. Ob \u00fcber einem Kapuzenpulli oder allein getragen, die Jacke bietet einen eleganten Look ohne Kompromisse bei Komfort und Bewegungsfreiheit.<\/p>\n<p class=\"\" data-start=\"1400\" data-end=\"1590\">Mit seinen klaren Linien, dem milit\u00e4risch inspirierten Schnitt und dem modernen Schwarz-auf-Schwarz-Finish f\u00fcgt sich dieses Teil nahtlos in jede Garderobe ein - von Streetwear-Kollektionen \u00fcber Outdoor-Ausr\u00fcstung bis hin zu Freizeituniformen.<\/p>\n<\/div>\n<\/div>\n<\/div>\n<\/div>","protected":false},"featured_media":9076,"comment_status":"closed","ping_status":"closed","template":"","meta":[],"product_brand":[35],"product_cat":[202],"product_tag":[207,208],"class_list":{"0":"post-9028","1":"product","2":"type-product","3":"status-publish","4":"has-post-thumbnail","6":"product_brand-ryinz","7":"product_cat-apparels","8":"product_tag-casual-black-jacket","9":"product_tag-custom-logo-jacket","11":"first","12":"instock","13":"taxable","14":"shipping-taxable","15":"purchasable","16":"product-type-simple"},"_links":{"self":[{"href":"https:\/\/ryinz.cz\/velkoobchod\/de\/wp-json\/wp\/v2\/product\/9028","targetHints":{"allow":["GET"]}}],"collection":[{"href":"https:\/\/ryinz.cz\/velkoobchod\/de\/wp-json\/wp\/v2\/product"}],"about":[{"href":"https:\/\/ryinz.cz\/velkoobchod\/de\/wp-json\/wp\/v2\/types\/product"}],"replies":[{"embeddable":true,"href":"https:\/\/ryinz.cz\/velkoobchod\/de\/wp-json\/wp\/v2\/comments?post=9028"}],"wp:featuredmedia":[{"embeddable":true,"href":"https:\/\/ryinz.cz\/velkoobchod\/de\/wp-json\/wp\/v2\/media\/9076"}],"wp:attachment":[{"href":"https:\/\/ryinz.cz\/velkoobchod\/de\/wp-json\/wp\/v2\/media?parent=9028"}],"wp:term":[{"taxonomy":"product_brand","embeddable":true,"href":"https:\/\/ryinz.cz\/velkoobchod\/de\/wp-json\/wp\/v2\/product_brand?post=9028"},{"taxonomy":"product_cat","embeddable":true,"href":"https:\/\/ryinz.cz\/velkoobchod\/de\/wp-json\/wp\/v2\/product_cat?post=9028"},{"taxonomy":"product_tag","embeddable":true,"href":"https:\/\/ryinz.cz\/velkoobchod\/de\/wp-json\/wp\/v2\/product_tag?post=9028"}],"curies":[{"name":"wp","href":"https:\/\/api.w.org\/{rel}","templated":true}]}}