{"id":9027,"date":"2025-06-22T15:26:31","date_gmt":"2025-06-22T15:26:31","guid":{"rendered":"https:\/\/ryinz.cz\/velkoobchod\/?post_type=product&#038;p=9027"},"modified":"2026-01-18T20:17:21","modified_gmt":"2026-01-18T20:17:21","slug":"ryinz-multi-pocket-militarischen-stil-jacke-fur-manner-schwere-outdoor-oberbekleidung-mit-herausnehmbaren-inneren-schicht","status":"publish","type":"product","link":"https:\/\/ryinz.cz\/velkoobchod\/de\/product\/ryinz-multi-pocket-military-style-jacket-for-men-heavy-duty-outdoor-outerwear-with-removable-inner-layer\/","title":{"rendered":"RYINZ Multi-Pocket-Milit\u00e4rjacke f\u00fcr M\u00e4nner - strapazierf\u00e4hige Outdoor-Outdoorbekleidung mit herausnehmbarer Innenschicht"},"content":{"rendered":"<div class=\"flex-shrink-0 flex flex-col relative items-end\">\n<div class=\"pt-0\">\n<div class=\"gizmo-bot-avatar flex h-8 w-8 items-center justify-center overflow-hidden rounded-full\">\n<div class=\"relative p-1 rounded-sm flex items-center justify-center bg-token-main-surface-primary text-token-text-primary h-8 w-8\">\n<p class=\"\" data-start=\"1650\" data-end=\"2041\">Treffen Sie die <strong data-start=\"1659\" data-end=\"1714\">RYINZ Herren Heavy-Duty Multi-Pocket Milit\u00e4rjacke<\/strong>-eine erstklassige Outerwear, die f\u00fcr Action, Abenteuer und Alltagsdominanz gebaut ist. Inspiriert vom Military Surplus Style, steht diese Jacke an der Schnittstelle zwischen taktischem Nutzen und moderner Mode. Sie ist nicht nur Oberbekleidung, sondern auch ein Werkzeug f\u00fcr Widerstandsf\u00e4higkeit, ein modisches Statement und ein Schutzschild gegen die Elemente.<\/p>\n<p class=\"\" data-start=\"2043\" data-end=\"2133\"><strong data-start=\"2043\" data-end=\"2076\">Vielseitiges 2-in-1-Schichtsystem<\/strong><br data-start=\"2076\" data-end=\"2079\" \/>Diese Jacke ist mit einer einzigartigen 2-in-1-Struktur ausgestattet:<\/p>\n<ul data-start=\"2134\" data-end=\"2246\">\n<li class=\"\" data-start=\"2134\" data-end=\"2174\">\n<p class=\"\" data-start=\"2136\" data-end=\"2174\">Eine robuste, wasserabweisende Au\u00dfenh\u00fclle<\/p>\n<\/li>\n<li class=\"\" data-start=\"2175\" data-end=\"2246\">\n<p class=\"\" data-start=\"2177\" data-end=\"2246\">Vollst\u00e4ndig herausnehmbares, gestepptes Innenfutter in auff\u00e4lligem Burnt Orange<\/p>\n<\/li>\n<\/ul>\n<p class=\"\" data-start=\"2248\" data-end=\"2490\">Tragen Sie die komplette Jacke f\u00fcr zus\u00e4tzliche W\u00e4rme im tiefsten Winter oder nehmen Sie die innere Schicht f\u00fcr die \u00dcbergangszeit heraus. Dieser intelligente Lagenansatz gibt dir Freiheit in allen Jahreszeiten - perfekt f\u00fcr Reisen, Wandern, Pendeln in der Stadt oder t\u00e4gliche Freizeitkleidung.<\/p>\n<p class=\"\" data-start=\"2492\" data-end=\"2880\"><strong data-start=\"2492\" data-end=\"2520\">Material und Handwerkskunst<\/strong><br data-start=\"2520\" data-end=\"2523\" \/>Diese Jacke aus hochwertigem Baumwoll-Canvas und verst\u00e4rktem Polyester ist widerstandsf\u00e4hig gegen Verschlei\u00df, Risse und raues Wetter. Der strapazierf\u00e4hige Frontrei\u00dfverschluss ist mit einer umkn\u00f6pfbaren Sturmklappe kombiniert, um Ihr Inneres vor rauem Wind zu sch\u00fctzen. Der Kragen hat ein hohes Stehkragen-Design mit einem Knopfverschluss, den Sie f\u00fcr einen warmen Hals schlie\u00dfen oder f\u00fcr einen entspannten Look offen lassen k\u00f6nnen.<\/p>\n<p class=\"\" data-start=\"2882\" data-end=\"3060\">Jede Naht, jede Tasche und jeder Aufn\u00e4her ist mit haltbaren N\u00e4hten verst\u00e4rkt. Die \u00c4rmel sind gegliedert, um die Beweglichkeit der Arme zu verbessern. Das herausnehmbare, gepolsterte Innenfutter sorgt f\u00fcr Komfort, ohne aufzutragen.<\/p>\n<p class=\"\" data-start=\"3062\" data-end=\"3107\"><strong data-start=\"3062\" data-end=\"3105\">Funktionelles Design mit Speicherkapazit\u00e4t<\/strong><\/p>\n<ul data-start=\"3108\" data-end=\"3321\">\n<li class=\"\" data-start=\"3108\" data-end=\"3152\">\n<p class=\"\" data-start=\"3110\" data-end=\"3152\">2 Brusttaschen mit Patte und Knopfverschluss<\/p>\n<\/li>\n<li class=\"\" data-start=\"3153\" data-end=\"3197\">\n<p class=\"\" data-start=\"3155\" data-end=\"3197\">2 gro\u00dfe untere Taschen mit Patte + Knopf<\/p>\n<\/li>\n<li class=\"\" data-start=\"3198\" data-end=\"3230\">\n<p class=\"\" data-start=\"3200\" data-end=\"3230\">Vertikale Brusttasche mit Rei\u00dfverschluss<\/p>\n<\/li>\n<li class=\"\" data-start=\"3231\" data-end=\"3281\">\n<p class=\"\" data-start=\"3233\" data-end=\"3281\">Mehrere Innenf\u00e4cher zur sicheren Aufbewahrung<\/p>\n<\/li>\n<li class=\"\" data-start=\"3282\" data-end=\"3321\">\n<p class=\"\" data-start=\"3284\" data-end=\"3321\">Aufgesetzte Armtasche f\u00fcr einen robusten Touch<\/p>\n<\/li>\n<\/ul>\n<p class=\"\" data-start=\"3323\" data-end=\"3518\">Diese Jacke h\u00e4lt Sie nicht nur warm, sondern ist auch daf\u00fcr gemacht, Sie zu organisieren. Egal, ob du deinen Reisepass, Werkzeuge, Gadgets oder Handschuhe mitnimmst, in der RYINZ-Jacke hast du alles sicher und griffbereit.<\/p>\n<p class=\"\" data-start=\"3520\" data-end=\"3835\"><strong data-start=\"3520\" data-end=\"3542\">Witterungsbest\u00e4ndigkeit<\/strong><br data-start=\"3542\" data-end=\"3545\" \/>Die Au\u00dfenh\u00fclle ist wasser-, schmutz- und windabweisend behandelt und damit ideal f\u00fcr unvorhersehbares Wetter. Regen perlt an der Oberfl\u00e4che ab, w\u00e4hrend das Innenfutter die W\u00e4rme speichert und f\u00fcr maximale Isolierung sorgt. Mit den elastischen Kordelz\u00fcgen am Saum und den verstellbaren \u00c4rmelb\u00fcndchen k\u00f6nnen Sie die Passform anpassen und kalte Zugluft abdichten.<\/p>\n<p class=\"\" data-start=\"3837\" data-end=\"4148\"><strong data-start=\"3837\" data-end=\"3854\">Stil &amp; Farbe<\/strong><br data-start=\"3854\" data-end=\"3857\" \/>Der tiefe, erdige Farbton - eine Mischung aus Schwarz und Milit\u00e4rbraun - wird durch Messingkn\u00f6pfe im Vintage-Stil, robuste braune Details und eine charakteristische orangefarbene Innenausstattung akzentuiert. Sie passt perfekt zu Jeans, Cargohosen oder taktischen Hosen. Das auff\u00e4llige RYINZ-Logo im Inneren verleiht der Tasche Charakter, ohne den Look zu \u00fcberlagern.<\/p>\n<p class=\"\" data-start=\"4150\" data-end=\"4166\"><strong data-start=\"4150\" data-end=\"4164\">Ideal f\u00fcr:<\/strong><\/p>\n<ul data-start=\"4167\" data-end=\"4342\">\n<li class=\"\" data-start=\"4167\" data-end=\"4194\">\n<p class=\"\" data-start=\"4169\" data-end=\"4194\">Schutz vor kaltem Wetter<\/p>\n<\/li>\n<li class=\"\" data-start=\"4195\" data-end=\"4225\">\n<p class=\"\" data-start=\"4197\" data-end=\"4225\">Wandern und Camping im Freien<\/p>\n<\/li>\n<li class=\"\" data-start=\"4226\" data-end=\"4253\">\n<p class=\"\" data-start=\"4228\" data-end=\"4253\">Stadtkleidung und Pendeln<\/p>\n<\/li>\n<li class=\"\" data-start=\"4254\" data-end=\"4273\">\n<p class=\"\" data-start=\"4256\" data-end=\"4273\">Reiseschichtungen<\/p>\n<\/li>\n<li class=\"\" data-start=\"4274\" data-end=\"4303\">\n<p class=\"\" data-start=\"4276\" data-end=\"4303\">Motorrad und Autoreisen<\/p>\n<\/li>\n<li class=\"\" data-start=\"4304\" data-end=\"4342\">\n<p class=\"\" data-start=\"4306\" data-end=\"4342\">Taktischer Einsatz und strapazierf\u00e4hige Arbeitskleidung<\/p>\n<\/li>\n<\/ul>\n<p class=\"\" data-start=\"4344\" data-end=\"4547\"><strong data-start=\"4344\" data-end=\"4360\">Gr\u00f6\u00dfe &amp; Passform<\/strong><br data-start=\"4360\" data-end=\"4363\" \/>Gr\u00f6\u00dfengetreu f\u00fcr einen ma\u00dfgeschneiderten Look. F\u00fcr eine lockere Passform oder zum \u00dcberziehen \u00fcber dicke Pullover sollten Sie eine Nummer gr\u00f6\u00dfer w\u00e4hlen. Gen\u00fcgend Platz an den Schultern und im Brustbereich, um flexible Bewegungen zu erm\u00f6glichen.<\/p>\n<p class=\"\" data-start=\"4549\" data-end=\"4702\"><strong data-start=\"4549\" data-end=\"4571\">Pflegehinweise:<\/strong><br data-start=\"4571\" data-end=\"4574\" \/>Kalt in der Maschine waschen (Innenfutter vorher entfernen). An der Luft trocknen. Nicht bleichen. Feinwaschmittel verwenden. F\u00fcr die innere Schicht, separat waschen.<\/p>\n<\/div>\n<\/div>\n<\/div>\n<\/div>","protected":false},"excerpt":{"rendered":"<div class=\"flex-shrink-0 flex flex-col relative items-end\">\n<div class=\"pt-0\">\n<div class=\"gizmo-bot-avatar flex h-8 w-8 items-center justify-center overflow-hidden rounded-full\">\n<div class=\"relative p-1 rounded-sm flex items-center justify-center bg-token-main-surface-primary text-token-text-primary h-8 w-8\">\n<p class=\"\" data-start=\"368\" data-end=\"787\">Erweitern Sie Ihre Garderobe f\u00fcr kaltes Wetter mit dem robusten und doch raffinierten <strong data-start=\"431\" data-end=\"475\">RYINZ Mehrtaschen-Jacke im Milit\u00e4r-Stil<\/strong> f\u00fcr M\u00e4nner. Diese Jacke wurde entwickelt, um maximalen Nutzen mit einem gewagten modischen Aspekt zu verbinden, und kombiniert taktische Funktionalit\u00e4t mit erstklassigem Komfort. Sie ist f\u00fcr alle Jahreszeiten und jedes Gel\u00e4nde geeignet und verf\u00fcgt \u00fcber eine herausnehmbare Innenschicht mit kontrastierendem orangefarbenem Futter, sodass Sie sich problemlos an wechselnde Wetterbedingungen anpassen k\u00f6nnen.<\/p>\n<p class=\"\" data-start=\"789\" data-end=\"1251\">Mit vier ger\u00e4umigen Au\u00dfentaschen und mehreren Innenf\u00e4chern bietet diese Jacke die perfekte Aufbewahrungsl\u00f6sung f\u00fcr alles, von Telefon und Geldb\u00f6rse bis hin zu Werkzeug und Reisezubeh\u00f6r. Der Knopf- und Rei\u00dfverschluss an der Vorderseite sch\u00fctzt Sie vor Wind und K\u00e4lte, w\u00e4hrend die verstellbaren \u00c4rmelb\u00fcndchen und der Stehkragen die W\u00e4rme einschlie\u00dfen, ohne die Bewegungsfreiheit einzuschr\u00e4nken. Verst\u00e4rkte N\u00e4hte an den Druckstellen sorgen f\u00fcr eine lange Haltbarkeit, selbst unter harten Outdoor-Bedingungen.<\/p>\n<p class=\"\" data-start=\"1253\" data-end=\"1593\">Egal, ob Sie in die Stadt fahren oder abseits des Netzes wandern, mit dieser Jacke sind Sie immer gut vorbereitet und stylisch. Tragen Sie sie \u00fcber einem w\u00e4rmenden Kapuzenpulli oder solo f\u00fcr einen k\u00fchnen, vom Milit\u00e4r inspirierten Look, der immer beeindruckt. Das robuste schwarz-braune Au\u00dfenmaterial wird durch br\u00fcnierte Kupferbeschl\u00e4ge und kontrastierende Rei\u00dfverschl\u00fcsse erg\u00e4nzt, die f\u00fcr einen raffinierten Touch sorgen.<\/p>\n<\/div>\n<\/div>\n<\/div>\n<\/div>","protected":false},"featured_media":9075,"comment_status":"closed","ping_status":"closed","template":"","meta":[],"product_brand":[35],"product_cat":[202],"product_tag":[205,206],"class_list":{"0":"post-9027","1":"product","2":"type-product","3":"status-publish","4":"has-post-thumbnail","6":"product_brand-ryinz","7":"product_cat-apparels","8":"product_tag-custom-mens-jacket","9":"product_tag-durable-fabric-jacket","11":"first","12":"instock","13":"taxable","14":"shipping-taxable","15":"purchasable","16":"product-type-simple"},"_links":{"self":[{"href":"https:\/\/ryinz.cz\/velkoobchod\/de\/wp-json\/wp\/v2\/product\/9027","targetHints":{"allow":["GET"]}}],"collection":[{"href":"https:\/\/ryinz.cz\/velkoobchod\/de\/wp-json\/wp\/v2\/product"}],"about":[{"href":"https:\/\/ryinz.cz\/velkoobchod\/de\/wp-json\/wp\/v2\/types\/product"}],"replies":[{"embeddable":true,"href":"https:\/\/ryinz.cz\/velkoobchod\/de\/wp-json\/wp\/v2\/comments?post=9027"}],"wp:featuredmedia":[{"embeddable":true,"href":"https:\/\/ryinz.cz\/velkoobchod\/de\/wp-json\/wp\/v2\/media\/9075"}],"wp:attachment":[{"href":"https:\/\/ryinz.cz\/velkoobchod\/de\/wp-json\/wp\/v2\/media?parent=9027"}],"wp:term":[{"taxonomy":"product_brand","embeddable":true,"href":"https:\/\/ryinz.cz\/velkoobchod\/de\/wp-json\/wp\/v2\/product_brand?post=9027"},{"taxonomy":"product_cat","embeddable":true,"href":"https:\/\/ryinz.cz\/velkoobchod\/de\/wp-json\/wp\/v2\/product_cat?post=9027"},{"taxonomy":"product_tag","embeddable":true,"href":"https:\/\/ryinz.cz\/velkoobchod\/de\/wp-json\/wp\/v2\/product_tag?post=9027"}],"curies":[{"name":"wp","href":"https:\/\/api.w.org\/{rel}","templated":true}]}}