{"id":9017,"date":"2025-06-22T15:25:50","date_gmt":"2025-06-22T15:25:50","guid":{"rendered":"https:\/\/ryinz.cz\/velkoobchod\/?post_type=product&#038;p=9017"},"modified":"2026-01-18T20:17:21","modified_gmt":"2026-01-18T20:17:21","slug":"ryinz-herren-braune-kunstleder-bomberjacke-mit-kapuze-streetwear-moto-style-mit-reissverschlusstaschen","status":"publish","type":"product","link":"https:\/\/ryinz.cz\/velkoobchod\/de\/product\/ryinz-mens-brown-faux-leather-bomber-jacket-with-hoodie-streetwear-moto-style-with-zipper-snap-pockets\/","title":{"rendered":"RYINZ Herren Braun Kunstleder Bomberjacke mit Kapuze - Streetwear Moto Style mit Rei\u00dfverschluss &amp; Snap-Taschen"},"content":{"rendered":"<div class=\"flex-shrink-0 flex flex-col relative items-end\">\n<div class=\"pt-0\">\n<div class=\"gizmo-bot-avatar flex h-8 w-8 items-center justify-center overflow-hidden rounded-full\">\n<p class=\"\" data-start=\"1250\" data-end=\"1547\">Die <strong data-start=\"1254\" data-end=\"1303\">RYINZ Braunes Kunstleder Bomber Hoodie Jacke<\/strong> trifft zeitlose Bikermode auf komfortable, urbane Funktionalit\u00e4t. Dieses Modell wurde f\u00fcr moderne M\u00e4nner entwickelt, die den kantigen Charme einer Lederjacke suchen, ohne auf die Masse oder tierische Produkte verzichten zu m\u00fcssen, denn es ist vollsynthetisch und dennoch beeindruckend glatt und \u00fcberzeugend.<\/p>\n<p class=\"\" data-start=\"1549\" data-end=\"1847\"><strong data-start=\"1549\" data-end=\"1579\">Ein satter, brauner Vintage-Look<\/strong><br data-start=\"1579\" data-end=\"1582\" \/>Das sorgf\u00e4ltig behandelte Kunstleder hat einen abgenutzten Braunton, der mit dem Tragen besser wird. Es spiegelt den klassischen Charme von Motojacken wider, ist aber gleichzeitig umweltbewusst und leichter zu reinigen. Die Oberfl\u00e4che ist wasserabweisend und so konzipiert, dass sie auch nach jahrelangem Tragen ihre Form beh\u00e4lt.<\/p>\n<p class=\"\" data-start=\"1849\" data-end=\"2220\"><strong data-start=\"1849\" data-end=\"1897\">W\u00e4rme trifft auf Lagenlook - mit integrierter Kapuze<\/strong><br data-start=\"1897\" data-end=\"1900\" \/>Die integrierte Fleece-Kapuze sorgt f\u00fcr zus\u00e4tzliche W\u00e4rme und einen sportlichen Kontrast zum Leder. Der mit weichem Stoff gef\u00fctterte Kapuzenpulli bildet eine isolierende Barriere gegen kalten Wind - perfekt f\u00fcr Herbst- und Winterwetter. Tragen Sie ihn mit aufgesetzter Kapuze f\u00fcr den Streetstyle oder \u00f6ffnen Sie den Rei\u00dfverschluss f\u00fcr einen leichteren, eleganteren Look.<\/p>\n<p class=\"\" data-start=\"2222\" data-end=\"2276\"><strong data-start=\"2222\" data-end=\"2274\">Die richtigen Details f\u00fcr allt\u00e4gliche Funktionalit\u00e4t<\/strong><\/p>\n<ul data-start=\"2277\" data-end=\"2584\">\n<li class=\"\" data-start=\"2277\" data-end=\"2310\">\n<p class=\"\" data-start=\"2279\" data-end=\"2310\"><strong data-start=\"2279\" data-end=\"2308\">Durchgehender Front-Rei\u00dfverschluss<\/strong><\/p>\n<\/li>\n<li class=\"\" data-start=\"2311\" data-end=\"2366\">\n<p class=\"\" data-start=\"2313\" data-end=\"2366\"><strong data-start=\"2313\" data-end=\"2339\">Brusttaschen mit Rei\u00dfverschluss<\/strong> (abgewinkelt f\u00fcr leichten Zugang)<\/p>\n<\/li>\n<li class=\"\" data-start=\"2367\" data-end=\"2423\">\n<p class=\"\" data-start=\"2369\" data-end=\"2423\"><strong data-start=\"2369\" data-end=\"2395\">Brusttasche mit Druckknopfverschluss<\/strong> - sicher f\u00fcr Karten oder Ausweise<\/p>\n<\/li>\n<li class=\"\" data-start=\"2424\" data-end=\"2468\">\n<p class=\"\" data-start=\"2426\" data-end=\"2468\"><strong data-start=\"2426\" data-end=\"2449\">Handw\u00e4rmer-Taschen<\/strong> mit weichem Futter<\/p>\n<\/li>\n<li class=\"\" data-start=\"2469\" data-end=\"2513\">\n<p class=\"\" data-start=\"2471\" data-end=\"2513\"><strong data-start=\"2471\" data-end=\"2511\">Schulterklappen mit Schnallendetail<\/strong><\/p>\n<\/li>\n<li class=\"\" data-start=\"2514\" data-end=\"2584\">\n<p class=\"\" data-start=\"2516\" data-end=\"2584\"><strong data-start=\"2516\" data-end=\"2552\">Elastische Rippenb\u00fcndchen &amp; Bund<\/strong> - h\u00e4lt den Wind drau\u00dfen und die Form drinnen<\/p>\n<\/li>\n<\/ul>\n<p class=\"\" data-start=\"2586\" data-end=\"2881\"><strong data-start=\"2586\" data-end=\"2607\">T\u00e4gliche Vielseitigkeit<\/strong><br data-start=\"2607\" data-end=\"2610\" \/>Ob mit Jeans und Turnschuhen f\u00fcr ein stadttaugliches Outfit oder \u00fcber der Arbeitskleidung w\u00e4hrend des Pendelns, diese Jacke passt zu einer Vielzahl von Anl\u00e4ssen - von n\u00e4chtlichen Fahrten bis zu legeren Freitagen. Sie ist robust genug f\u00fcr Wochenendausfl\u00fcge und stilvoll genug f\u00fcr legere Gesch\u00e4ftstreffen.<\/p>\n<p class=\"\" data-start=\"2883\" data-end=\"2904\"><strong data-start=\"2883\" data-end=\"2902\">Material &amp; Pflege<\/strong><\/p>\n<ul data-start=\"2905\" data-end=\"3065\">\n<li class=\"\" data-start=\"2905\" data-end=\"2931\">\n<p class=\"\" data-start=\"2907\" data-end=\"2931\">\u00c4u\u00dferes: PU-Kunstleder<\/p>\n<\/li>\n<li class=\"\" data-start=\"2932\" data-end=\"2961\">\n<p class=\"\" data-start=\"2934\" data-end=\"2961\">Innenfutter: Weiches Fleece innen<\/p>\n<\/li>\n<li class=\"\" data-start=\"2962\" data-end=\"2994\">\n<p class=\"\" data-start=\"2964\" data-end=\"2994\">Kapuze: Polyester\/Baumwollmischung<\/p>\n<\/li>\n<li class=\"\" data-start=\"2995\" data-end=\"3027\">\n<p class=\"\" data-start=\"2997\" data-end=\"3027\">Mit einem feuchten Tuch abwischen<\/p>\n<\/li>\n<li class=\"\" data-start=\"3028\" data-end=\"3065\">\n<p class=\"\" data-start=\"3030\" data-end=\"3065\">Nicht in der Maschine waschen oder im Trockner trocknen<\/p>\n<\/li>\n<\/ul>\n<p class=\"\" data-start=\"3067\" data-end=\"3341\"><strong data-start=\"3067\" data-end=\"3088\">Tipps zu Gr\u00f6\u00dfe und Passform<\/strong><br data-start=\"3088\" data-end=\"3091\" \/>Die Jacke hat einen taillierten Schnitt mit Platz f\u00fcr ein Hemd oder ein leichtes Sweatshirt darunter. W\u00e4hlen Sie Ihre regul\u00e4re Gr\u00f6\u00dfe f\u00fcr eine gem\u00fctliche Moto-Passform oder eine Nummer gr\u00f6\u00dfer f\u00fcr ein entspannteres Gef\u00fchl. Die gerippten B\u00fcndchen und der Bund formen den Torso, ohne die Bewegungsfreiheit einzuschr\u00e4nken.<\/p>\n<p class=\"\" data-start=\"3343\" data-end=\"3361\"><strong data-start=\"3343\" data-end=\"3359\">Perfekt f\u00fcr:<\/strong><\/p>\n<ul data-start=\"3362\" data-end=\"3496\">\n<li class=\"\" data-start=\"3362\" data-end=\"3390\">\n<p class=\"\" data-start=\"3364\" data-end=\"3390\">Herbst\/Winter Alltagskleidung<\/p>\n<\/li>\n<li class=\"\" data-start=\"3391\" data-end=\"3420\">\n<p class=\"\" data-start=\"3393\" data-end=\"3420\">Freizeitradler und Pendler<\/p>\n<\/li>\n<li class=\"\" data-start=\"3421\" data-end=\"3446\">\n<p class=\"\" data-start=\"3423\" data-end=\"3446\">Modebewusste M\u00e4nner<\/p>\n<\/li>\n<li class=\"\" data-start=\"3447\" data-end=\"3472\">\n<p class=\"\" data-start=\"3449\" data-end=\"3472\">Weihnachtsgeschenke f\u00fcr M\u00e4nner<\/p>\n<\/li>\n<li class=\"\" data-start=\"3473\" data-end=\"3496\">\n<p class=\"\" data-start=\"3475\" data-end=\"3496\">Streetwear Schichtung<\/p>\n<\/li>\n<\/ul>\n<p class=\"\" data-start=\"3498\" data-end=\"3611\">Diese <strong data-start=\"3503\" data-end=\"3519\">RYINZ-Jacke<\/strong> ist nicht nur Oberbekleidung - es ist ein <strong data-start=\"3548\" data-end=\"3575\">Vertrauenserkl\u00e4rung<\/strong>. Langlebig, dynamisch und unverwechselbar.<\/p>\n<\/div>\n<\/div>\n<\/div>","protected":false},"excerpt":{"rendered":"<p class=\"\" data-start=\"332\" data-end=\"653\">Die <strong data-start=\"336\" data-end=\"396\">RYINZ Herren Braun Kunstleder Bomberjacke mit Kapuze<\/strong> verbindet robusten Streetstyle mit Alltagskomfort. Diese Jacke wurde f\u00fcr mutige Pers\u00f6nlichkeiten entworfen, die sich zwischen urbanen Szenen, l\u00e4ssigen Abenden und kalten Wetterlagen bewegen, und bietet mit ihrem Bomberschnitt, dem gerippten Saum und den scharfen N\u00e4hten eine maskuline Silhouette.<\/p>\n<p class=\"\" data-start=\"655\" data-end=\"933\">Sie ist aus hochwertigem Kunstleder gefertigt und bietet den erstklassigen Look von echtem Leder, ohne dabei zu schwer zu sein oder Pflegeaufwand zu verursachen. Die angebrachte Innenkapuze aus braunem Fleece w\u00e4rmt und sorgt f\u00fcr einen stra\u00dfentauglichen Look - perfekt f\u00fcr unvorhersehbares Wetter oder zum Aufpeppen Ihres Stils.<\/p>\n<p class=\"\" data-start=\"935\" data-end=\"1193\">Das Design umfasst mehrere sichere Taschen: zwei Brusttaschen mit Rei\u00dfverschluss, zwei Einschubtaschen und eine Brusttasche mit Patte und Druckknopf. Metallrei\u00dfverschl\u00fcsse, Schnallengurte an den Schultern und robuste Rippb\u00fcndchen runden die robuste und modische Ausstattung ab.<\/p>","protected":false},"featured_media":9074,"comment_status":"closed","ping_status":"closed","template":"","meta":[],"product_brand":[35],"product_cat":[202],"product_tag":[203,204],"class_list":{"0":"post-9017","1":"product","2":"type-product","3":"status-publish","4":"has-post-thumbnail","6":"product_brand-ryinz","7":"product_cat-apparels","8":"product_tag-branded-leather-jacket","9":"product_tag-casual-fashion-jacket","11":"first","12":"instock","13":"taxable","14":"shipping-taxable","15":"purchasable","16":"product-type-simple"},"_links":{"self":[{"href":"https:\/\/ryinz.cz\/velkoobchod\/de\/wp-json\/wp\/v2\/product\/9017","targetHints":{"allow":["GET"]}}],"collection":[{"href":"https:\/\/ryinz.cz\/velkoobchod\/de\/wp-json\/wp\/v2\/product"}],"about":[{"href":"https:\/\/ryinz.cz\/velkoobchod\/de\/wp-json\/wp\/v2\/types\/product"}],"replies":[{"embeddable":true,"href":"https:\/\/ryinz.cz\/velkoobchod\/de\/wp-json\/wp\/v2\/comments?post=9017"}],"wp:featuredmedia":[{"embeddable":true,"href":"https:\/\/ryinz.cz\/velkoobchod\/de\/wp-json\/wp\/v2\/media\/9074"}],"wp:attachment":[{"href":"https:\/\/ryinz.cz\/velkoobchod\/de\/wp-json\/wp\/v2\/media?parent=9017"}],"wp:term":[{"taxonomy":"product_brand","embeddable":true,"href":"https:\/\/ryinz.cz\/velkoobchod\/de\/wp-json\/wp\/v2\/product_brand?post=9017"},{"taxonomy":"product_cat","embeddable":true,"href":"https:\/\/ryinz.cz\/velkoobchod\/de\/wp-json\/wp\/v2\/product_cat?post=9017"},{"taxonomy":"product_tag","embeddable":true,"href":"https:\/\/ryinz.cz\/velkoobchod\/de\/wp-json\/wp\/v2\/product_tag?post=9017"}],"curies":[{"name":"wp","href":"https:\/\/api.w.org\/{rel}","templated":true}]}}