{"id":8994,"date":"2025-06-22T15:24:50","date_gmt":"2025-06-22T15:24:50","guid":{"rendered":"https:\/\/ryinz.cz\/velkoobchod\/?post_type=product&#038;p=8994"},"modified":"2026-01-18T20:17:19","modified_gmt":"2026-01-18T20:17:19","slug":"ryinz-halbe-finger-urbane-leistung-handschuhe-premium-komfort-fur-strase-radfahren-fitnessstudio-fitness-training-groshandel-und-private-label","status":"publish","type":"product","link":"https:\/\/ryinz.cz\/velkoobchod\/de\/product\/ryinz-half-finger-urban-performance-gloves-premium-comfort-for-street-biking-gym-fitness-training-wholesale-and-private-label\/","title":{"rendered":"Ryinz Half-Finger Urban Performance Handschuhe | Premium Komfort f\u00fcr Street Biking, Gym, Fitness Training - Gro\u00dfhandel und Private Label"},"content":{"rendered":"<p class=\"\" data-start=\"480\" data-end=\"727\">Unter <strong data-start=\"483\" data-end=\"492\">Ryinz<\/strong>, Wir sind stolz darauf, hochwertige Produkte zu liefern, die Marken st\u00e4rken, Einzelh\u00e4ndler aufwerten und Endverbraucher in Europa, den USA und Asien begeistern.<br data-start=\"630\" data-end=\"633\" \/>Wir sind der unsichtbare Motor des internationalen Handels - wir \u00f6ffnen T\u00fcren, damit Sie Verk\u00e4ufe t\u00e4tigen k\u00f6nnen.<\/p>\n<p class=\"\" data-start=\"729\" data-end=\"1045\">Einf\u00fchrung in die neueste <strong data-start=\"752\" data-end=\"798\">Ryinz Half-Finger Urban Performance Handschuhe<\/strong> - eine perfekte Kombination aus Funktion, Komfort und modernem Design. Diese Handschuhe wurden von Experten f\u00fcr Reiter, Sportler, Pendler und Fitnessstudio-Enthusiasten entwickelt, die bei Hochleistungsaktivit\u00e4ten maximale Fingerfertigkeit, Griffigkeit und Atmungsaktivit\u00e4t ben\u00f6tigen.<\/p>\n<p class=\"\" data-start=\"1047\" data-end=\"1482\">Diese Handschuhe sind aus einer hochwertigen Mischung aus flexiblen und strapazierf\u00e4higen Materialien gefertigt und bieten eine perfekte ergonomische Passform, die sich nat\u00fcrlich mit Ihren H\u00e4nden bewegt. Das Design sorgt f\u00fcr eine vollst\u00e4ndige Bel\u00fcftung der Oberhand und bietet gleichzeitig eine \u00e4u\u00dferst strapazierf\u00e4hige Handfl\u00e4che mit Wildledertextur f\u00fcr einen sicheren Griff unter allen Bedingungen. Ob beim Greifen von Lenkern, beim Heben von Gewichten oder beim Umgang mit taktischer Ausr\u00fcstung - diese Handschuhe bieten pr\u00e4zise Kontrolle und ganzt\u00e4gigen Komfort.<\/p>\n<p class=\"\" data-start=\"1484\" data-end=\"1796\">Das schlichte, minimalistische Design macht sie nicht nur ideal f\u00fcr Leistungssportler, sondern auch f\u00fcr urbane Modefans, die einen sportlichen Touch suchen. Ihr geringes Gewicht und ihre atmungsaktive Konstruktion machen sie zu den ultimativen Handschuhen f\u00fcr Aktivit\u00e4ten bei warmem Wetter, Fitness-Workouts, Pendeln in der Stadt oder l\u00e4ssige Outdoor-Abenteuer.<\/p>\n<p class=\"\" data-start=\"1798\" data-end=\"2163\">Ryinz bietet Eigenmarken, individuelles Logo-Branding, OEM-Herstellung und Gro\u00dfhandelsvertrieb und hilft Ihnen, Ihre Marke mit Leichtigkeit auf den europ\u00e4ischen und amerikanischen M\u00e4rkten zu verbreiten.<br data-start=\"1980\" data-end=\"1983\" \/>Von kleinen Startups bis hin zu gro\u00dfen Distributoren, Ryinz bietet skalierbare, qualitativ hochwertige L\u00f6sungen mit flexiblen Mindestbestellmengen (MOQs) und schnellen Produktionszeiten.<\/p>\n<p class=\"\" data-start=\"2165\" data-end=\"2303\">Entscheiden Sie sich f\u00fcr Ryinz Half-Finger Urban Performance Gloves, um Ihren Kunden h\u00f6chste Qualit\u00e4t, modernes Design und ultimative Leistung zu bieten.<\/p>\n<hr class=\"\" data-start=\"2305\" data-end=\"2308\" \/>\n<h1 class=\"\" data-start=\"2310\" data-end=\"2344\">???? <strong data-start=\"2315\" data-end=\"2344\">Hauptmerkmale und Vorteile<\/strong><\/h1>\n<p class=\"\" data-start=\"2346\" data-end=\"2513\">???? <strong data-start=\"2349\" data-end=\"2380\">Hochwertige Stoffkonstruktion<\/strong><br data-start=\"2380\" data-end=\"2383\" \/>Hergestellt aus hochelastischen, leichten Materialien, um eine enge, nat\u00fcrliche Passform zu gew\u00e4hrleisten, die die volle Beweglichkeit der Hand ohne Einschr\u00e4nkung unterst\u00fctzt.<\/p>\n<p class=\"\" data-start=\"2515\" data-end=\"2679\">???? <strong data-start=\"2518\" data-end=\"2552\">Wildleder-Texturierte, verst\u00e4rkte Handfl\u00e4che<\/strong><br data-start=\"2552\" data-end=\"2555\" \/>Bietet au\u00dfergew\u00f6hnlichen Grip und Schutz vor Absch\u00fcrfungen und gibt Reitern, Sportlern und Pendlern zus\u00e4tzliche Kontrolle und Sicherheit.<\/p>\n<p class=\"\" data-start=\"2681\" data-end=\"2828\">???? <strong data-start=\"2684\" data-end=\"2714\">Atmungsaktive Oberhand-Paneele<\/strong><br data-start=\"2714\" data-end=\"2717\" \/>Maximiert die Luftzirkulation, reduziert die Schwei\u00dfbildung und h\u00e4lt die H\u00e4nde w\u00e4hrend des Trainings, bei Fahrten oder Outdoor-Aktivit\u00e4ten k\u00fchler.<\/p>\n<p class=\"\" data-start=\"2830\" data-end=\"3011\">???? <strong data-start=\"2833\" data-end=\"2877\">Halb-Finger-Design f\u00fcr maximale Fingerfertigkeit<\/strong><br data-start=\"2877\" data-end=\"2880\" \/>Bietet dem Benutzer mehr Freiheit und taktile R\u00fcckmeldung, ideal f\u00fcr die pr\u00e4zise Steuerung des Lenkers, die Nutzung des Smartphones oder die Handhabung von Fitnessger\u00e4ten.<\/p>\n<p class=\"\" data-start=\"3013\" data-end=\"3193\">???? <strong data-start=\"3016\" data-end=\"3046\">Minimalistisches Urban Styling<\/strong><br data-start=\"3046\" data-end=\"3049\" \/>Die moderne, schlichte \u00c4sthetik sorgt daf\u00fcr, dass diese Handschuhe nicht nur funktional, sondern auch stilvoll genug f\u00fcr Freizeitkleidung, Sportbekleidung und urbane Alltagsmode sind.<\/p>\n<p class=\"\" data-start=\"3195\" data-end=\"3321\">???? <strong data-start=\"3198\" data-end=\"3239\">Schnelltrocknendes und feuchtigkeitsableitendes Innenfutter<\/strong><br data-start=\"3239\" data-end=\"3242\" \/>Sorgt daf\u00fcr, dass die H\u00e4nde auch bei intensiven k\u00f6rperlichen Aktivit\u00e4ten trocken und komfortabel bleiben.<\/p>\n<p class=\"\" data-start=\"3323\" data-end=\"3471\">???? <strong data-start=\"3326\" data-end=\"3357\">Sicherer Klettverschluss am Handgelenk<\/strong><br data-start=\"3357\" data-end=\"3360\" \/>Die verstellbare Handgelenkschlaufe bietet einen individuellen, sicheren Sitz und sorgt daf\u00fcr, dass die Handschuhe auch bei starker Beanspruchung an ihrem Platz bleiben.<\/p>\n<p class=\"\" data-start=\"3473\" data-end=\"3626\">???? <strong data-start=\"3476\" data-end=\"3508\">Perfekt f\u00fcr den Einsatz bei warmem Wetter<\/strong><br data-start=\"3508\" data-end=\"3511\" \/>Die leichte Konstruktion macht diese Handschuhe ideal f\u00fcr den Reitsport im Fr\u00fchjahr und Sommer, f\u00fcr das Training im Fitnessstudio und das Fitnesstraining.<\/p>\n<p class=\"\" data-start=\"3628\" data-end=\"3824\">???? <strong data-start=\"3631\" data-end=\"3683\">Kundenspezifisches Logo und Private Label Services verf\u00fcgbar<\/strong><br data-start=\"3683\" data-end=\"3686\" \/>Ryinz bietet ma\u00dfgeschneiderte Branding-L\u00f6sungen, die Ihnen helfen, Ihre Identit\u00e4t zu f\u00f6rdern, und bietet individuelle Logos, Verpackungen und Produktpersonalisierung.<\/p>\n<p class=\"\" data-start=\"3826\" data-end=\"3990\">???? <strong data-start=\"3829\" data-end=\"3870\">Flexible MOQ- und Gro\u00dfbestellungsl\u00f6sungen<\/strong><br data-start=\"3870\" data-end=\"3873\" \/>Fangen Sie klein an oder vergr\u00f6\u00dfern Sie schnell mit unseren flexiblen Mindestbestellanforderungen und effizienten internationalen Versanddienstleistungen.<\/p>\n<hr class=\"\" data-start=\"3992\" data-end=\"3995\" \/>\n<h1 class=\"\" data-start=\"3997\" data-end=\"4028\">???? <strong data-start=\"4002\" data-end=\"4028\">Produktspezifikationen<\/strong><\/h1>\n<p class=\"\" data-start=\"4030\" data-end=\"4513\">- <strong data-start=\"4032\" data-end=\"4044\">Material<\/strong>: High-Stretch Performance Fabric + Wildleder-verst\u00e4rkte Handfl\u00e4che<br data-start=\"4107\" data-end=\"4110\" \/>- <strong data-start=\"4112\" data-end=\"4121\">Farbe<\/strong>: Urban Grey und Schwarz (individuelle Farben m\u00f6glich)<br data-start=\"4169\" data-end=\"4172\" \/>- <strong data-start=\"4174\" data-end=\"4183\">Gr\u00f6\u00dfen<\/strong>: S, M, L, XL, XXL<br data-start=\"4201\" data-end=\"4204\" \/>- <strong data-start=\"4206\" data-end=\"4221\">Saisonalit\u00e4t<\/strong>: Ideal f\u00fcr Fr\u00fchling, Sommer und mildes Wetter<br data-start=\"4265\" data-end=\"4268\" \/>- <strong data-start=\"4270\" data-end=\"4280\">Gestaltung<\/strong>: Ergonomische Halbfinger-Passform<br data-start=\"4307\" data-end=\"4310\" \/>- <strong data-start=\"4312\" data-end=\"4323\">Schlie\u00dfung<\/strong>: Verstellbares Klettband am Handgelenk<br data-start=\"4354\" data-end=\"4357\" \/>- <strong data-start=\"4359\" data-end=\"4376\">Personalisierung<\/strong>: Logodruck, Eigenmarke, OEM-Produktion m\u00f6glich<br data-start=\"4432\" data-end=\"4435\" \/>- <strong data-start=\"4437\" data-end=\"4444\">MOQ<\/strong>: Schon ab einem geringen Mindestbetrag - ideal f\u00fcr kleine Marken und Gro\u00dfabnehmer<\/p>\n<hr class=\"\" data-start=\"4515\" data-end=\"4518\" \/>\n<h1 class=\"\" data-start=\"4520\" data-end=\"4558\">???? <strong data-start=\"4525\" data-end=\"4558\">Anwendungen und ideale K\u00e4ufer<\/strong><\/h1>\n<p class=\"\" data-start=\"4560\" data-end=\"4873\">- Streetbike-Fahrer<br data-start=\"4580\" data-end=\"4583\" \/>- Motorrad- und Motorroller-Pendler<br data-start=\"4617\" data-end=\"4620\" \/>- Fitness- und Fitnessstudio-Enthusiasten<br data-start=\"4649\" data-end=\"4652\" \/>- Fans von Abenteuer- und Outdoor-Sportarten<br data-start=\"4687\" data-end=\"4690\" \/>- CrossFit- und Gewichtheber-Athleten<br data-start=\"4727\" data-end=\"4730\" \/>- Urbane Modemarken<br data-start=\"4752\" data-end=\"4755\" \/>- Anbieter von taktischer Ausr\u00fcstung<br data-start=\"4780\" data-end=\"4783\" \/>- E-Commerce-Verk\u00e4ufer und Dropshipper<br data-start=\"4820\" data-end=\"4823\" \/>- Motorradausr\u00fcstungsgesch\u00e4fte<br data-start=\"4846\" data-end=\"4849\" \/>- Private Label Startups<\/p>\n<hr class=\"\" data-start=\"4875\" data-end=\"4878\" \/>\n<h1 class=\"\" data-start=\"4880\" data-end=\"4946\">???? <strong data-start=\"4885\" data-end=\"4946\">Warum w\u00e4hlen Sie Ryinz f\u00fcr Ihre Handschuhherstellung und -versorgung<\/strong><\/h1>\n<p class=\"\" data-start=\"4948\" data-end=\"5245\">- Zuverl\u00e4ssiger OEM\/ODM-Lieferant f\u00fcr die EU und die USA<br data-start=\"4989\" data-end=\"4992\" \/>- Moderne Designs, die europ\u00e4ischen Trends entsprechen<br data-start=\"5035\" data-end=\"5038\" \/>- Gro\u00dfhandelsrabatte und niedrige MOQ<br data-start=\"5076\" data-end=\"5079\" \/>- Vollst\u00e4ndige Unterst\u00fctzung f\u00fcr Eigenmarken und Branding<br data-start=\"5120\" data-end=\"5123\" \/>- Engagiertes K\u00e4ufer-Support-Team<br data-start=\"5153\" data-end=\"5156\" \/>- Schnelle Produktion und internationaler Versand<br data-start=\"5200\" data-end=\"5203\" \/>- Konsistente Qualit\u00e4tskontrolle und Standards<\/p>","protected":false},"excerpt":{"rendered":"<p class=\"\" data-start=\"2346\" data-end=\"2513\">???? <strong data-start=\"2349\" data-end=\"2380\">Hochwertige Stoffkonstruktion<\/strong><br data-start=\"2380\" data-end=\"2383\" \/>Hergestellt aus hochelastischen, leichten Materialien, um eine enge, nat\u00fcrliche Passform zu gew\u00e4hrleisten, die die volle Beweglichkeit der Hand ohne Einschr\u00e4nkung unterst\u00fctzt.<\/p>\n<p class=\"\" data-start=\"2515\" data-end=\"2679\">???? <strong data-start=\"2518\" data-end=\"2552\">Wildleder-Texturierte, verst\u00e4rkte Handfl\u00e4che<\/strong><br data-start=\"2552\" data-end=\"2555\" \/>Bietet au\u00dfergew\u00f6hnlichen Grip und Schutz vor Absch\u00fcrfungen und gibt Reitern, Sportlern und Pendlern zus\u00e4tzliche Kontrolle und Sicherheit.<\/p>\n<p class=\"\" data-start=\"2681\" data-end=\"2828\">???? <strong data-start=\"2684\" data-end=\"2714\">Atmungsaktive Oberhand-Paneele<\/strong><\/p>","protected":false},"featured_media":9056,"comment_status":"closed","ping_status":"closed","template":"","meta":[],"product_brand":[35],"product_cat":[152],"product_tag":[185,46,186,180,187,188,189,153,190,191],"class_list":{"0":"post-8994","1":"product","2":"type-product","3":"status-publish","4":"has-post-thumbnail","6":"product_brand-ryinz","7":"product_cat-street-bike-gloves","8":"product_tag-biking-gloves-for-street-riders","9":"product_tag-breathable-mesh-gloves","10":"product_tag-customizable-bike-gloves","11":"product_tag-ergonomic-street-bike-gloves","12":"product_tag-fingerless-street-bike-gloves","13":"product_tag-lycra-fourchettes-gloves","14":"product_tag-serino-palm-bike-gloves","15":"product_tag-street-bike-gloves","16":"product_tag-towel-thumb-bike-gloves","17":"product_tag-urban-biking-gloves","19":"first","20":"instock","21":"taxable","22":"shipping-taxable","23":"purchasable","24":"product-type-simple"},"_links":{"self":[{"href":"https:\/\/ryinz.cz\/velkoobchod\/de\/wp-json\/wp\/v2\/product\/8994","targetHints":{"allow":["GET"]}}],"collection":[{"href":"https:\/\/ryinz.cz\/velkoobchod\/de\/wp-json\/wp\/v2\/product"}],"about":[{"href":"https:\/\/ryinz.cz\/velkoobchod\/de\/wp-json\/wp\/v2\/types\/product"}],"replies":[{"embeddable":true,"href":"https:\/\/ryinz.cz\/velkoobchod\/de\/wp-json\/wp\/v2\/comments?post=8994"}],"wp:featuredmedia":[{"embeddable":true,"href":"https:\/\/ryinz.cz\/velkoobchod\/de\/wp-json\/wp\/v2\/media\/9056"}],"wp:attachment":[{"href":"https:\/\/ryinz.cz\/velkoobchod\/de\/wp-json\/wp\/v2\/media?parent=8994"}],"wp:term":[{"taxonomy":"product_brand","embeddable":true,"href":"https:\/\/ryinz.cz\/velkoobchod\/de\/wp-json\/wp\/v2\/product_brand?post=8994"},{"taxonomy":"product_cat","embeddable":true,"href":"https:\/\/ryinz.cz\/velkoobchod\/de\/wp-json\/wp\/v2\/product_cat?post=8994"},{"taxonomy":"product_tag","embeddable":true,"href":"https:\/\/ryinz.cz\/velkoobchod\/de\/wp-json\/wp\/v2\/product_tag?post=8994"}],"curies":[{"name":"wp","href":"https:\/\/api.w.org\/{rel}","templated":true}]}}