{"id":8992,"date":"2025-06-22T15:24:50","date_gmt":"2025-06-22T15:24:50","guid":{"rendered":"https:\/\/ryinz.cz\/velkoobchod\/?post_type=product&#038;p=8992"},"modified":"2026-01-18T20:17:18","modified_gmt":"2026-01-18T20:17:18","slug":"ryinz-premium-halbe-finger-motorradhandschuhe-street-bike-gym-taktische-reithandschuhe-groshandel-private-label-hersteller-europa","status":"publish","type":"product","link":"https:\/\/ryinz.cz\/velkoobchod\/de\/product\/ryinz-premium-half-finger-motorcycle-gloves-street-bike-gym-tactical-riding-gloves-wholesale-private-label-manufacturer-europe\/","title":{"rendered":"Ryinz Premium Half-Finger Motorradhandschuhe | Street Bike, Gym, Taktische Reithandschuhe - Gro\u00dfhandel &amp; Private Label Hersteller Europa"},"content":{"rendered":"<p class=\"\" data-start=\"366\" data-end=\"594\">Einf\u00fchrung in die <strong data-start=\"382\" data-end=\"429\">Ryinz Premium Half-Finger Motorradhandschuhe<\/strong>, speziell entwickelt f\u00fcr <strong data-start=\"454\" data-end=\"529\">Stra\u00dfenfahrer, taktische Operateure, Fitnessstudio-Enthusiasten und Stadtpendler<\/strong> die verlangen <strong data-start=\"541\" data-end=\"579\">Leistung, Haltbarkeit und Stil<\/strong> in jeder Bewegung.<\/p>\n<p class=\"\" data-start=\"596\" data-end=\"836\">Unter <strong data-start=\"599\" data-end=\"608\">Ryinz<\/strong>, sind wir die <strong data-start=\"621\" data-end=\"668\">unsichtbarer Motor des internationalen Handels<\/strong>, verbinden. <strong data-start=\"681\" data-end=\"747\">Eink\u00e4ufer, Marken und Hersteller in Europa, den USA und Asien<\/strong>.<br data-start=\"748\" data-end=\"751\" \/>Unsere Handschuhe sind so konzipiert, dass sie Unternehmen unterst\u00fctzen: <strong data-start=\"795\" data-end=\"835\">Wir \u00f6ffnen T\u00fcren, damit Sie Verk\u00e4ufe t\u00e4tigen k\u00f6nnen<\/strong>.<\/p>\n<p class=\"\" data-start=\"838\" data-end=\"1198\">Diese Handschuhe verf\u00fcgen \u00fcber ein fortschrittliches ergonomisches Design mit <strong data-start=\"893\" data-end=\"917\">Halbfingerabdeckung<\/strong> um Flexibilit\u00e4t, Bel\u00fcftung und Griffigkeit zu maximieren. Hergestellt aus leistungsstarken Geweben in Kombination mit verst\u00e4rkten Handfl\u00e4chen, bieten sie die ideale Kombination aus <strong data-start=\"1069\" data-end=\"1106\">Komfort, Schutz und Mobilit\u00e4t<\/strong>. Perfekt f\u00fcr <strong data-start=\"1120\" data-end=\"1197\">urbanes Radfahren, Stra\u00dfenrennen, taktisches Training und Trainingseinheiten im Fitnessstudio<\/strong>.<\/p>\n<p class=\"\" data-start=\"1200\" data-end=\"1431\">Mit Optionen f\u00fcr <strong data-start=\"1217\" data-end=\"1275\">kundenspezifischer Logodruck, Private Labeling, OEM-Produktion<\/strong>, und <strong data-start=\"1281\" data-end=\"1306\">Gro\u00dfhandel Gro\u00dfauftr\u00e4ge<\/strong>, Ryinz bietet skalierbare L\u00f6sungen f\u00fcr Marken, Distributoren und Einzelh\u00e4ndler, die zuverl\u00e4ssige Qualit\u00e4t zu wettbewerbsf\u00e4higen Preisen w\u00fcnschen.<\/p>\n<hr class=\"\" data-start=\"1433\" data-end=\"1436\" \/>\n<h1 class=\"\" data-start=\"1438\" data-end=\"1472\">???? <strong data-start=\"1443\" data-end=\"1472\">Hauptmerkmale und Vorteile<\/strong><\/h1>\n<p class=\"\" data-start=\"1474\" data-end=\"1645\">???? <strong data-start=\"1477\" data-end=\"1517\">Leistungsstarke Gewebekonstruktion<\/strong>:<br data-start=\"1518\" data-end=\"1521\" \/>Strapazierf\u00e4hige, atmungsaktive Materialien sorgen f\u00fcr maximale Bel\u00fcftung und halten auch bei intensiven Aktivit\u00e4ten lange durch.<\/p>\n<p class=\"\" data-start=\"1647\" data-end=\"1816\">???? <strong data-start=\"1650\" data-end=\"1681\">Taktisches Design mit halben Fingern<\/strong>:<br data-start=\"1682\" data-end=\"1685\" \/>Perfekt f\u00fcr Biker, Fitnessstudiobesucher und taktische Profis, die pr\u00e4zise Kontrolle, flexible Handbewegungen und atmungsaktiven Komfort ben\u00f6tigen.<\/p>\n<p class=\"\" data-start=\"1818\" data-end=\"1975\">???? <strong data-start=\"1821\" data-end=\"1855\">Verst\u00e4rkter Anti-Rutsch-Handgriff<\/strong>:<br data-start=\"1856\" data-end=\"1859\" \/>Zus\u00e4tzliche Griffzonen sorgen f\u00fcr eine sichere Handhabung von Lenkern, Gewichten oder Ger\u00e4ten und verringern das Risiko von Ausrutschern oder Unf\u00e4llen.<\/p>\n<p class=\"\" data-start=\"1977\" data-end=\"2131\">???? <strong data-start=\"1980\" data-end=\"2007\">Gepolsterte Schutzzonen<\/strong>:<br data-start=\"2008\" data-end=\"2011\" \/>Strategische Schaumstoffpolsterung an kritischen Druckstellen verbessert den Schutz bei langen Fahrten, beim Training oder bei Abenteuern in der Stadt.<\/p>\n<p class=\"\" data-start=\"2133\" data-end=\"2251\">???? <strong data-start=\"2136\" data-end=\"2160\">Schnell trocknende Technologie<\/strong>:<br data-start=\"2161\" data-end=\"2164\" \/>Die feuchtigkeitsableitenden Materialien trocknen schnell und halten die H\u00e4nde w\u00e4hrend des gesamten Gebrauchs trocken und komfortabel.<\/p>\n<p class=\"\" data-start=\"2253\" data-end=\"2397\">???? <strong data-start=\"2256\" data-end=\"2282\">Verstellbares Handgelenkband<\/strong>:<br data-start=\"2283\" data-end=\"2286\" \/>Sicherer Sitz durch ein schnelles Klettverschlusssystem, das sich perfekt an verschiedene Handgelenksgr\u00f6\u00dfen anpasst und so f\u00fcr besseren Halt sorgt.<\/p>\n<p class=\"\" data-start=\"2399\" data-end=\"2533\">???? <strong data-start=\"2402\" data-end=\"2431\">Stilvoller zweifarbiger Akzent<\/strong>:<br data-start=\"2432\" data-end=\"2435\" \/>Schwarzes und gelbes Styling f\u00fcr einen auff\u00e4lligen, energiegeladenen Look - modern, taktisch und stra\u00dfentauglich.<\/p>\n<p class=\"\" data-start=\"2535\" data-end=\"2699\">???? <strong data-start=\"2538\" data-end=\"2574\">Individuelles Logo und Branding-Optionen<\/strong>:<br data-start=\"2575\" data-end=\"2578\" \/>Wir bieten individuelle Logos, privates Branding und vollst\u00e4ndige OEM-L\u00f6sungen. Personalisieren Sie Handschuhe f\u00fcr Ihre Marke, Ihren Verein oder besondere Veranstaltungen.<\/p>\n<p class=\"\" data-start=\"2701\" data-end=\"2861\">???? <strong data-start=\"2704\" data-end=\"2745\">Perfekt f\u00fcr Massen- und Gro\u00dfhandelsbestellungen<\/strong>:<br data-start=\"2746\" data-end=\"2749\" \/>Niedrige MOQ-Anforderungen, erm\u00e4\u00dfigte Mengenpreise und schnelle Produktionszyklen f\u00fcr Marken, die in neue M\u00e4rkte expandieren.<\/p>\n<p class=\"\" data-start=\"2863\" data-end=\"3051\">???? <strong data-start=\"2866\" data-end=\"2934\">Ideal f\u00fcr Cross-Selling mit Fahrr\u00e4dern, Streetwear und Fitnessger\u00e4ten<\/strong>:<br data-start=\"2935\" data-end=\"2938\" \/>Passt perfekt in Motorradausr\u00fcstungsgesch\u00e4fte, Gesch\u00e4fte f\u00fcr Fitnessger\u00e4te, taktische Marken und E-Commerce-Kollektionen.<\/p>\n<hr class=\"\" data-start=\"3053\" data-end=\"3056\" \/>\n<h1 class=\"\" data-start=\"3058\" data-end=\"3096\">???? <strong data-start=\"3063\" data-end=\"3096\">Anwendungen und ideale K\u00e4ufer<\/strong><\/h1>\n<p class=\"\" data-start=\"3098\" data-end=\"3664\">\u2705 <strong data-start=\"3100\" data-end=\"3122\">Streetbike-Fahrer<\/strong> - Fahrten im Sommer, t\u00e4gliche Pendlerfahrten<br data-start=\"3154\" data-end=\"3157\" \/>\u2705 <strong data-start=\"3159\" data-end=\"3179\">Motorrad-Clubs<\/strong> - Handschuhe mit der Clubmarke f\u00fcr Mitglieder<br data-start=\"3213\" data-end=\"3216\" \/>\u2705 <strong data-start=\"3218\" data-end=\"3250\">Taktische Ausbildungseinrichtungen<\/strong> - Robuste, flexible Handschuhe f\u00fcr den professionellen Einsatz<br data-start=\"3296\" data-end=\"3299\" \/>\u2705 <strong data-start=\"3301\" data-end=\"3332\">Fitness- und Fitnessstudio-Enthusiasten<\/strong> - Ideal f\u00fcr Heben, CrossFit und Widerstandstraining<br data-start=\"3387\" data-end=\"3390\" \/>\u2705 <strong data-start=\"3392\" data-end=\"3413\">Abenteuer-Suchende<\/strong> - Ideal f\u00fcr urbane Abenteurer und Wanderer<br data-start=\"3454\" data-end=\"3457\" \/>\u2705 <strong data-start=\"3459\" data-end=\"3480\">Streetwear-Marken<\/strong> - Handschuhe in urbane Modekollektionen aufnehmen<br data-start=\"3522\" data-end=\"3525\" \/>\u2705 <strong data-start=\"3527\" data-end=\"3559\">OEM- und Eigenmarken<\/strong> - Individuell gestaltete Handschuhlinien<br data-start=\"3589\" data-end=\"3592\" \/>\u2705 <strong data-start=\"3594\" data-end=\"3614\">B2B-Vertriebsh\u00e4ndler<\/strong> - Erweiterung der Produktkataloge um stark nachgefragte Ger\u00e4te<\/p>\n<hr class=\"\" data-start=\"3666\" data-end=\"3669\" \/>\n<h1 class=\"\" data-start=\"3671\" data-end=\"3702\">???? <strong data-start=\"3676\" data-end=\"3702\">Produktspezifikationen<\/strong><\/h1>\n<p class=\"\" data-start=\"3704\" data-end=\"4182\">- <strong data-start=\"3706\" data-end=\"3718\">Material<\/strong>: Atmungsaktives Gewebe mit hoher Strapazierf\u00e4higkeit + Synthetisch verst\u00e4rkte Handfl\u00e4che<br data-start=\"3781\" data-end=\"3784\" \/>- <strong data-start=\"3786\" data-end=\"3796\">Gestaltung<\/strong>: Half-Finger Tactical &amp; Street Style<br data-start=\"3833\" data-end=\"3836\" \/>- <strong data-start=\"3838\" data-end=\"3847\">Farbe<\/strong>: Schwarz und Gelb (andere Farben bei Gro\u00dfbestellungen m\u00f6glich)<br data-start=\"3907\" data-end=\"3910\" \/>- <strong data-start=\"3912\" data-end=\"3921\">Gr\u00f6\u00dfen<\/strong>: S, M, L, XL, XXL<br data-start=\"3939\" data-end=\"3942\" \/>- <strong data-start=\"3944\" data-end=\"3951\">Verwenden Sie<\/strong>: Street Biking, Training im Fitnessstudio, taktische Eins\u00e4tze, Stadtfahrten<br data-start=\"4014\" data-end=\"4017\" \/>- <strong data-start=\"4019\" data-end=\"4030\">Schlie\u00dfung<\/strong>: Klettverschluss verstellbarer Gurt<br data-start=\"4055\" data-end=\"4058\" \/>- <strong data-start=\"4060\" data-end=\"4080\">Branding-Optionen<\/strong>: Kundenspezifisches Logo, Eigenmarke, vollst\u00e4ndiger OEM verf\u00fcgbar<br data-start=\"4128\" data-end=\"4131\" \/>- <strong data-start=\"4133\" data-end=\"4140\">MOQ<\/strong>: Flexibel - schon ab kleinen Chargen<\/p>\n<hr class=\"\" data-start=\"4184\" data-end=\"4187\" \/>\n<h1 class=\"\" data-start=\"4189\" data-end=\"4221\">???? <strong data-start=\"4194\" data-end=\"4221\">Warum eine Partnerschaft mit Ryinz?<\/strong><\/h1>\n<p class=\"\" data-start=\"4223\" data-end=\"4519\">- Werksdirekte Preisgestaltung - keine Zwischenh\u00e4ndler<br data-start=\"4262\" data-end=\"4265\" \/>- Vollst\u00e4ndige Anpassungsdienste (OEM &amp; ODM)<br data-start=\"4306\" data-end=\"4309\" \/>- Entwickelt f\u00fcr den europ\u00e4ischen und den US-Markt<br data-start=\"4347\" data-end=\"4350\" \/>- Niedriges MOQ + Rabatte bei Gro\u00dfbestellungen<br data-start=\"4382\" data-end=\"4385\" \/>- Schnellere Durchlaufzeiten und Lieferung<br data-start=\"4423\" data-end=\"4426\" \/>- Engagierte Unterst\u00fctzung beim Markenaufbau<br data-start=\"4464\" data-end=\"4467\" \/>- 100+ Marken in ganz Europa und Amerika vertrauen auf uns<\/p>","protected":false},"excerpt":{"rendered":"<p><strong>Beschreibung des Produkts:<\/strong><\/p>\n<p>Die <strong>Gillani MBG-0019 Street Bike Handschuhe<\/strong> sind sowohl auf Leistung als auch auf Stil ausgelegt. Diese Handschuhe verf\u00fcgen \u00fcber eine <strong>Amara Stoffpalme<\/strong>, und bietet hervorragenden Halt und lang anhaltenden Komfort. Die <strong>Vier-Wege-Stoff<\/strong> auf der Vorderseite sorgt f\u00fcr Flexibilit\u00e4t und Atmungsaktivit\u00e4t, so dass Ihre H\u00e4nde w\u00e4hrend der gesamten Fahrt k\u00fchl und bequem bleiben.<\/p>\n<p>Mit einem <strong>bedrucktes Silikon-Logo<\/strong> und eine <strong>Frottierhandtuch Daumen<\/strong> F\u00fcr zus\u00e4tzlichen Komfort sorgen diese Handschuhe daf\u00fcr, dass Sie sich auf die Stra\u00dfe konzentrieren k\u00f6nnen, ohne auf Komfort oder Funktionalit\u00e4t verzichten zu m\u00fcssen. Egal, ob Sie t\u00e4glich auf der Stra\u00dfe fahren oder am Wochenende unterwegs sind, diese Handschuhe sind eine ausgezeichnete Wahl f\u00fcr verbesserte Kontrolle und Schutz.<\/p>\n<hr \/>\n<p><strong>Anpassungsangebot:<\/strong><\/p>\n<p>Wir bieten die M\u00f6glichkeit, diese Handschuhe mit Ihren eigenen Daten zu versehen. <strong>Logo oder Design<\/strong>, So k\u00f6nnen Sie Ihrer Marke eine pers\u00f6nliche Note verleihen oder sie wirksam bewerben.<\/p>","protected":false},"featured_media":9060,"comment_status":"closed","ping_status":"closed","template":"","meta":[],"product_brand":[35],"product_cat":[68,152],"product_tag":[185,46,186,180,187,188,189,153,190,191],"class_list":{"0":"post-8992","1":"product","2":"type-product","3":"status-publish","4":"has-post-thumbnail","6":"product_brand-ryinz","7":"product_cat-ryinz","8":"product_cat-street-bike-gloves","9":"product_tag-biking-gloves-for-street-riders","10":"product_tag-breathable-mesh-gloves","11":"product_tag-customizable-bike-gloves","12":"product_tag-ergonomic-street-bike-gloves","13":"product_tag-fingerless-street-bike-gloves","14":"product_tag-lycra-fourchettes-gloves","15":"product_tag-serino-palm-bike-gloves","16":"product_tag-street-bike-gloves","17":"product_tag-towel-thumb-bike-gloves","18":"product_tag-urban-biking-gloves","20":"first","21":"instock","22":"taxable","23":"shipping-taxable","24":"purchasable","25":"product-type-simple"},"_links":{"self":[{"href":"https:\/\/ryinz.cz\/velkoobchod\/de\/wp-json\/wp\/v2\/product\/8992","targetHints":{"allow":["GET"]}}],"collection":[{"href":"https:\/\/ryinz.cz\/velkoobchod\/de\/wp-json\/wp\/v2\/product"}],"about":[{"href":"https:\/\/ryinz.cz\/velkoobchod\/de\/wp-json\/wp\/v2\/types\/product"}],"replies":[{"embeddable":true,"href":"https:\/\/ryinz.cz\/velkoobchod\/de\/wp-json\/wp\/v2\/comments?post=8992"}],"wp:featuredmedia":[{"embeddable":true,"href":"https:\/\/ryinz.cz\/velkoobchod\/de\/wp-json\/wp\/v2\/media\/9060"}],"wp:attachment":[{"href":"https:\/\/ryinz.cz\/velkoobchod\/de\/wp-json\/wp\/v2\/media?parent=8992"}],"wp:term":[{"taxonomy":"product_brand","embeddable":true,"href":"https:\/\/ryinz.cz\/velkoobchod\/de\/wp-json\/wp\/v2\/product_brand?post=8992"},{"taxonomy":"product_cat","embeddable":true,"href":"https:\/\/ryinz.cz\/velkoobchod\/de\/wp-json\/wp\/v2\/product_cat?post=8992"},{"taxonomy":"product_tag","embeddable":true,"href":"https:\/\/ryinz.cz\/velkoobchod\/de\/wp-json\/wp\/v2\/product_tag?post=8992"}],"curies":[{"name":"wp","href":"https:\/\/api.w.org\/{rel}","templated":true}]}}