{"id":8991,"date":"2025-06-22T15:24:49","date_gmt":"2025-06-22T15:24:49","guid":{"rendered":"https:\/\/ryinz.cz\/velkoobchod\/?post_type=product&#038;p=8991"},"modified":"2026-01-18T20:17:15","modified_gmt":"2026-01-18T20:17:15","slug":"strasenradhandschuhe-groshandel-ryinz-halbe-finger-radhandschuhe-eu-designs-hersteller-und-private-label-lieferant","status":"publish","type":"product","link":"https:\/\/ryinz.cz\/velkoobchod\/de\/product\/street-bike-gloves-wholesale-ryinz-half-finger-cycling-gloves-eu-designs-manufacturer-and-private-label-supplier\/","title":{"rendered":"Street Bike Handschuhe Gro\u00dfhandel | Ryinz | Half-Finger Cycling Gloves | EU Designs | Hersteller und Private Label Lieferant"},"content":{"rendered":"<p class=\"\" data-start=\"173\" data-end=\"297\"><strong data-start=\"173\" data-end=\"297\">Street Bike Handschuhe Gro\u00dfhandel | Ryinz | Half-Finger Cycling Gloves | EU Designs | Hersteller und Private Label Lieferant<\/strong><\/p>\n<p class=\"\" data-start=\"299\" data-end=\"521\">Unter <strong data-start=\"302\" data-end=\"311\">Ryinz<\/strong>, verbinden wir <strong data-start=\"324\" data-end=\"376\">vielversprechende Hersteller, Marken und K\u00e4ufer<\/strong> in Europa, den USA und Asien - die <strong data-start=\"416\" data-end=\"463\">unsichtbarer Motor des internationalen Handels<\/strong>.<br data-start=\"464\" data-end=\"467\" \/>Unser Auftrag: <strong data-start=\"480\" data-end=\"520\">Wir \u00f6ffnen T\u00fcren, damit Sie Verk\u00e4ufe t\u00e4tigen k\u00f6nnen<\/strong>.<\/p>\n<p class=\"\" data-start=\"523\" data-end=\"685\">Einf\u00fchrung in die <strong data-start=\"539\" data-end=\"574\">Ryinz Lila Street Bike Handschuhe<\/strong> - entwickelt f\u00fcr Biker, Sportler und Abenteurer, die Wert auf erstklassige Leistung, Komfort und modernen Stil legen.<\/p>\n<hr class=\"\" data-start=\"687\" data-end=\"690\" \/>\n<h3 class=\"\" data-start=\"692\" data-end=\"719\"><strong data-start=\"696\" data-end=\"718\">Produkt-Highlights<\/strong>:<\/h3>\n<p class=\"\" data-start=\"721\" data-end=\"1230\">\u2705 <strong data-start=\"723\" data-end=\"739\">Produktname<\/strong>: Ryinz Purple Street Bike Half-Finger Handschuhe<br data-start=\"784\" data-end=\"787\" \/>\u2705 <strong data-start=\"789\" data-end=\"801\">Material<\/strong>: Atmungsaktives Spandex + strapazierf\u00e4higer PU-Handgriff<br data-start=\"844\" data-end=\"847\" \/>\u2705 <strong data-start=\"849\" data-end=\"858\">Farbe<\/strong>: Kr\u00e4ftiges Lila\/Schwarz mit wei\u00dfen Akzenten (anpassbare Farben verf\u00fcgbar)<br data-start=\"931\" data-end=\"934\" \/>\u2705 <strong data-start=\"936\" data-end=\"952\">Logo-Optionen<\/strong>: Blanko, individueller Druck, Stickerei, Silikondruck<br data-start=\"1004\" data-end=\"1007\" \/>\u2705 <strong data-start=\"1009\" data-end=\"1028\">Design-Merkmale<\/strong>:<br data-start=\"1029\" data-end=\"1032\" \/>- Leichtes, atmungsaktives Mesh-Oberteil<br data-start=\"1065\" data-end=\"1068\" \/>- Half-Finger-Design f\u00fcr volle Kontrolle am Lenker<br data-start=\"1115\" data-end=\"1118\" \/>- Gepolsterter Anti-Rutsch-Handfl\u00e4chenschutz<br data-start=\"1152\" data-end=\"1155\" \/>- Sicheres, verstellbares Handgelenkband<br data-start=\"1186\" data-end=\"1189\" \/>- Schwei\u00dfableitendes Material f\u00fcr lange Fahrten<\/p>\n<p class=\"\" data-start=\"1232\" data-end=\"1282\">\u2705 <strong data-start=\"1234\" data-end=\"1243\">Gr\u00f6\u00dfen<\/strong>: S, M, L, XL (Sondergr\u00f6\u00dfen verf\u00fcgbar)<\/p>\n<p class=\"\" data-start=\"1284\" data-end=\"1481\">\u2705 <strong data-start=\"1286\" data-end=\"1293\">Fit<\/strong>: Flexibel, Ergonomisch, Ultra-Komfortabel<br data-start=\"1333\" data-end=\"1336\" \/>\u2705 <strong data-start=\"1338\" data-end=\"1345\">Verwenden Sie<\/strong>: Street Biking, Radfahren, Fitnessstudio, Outdoor-Fitness, Scooter fahren<br data-start=\"1407\" data-end=\"1410\" \/>\u2705 <strong data-start=\"1412\" data-end=\"1419\">MOQ<\/strong>: Niedrige Mindestbestellmengen f\u00fcr Gro\u00df- und Einzelhandel und Eigenmarken<\/p>\n<hr class=\"\" data-start=\"1483\" data-end=\"1486\" \/>\n<h3 class=\"\" data-start=\"1488\" data-end=\"1517\"><strong data-start=\"1492\" data-end=\"1516\">Detaillierte Beschreibung<\/strong>:<\/h3>\n<p class=\"\" data-start=\"1519\" data-end=\"1758\"><strong data-start=\"1519\" data-end=\"1551\">Beherrsche die Stra\u00dfen mit Stil.<\/strong><br data-start=\"1551\" data-end=\"1554\" \/>Die <strong data-start=\"1558\" data-end=\"1593\">Ryinz Lila Street Bike Handschuhe<\/strong> sind leicht, atmungsaktiv und f\u00fcr H\u00f6chstleistungen gemacht - egal, ob Sie durch die Stra\u00dfen der Stadt rasen, sich im Fitnessstudio anstrengen oder die Trails auf zwei R\u00e4dern erkunden.<\/p>\n<p class=\"\" data-start=\"1760\" data-end=\"1924\">Gebaut mit einer <strong data-start=\"1773\" data-end=\"1798\">Obermaterial aus hochwertigem Spandex<\/strong> und eine <strong data-start=\"1805\" data-end=\"1827\">PU-verst\u00e4rkte Handfl\u00e4che<\/strong>, Diese Handschuhe bieten hervorragende Griffigkeit, Sto\u00dfd\u00e4mpfung und Schutz vor Reibung und Abrieb.<\/p>\n<p class=\"\" data-start=\"1926\" data-end=\"2177\">Ihre <strong data-start=\"1932\" data-end=\"1954\">Halbfinger-Design<\/strong> sorgt f\u00fcr maximale Fingerfertigkeit und Lenkersensibilit\u00e4t, w\u00e4hrend die <strong data-start=\"2019\" data-end=\"2048\">schwei\u00dfableitendes Netzgewebe<\/strong> h\u00e4lt Ihre H\u00e4nde auf l\u00e4ngeren Fahrten k\u00fchl und trocken.<br data-start=\"2095\" data-end=\"2098\" \/>Die <strong data-start=\"2102\" data-end=\"2130\">verstellbarer Handgelenksverschluss<\/strong> sorgt jedes Mal f\u00fcr eine sichere, individuelle Passform.<\/p>\n<p class=\"\" data-start=\"2179\" data-end=\"2325\">Perfekt f\u00fcr <strong data-start=\"2191\" data-end=\"2219\">Eigenmarken-Sportbekleidung<\/strong>, <strong data-start=\"2221\" data-end=\"2242\">Fahrradh\u00e4ndler<\/strong>, <strong data-start=\"2244\" data-end=\"2269\">Werbegeschenke<\/strong>, <strong data-start=\"2271\" data-end=\"2289\">Fitness-Marken<\/strong>, und <strong data-start=\"2295\" data-end=\"2324\">Urban Streetwear Startups<\/strong>.<\/p>\n<hr class=\"\" data-start=\"2327\" data-end=\"2330\" \/>\n<h3 class=\"\" data-start=\"2332\" data-end=\"2385\"><strong data-start=\"2336\" data-end=\"2384\">Hauptmerkmale f\u00fcr Gro\u00df- und Einzelhandelsk\u00e4ufer<\/strong>:<\/h3>\n<p class=\"\" data-start=\"2387\" data-end=\"2867\">???? <strong data-start=\"2390\" data-end=\"2416\">Modernes Design im EU-Stil<\/strong>: Auffallend, leistungsorientiert, stra\u00dfentauglich.<br data-start=\"2465\" data-end=\"2468\" \/>???? <strong data-start=\"2471\" data-end=\"2497\">Direkte Preisgestaltung ab Werk<\/strong>: Steigern Sie Ihre Gewinnspanne durch Qualit\u00e4t und Erschwinglichkeit.<br data-start=\"2549\" data-end=\"2552\" \/>???? <strong data-start=\"2555\" data-end=\"2577\">Vollst\u00e4ndig anpassbar<\/strong>: Perfekt f\u00fcr Markenlogos, Mannschaftsnamen, Club-Branding.<br data-start=\"2630\" data-end=\"2633\" \/>???? <strong data-start=\"2636\" data-end=\"2659\">Breiter Zielmarkt<\/strong>: Biker, Radfahrer, Rollerfahrer, Fitnessstudiobesucher, Abenteurer.<br data-start=\"2718\" data-end=\"2721\" \/>???? <strong data-start=\"2724\" data-end=\"2750\">Schnelle Produktionszeiten<\/strong>: Schnelle Lieferungen nach Europa, USA und Asien.<br data-start=\"2793\" data-end=\"2796\" \/>???? <strong data-start=\"2799\" data-end=\"2824\">Gebaut f\u00fcr Leistung<\/strong>: Atmungsaktiv, flexibel, langlebig, rutschfest.<\/p>\n<hr class=\"\" data-start=\"2869\" data-end=\"2872\" \/>\n<h3 class=\"\" data-start=\"2874\" data-end=\"2900\"><strong data-start=\"2878\" data-end=\"2899\">Ideen f\u00fcr die Bewerbung<\/strong>:<\/h3>\n<p class=\"\" data-start=\"2902\" data-end=\"3175\">- Einzelh\u00e4ndler f\u00fcr Streetbike-Ausr\u00fcstung<br data-start=\"2930\" data-end=\"2933\" \/>- Fitness-Bekleidung und Zubeh\u00f6r Marken<br data-start=\"2973\" data-end=\"2976\" \/>- E-Roller und E-Bike Gesch\u00e4fte<br data-start=\"3004\" data-end=\"3007\" \/>- Anbieter von Outdoor- und Abenteuerausr\u00fcstung<br data-start=\"3045\" data-end=\"3048\" \/>- Private Label Radsportausr\u00fcstung Projekte<br data-start=\"3085\" data-end=\"3088\" \/>- Team-Merchandise und Veranstaltungsgeschenke<br data-start=\"3126\" data-end=\"3129\" \/>- Online-H\u00e4ndler auf Shopify, Amazon, Zalando<\/p>\n<hr class=\"\" data-start=\"3177\" data-end=\"3180\" \/>\n<h3 class=\"\" data-start=\"3182\" data-end=\"3217\"><strong data-start=\"3186\" data-end=\"3216\">Perfekte Gr\u00f6\u00dfen- und Passformtabelle<\/strong>:<\/h3>\n<div class=\"group pointer-events-none relative flex justify-center *:pointer-events-auto\"><button class=\"hover:bg-token-main-surface-secondary text-token-text-secondary pointer-events-auto rounded-lg px-1 py-1 opacity-0 transition-opacity duration-200 group-focus-within:opacity-100 group-hover:opacity-100\"><\/button><\/p>\n<div class=\"tableContainer horzScrollShadows relative\">\n<table class=\"min-w-full\" data-start=\"3219\" data-end=\"3410\">\n<thead data-start=\"3219\" data-end=\"3271\">\n<tr data-start=\"3219\" data-end=\"3271\">\n<th data-start=\"3219\" data-end=\"3226\">Gr\u00f6\u00dfe<\/th>\n<th data-start=\"3226\" data-end=\"3244\">Handfl\u00e4chenbreite (cm)<\/th>\n<th data-start=\"3244\" data-end=\"3271\">Umfang der Handfl\u00e4che (cm)<\/th>\n<\/tr>\n<\/thead>\n<tbody data-start=\"3325\" data-end=\"3410\">\n<tr data-start=\"3325\" data-end=\"3344\">\n<td class=\"max-w-[calc(var(--thread-content-max-width)*2\/3)]\" data-start=\"3325\" data-end=\"3329\">S<\/td>\n<td class=\"max-w-[calc(var(--thread-content-max-width)*2\/3)]\" data-start=\"3329\" data-end=\"3335\">7.5<\/td>\n<td class=\"max-w-[calc(var(--thread-content-max-width)*2\/3)]\" data-start=\"3335\" data-end=\"3344\">17-18<\/td>\n<\/tr>\n<tr data-start=\"3345\" data-end=\"3366\">\n<td class=\"max-w-[calc(var(--thread-content-max-width)*2\/3)]\" data-start=\"3345\" data-end=\"3349\">M<\/td>\n<td class=\"max-w-[calc(var(--thread-content-max-width)*2\/3)]\" data-start=\"3349\" data-end=\"3355\">8.5<\/td>\n<td class=\"max-w-[calc(var(--thread-content-max-width)*2\/3)]\" data-start=\"3355\" data-end=\"3366\">18-19.5<\/td>\n<\/tr>\n<tr data-start=\"3367\" data-end=\"3388\">\n<td class=\"max-w-[calc(var(--thread-content-max-width)*2\/3)]\" data-start=\"3367\" data-end=\"3371\">L<\/td>\n<td class=\"max-w-[calc(var(--thread-content-max-width)*2\/3)]\" data-start=\"3371\" data-end=\"3377\">9.5<\/td>\n<td class=\"max-w-[calc(var(--thread-content-max-width)*2\/3)]\" data-start=\"3377\" data-end=\"3388\">19.5-21<\/td>\n<\/tr>\n<tr data-start=\"3389\" data-end=\"3410\">\n<td class=\"max-w-[calc(var(--thread-content-max-width)*2\/3)]\" data-start=\"3389\" data-end=\"3394\">XL<\/td>\n<td class=\"max-w-[calc(var(--thread-content-max-width)*2\/3)]\" data-start=\"3394\" data-end=\"3401\">10.5<\/td>\n<td class=\"max-w-[calc(var(--thread-content-max-width)*2\/3)]\" data-start=\"3401\" data-end=\"3410\">21-23<\/td>\n<\/tr>\n<\/tbody>\n<\/table>\n<\/div>\n<\/div>","protected":false},"excerpt":{"rendered":"<h3 class=\"\" data-start=\"2332\" data-end=\"2385\"><strong data-start=\"2336\" data-end=\"2384\">Hauptmerkmale f\u00fcr Gro\u00df- und Einzelhandelsk\u00e4ufer<\/strong>:<\/h3>\n<p class=\"\" data-start=\"2387\" data-end=\"2867\">???? <strong data-start=\"2390\" data-end=\"2416\">Modernes Design im EU-Stil<\/strong>: Auffallend, leistungsorientiert, stra\u00dfentauglich.<br data-start=\"2465\" data-end=\"2468\" \/>???? <strong data-start=\"2471\" data-end=\"2497\">Direkte Preisgestaltung ab Werk<\/strong>: Steigern Sie Ihre Gewinnspanne durch Qualit\u00e4t und Erschwinglichkeit.<br data-start=\"2549\" data-end=\"2552\" \/>???? <strong data-start=\"2555\" data-end=\"2577\">Vollst\u00e4ndig anpassbar<\/strong>: Perfekt f\u00fcr Markenlogos, Mannschaftsnamen, Club-Branding.<br data-start=\"2630\" data-end=\"2633\" \/>???? <strong data-start=\"2636\" data-end=\"2659\">Breiter Zielmarkt<\/strong>: Biker, Radfahrer, Rollerfahrer, Fitnessstudiobesucher, Abenteurer.<br data-start=\"2718\" data-end=\"2721\" \/>???? <strong data-start=\"2724\" data-end=\"2750\">Schnelle Produktionszeiten<\/strong>: Schnelle Lieferungen nach Europa, USA und Asien.<br data-start=\"2793\" data-end=\"2796\" \/>???? <strong data-start=\"2799\" data-end=\"2824\">Gebaut f\u00fcr Leistung<\/strong>: Atmungsaktiv, flexibel, langlebig, rutschfest.<\/p>","protected":false},"featured_media":9046,"comment_status":"closed","ping_status":"closed","template":"","meta":[],"product_brand":[35],"product_cat":[152],"product_tag":[172,173,174,175,176,177,178,153,179,134],"class_list":{"0":"post-8991","1":"product","2":"type-product","3":"status-publish","4":"has-post-thumbnail","6":"product_brand-ryinz","7":"product_cat-street-bike-gloves","8":"product_tag-branded-street-gloves","9":"product_tag-breathable-riding-gloves","10":"product_tag-customizable-street-gloves","11":"product_tag-fourway-fabric","12":"product_tag-gel-foam-padding","13":"product_tag-neoprene-cuff","14":"product_tag-performance-bike-gloves","15":"product_tag-street-bike-gloves","16":"product_tag-synthetic-leather-gloves","17":"product_tag-velcro-closure-gloves","19":"first","20":"instock","21":"taxable","22":"shipping-taxable","23":"purchasable","24":"product-type-simple"},"_links":{"self":[{"href":"https:\/\/ryinz.cz\/velkoobchod\/de\/wp-json\/wp\/v2\/product\/8991","targetHints":{"allow":["GET"]}}],"collection":[{"href":"https:\/\/ryinz.cz\/velkoobchod\/de\/wp-json\/wp\/v2\/product"}],"about":[{"href":"https:\/\/ryinz.cz\/velkoobchod\/de\/wp-json\/wp\/v2\/types\/product"}],"replies":[{"embeddable":true,"href":"https:\/\/ryinz.cz\/velkoobchod\/de\/wp-json\/wp\/v2\/comments?post=8991"}],"wp:featuredmedia":[{"embeddable":true,"href":"https:\/\/ryinz.cz\/velkoobchod\/de\/wp-json\/wp\/v2\/media\/9046"}],"wp:attachment":[{"href":"https:\/\/ryinz.cz\/velkoobchod\/de\/wp-json\/wp\/v2\/media?parent=8991"}],"wp:term":[{"taxonomy":"product_brand","embeddable":true,"href":"https:\/\/ryinz.cz\/velkoobchod\/de\/wp-json\/wp\/v2\/product_brand?post=8991"},{"taxonomy":"product_cat","embeddable":true,"href":"https:\/\/ryinz.cz\/velkoobchod\/de\/wp-json\/wp\/v2\/product_cat?post=8991"},{"taxonomy":"product_tag","embeddable":true,"href":"https:\/\/ryinz.cz\/velkoobchod\/de\/wp-json\/wp\/v2\/product_tag?post=8991"}],"curies":[{"name":"wp","href":"https:\/\/api.w.org\/{rel}","templated":true}]}}