{"id":8990,"date":"2025-08-26T11:48:33","date_gmt":"2025-08-26T11:48:33","guid":{"rendered":"https:\/\/ryinz.cz\/velkoobchod\/?post_type=product&#038;p=8990"},"modified":"2026-01-18T20:17:14","modified_gmt":"2026-01-18T20:17:14","slug":"ryinz-premium-leder-halbfinger-fahrhandschuhe-klassisches-cutout-design-fur-manner-biker-fahr-und-freizeitkleidung","status":"publish","type":"product","link":"https:\/\/ryinz.cz\/velkoobchod\/de\/product\/ryinz-premium-leather-half-finger-driving-gloves-classic-cutout-design-for-men-biker-driving-and-casual-wear\/","title":{"rendered":"Ryinz Premium Leder Halbfinger Fahrhandschuhe | Klassisches Cutout Design f\u00fcr M\u00e4nner - Biker, Fahrer und Freizeitkleidung"},"content":{"rendered":"<p class=\"\" data-start=\"431\" data-end=\"682\">Unter <strong data-start=\"434\" data-end=\"443\">Ryinz<\/strong>, Wir glauben, dass Stil, Komfort und Funktionalit\u00e4t harmonisch nebeneinander bestehen k\u00f6nnen. Wir schaffen hochwertige, modische Produkte, die auf Leistung ausgelegt sind, und bringen Hersteller, Einzelh\u00e4ndler und Kunden in Europa, den USA und Asien nahtlos zusammen.<\/p>\n<p class=\"\" data-start=\"684\" data-end=\"1053\">Wir pr\u00e4sentieren die zeitlos gestylte <strong data-start=\"718\" data-end=\"770\">Ryinz Premium Leder Halbfinger Fahrhandschuhe<\/strong>, Dieser Handschuh wurde f\u00fcr den anspruchsvollen Kunden entwickelt, der sowohl Eleganz als auch Leistung verlangt. Diese Handschuhe kombinieren klassische \u00c4sthetik mit moderner Handwerkskunst, mit hochwertigem echtem Leder, Pr\u00e4zisionsperforation f\u00fcr Atmungsaktivit\u00e4t und traditionellen Kn\u00f6chelausschnitten f\u00fcr Flexibilit\u00e4t und Flair.<\/p>\n<p class=\"\" data-start=\"1055\" data-end=\"1389\">Diese Handschuhe sind ideal f\u00fcr Autofahrer, Biker, modebewusste Menschen und Sammler von Luxus-Accessoires. Sie sind vielseitig genug, um sowohl beim Autofahren als auch im Alltag in der Stadt getragen zu werden. Das geschmeidige Leder sorgt f\u00fcr \u00fcberragenden Komfort, eine weiche Haptik und eine lange Haltbarkeit, was sie zu einem unverzichtbaren St\u00fcck f\u00fcr alle macht, die feine Handwerkskunst zu sch\u00e4tzen wissen.<\/p>\n<p class=\"\" data-start=\"1391\" data-end=\"1680\">Jeder Handschuh ist sorgf\u00e4ltig verarbeitet und hat einen handgefertigten, traditionellen Druckknopfverschluss am Handgelenk, der eine verstellbare Passform bietet.<br data-start=\"1525\" data-end=\"1528\" \/>Perforationen an den Fingern und der Oberhand sorgen f\u00fcr eine hervorragende Luftzirkulation, so dass Ihre H\u00e4nde auch bei langen Autofahrten, Pendeln oder Motorradausfl\u00fcgen k\u00fchl bleiben.<\/p>\n<p class=\"\" data-start=\"1682\" data-end=\"1965\">Ryinz eignet sich perfekt f\u00fcr Private-Label-M\u00f6glichkeiten, den Gro\u00dfhandel oder Wiederverk\u00e4ufer, die ihre Kollektion an hochwertigen Accessoires erweitern m\u00f6chten. Ryinz bietet kundenspezifisches Branding, Logopr\u00e4gung, OEM-Produktion und flexible Gro\u00dfbestellungsoptionen, um Ihr Unternehmen international wachsen zu lassen.<\/p>\n<p class=\"\" data-start=\"1967\" data-end=\"2143\">Wenn Sie eine Partnerschaft mit Ryinz eingehen, beziehen Sie nicht nur Produkte - Sie erschlie\u00dfen M\u00e4rkte.<br data-start=\"2048\" data-end=\"2051\" \/>Wir sind Ihr unsichtbarer Partner, wenn es darum geht, globale Verbindungen aufzubauen, die Ihnen helfen, echte Verk\u00e4ufe abzuschlie\u00dfen.<\/p>\n<hr class=\"\" data-start=\"2145\" data-end=\"2148\" \/>\n<h1 class=\"\" data-start=\"2150\" data-end=\"2184\">???? <strong data-start=\"2155\" data-end=\"2184\">Hauptmerkmale und Vorteile<\/strong><\/h1>\n<p class=\"\" data-start=\"2186\" data-end=\"2364\">???? <strong data-start=\"2189\" data-end=\"2229\">Premium-Echtleder-Konstruktion<\/strong><br data-start=\"2229\" data-end=\"2232\" \/>Fachm\u00e4nnisch gegerbt und veredelt f\u00fcr einen weichen, geschmeidigen Griff, der sich mit dem Tragen nat\u00fcrlich an Ihre Handform anpasst und luxuri\u00f6sen Komfort bietet.<\/p>\n<p class=\"\" data-start=\"2366\" data-end=\"2515\">???? <strong data-start=\"2369\" data-end=\"2402\">Klassisches Kn\u00f6chelausschnitt-Design<\/strong><br data-start=\"2402\" data-end=\"2405\" \/>Zeitlose, vom Vintage-Stil inspirierte Ausschnitte verbessern die Bel\u00fcftung und bieten gleichzeitig un\u00fcbertroffene Flexibilit\u00e4t und kultigen Stil.<\/p>\n<p class=\"\" data-start=\"2517\" data-end=\"2680\">???? <strong data-start=\"2520\" data-end=\"2552\">Pr\u00e4zisionsperforationssystem<\/strong><br data-start=\"2552\" data-end=\"2555\" \/>Strategisch platzierte Perforationen sorgen f\u00fcr optimale Atmungsaktivit\u00e4t und verhindern Schwei\u00dfbildung bei langen Auto- oder Fahrradtouren.<\/p>\n<p class=\"\" data-start=\"2682\" data-end=\"2896\">???? <strong data-start=\"2685\" data-end=\"2730\">Halbe Fingerfreiheit f\u00fcr maximale Fingerfertigkeit<\/strong><br data-start=\"2730\" data-end=\"2733\" \/>Perfekt f\u00fcr alle, die einen festen Griff am Lenkrad, an Motorradgriffen oder bei Freizeitaktivit\u00e4ten im Freien ben\u00f6tigen, ohne dabei das volle Tastgef\u00fchl zu verlieren.<\/p>\n<p class=\"\" data-start=\"2898\" data-end=\"3056\">???? <strong data-start=\"2901\" data-end=\"2936\">Sicherer verstellbarer Verschluss am Handgelenk<\/strong><br data-start=\"2936\" data-end=\"2939\" \/>Das traditionelle Druckknopfdesign bietet ein klassisches Finish und erm\u00f6glicht eine bequeme und sichere Anpassung der Passform.<\/p>\n<p class=\"\" data-start=\"3058\" data-end=\"3210\">???? <strong data-start=\"3061\" data-end=\"3091\">Leicht und atmungsaktiv<\/strong><br data-start=\"3091\" data-end=\"3094\" \/>Entwickelt f\u00fcr Fahrten bei warmem Wetter und bietet ein nat\u00fcrliches K\u00fchlsystem, ohne den Schutz zu beeintr\u00e4chtigen.<\/p>\n<p class=\"\" data-start=\"3212\" data-end=\"3371\">???? <strong data-start=\"3215\" data-end=\"3235\">Mehrzwecknutzung<\/strong><br data-start=\"3235\" data-end=\"3238\" \/>Ideal zum Autofahren, Motorradfahren, Oldtimer-Cruisen, Pendeln in der Stadt, Radfahren oder auch als modisches Accessoire f\u00fcr den t\u00e4glichen Gebrauch.<\/p>\n<p class=\"\" data-start=\"3373\" data-end=\"3552\">???? <strong data-start=\"3376\" data-end=\"3410\">Elegantes und raffiniertes Erscheinungsbild<\/strong><br data-start=\"3410\" data-end=\"3413\" \/>Hochwertige Handwerkskunst gepaart mit minimalistischen Feinheiten ergibt einen Handschuh, der jede Garderobe aufwertet, ob leger oder formell.<\/p>\n<p class=\"\" data-start=\"3554\" data-end=\"3763\">???? <strong data-start=\"3557\" data-end=\"3602\">Private Label &amp; Custom Branding verf\u00fcgbar<\/strong><br data-start=\"3602\" data-end=\"3605\" \/>Ryinz bietet einen umfassenden Anpassungsservice, einschlie\u00dflich Logopr\u00e4gung, Farbanpassung, Markenverpackung und vieles mehr, um Ihnen beim Aufbau Ihrer eigenen Markenpr\u00e4senz zu helfen.<\/p>\n<p class=\"\" data-start=\"3765\" data-end=\"3918\">???? <strong data-start=\"3768\" data-end=\"3789\">Perfekter Geschenkartikel<\/strong><br data-start=\"3789\" data-end=\"3792\" \/>Ein luxuri\u00f6ses, praktisches Geschenk f\u00fcr Autoliebhaber, Biker und alle, die die Verschmelzung von Funktionalit\u00e4t und Mode zu sch\u00e4tzen wissen.<\/p>\n<hr class=\"\" data-start=\"3920\" data-end=\"3923\" \/>\n<h1 class=\"\" data-start=\"3925\" data-end=\"3956\">???? <strong data-start=\"3930\" data-end=\"3956\">Produktspezifikationen<\/strong><\/h1>\n<p class=\"\" data-start=\"3958\" data-end=\"4421\">- <strong data-start=\"3960\" data-end=\"3972\">Material<\/strong>: 100% Premium-Echtleder<br data-start=\"4002\" data-end=\"4005\" \/>- <strong data-start=\"4007\" data-end=\"4016\">Farbe<\/strong>: Schwarz mit kontrastierender Zierleiste (benutzerdefinierte Farben verf\u00fcgbar)<br data-start=\"4068\" data-end=\"4071\" \/>- <strong data-start=\"4073\" data-end=\"4082\">Gr\u00f6\u00dfen<\/strong>: S, M, L, XL, XXL (EU &amp; US Gr\u00f6\u00dfeneinteilung)<br data-start=\"4123\" data-end=\"4126\" \/>- <strong data-start=\"4128\" data-end=\"4143\">Saisonalit\u00e4t<\/strong>: Ideal f\u00fcr Fr\u00fchling, Sommer, Herbst<br data-start=\"4174\" data-end=\"4177\" \/>- <strong data-start=\"4179\" data-end=\"4189\">Gestaltung<\/strong>: Vintage Halbfinger Ausschnitt Design<br data-start=\"4224\" data-end=\"4227\" \/>- <strong data-start=\"4229\" data-end=\"4240\">Schlie\u00dfung<\/strong>: Druckknopf-Verschluss am Handgelenk<br data-start=\"4267\" data-end=\"4270\" \/>- <strong data-start=\"4272\" data-end=\"4289\">Personalisierung<\/strong>: Private Label, Logo-Pr\u00e4gung, Sonderfarben-Bestellungen<br data-start=\"4342\" data-end=\"4345\" \/>- <strong data-start=\"4347\" data-end=\"4354\">MOQ<\/strong>: Niedrige Mindestbestellmengen f\u00fcr Start-ups und Boutiquen verf\u00fcgbar<\/p>\n<hr class=\"\" data-start=\"4423\" data-end=\"4426\" \/>\n<h1 class=\"\" data-start=\"4428\" data-end=\"4466\">???? <strong data-start=\"4433\" data-end=\"4466\">Anwendungen und ideale K\u00e4ufer<\/strong><\/h1>\n<p class=\"\" data-start=\"4468\" data-end=\"4779\">- Oldtimer-Enthusiasten<br data-start=\"4493\" data-end=\"4496\" \/>- Motorradfahrer<br data-start=\"4515\" data-end=\"4518\" \/>- Modeeinzelh\u00e4ndler und Boutiquen<br data-start=\"4551\" data-end=\"4554\" \/>- Fahrwerk-Vertriebspartner<br data-start=\"4581\" data-end=\"4584\" \/>- Lederaccessoires Marken<br data-start=\"4612\" data-end=\"4615\" \/>- Online-E-Commerce-Verk\u00e4ufer<br data-start=\"4642\" data-end=\"4645\" \/>- Motorsport-Lifestyle-L\u00e4den<br data-start=\"4673\" data-end=\"4676\" \/>- Private Label Markeninhaber<br data-start=\"4704\" data-end=\"4707\" \/>- Anbieter von Luxus-Geschenken f\u00fcr Unternehmen<br data-start=\"4743\" data-end=\"4746\" \/>- Europ\u00e4ische, US-amerikanische und asiatische M\u00e4rkte<\/p>\n<hr class=\"\" data-start=\"4781\" data-end=\"4784\" \/>\n<h1 class=\"\" data-start=\"4786\" data-end=\"4849\">???? <strong data-start=\"4791\" data-end=\"4849\">Warum w\u00e4hlen Sie Ryinz f\u00fcr Ihre Lederhandschuhherstellung<\/strong><\/h1>\n<p class=\"\" data-start=\"4851\" data-end=\"5154\">- Jahrzehntelange Erfahrung bei der Belieferung von Europa und den USA<br data-start=\"4898\" data-end=\"4901\" \/>- EU-konforme Designs und Produktionsstandards<br data-start=\"4948\" data-end=\"4951\" \/>- Flexible Eigenmarken- und OEM-Dienste<br data-start=\"4992\" data-end=\"4995\" \/>- Vollst\u00e4ndige Individualisierung und skalierbare MOQ-Optionen<br data-start=\"5040\" data-end=\"5043\" \/>- Starker Fokus auf Qualit\u00e4t, Stil und p\u00fcnktliche Lieferungen<br data-start=\"5099\" data-end=\"5102\" \/>- Engagierte Unterst\u00fctzung und Beratung im internationalen Handel<\/p>","protected":false},"excerpt":{"rendered":"<p class=\"\" data-start=\"2186\" data-end=\"2364\">???? <strong data-start=\"2189\" data-end=\"2229\">Premium-Echtleder-Konstruktion<\/strong><br data-start=\"2229\" data-end=\"2232\" \/>Fachm\u00e4nnisch gegerbt und veredelt f\u00fcr einen weichen, geschmeidigen Griff, der sich mit dem Tragen nat\u00fcrlich an Ihre Handform anpasst und luxuri\u00f6sen Komfort bietet.<\/p>\n<p class=\"\" data-start=\"2366\" data-end=\"2515\">???? <strong data-start=\"2369\" data-end=\"2402\">Klassisches Kn\u00f6chelausschnitt-Design<\/strong><br data-start=\"2402\" data-end=\"2405\" \/>Zeitlose, vom Vintage-Stil inspirierte Ausschnitte verbessern die Bel\u00fcftung und bieten gleichzeitig un\u00fcbertroffene Flexibilit\u00e4t und kultigen Stil.<\/p>\n<p class=\"\" data-start=\"2517\" data-end=\"2680\">???? <strong data-start=\"2520\" data-end=\"2552\">Pr\u00e4zisionsperforationssystem<\/strong><br data-start=\"2552\" data-end=\"2555\" \/>Strategisch platzierte Perforationen sorgen f\u00fcr optimale Atmungsaktivit\u00e4t und verhindern Schwei\u00dfbildung bei langen Auto- oder Fahrradtouren.<\/p>\n<p class=\"\" data-start=\"2682\" data-end=\"2896\">???? <strong data-start=\"2685\" data-end=\"2730\">Halbe Fingerfreiheit f\u00fcr maximale Fingerfertigkeit<\/strong><br data-start=\"2730\" data-end=\"2733\" \/>Perfekt f\u00fcr alle, die einen festen Griff am Lenkrad, an Motorradgriffen oder bei Freizeitaktivit\u00e4ten im Freien ben\u00f6tigen, ohne dabei das volle Tastgef\u00fchl zu verlieren.<\/p>\n<p class=\"\" data-start=\"2898\" data-end=\"3056\">???? <strong data-start=\"2901\" data-end=\"2936\">Sicherer verstellbarer Verschluss am Handgelenk<\/strong><br data-start=\"2936\" data-end=\"2939\" \/>Das traditionelle Druckknopfdesign bietet ein klassisches Finish und erm\u00f6glicht eine bequeme und sichere Anpassung der Passform.<\/p>\n<p class=\"\" data-start=\"3058\" data-end=\"3210\">???? <strong data-start=\"3061\" data-end=\"3091\">Leicht und atmungsaktiv<\/strong><br data-start=\"3091\" data-end=\"3094\" \/>Entwickelt f\u00fcr Fahrten bei warmem Wetter und bietet ein nat\u00fcrliches K\u00fchlsystem, ohne den Schutz zu beeintr\u00e4chtigen.<\/p>\n<p class=\"\" data-start=\"3212\" data-end=\"3371\">???? <strong data-start=\"3215\" data-end=\"3235\">Mehrzwecknutzung<\/strong><br data-start=\"3235\" data-end=\"3238\" \/>Ideal zum Autofahren, Motorradfahren, Oldtimer-Cruisen, Pendeln in der Stadt, Radfahren oder auch als modisches Accessoire f\u00fcr den t\u00e4glichen Gebrauch.<\/p>","protected":false},"featured_media":9055,"comment_status":"closed","ping_status":"closed","template":"","meta":[],"product_brand":[35],"product_cat":[152],"product_tag":[167,168,169,170,171],"class_list":{"0":"post-8990","1":"product","2":"type-product","3":"status-publish","4":"has-post-thumbnail","6":"product_brand-ryinz","7":"product_cat-street-bike-gloves","8":"product_tag-breathable-street-bike-gloves","9":"product_tag-customizable-biker-gloves","10":"product_tag-half-finger-bike-gloves","11":"product_tag-leather-bike-gloves","12":"product_tag-secure-fit-street-gloves","14":"first","15":"instock","16":"taxable","17":"shipping-taxable","18":"purchasable","19":"product-type-simple"},"_links":{"self":[{"href":"https:\/\/ryinz.cz\/velkoobchod\/de\/wp-json\/wp\/v2\/product\/8990","targetHints":{"allow":["GET"]}}],"collection":[{"href":"https:\/\/ryinz.cz\/velkoobchod\/de\/wp-json\/wp\/v2\/product"}],"about":[{"href":"https:\/\/ryinz.cz\/velkoobchod\/de\/wp-json\/wp\/v2\/types\/product"}],"replies":[{"embeddable":true,"href":"https:\/\/ryinz.cz\/velkoobchod\/de\/wp-json\/wp\/v2\/comments?post=8990"}],"wp:featuredmedia":[{"embeddable":true,"href":"https:\/\/ryinz.cz\/velkoobchod\/de\/wp-json\/wp\/v2\/media\/9055"}],"wp:attachment":[{"href":"https:\/\/ryinz.cz\/velkoobchod\/de\/wp-json\/wp\/v2\/media?parent=8990"}],"wp:term":[{"taxonomy":"product_brand","embeddable":true,"href":"https:\/\/ryinz.cz\/velkoobchod\/de\/wp-json\/wp\/v2\/product_brand?post=8990"},{"taxonomy":"product_cat","embeddable":true,"href":"https:\/\/ryinz.cz\/velkoobchod\/de\/wp-json\/wp\/v2\/product_cat?post=8990"},{"taxonomy":"product_tag","embeddable":true,"href":"https:\/\/ryinz.cz\/velkoobchod\/de\/wp-json\/wp\/v2\/product_tag?post=8990"}],"curies":[{"name":"wp","href":"https:\/\/api.w.org\/{rel}","templated":true}]}}