{"id":8988,"date":"2025-06-22T15:24:49","date_gmt":"2025-06-22T15:24:49","guid":{"rendered":"https:\/\/ryinz.cz\/velkoobchod\/?post_type=product&#038;p=8988"},"modified":"2026-01-18T20:17:13","modified_gmt":"2026-01-18T20:17:13","slug":"ryinz-groshandel-premium-motorrad-lederhandschuhe-strase-fahrrad-abenteuer-touring-taktische-reiten-oem-private-label-hersteller-europa","status":"publish","type":"product","link":"https:\/\/ryinz.cz\/velkoobchod\/de\/product\/ryinz-wholesale-premium-motorcycle-leather-gloves-street-bike-adventure-touring-tactical-riding-oem-private-label-manufacturer-europe\/","title":{"rendered":"Ryinz Gro\u00dfhandel Premium Motorrad Lederhandschuhe - Street Bike, Abenteuer Touring, taktische Reiten - OEM\/Private Label Hersteller Europa"},"content":{"rendered":"<h1 class=\"\" data-start=\"266\" data-end=\"341\"><strong data-start=\"271\" data-end=\"341\">Ryinz Premium Motorradhandschuhe aus schwarzem Leder<\/strong><\/h1>\n<p class=\"\" data-start=\"343\" data-end=\"829\">Unter <strong data-start=\"346\" data-end=\"355\">Ryinz<\/strong>, Wir glauben, dass die richtige Ausr\u00fcstung das Fahrerlebnis ver\u00e4ndert. Unsere Mission ist einfach, aber wirkungsvoll: <strong data-start=\"453\" data-end=\"493\">Wir \u00f6ffnen T\u00fcren, damit Sie Verk\u00e4ufe t\u00e4tigen k\u00f6nnen<\/strong>. Als vertrauensw\u00fcrdiges Bindeglied zwischen <strong data-start=\"521\" data-end=\"587\">Marken, K\u00e4ufer und Hersteller in Europa, den USA und Asien<\/strong>, stellen wir Ihnen mit Stolz die <strong data-start=\"614\" data-end=\"663\">Ryinz Premium Motorradhandschuhe aus schwarzem Leder<\/strong> - eine perfekte Mischung aus <strong data-start=\"685\" data-end=\"724\">Luxus, Schutz und Leistung<\/strong> Gebrauch: F\u00fcr ambitionierte Biker, Stra\u00dfenfahrer, taktische Abenteurer und alle, die Wert auf h\u00f6chste Qualit\u00e4t legen.<\/p>\n<p class=\"\" data-start=\"831\" data-end=\"1163\">Hergestellt mit den feinsten <strong data-start=\"852\" data-end=\"880\">vollnarbiges schwarzes Leder<\/strong>, bieten diese Handschuhe un\u00fcbertroffene Strapazierf\u00e4higkeit, Flexibilit\u00e4t und Stil. Ihr zeitloses Design, der verst\u00e4rkte Handfl\u00e4chengriff, die ergonomische Passform und die wetterfeste Verarbeitung machen sie zur ultimativen Wahl f\u00fcr <strong data-start=\"1069\" data-end=\"1162\">Stra\u00dfenradfahrer, Motorradtouristen, taktische Einheiten und Outdoor-Entdecker<\/strong>.<\/p>\n<p class=\"\" data-start=\"1165\" data-end=\"1371\">Perfekt f\u00fcr beide <strong data-start=\"1182\" data-end=\"1199\">Eigenmarke<\/strong> Marken und <strong data-start=\"1211\" data-end=\"1231\">Aufk\u00e4ufer<\/strong>, Diese Handschuhe sind erh\u00e4ltlich mit <strong data-start=\"1265\" data-end=\"1307\">individuelle Logos, private Branding-Optionen<\/strong>, und <strong data-start=\"1313\" data-end=\"1332\">schnelle Produktion<\/strong> F\u00e4higkeiten in ganz Europa und dar\u00fcber hinaus.<\/p>\n<hr class=\"\" data-start=\"1373\" data-end=\"1376\" \/>\n<h1 class=\"\" data-start=\"1378\" data-end=\"1412\">???? <strong data-start=\"1383\" data-end=\"1412\">Hauptmerkmale und Vorteile<\/strong><\/h1>\n<p class=\"\" data-start=\"1414\" data-end=\"1667\">???? <strong data-start=\"1417\" data-end=\"1460\">Premium-Vollleder-Konstruktion<\/strong>:<br data-start=\"1461\" data-end=\"1464\" \/>Gefertigt aus extrem strapazierf\u00e4higem, hochwertigem Leder, das eine nat\u00fcrliche Abriebfestigkeit bietet und gleichzeitig geschmeidig und flexibel f\u00fcr den t\u00e4glichen Gebrauch ist. Bietet Langlebigkeit, robuste Leistung und hervorragenden Schutz.<\/p>\n<p class=\"\" data-start=\"1669\" data-end=\"1907\">???? <strong data-start=\"1672\" data-end=\"1705\">Schutz beim Reiten bei jedem Wetter<\/strong>:<br data-start=\"1706\" data-end=\"1709\" \/>Diese Handschuhe halten Regen, K\u00e4lte und Wind stand und sind somit f\u00fcr alle Jahreszeiten geeignet. Ob an einem k\u00fchlen Morgen oder bei einer verregneten Fahrt, Ihre H\u00e4nde bleiben bequem, warm und vor den Elementen gesch\u00fctzt.<\/p>\n<p class=\"\" data-start=\"1909\" data-end=\"2110\">???? <strong data-start=\"1912\" data-end=\"1941\">Ergonomische Voll-Finger-Passform<\/strong>:<br data-start=\"1942\" data-end=\"1945\" \/>Anatomisch geformte Finger sorgen f\u00fcr maximale Fingerfertigkeit und Kontrolle und erm\u00f6glichen einen sicheren Griff an Lenkern, Kupplungen und Bremshebeln. Minimale Einarbeitungszeit erforderlich.<\/p>\n<p class=\"\" data-start=\"2112\" data-end=\"2312\">???? <strong data-start=\"2115\" data-end=\"2145\">Verst\u00e4rkte Handfl\u00e4chen-Griffzonen<\/strong>:<br data-start=\"2146\" data-end=\"2149\" \/>Zus\u00e4tzliche Lederschichten an kritischen Druckstellen erh\u00f6hen die Griffst\u00e4rke, verringern die Erm\u00fcdung der H\u00e4nde bei langen Fahrten und verbessern die Haltbarkeit bei starker Beanspruchung.<\/p>\n<p class=\"\" data-start=\"2314\" data-end=\"2502\">???? <strong data-start=\"2317\" data-end=\"2369\">Elastisches Handgelenkteil + verstellbarer Verschlussriemen<\/strong>:<br data-start=\"2370\" data-end=\"2373\" \/>Bietet einen sicheren, passgenauen Sitz, der ein Verrutschen oder Verdrehen w\u00e4hrend der Fahrt verhindert. Einfacher Zugang zum An- und Ausziehen, ohne den anderen Handschuh ausziehen zu m\u00fcssen.<\/p>\n<p class=\"\" data-start=\"2504\" data-end=\"2669\">???? <strong data-start=\"2507\" data-end=\"2531\">Weiche Innenauskleidung<\/strong>:<br data-start=\"2532\" data-end=\"2535\" \/>Leichte Polsterung auf der Innenseite erh\u00f6ht den Komfort bei l\u00e4ngerem Tragen, ohne das Kontrollgef\u00fchl zu beeintr\u00e4chtigen. Absorbiert Feuchtigkeit und h\u00e4lt die H\u00e4nde trocken.<\/p>\n<p class=\"\" data-start=\"2671\" data-end=\"2856\">???? <strong data-start=\"2674\" data-end=\"2701\">Atmungsaktiv und flexibel<\/strong>:<br data-start=\"2702\" data-end=\"2705\" \/>Das intelligente Bel\u00fcftungsdesign l\u00e4sst die Handschuhe atmen und verhindert eine \u00dcberhitzung bei w\u00e4rmeren Fahrten, ohne den Windschutz in den k\u00e4lteren Monaten zu beeintr\u00e4chtigen.<\/p>\n<p class=\"\" data-start=\"2858\" data-end=\"3053\">???? <strong data-start=\"2861\" data-end=\"2894\">Taktische Streetwear-\u00c4sthetik<\/strong>:<br data-start=\"2895\" data-end=\"2898\" \/>Das mattschwarze Finish mit goldenem Ryinz-Branding sorgt daf\u00fcr, dass diese Handschuhe zu Streetwear, taktischer Ausr\u00fcstung und hochwertigen Biker-Outfits passen. Elegant und doch aggressiv.<\/p>\n<p class=\"\" data-start=\"3055\" data-end=\"3246\">???? <strong data-start=\"3058\" data-end=\"3101\">Kundenspezifisches Branding und Eigenmarken bereit<\/strong>:<br data-start=\"3102\" data-end=\"3105\" \/>Bieten Sie Ihr eigenes Logo oder Ihre Markenidentit\u00e4t mit Optionen wie Siebdruck, Gummipatches oder Pr\u00e4gung an. Perfekt f\u00fcr Marken, Vereine und Veranstaltungen.<\/p>\n<p class=\"\" data-start=\"3248\" data-end=\"3429\">???? <strong data-start=\"3251\" data-end=\"3297\">Niedrige Mindestbestellmengen + Gro\u00dfmengenrabattpreise<\/strong>:<br data-start=\"3298\" data-end=\"3301\" \/>Verf\u00fcgbar f\u00fcr den Gro\u00dfhandel und den Einzelhandel. Wir versenden Gro\u00dfauftr\u00e4ge schnell in ganz Europa, den USA, dem Nahen Osten und Asien.<\/p>\n<hr class=\"\" data-start=\"3431\" data-end=\"3434\" \/>\n<h1 class=\"\" data-start=\"3436\" data-end=\"3474\">???? <strong data-start=\"3441\" data-end=\"3474\">Anwendungen und ideale K\u00e4ufer<\/strong><\/h1>\n<p class=\"\" data-start=\"3476\" data-end=\"4044\">\u2705 <strong data-start=\"3478\" data-end=\"3495\">Stra\u00dfenradler<\/strong> - Stadtpendler und Stadtfahrer<br data-start=\"3529\" data-end=\"3532\" \/>\u2705 <strong data-start=\"3534\" data-end=\"3554\">Abenteuer-Reiter<\/strong> - Langstrecken-Motorradtourismus<br data-start=\"3589\" data-end=\"3592\" \/>\u2705 <strong data-start=\"3594\" data-end=\"3612\">Taktische Einheiten<\/strong> - Milit\u00e4r, Sicherheit und Strafverfolgung<br data-start=\"3650\" data-end=\"3653\" \/>\u2705 <strong data-start=\"3655\" data-end=\"3675\">E-Scooter-Fahrer<\/strong> - T\u00e4gliche Nutzer des Stadtverkehrs<br data-start=\"3709\" data-end=\"3712\" \/>\u2705 <strong data-start=\"3714\" data-end=\"3743\">Streetwear Modemarken<\/strong> - Hinzuf\u00fcgen von Handschuhen zu Sammlungen<br data-start=\"3774\" data-end=\"3777\" \/>\u2705 <strong data-start=\"3779\" data-end=\"3811\">Eigenmarken und OEM-Marken<\/strong> - Einf\u00fchrung oder Erweiterung der Produktpalette<br data-start=\"3844\" data-end=\"3847\" \/>\u2705 <strong data-start=\"3849\" data-end=\"3874\">Motorradausr\u00fcstungsgesch\u00e4fte<\/strong> - Ausweitung des Angebots an Premium-Ausr\u00fcstung<br data-start=\"3905\" data-end=\"3908\" \/>\u2705 <strong data-start=\"3910\" data-end=\"3932\">E-Commerce-Verk\u00e4ufer<\/strong> - Luxushandschuhe zu Online-Shops hinzuf\u00fcgen<br data-start=\"3969\" data-end=\"3972\" \/>\u2705 <strong data-start=\"3974\" data-end=\"4002\">Outdoor-Abenteuer-L\u00e4den<\/strong> - Verkauf an Abenteuerlustige und Reisende<\/p>\n<hr class=\"\" data-start=\"4046\" data-end=\"4049\" \/>\n<h1 class=\"\" data-start=\"4051\" data-end=\"4082\">???? <strong data-start=\"4056\" data-end=\"4082\">Produktspezifikationen<\/strong><\/h1>\n<p class=\"\" data-start=\"4084\" data-end=\"4588\">- <strong data-start=\"4086\" data-end=\"4098\">Material<\/strong>: 100% Schwarzes Vollnarbenleder<br data-start=\"4129\" data-end=\"4132\" \/>- <strong data-start=\"4134\" data-end=\"4150\">Innenauskleidung<\/strong>: Weiches Komfortnetz + leichte Polsterung<br data-start=\"4185\" data-end=\"4188\" \/>- <strong data-start=\"4190\" data-end=\"4199\">Farbe<\/strong>: Schwarzes Leder mit goldenem Ryinz-Logo<br data-start=\"4237\" data-end=\"4240\" \/>- <strong data-start=\"4242\" data-end=\"4251\">Gr\u00f6\u00dfen<\/strong>: S, M, L, XL, XXL (Sondergr\u00f6\u00dfen m\u00f6glich)<br data-start=\"4295\" data-end=\"4298\" \/>- <strong data-start=\"4300\" data-end=\"4322\">Witterungsbest\u00e4ndigkeit<\/strong>: Winddicht, regenabweisend, K\u00e4lteschutz<br data-start=\"4366\" data-end=\"4369\" \/>- <strong data-start=\"4371\" data-end=\"4393\">Griff-Verst\u00e4rkung<\/strong>: Gepolsterte Handfl\u00e4chen f\u00fcr rutschfesten Halt<br data-start=\"4437\" data-end=\"4440\" \/>- <strong data-start=\"4442\" data-end=\"4460\">Verschlusssystem<\/strong>: Elastisches Handgelenkband + Verstellbarer Klettverschluss<br data-start=\"4506\" data-end=\"4509\" \/>- <strong data-start=\"4511\" data-end=\"4531\">Branding-Optionen<\/strong>: Private Label, kundenspezifischer Logodruck, OEM-Service verf\u00fcgbar<\/p>\n<hr class=\"\" data-start=\"4590\" data-end=\"4593\" \/>\n<h1 class=\"\" data-start=\"4595\" data-end=\"4649\">???? <strong data-start=\"4600\" data-end=\"4649\">Gro\u00dfhandel und Private Label Dienstleistungen von Ryinz<\/strong><\/h1>\n<p class=\"\" data-start=\"4651\" data-end=\"4967\">Als internationales Sourcing Powerhouse macht Ryinz es Unternehmen leichter <strong data-start=\"4731\" data-end=\"4799\">hochwertige Handschuhe direkt von erfahrenen Herstellern beziehen<\/strong> und gleichzeitig Zeit und Geld zu sparen.<br data-start=\"4828\" data-end=\"4831\" \/>Wir bieten vollst\u00e4ndige <strong data-start=\"4851\" data-end=\"4858\">OEM<\/strong>, <strong data-start=\"4860\" data-end=\"4877\">Eigenmarke<\/strong>, <strong data-start=\"4879\" data-end=\"4901\">Massenproduktion<\/strong>, und <strong data-start=\"4907\" data-end=\"4933\">Anpassungsdienstleistungen<\/strong> \u00fcber <strong data-start=\"4941\" data-end=\"4966\">Europa, USA und Asien<\/strong>.<\/p>\n<p class=\"\" data-start=\"4969\" data-end=\"5144\">Vom Design \u00fcber die Herstellung bis hin zur Auslieferung gew\u00e4hrleistet Ryinz schnelle Lieferzeiten, strenge Qualit\u00e4tskontrollen und eine starke Markenunterst\u00fctzung f\u00fcr kleine Unternehmen und gro\u00dfe Marken gleicherma\u00dfen.<\/p>\n<p class=\"\" data-start=\"5146\" data-end=\"5285\">Egal, ob Sie ein Mode-Startup, eine Premium-Motorradmarke oder ein Unternehmen f\u00fcr taktische Ausr\u00fcstung sind, <strong data-start=\"5247\" data-end=\"5285\">Ryinz ist Ihr Partner f\u00fcr den Erfolg.<\/strong><\/p>\n<hr class=\"\" data-start=\"5287\" data-end=\"5290\" \/>\n<h1 class=\"\" data-start=\"5292\" data-end=\"5318\">???? <strong data-start=\"5297\" data-end=\"5318\">Warum Ryinz w\u00e4hlen?<\/strong><\/h1>\n<p class=\"\" data-start=\"5320\" data-end=\"5736\">- Direkte Herstellerpreisgestaltung - bessere Margen<br data-start=\"5366\" data-end=\"5369\" \/>- Individuelle Logo-Optionen - Bauen Sie Ihre Markenidentit\u00e4t auf<br data-start=\"5418\" data-end=\"5421\" \/>- EU-konforme Designs - Anklang bei europ\u00e4ischen K\u00e4ufern<br data-start=\"5471\" data-end=\"5474\" \/>- Niedriges MOQ - perfekt f\u00fcr Startups und wachsende Marken<br data-start=\"5525\" data-end=\"5528\" \/>- Schneller globaler Versand - T\u00fcr-zu-T\u00fcr-Lieferung<br data-start=\"5574\" data-end=\"5577\" \/>- Engagierte Kundenbetreuer - Pers\u00f6nlicher Service<br data-start=\"5628\" data-end=\"5631\" \/>- Mengenrabatte verf\u00fcgbar - Skalieren Sie Ihren Umsatz ganz einfach<br data-start=\"5683\" data-end=\"5686\" \/>- 100+ Marken in ganz Europa und Amerika vertrauen auf uns<\/p>","protected":false},"excerpt":{"rendered":"<p class=\"\" data-start=\"2477\" data-end=\"2668\">???? <strong data-start=\"2480\" data-end=\"2518\">Hochwertige schwarze Lederkonstruktion<\/strong>: Hergestellt aus echtem Leder f\u00fcr un\u00fcbertroffene Haltbarkeit, Flexibilit\u00e4t und Stil. Perfekt f\u00fcr alle Wetterbedingungen, einschlie\u00dflich kalter Fahrten und regnerischer Tage.<\/p>\n<p class=\"\" data-start=\"2670\" data-end=\"2835\">???? <strong data-start=\"2673\" data-end=\"2701\">Ganzt\u00e4giger Komfort innen<\/strong>: Das weiche Innenfutter sorgt f\u00fcr W\u00e4rme und Komfort, ohne die Fingerfertigkeit zu beeintr\u00e4chtigen. Sorgt f\u00fcr entspannte und erm\u00fcdungsfreie H\u00e4nde bei langen Fahrten.<\/p>\n<p class=\"\" data-start=\"2837\" data-end=\"3000\">???? <strong data-start=\"2840\" data-end=\"2875\">Wetter- und Abriebschutz<\/strong>: Widerstandsf\u00e4hig gegen Wind, K\u00e4lte und Stra\u00dfenschmutz. Bietet zuverl\u00e4ssigen Schutz der H\u00e4nde vor allt\u00e4glicher Abnutzung und unerwarteten Unf\u00e4llen.<\/p>\n<p class=\"\" data-start=\"3002\" data-end=\"3153\">???? <strong data-start=\"3005\" data-end=\"3037\">Ergonomisches Vollfinger-Design<\/strong>: Sorgf\u00e4ltig ausgearbeitete Fingerkurven bieten eine hervorragende Kontrolle \u00fcber Lenker, Bremsen und Kupplungen, ohne steif zu sein.<\/p>\n<p class=\"\" data-start=\"3155\" data-end=\"3312\">???? <strong data-start=\"3158\" data-end=\"3182\">Verst\u00e4rkter Handfl\u00e4chenbereich<\/strong>: Zus\u00e4tzliche Schutzzonen verbessern die Griffigkeit und sch\u00fctzen die Handfl\u00e4chen bei St\u00fcrzen oder pl\u00f6tzlichen Stopps. H\u00e4lt die hervorragende Reibung f\u00fcr sichere Kontrolle aufrecht.<\/p>\n<p class=\"\" data-start=\"3314\" data-end=\"3478\">???? <strong data-start=\"3317\" data-end=\"3357\">Elastische Manschette mit verstellbarem Verschluss<\/strong>: Passgenaue Einstellung am Handgelenk, um ein Verrutschen zu verhindern und das Eindringen kalter Luft zu verhindern. Einfaches An- und Ausziehen auch mit einer Hand.<\/p>\n<p class=\"\" data-start=\"3480\" data-end=\"3634\">???? <strong data-start=\"3483\" data-end=\"3524\">Optionen f\u00fcr Eigenmarken und individuelle Logos<\/strong>: Erh\u00e4ltlich f\u00fcr Siebdruck, Pr\u00e4gung, Gummiplaketten und Stickerei - perfekt f\u00fcr den Aufbau Ihrer eigenen Marke.<\/p>\n<p class=\"\" data-start=\"3636\" data-end=\"3799\">???? <strong data-start=\"3639\" data-end=\"3673\">Inspiriert vom europ\u00e4ischen Streetstyle<\/strong>: Minimalistischer, eleganter Look mit taktischer Funktionalit\u00e4t - passt zu jeder Art von Reiteroutfit, von der Lederjacke bis zum urbanen Freizeitoutfit.<\/p>\n<p class=\"\" data-start=\"3801\" data-end=\"3935\">???? <strong data-start=\"3804\" data-end=\"3828\">Breite Anwendungsm\u00f6glichkeiten<\/strong>: Ideal f\u00fcr Stra\u00dfenradsport, Winterfahrten, Stadtverkehr, Abenteuerfahrten, Touren und taktisches Training.<\/p>\n<p class=\"\" data-start=\"3937\" data-end=\"4133\">???? <strong data-start=\"3940\" data-end=\"3973\">Gro\u00df- und Einzelhandelsfreundlichkeit<\/strong>: Niedrige Mindestbestellmenge, schnelle Produktion und zuverl\u00e4ssiger Versand in die EU, die USA und die asiatischen M\u00e4rkte. Hervorragend geeignet f\u00fcr E-Commerce-Shops, Motorradausr\u00fcstungsgesch\u00e4fte und Eigenmarken.<\/p>","protected":false},"featured_media":9040,"comment_status":"closed","ping_status":"closed","template":"","meta":[],"product_brand":[35],"product_cat":[152],"product_tag":[139,159,160,161,162],"class_list":{"0":"post-8988","1":"product","2":"type-product","3":"status-publish","4":"has-post-thumbnail","6":"product_brand-ryinz","7":"product_cat-street-bike-gloves","8":"product_tag-all-weather-motorcycle-gloves","9":"product_tag-customizable-street-bike-gloves","10":"product_tag-fleece-lined-bike-gloves","11":"product_tag-leather-gloves-for-bikers","12":"product_tag-waterproof-street-bike-gloves","14":"first","15":"instock","16":"taxable","17":"shipping-taxable","18":"purchasable","19":"product-type-simple"},"_links":{"self":[{"href":"https:\/\/ryinz.cz\/velkoobchod\/de\/wp-json\/wp\/v2\/product\/8988","targetHints":{"allow":["GET"]}}],"collection":[{"href":"https:\/\/ryinz.cz\/velkoobchod\/de\/wp-json\/wp\/v2\/product"}],"about":[{"href":"https:\/\/ryinz.cz\/velkoobchod\/de\/wp-json\/wp\/v2\/types\/product"}],"replies":[{"embeddable":true,"href":"https:\/\/ryinz.cz\/velkoobchod\/de\/wp-json\/wp\/v2\/comments?post=8988"}],"wp:featuredmedia":[{"embeddable":true,"href":"https:\/\/ryinz.cz\/velkoobchod\/de\/wp-json\/wp\/v2\/media\/9040"}],"wp:attachment":[{"href":"https:\/\/ryinz.cz\/velkoobchod\/de\/wp-json\/wp\/v2\/media?parent=8988"}],"wp:term":[{"taxonomy":"product_brand","embeddable":true,"href":"https:\/\/ryinz.cz\/velkoobchod\/de\/wp-json\/wp\/v2\/product_brand?post=8988"},{"taxonomy":"product_cat","embeddable":true,"href":"https:\/\/ryinz.cz\/velkoobchod\/de\/wp-json\/wp\/v2\/product_cat?post=8988"},{"taxonomy":"product_tag","embeddable":true,"href":"https:\/\/ryinz.cz\/velkoobchod\/de\/wp-json\/wp\/v2\/product_tag?post=8988"}],"curies":[{"name":"wp","href":"https:\/\/api.w.org\/{rel}","templated":true}]}}