{"id":8979,"date":"2025-06-22T15:24:11","date_gmt":"2025-06-22T15:24:11","guid":{"rendered":"https:\/\/ryinz.cz\/velkoobchod\/?post_type=product&#038;p=8979"},"modified":"2026-01-18T20:17:13","modified_gmt":"2026-01-18T20:17:13","slug":"ryinz-premium-schwarzes-leder-motorradhandschuhe-gerippt-flex-design-biker-strase-und-abenteuer-reiten-handschuhe-groshandel-benutzerdefinierte-branding-zur-verfugung","status":"publish","type":"product","link":"https:\/\/ryinz.cz\/velkoobchod\/de\/product\/ryinz-premium-black-leather-motorcycle-gloves-ribbed-flex-design-biker-street-and-adventure-riding-gloves-wholesale-custom-branding-available\/","title":{"rendered":"Ryinz Premium Black Leather Motorcycle Gloves | Ribbed Flex Design | Biker, Street und Adventure Riding Gloves - Gro\u00dfhandel &amp; Custom Branding verf\u00fcgbar"},"content":{"rendered":"<p class=\"\" data-start=\"424\" data-end=\"625\">Unter <strong data-start=\"427\" data-end=\"436\">Ryinz<\/strong>, Wir bringen internationale K\u00e4ufer, vielversprechende Marken und Spitzenhersteller in Europa, den USA und Asien zusammen.<br data-start=\"545\" data-end=\"548\" \/>Unser Auftrag ist einfach, aber wirkungsvoll: <strong data-start=\"584\" data-end=\"625\">Wir \u00f6ffnen T\u00fcren, damit Sie Verk\u00e4ufe t\u00e4tigen k\u00f6nnen.<\/strong><\/p>\n<p class=\"\" data-start=\"627\" data-end=\"971\">Einf\u00fchrung in die <strong data-start=\"643\" data-end=\"692\">Ryinz Premium Motorradhandschuhe aus schwarzem Leder<\/strong> - eine gewagte Kombination aus <strong data-start=\"717\" data-end=\"793\">luxuri\u00f6se \u00c4sthetik, taktische Flexibilit\u00e4t und \u00fcberragende Fahrleistung<\/strong>. Diese Handschuhe wurden f\u00fcr moderne Fahrer, Stadtabenteurer, taktische Gruppen und stilbewusste Biker entwickelt und bieten <strong data-start=\"907\" data-end=\"970\">umfassender Schutz, erstklassiger Komfort und unschlagbare Haltbarkeit<\/strong>.<\/p>\n<p class=\"\" data-start=\"973\" data-end=\"1346\">Gebaut mit hochwertigen <strong data-start=\"997\" data-end=\"1022\">Echtes schwarzes Leder<\/strong>, Diese Handschuhe haben ein einzigartiges <strong data-start=\"1054\" data-end=\"1076\">geripptes Flex-Design<\/strong> \u00fcber die Kn\u00f6chel f\u00fcr optimale Bewegungsfreiheit, hervorragende Sto\u00dfd\u00e4mpfung und einen futuristischen Biker-Stil.<br data-start=\"1188\" data-end=\"1191\" \/>Egal, ob Sie durch die Stra\u00dfen der Stadt fahren, auf der Autobahn rasen oder lange Motorradtouren unternehmen, mit Ryinz-Handschuhen sind Ihre H\u00e4nde sicher, gesch\u00fctzt und stilvoll.<\/p>\n<p class=\"\" data-start=\"1348\" data-end=\"1566\">Ideal f\u00fcr <strong data-start=\"1358\" data-end=\"1375\">Eigenmarke<\/strong>, <strong data-start=\"1377\" data-end=\"1395\">OEM-Produktion<\/strong>, und <strong data-start=\"1401\" data-end=\"1427\">Gro\u00dfhandelsvertrieb<\/strong> in Europa, den USA, dem Nahen Osten und Asien bietet Ryinz <strong data-start=\"1484\" data-end=\"1508\">kundenspezifischer Logodruck<\/strong>, <strong data-start=\"1510\" data-end=\"1532\">schnelle Fertigung<\/strong>, und <strong data-start=\"1538\" data-end=\"1565\">markenfreundliche Dienstleistungen<\/strong>.<\/p>\n<hr class=\"\" data-start=\"1568\" data-end=\"1571\" \/>\n<h1 class=\"\" data-start=\"1573\" data-end=\"1607\">???? <strong data-start=\"1578\" data-end=\"1607\">Hauptmerkmale und Vorteile<\/strong><\/h1>\n<p class=\"\" data-start=\"1609\" data-end=\"1766\">???? <strong data-start=\"1612\" data-end=\"1652\">Premium-Echtleder-Konstruktion<\/strong>:<br data-start=\"1653\" data-end=\"1656\" \/>Hochwertiges, vollnarbiges Leder bietet nat\u00fcrliche Haltbarkeit, Abriebfestigkeit und ein elegantes, professionelles Aussehen.<\/p>\n<p class=\"\" data-start=\"1768\" data-end=\"1965\">???? <strong data-start=\"1771\" data-end=\"1811\">Charakteristisches geripptes Flex Knuckle Design<\/strong>:<br data-start=\"1812\" data-end=\"1815\" \/>Speziell entwickelte horizontale Rippen an den Kn\u00f6cheln erm\u00f6glichen eine nat\u00fcrliche Handbewegung, \u00fcberragende Flexibilit\u00e4t und maximalen Komfort bei langen Fahrten.<\/p>\n<p class=\"\" data-start=\"1967\" data-end=\"2105\">???? <strong data-start=\"1970\" data-end=\"1996\">Voller Fingerschutz<\/strong>:<br data-start=\"1997\" data-end=\"2000\" \/>Umfassender Schutz f\u00fcr Finger und Kn\u00f6chel vor Wind, Schmutz, Absch\u00fcrfungen und unerwarteten St\u00f6\u00dfen.<\/p>\n<p class=\"\" data-start=\"2107\" data-end=\"2263\">???? <strong data-start=\"2110\" data-end=\"2136\">Schockabsorbierende Zonen<\/strong>:<br data-start=\"2137\" data-end=\"2140\" \/>Die integrierte Polsterung in den gerippten Abschnitten sch\u00fctzt die H\u00e4nde vor Vibrationen und Stra\u00dfenst\u00f6\u00dfen und sorgt so f\u00fcr l\u00e4ngere, reibungslose Fahrten.<\/p>\n<p class=\"\" data-start=\"2265\" data-end=\"2444\">???? <strong data-start=\"2268\" data-end=\"2298\">Ergonomische Griffverbesserung<\/strong>:<br data-start=\"2299\" data-end=\"2302\" \/>Die pr\u00e4zise Passform verbessert die Kontrolle \u00fcber den Lenkergriff und gew\u00e4hrleistet sicheres Bremsen, Gasgeben und Kuppeln auch bei l\u00e4ngeren Fahrten.<\/p>\n<p class=\"\" data-start=\"2446\" data-end=\"2581\">???? <strong data-start=\"2449\" data-end=\"2478\">Weiches Komfort-Innenfutter<\/strong>:<br data-start=\"2479\" data-end=\"2482\" \/>Atmungsaktives Futter h\u00e4lt die H\u00e4nde trocken, schwei\u00dffrei und komfortabel, egal wie intensiv die Fahrt wird.<\/p>\n<p class=\"\" data-start=\"2583\" data-end=\"2737\">???? <strong data-start=\"2586\" data-end=\"2611\">Wetterfestes \u00c4u\u00dferes<\/strong>:<br data-start=\"2612\" data-end=\"2615\" \/>Das wasserabweisende Leder-Finish sch\u00fctzt vor leichtem Regen und h\u00e4lt kalten Wind ab, so dass diese Handschuhe ideal f\u00fcr den ganzj\u00e4hrigen Einsatz sind.<\/p>\n<p class=\"\" data-start=\"2739\" data-end=\"2904\">???? <strong data-start=\"2742\" data-end=\"2789\">Sicheres elastisches Handgelenk mit verdecktem Verschluss<\/strong>:<br data-start=\"2790\" data-end=\"2793\" \/>Sorgt f\u00fcr einen sauberen, minimalistischen Look und gew\u00e4hrleistet, dass die Handschuhe auch bei hohen Geschwindigkeiten fest an ihrem Platz bleiben.<\/p>\n<p class=\"\" data-start=\"2906\" data-end=\"3137\">???? <strong data-start=\"2909\" data-end=\"2950\">Individuelles Logo und Eigenmarkenoptionen<\/strong>:<br data-start=\"2951\" data-end=\"2954\" \/>Personalisieren Sie Handschuhe mit dem Logo Ihrer Marke durch Stickerei, Pr\u00e4gung oder Gummiplaketten. Ideal f\u00fcr Motorradausr\u00fcstungsmarken, E-Commerce-Anbieter und Unternehmen f\u00fcr taktische Ausr\u00fcstung.<\/p>\n<p class=\"\" data-start=\"3139\" data-end=\"3282\">???? <strong data-start=\"3142\" data-end=\"3180\">Niedrige Mindestbestellmengen (MOQ)<\/strong>:<br data-start=\"3181\" data-end=\"3184\" \/>Klein anfangen und schnell skalieren. Perfekt f\u00fcr Boutique-Marken, neue Unternehmen oder wachsende Produktlinien.<\/p>\n<p class=\"\" data-start=\"3284\" data-end=\"3432\">???? <strong data-start=\"3287\" data-end=\"3330\">Schnelle Lieferung in ganz Europa und Amerika<\/strong>:<br data-start=\"3331\" data-end=\"3334\" \/>Lagerh\u00e4user und Logistikunterst\u00fctzung f\u00fcr schnelle Durchlaufzeiten und Direktversand.<\/p>\n<hr class=\"\" data-start=\"3434\" data-end=\"3437\" \/>\n<h1 class=\"\" data-start=\"3439\" data-end=\"3477\">???? <strong data-start=\"3444\" data-end=\"3477\">Anwendungen und ideale K\u00e4ufer<\/strong><\/h1>\n<p class=\"\" data-start=\"3479\" data-end=\"4009\">\u2705 <strong data-start=\"3481\" data-end=\"3502\">Motorradfahrer<\/strong> - Stra\u00dfenradfahrer, Tourenfahrer, Cafe Racer<br data-start=\"3547\" data-end=\"3550\" \/>\u2705 <strong data-start=\"3552\" data-end=\"3572\">Abenteuer-Reiter<\/strong> - Langstreckenforscher, \u00dcberlandfahrer<br data-start=\"3611\" data-end=\"3614\" \/>\u2705 <strong data-start=\"3616\" data-end=\"3646\">Scooter &amp; E-Bike Pendler<\/strong> - Stadtverkehr und Tagesausfl\u00fcgler<br data-start=\"3680\" data-end=\"3683\" \/>\u2705 <strong data-start=\"3685\" data-end=\"3707\">Gesch\u00e4fte f\u00fcr Outdoor-Ausr\u00fcstung<\/strong> - Abenteuersport und taktische Gesch\u00e4fte<br data-start=\"3746\" data-end=\"3749\" \/>\u2705 <strong data-start=\"3751\" data-end=\"3772\">Streetwear-Marken<\/strong> - Urbane Modemarken mit Bedarf an Accessoires<br data-start=\"3815\" data-end=\"3818\" \/>\u2705 <strong data-start=\"3820\" data-end=\"3846\">Private Label Startups<\/strong> - Lancieren Sie Ihre eigene Handschuhlinie<br data-start=\"3875\" data-end=\"3878\" \/>\u2705 <strong data-start=\"3880\" data-end=\"3909\">Einzelh\u00e4ndler und Gro\u00dfh\u00e4ndler<\/strong> - Schnelles Erweitern des Produktkatalogs<br data-start=\"3942\" data-end=\"3945\" \/>\u2705 <strong data-start=\"3947\" data-end=\"3979\">Autoausstellungen und Biker-Events<\/strong> - Merchandise und Werbegeschenke<\/p>\n<hr class=\"\" data-start=\"4011\" data-end=\"4014\" \/>\n<h1 class=\"\" data-start=\"4016\" data-end=\"4047\">???? <strong data-start=\"4021\" data-end=\"4047\">Produktspezifikationen<\/strong><\/h1>\n<p class=\"\" data-start=\"4049\" data-end=\"4479\">- <strong data-start=\"4051\" data-end=\"4063\">Material<\/strong>: Schwarzes Premium-Vollnarbenleder<br data-start=\"4097\" data-end=\"4100\" \/>- <strong data-start=\"4102\" data-end=\"4112\">Gestaltung<\/strong>: Gerippte Kn\u00f6chel-Flex-Panels + Minimalistischer K\u00f6rper<br data-start=\"4158\" data-end=\"4161\" \/>- <strong data-start=\"4163\" data-end=\"4172\">Farbe<\/strong>: Schwarz (benutzerdefinierte Farben f\u00fcr Gro\u00dfmengen erh\u00e4ltlich)<br data-start=\"4214\" data-end=\"4217\" \/>- <strong data-start=\"4219\" data-end=\"4228\">Gr\u00f6\u00dfen<\/strong>: S, M, L, XL, XXL<br data-start=\"4246\" data-end=\"4249\" \/>- <strong data-start=\"4251\" data-end=\"4273\">Witterungsbest\u00e4ndigkeit<\/strong>: Winddichtes + wasserabweisendes Leder<br data-start=\"4310\" data-end=\"4313\" \/>- <strong data-start=\"4315\" data-end=\"4331\">Innenauskleidung<\/strong>: Atmungsaktives, weiches Komfortnetz<br data-start=\"4361\" data-end=\"4364\" \/>- <strong data-start=\"4366\" data-end=\"4382\">Handgelenk-System<\/strong>: Elastische Passform + Verdeckter Verschluss<br data-start=\"4415\" data-end=\"4418\" \/>- <strong data-start=\"4420\" data-end=\"4432\">Branding<\/strong>: Individuell anpassbar mit Logos, Aufn\u00e4hern, Pr\u00e4gungen<\/p>\n<hr class=\"\" data-start=\"4481\" data-end=\"4484\" \/>\n<h1 class=\"\" data-start=\"4486\" data-end=\"4536\">???? <strong data-start=\"4491\" data-end=\"4536\">Warum Ryinz f\u00fcr Ihre Lederhandschuhe w\u00e4hlen?<\/strong><\/h1>\n<p class=\"\" data-start=\"4538\" data-end=\"4854\">- Direkte Werkspreise - Bessere Margen f\u00fcr Sie<br data-start=\"4587\" data-end=\"4590\" \/>- Kompetenz auf dem europ\u00e4ischen Markt - Designs, die sich verkaufen<br data-start=\"4637\" data-end=\"4640\" \/>- OEM-, ODM- und Eigenmarken-Dienstleistungen<br data-start=\"4678\" data-end=\"4681\" \/>- Niedriges MOQ - leichter Einstieg f\u00fcr neue Unternehmen<br data-start=\"4722\" data-end=\"4725\" \/>- Weltweiter Versand - Europa, USA, Asien<br data-start=\"4762\" data-end=\"4765\" \/>- Volle Unterst\u00fctzung bei der Anpassung - Farben, Logos, Etiketten<br data-start=\"4817\" data-end=\"4820\" \/>- Weltweites Vertrauen bei \u00fcber 100 Marken<\/p>","protected":false},"excerpt":{"rendered":"<h1 class=\"\" data-start=\"4486\" data-end=\"4536\"><strong data-start=\"4491\" data-end=\"4536\">Warum Ryinz f\u00fcr Ihre Lederhandschuhe w\u00e4hlen?<\/strong><\/h1>\n<p class=\"\" data-start=\"4538\" data-end=\"4854\">- Direkte Werkspreise - Bessere Margen f\u00fcr Sie<br data-start=\"4587\" data-end=\"4590\" \/>- Kompetenz auf dem europ\u00e4ischen Markt - Designs, die sich verkaufen<br data-start=\"4637\" data-end=\"4640\" \/>- OEM-, ODM- und Eigenmarken-Dienstleistungen<br data-start=\"4678\" data-end=\"4681\" \/>- Niedriges MOQ - leichter Einstieg f\u00fcr neue Unternehmen<br data-start=\"4722\" data-end=\"4725\" \/>- Weltweiter Versand - Europa, USA, Asien<br data-start=\"4762\" data-end=\"4765\" \/>- Volle Unterst\u00fctzung bei der Anpassung - Farben, Logos, Etiketten<br data-start=\"4817\" data-end=\"4820\" \/>- Weltweites Vertrauen bei \u00fcber 100 Marken<\/p>","protected":false},"featured_media":9039,"comment_status":"closed","ping_status":"closed","template":"","meta":[],"product_brand":[35],"product_cat":[152],"product_tag":[138,139,140,141,142,143,144,145,146,147,148,149,150,151,153,154,155,156,157,158],"class_list":{"0":"post-8979","1":"product","2":"type-product","3":"status-publish","4":"has-post-thumbnail","6":"product_brand-ryinz","7":"product_cat-street-bike-gloves","8":"product_tag-adventure-rider-gloves","9":"product_tag-all-weather-motorcycle-gloves","10":"product_tag-black-motorcycle-gloves","11":"product_tag-city-rider-motorcycle-gloves","12":"product_tag-customizable-street-riding-gloves","13":"product_tag-durable-motorcycle-gloves","14":"product_tag-full-finger-motorbike-gloves","15":"product_tag-genuine-leather-biker-gloves","16":"product_tag-motorbike-touring-gloves","17":"product_tag-premium-street-riding-gloves","18":"product_tag-protective-riding-gloves","19":"product_tag-real-leather-gloves","20":"product_tag-ribbed-leather-biker-gloves","21":"product_tag-ryinz-biker-gloves","22":"product_tag-street-bike-gloves","23":"product_tag-stylish-leather-gloves-europe","24":"product_tag-tactical-leather-gloves","25":"product_tag-waterproof-biker-gloves-wholesale","26":"product_tag-winter-riding-gloves-europe","27":"product_tag-ykk-zipper-gloves","29":"first","30":"instock","31":"taxable","32":"shipping-taxable","33":"purchasable","34":"product-type-simple"},"_links":{"self":[{"href":"https:\/\/ryinz.cz\/velkoobchod\/de\/wp-json\/wp\/v2\/product\/8979","targetHints":{"allow":["GET"]}}],"collection":[{"href":"https:\/\/ryinz.cz\/velkoobchod\/de\/wp-json\/wp\/v2\/product"}],"about":[{"href":"https:\/\/ryinz.cz\/velkoobchod\/de\/wp-json\/wp\/v2\/types\/product"}],"replies":[{"embeddable":true,"href":"https:\/\/ryinz.cz\/velkoobchod\/de\/wp-json\/wp\/v2\/comments?post=8979"}],"wp:featuredmedia":[{"embeddable":true,"href":"https:\/\/ryinz.cz\/velkoobchod\/de\/wp-json\/wp\/v2\/media\/9039"}],"wp:attachment":[{"href":"https:\/\/ryinz.cz\/velkoobchod\/de\/wp-json\/wp\/v2\/media?parent=8979"}],"wp:term":[{"taxonomy":"product_brand","embeddable":true,"href":"https:\/\/ryinz.cz\/velkoobchod\/de\/wp-json\/wp\/v2\/product_brand?post=8979"},{"taxonomy":"product_cat","embeddable":true,"href":"https:\/\/ryinz.cz\/velkoobchod\/de\/wp-json\/wp\/v2\/product_cat?post=8979"},{"taxonomy":"product_tag","embeddable":true,"href":"https:\/\/ryinz.cz\/velkoobchod\/de\/wp-json\/wp\/v2\/product_tag?post=8979"}],"curies":[{"name":"wp","href":"https:\/\/api.w.org\/{rel}","templated":true}]}}