{"id":8978,"date":"2025-08-26T11:48:33","date_gmt":"2025-08-26T11:48:33","guid":{"rendered":"https:\/\/ryinz.cz\/velkoobchod\/?post_type=product&#038;p=8978"},"modified":"2026-01-18T20:17:12","modified_gmt":"2026-01-18T20:17:12","slug":"ryinz-vollnarbige-leder-motorrad-rennhandschuhe-ultimativer-schutz-trifft-auf-prazisionstechnik","status":"publish","type":"product","link":"https:\/\/ryinz.cz\/velkoobchod\/de\/product\/ryinz-full-grain-leather-motorbike-racing-gloves-ultimate-protection-meets-precision-engineering\/","title":{"rendered":"Ryinz Vollnarbenleder Motorrad-Rennhandschuhe - Ultimativer Schutz trifft auf Pr\u00e4zisionstechnik"},"content":{"rendered":"<p class=\"\" data-start=\"153\" data-end=\"375\"><strong data-start=\"153\" data-end=\"373\">Ryinz Professional Full-Grain Leder Motorrad-Rennhandschuhe f\u00fcr M\u00e4nner und Frauen - Premium-Motorrad-Handschuhe mit harten Kn\u00f6chel Schutz, Handgelenk zu unterst\u00fctzen, und mehrere Farboptionen - rot, gr\u00fcn, blau und schwarz<\/strong><\/p>\n<p class=\"\" data-start=\"377\" data-end=\"954\">Erleben Sie den ultimativen Schutz, Stil und Leistung mit dem <strong data-start=\"448\" data-end=\"514\">Ryinz Professional Vollnarbenleder Motorrad-Rennhandschuhe<\/strong>. Diese Handschuhe wurden speziell f\u00fcr passionierte Fahrer und professionelle Rennfahrer entwickelt und vereinen Langlebigkeit, Komfort und modernste Schutzfunktionen. Sie sind aus hochwertigem Vollnarbenleder gefertigt und bieten eine hervorragende Abriebfestigkeit bei gleichzeitig weicher und bequemer Passform. Ob Sie auf der Autobahn unterwegs sind, an einem Rennen teilnehmen oder unwegsames Gel\u00e4nde erkunden, diese Handschuhe bieten die perfekte Balance zwischen Sicherheit und Stil.<\/p>\n<p class=\"\" data-start=\"956\" data-end=\"1361\">Die Ryinz Motorradhandschuhe haben folgende Eigenschaften <strong data-start=\"991\" data-end=\"1025\">schlagfester Kn\u00f6chelpanzer<\/strong> f\u00fcr maximalen Schutz bei Kollisionen oder Unf\u00e4llen. Jeder Handschuh ist sorgf\u00e4ltig mit einem hochdichten, geformten Protektor an den Kn\u00f6cheln und Fingern verst\u00e4rkt, um Ihre H\u00e4nde vor St\u00f6\u00dfen, Stra\u00dfentr\u00fcmmern und Absch\u00fcrfungen zu sch\u00fctzen. Die Handfl\u00e4che und die Finger sind zus\u00e4tzlich gepolstert, um St\u00f6\u00dfe zu absorbieren und Verletzungen zu minimieren.<\/p>\n<p class=\"\" data-start=\"1363\" data-end=\"1812\">Die Handschuhe wurden mit Blick auf professionelle Fahrer entwickelt. Sie verf\u00fcgen \u00fcber eine verl\u00e4ngerte Stulpe zum Schutz des Handgelenks und einen verstellbaren Riemenverschluss, der eine sichere und individuelle Passform gew\u00e4hrleistet. Die lange Stulpe deckt den Jacken\u00e4rmel perfekt ab und verhindert das Eindringen von Wind oder Schmutz, was bei hohen Geschwindigkeiten von entscheidender Bedeutung ist. Die verstellbaren Klettverschl\u00fcsse sorgen f\u00fcr einen passgenauen Sitz, so dass die Handschuhe auch bei den intensivsten Fahrten fest an ihrem Platz bleiben.<\/p>\n<p class=\"\" data-start=\"1814\" data-end=\"2197\">F\u00fcr eine verbesserte Leistung bieten die Ryinz Motorradhandschuhe eine hervorragende Bel\u00fcftung. Die strategischen Perforationen im Leder lassen die Luft leicht flie\u00dfen und halten Ihre H\u00e4nde k\u00fchl und schwei\u00dffrei, selbst an den hei\u00dfesten Tagen. Die atmungsaktive Konstruktion sorgt f\u00fcr ein optimales Feuchtigkeitsmanagement und macht diese Handschuhe ideal f\u00fcr Langstreckentouren, Sommerrennen oder ganzj\u00e4hrige Motorradabenteuer.<\/p>\n<p class=\"\" data-start=\"2199\" data-end=\"2522\">Erh\u00e4ltlich in vier auff\u00e4lligen Farbvarianten - <strong data-start=\"2242\" data-end=\"2304\">klassisches Schwarz, kr\u00e4ftiges Rot, energiegeladenes Gr\u00fcn und leuchtendes Blau<\/strong> - Mit den Ryinz-Handschuhen k\u00f6nnen Sie Ihre Ausr\u00fcstung an Ihren Motorradstil anpassen. Die farbigen Optionen bieten stilvolle Akzente, ohne Kompromisse bei der Robustheit und dem robusten Design einzugehen, und geben dir den aggressiven Look, den jeder Fahrer liebt.<\/p>\n<p class=\"\" data-start=\"2524\" data-end=\"2915\">Die Ryinz-Handschuhe wurden f\u00fcr alle Motorradfans entwickelt, vom t\u00e4glichen Pendler bis zum Rennfahrer, und sind \u00e4u\u00dferst vielseitig. Sie sind perfekt f\u00fcr den Einsatz in <strong data-start=\"2666\" data-end=\"2766\">Motorradrennen, Motocross, Dirt Bike, Tourenfahrten, Abenteuerfahrten und gelegentliche Fahrten in der Stadt<\/strong>. Egal, ob Sie ein Sportbike, einen Cruiser, ein Tourenrad oder ein Abenteuermotorrad fahren, diese Handschuhe bieten hervorragenden Schutz, Komfort und Grip.<\/p>\n<p class=\"\" data-start=\"2917\" data-end=\"3339\">Weitere Merkmale sind ein <strong data-start=\"2947\" data-end=\"2981\">vorgekr\u00fcmmte Fingerkonstruktion<\/strong> das die Erm\u00fcdung des Fahrers reduziert und eine bessere Kontrolle \u00fcber Lenker und Hebel gew\u00e4hrleistet. Das ergonomische Design verbessert die Fingerfertigkeit und bietet eine nat\u00fcrliche Passform und Bewegung, um eine optimale Kontrolle sowohl bei hohen Geschwindigkeiten als auch bei technischen Fahrten zu gew\u00e4hrleisten. Verst\u00e4rkte N\u00e4hte im gesamten Bereich tragen zur Haltbarkeit bei und machen diese Handschuhe zu einer langlebigen Investition f\u00fcr anspruchsvolle Fahrer.<\/p>\n<p class=\"\" data-start=\"3341\" data-end=\"3648\">Sicherheit ist das Herzst\u00fcck der Marke Ryinz. Jeder Handschuh wird rigoros unter realen Bedingungen getestet, um sicherzustellen, dass er die h\u00f6chsten Qualit\u00e4ts- und Sicherheitsstandards erf\u00fcllt und \u00fcbertrifft. Egal, ob Sie zum Spa\u00df fahren, t\u00e4glich pendeln oder professionell an Wettk\u00e4mpfen teilnehmen, vertrauen Sie auf Ryinz, um Ihre wichtigsten Werkzeuge zu sch\u00fctzen - Ihre H\u00e4nde.<\/p>\n<p class=\"\" data-start=\"3650\" data-end=\"4031\">Diese Handschuhe wurden f\u00fcr passionierte Biker entwickelt und bieten eine ideale Balance zwischen Form und Funktion. Schl\u00fcpfen Sie in ein Paar Ryinz Motorradhandschuhe und sp\u00fcren Sie den Unterschied, den \u00fcberlegene Materialien, fachm\u00e4nnische Verarbeitung und fahrerorientiertes Design ausmachen. Fahren Sie mit Zuversicht, weil Sie wissen, dass Sie mit den besten Motorradhandschuhen ausgestattet sind, die f\u00fcr die Stra\u00dfe, die Strecke und dar\u00fcber hinaus gebaut wurden.<\/p>\n<p class=\"\" data-start=\"4033\" data-end=\"4052\"><strong data-start=\"4033\" data-end=\"4050\">Wesentliche Merkmale:<\/strong><\/p>\n<ul data-start=\"4053\" data-end=\"4690\">\n<li class=\"\" data-start=\"4053\" data-end=\"4119\">\n<p class=\"\" data-start=\"4055\" data-end=\"4119\">Hochwertige Vollnarbenlederkonstruktion f\u00fcr maximale Haltbarkeit<\/p>\n<\/li>\n<li class=\"\" data-start=\"4120\" data-end=\"4185\">\n<p class=\"\" data-start=\"4122\" data-end=\"4185\">Hartgeformte Kn\u00f6chelprotektoren f\u00fcr hohe Sto\u00dffestigkeit<\/p>\n<\/li>\n<li class=\"\" data-start=\"4186\" data-end=\"4245\">\n<p class=\"\" data-start=\"4188\" data-end=\"4245\">Verst\u00e4rkte Handfl\u00e4chenpolsterung f\u00fcr zus\u00e4tzliche Sto\u00dfd\u00e4mpfung<\/p>\n<\/li>\n<li class=\"\" data-start=\"4246\" data-end=\"4308\">\n<p class=\"\" data-start=\"4248\" data-end=\"4308\">Verl\u00e4ngerte Manschette mit Klettverschluss f\u00fcr sicheren Halt am Handgelenk<\/p>\n<\/li>\n<li class=\"\" data-start=\"4309\" data-end=\"4364\">\n<p class=\"\" data-start=\"4311\" data-end=\"4364\">Mehrere Farboptionen: Schwarz, Rot, Gr\u00fcn und Blau<\/p>\n<\/li>\n<li class=\"\" data-start=\"4365\" data-end=\"4429\">\n<p class=\"\" data-start=\"4367\" data-end=\"4429\">Atmungsaktive Perforationen f\u00fcr Bel\u00fcftung und Schwei\u00dfmanagement<\/p>\n<\/li>\n<li class=\"\" data-start=\"4430\" data-end=\"4496\">\n<p class=\"\" data-start=\"4432\" data-end=\"4496\">Vorgekr\u00fcmmtes Fingerdesign f\u00fcr weniger Erm\u00fcdung und bessere Kontrolle<\/p>\n<\/li>\n<li class=\"\" data-start=\"4497\" data-end=\"4554\">\n<p class=\"\" data-start=\"4499\" data-end=\"4554\">Strapazierf\u00e4hige N\u00e4hte f\u00fcr lange Lebensdauer und robusten Einsatz<\/p>\n<\/li>\n<li class=\"\" data-start=\"4555\" data-end=\"4620\">\n<p class=\"\" data-start=\"4557\" data-end=\"4620\">Elegantes und aggressives Design f\u00fcr alle Arten von Fahrr\u00e4dern geeignet<\/p>\n<\/li>\n<li class=\"\" data-start=\"4621\" data-end=\"4690\">\n<p class=\"\" data-start=\"4623\" data-end=\"4690\">Perfekt f\u00fcr Rennen, Touren, Stadtverkehr und Abenteuerfahrten<\/p>\n<\/li>\n<\/ul>\n<p class=\"\" data-start=\"4692\" data-end=\"4723\"><strong data-start=\"4692\" data-end=\"4721\">Technische Daten:<\/strong><\/p>\n<ul data-start=\"4724\" data-end=\"5061\">\n<li class=\"\" data-start=\"4724\" data-end=\"4769\">\n<p class=\"\" data-start=\"4726\" data-end=\"4769\">Material: 100% Premium-Vollnarbenleder<\/p>\n<\/li>\n<li class=\"\" data-start=\"4770\" data-end=\"4842\">\n<p class=\"\" data-start=\"4772\" data-end=\"4842\">Schutz: Harter Kn\u00f6chelprotektor, gepolsterte Handfl\u00e4chen, verst\u00e4rkte Finger<\/p>\n<\/li>\n<li class=\"\" data-start=\"4843\" data-end=\"4900\">\n<p class=\"\" data-start=\"4845\" data-end=\"4900\">Bel\u00fcftung: Strategische Perforationen f\u00fcr Atmungsaktivit\u00e4t<\/p>\n<\/li>\n<li class=\"\" data-start=\"4901\" data-end=\"4946\">\n<p class=\"\" data-start=\"4903\" data-end=\"4946\">Verf\u00fcgbare Farben: Schwarz, Rot, Gr\u00fcn, Blau<\/p>\n<\/li>\n<li class=\"\" data-start=\"4947\" data-end=\"4984\">\n<p class=\"\" data-start=\"4949\" data-end=\"4984\">Verf\u00fcgbare Gr\u00f6\u00dfen: S, M, L, XL, XXL<\/p>\n<\/li>\n<li class=\"\" data-start=\"4985\" data-end=\"5026\">\n<p class=\"\" data-start=\"4987\" data-end=\"5026\">Verschluss-Typ: Verstellbarer Klettverschlussriemen<\/p>\n<\/li>\n<li class=\"\" data-start=\"5027\" data-end=\"5061\">\n<p class=\"\" data-start=\"5029\" data-end=\"5061\">Geschlecht: Unisex (M\u00e4nner und Frauen)<\/p>\n<\/li>\n<\/ul>\n<p class=\"\" data-start=\"5063\" data-end=\"5311\">W\u00e4hlen Sie <strong data-start=\"5070\" data-end=\"5104\">Ryinz Motorrad-Rennhandschuhe<\/strong> um Ihr Fahrerlebnis mit maximaler Sicherheit, erstklassigem Komfort und un\u00fcbertroffenem Stil zu verbessern. Perfekt f\u00fcr leidenschaftliche Motorradfahrer, die mehr von ihrer Ausr\u00fcstung verlangen. Ryinz - wo Leistung auf Schutz trifft.<\/p>","protected":false},"excerpt":{"rendered":"<h4><strong>Entwickelt f\u00fcr Leistung und Komfort<\/strong><\/h4>\n<ul>\n<li>\n<p class=\"ds-markdown-paragraph\"><strong>Vorgekr\u00fcmmtes Fingerdesign:<\/strong>\u00a0Anatomisch geformt, um die Erm\u00fcdung der Hand zu verringern und\u00a0<strong>nat\u00fcrlicher Griff am Lenker<\/strong>\u00a0ohne Anstrengung.<\/p>\n<\/li>\n<li>\n<p class=\"ds-markdown-paragraph\"><strong>Perforierte Flex-Zonen:<\/strong>\u00a0Lasergeschnittene Bel\u00fcftungseins\u00e4tze an Fingern und Oberhand verbessern die Luftzirkulation und verhindern Schwei\u00dfbildung bei intensiven Fahrten.<\/p>\n<\/li>\n<li>\n<p class=\"ds-markdown-paragraph\"><strong>Anti-Rutsch-Handgriff:<\/strong>\u00a0<strong>Silikon-Mikrodruck oder hochwertige Wildlederaufn\u00e4her<\/strong>\u00a0verbessern die Reibung f\u00fcr eine pr\u00e4zise Gas- und Bremssteuerung, auch bei N\u00e4sse.<\/p>\n<\/li>\n<li>\n<p class=\"ds-markdown-paragraph\"><strong>Touchscreen-kompatibler Zeigefinger und Daumen:<\/strong>\u00a0Bleiben Sie in Verbindung, ohne die Handschuhe ausziehen zu m\u00fcssen - ideal f\u00fcr GPS-Navigation oder die schnelle Nutzung des Telefons.<\/p>\n<\/li>\n<li>\n<p class=\"ds-markdown-paragraph\"><strong>Verstellbarer Manschettenverschlu\u00df:<\/strong>\u00a0A\u00a0<strong>breites, sicheres Handgelenkband<\/strong>\u00a0mit verst\u00e4rkten N\u00e4hten verhindert ein Verrutschen und erm\u00f6glicht ein einfaches An- und Ausziehen.<\/p>\n<\/li>\n<\/ul>","protected":false},"featured_media":9023,"comment_status":"closed","ping_status":"closed","template":"","meta":[],"product_brand":[35],"product_cat":[1111,122],"product_tag":[133],"class_list":{"0":"post-8978","1":"product","2":"type-product","3":"status-publish","4":"has-post-thumbnail","6":"product_brand-ryinz","7":"product_cat-motorbike","8":"product_cat-motorbike-racing-gloves","9":"product_tag-tpu-knuckle-protection","11":"first","12":"instock","13":"taxable","14":"shipping-taxable","15":"purchasable","16":"product-type-simple"},"_links":{"self":[{"href":"https:\/\/ryinz.cz\/velkoobchod\/de\/wp-json\/wp\/v2\/product\/8978","targetHints":{"allow":["GET"]}}],"collection":[{"href":"https:\/\/ryinz.cz\/velkoobchod\/de\/wp-json\/wp\/v2\/product"}],"about":[{"href":"https:\/\/ryinz.cz\/velkoobchod\/de\/wp-json\/wp\/v2\/types\/product"}],"replies":[{"embeddable":true,"href":"https:\/\/ryinz.cz\/velkoobchod\/de\/wp-json\/wp\/v2\/comments?post=8978"}],"wp:featuredmedia":[{"embeddable":true,"href":"https:\/\/ryinz.cz\/velkoobchod\/de\/wp-json\/wp\/v2\/media\/9023"}],"wp:attachment":[{"href":"https:\/\/ryinz.cz\/velkoobchod\/de\/wp-json\/wp\/v2\/media?parent=8978"}],"wp:term":[{"taxonomy":"product_brand","embeddable":true,"href":"https:\/\/ryinz.cz\/velkoobchod\/de\/wp-json\/wp\/v2\/product_brand?post=8978"},{"taxonomy":"product_cat","embeddable":true,"href":"https:\/\/ryinz.cz\/velkoobchod\/de\/wp-json\/wp\/v2\/product_cat?post=8978"},{"taxonomy":"product_tag","embeddable":true,"href":"https:\/\/ryinz.cz\/velkoobchod\/de\/wp-json\/wp\/v2\/product_tag?post=8978"}],"curies":[{"name":"wp","href":"https:\/\/api.w.org\/{rel}","templated":true}]}}