{"id":8977,"date":"2025-08-26T11:48:33","date_gmt":"2025-08-26T11:48:33","guid":{"rendered":"https:\/\/ryinz.cz\/velkoobchod\/?post_type=product&#038;p=8977"},"modified":"2026-01-18T20:17:11","modified_gmt":"2026-01-18T20:17:11","slug":"ryinz-voll-schutz-kohlefaser-motorrad-rennhandschuhe-premium-hersteller-und-groshandel-lieferant","status":"publish","type":"product","link":"https:\/\/ryinz.cz\/velkoobchod\/de\/product\/ryinz-full-protection-carbon-fiber-motorcycle-racing-gloves-premium-manufacturer-and-wholesale-supplier\/","title":{"rendered":"RYINZ Full Protection Carbon Fiber Motorrad-Rennhandschuhe - Premium Hersteller und Gro\u00dfhandelslieferant"},"content":{"rendered":"<p class=\"\" data-start=\"720\" data-end=\"1070\">Einf\u00fchrung in die <strong data-start=\"736\" data-end=\"799\">RYINZ Full Protection Carbon Fiber Motorrad-Rennhandschuhe<\/strong>, ist die ultimative Wahl f\u00fcr Motorradenthusiasten, die ein H\u00f6chstma\u00df an Leistung, Komfort und Sicherheit verlangen. Mit modernster Technologie und hochwertigen Materialien gebaut, sind diese Handschuhe f\u00fcr Rennen, Sportfahren, Touren und aggressives Fahren auf der Stra\u00dfe zugeschnitten.<\/p>\n<p class=\"\" data-start=\"1072\" data-end=\"1443\">Diese Motorradhandschuhe sind aus einer Mischung aus hochwertigem Echtleder und strapazierf\u00e4higem Mesh-Gewebe gefertigt und bieten ein perfektes Gleichgewicht aus Schutz und Atmungsaktivit\u00e4t. Die Kn\u00f6chelprotektoren aus Karbonfaser sch\u00fctzen Ihre H\u00e4nde bei Hochgeschwindigkeitsfahrten vor St\u00f6\u00dfen und Sch\u00fcrfwunden, w\u00e4hrend die verst\u00e4rkten Handfl\u00e4chenbereiche selbst bei N\u00e4sse f\u00fcr au\u00dfergew\u00f6hnlichen Grip und Kontrolle sorgen.<\/p>\n<p class=\"\" data-start=\"1445\" data-end=\"1846\">Die Handschuhe sind mit einer vorgekr\u00fcmmten Fingerstruktur ausgestattet, die eine nat\u00fcrliche und erm\u00fcdungsfreie Fahrposition gew\u00e4hrleistet. Mit zus\u00e4tzlicher Flexibilit\u00e4t in den Gelenken und einer ma\u00dfgeschneiderten Passform erm\u00f6glichen die RYINZ Full Protection Racing Gloves eine uneingeschr\u00e4nkte Handbewegung f\u00fcr optimales Bike-Handling. Jeder Handschuh verf\u00fcgt \u00fcber strategisch platzierte Bel\u00fcftungseins\u00e4tze, die daf\u00fcr sorgen, dass Ihre H\u00e4nde w\u00e4hrend der Fahrt k\u00fchl und trocken bleiben.<\/p>\n<p class=\"\" data-start=\"1848\" data-end=\"2215\">Die fortschrittliche Kn\u00f6chelpanzerung aus Karbonfaser und die Fingerprotektoren sch\u00fctzen kritische Bereiche, ohne die Flexibilit\u00e4t zu beeintr\u00e4chtigen. Die verst\u00e4rkte Polsterung in der Handfl\u00e4che und an stark beanspruchten Stellen bietet zus\u00e4tzliche Sto\u00dfd\u00e4mpfung und reduziert die Erm\u00fcdung durch Vibrationen bei langen Fahrten. Die doppelt gen\u00e4hten N\u00e4hte verbessern die Haltbarkeit und machen diese Handschuhe zu einer Investition, die Saison f\u00fcr Saison h\u00e4lt.<\/p>\n<p class=\"\" data-start=\"2217\" data-end=\"2500\">Ein verstellbarer Klettverschluss am Handgelenk sorgt f\u00fcr einen sicheren Sitz und verhindert, dass die Handschuhe bei aggressiven Fahrman\u00f6vern verrutschen oder sich lockern. Diese Handschuhe sind auch Touchscreen-kompatibel, so dass Sie Smartphones, GPS-Ger\u00e4te und digitale Ger\u00e4te bedienen k\u00f6nnen, ohne die Handschuhe ausziehen zu m\u00fcssen.<\/p>\n<p class=\"\" data-start=\"2502\" data-end=\"2778\">Unter <strong data-start=\"2505\" data-end=\"2514\">RYINZ<\/strong>, sind wir bestrebt, au\u00dfergew\u00f6hnliche Qualit\u00e4t und Leistung zu liefern. Unsere Handschuhe werden von Experten entworfen und unter strengen Qualit\u00e4tskontrollstandards hergestellt, um die Anforderungen von professionellen Fahrern, Rennsport-Enthusiasten, Pendlern und Abenteuersuchern gleicherma\u00dfen zu erf\u00fcllen.<\/p>\n<p class=\"\" data-start=\"2780\" data-end=\"3112\">Egal, ob Sie auf Stadtstra\u00dfen, Autobahnen, Feldwegen oder professionellen Rennstrecken unterwegs sind, der <strong data-start=\"2879\" data-end=\"2942\">RYINZ Full Protection Carbon Fiber Motorrad-Rennhandschuhe<\/strong> sind gebaut, um zu sch\u00fctzen, zu leisten und zu beeindrucken. Dominieren Sie Ihre Fahrt mit \u00fcberlegenem Schutz, ergonomischem Komfort und einem stilvollen Racing-Look, der Sie von der Masse abhebt.<\/p>\n<p class=\"\" data-start=\"3114\" data-end=\"3440\">Dieses Paar Motorradhandschuhe ist ideal f\u00fcr Superbike-Fahrer, Motocross-Rennfahrer, Offroad-Abenteurer, Tourenbiker und Stunt-Performer. Sie sind perfekt f\u00fcr Fahrten im Sommer, milde Pendlerfahrten im Winter und wettbewerbsf\u00e4hige Rennveranstaltungen. Jede Naht, jedes Material und jedes Designelement wurde mit Blick auf die Erfahrung und Sicherheit des Fahrers entwickelt.<\/p>\n<p class=\"\" data-start=\"3442\" data-end=\"3580\">Vertrauen Sie auf RYINZ - die bevorzugte Wahl von Fahrern auf der ganzen Welt - um Ihnen Handschuhe zu bieten, die so stark sind wie Ihre Leidenschaft f\u00fcr die offene Stra\u00dfe.<\/p>\n<hr class=\"\" data-start=\"3582\" data-end=\"3585\" \/>\n<h3 class=\"\" data-start=\"3587\" data-end=\"3610\"><strong data-start=\"3591\" data-end=\"3608\">Wesentliche Merkmale:<\/strong><\/h3>\n<ul data-start=\"3611\" data-end=\"4457\">\n<li class=\"\" data-start=\"3611\" data-end=\"3668\">\n<p class=\"\" data-start=\"3613\" data-end=\"3668\">Hochwertiges Echtleder kombiniert mit atmungsaktivem Mesh<\/p>\n<\/li>\n<li class=\"\" data-start=\"3669\" data-end=\"3734\">\n<p class=\"\" data-start=\"3671\" data-end=\"3734\">Kn\u00f6chelprotektoren aus Kohlefaser f\u00fcr maximale Sto\u00dffestigkeit<\/p>\n<\/li>\n<li class=\"\" data-start=\"3735\" data-end=\"3795\">\n<p class=\"\" data-start=\"3737\" data-end=\"3795\">Verst\u00e4rkte Lederhandfl\u00e4che f\u00fcr verbesserte Griffigkeit und Haltbarkeit<\/p>\n<\/li>\n<li class=\"\" data-start=\"3796\" data-end=\"3844\">\n<p class=\"\" data-start=\"3798\" data-end=\"3844\">Vorgekr\u00fcmmtes Fingerdesign f\u00fcr weniger Erm\u00fcdung<\/p>\n<\/li>\n<li class=\"\" data-start=\"3845\" data-end=\"3892\">\n<p class=\"\" data-start=\"3847\" data-end=\"3892\">Bel\u00fcftete Mesh-Eins\u00e4tze f\u00fcr optimale Luftzirkulation<\/p>\n<\/li>\n<li class=\"\" data-start=\"3893\" data-end=\"3947\">\n<p class=\"\" data-start=\"3895\" data-end=\"3947\">Sto\u00dfd\u00e4mpfende Handfl\u00e4chenpolsterung zur Minimierung von Vibrationen<\/p>\n<\/li>\n<li class=\"\" data-start=\"3948\" data-end=\"4006\">\n<p class=\"\" data-start=\"3950\" data-end=\"4006\">Doppelt gen\u00e4hte N\u00e4hte f\u00fcr zus\u00e4tzliche Festigkeit und Langlebigkeit<\/p>\n<\/li>\n<li class=\"\" data-start=\"4007\" data-end=\"4071\">\n<p class=\"\" data-start=\"4009\" data-end=\"4071\">Verstellbarer Klettverschluss am Handgelenk f\u00fcr eine sichere, individuelle Passform<\/p>\n<\/li>\n<li class=\"\" data-start=\"4072\" data-end=\"4125\">\n<p class=\"\" data-start=\"4074\" data-end=\"4125\">Touchscreen-kompatible Fingerspitzen f\u00fcr mehr Komfort<\/p>\n<\/li>\n<li class=\"\" data-start=\"4126\" data-end=\"4169\">\n<p class=\"\" data-start=\"4128\" data-end=\"4169\">Leichte und dennoch robuste Konstruktion<\/p>\n<\/li>\n<li class=\"\" data-start=\"4170\" data-end=\"4224\">\n<p class=\"\" data-start=\"4172\" data-end=\"4224\">Entwickelt f\u00fcr professionelle Rennfahrer und Stra\u00dfenrennfahrer<\/p>\n<\/li>\n<li class=\"\" data-start=\"4225\" data-end=\"4289\">\n<p class=\"\" data-start=\"4227\" data-end=\"4289\">Geeignet f\u00fcr Motocross, Superbike, Touring und Stuntfahren<\/p>\n<\/li>\n<li class=\"\" data-start=\"4290\" data-end=\"4338\">\n<p class=\"\" data-start=\"4292\" data-end=\"4338\">Hohe Abriebfestigkeit und Rei\u00dffestigkeit<\/p>\n<\/li>\n<li class=\"\" data-start=\"4339\" data-end=\"4392\">\n<p class=\"\" data-start=\"4341\" data-end=\"4392\">Elegantes, aggressives Design f\u00fcr einen erstklassigen Rennlook<\/p>\n<\/li>\n<li class=\"\" data-start=\"4393\" data-end=\"4457\">\n<p class=\"\" data-start=\"4395\" data-end=\"4457\">Hergestellt unter strengen Qualit\u00e4tskontrollen, um hervorragende Qualit\u00e4t zu gew\u00e4hrleisten<\/p>\n<\/li>\n<\/ul>","protected":false},"excerpt":{"rendered":"<h3 class=\"\" data-start=\"3587\" data-end=\"3610\"><strong data-start=\"3591\" data-end=\"3608\">Wesentliche Merkmale:<\/strong><\/h3>\n<ul data-start=\"3611\" data-end=\"4457\">\n<li class=\"\" data-start=\"3611\" data-end=\"3668\">\n<p class=\"\" data-start=\"3613\" data-end=\"3668\">Hochwertiges Echtleder kombiniert mit atmungsaktivem Mesh<\/p>\n<\/li>\n<li class=\"\" data-start=\"3669\" data-end=\"3734\">\n<p class=\"\" data-start=\"3671\" data-end=\"3734\">Kn\u00f6chelprotektoren aus Kohlefaser f\u00fcr maximale Sto\u00dffestigkeit<\/p>\n<\/li>\n<li class=\"\" data-start=\"3735\" data-end=\"3795\">\n<p class=\"\" data-start=\"3737\" data-end=\"3795\">Verst\u00e4rkte Lederhandfl\u00e4che f\u00fcr verbesserte Griffigkeit und Haltbarkeit<\/p>\n<\/li>\n<li class=\"\" data-start=\"3796\" data-end=\"3844\">\n<p class=\"\" data-start=\"3798\" data-end=\"3844\">Vorgekr\u00fcmmtes Fingerdesign f\u00fcr weniger Erm\u00fcdung<\/p>\n<\/li>\n<li class=\"\" data-start=\"3845\" data-end=\"3892\">\n<p class=\"\" data-start=\"3847\" data-end=\"3892\">Bel\u00fcftete Mesh-Eins\u00e4tze f\u00fcr optimale Luftzirkulation<\/p>\n<\/li>\n<li class=\"\" data-start=\"3893\" data-end=\"3947\">\n<p class=\"\" data-start=\"3895\" data-end=\"3947\">Sto\u00dfd\u00e4mpfende Handfl\u00e4chenpolsterung zur Minimierung von Vibrationen<\/p>\n<\/li>\n<\/ul>","protected":false},"featured_media":9026,"comment_status":"closed","ping_status":"closed","template":"","meta":[],"product_brand":[35],"product_cat":[1111,122],"product_tag":[137,136,124],"class_list":{"0":"post-8977","1":"product","2":"type-product","3":"status-publish","4":"has-post-thumbnail","6":"product_brand-ryinz","7":"product_cat-motorbike","8":"product_cat-motorbike-racing-gloves","9":"product_tag-impact-resistant-gloves","10":"product_tag-leather-gloves","11":"product_tag-motorbike-racing-gloves","13":"first","14":"instock","15":"taxable","16":"shipping-taxable","17":"purchasable","18":"product-type-simple"},"_links":{"self":[{"href":"https:\/\/ryinz.cz\/velkoobchod\/de\/wp-json\/wp\/v2\/product\/8977","targetHints":{"allow":["GET"]}}],"collection":[{"href":"https:\/\/ryinz.cz\/velkoobchod\/de\/wp-json\/wp\/v2\/product"}],"about":[{"href":"https:\/\/ryinz.cz\/velkoobchod\/de\/wp-json\/wp\/v2\/types\/product"}],"replies":[{"embeddable":true,"href":"https:\/\/ryinz.cz\/velkoobchod\/de\/wp-json\/wp\/v2\/comments?post=8977"}],"wp:featuredmedia":[{"embeddable":true,"href":"https:\/\/ryinz.cz\/velkoobchod\/de\/wp-json\/wp\/v2\/media\/9026"}],"wp:attachment":[{"href":"https:\/\/ryinz.cz\/velkoobchod\/de\/wp-json\/wp\/v2\/media?parent=8977"}],"wp:term":[{"taxonomy":"product_brand","embeddable":true,"href":"https:\/\/ryinz.cz\/velkoobchod\/de\/wp-json\/wp\/v2\/product_brand?post=8977"},{"taxonomy":"product_cat","embeddable":true,"href":"https:\/\/ryinz.cz\/velkoobchod\/de\/wp-json\/wp\/v2\/product_cat?post=8977"},{"taxonomy":"product_tag","embeddable":true,"href":"https:\/\/ryinz.cz\/velkoobchod\/de\/wp-json\/wp\/v2\/product_tag?post=8977"}],"curies":[{"name":"wp","href":"https:\/\/api.w.org\/{rel}","templated":true}]}}