{"id":8967,"date":"2025-06-22T15:23:32","date_gmt":"2025-06-22T15:23:32","guid":{"rendered":"https:\/\/ryinz.cz\/velkoobchod\/?post_type=product&#038;p=8967"},"modified":"2026-01-18T20:17:10","modified_gmt":"2026-01-18T20:17:10","slug":"ryinz-kohlefaser-motorrad-rennhandschuhe-voll-schutz-biker-handschuhe-fur-manner-und-frauen-leichte-sportbike-reithandschuhe-erhaltlich-in-schwarz-rot-und-blau-farben","status":"publish","type":"product","link":"https:\/\/ryinz.cz\/velkoobchod\/de\/product\/ryinz-carbon-fiber-motorcycle-racing-gloves-full-protection-biker-gloves-for-men-and-women-lightweight-sportbike-riding-gloves-available-in-black-red-and-blue-colors\/","title":{"rendered":"Ryinz Carbon Fiber Motorrad-Rennhandschuhe - Vollschutz-Biker-Handschuhe f\u00fcr M\u00e4nner und Frauen - Leichte Sportbike-Handschuhe - Erh\u00e4ltlich in den Farben Schwarz, Rot und Blau"},"content":{"rendered":"<h3><strong>Ryinz Carbon Fiber Motorrad-Rennhandschuhe - Die ultimative Fusion aus Elite-Schutz, un\u00fcbertroffenem Komfort und Racing-Pr\u00e4zision<\/strong><\/h3>\n<p class=\"ds-markdown-paragraph\">F\u00fcr Fahrer, die sich weigern, Kompromisse bei\u00a0<strong>Sicherheit, Leistung oder Stil<\/strong>, die\u00a0<strong>Ryinz Carbonfaser Motorrad-Rennhandschuhe<\/strong>\u00a0sind der Gipfel der Handschutztechnik. Akribisch gefertigt f\u00fcr\u00a0<strong>professionelle Rennfahrer, Track-Day-Enthusiasten und Hochleistungs-Stra\u00dfenfahrer<\/strong>, kombinieren diese Handschuhe\u00a0<strong>Hochwertiges Leder, luft- und raumfahrttaugliche Kohlefaserpanzerung und rennerprobte Ergonomie<\/strong>\u00a0um ein unvergleichliches Fahrerlebnis zu bieten. Egal, ob Sie auf der Rennstrecke an die Grenzen gehen oder durch die Bergstra\u00dfen carven, diese Handschuhe bieten die\u00a0<strong>ultimative Balance aus Sto\u00dffestigkeit, Atmungsaktivit\u00e4t und taktiler Kontrolle<\/strong>-... damit jede Fahrt sicherer, reibungsloser und aufregender wird.<\/p>\n<hr \/>\n<h3><strong>UN\u00dcBERTROFFENER SCHUTZ: ENTWICKELT, UM EINEN UNFALL ZU \u00dcBERSTEHEN<\/strong><\/h3>\n<h4><strong>1. Kohlefaser-Exoskelett-R\u00fcstung - Leichtgewichtige, unzerbrechliche Verteidigung<\/strong><\/h4>\n<ul>\n<li>\n<p class=\"ds-markdown-paragraph\"><strong>Achsschenkelschutz aus Kohlefaser in Luft- und Raumfahrtqualit\u00e4t:<\/strong>\u00a0Im Gegensatz zu billigen Plastik- oder Thermoplastikprotektoren integriert Ryinz\u00a0<strong>echte geschmiedete Kohlefaserplatten<\/strong>\u00a0\u00fcber die Fingerkn\u00f6chel und Finger und bietet\u00a0<strong>Sto\u00dfd\u00e4mpfung in Milit\u00e4rqualit\u00e4t<\/strong>\u00a0ohne zus\u00e4tzliche Masse.<\/p>\n<\/li>\n<li>\n<p class=\"ds-markdown-paragraph\"><strong>Schutz der Fingerbr\u00fccke:<\/strong>\u00a0Verst\u00e4rkte Kohlefaserstreifen entlang der Finger verhindern\u00a0<strong>Quetschverletzungen<\/strong>\u00a0bei Hochgeschwindigkeitsrutschen, ein entscheidendes Merkmal f\u00fcr Wettk\u00e4mpfe.<\/p>\n<\/li>\n<li>\n<p class=\"ds-markdown-paragraph\"><strong>Kahnbein und Handfl\u00e4chenschieber:<\/strong>\u00a0Zus\u00e4tzliche\u00a0<strong>TPU-Gleiter (Thermoplastisches Polyurethan)<\/strong>\u00a0auf der Handfl\u00e4che reduzieren Reibungsverbrennungen und leiten die Aufprallenergie von den kritischen Knochen weg.<\/p>\n<\/li>\n<\/ul>\n<h4><strong>2. Premium-Lederkonstruktion - Abriebfestigkeit, die den Wettbewerb \u00fcberdauert<\/strong><\/h4>\n<ul>\n<li>\n<p class=\"ds-markdown-paragraph\"><strong>Top-Grain Rindsleder:<\/strong>\u00a0Handverlesen f\u00fcr seine\u00a0<strong>Rei\u00dffestigkeit und Flexibilit\u00e4t<\/strong>, und bietet im Vergleich zu synthetischen Alternativen eine \u00fcberragende Rutschfestigkeit.<\/p>\n<\/li>\n<li>\n<p class=\"ds-markdown-paragraph\"><strong>Doppellagige Handfl\u00e4chenverst\u00e4rkung:<\/strong>\u00a0Stark beanspruchte Zonen sind verst\u00e4rkt mit\u00a0<strong>extra Lederpolsterung<\/strong>\u00a0um ein Ausblasen bei l\u00e4ngeren Fahrten zu verhindern.<\/p>\n<\/li>\n<li>\n<p class=\"ds-markdown-paragraph\"><strong>Kevlar\u00ae-verst\u00e4rkte N\u00e4hte:<\/strong>\u00a0Kritische N\u00e4hte sind dreifach gen\u00e4ht mit\u00a0<strong>hitzebest\u00e4ndiger Kevlarfaden<\/strong>, Damit halten die Handschuhe auch bei einem\u00a0<strong>Hochgeschwindigkeitsrutsche<\/strong>.<\/p>\n<\/li>\n<\/ul>\n<h4><strong>3. CE-zertifizierte Sicherheit - von Fachleuten getestet und vertrauensw\u00fcrdig<\/strong><\/h4>\n<ul>\n<li>\n<p class=\"ds-markdown-paragraph\"><strong>EN 13594:2015 zertifiziert (CE Level 1 oder 2 verf\u00fcgbar):<\/strong>\u00a0Unabh\u00e4ngig getestet auf\u00a0<strong>Abrieb-, Rei\u00df- und Sto\u00dffestigkeit<\/strong>, und erf\u00fcllt die strengsten europ\u00e4ischen Sicherheitsnormen.<\/p>\n<\/li>\n<li>\n<p class=\"ds-markdown-paragraph\"><strong>Sicheres Handgelenk-Schloss-System:<\/strong>\u00a0A\u00a0<strong>breiter, verstellbarer Klettverschlussriemen<\/strong>\u00a0kombiniert mit einer\u00a0<strong>Doppelverschluss-Manschette<\/strong>\u00a0verhindert, dass der Handschuh bei einem Sturz abrollt.<\/p>\n<\/li>\n<\/ul>\n<hr \/>\n<h3><strong>RENNOPTIMIERTER KOMFORT: K\u00dcHL BLEIBEN, DIE KONTROLLE BEHALTEN<\/strong><\/h3>\n<h4><strong>1. Fortschrittliche Bel\u00fcftung - keine schwitzigen, glitschigen H\u00e4nde mehr<\/strong><\/h4>\n<ul>\n<li>\n<p class=\"ds-markdown-paragraph\"><strong>3D-Mesh-Paneele:<\/strong>\u00a0Strategisch platziert\u00a0<strong>Hochstromnetz<\/strong>\u00a0auf der Oberhand und den Fingern maximiert den Luftstrom und reduziert den Hitzestau bei aggressivem Fahren.<\/p>\n<\/li>\n<li>\n<p class=\"ds-markdown-paragraph\"><strong>Lasergeschnittene Perforationen:<\/strong>\u00a0Mikroperforationen in der Handfl\u00e4che und an den Fingern\u00a0<strong>Schwei\u00df schneller abtransportieren 40%<\/strong>\u00a0als herk\u00f6mmliche Handschuhe, damit Sie unter allen Bedingungen einen sicheren Griff haben.<\/p>\n<\/li>\n<\/ul>\n<h4><strong>2. Ergonomisches Pre-Curved Design - L\u00e4nger fahren, st\u00e4rker fahren<\/strong><\/h4>\n<ul>\n<li>\n<p class=\"ds-markdown-paragraph\"><strong>Anatomisch geformte Finger:<\/strong>\u00a0Vorgekr\u00fcmmt, passend zum\u00a0<strong>nat\u00fcrliche Griffhaltung<\/strong>, Dadurch wird die Erm\u00fcdung der Muskeln bei langen Fahrten verringert.<\/p>\n<\/li>\n<li>\n<p class=\"ds-markdown-paragraph\"><strong>Gelenkte Fingergelenke:<\/strong>\u00a0Flexibel\u00a0<strong>Akkordeon-Stretch-Paneele<\/strong>\u00a0zwischen den Fingerkn\u00f6cheln erm\u00f6glichen volle Fingerfertigkeit f\u00fcr\u00a0<strong>Bremsen, Schalten und Kupplungssteuerung<\/strong>.<\/p>\n<\/li>\n<\/ul>\n<h4><strong>3. Verbesserte Griffigkeit und taktiles Feedback - Dominieren Sie jede Ecke<\/strong><\/h4>\n<ul>\n<li>\n<p class=\"ds-markdown-paragraph\"><strong>Silikon-Micro-Dot-Handgriff:<\/strong>\u00a0A\u00a0<strong>propriet\u00e4res, strukturiertes Silikonmuster<\/strong>\u00a0erh\u00f6ht die Reibung um\u00a0<strong>30%<\/strong>, und gew\u00e4hrleistet absolute Kontrolle bei nassen oder trockenen Bedingungen.<\/p>\n<\/li>\n<li>\n<p class=\"ds-markdown-paragraph\"><strong>Touchscreen-kompatible Fingerspitzen:<\/strong>\u00a0Streichen, zoomen und navigieren Sie, ohne Ihre Handschuhe ausziehen zu m\u00fcssen - ideal f\u00fcr GPS-Anpassungen w\u00e4hrend der Fahrt.<\/p>\n<\/li>\n<\/ul>\n<hr \/>\n<h3><strong>STILVOLL, ANPASSBAR UND LANGLEBIG<\/strong><\/h3>\n<ul>\n<li>\n<p class=\"ds-markdown-paragraph\"><strong>3 aufmerksamkeitsstarke Farbvarianten:<\/strong>\u00a0W\u00e4hlen Sie aus\u00a0<strong>Stealth Black, Racing Red, oder Electric Blue<\/strong>-jeweils mit\u00a0<strong>reflektierendes Ryinz-Branding<\/strong>\u00a0f\u00fcr die Sichtbarkeit in der Nacht.<\/p>\n<\/li>\n<li>\n<p class=\"ds-markdown-paragraph\"><strong>Schlankes, renntaugliches Profil:<\/strong>\u00a0Im Gegensatz zu sperrigen Touring-Handschuhen behalten diese\u00a0<strong>Passform mit geringem Volumen<\/strong>\u00a0f\u00fcr eine nahtlose Integration mit den Bedienelementen Ihres Fahrrads.<\/p>\n<\/li>\n<li>\n<p class=\"ds-markdown-paragraph\"><strong>Altert wie feines Leder:<\/strong>\u00a0Vollnarbiges Leder\u00a0<strong>erweicht und passt sich Ihren H\u00e4nden an<\/strong>\u00a0im Laufe der Zeit noch komfortabler werden.<\/p>\n<\/li>\n<\/ul>\n<hr \/>\n<h3><strong>F\u00dcR WEN SIND DIESE HANDSCHUHE GEDACHT?<\/strong><\/h3>\n<p class=\"ds-markdown-paragraph\">\u2714\u00a0<strong>Trackday-Krieger<\/strong>\u00a0- FIA-konformer Schutz f\u00fcr den Wettbewerbseinsatz.<\/p>\n<p>\u2714\u00a0<strong>Sportbike- und Superbike-Fahrer<\/strong>\u00a0- Pr\u00e4zise Kontrolle f\u00fcr aggressives Fahren auf der Stra\u00dfe.<\/p>\n<p>\u2714\u00a0<strong>Abenteuer-Touristen<\/strong>\u00a0- Langstreckenkomfort mit crashsicherer Haltbarkeit.<\/p>\n<p>\u2714\u00a0<strong>Cafe Racer &amp; Custom Build Enthusiasten<\/strong>\u00a0- Elegante \u00c4sthetik trifft auf Sicherheit auf Profi-Niveau.<\/p>\n<hr \/>\n<h3><strong>WARUM RYINZ SICH VON ANDEREN ABHEBT<\/strong><\/h3>\n<ul>\n<li>\n<p class=\"ds-markdown-paragraph\"><strong>Entwickelt mit Pro Racers:<\/strong>\u00a0Gepr\u00fcft in\u00a0<strong>MotoGP-inspirierte Bedingungen<\/strong>\u00a0f\u00fcr die Leistung in der realen Welt.<\/p>\n<\/li>\n<li>\n<p class=\"ds-markdown-paragraph\"><strong>Keine Einlaufphase:<\/strong>\u00a0Im Gegensatz zu steifen Rennhandschuhen sind diese\u00a0<strong>bequem vom ersten Tragen an<\/strong>.<\/p>\n<\/li>\n<li>\n<p class=\"ds-markdown-paragraph\"><strong>5-Jahres-Garantie f\u00fcr die Haltbarkeit:<\/strong>\u00a0Wir stehen hinter unserer Handwerkskunst - kein Ausfransen, kein Abbl\u00e4ttern, keine Kompromisse.<\/p>\n<\/li>\n<\/ul>\n<p class=\"ds-markdown-paragraph\"><strong>\u201cDas sind nicht nur Handschuhe - sie sind Ihre letzte Verteidigungslinie bei 180 MPH.\u201d<\/strong><\/p>","protected":false},"excerpt":{"rendered":"<p><strong>Ryinz Carbon Fiber Racing Handschuhe<\/strong>\u00a0-\u00a0<strong>CE-zertifiziert<\/strong>\u00a0Bahntaugliche Handschuhe mit\u00a0<strong>geschmiedete Kohlefaserpanzerung, hochwertiges Leder und 3D-Mesh-Bel\u00fcftung<\/strong>. Entwickelt f\u00fcr\u00a0<strong>Aufprallschutz auf Profi-Niveau, keine Schwei\u00dfbildung und ultrapr\u00e4ziser Griff<\/strong>. Verf\u00fcgbar in\u00a0<strong>Schwarz, Rot &amp; Blau<\/strong>.\u00a0<strong>Fahre hart. Ride Protected.<\/strong><\/p>\n<p class=\"\" data-start=\"2346\" data-end=\"2365\"><strong data-start=\"2346\" data-end=\"2363\">Wesentliche Merkmale:<\/strong><\/p>\n<ul data-start=\"2366\" data-end=\"3260\">\n<li class=\"\" data-start=\"2366\" data-end=\"2453\">\n<p class=\"\" data-start=\"2368\" data-end=\"2453\"><strong data-start=\"2368\" data-end=\"2401\">Premium Leder Konstruktion:<\/strong> Hochfestes Leder f\u00fcr Haltbarkeit und Komfort.<\/p>\n<\/li>\n<li class=\"\" data-start=\"2454\" data-end=\"2550\">\n<p class=\"\" data-start=\"2456\" data-end=\"2550\"><strong data-start=\"2456\" data-end=\"2479\">Kohlefaser-Panzerung:<\/strong> Schlagfeste Fingerkn\u00f6chel und Fingerschutz f\u00fcr mehr Sicherheit.<\/p>\n<\/li>\n<li class=\"\" data-start=\"2551\" data-end=\"2648\">\n<p class=\"\" data-start=\"2553\" data-end=\"2648\"><strong data-start=\"2553\" data-end=\"2580\">Atmungsaktives Mesh-Gewebe:<\/strong> Verbesserte Luftzirkulation, damit Ihre H\u00e4nde bei hohen Geschwindigkeiten k\u00fchl bleiben.<\/p>\n<\/li>\n<li class=\"\" data-start=\"2649\" data-end=\"2743\">\n<p class=\"\" data-start=\"2651\" data-end=\"2743\"><strong data-start=\"2651\" data-end=\"2683\">Ergonomisches, vorgekr\u00fcmmtes Design:<\/strong> Verringert die Erm\u00fcdung und sorgt f\u00fcr einen nat\u00fcrlichen Griff am Lenker.<\/p>\n<\/li>\n<li class=\"\" data-start=\"2744\" data-end=\"2827\">\n<p class=\"\" data-start=\"2746\" data-end=\"2827\"><strong data-start=\"2746\" data-end=\"2778\">Perforierte Handfl\u00e4che Bel\u00fcftung:<\/strong> Hilft, Feuchtigkeit abzutransportieren und trocken zu halten.<\/p>\n<\/li>\n<\/ul>","protected":false},"featured_media":9024,"comment_status":"closed","ping_status":"closed","template":"","meta":[],"product_brand":[35],"product_cat":[1111,122],"product_tag":[128,129,130,126,131,132,124,133,134],"class_list":{"0":"post-8967","1":"product","2":"type-product","3":"status-publish","4":"has-post-thumbnail","6":"product_brand-ryinz","7":"product_cat-motorbike","8":"product_cat-motorbike-racing-gloves","9":"product_tag-customizable-racing-gloves","10":"product_tag-eva-rubber-protection","11":"product_tag-foam-padded-gloves","12":"product_tag-gillani-gloves","13":"product_tag-goat-skin-leather-gloves","14":"product_tag-motorbike-gear","15":"product_tag-motorbike-racing-gloves","16":"product_tag-tpu-knuckle-protection","17":"product_tag-velcro-closure-gloves","19":"first","20":"instock","21":"taxable","22":"shipping-taxable","23":"purchasable","24":"product-type-simple"},"_links":{"self":[{"href":"https:\/\/ryinz.cz\/velkoobchod\/de\/wp-json\/wp\/v2\/product\/8967","targetHints":{"allow":["GET"]}}],"collection":[{"href":"https:\/\/ryinz.cz\/velkoobchod\/de\/wp-json\/wp\/v2\/product"}],"about":[{"href":"https:\/\/ryinz.cz\/velkoobchod\/de\/wp-json\/wp\/v2\/types\/product"}],"replies":[{"embeddable":true,"href":"https:\/\/ryinz.cz\/velkoobchod\/de\/wp-json\/wp\/v2\/comments?post=8967"}],"wp:featuredmedia":[{"embeddable":true,"href":"https:\/\/ryinz.cz\/velkoobchod\/de\/wp-json\/wp\/v2\/media\/9024"}],"wp:attachment":[{"href":"https:\/\/ryinz.cz\/velkoobchod\/de\/wp-json\/wp\/v2\/media?parent=8967"}],"wp:term":[{"taxonomy":"product_brand","embeddable":true,"href":"https:\/\/ryinz.cz\/velkoobchod\/de\/wp-json\/wp\/v2\/product_brand?post=8967"},{"taxonomy":"product_cat","embeddable":true,"href":"https:\/\/ryinz.cz\/velkoobchod\/de\/wp-json\/wp\/v2\/product_cat?post=8967"},{"taxonomy":"product_tag","embeddable":true,"href":"https:\/\/ryinz.cz\/velkoobchod\/de\/wp-json\/wp\/v2\/product_tag?post=8967"}],"curies":[{"name":"wp","href":"https:\/\/api.w.org\/{rel}","templated":true}]}}