{"id":8966,"date":"2025-08-26T11:48:33","date_gmt":"2025-08-26T11:48:33","guid":{"rendered":"https:\/\/ryinz.cz\/velkoobchod\/?post_type=product&#038;p=8966"},"modified":"2026-01-18T20:17:09","modified_gmt":"2026-01-18T20:17:09","slug":"ryinz-vollleder-motorrad-rennhandschuhe-premium-motorradhandschuhe-fur-manner-und-frauen-harter-knochelschutz-rennsport-performance-erhaltlich-in-rot-schwarz-weis-und-blau","status":"publish","type":"product","link":"https:\/\/ryinz.cz\/velkoobchod\/de\/product\/ryinz-full-leather-motorcycle-racing-gloves-premium-motorbike-gloves-for-men-and-women-hard-knuckle-protection-racing-performance-available-in-red-black-white-and-blue\/","title":{"rendered":"Ryinz Vollleder Motorrad-Rennhandschuhe - Premium-Motorradhandschuhe f\u00fcr M\u00e4nner und Frauen - Harter Kn\u00f6chelschutz, Racing Performance, erh\u00e4ltlich in Rot, Schwarz, Wei\u00df und Blau"},"content":{"rendered":"<p class=\"\" data-start=\"336\" data-end=\"738\">Machen Sie sich bereit f\u00fcr ultimativen Schutz und unschlagbaren Stil mit der <strong data-start=\"400\" data-end=\"447\">Ryinz Vollleder Motorrad-Rennhandschuhe<\/strong>. Diese Handschuhe wurden f\u00fcr ernsthafte Fahrer und professionelle Rennfahrer entwickelt und bieten High-End-Leistung, maximalen Schutz und \u00fcberlegenen Komfort. Ob Sie Rennen auf der Strecke fahren, auf der Autobahn cruisen oder im Gel\u00e4nde unterwegs sind, Ryinz Motorradhandschuhe halten Ihre H\u00e4nde sicher, agil und stilvoll.<\/p>\n<p class=\"\" data-start=\"740\" data-end=\"1219\">Gefertigt aus <strong data-start=\"758\" data-end=\"801\">100% Premium-Rindsleder, vollnarbig<\/strong>, gew\u00e4hrleisten diese Handschuhe au\u00dfergew\u00f6hnliche Abriebfestigkeit und Haltbarkeit. Die Lederkonstruktion garantiert nicht nur eine lange Lebensdauer, sondern passt sich auch auf nat\u00fcrliche Weise an die Form Ihrer Hand an und sorgt so f\u00fcr eine individuelle Passform. Die Handschuhe sind sorgf\u00e4ltig mit strapazierf\u00e4higen F\u00e4den gen\u00e4ht und eignen sich daher perfekt f\u00fcr die h\u00e4rtesten Fahrbedingungen. Jeder Zentimeter des Handschuhs ist so gebaut, dass er extremen Bedingungen standh\u00e4lt und Sie bei Unf\u00e4llen sch\u00fctzt.<\/p>\n<p class=\"\" data-start=\"1221\" data-end=\"1602\">Zum Schutz bieten diese Ryinz-Rennhandschuhe <strong data-start=\"1271\" data-end=\"1315\">fortschrittlicher Kn\u00f6chelpanzer aus Kohlefaser<\/strong>. Die Karbonkn\u00f6chel sch\u00fctzen Ihre H\u00e4nde vor St\u00f6\u00dfen und Kollisionen, w\u00e4hrend die verst\u00e4rkten Fingersch\u00fctzer zus\u00e4tzlichen Schutz vor den Gefahren der Stra\u00dfe bieten. Die Handschuhe verf\u00fcgen au\u00dferdem \u00fcber einen gepolsterten Schutz an den Handfl\u00e4chen, der die Vibrationen des Lenkers minimiert und St\u00f6\u00dfe im Falle eines Sturzes absorbiert.<\/p>\n<p class=\"\" data-start=\"1604\" data-end=\"1954\">Rennsport erfordert Pr\u00e4zision und Kontrolle. Deshalb bieten die Ryinz Handschuhe <strong data-start=\"1673\" data-end=\"1718\">vorgekr\u00fcmmte Finger und ergonomische Verkleidung<\/strong>. Die vorgeformte Struktur reduziert Erm\u00fcdungserscheinungen und erm\u00f6glicht eine nat\u00fcrliche Fingerbewegung f\u00fcr optimalen Halt an Gas, Bremse und Kupplung. Die Handfl\u00e4che verf\u00fcgt \u00fcber zus\u00e4tzliche Silikonverst\u00e4rkungen, die auch bei nassen Bedingungen einen hervorragenden Grip gew\u00e4hrleisten.<\/p>\n<p class=\"\" data-start=\"1956\" data-end=\"2332\">F\u00fcr den Komfort des Fahrers bieten die Ryinz Motorradhandschuhe <strong data-start=\"2007\" data-end=\"2039\">strategische L\u00fcftungspaneele<\/strong> an den Fingern und im Bereich des Handgelenks, die einen Luftstrom erm\u00f6glichen, ohne die Sicherheit zu beeintr\u00e4chtigen. Diese atmungsaktiven Designs halten Ihre H\u00e4nde k\u00fchl und trocken, auch bei sommerlichen Rennveranstaltungen oder langen Fahrten. Das schwei\u00dfableitende Innenfutter sorgt f\u00fcr zus\u00e4tzlichen Komfort und verhindert ein Ausrutschen durch verschwitzte Handfl\u00e4chen.<\/p>\n<p class=\"\" data-start=\"2334\" data-end=\"2654\">Die Handschuhe verf\u00fcgen \u00fcber eine <strong data-start=\"2353\" data-end=\"2376\">lange, erweiterte Manschette<\/strong> Design mit doppeltem Klettverschluss f\u00fcr maximalen Schutz des Handgelenks und sicheren Sitz. Der verstellbare Verschluss sorgt daf\u00fcr, dass die Handschuhe auch bei extremen Rennman\u00f6vern fest an ihrem Platz bleiben. Diese zus\u00e4tzliche Unterst\u00fctzung des Handgelenks ist entscheidend, um Verletzungen bei Hochgeschwindigkeitsunf\u00e4llen zu vermeiden.<\/p>\n<p class=\"\" data-start=\"2656\" data-end=\"3002\">Stil ist genauso wichtig wie Leistung, und die Ryinz-Rennhandschuhe entt\u00e4uschen nicht. Erh\u00e4ltlich in <strong data-start=\"2755\" data-end=\"2809\">vier auff\u00e4llige Farben - Schwarz, Wei\u00df, Rot und Blau<\/strong> - Mit diesen Handschuhen k\u00f6nnen Fahrer ihre Ausr\u00fcstung oder Fahrradfarben anpassen. Die k\u00fchnen Designs, kombiniert mit schlanken Linien und aggressiven Details, machen diese Handschuhe zu einem echten Blickfang auf und neben der Strecke.<\/p>\n<p class=\"\" data-start=\"3004\" data-end=\"3020\"><strong data-start=\"3004\" data-end=\"3018\">Ideal f\u00fcr:<\/strong><\/p>\n<ul data-start=\"3021\" data-end=\"3186\">\n<li class=\"\" data-start=\"3021\" data-end=\"3042\">\n<p class=\"\" data-start=\"3023\" data-end=\"3042\">Motorradrennen<\/p>\n<\/li>\n<li class=\"\" data-start=\"3043\" data-end=\"3063\">\n<p class=\"\" data-start=\"3045\" data-end=\"3063\">Sportradfahren<\/p>\n<\/li>\n<li class=\"\" data-start=\"3064\" data-end=\"3084\">\n<p class=\"\" data-start=\"3066\" data-end=\"3084\">Reisen auf der Autobahn<\/p>\n<\/li>\n<li class=\"\" data-start=\"3085\" data-end=\"3106\">\n<p class=\"\" data-start=\"3087\" data-end=\"3106\">Abenteuer-Touren<\/p>\n<\/li>\n<li class=\"\" data-start=\"3107\" data-end=\"3141\">\n<p class=\"\" data-start=\"3109\" data-end=\"3141\">Motocross und Dirtbike fahren<\/p>\n<\/li>\n<li class=\"\" data-start=\"3142\" data-end=\"3186\">\n<p class=\"\" data-start=\"3144\" data-end=\"3186\">Track Days und professionelle Wettbewerbe<\/p>\n<\/li>\n<\/ul>\n<p class=\"\" data-start=\"3188\" data-end=\"3426\">Jeder Ryinz-Handschuh durchl\u00e4uft strenge Qualit\u00e4tskontrollen und Praxistests, um sicherzustellen, dass er den h\u00f6chsten Sicherheitsstandards entspricht. Fahrer auf der ganzen Welt vertrauen auf Ryinz, um ihre H\u00e4nde zu sch\u00fctzen und gleichzeitig un\u00fcbertroffenen Stil, Komfort und Haltbarkeit zu bieten.<\/p>\n<p class=\"\" data-start=\"3428\" data-end=\"3592\">Wenn Sie sich f\u00fcr das Motorradfahren begeistern, gehen Sie keine Kompromisse ein. W\u00e4hlen Sie <strong data-start=\"3500\" data-end=\"3547\">Ryinz Vollleder Motorrad-Rennhandschuhe<\/strong> - entworfen f\u00fcr Gewinner, gebaut f\u00fcr Champions.<\/p>\n<hr class=\"\" data-start=\"3594\" data-end=\"3597\" \/>\n<p class=\"\" data-start=\"3599\" data-end=\"3618\"><strong data-start=\"3599\" data-end=\"3616\">Wesentliche Merkmale:<\/strong><\/p>\n<ul data-start=\"3619\" data-end=\"4039\">\n<li class=\"\" data-start=\"3619\" data-end=\"3667\">\n<p class=\"\" data-start=\"3621\" data-end=\"3667\">100% Vollnarbige Premium-Lederkonstruktion<\/p>\n<\/li>\n<li class=\"\" data-start=\"3668\" data-end=\"3703\">\n<p class=\"\" data-start=\"3670\" data-end=\"3703\">Kn\u00f6chelschutz aus Kohlefaser<\/p>\n<\/li>\n<li class=\"\" data-start=\"3704\" data-end=\"3748\">\n<p class=\"\" data-start=\"3706\" data-end=\"3748\">Verst\u00e4rkte Handfl\u00e4chenschieber f\u00fcr zus\u00e4tzliche Sicherheit<\/p>\n<\/li>\n<li class=\"\" data-start=\"3749\" data-end=\"3787\">\n<p class=\"\" data-start=\"3751\" data-end=\"3787\">Vorgekr\u00fcmmte ergonomische Fingerform<\/p>\n<\/li>\n<li class=\"\" data-start=\"3788\" data-end=\"3833\">\n<p class=\"\" data-start=\"3790\" data-end=\"3833\">Atmungsaktive Bel\u00fcftungspaneele zur K\u00fchlung<\/p>\n<\/li>\n<li class=\"\" data-start=\"3834\" data-end=\"3877\">\n<p class=\"\" data-start=\"3836\" data-end=\"3877\">Lange Manschette f\u00fcr vollst\u00e4ndigen Schutz des Handgelenks<\/p>\n<\/li>\n<li class=\"\" data-start=\"3878\" data-end=\"3924\">\n<p class=\"\" data-start=\"3880\" data-end=\"3924\">Zwei Klettverschl\u00fcsse f\u00fcr perfekten Sitz<\/p>\n<\/li>\n<li class=\"\" data-start=\"3925\" data-end=\"3964\">\n<p class=\"\" data-start=\"3927\" data-end=\"3964\">Strapazierf\u00e4hige N\u00e4hte f\u00fcr den robusten Einsatz<\/p>\n<\/li>\n<li class=\"\" data-start=\"3965\" data-end=\"3998\">\n<p class=\"\" data-start=\"3967\" data-end=\"3998\">Feuchtigkeitsableitendes Innenfutter<\/p>\n<\/li>\n<li class=\"\" data-start=\"3999\" data-end=\"4039\">\n<p class=\"\" data-start=\"4001\" data-end=\"4039\">Erh\u00e4ltlich in Schwarz, Wei\u00df, Rot, Blau<\/p>\n<\/li>\n<\/ul>\n<p class=\"\" data-start=\"4041\" data-end=\"4065\"><strong data-start=\"4041\" data-end=\"4063\">Technische Details:<\/strong><\/p>\n<ul data-start=\"4066\" data-end=\"4310\">\n<li class=\"\" data-start=\"4066\" data-end=\"4111\">\n<p class=\"\" data-start=\"4068\" data-end=\"4111\">Material: 100% Vollnarben-Rindsleder<\/p>\n<\/li>\n<li class=\"\" data-start=\"4112\" data-end=\"4175\">\n<p class=\"\" data-start=\"4114\" data-end=\"4175\">Schutz: Carbon-Kn\u00f6chel, verst\u00e4rkte Handfl\u00e4chen, Fingerpanzer<\/p>\n<\/li>\n<li class=\"\" data-start=\"4176\" data-end=\"4203\">\n<p class=\"\" data-start=\"4178\" data-end=\"4203\">Gr\u00f6\u00dfen: S, M, L, XL, XXL<\/p>\n<\/li>\n<li class=\"\" data-start=\"4204\" data-end=\"4238\">\n<p class=\"\" data-start=\"4206\" data-end=\"4238\">Geschlecht: Unisex (M\u00e4nner und Frauen)<\/p>\n<\/li>\n<li class=\"\" data-start=\"4239\" data-end=\"4274\">\n<p class=\"\" data-start=\"4241\" data-end=\"4274\">Verschluss: Doppelt verstellbarer Klettverschluss<\/p>\n<\/li>\n<li class=\"\" data-start=\"4275\" data-end=\"4310\">\n<p class=\"\" data-start=\"4277\" data-end=\"4310\">Farben: Schwarz, Rot, Wei\u00df, Blau<\/p>\n<\/li>\n<\/ul>","protected":false},"excerpt":{"rendered":"<p>Bringen Sie Ihre Rennerfahrung auf die n\u00e4chste Stufe mit Ryinz Vollleder-Motorradhandschuhen. Entwickelt f\u00fcr ernsthafte Fahrer, bieten diese Handschuhe Carbon-Schutz, Vollleder-Konstruktion, perfekte Passform und renntaugliche Leistung.<\/p>\n<p class=\"\" data-start=\"3599\" data-end=\"3618\"><strong data-start=\"3599\" data-end=\"3616\">Wesentliche Merkmale:<\/strong><\/p>\n<ul data-start=\"3619\" data-end=\"4039\">\n<li class=\"\" data-start=\"3619\" data-end=\"3667\">\n<p class=\"\" data-start=\"3621\" data-end=\"3667\">100% Vollnarbige Premium-Lederkonstruktion<\/p>\n<\/li>\n<li class=\"\" data-start=\"3668\" data-end=\"3703\">\n<p class=\"\" data-start=\"3670\" data-end=\"3703\">Kn\u00f6chelschutz aus Kohlefaser<\/p>\n<\/li>\n<li class=\"\" data-start=\"3704\" data-end=\"3748\">\n<p class=\"\" data-start=\"3706\" data-end=\"3748\">Verst\u00e4rkte Handfl\u00e4chenschieber f\u00fcr zus\u00e4tzliche Sicherheit<\/p>\n<\/li>\n<li class=\"\" data-start=\"3749\" data-end=\"3787\">\n<p class=\"\" data-start=\"3751\" data-end=\"3787\">Vorgekr\u00fcmmte ergonomische Fingerform<\/p>\n<\/li>\n<li class=\"\" data-start=\"3788\" data-end=\"3833\">\n<p class=\"\" data-start=\"3790\" data-end=\"3833\">Atmungsaktive Bel\u00fcftungspaneele zur K\u00fchlung<\/p>\n<\/li>\n<li class=\"\" data-start=\"3834\" data-end=\"3877\">\n<p class=\"\" data-start=\"3836\" data-end=\"3877\">Lange Manschette f\u00fcr vollst\u00e4ndigen Schutz des Handgelenks<\/p>\n<\/li>\n<\/ul>","protected":false},"featured_media":9021,"comment_status":"closed","ping_status":"closed","template":"","meta":[],"product_brand":[35],"product_cat":[1111,122],"product_tag":[125,126,127,123],"class_list":{"0":"post-8966","1":"product","2":"type-product","3":"status-publish","4":"has-post-thumbnail","6":"product_brand-ryinz","7":"product_cat-motorbike","8":"product_cat-motorbike-racing-gloves","9":"product_tag-environmentally-friendly-motorbike-gloves","10":"product_tag-gillani-gloves","11":"product_tag-knuckle-protection-gloves","12":"product_tag-racing-gloves","14":"first","15":"instock","16":"taxable","17":"shipping-taxable","18":"purchasable","19":"product-type-simple"},"_links":{"self":[{"href":"https:\/\/ryinz.cz\/velkoobchod\/de\/wp-json\/wp\/v2\/product\/8966","targetHints":{"allow":["GET"]}}],"collection":[{"href":"https:\/\/ryinz.cz\/velkoobchod\/de\/wp-json\/wp\/v2\/product"}],"about":[{"href":"https:\/\/ryinz.cz\/velkoobchod\/de\/wp-json\/wp\/v2\/types\/product"}],"replies":[{"embeddable":true,"href":"https:\/\/ryinz.cz\/velkoobchod\/de\/wp-json\/wp\/v2\/comments?post=8966"}],"wp:featuredmedia":[{"embeddable":true,"href":"https:\/\/ryinz.cz\/velkoobchod\/de\/wp-json\/wp\/v2\/media\/9021"}],"wp:attachment":[{"href":"https:\/\/ryinz.cz\/velkoobchod\/de\/wp-json\/wp\/v2\/media?parent=8966"}],"wp:term":[{"taxonomy":"product_brand","embeddable":true,"href":"https:\/\/ryinz.cz\/velkoobchod\/de\/wp-json\/wp\/v2\/product_brand?post=8966"},{"taxonomy":"product_cat","embeddable":true,"href":"https:\/\/ryinz.cz\/velkoobchod\/de\/wp-json\/wp\/v2\/product_cat?post=8966"},{"taxonomy":"product_tag","embeddable":true,"href":"https:\/\/ryinz.cz\/velkoobchod\/de\/wp-json\/wp\/v2\/product_tag?post=8966"}],"curies":[{"name":"wp","href":"https:\/\/api.w.org\/{rel}","templated":true}]}}