{"id":8965,"date":"2025-08-26T11:48:32","date_gmt":"2025-08-26T11:48:32","guid":{"rendered":"https:\/\/ryinz.cz\/velkoobchod\/?post_type=product&#038;p=8965"},"modified":"2026-01-18T20:17:08","modified_gmt":"2026-01-18T20:17:08","slug":"ryinz-premium-motorrad-rennhandschuhe-mit-carbonfaser-schutz","status":"publish","type":"product","link":"https:\/\/ryinz.cz\/velkoobchod\/de\/product\/ryinz-premium-motorbike-racing-gloves-with-carbon-fiber-protection\/","title":{"rendered":"RYINZ Premium-Motorrad-Rennhandschuhe mit Carbonfaser-Schutz"},"content":{"rendered":"<p class=\"\" data-start=\"592\" data-end=\"961\">Einf\u00fchrung in die <strong data-start=\"608\" data-end=\"678\">RYINZ Premium-Motorrad-Rennhandschuhe mit Carbonfaser-Schutz<\/strong>, ein revolution\u00e4res Design, das Leistung, Sicherheit und Stil f\u00fcr jeden Motorradliebhaber vereint. Diese Handschuhe sind mit Pr\u00e4zision f\u00fcr maximale Kontrolle, ultimativen Grip und unvergleichlichen Schutz entwickelt, so dass sie der perfekte Begleiter f\u00fcr Rennen, Touren und t\u00e4gliche Pendler.<\/p>\n<p class=\"\" data-start=\"963\" data-end=\"1413\">Die aus hochwertigem Echtleder gefertigten RYINZ Motorrad-Rennhandschuhe bieten \u00fcberlegene Haltbarkeit und ein luxuri\u00f6ses Gef\u00fchl. Der eingearbeitete Kn\u00f6chelschutz aus Karbonfaser sorgt daf\u00fcr, dass Ihre H\u00e4nde vor St\u00f6\u00dfen, Absch\u00fcrfungen und Verletzungen gesch\u00fctzt sind und bietet h\u00f6chste Sicherheitsstandards auf der Rennstrecke oder der Stra\u00dfe. Das innovative Design verf\u00fcgt \u00fcber atmungsaktive Perforationen, um die Luftzirkulation aufrechtzuerhalten, damit Ihre H\u00e4nde auch bei intensiven Fahrten k\u00fchl und trocken bleiben.<\/p>\n<p class=\"\" data-start=\"1415\" data-end=\"1836\">Diese Handschuhe verf\u00fcgen \u00fcber eine ergonomische, vorgekr\u00fcmmte Fingerkonstruktion, die Erm\u00fcdungserscheinungen reduziert und den Komfort bei langen Fahrten erh\u00f6ht. Die verst\u00e4rkte Handfl\u00e4chenpolsterung verbessert die Sto\u00dfd\u00e4mpfung und bietet eine hervorragende Griffkontrolle, damit Sie den Lenker unter allen Bedingungen fest im Griff haben. Das flexible Design erm\u00f6glicht eine uneingeschr\u00e4nkte Beweglichkeit der Finger, wodurch Ihre Agilit\u00e4t und Reaktionszeit auf dem Rad verbessert wird.<\/p>\n<p class=\"\" data-start=\"1838\" data-end=\"2172\">Die RYINZ Handschuhe wurden f\u00fcr moderne Fahrer entwickelt und sind mit Touchscreen-kompatiblen Fingerspitzen ausgestattet, sodass Sie Ihr Smartphone, GPS oder andere Ger\u00e4te bedienen k\u00f6nnen, ohne die Handschuhe ausziehen zu m\u00fcssen. Der verstellbare Klettverschluss am Handgelenk sorgt f\u00fcr eine sichere und individuelle Passform, bietet zus\u00e4tzlichen Halt am Handgelenk und verhindert ein Verrutschen w\u00e4hrend der Fahrt.<\/p>\n<p class=\"\" data-start=\"2174\" data-end=\"2435\">Egal, ob Sie auf der Rennstrecke, der Autobahn oder in der Stadt unterwegs sind, diese Handschuhe bieten erstklassige Leistung mit einem Schwerpunkt auf Sicherheit und Komfort. Mit ihrem schlanken und aggressiven Design sch\u00fctzen sie nicht nur, sondern werten auch Ihr Erscheinungsbild auf.<\/p>\n<p class=\"\" data-start=\"2437\" data-end=\"2821\">Unter <strong data-start=\"2440\" data-end=\"2449\">RYINZ<\/strong>, Wir wissen, dass ernsthafte Fahrer eine ernsthafte Ausr\u00fcstung brauchen. Unsere Motorrad-Rennhandschuhe werden sorgf\u00e4ltig hergestellt, um die Haltbarkeit, Flexibilit\u00e4t und Zuverl\u00e4ssigkeit zu bieten, die Sie f\u00fcr jedes Abenteuer ben\u00f6tigen. Jedes Paar wird unter Verwendung der besten Materialien und modernster Techniken nach anspruchsvollen Standards gefertigt, um selbst in den anspruchsvollsten Umgebungen eine lang anhaltende Leistung zu gew\u00e4hrleisten.<\/p>\n<p class=\"\" data-start=\"2823\" data-end=\"3140\">Diese Handschuhe sind ideal f\u00fcr Motorradrennen, Stra\u00dfenrennen, Motocross, Supermoto, Abenteuerfahrten, Sportmotorradfahren, Cruiser Biking, Stuntfahren und professionelle Rennveranstaltungen. Gebaut, um den h\u00e4rtesten Bedingungen standzuhalten, bieten sie Widerstand gegen Abnutzung, Stra\u00dfentr\u00fcmmer, Windeinwirkung und versehentliche St\u00fcrze.<\/p>\n<p class=\"\" data-start=\"3142\" data-end=\"3445\">Dank ihrer universellen Anziehungskraft werden die RYINZ Motorrad-Rennhandschuhe von Rennfahrern, Hobbyfahrern, professionellen Bikern, Pendlern und Motorradabenteurern auf der ganzen Welt geliebt. W\u00e4hlen Sie RYINZ f\u00fcr ein Fahrerlebnis, das Exzellenz, Pr\u00e4zision und Schutz verspricht - denn Ihre H\u00e4nde haben nur das Beste verdient.<\/p>\n<hr class=\"\" data-start=\"3447\" data-end=\"3450\" \/>\n<h3 class=\"\" data-start=\"3452\" data-end=\"3475\"><strong data-start=\"3456\" data-end=\"3473\">Wesentliche Merkmale:<\/strong><\/h3>\n<ul data-start=\"3476\" data-end=\"4342\">\n<li class=\"\" data-start=\"3476\" data-end=\"3526\">\n<p class=\"\" data-start=\"3478\" data-end=\"3526\">Hochwertiges Echtleder f\u00fcr maximale Haltbarkeit<\/p>\n<\/li>\n<li class=\"\" data-start=\"3527\" data-end=\"3589\">\n<p class=\"\" data-start=\"3529\" data-end=\"3589\">Kn\u00f6chelschutz aus Kohlefaser f\u00fcr hervorragenden Aufprallschutz<\/p>\n<\/li>\n<li class=\"\" data-start=\"3590\" data-end=\"3646\">\n<p class=\"\" data-start=\"3592\" data-end=\"3646\">Atmungsaktives, perforiertes Design f\u00fcr optimale Bel\u00fcftung<\/p>\n<\/li>\n<li class=\"\" data-start=\"3647\" data-end=\"3697\">\n<p class=\"\" data-start=\"3649\" data-end=\"3697\">Vorgekr\u00fcmmte ergonomische Finger f\u00fcr weniger Erm\u00fcdung<\/p>\n<\/li>\n<li class=\"\" data-start=\"3698\" data-end=\"3760\">\n<p class=\"\" data-start=\"3700\" data-end=\"3760\">Sto\u00dfd\u00e4mpfende Handfl\u00e4chenpolsterung f\u00fcr besseren Halt und Komfort<\/p>\n<\/li>\n<li class=\"\" data-start=\"3761\" data-end=\"3821\">\n<p class=\"\" data-start=\"3763\" data-end=\"3821\">Verstellbarer Klettverschluss am Handgelenk f\u00fcr sicheren, individuellen Sitz<\/p>\n<\/li>\n<li class=\"\" data-start=\"3822\" data-end=\"3875\">\n<p class=\"\" data-start=\"3824\" data-end=\"3875\">Touchscreen-kompatible Fingerspitzen f\u00fcr mehr Komfort<\/p>\n<\/li>\n<li class=\"\" data-start=\"3876\" data-end=\"3935\">\n<p class=\"\" data-start=\"3878\" data-end=\"3935\">Schlankes, aggressives Design, geeignet f\u00fcr Profifahrer<\/p>\n<\/li>\n<li class=\"\" data-start=\"3936\" data-end=\"3995\">\n<p class=\"\" data-start=\"3938\" data-end=\"3995\">Verst\u00e4rkte N\u00e4hte f\u00fcr zus\u00e4tzliche St\u00e4rke und Zuverl\u00e4ssigkeit<\/p>\n<\/li>\n<li class=\"\" data-start=\"3996\" data-end=\"4060\">\n<p class=\"\" data-start=\"3998\" data-end=\"4060\">Geeignet f\u00fcr Rennen, Touren, Pendler- und Abenteuerfahrten<\/p>\n<\/li>\n<li class=\"\" data-start=\"4061\" data-end=\"4116\">\n<p class=\"\" data-start=\"4063\" data-end=\"4116\">Widerstandsf\u00e4hig gegen Abrieb, Stra\u00dfenschmutz und Windchill<\/p>\n<\/li>\n<li class=\"\" data-start=\"4117\" data-end=\"4168\">\n<p class=\"\" data-start=\"4119\" data-end=\"4168\">Leichte und dennoch stark sch\u00fctzende Konstruktion<\/p>\n<\/li>\n<li class=\"\" data-start=\"4169\" data-end=\"4230\">\n<p class=\"\" data-start=\"4171\" data-end=\"4230\">Pr\u00e4zisionsgefertigt f\u00fcr Profi- und Freizeitbiker<\/p>\n<\/li>\n<li class=\"\" data-start=\"4231\" data-end=\"4289\">\n<p class=\"\" data-start=\"4233\" data-end=\"4289\">Flexibel und reaktionsschnell f\u00fcr bessere Kontrolle \u00fcber das Fahrrad<\/p>\n<\/li>\n<li class=\"\" data-start=\"4290\" data-end=\"4342\">\n<p class=\"\" data-start=\"4292\" data-end=\"4342\">Ideal f\u00fcr alle Jahreszeiten, auch f\u00fcr den Einsatz im milden Winter<\/p>\n<\/li>\n<\/ul>","protected":false},"excerpt":{"rendered":"<p>Erleben Sie unschlagbaren Schutz und Komfort mit den RYINZ Premium-Motorrad-Rennhandschuhen. Mit Kn\u00f6chelschutz aus Karbonfaser, Premium-Lederkonstruktion und einer ergonomischen Passform sind diese Handschuhe f\u00fcr Fahrer gemacht, die Leistung, Sicherheit und Stil verlangen. Perfekt f\u00fcr Rennen, Streetbiking, Touren und t\u00e4gliche Fahrten.<\/p>\n<h3 class=\"\" data-start=\"3452\" data-end=\"3475\"><strong data-start=\"3456\" data-end=\"3473\">Wesentliche Merkmale:<\/strong><\/h3>\n<ul data-start=\"3476\" data-end=\"4342\">\n<li class=\"\" data-start=\"3476\" data-end=\"3526\">\n<p class=\"\" data-start=\"3478\" data-end=\"3526\">Hochwertiges Echtleder f\u00fcr maximale Haltbarkeit<\/p>\n<\/li>\n<li class=\"\" data-start=\"3476\" data-end=\"3526\">\n<p class=\"\" data-start=\"3478\" data-end=\"3526\">Kn\u00f6chelschutz aus Kohlefaser f\u00fcr hervorragenden Aufprallschutz<\/p>\n<\/li>\n<li class=\"\" data-start=\"3590\" data-end=\"3646\">\n<p class=\"\" data-start=\"3592\" data-end=\"3646\">Atmungsaktives, perforiertes Design f\u00fcr optimale Bel\u00fcftung<\/p>\n<\/li>\n<li class=\"\" data-start=\"3647\" data-end=\"3697\">\n<p class=\"\" data-start=\"3649\" data-end=\"3697\">Vorgekr\u00fcmmte ergonomische Finger f\u00fcr weniger Erm\u00fcdung<\/p>\n<\/li>\n<li class=\"\" data-start=\"3698\" data-end=\"3760\">\n<p class=\"\" data-start=\"3700\" data-end=\"3760\">Sto\u00dfd\u00e4mpfende Handfl\u00e4chenpolsterung f\u00fcr besseren Halt und Komfort<\/p>\n<\/li>\n<li class=\"\" data-start=\"3761\" data-end=\"3821\">\n<p class=\"\" data-start=\"3763\" data-end=\"3821\">Verstellbarer Klettverschluss am Handgelenk f\u00fcr sicheren, individuellen Sitz<\/p>\n<\/li>\n<\/ul>","protected":false},"featured_media":9026,"comment_status":"closed","ping_status":"closed","template":"","meta":[],"product_brand":[35],"product_cat":[1111,122],"product_tag":[124,123],"class_list":{"0":"post-8965","1":"product","2":"type-product","3":"status-publish","4":"has-post-thumbnail","6":"product_brand-ryinz","7":"product_cat-motorbike","8":"product_cat-motorbike-racing-gloves","9":"product_tag-motorbike-racing-gloves","10":"product_tag-racing-gloves","12":"first","13":"instock","14":"taxable","15":"shipping-taxable","16":"purchasable","17":"product-type-simple"},"_links":{"self":[{"href":"https:\/\/ryinz.cz\/velkoobchod\/de\/wp-json\/wp\/v2\/product\/8965","targetHints":{"allow":["GET"]}}],"collection":[{"href":"https:\/\/ryinz.cz\/velkoobchod\/de\/wp-json\/wp\/v2\/product"}],"about":[{"href":"https:\/\/ryinz.cz\/velkoobchod\/de\/wp-json\/wp\/v2\/types\/product"}],"replies":[{"embeddable":true,"href":"https:\/\/ryinz.cz\/velkoobchod\/de\/wp-json\/wp\/v2\/comments?post=8965"}],"wp:featuredmedia":[{"embeddable":true,"href":"https:\/\/ryinz.cz\/velkoobchod\/de\/wp-json\/wp\/v2\/media\/9026"}],"wp:attachment":[{"href":"https:\/\/ryinz.cz\/velkoobchod\/de\/wp-json\/wp\/v2\/media?parent=8965"}],"wp:term":[{"taxonomy":"product_brand","embeddable":true,"href":"https:\/\/ryinz.cz\/velkoobchod\/de\/wp-json\/wp\/v2\/product_brand?post=8965"},{"taxonomy":"product_cat","embeddable":true,"href":"https:\/\/ryinz.cz\/velkoobchod\/de\/wp-json\/wp\/v2\/product_cat?post=8965"},{"taxonomy":"product_tag","embeddable":true,"href":"https:\/\/ryinz.cz\/velkoobchod\/de\/wp-json\/wp\/v2\/product_tag?post=8965"}],"curies":[{"name":"wp","href":"https:\/\/api.w.org\/{rel}","templated":true}]}}