{"id":8964,"date":"2025-08-26T11:48:32","date_gmt":"2025-08-26T11:48:32","guid":{"rendered":"https:\/\/ryinz.cz\/velkoobchod\/?post_type=product&#038;p=8964"},"modified":"2026-01-18T20:17:06","modified_gmt":"2026-01-18T20:17:06","slug":"ryinz-premium-leder-motorrad-rennhandschuhe-voller-handschutz-mit-carbon-panzerung-motorradhandschuhe-fur-rennen-cruisen-und-abenteuerfahrten-erhaltlich-in-rot-schwarz","status":"publish","type":"product","link":"https:\/\/ryinz.cz\/velkoobchod\/de\/product\/ryinz-premium-leather-motorcycle-racing-gloves-full-hand-protection-with-carbon-armor-motorbike-gloves-for-racing-cruising-and-adventure-riding-available-in-red-black\/","title":{"rendered":"Ryinz Premium Leder Motorrad-Rennhandschuhe - Voller Handschutz mit Carbon-Panzerung - Motorradhandschuhe f\u00fcr Rennen, Cruising und Abenteuerfahrten - Erh\u00e4ltlich in Rot, Schwarz, Wei\u00df und Blau"},"content":{"rendered":"<p class=\"\" data-start=\"338\" data-end=\"723\">Mit den Ryinz Premium Leder Motorrad-Rennhandschuhen erleben Sie das ultimative Fahrerlebnis - hier trifft Schutz auf Leistung. Entworfen f\u00fcr ernsthafte Fahrer, die Haltbarkeit, Stil und un\u00fcbertroffenen Handschutz verlangen, sind diese Handschuhe entwickelt, um unter allen Bedingungen zu \u00fcbertreffen, ob Sie Rennen fahren, die Autobahnen kreuzen oder raues Gel\u00e4nde erkunden.<\/p>\n<p class=\"\" data-start=\"725\" data-end=\"1102\">Diese aus hochwertigem Premium-Leder gefertigten Handschuhe bieten eine au\u00dfergew\u00f6hnliche Mischung aus Flexibilit\u00e4t und Widerstandsf\u00e4higkeit, die Ihnen \u00fcberragenden Komfort bietet, ohne den Schutz zu beeintr\u00e4chtigen. Die Handschuhe verf\u00fcgen \u00fcber eine verst\u00e4rkte Konstruktion f\u00fcr die ganze Hand, die die neueste Technologie zur Sto\u00dfd\u00e4mpfung und Abriebfestigkeit kombiniert, um Ihre H\u00e4nde vor St\u00fcrzen, Zusammenst\u00f6\u00dfen und Gefahren im Stra\u00dfenverkehr zu sch\u00fctzen.<\/p>\n<p class=\"\" data-start=\"1104\" data-end=\"1579\">Strategisch positionierte Kn\u00f6chel- und Fingerprotektoren aus Carbon bieten maximalen Schutz gegen pl\u00f6tzliche St\u00f6\u00dfe, w\u00e4hrend das intelligente ergonomische Design eine nat\u00fcrliche Handkr\u00fcmmung gew\u00e4hrleistet und so Erm\u00fcdungserscheinungen der H\u00e4nde auf langen Fahrten verhindert. Die fachm\u00e4nnisch integrierten Bel\u00fcftungspaneele sorgen f\u00fcr eine gute Luftzirkulation und halten Ihre H\u00e4nde auch bei intensiven Fahrten im Sommer k\u00fchl und trocken. Die Handschuhe verf\u00fcgen \u00fcber ein verstellbares Handgelenk-Verschlusssystem, das f\u00fcr einen bequemen, sicheren Sitz sorgt und Staub, Schmutz und Regenwasser fernh\u00e4lt.<\/p>\n<p class=\"\" data-start=\"1581\" data-end=\"1945\">Die Handfl\u00e4chen sind mit rutschfesten, gepolsterten Verst\u00e4rkungen versehen, um einen ausgezeichneten Grip am Lenker zu gew\u00e4hrleisten und Ihre Kontrolle bei hohen Geschwindigkeiten oder in unwegsamem Gel\u00e4nde zu verbessern. Ob Sie ein professioneller Rennfahrer, ein Wochenendabenteurer oder ein t\u00e4glicher Pendler sind, die Ryinz Motorrad-Rennhandschuhe versprechen die ultimative Kombination aus Sicherheit, Funktionalit\u00e4t und Fahrerkomfort.<\/p>\n<p class=\"\" data-start=\"1947\" data-end=\"2222\">Mit mehreren Farboptionen - Rot, Schwarz, Wei\u00df und Blau - sind diese Handschuhe so konzipiert, dass sie zu Ihrem Fahrrad, Ihrer Ausr\u00fcstung und Ihrem pers\u00f6nlichen Stil passen. Ein dezentes Ryinz-Branding kennzeichnet deine Handschuhe als Symbol f\u00fcr Premium-Qualit\u00e4t und Vertrauen und l\u00e4sst dich mit Eleganz und Autorit\u00e4t auffallen.<\/p>\n<p class=\"\" data-start=\"2224\" data-end=\"2455\">Diese Handschuhe wurden auf ihre Zuverl\u00e4ssigkeit getestet und genie\u00dfen das Vertrauen von Fahrern auf der ganzen Welt. Sie sind ein Muss f\u00fcr jeden, der es mit der Sicherheit und dem Komfort beim Fahren ernst meint. Erleben Sie die perfekte Mischung aus Form, Funktion und starkem Schutz - nur mit Ryinz.<\/p>\n<hr class=\"\" data-start=\"2457\" data-end=\"2460\" \/>\n<p class=\"\" data-start=\"2462\" data-end=\"2481\"><strong data-start=\"2462\" data-end=\"2479\">Wesentliche Merkmale:<\/strong><\/p>\n<ul data-start=\"2482\" data-end=\"3500\">\n<li class=\"\" data-start=\"2482\" data-end=\"2587\">\n<p class=\"\" data-start=\"2484\" data-end=\"2587\"><strong data-start=\"2484\" data-end=\"2515\">Premium-Vollnarbenleder:<\/strong> Weiche, aber robuste Konstruktion f\u00fcr maximalen Schutz und Flexibilit\u00e4t.<\/p>\n<\/li>\n<li class=\"\" data-start=\"2588\" data-end=\"2685\">\n<p class=\"\" data-start=\"2590\" data-end=\"2685\"><strong data-start=\"2590\" data-end=\"2613\">Kohlefaser-Panzerung:<\/strong> Verst\u00e4rkte Kn\u00f6chel und Fingersch\u00fctzer f\u00fcr hohe Schlagfestigkeit.<\/p>\n<\/li>\n<li class=\"\" data-start=\"2686\" data-end=\"2795\">\n<p class=\"\" data-start=\"2688\" data-end=\"2795\"><strong data-start=\"2688\" data-end=\"2722\">Fortschrittliche Palm-Grip-Technologie:<\/strong> Rutschfestes, gepolstertes Handfl\u00e4chendesign f\u00fcr bessere Kontrolle und weniger Vibrationen.<\/p>\n<\/li>\n<li class=\"\" data-start=\"2796\" data-end=\"2895\">\n<p class=\"\" data-start=\"2798\" data-end=\"2895\"><strong data-start=\"2798\" data-end=\"2832\">Atmungsaktive Bel\u00fcftungspaneele:<\/strong> H\u00e4lt die H\u00e4nde im Sommer und bei langen Fahrten trocken und komfortabel.<\/p>\n<\/li>\n<li class=\"\" data-start=\"2896\" data-end=\"2997\">\n<p class=\"\" data-start=\"2898\" data-end=\"2997\"><strong data-start=\"2898\" data-end=\"2916\">Ergonomische Passform:<\/strong> Nat\u00fcrliche Kurvenform zur Verringerung der Erm\u00fcdung der H\u00e4nde und f\u00fcr bessere Man\u00f6vrierf\u00e4higkeit.<\/p>\n<\/li>\n<li class=\"\" data-start=\"2998\" data-end=\"3093\">\n<p class=\"\" data-start=\"3000\" data-end=\"3093\"><strong data-start=\"3000\" data-end=\"3029\">Verstellbarer Handgelenk-Verschluss:<\/strong> Gew\u00e4hrleistet eine sichere, individuelle Passform f\u00fcr unterschiedliche Handgelenksgr\u00f6\u00dfen.<\/p>\n<\/li>\n<li class=\"\" data-start=\"3094\" data-end=\"3188\">\n<p class=\"\" data-start=\"3096\" data-end=\"3188\"><strong data-start=\"3096\" data-end=\"3122\">Sto\u00dfd\u00e4mpfender Schaumstoff:<\/strong> Zus\u00e4tzliche Polsterung in den wichtigsten Aufprallzonen f\u00fcr zus\u00e4tzlichen Handschutz.<\/p>\n<\/li>\n<li class=\"\" data-start=\"3189\" data-end=\"3292\">\n<p class=\"\" data-start=\"3191\" data-end=\"3292\"><strong data-start=\"3191\" data-end=\"3220\">Multi-Color Verf\u00fcgbarkeit:<\/strong> Erh\u00e4ltlich in den Farben Rot, Schwarz, Wei\u00df und Blau, passend zu Ihrer Motorradausr\u00fcstung.<\/p>\n<\/li>\n<li class=\"\" data-start=\"3293\" data-end=\"3404\">\n<p class=\"\" data-start=\"3295\" data-end=\"3404\"><strong data-start=\"3295\" data-end=\"3325\">Touchscreen-Kompatibilit\u00e4t:<\/strong> Erm\u00f6glicht eine einfache Bedienung des Ger\u00e4ts, ohne die Handschuhe ausziehen zu m\u00fcssen (optionale Version).<\/p>\n<\/li>\n<li class=\"\" data-start=\"3405\" data-end=\"3500\">\n<p class=\"\" data-start=\"3407\" data-end=\"3500\"><strong data-start=\"3407\" data-end=\"3439\">Professionelle Rennsportqualit\u00e4t:<\/strong> Das Vertrauen von Rennfahrern, Cruisern und Abenteurern weltweit.<\/p>\n<\/li>\n<\/ul>","protected":false},"excerpt":{"rendered":"<p class=\"\" data-start=\"2462\" data-end=\"2481\"><strong data-start=\"2462\" data-end=\"2479\">Wesentliche Merkmale:<\/strong><\/p>\n<ul data-start=\"2482\" data-end=\"3500\">\n<li class=\"\" data-start=\"2482\" data-end=\"2587\">\n<p class=\"\" data-start=\"2484\" data-end=\"2587\"><strong data-start=\"2484\" data-end=\"2515\">Premium-Vollnarbenleder:<\/strong> Weiche, aber robuste Konstruktion f\u00fcr maximalen Schutz und Flexibilit\u00e4t.<\/p>\n<\/li>\n<li class=\"\" data-start=\"2588\" data-end=\"2685\">\n<p class=\"\" data-start=\"2590\" data-end=\"2685\"><strong data-start=\"2590\" data-end=\"2613\">Kohlefaser-Panzerung:<\/strong> Verst\u00e4rkte Kn\u00f6chel und Fingersch\u00fctzer f\u00fcr hohe Schlagfestigkeit.<\/p>\n<\/li>\n<li class=\"\" data-start=\"2686\" data-end=\"2795\">\n<p class=\"\" data-start=\"2688\" data-end=\"2795\"><strong data-start=\"2688\" data-end=\"2722\">Fortschrittliche Palm-Grip-Technologie:<\/strong> Rutschfestes, gepolstertes Handfl\u00e4chendesign f\u00fcr bessere Kontrolle und weniger Vibrationen.<\/p>\n<\/li>\n<li class=\"\" data-start=\"2796\" data-end=\"2895\">\n<p class=\"\" data-start=\"2798\" data-end=\"2895\"><strong data-start=\"2798\" data-end=\"2832\">Atmungsaktive Bel\u00fcftungspaneele:<\/strong> H\u00e4lt die H\u00e4nde im Sommer und bei langen Fahrten trocken und komfortabel.<\/p>\n<\/li>\n<li class=\"\" data-start=\"2896\" data-end=\"2997\">\n<p class=\"\" data-start=\"2898\" data-end=\"2997\"><strong data-start=\"2898\" data-end=\"2916\">Ergonomische Passform:<\/strong> Nat\u00fcrliche Kurvenform zur Verringerung der Erm\u00fcdung der H\u00e4nde und f\u00fcr bessere Man\u00f6vrierf\u00e4higkeit.<\/p>\n<\/li>\n<li class=\"\" data-start=\"2998\" data-end=\"3093\">\n<p class=\"\" data-start=\"3000\" data-end=\"3093\"><strong data-start=\"3000\" data-end=\"3029\">Verstellbarer Handgelenk-Verschluss:<\/strong> Gew\u00e4hrleistet eine sichere, individuelle Passform f\u00fcr unterschiedliche Handgelenksgr\u00f6\u00dfen.<\/p>\n<\/li>\n<\/ul>","protected":false},"featured_media":9020,"comment_status":"closed","ping_status":"closed","template":"","meta":[],"product_brand":[35],"product_cat":[1111,122],"product_tag":[124,123],"class_list":{"0":"post-8964","1":"product","2":"type-product","3":"status-publish","4":"has-post-thumbnail","6":"product_brand-ryinz","7":"product_cat-motorbike","8":"product_cat-motorbike-racing-gloves","9":"product_tag-motorbike-racing-gloves","10":"product_tag-racing-gloves","12":"first","13":"instock","14":"taxable","15":"shipping-taxable","16":"purchasable","17":"product-type-simple"},"_links":{"self":[{"href":"https:\/\/ryinz.cz\/velkoobchod\/de\/wp-json\/wp\/v2\/product\/8964","targetHints":{"allow":["GET"]}}],"collection":[{"href":"https:\/\/ryinz.cz\/velkoobchod\/de\/wp-json\/wp\/v2\/product"}],"about":[{"href":"https:\/\/ryinz.cz\/velkoobchod\/de\/wp-json\/wp\/v2\/types\/product"}],"replies":[{"embeddable":true,"href":"https:\/\/ryinz.cz\/velkoobchod\/de\/wp-json\/wp\/v2\/comments?post=8964"}],"wp:featuredmedia":[{"embeddable":true,"href":"https:\/\/ryinz.cz\/velkoobchod\/de\/wp-json\/wp\/v2\/media\/9020"}],"wp:attachment":[{"href":"https:\/\/ryinz.cz\/velkoobchod\/de\/wp-json\/wp\/v2\/media?parent=8964"}],"wp:term":[{"taxonomy":"product_brand","embeddable":true,"href":"https:\/\/ryinz.cz\/velkoobchod\/de\/wp-json\/wp\/v2\/product_brand?post=8964"},{"taxonomy":"product_cat","embeddable":true,"href":"https:\/\/ryinz.cz\/velkoobchod\/de\/wp-json\/wp\/v2\/product_cat?post=8964"},{"taxonomy":"product_tag","embeddable":true,"href":"https:\/\/ryinz.cz\/velkoobchod\/de\/wp-json\/wp\/v2\/product_tag?post=8964"}],"curies":[{"name":"wp","href":"https:\/\/api.w.org\/{rel}","templated":true}]}}