{"id":8963,"date":"2025-08-26T11:48:32","date_gmt":"2025-08-26T11:48:32","guid":{"rendered":"https:\/\/ryinz.cz\/velkoobchod\/?post_type=product&#038;p=8963"},"modified":"2026-01-18T20:17:06","modified_gmt":"2026-01-18T20:17:06","slug":"ryinz-motorrad-rennhandschuhe-motorrad-schutzkleidung-hersteller-grosshandel","status":"publish","type":"product","link":"https:\/\/ryinz.cz\/velkoobchod\/de\/product\/ryinz-motorcycle-racing-gloves-motorbike-protective-gear-manufacturer-wholesale\/","title":{"rendered":"RYINZ Motorrad-Rennhandschuhe | Motorrad-Schutzausr\u00fcstung | Hersteller &amp; Gro\u00dfhandel"},"content":{"rendered":"<p class=\"\" data-start=\"274\" data-end=\"737\">Erleben Sie ultimativen Schutz und Leistung mit dem <strong data-start=\"330\" data-end=\"364\">RYINZ Motorrad-Rennhandschuhe<\/strong>, Diese Handschuhe wurden sorgf\u00e4ltig f\u00fcr professionelle Fahrer, Stra\u00dfenrennfahrer und Motorradabenteurer entwickelt. Diese Handschuhe wurden f\u00fcr Hochgeschwindigkeitsfahrten und intensive Rennbedingungen entwickelt und bieten un\u00fcbertroffene Haltbarkeit, Schutz, Komfort und Stil. Ob Sie ein allt\u00e4glicher Motorrad-Pendler oder ein Track-Day-Enthusiast sind, die <strong data-start=\"671\" data-end=\"694\">RYINZ Rennhandschuhe<\/strong> sind der ultimative Partner f\u00fcr Ihre Reise.<\/p>\n<p class=\"\" data-start=\"739\" data-end=\"1178\">Diese Handschuhe sind aus hochwertigem Kunstleder und abriebfesten Materialien gefertigt, um St\u00f6\u00dfen, Schl\u00e4gen und Rutschpartien standzuhalten. Die hartgeformte Kn\u00f6chelpanzerung, die verst\u00e4rkte Handfl\u00e4chenpolsterung und der flexible Fingerschutz bieten vollst\u00e4ndige Sicherheit, ohne die Flexibilit\u00e4t zu beeintr\u00e4chtigen. Strategisch platzierter Kohlefaserschutz erh\u00f6ht die Festigkeit an kritischen Stellen und sch\u00fctzt Ihre H\u00e4nde vor St\u00fcrzen und Hochgeschwindigkeitsst\u00f6\u00dfen.<\/p>\n<p class=\"\" data-start=\"1180\" data-end=\"1567\">Die ergonomisch geformten, vorgekr\u00fcmmten Finger sorgen f\u00fcr einen nat\u00fcrlichen Griff am Lenker, f\u00f6rdern eine bessere Kontrolle und verringern die Erm\u00fcdung bei langen Fahrten. Atmungsaktive Mesh-Eins\u00e4tze sind intelligent platziert, um die Luftzirkulation zu verbessern und Ihre H\u00e4nde auch bei hei\u00dfen Sommerfahrten k\u00fchl und schwei\u00dffrei zu halten. Der verstellbare Handgelenksverschluss sorgt f\u00fcr einen passgenauen Sitz und macht das An- und Ausziehen der Handschuhe m\u00fchelos.<\/p>\n<p class=\"\" data-start=\"1569\" data-end=\"1908\">Entwickelt, um die Bed\u00fcrfnisse der anspruchsvollsten Fahrer zu erf\u00fcllen, <strong data-start=\"1626\" data-end=\"1652\">RYINZ Motorrad-Handschuhe<\/strong> wurden f\u00fcr den Rennsport getestet und bieten optimale Leistung bei aggressiven Fahrten, im Stadtverkehr, auf Touren und bei Abenteuern im Gel\u00e4nde. Von der Freizeit bis zum Rennsport - diese Handschuhe bieten Ihnen ein optimales Fahrerlebnis in Profiqualit\u00e4t.<\/p>\n<p class=\"\" data-start=\"1910\" data-end=\"2219\">Die <strong data-start=\"1914\" data-end=\"1957\">elegantes zweifarbiges Design in Schwarz und Braun<\/strong> macht diese Handschuhe nicht nur zu einer Schutzausr\u00fcstung, sondern auch zu einem modischen Statement f\u00fcr Biker, die beim Aussehen keine Kompromisse eingehen wollen. Verst\u00e4rkte N\u00e4hte sorgen daf\u00fcr, dass jedes Paar jahrelang dem harten Einsatz standh\u00e4lt, vom t\u00e4glichen Pendeln bis hin zu unwegsamem Gel\u00e4nde und anspruchsvollen Strecken.<\/p>\n<p class=\"\" data-start=\"2221\" data-end=\"2499\"><strong data-start=\"2221\" data-end=\"2248\">RYINZ-Motorradhandschuhe<\/strong> werden von Motorradrennfahrern, Superbike-Besitzern, Tourenfahrern, Off-Road-Bikern und Stuntprofis auf der ganzen Welt gesch\u00e4tzt. Ob Sie einen Cruiser, ein Sportmotorrad oder einen Abenteuertourer fahren, RYINZ garantiert \u00fcberragenden Komfort, Passform, Grip und Sicherheit.<\/p>\n<p class=\"\" data-start=\"2501\" data-end=\"2518\"><strong data-start=\"2501\" data-end=\"2518\">Wesentliche Merkmale:<\/strong><\/p>\n<ul data-start=\"2519\" data-end=\"4057\">\n<li class=\"\" data-start=\"2519\" data-end=\"2632\">\n<p class=\"\" data-start=\"2521\" data-end=\"2632\"><strong data-start=\"2521\" data-end=\"2544\">Premium-Schutz:<\/strong> Harte Kn\u00f6chelpanzerung und verst\u00e4rkte Fingersch\u00fctzer zum Schutz vor St\u00f6\u00dfen und Abrieb.<\/p>\n<\/li>\n<li class=\"\" data-start=\"2633\" data-end=\"2743\">\n<p class=\"\" data-start=\"2635\" data-end=\"2743\"><strong data-start=\"2635\" data-end=\"2653\">Fortgeschrittener Grip:<\/strong> Rutschfeste Handfl\u00e4chenpolster und ergonomische Fingerkonstruktion f\u00fcr ultimative Kontrolle am Lenker.<\/p>\n<\/li>\n<li class=\"\" data-start=\"2744\" data-end=\"2860\">\n<p class=\"\" data-start=\"2746\" data-end=\"2860\"><strong data-start=\"2746\" data-end=\"2769\">\u00dcberlegene Materialien:<\/strong> Gefertigt aus hochwertigem, abriebfestem Kunstleder und atmungsaktivem Mesh-Gewebe.<\/p>\n<\/li>\n<li class=\"\" data-start=\"2861\" data-end=\"2958\">\n<p class=\"\" data-start=\"2863\" data-end=\"2958\"><strong data-start=\"2863\" data-end=\"2881\">Komfort f\u00fcr den Fahrer:<\/strong> Das vorgekr\u00fcmmte Design reduziert die Erm\u00fcdung der Hand und sorgt f\u00fcr eine nat\u00fcrliche Fahrhaltung.<\/p>\n<\/li>\n<li class=\"\" data-start=\"2959\" data-end=\"3057\">\n<p class=\"\" data-start=\"2961\" data-end=\"3057\"><strong data-start=\"2961\" data-end=\"2977\">Perfekte Passform:<\/strong> Verstellbare Handgelenkb\u00e4nder mit Klettverschluss bieten eine sichere, individuelle Anpassung.<\/p>\n<\/li>\n<li class=\"\" data-start=\"3058\" data-end=\"3163\">\n<p class=\"\" data-start=\"3060\" data-end=\"3163\"><strong data-start=\"3060\" data-end=\"3087\">Atmungsaktive Bel\u00fcftung:<\/strong> Strategisch platzierte Mesh-Eins\u00e4tze verbessern die Luftzirkulation - perfekt f\u00fcr Fahrten im Sommer.<\/p>\n<\/li>\n<li class=\"\" data-start=\"3164\" data-end=\"3249\">\n<p class=\"\" data-start=\"3166\" data-end=\"3249\"><strong data-start=\"3166\" data-end=\"3183\">Stilvolles Aussehen:<\/strong> Einzigartige Schwarz-Braun-Kombination mit moderner Rennsport\u00e4sthetik.<\/p>\n<\/li>\n<li class=\"\" data-start=\"3250\" data-end=\"3355\">\n<p class=\"\" data-start=\"3252\" data-end=\"3355\"><strong data-start=\"3252\" data-end=\"3272\">Vielseitige Verwendung:<\/strong> Ideal f\u00fcr Fahrten in der Stadt, auf der Autobahn, bei professionellen Rennen und bei Fahrten im Gel\u00e4nde.<\/p>\n<\/li>\n<li class=\"\" data-start=\"3356\" data-end=\"3451\">\n<p class=\"\" data-start=\"3358\" data-end=\"3451\"><strong data-start=\"3358\" data-end=\"3373\">Langlebigkeit:<\/strong> Verst\u00e4rkte N\u00e4hte und Aufprallzonen f\u00fcr eine l\u00e4ngere Lebensdauer auch bei rauem Gebrauch.<\/p>\n<\/li>\n<li class=\"\" data-start=\"3452\" data-end=\"3574\">\n<p class=\"\" data-start=\"3454\" data-end=\"3574\"><strong data-start=\"3454\" data-end=\"3477\">Wetterbest\u00e4ndigkeit:<\/strong> Entwickelt, um bei verschiedenen Wetterbedingungen zu funktionieren und die H\u00e4nde zu sch\u00fctzen und komfortabel zu halten.<\/p>\n<\/li>\n<li class=\"\" data-start=\"3575\" data-end=\"3694\">\n<p class=\"\" data-start=\"3577\" data-end=\"3694\"><strong data-start=\"3577\" data-end=\"3608\">Kompatibilit\u00e4t mit Touchscreens:<\/strong> Spezielle Fingerspitzen erm\u00f6glichen die Nutzung von Smartphones und GPS-Ger\u00e4ten, ohne die Handschuhe ausziehen zu m\u00fcssen.<\/p>\n<\/li>\n<li class=\"\" data-start=\"3695\" data-end=\"3806\">\n<p class=\"\" data-start=\"3697\" data-end=\"3806\"><strong data-start=\"3697\" data-end=\"3728\">Hersteller und Gro\u00dfhandel:<\/strong> Gro\u00dfmengen f\u00fcr Wiederverk\u00e4ufer, Rennteams und Motorradausr\u00fcstungsgesch\u00e4fte erh\u00e4ltlich.<\/p>\n<\/li>\n<li class=\"\" data-start=\"3807\" data-end=\"3893\">\n<p class=\"\" data-start=\"3809\" data-end=\"3893\"><strong data-start=\"3809\" data-end=\"3829\">Verf\u00fcgbare Gr\u00f6\u00dfen:<\/strong> Mehrere Gr\u00f6\u00dfenoptionen (S, M, L, XL, XXL) f\u00fcr alle Handtypen.<\/p>\n<\/li>\n<li class=\"\" data-start=\"3894\" data-end=\"3974\">\n<p class=\"\" data-start=\"3896\" data-end=\"3974\"><strong data-start=\"3896\" data-end=\"3913\">Fahrer getestet:<\/strong> Profis und Amateure auf der ganzen Welt vertrauen darauf.<\/p>\n<\/li>\n<li class=\"\" data-start=\"3975\" data-end=\"4057\">\n<p class=\"\" data-start=\"3977\" data-end=\"4057\"><strong data-start=\"3977\" data-end=\"3999\">Offizielles Branding:<\/strong> Das offizielle RYINZ-Logo garantiert Originalit\u00e4t und Authentizit\u00e4t.<\/p>\n<\/li>\n<\/ul>\n<p class=\"\" data-start=\"4059\" data-end=\"4227\"><strong data-start=\"4059\" data-end=\"4073\">Anwendungsf\u00e4lle:<\/strong><br data-start=\"4073\" data-end=\"4076\" \/>Motorradrennen, Superbike-Touren, Motocross, Abenteuerfahrten, Off-Road-Rallyes, Stadtfahrten mit dem Motorrad, Rollerfahrten und Extremsport.<\/p>\n<p class=\"\" data-start=\"4229\" data-end=\"4386\"><strong data-start=\"4229\" data-end=\"4251\">Pflegehinweise:<\/strong><br data-start=\"4251\" data-end=\"4254\" \/>Nur von Hand mit milder Seife waschen. Nat\u00fcrlich trocknen. Direkte Sonneneinstrahlung \u00fcber einen l\u00e4ngeren Zeitraum vermeiden, um das Material nicht zu besch\u00e4digen.<\/p>\n<p class=\"\" data-start=\"4388\" data-end=\"4656\"><strong data-start=\"4388\" data-end=\"4404\">\u00dcber RYINZ:<\/strong><br data-start=\"4404\" data-end=\"4407\" \/>RYINZ ist ein vertrauensw\u00fcrdiger Name in der Herstellung und im Gro\u00dfhandel von Premium-Motorradhandschuhen und Fahrersicherheitsausr\u00fcstung. Unsere Leidenschaft f\u00fcr Leistung, Schutz und Innovation treibt uns an, Weltklasse-Produkte f\u00fcr Motorradfahrer weltweit zu liefern.<\/p>","protected":false},"excerpt":{"rendered":"<p class=\"\" data-start=\"2501\" data-end=\"2518\"><strong data-start=\"2501\" data-end=\"2518\">Wesentliche Merkmale:<\/strong><\/p>\n<ul data-start=\"2519\" data-end=\"4057\">\n<li class=\"\" data-start=\"2519\" data-end=\"2632\">\n<p class=\"\" data-start=\"2521\" data-end=\"2632\"><strong data-start=\"2521\" data-end=\"2544\">Premium-Schutz:<\/strong> Harte Kn\u00f6chelpanzerung und verst\u00e4rkte Fingersch\u00fctzer zum Schutz vor St\u00f6\u00dfen und Abrieb.<\/p>\n<\/li>\n<li class=\"\" data-start=\"2633\" data-end=\"2743\">\n<p class=\"\" data-start=\"2635\" data-end=\"2743\"><strong data-start=\"2635\" data-end=\"2653\">Fortgeschrittener Grip:<\/strong> Rutschfeste Handfl\u00e4chenpolster und ergonomische Fingerkonstruktion f\u00fcr ultimative Kontrolle am Lenker.<\/p>\n<\/li>\n<li class=\"\" data-start=\"2744\" data-end=\"2860\">\n<p class=\"\" data-start=\"2746\" data-end=\"2860\"><strong data-start=\"2746\" data-end=\"2769\">\u00dcberlegene Materialien:<\/strong> Gefertigt aus hochwertigem, abriebfestem Kunstleder und atmungsaktivem Mesh-Gewebe.<\/p>\n<\/li>\n<li class=\"\" data-start=\"2861\" data-end=\"2958\">\n<p class=\"\" data-start=\"2863\" data-end=\"2958\"><strong data-start=\"2863\" data-end=\"2881\">Komfort f\u00fcr den Fahrer:<\/strong> Das vorgekr\u00fcmmte Design reduziert die Erm\u00fcdung der Hand und sorgt f\u00fcr eine nat\u00fcrliche Fahrhaltung.<\/p>\n<\/li>\n<li class=\"\" data-start=\"2959\" data-end=\"3057\">\n<p class=\"\" data-start=\"2961\" data-end=\"3057\"><strong data-start=\"2961\" data-end=\"2977\">Perfekte Passform:<\/strong> Verstellbare Handgelenkb\u00e4nder mit Klettverschluss bieten eine sichere, individuelle Anpassung.<\/p>\n<\/li>\n<\/ul>","protected":false},"featured_media":9019,"comment_status":"closed","ping_status":"closed","template":"","meta":[],"product_brand":[35],"product_cat":[1111,122],"product_tag":[121,123],"class_list":{"0":"post-8963","1":"product","2":"type-product","3":"status-publish","4":"has-post-thumbnail","6":"product_brand-ryinz","7":"product_cat-motorbike","8":"product_cat-motorbike-racing-gloves","9":"product_tag-motorbike-gloves","10":"product_tag-racing-gloves","12":"first","13":"instock","14":"taxable","15":"shipping-taxable","16":"purchasable","17":"product-type-simple"},"_links":{"self":[{"href":"https:\/\/ryinz.cz\/velkoobchod\/de\/wp-json\/wp\/v2\/product\/8963","targetHints":{"allow":["GET"]}}],"collection":[{"href":"https:\/\/ryinz.cz\/velkoobchod\/de\/wp-json\/wp\/v2\/product"}],"about":[{"href":"https:\/\/ryinz.cz\/velkoobchod\/de\/wp-json\/wp\/v2\/types\/product"}],"replies":[{"embeddable":true,"href":"https:\/\/ryinz.cz\/velkoobchod\/de\/wp-json\/wp\/v2\/comments?post=8963"}],"wp:featuredmedia":[{"embeddable":true,"href":"https:\/\/ryinz.cz\/velkoobchod\/de\/wp-json\/wp\/v2\/media\/9019"}],"wp:attachment":[{"href":"https:\/\/ryinz.cz\/velkoobchod\/de\/wp-json\/wp\/v2\/media?parent=8963"}],"wp:term":[{"taxonomy":"product_brand","embeddable":true,"href":"https:\/\/ryinz.cz\/velkoobchod\/de\/wp-json\/wp\/v2\/product_brand?post=8963"},{"taxonomy":"product_cat","embeddable":true,"href":"https:\/\/ryinz.cz\/velkoobchod\/de\/wp-json\/wp\/v2\/product_cat?post=8963"},{"taxonomy":"product_tag","embeddable":true,"href":"https:\/\/ryinz.cz\/velkoobchod\/de\/wp-json\/wp\/v2\/product_tag?post=8963"}],"curies":[{"name":"wp","href":"https:\/\/api.w.org\/{rel}","templated":true}]}}