{"id":8962,"date":"2025-06-22T15:23:29","date_gmt":"2025-06-22T15:23:29","guid":{"rendered":"https:\/\/ryinz.cz\/velkoobchod\/?post_type=product&#038;p=8962"},"modified":"2026-01-18T20:17:05","modified_gmt":"2026-01-18T20:17:05","slug":"ryinz-militarischen-taktischen-halben-finger-handschuhe-armee-kampf-polizei-schiesen-gang-professionelle-hersteller-groshandel-lieferant","status":"publish","type":"product","link":"https:\/\/ryinz.cz\/velkoobchod\/de\/product\/ryinz-military-tactical-half-finger-gloves-army-combat-police-shooting-gear-professional-manufacturer-wholesale-supplier\/","title":{"rendered":"Ryinz Military Tactical Half Finger Gloves - Army Combat, Police, Shooting Gear | Professional Manufacturer &amp; Wholesale Supplier"},"content":{"rendered":"<p class=\"\" data-start=\"438\" data-end=\"847\">Verbessern Sie Ihre taktische Leistung mit der <strong data-start=\"481\" data-end=\"527\">Ryinz Military Tactical Half Finger Handschuhe<\/strong>, Diese Handschuhe wurden f\u00fcr maximale Kontrolle, Haltbarkeit und Komfort in anspruchsvollen Umgebungen entwickelt. Diese armeegr\u00fcnen Kampfhandschuhe wurden f\u00fcr Milit\u00e4rangeh\u00f6rige, Polizeibeamte, Strafverfolgungsbeh\u00f6rden, Schie\u00dfsportler, J\u00e4ger, \u00dcberlebensk\u00fcnstler und Outdoor-Abenteurer entwickelt, die Schutz und Pr\u00e4zision auf professionellem Niveau ben\u00f6tigen.<\/p>\n<p class=\"\" data-start=\"849\" data-end=\"1048\">Als <strong data-start=\"854\" data-end=\"901\">f\u00fchrender Hersteller und Gro\u00dfhandelslieferant<\/strong> von taktischen Handschuhen in Europa und international, <strong data-start=\"952\" data-end=\"961\">Ryinz<\/strong> konzentriert sich auf die Herstellung von Produkten, die den realen Bed\u00fcrfnissen von taktischen Fachleuten entsprechen.<\/p>\n<p class=\"\" data-start=\"1050\" data-end=\"1392\">Konstruiert mit <strong data-start=\"1067\" data-end=\"1100\">verst\u00e4rkter Kn\u00f6chelschutz<\/strong> und synthetischen Hochleistungsgeweben bieten diese Handschuhe ultimativen Schutz vor St\u00f6\u00dfen und sind gleichzeitig \u00e4u\u00dferst flexibel. Der <strong data-start=\"1236\" data-end=\"1258\">Halbfinger-Design<\/strong> bietet eine verbesserte Fingerfertigkeit und erm\u00f6glicht eine bessere Kontrolle \u00fcber den Abzug, die Handhabung der Waffe und die Bedienung der Ausr\u00fcstung, ohne den Schutz zu beeintr\u00e4chtigen.<\/p>\n<p class=\"\" data-start=\"1394\" data-end=\"1705\">Die <strong data-start=\"1398\" data-end=\"1420\">rutschfester Handgriff<\/strong> sorgt f\u00fcr einen festen Halt an Waffen, Werkzeugen oder Lenkstangen und macht diese Handschuhe zu einem unverzichtbaren Begleiter im Nahkampf (CQB), beim taktischen Schie\u00dfen, bei urbanen Eins\u00e4tzen und beim \u00dcberlebenstraining im Freien. Atmungsaktive Materialien erm\u00f6glichen eine gute Luftzirkulation und halten die H\u00e4nde auch bei extremen Temperaturen k\u00fchl und trocken.<\/p>\n<p class=\"\" data-start=\"1707\" data-end=\"1973\">Die Ryinz Military Tactical Gloves sind f\u00fcr harte Eins\u00e4tze gebaut und verf\u00fcgen \u00fcber folgende Eigenschaften <strong data-start=\"1783\" data-end=\"1819\">verstellbare Klettverschl\u00fcsse am Handgelenk<\/strong> Die strapazierf\u00e4hige Konstruktion sorgt daf\u00fcr, dass diese Handschuhe Abrieb, Schnitten und dem t\u00e4glichen Verschlei\u00df bei intensiven taktischen Eins\u00e4tzen standhalten.<\/p>\n<p class=\"\" data-start=\"1975\" data-end=\"2388\">Egal, ob Sie an folgenden Aktivit\u00e4ten beteiligt sind <strong data-start=\"2003\" data-end=\"2111\">Milit\u00e4r\u00fcbungen, Polizeieins\u00e4tze, taktisches Training, Outdoor-Abenteuer oder \u00dcberlebensmissionen<\/strong>, Ryinz-Handschuhe sind Ihr ultimativer Verteidigungspartner. Unser Know-how in <strong data-start=\"2178\" data-end=\"2199\">OEM-Herstellung<\/strong> erm\u00f6glicht auch <strong data-start=\"2216\" data-end=\"2242\">Eigenmarken-Branding<\/strong>, Wir bieten ma\u00dfgeschneiderte Designs und L\u00f6sungen f\u00fcr Gro\u00dfbestellungen f\u00fcr H\u00e4ndler von taktischer Ausr\u00fcstung, Strafverfolgungsbeh\u00f6rden, Armeelieferanten und Outdoor-Sporth\u00e4ndler.<\/p>\n<p class=\"\" data-start=\"2390\" data-end=\"2411\">Perfekt geeignet f\u00fcr:<\/p>\n<ul data-start=\"2412\" data-end=\"2765\">\n<li class=\"\" data-start=\"2412\" data-end=\"2456\">\n<p class=\"\" data-start=\"2414\" data-end=\"2456\">Milit\u00e4rische taktische Teams und Feldeins\u00e4tze<\/p>\n<\/li>\n<li class=\"\" data-start=\"2457\" data-end=\"2485\">\n<p class=\"\" data-start=\"2459\" data-end=\"2485\">Strafverfolgungsma\u00dfnahmen<\/p>\n<\/li>\n<li class=\"\" data-start=\"2486\" data-end=\"2505\">\n<p class=\"\" data-start=\"2488\" data-end=\"2505\">SWAT-Einheiten der Polizei<\/p>\n<\/li>\n<li class=\"\" data-start=\"2506\" data-end=\"2546\">\n<p class=\"\" data-start=\"2508\" data-end=\"2546\">Spezialkr\u00e4fte und Verteidigungsunternehmen<\/p>\n<\/li>\n<li class=\"\" data-start=\"2547\" data-end=\"2585\">\n<p class=\"\" data-start=\"2549\" data-end=\"2585\">\u00dcbung und Ausbildung auf dem Schie\u00dfstand<\/p>\n<\/li>\n<li class=\"\" data-start=\"2586\" data-end=\"2619\">\n<p class=\"\" data-start=\"2588\" data-end=\"2619\">Jagd- und Fischereiexpeditionen<\/p>\n<\/li>\n<li class=\"\" data-start=\"2620\" data-end=\"2647\">\n<p class=\"\" data-start=\"2622\" data-end=\"2647\">Motorrad- und ATV-Fahrer<\/p>\n<\/li>\n<li class=\"\" data-start=\"2648\" data-end=\"2683\">\n<p class=\"\" data-start=\"2650\" data-end=\"2683\">Sicherheitsfachkr\u00e4fte und Wachpersonal<\/p>\n<\/li>\n<li class=\"\" data-start=\"2684\" data-end=\"2719\">\n<p class=\"\" data-start=\"2686\" data-end=\"2719\">Airsoft- und Paintball-Fans<\/p>\n<\/li>\n<li class=\"\" data-start=\"2720\" data-end=\"2765\">\n<p class=\"\" data-start=\"2722\" data-end=\"2765\">Verk\u00e4ufer von Outdoor-Survival- und Abenteuerausr\u00fcstung<\/p>\n<\/li>\n<\/ul>\n<p class=\"\" data-start=\"2767\" data-end=\"2786\">\u2705 <strong data-start=\"2769\" data-end=\"2786\">Wesentliche Merkmale:<\/strong><\/p>\n<ul data-start=\"2787\" data-end=\"3611\">\n<li class=\"\" data-start=\"2787\" data-end=\"2843\">\n<p class=\"\" data-start=\"2789\" data-end=\"2843\">Taktische Handschuhe in Milit\u00e4rqualit\u00e4t mit Halbfinger-Design<\/p>\n<\/li>\n<li class=\"\" data-start=\"2844\" data-end=\"2890\">\n<p class=\"\" data-start=\"2846\" data-end=\"2890\">Robuster Kn\u00f6chelschutz f\u00fcr maximale Sicherheit<\/p>\n<\/li>\n<li class=\"\" data-start=\"2891\" data-end=\"2935\">\n<p class=\"\" data-start=\"2893\" data-end=\"2935\">Verst\u00e4rktes synthetisches Gewebe f\u00fcr lange Haltbarkeit<\/p>\n<\/li>\n<li class=\"\" data-start=\"2936\" data-end=\"2994\">\n<p class=\"\" data-start=\"2938\" data-end=\"2994\">Rutschfeste Handgriffe f\u00fcr hervorragende Waffen- und Werkzeugkontrolle<\/p>\n<\/li>\n<li class=\"\" data-start=\"2995\" data-end=\"3047\">\n<p class=\"\" data-start=\"2997\" data-end=\"3047\">Atmungsaktive und schwei\u00dfableitende Materialien f\u00fcr mehr Komfort<\/p>\n<\/li>\n<li class=\"\" data-start=\"3048\" data-end=\"3104\">\n<p class=\"\" data-start=\"3050\" data-end=\"3104\">Verstellbare Klettverschl\u00fcsse am Handgelenk f\u00fcr eine sichere, individuelle Passform<\/p>\n<\/li>\n<li class=\"\" data-start=\"3105\" data-end=\"3160\">\n<p class=\"\" data-start=\"3107\" data-end=\"3160\">Hohe Geschicklichkeit bei der Handhabung von Waffen und taktischer Ausr\u00fcstung<\/p>\n<\/li>\n<li class=\"\" data-start=\"3161\" data-end=\"3208\">\n<p class=\"\" data-start=\"3163\" data-end=\"3208\">Abriebfeste und sto\u00dffeste Konstruktion<\/p>\n<\/li>\n<li class=\"\" data-start=\"3209\" data-end=\"3275\">\n<p class=\"\" data-start=\"3211\" data-end=\"3275\">Entwickelt f\u00fcr Polizei, Armee, taktische Kr\u00e4fte und Outdoor-Krieger<\/p>\n<\/li>\n<li class=\"\" data-start=\"3276\" data-end=\"3319\">\n<p class=\"\" data-start=\"3278\" data-end=\"3319\">Leicht und flexibel f\u00fcr l\u00e4ngeren Einsatz<\/p>\n<\/li>\n<li class=\"\" data-start=\"3320\" data-end=\"3360\">\n<p class=\"\" data-start=\"3322\" data-end=\"3360\">Verf\u00fcgbar f\u00fcr OEM- und Gro\u00dfhandelsauftr\u00e4ge<\/p>\n<\/li>\n<li class=\"\" data-start=\"3361\" data-end=\"3400\">\n<p class=\"\" data-start=\"3363\" data-end=\"3400\">Kundenspezifisches Logo und Eigenmarkenoptionen<\/p>\n<\/li>\n<li class=\"\" data-start=\"3401\" data-end=\"3464\">\n<p class=\"\" data-start=\"3403\" data-end=\"3464\">Hergestellt gem\u00e4\u00df den EU-Normen f\u00fcr einfachen Import\/Export<\/p>\n<\/li>\n<li class=\"\" data-start=\"3465\" data-end=\"3540\">\n<p class=\"\" data-start=\"3467\" data-end=\"3540\">Ideal f\u00fcr Schie\u00dfsport, Motorradfahren, Jagd und Feldtraining<\/p>\n<\/li>\n<li class=\"\" data-start=\"3541\" data-end=\"3611\">\n<p class=\"\" data-start=\"3543\" data-end=\"3611\">Entwickelt von Ryinz - zuverl\u00e4ssiger Lieferant von professioneller taktischer Ausr\u00fcstung<\/p>\n<\/li>\n<\/ul>\n<p class=\"\" data-start=\"3613\" data-end=\"3981\">Unter <strong data-start=\"3616\" data-end=\"3625\">Ryinz<\/strong>, Wir kennen die kritischen Anforderungen in taktischen Umgebungen. Deshalb stellen wir Handschuhe her, die Z\u00e4higkeit, Beweglichkeit und Schutz in einem leistungsstarken Paket vereinen. Ganz gleich, ob Sie sich f\u00fcr Ihren n\u00e4chsten Einsatz r\u00fcsten, sich auf einen Schie\u00dfwettbewerb vorbereiten oder einfach nur die freie Natur genie\u00dfen, Ryinz-Handschuhe bieten die Zuverl\u00e4ssigkeit und Leistung, auf die Sie vertrauen k\u00f6nnen.<\/p>\n<p class=\"\" data-start=\"3983\" data-end=\"4070\">W\u00e4hlen Sie <strong data-start=\"3990\" data-end=\"4036\">Ryinz Military Tactical Half Finger Handschuhe<\/strong> - wo St\u00e4rke auf Pr\u00e4zision trifft.<\/p>","protected":false},"excerpt":{"rendered":"<p class=\"\" data-start=\"2390\" data-end=\"2411\">Perfekt geeignet f\u00fcr:<\/p>\n<ul data-start=\"2412\" data-end=\"2765\">\n<li class=\"\" data-start=\"2412\" data-end=\"2456\">\n<p class=\"\" data-start=\"2414\" data-end=\"2456\">Milit\u00e4rische taktische Teams und Feldeins\u00e4tze<\/p>\n<\/li>\n<li class=\"\" data-start=\"2457\" data-end=\"2485\">\n<p class=\"\" data-start=\"2459\" data-end=\"2485\">Strafverfolgungsma\u00dfnahmen<\/p>\n<\/li>\n<li class=\"\" data-start=\"2486\" data-end=\"2505\">\n<p class=\"\" data-start=\"2488\" data-end=\"2505\">SWAT-Einheiten der Polizei<\/p>\n<\/li>\n<li class=\"\" data-start=\"2506\" data-end=\"2546\">\n<p class=\"\" data-start=\"2508\" data-end=\"2546\">Spezialkr\u00e4fte und Verteidigungsunternehmen<\/p>\n<\/li>\n<li class=\"\" data-start=\"2547\" data-end=\"2585\">\n<p class=\"\" data-start=\"2549\" data-end=\"2585\">\u00dcbung und Ausbildung auf dem Schie\u00dfstand<\/p>\n<\/li>\n<li class=\"\" data-start=\"2586\" data-end=\"2619\">\n<p class=\"\" data-start=\"2588\" data-end=\"2619\">Jagd- und Fischereiexpeditionen<\/p>\n<\/li>\n<li class=\"\" data-start=\"2620\" data-end=\"2647\">\n<p class=\"\" data-start=\"2622\" data-end=\"2647\">Motorrad- und ATV-Fahrer<\/p>\n<\/li>\n<li class=\"\" data-start=\"2648\" data-end=\"2683\">\n<p class=\"\" data-start=\"2650\" data-end=\"2683\">Sicherheitsfachkr\u00e4fte und Wachpersonal<\/p>\n<\/li>\n<li class=\"\" data-start=\"2684\" data-end=\"2719\">\n<p class=\"\" data-start=\"2686\" data-end=\"2719\">Airsoft- und Paintball-Fans<\/p>\n<\/li>\n<li class=\"\" data-start=\"2720\" data-end=\"2765\">\n<p class=\"\" data-start=\"2722\" data-end=\"2765\">Verk\u00e4ufer von Outdoor-Survival- und Abenteuerausr\u00fcstung<\/p>\n<\/li>\n<\/ul>","protected":false},"featured_media":8999,"comment_status":"closed","ping_status":"closed","template":"","meta":[],"product_brand":[35],"product_cat":[99,100],"product_tag":[119,120,113],"class_list":{"0":"post-8962","1":"product","2":"type-product","3":"status-publish","4":"has-post-thumbnail","6":"product_brand-ryinz","7":"product_cat-gloves","8":"product_cat-police-gloves","9":"product_tag-military-gloves","10":"product_tag-shooting-gloves","11":"product_tag-tactical-gloves","13":"first","14":"instock","15":"taxable","16":"shipping-taxable","17":"purchasable","18":"product-type-simple"},"_links":{"self":[{"href":"https:\/\/ryinz.cz\/velkoobchod\/de\/wp-json\/wp\/v2\/product\/8962","targetHints":{"allow":["GET"]}}],"collection":[{"href":"https:\/\/ryinz.cz\/velkoobchod\/de\/wp-json\/wp\/v2\/product"}],"about":[{"href":"https:\/\/ryinz.cz\/velkoobchod\/de\/wp-json\/wp\/v2\/types\/product"}],"replies":[{"embeddable":true,"href":"https:\/\/ryinz.cz\/velkoobchod\/de\/wp-json\/wp\/v2\/comments?post=8962"}],"wp:featuredmedia":[{"embeddable":true,"href":"https:\/\/ryinz.cz\/velkoobchod\/de\/wp-json\/wp\/v2\/media\/8999"}],"wp:attachment":[{"href":"https:\/\/ryinz.cz\/velkoobchod\/de\/wp-json\/wp\/v2\/media?parent=8962"}],"wp:term":[{"taxonomy":"product_brand","embeddable":true,"href":"https:\/\/ryinz.cz\/velkoobchod\/de\/wp-json\/wp\/v2\/product_brand?post=8962"},{"taxonomy":"product_cat","embeddable":true,"href":"https:\/\/ryinz.cz\/velkoobchod\/de\/wp-json\/wp\/v2\/product_cat?post=8962"},{"taxonomy":"product_tag","embeddable":true,"href":"https:\/\/ryinz.cz\/velkoobchod\/de\/wp-json\/wp\/v2\/product_tag?post=8962"}],"curies":[{"name":"wp","href":"https:\/\/api.w.org\/{rel}","templated":true}]}}