{"id":8961,"date":"2025-06-22T15:23:28","date_gmt":"2025-06-22T15:23:28","guid":{"rendered":"https:\/\/ryinz.cz\/velkoobchod\/?post_type=product&#038;p=8961"},"modified":"2026-01-18T20:17:04","modified_gmt":"2026-01-18T20:17:04","slug":"ryinz-taktische-bekampfung-schiesen-handschuhe-fur-militar-polizei-strafverfolgung-professionelle-hersteller-groshandel-lieferant","status":"publish","type":"product","link":"https:\/\/ryinz.cz\/velkoobchod\/de\/product\/ryinz-tactical-combat-shooting-gloves-for-military-police-law-enforcement-professional-manufacturer-wholesale-supplier\/","title":{"rendered":"Ryinz Tactical Combat Shooting Handschuhe f\u00fcr Milit\u00e4r, Polizei, Strafverfolgung | Professioneller Hersteller &amp; Gro\u00dfhandelslieferant"},"content":{"rendered":"<p class=\"\" data-start=\"419\" data-end=\"848\">Entdecken Sie die ultimative Mischung aus Schutz, Pr\u00e4zision und Haltbarkeit mit dem <strong data-start=\"497\" data-end=\"538\">Ryinz Tactical Combat Schie\u00dfhandschuhe<\/strong>, Die Handschuhe wurden speziell f\u00fcr Milit\u00e4rs, Polizeibeamte, Strafverfolgungsbeh\u00f6rden, Sicherheitsexperten und Schie\u00dfsportbegeisterte entwickelt. Als professioneller Hersteller und Gro\u00dfhandelslieferant von taktischen Handschuhen in Europa, USA und Asien, <strong data-start=\"782\" data-end=\"791\">Ryinz<\/strong> gew\u00e4hrleistet, dass jedes Paar den h\u00f6chsten Industriestandards entspricht.<\/p>\n<p class=\"\" data-start=\"850\" data-end=\"1187\">Hergestellt aus <strong data-start=\"860\" data-end=\"920\">hochwertiges Kunstleder und flexible Stretch-Materialien<\/strong>, Die Ryinz Tactical Combat Gloves bieten unschlagbaren Komfort, ohne dabei an Schutz einzub\u00fc\u00dfen. Die Ryinz Tactical Combat Gloves wurden f\u00fcr den Einsatz in extremen Umgebungen entwickelt und eignen sich perfekt f\u00fcr milit\u00e4risches Training, Polizeieins\u00e4tze, den Umgang mit Schusswaffen und Schie\u00df\u00fcbungen.<\/p>\n<p class=\"\" data-start=\"1189\" data-end=\"1446\">Die <strong data-start=\"1193\" data-end=\"1231\">ergonomisch vorgekr\u00fcmmtes Fingerdesign<\/strong> sorgt f\u00fcr eine nat\u00fcrliche Positionierung der Hand und damit f\u00fcr weniger Erm\u00fcdung bei l\u00e4ngerem Gebrauch. Verst\u00e4rkte Handfl\u00e4chengriffe verbessern die Waffenkontrolle, minimieren das Abrutschen und bieten Sto\u00dfd\u00e4mpfung - entscheidend f\u00fcr hochbelastete taktische Missionen.<\/p>\n<p class=\"\" data-start=\"1448\" data-end=\"1831\">Diese Handschuhe sind f\u00fcr den rauen Einsatz konzipiert und verf\u00fcgen \u00fcber folgende Merkmale <strong data-start=\"1504\" data-end=\"1533\">abriebfeste Platten<\/strong>, verst\u00e4rkte N\u00e4hte, und ein <strong data-start=\"1563\" data-end=\"1612\">Touchscreen-kompatibler Daumen und Zeigefinger<\/strong>, Dadurch k\u00f6nnen die Benutzer intelligente Ger\u00e4te bedienen, ohne die Handschuhe ausziehen zu m\u00fcssen. Ob bei riskanten \u00dcberf\u00e4llen, taktischen \u00dcbungen oder t\u00e4glichen Patrouillen, die Ryinz-Handschuhe bieten die St\u00e4rke und Vielseitigkeit, die f\u00fcr die Leistung in der realen Welt erforderlich sind.<\/p>\n<p class=\"\" data-start=\"1833\" data-end=\"2087\">Der verstellbare Klettverschluss am Handgelenk garantiert einen passgenauen Sitz, h\u00e4lt Schmutz und Feuchtigkeit fern und erm\u00f6glicht ein schnelles An- und Ausziehen. Atmungsaktive Mesh-Eins\u00e4tze sorgen f\u00fcr eine gute Luftzirkulation und halten die H\u00e4nde auch bei hochintensiven Aktivit\u00e4ten trocken und komfortabel.<\/p>\n<p class=\"\" data-start=\"2089\" data-end=\"2465\"><strong data-start=\"2089\" data-end=\"2098\">Ryinz<\/strong> bietet eine umfassende Anpassung f\u00fcr OEM-Bestellungen, einschlie\u00dflich Private-Label-Services, individuelle Logostickerei und exklusive Designs, die auf Polizeidienststellen, Armeeeinheiten, Sch\u00fctzenvereine und Sicherheitsunternehmen zugeschnitten sind. Mit seinem Engagement f\u00fcr Qualit\u00e4t und Innovation ist Ryinz der vertrauensw\u00fcrdige Partner f\u00fcr Eink\u00e4ufer taktischer Ausr\u00fcstung, Distributoren und Einzelh\u00e4ndler in Europa und den USA.<\/p>\n<p class=\"\" data-start=\"2467\" data-end=\"2479\">Perfekt f\u00fcr:<\/p>\n<ul data-start=\"2480\" data-end=\"2822\">\n<li class=\"\" data-start=\"2480\" data-end=\"2503\">\n<p class=\"\" data-start=\"2482\" data-end=\"2503\">Polizeitaktische Teams<\/p>\n<\/li>\n<li class=\"\" data-start=\"2504\" data-end=\"2526\">\n<p class=\"\" data-start=\"2506\" data-end=\"2526\">Milit\u00e4rische Feldeinheiten<\/p>\n<\/li>\n<li class=\"\" data-start=\"2527\" data-end=\"2554\">\n<p class=\"\" data-start=\"2529\" data-end=\"2554\">Spezialeinsatzkr\u00e4fte<\/p>\n<\/li>\n<li class=\"\" data-start=\"2555\" data-end=\"2588\">\n<p class=\"\" data-start=\"2557\" data-end=\"2588\">Taktische Sportsch\u00fctzen und Sportler<\/p>\n<\/li>\n<li class=\"\" data-start=\"2589\" data-end=\"2632\">\n<p class=\"\" data-start=\"2591\" data-end=\"2632\">Liebhaber der Jagd und des Outdoor-Abenteuers<\/p>\n<\/li>\n<li class=\"\" data-start=\"2633\" data-end=\"2684\">\n<p class=\"\" data-start=\"2635\" data-end=\"2684\">Airsoft-, Paintball- und Kampfsimulationsspieler<\/p>\n<\/li>\n<li class=\"\" data-start=\"2685\" data-end=\"2713\">\n<p class=\"\" data-start=\"2687\" data-end=\"2713\">Private Sicherheitsunternehmen<\/p>\n<\/li>\n<li class=\"\" data-start=\"2714\" data-end=\"2748\">\n<p class=\"\" data-start=\"2716\" data-end=\"2748\">Auszubildende der Strafverfolgungsakademie<\/p>\n<\/li>\n<li class=\"\" data-start=\"2749\" data-end=\"2784\">\n<p class=\"\" data-start=\"2751\" data-end=\"2784\">Auftragnehmer und R\u00fcstungslieferanten<\/p>\n<\/li>\n<li class=\"\" data-start=\"2785\" data-end=\"2822\">\n<p class=\"\" data-start=\"2787\" data-end=\"2822\">Einzelh\u00e4ndler f\u00fcr Outdoor- und \u00dcberlebensausr\u00fcstung<\/p>\n<\/li>\n<\/ul>\n<p class=\"\" data-start=\"2824\" data-end=\"2843\">\u2705 <strong data-start=\"2826\" data-end=\"2843\">Wesentliche Merkmale:<\/strong><\/p>\n<ul data-start=\"2844\" data-end=\"3597\">\n<li class=\"\" data-start=\"2844\" data-end=\"2889\">\n<p class=\"\" data-start=\"2846\" data-end=\"2889\">Taktische Schie\u00dfhandschuhe in Profiqualit\u00e4t<\/p>\n<\/li>\n<li class=\"\" data-start=\"2890\" data-end=\"2953\">\n<p class=\"\" data-start=\"2892\" data-end=\"2953\">Gefertigt aus hochwertigem Kunstleder und Stretchmaterial<\/p>\n<\/li>\n<li class=\"\" data-start=\"2954\" data-end=\"3010\">\n<p class=\"\" data-start=\"2956\" data-end=\"3010\">Verst\u00e4rkte Handfl\u00e4che mit hervorragender Griffigkeit f\u00fcr die Handhabung von Waffen<\/p>\n<\/li>\n<li class=\"\" data-start=\"3011\" data-end=\"3068\">\n<p class=\"\" data-start=\"3013\" data-end=\"3068\">Touchscreen-kompatible Fingerspitzen f\u00fcr die Nutzung von Mobilger\u00e4ten<\/p>\n<\/li>\n<li class=\"\" data-start=\"3069\" data-end=\"3114\">\n<p class=\"\" data-start=\"3071\" data-end=\"3114\">Atmungsaktive Netzeins\u00e4tze zur Feuchtigkeitsregulierung<\/p>\n<\/li>\n<li class=\"\" data-start=\"3115\" data-end=\"3157\">\n<p class=\"\" data-start=\"3117\" data-end=\"3157\">Ergonomisch vorgekr\u00fcmmte Fingerkonstruktion<\/p>\n<\/li>\n<li class=\"\" data-start=\"3158\" data-end=\"3205\">\n<p class=\"\" data-start=\"3160\" data-end=\"3205\">Klettverschluss am Handgelenk f\u00fcr sicheren, verstellbaren Sitz<\/p>\n<\/li>\n<li class=\"\" data-start=\"3206\" data-end=\"3250\">\n<p class=\"\" data-start=\"3208\" data-end=\"3250\">Leicht und dennoch strapazierf\u00e4hig f\u00fcr lang anhaltendes Tragen<\/p>\n<\/li>\n<li class=\"\" data-start=\"3251\" data-end=\"3289\">\n<p class=\"\" data-start=\"3253\" data-end=\"3289\">Abrieb- und sto\u00dffestes Design<\/p>\n<\/li>\n<li class=\"\" data-start=\"3290\" data-end=\"3325\">\n<p class=\"\" data-start=\"3292\" data-end=\"3325\">Einfache Pflege und schnelles Trocknen<\/p>\n<\/li>\n<li class=\"\" data-start=\"3326\" data-end=\"3369\">\n<p class=\"\" data-start=\"3328\" data-end=\"3369\">EU-Standardfertigung f\u00fcr einfachen Import<\/p>\n<\/li>\n<li class=\"\" data-start=\"3370\" data-end=\"3435\">\n<p class=\"\" data-start=\"3372\" data-end=\"3435\">Ideal f\u00fcr Schie\u00dfsport, Polizeiausbildung, taktische Eins\u00e4tze<\/p>\n<\/li>\n<li class=\"\" data-start=\"3436\" data-end=\"3485\">\n<p class=\"\" data-start=\"3438\" data-end=\"3485\">OEM-Herstellung und kundenspezifisches Branding m\u00f6glich<\/p>\n<\/li>\n<li class=\"\" data-start=\"3486\" data-end=\"3535\">\n<p class=\"\" data-start=\"3488\" data-end=\"3535\">Zuverl\u00e4ssiger Lieferant f\u00fcr taktische Handschuhe im Gro\u00dfhandel<\/p>\n<\/li>\n<li class=\"\" data-start=\"3536\" data-end=\"3597\">\n<p class=\"\" data-start=\"3538\" data-end=\"3597\">Perfekte Balance aus Flexibilit\u00e4t, St\u00e4rke und Atmungsaktivit\u00e4t<\/p>\n<\/li>\n<\/ul>\n<p class=\"\" data-start=\"3599\" data-end=\"3854\">W\u00e4hlen Sie <strong data-start=\"3606\" data-end=\"3647\">Ryinz Tactical Combat Schie\u00dfhandschuhe<\/strong> und r\u00fcsten Sie sich mit Ausr\u00fcstung aus, auf die Profis im Einsatz vertrauen. Unser Engagement f\u00fcr Pr\u00e4zisionsfertigung, Kundenzufriedenheit und hochwertige Materialien sorgt daf\u00fcr, dass jeder Einsatz mit Vertrauen beginnt.<\/p>\n<p class=\"\" data-start=\"3856\" data-end=\"4036\">Wir bei Ryinz \u00f6ffnen T\u00fcren f\u00fcr Ihr Unternehmen, indem wir qualitativ hochwertige, einsatzbereite taktische Handschuhe anbieten, die den realen Bed\u00fcrfnissen von Milit\u00e4r und Strafverfolgungsbeh\u00f6rden weltweit entsprechen.<\/p>","protected":false},"excerpt":{"rendered":"<p class=\"\" data-start=\"2824\" data-end=\"2843\">\u2705 <strong data-start=\"2826\" data-end=\"2843\">Wesentliche Merkmale:<\/strong><\/p>\n<ul data-start=\"2844\" data-end=\"3597\">\n<li class=\"\" data-start=\"2844\" data-end=\"2889\">\n<p class=\"\" data-start=\"2846\" data-end=\"2889\">Taktische Schie\u00dfhandschuhe in Profiqualit\u00e4t<\/p>\n<\/li>\n<li class=\"\" data-start=\"2890\" data-end=\"2953\">\n<p class=\"\" data-start=\"2892\" data-end=\"2953\">Gefertigt aus hochwertigem Kunstleder und Stretchmaterial<\/p>\n<\/li>\n<li class=\"\" data-start=\"2954\" data-end=\"3010\">\n<p class=\"\" data-start=\"2956\" data-end=\"3010\">Verst\u00e4rkte Handfl\u00e4che mit hervorragender Griffigkeit f\u00fcr die Handhabung von Waffen<\/p>\n<\/li>\n<li class=\"\" data-start=\"3011\" data-end=\"3068\">\n<p class=\"\" data-start=\"3013\" data-end=\"3068\">Touchscreen-kompatible Fingerspitzen f\u00fcr die Nutzung von Mobilger\u00e4ten<\/p>\n<\/li>\n<li class=\"\" data-start=\"3069\" data-end=\"3114\">\n<p class=\"\" data-start=\"3071\" data-end=\"3114\">Atmungsaktive Netzeins\u00e4tze zur Feuchtigkeitsregulierung<\/p>\n<\/li>\n<li class=\"\" data-start=\"3115\" data-end=\"3157\">\n<p class=\"\" data-start=\"3117\" data-end=\"3157\">Ergonomisch vorgekr\u00fcmmte Fingerkonstruktion<\/p>\n<\/li>\n<li class=\"\" data-start=\"3158\" data-end=\"3205\">\n<p class=\"\" data-start=\"3160\" data-end=\"3205\">Klettverschluss am Handgelenk f\u00fcr sicheren, verstellbaren Sitz<\/p>\n<\/li>\n<li class=\"\" data-start=\"3206\" data-end=\"3250\">EU-Standardfertigung f\u00fcr einfachen Import<\/li>\n<\/ul>","protected":false},"featured_media":8984,"comment_status":"closed","ping_status":"closed","template":"","meta":[],"product_brand":[35],"product_cat":[99,100],"product_tag":[118,104],"class_list":{"0":"post-8961","1":"product","2":"type-product","3":"status-publish","4":"has-post-thumbnail","6":"product_brand-ryinz","7":"product_cat-gloves","8":"product_cat-police-gloves","9":"product_tag-police-gear","10":"product_tag-tactical-police-gloves","12":"first","13":"instock","14":"taxable","15":"shipping-taxable","16":"purchasable","17":"product-type-simple"},"_links":{"self":[{"href":"https:\/\/ryinz.cz\/velkoobchod\/de\/wp-json\/wp\/v2\/product\/8961","targetHints":{"allow":["GET"]}}],"collection":[{"href":"https:\/\/ryinz.cz\/velkoobchod\/de\/wp-json\/wp\/v2\/product"}],"about":[{"href":"https:\/\/ryinz.cz\/velkoobchod\/de\/wp-json\/wp\/v2\/types\/product"}],"replies":[{"embeddable":true,"href":"https:\/\/ryinz.cz\/velkoobchod\/de\/wp-json\/wp\/v2\/comments?post=8961"}],"wp:featuredmedia":[{"embeddable":true,"href":"https:\/\/ryinz.cz\/velkoobchod\/de\/wp-json\/wp\/v2\/media\/8984"}],"wp:attachment":[{"href":"https:\/\/ryinz.cz\/velkoobchod\/de\/wp-json\/wp\/v2\/media?parent=8961"}],"wp:term":[{"taxonomy":"product_brand","embeddable":true,"href":"https:\/\/ryinz.cz\/velkoobchod\/de\/wp-json\/wp\/v2\/product_brand?post=8961"},{"taxonomy":"product_cat","embeddable":true,"href":"https:\/\/ryinz.cz\/velkoobchod\/de\/wp-json\/wp\/v2\/product_cat?post=8961"},{"taxonomy":"product_tag","embeddable":true,"href":"https:\/\/ryinz.cz\/velkoobchod\/de\/wp-json\/wp\/v2\/product_tag?post=8961"}],"curies":[{"name":"wp","href":"https:\/\/api.w.org\/{rel}","templated":true}]}}