{"id":8959,"date":"2025-06-22T15:23:05","date_gmt":"2025-06-22T15:23:05","guid":{"rendered":"https:\/\/ryinz.cz\/velkoobchod\/?post_type=product&#038;p=8959"},"modified":"2026-01-18T20:17:03","modified_gmt":"2026-01-18T20:17:03","slug":"ryinz-professionelle-taktische-strafverfolgungshandschuhe-fur-polizei-sicherheit-militar-und-schiesen-hohe-geschicklichkeit-pflicht-handschuhe-hersteller-groshandel-lieferant","status":"publish","type":"product","link":"https:\/\/ryinz.cz\/velkoobchod\/de\/product\/ryinz-professional-tactical-law-enforcement-gloves-for-police-security-military-and-shooting-high-dexterity-duty-gloves-manufacturer-wholesale-supplier\/","title":{"rendered":"Ryinz Professional Tactical Law Enforcement Handschuhe f\u00fcr Polizei, Sicherheit, Milit\u00e4r und Schie\u00dfen - High Dexterity Duty Handschuhe Hersteller &amp; Gro\u00dfhandel Lieferant"},"content":{"rendered":"<p class=\"\" data-start=\"404\" data-end=\"825\">Wenn die Pflicht ruft, vertrauen Sie auf die \u00fcberlegene Leistung von <strong data-start=\"455\" data-end=\"509\">Ryinz Professional Tactical Strafverfolgungshandschuhe<\/strong>, Sie wurde f\u00fcr intensive Eins\u00e4tze von Polizeibeamten, Sicherheitspersonal, Soldaten, taktischen Operateuren und professionellen Schie\u00dfsportlern entwickelt. Als dedizierte <strong data-start=\"667\" data-end=\"706\">Hersteller und Gro\u00dfhandelslieferant<\/strong>, Ryinz bietet taktische Handschuhe von au\u00dfergew\u00f6hnlicher Qualit\u00e4t, die f\u00fcr maximale Fingerfertigkeit, Schutz und Haltbarkeit entwickelt wurden.<\/p>\n<p class=\"\" data-start=\"827\" data-end=\"1164\">Diese <strong data-start=\"833\" data-end=\"859\">Strafverfolgungshandschuhe<\/strong> zeichnen sich durch eine intelligente Mischung hochwertiger Materialien aus - echte Lederhandfl\u00e4chen f\u00fcr au\u00dfergew\u00f6hnliche Griffigkeit, synthetische, atmungsaktive Oberhandmaterialien f\u00fcr flexible Bewegungsfreiheit und verst\u00e4rkte Paneele f\u00fcr Aufprallschutz - und sind damit perfekt f\u00fcr taktische Eins\u00e4tze, Patrouillen, Festnahmen, Verteidigungsaktivit\u00e4ten und Schie\u00df\u00fcbungen.<\/p>\n<p class=\"\" data-start=\"1166\" data-end=\"1475\">Die <strong data-start=\"1170\" data-end=\"1201\">ergonomisch geformte Passform<\/strong> erm\u00f6glicht eine un\u00fcbertroffene Fingerfertigkeit, die eine schnelle Reaktion auf den Abzug, die Handhabung der Ausr\u00fcstung und die Waffenkontrolle gew\u00e4hrleistet. Ob bei der Kontrolle von Menschenmengen, taktischem Training, verdeckten Eins\u00e4tzen oder pers\u00f6nlicher Verteidigung, die taktischen Handschuhe von Ryinz bieten ein Gef\u00fchl wie eine zweite Haut, w\u00e4hrend sie einen taktischen Vorteil gew\u00e4hrleisten.<\/p>\n<p class=\"\" data-start=\"1477\" data-end=\"1854\">Strategisch platzierte Polsterungen an den Handfl\u00e4chen und Kn\u00f6cheln bieten Schutz vor St\u00f6\u00dfen und Abrieb, ohne die Sensibilit\u00e4t der Finger zu beeintr\u00e4chtigen. Hochentwickelte N\u00e4hte sorgen f\u00fcr lange Haltbarkeit auch unter rauen Einsatzbedingungen. Die verstellbare Handgelenkschlaufe mit Klettverschluss sorgt f\u00fcr eine individuelle, sichere Passform und erm\u00f6glicht ein schnelles An- und Ausziehen der Handschuhe unter Druck.<\/p>\n<p class=\"\" data-start=\"1856\" data-end=\"2076\">Das feuchtigkeitsableitende Futter h\u00e4lt Ihre H\u00e4nde bei langen Eins\u00e4tzen trocken und komfortabel, w\u00e4hrend die leichte, atmungsaktive Konstruktion \u00dcberhitzung verhindert - ein entscheidender Faktor f\u00fcr Spitzenleistungen bei jedem Wetter.<\/p>\n<p class=\"\" data-start=\"2078\" data-end=\"2341\">Ob Sie nun zuverl\u00e4ssige taktische Handschuhe f\u00fcr Ihre Strafverfolgungsbeh\u00f6rde, Ihre private Sicherheitsagentur, Ihre Milit\u00e4reinheit oder Ihr Schie\u00dfsportgesch\u00e4ft ben\u00f6tigen, Ryinz bietet Ihnen die Herstellung von Eigenmarken, OEM-Services und Gro\u00dfhandelsoptionen, die auf Ihre Marke und Ihre Anforderungen zugeschnitten sind.<\/p>\n<p class=\"\" data-start=\"2343\" data-end=\"2362\">\u2705 <strong data-start=\"2345\" data-end=\"2362\">Wesentliche Merkmale:<\/strong><\/p>\n<ul data-start=\"2363\" data-end=\"3292\">\n<li class=\"\" data-start=\"2363\" data-end=\"2448\">\n<p class=\"\" data-start=\"2365\" data-end=\"2448\">Taktische Handschuhe, die speziell f\u00fcr Polizei, Milit\u00e4r und Sicherheitsdienste entwickelt wurden<\/p>\n<\/li>\n<li class=\"\" data-start=\"2449\" data-end=\"2505\">\n<p class=\"\" data-start=\"2451\" data-end=\"2505\">Handfl\u00e4chen aus echtem Leder f\u00fcr verbesserte Griffigkeit und Haltbarkeit<\/p>\n<\/li>\n<li class=\"\" data-start=\"2506\" data-end=\"2560\">\n<p class=\"\" data-start=\"2508\" data-end=\"2560\">Synthetische dehnbare Oberhand f\u00fcr flexible Bewegung<\/p>\n<\/li>\n<li class=\"\" data-start=\"2561\" data-end=\"2608\">\n<p class=\"\" data-start=\"2563\" data-end=\"2608\">Leicht und atmungsaktiv f\u00fcr den ganzj\u00e4hrigen Einsatz<\/p>\n<\/li>\n<li class=\"\" data-start=\"2609\" data-end=\"2645\">\n<p class=\"\" data-start=\"2611\" data-end=\"2645\">Verst\u00e4rkte Aufprallschutzzonen<\/p>\n<\/li>\n<li class=\"\" data-start=\"2646\" data-end=\"2703\">\n<p class=\"\" data-start=\"2648\" data-end=\"2703\">Ergonomisches, vorgekr\u00fcmmtes Fingerdesign f\u00fcr nat\u00fcrliche Bewegungen<\/p>\n<\/li>\n<li class=\"\" data-start=\"2704\" data-end=\"2750\">\n<p class=\"\" data-start=\"2706\" data-end=\"2750\">Mit Klettverschluss verstellbares Handgelenkband f\u00fcr sicheren Sitz<\/p>\n<\/li>\n<li class=\"\" data-start=\"2751\" data-end=\"2805\">\n<p class=\"\" data-start=\"2753\" data-end=\"2805\">Feuchtigkeitsableitendes Innenfutter f\u00fcr ganzt\u00e4gigen Komfort<\/p>\n<\/li>\n<li class=\"\" data-start=\"2806\" data-end=\"2857\">\n<p class=\"\" data-start=\"2808\" data-end=\"2857\">Strapazierf\u00e4hige N\u00e4hte f\u00fcr hohe Rei\u00dffestigkeit<\/p>\n<\/li>\n<li class=\"\" data-start=\"2858\" data-end=\"2944\">\n<p class=\"\" data-start=\"2860\" data-end=\"2944\">Optimal f\u00fcr den Umgang mit Schusswaffen, taktischer Ausr\u00fcstung und Nahkampfverteidigung<\/p>\n<\/li>\n<li class=\"\" data-start=\"2945\" data-end=\"3011\">\n<p class=\"\" data-start=\"2947\" data-end=\"3011\">Eigenmarken und individuelles Branding f\u00fcr Gro\u00dfabnehmer erh\u00e4ltlich<\/p>\n<\/li>\n<li class=\"\" data-start=\"3012\" data-end=\"3063\">\n<p class=\"\" data-start=\"3014\" data-end=\"3063\">Entwickelt, um internationalen taktischen Standards zu entsprechen<\/p>\n<\/li>\n<li class=\"\" data-start=\"3064\" data-end=\"3175\">\n<p class=\"\" data-start=\"3066\" data-end=\"3175\">Geeignet f\u00fcr st\u00e4dtische Sicherheit, SWAT-Eins\u00e4tze, Aufstandsbek\u00e4mpfung, taktische Undercover-Eins\u00e4tze und Schie\u00dftraining<\/p>\n<\/li>\n<li class=\"\" data-start=\"3176\" data-end=\"3292\">\n<p class=\"\" data-start=\"3178\" data-end=\"3292\">Professionelle taktische Handschuhe, auf die Verteidigungsunternehmen, Lieferanten von Polizeiausr\u00fcstung und Sicherheitsdienstleister vertrauen<\/p>\n<\/li>\n<\/ul>\n<p class=\"\" data-start=\"3294\" data-end=\"3611\">Unter <strong data-start=\"3297\" data-end=\"3306\">Ryinz<\/strong>, Unser Ziel ist es, moderne K\u00e4mpfer mit professioneller taktischer Ausr\u00fcstung auszustatten, die den h\u00f6chsten Industriestandards entspricht. Unser <strong data-start=\"3427\" data-end=\"3466\">Professionelle Handschuhe f\u00fcr die Strafverfolgung<\/strong> werden von f\u00fchrenden taktischen Teams in ganz Europa und den USA wegen ihrer Leistung, ihres Schutzes und ihrer Zuverl\u00e4ssigkeit unter h\u00e4rtesten Bedingungen gesch\u00e4tzt.<\/p>\n<p class=\"\" data-start=\"3613\" data-end=\"3747\">R\u00fcste dein Team aus, verbessere dein Arsenal und sch\u00fctze deine H\u00e4nde mit Ryinz - wo taktische Exzellenz auf professionelle Handwerkskunst trifft.<\/p>\n<p class=\"\" data-start=\"3749\" data-end=\"3856\"><strong data-start=\"3749\" data-end=\"3769\">Kontaktieren Sie uns heute<\/strong> f\u00fcr Gro\u00dfhandelsbestellungen, Anfragen zum Private Branding und ma\u00dfgeschneiderte L\u00f6sungen f\u00fcr taktische Handschuhe!<\/p>","protected":false},"excerpt":{"rendered":"<p class=\"\" data-start=\"2343\" data-end=\"2362\">\u2705 <strong data-start=\"2345\" data-end=\"2362\">Wesentliche Merkmale:<\/strong><\/p>\n<ul data-start=\"2363\" data-end=\"3292\">\n<li class=\"\" data-start=\"2363\" data-end=\"2448\">\n<p class=\"\" data-start=\"2365\" data-end=\"2448\">Taktische Handschuhe, die speziell f\u00fcr Polizei, Milit\u00e4r und Sicherheitsdienste entwickelt wurden<\/p>\n<\/li>\n<li class=\"\" data-start=\"2449\" data-end=\"2505\">\n<p class=\"\" data-start=\"2451\" data-end=\"2505\">Handfl\u00e4chen aus echtem Leder f\u00fcr verbesserte Griffigkeit und Haltbarkeit<\/p>\n<\/li>\n<li class=\"\" data-start=\"2506\" data-end=\"2560\">\n<p class=\"\" data-start=\"2508\" data-end=\"2560\">Synthetische dehnbare Oberhand f\u00fcr flexible Bewegung<\/p>\n<\/li>\n<li class=\"\" data-start=\"2561\" data-end=\"2608\">\n<p class=\"\" data-start=\"2563\" data-end=\"2608\">Leicht und atmungsaktiv f\u00fcr den ganzj\u00e4hrigen Einsatz<\/p>\n<\/li>\n<li class=\"\" data-start=\"2609\" data-end=\"2645\">\n<p class=\"\" data-start=\"2611\" data-end=\"2645\">Verst\u00e4rkte Aufprallschutzzonen<\/p>\n<\/li>\n<li class=\"\" data-start=\"2646\" data-end=\"2703\">\n<p class=\"\" data-start=\"2648\" data-end=\"2703\">Ergonomisches, vorgekr\u00fcmmtes Fingerdesign f\u00fcr nat\u00fcrliche Bewegungen<\/p>\n<\/li>\n<\/ul>","protected":false},"featured_media":8997,"comment_status":"closed","ping_status":"closed","template":"","meta":[],"product_brand":[35],"product_cat":[99,100],"product_tag":[117,104],"class_list":{"0":"post-8959","1":"product","2":"type-product","3":"status-publish","4":"has-post-thumbnail","6":"product_brand-ryinz","7":"product_cat-gloves","8":"product_cat-police-gloves","9":"product_tag-law-enforcement-gloves","10":"product_tag-tactical-police-gloves","12":"first","13":"instock","14":"taxable","15":"shipping-taxable","16":"purchasable","17":"product-type-simple"},"_links":{"self":[{"href":"https:\/\/ryinz.cz\/velkoobchod\/de\/wp-json\/wp\/v2\/product\/8959","targetHints":{"allow":["GET"]}}],"collection":[{"href":"https:\/\/ryinz.cz\/velkoobchod\/de\/wp-json\/wp\/v2\/product"}],"about":[{"href":"https:\/\/ryinz.cz\/velkoobchod\/de\/wp-json\/wp\/v2\/types\/product"}],"replies":[{"embeddable":true,"href":"https:\/\/ryinz.cz\/velkoobchod\/de\/wp-json\/wp\/v2\/comments?post=8959"}],"wp:featuredmedia":[{"embeddable":true,"href":"https:\/\/ryinz.cz\/velkoobchod\/de\/wp-json\/wp\/v2\/media\/8997"}],"wp:attachment":[{"href":"https:\/\/ryinz.cz\/velkoobchod\/de\/wp-json\/wp\/v2\/media?parent=8959"}],"wp:term":[{"taxonomy":"product_brand","embeddable":true,"href":"https:\/\/ryinz.cz\/velkoobchod\/de\/wp-json\/wp\/v2\/product_brand?post=8959"},{"taxonomy":"product_cat","embeddable":true,"href":"https:\/\/ryinz.cz\/velkoobchod\/de\/wp-json\/wp\/v2\/product_cat?post=8959"},{"taxonomy":"product_tag","embeddable":true,"href":"https:\/\/ryinz.cz\/velkoobchod\/de\/wp-json\/wp\/v2\/product_tag?post=8959"}],"curies":[{"name":"wp","href":"https:\/\/api.w.org\/{rel}","templated":true}]}}