{"id":8958,"date":"2025-06-22T15:23:04","date_gmt":"2025-06-22T15:23:04","guid":{"rendered":"https:\/\/ryinz.cz\/velkoobchod\/?post_type=product&#038;p=8958"},"modified":"2026-01-18T20:17:03","modified_gmt":"2026-01-18T20:17:03","slug":"ryinz-schwere-militarische-taktische-handschuhe-fur-polizei-armee-schiesen-und-sicherheit-operationen-vollen-schutz-lange-stulpe-kampfhandschuhe-hersteller-groshandel","status":"publish","type":"product","link":"https:\/\/ryinz.cz\/velkoobchod\/de\/product\/ryinz-heavy-duty-military-tactical-gloves-for-police-army-shooting-and-security-operations-full-protection-long-cuff-combat-gloves-manufacturer-wholesale\/","title":{"rendered":"Ryinz Heavy-Duty Military Tactical Gloves f\u00fcr Polizei, Armee, Schie\u00dfen, und Sicherheit Operationen - Full Protection Long Cuff Combat Gloves Hersteller &amp; Gro\u00dfhandel"},"content":{"rendered":"<p class=\"\" data-start=\"404\" data-end=\"972\">Erleben Sie die n\u00e4chste Stufe des taktischen Handschutzes mit dem <strong data-start=\"467\" data-end=\"512\">Ryinz Heavy-Duty Military Tactical Handschuhe<\/strong>, Dieser Handschuh wurde speziell f\u00fcr Milit\u00e4r, Polizei, Sicherheitskr\u00e4fte und Berufssch\u00fctzen entwickelt. Diese Handschuhe wurden f\u00fcr extreme Bedingungen entwickelt und bieten unschlagbare Strapazierf\u00e4higkeit, Komfort und hohe Schlagfestigkeit f\u00fcr einsatzkritische Aufgaben. Als Premium <strong data-start=\"755\" data-end=\"794\">Hersteller und Gro\u00dfhandelslieferant<\/strong>, Ryinz bietet erstklassige taktische Handschuhe, die den strengen Anforderungen von Strafverfolgungsbeh\u00f6rden, Armeelieferanten, Verteidigungsunternehmen und Einzelh\u00e4ndlern f\u00fcr taktische Ausr\u00fcstung weltweit entsprechen.<\/p>\n<p class=\"\" data-start=\"974\" data-end=\"1448\">Gefertigt aus hochwertigem, vollnarbigem Leder, kombiniert mit hochbelastbaren synthetischen Verst\u00e4rkungen, sind diese <strong data-start=\"1076\" data-end=\"1105\">Taktische Handschuhe mit langer Stulpe<\/strong> bieten fortschrittlichen Schutz f\u00fcr die Hand, die Kn\u00f6chel und die Handgelenke. Die stark gepolsterten Bereiche und verst\u00e4rkten Platten absorbieren St\u00f6\u00dfe und sch\u00fctzen vor Sch\u00fcrfwunden, Schnitten und St\u00f6\u00dfen mit hoher Geschwindigkeit, was sie zur idealen Wahl f\u00fcr Aufstandsbek\u00e4mpfung, SWAT-Eins\u00e4tze, taktische Schie\u00df\u00fcbungen, Sicherheitspatrouillen, Motorradfahren und milit\u00e4rische \u00dcbungen im Freien macht.<\/p>\n<p class=\"\" data-start=\"1450\" data-end=\"1819\">Die <strong data-start=\"1454\" data-end=\"1492\">ergonomisch vorgekr\u00fcmmtes Fingerdesign<\/strong> verbessert die nat\u00fcrliche Bewegung und verringert die Erm\u00fcdung der H\u00e4nde bei l\u00e4ngerem Gebrauch. Die verstellbaren Handgelenksverschl\u00fcsse garantieren einen sicheren Sitz und sorgen f\u00fcr optimale Flexibilit\u00e4t, ohne die Sicherheit zu beeintr\u00e4chtigen. Au\u00dferdem bieten die verl\u00e4ngerten, stulpenartigen Manschetten einen hervorragenden Schutz f\u00fcr den Unterarm, der sich perfekt f\u00fcr den urbanen Krieg und schwere taktische Eins\u00e4tze eignet.<\/p>\n<p class=\"\" data-start=\"1821\" data-end=\"2188\">Atmungsaktive Materialien und feuchtigkeitsableitendes Futter sorgen auch bei rauem Klima f\u00fcr ein angenehmes Tragegef\u00fchl, w\u00e4hrend die strapazierf\u00e4higen N\u00e4hte bei harten Eins\u00e4tzen dauerhafte Zuverl\u00e4ssigkeit garantieren. Ob im Nahkampf, bei taktischen Trainingseinheiten oder bei Survival-Expeditionen in der Wildnis, die Ryinz Military Tactical Gloves sind der ultimative Schutz f\u00fcr Ihre H\u00e4nde.<\/p>\n<p class=\"\" data-start=\"2190\" data-end=\"2200\">Ideal f\u00fcr:<\/p>\n<ul data-start=\"2201\" data-end=\"2682\">\n<li class=\"\" data-start=\"2201\" data-end=\"2244\">\n<p class=\"\" data-start=\"2203\" data-end=\"2244\">Taktische Teams der Polizei und der Strafverfolgungsbeh\u00f6rden<\/p>\n<\/li>\n<li class=\"\" data-start=\"2245\" data-end=\"2282\">\n<p class=\"\" data-start=\"2247\" data-end=\"2282\">Soldaten der Armee und Verteidigungspersonal<\/p>\n<\/li>\n<li class=\"\" data-start=\"2283\" data-end=\"2318\">\n<p class=\"\" data-start=\"2285\" data-end=\"2318\">Sondereins\u00e4tze und SWAT-Einheiten<\/p>\n<\/li>\n<li class=\"\" data-start=\"2319\" data-end=\"2359\">\n<p class=\"\" data-start=\"2321\" data-end=\"2359\">Private Sicherheitskr\u00e4fte und Leibw\u00e4chter<\/p>\n<\/li>\n<li class=\"\" data-start=\"2360\" data-end=\"2400\">\n<p class=\"\" data-start=\"2362\" data-end=\"2400\">Berufs- und Freizeitsch\u00fctzen<\/p>\n<\/li>\n<li class=\"\" data-start=\"2401\" data-end=\"2440\">\n<p class=\"\" data-start=\"2403\" data-end=\"2440\">Unruhenbek\u00e4mpfung und Notfalleinsatzkr\u00e4fte<\/p>\n<\/li>\n<li class=\"\" data-start=\"2441\" data-end=\"2482\">\n<p class=\"\" data-start=\"2443\" data-end=\"2482\">\u00dcberleben im Freien, Jagen und Trekking<\/p>\n<\/li>\n<li class=\"\" data-start=\"2483\" data-end=\"2534\">\n<p class=\"\" data-start=\"2485\" data-end=\"2534\">Motorradfahrer, die einen maximalen Handschutz suchen<\/p>\n<\/li>\n<li class=\"\" data-start=\"2535\" data-end=\"2594\">\n<p class=\"\" data-start=\"2537\" data-end=\"2594\">Gro\u00dfh\u00e4ndler f\u00fcr milit\u00e4rische und taktische Ausr\u00fcstung<\/p>\n<\/li>\n<li class=\"\" data-start=\"2595\" data-end=\"2637\">\n<p class=\"\" data-start=\"2597\" data-end=\"2637\">Staatliche Auftr\u00e4ge f\u00fcr taktische Ausr\u00fcstung<\/p>\n<\/li>\n<li class=\"\" data-start=\"2638\" data-end=\"2682\">\n<p class=\"\" data-start=\"2640\" data-end=\"2682\">Taktische Sportarten wie Paintball und Airsoft<\/p>\n<\/li>\n<\/ul>\n<p class=\"\" data-start=\"2684\" data-end=\"2703\">\u2705 <strong data-start=\"2686\" data-end=\"2703\">Wesentliche Merkmale:<\/strong><\/p>\n<ul data-start=\"2704\" data-end=\"3612\">\n<li class=\"\" data-start=\"2704\" data-end=\"2762\">\n<p class=\"\" data-start=\"2706\" data-end=\"2762\">Milit\u00e4rhandschuhe aus Vollnarbenleder mit langer Stulpe<\/p>\n<\/li>\n<li class=\"\" data-start=\"2763\" data-end=\"2813\">\n<p class=\"\" data-start=\"2765\" data-end=\"2813\">Hochbelastbarer Schutz f\u00fcr Kn\u00f6chel, Finger und Handgelenke<\/p>\n<\/li>\n<li class=\"\" data-start=\"2814\" data-end=\"2856\">\n<p class=\"\" data-start=\"2816\" data-end=\"2856\">Verst\u00e4rkte Polsterung f\u00fcr Sto\u00dffestigkeit<\/p>\n<\/li>\n<li class=\"\" data-start=\"2857\" data-end=\"2896\">\n<p class=\"\" data-start=\"2859\" data-end=\"2896\">Ergonomische Passform mit vorgekr\u00fcmmten Fingern<\/p>\n<\/li>\n<li class=\"\" data-start=\"2897\" data-end=\"2953\">\n<p class=\"\" data-start=\"2899\" data-end=\"2953\">Verl\u00e4ngerte Stulpenmanschetten f\u00fcr maximalen Unterarmschutz<\/p>\n<\/li>\n<li class=\"\" data-start=\"2954\" data-end=\"3006\">\n<p class=\"\" data-start=\"2956\" data-end=\"3006\">Verstellbarer Handgelenksverschluss f\u00fcr einen bequemen und sicheren Sitz<\/p>\n<\/li>\n<li class=\"\" data-start=\"3007\" data-end=\"3053\">\n<p class=\"\" data-start=\"3009\" data-end=\"3053\">Atmungsaktives und feuchtigkeitsableitendes Innenfutter<\/p>\n<\/li>\n<li class=\"\" data-start=\"3054\" data-end=\"3105\">\n<p class=\"\" data-start=\"3056\" data-end=\"3105\">Abriebfeste und schnittfeste Konstruktion<\/p>\n<\/li>\n<li class=\"\" data-start=\"3106\" data-end=\"3180\">\n<p class=\"\" data-start=\"3108\" data-end=\"3180\">Professionelle taktische Ausr\u00fcstung, auf die Milit\u00e4r und Strafverfolgungsbeh\u00f6rden vertrauen<\/p>\n<\/li>\n<li class=\"\" data-start=\"3181\" data-end=\"3240\">\n<p class=\"\" data-start=\"3183\" data-end=\"3240\">OEM-, Eigenmarken- und Gro\u00dfhandelsfertigung m\u00f6glich<\/p>\n<\/li>\n<li class=\"\" data-start=\"3241\" data-end=\"3294\">\n<p class=\"\" data-start=\"3243\" data-end=\"3294\">Entwickelt nach EU-Standards f\u00fcr den nahtlosen weltweiten Export<\/p>\n<\/li>\n<li class=\"\" data-start=\"3295\" data-end=\"3340\">\n<p class=\"\" data-start=\"3297\" data-end=\"3340\">Strapazierf\u00e4hige N\u00e4hte f\u00fcr maximale Haltbarkeit<\/p>\n<\/li>\n<li class=\"\" data-start=\"3341\" data-end=\"3433\">\n<p class=\"\" data-start=\"3343\" data-end=\"3433\">Ideal f\u00fcr Sicherheitseins\u00e4tze, taktisches Schie\u00dfen, milit\u00e4rische \u00dcbungen und Au\u00dfeneins\u00e4tze<\/p>\n<\/li>\n<li class=\"\" data-start=\"3434\" data-end=\"3532\">\n<p class=\"\" data-start=\"3436\" data-end=\"3532\">Lieferanten von taktischer Ausr\u00fcstung, Eink\u00e4ufer von Polizeiausr\u00fcstung und milit\u00e4rische Gro\u00dfh\u00e4ndler vertrauen auf uns.<\/p>\n<\/li>\n<li class=\"\" data-start=\"3533\" data-end=\"3612\">\n<p class=\"\" data-start=\"3535\" data-end=\"3612\">Hergestellt von Ryinz - Ihr Partner f\u00fcr professionelle taktische Ausr\u00fcstungsl\u00f6sungen<\/p>\n<\/li>\n<\/ul>\n<p class=\"\" data-start=\"3614\" data-end=\"3981\">Unter <strong data-start=\"3617\" data-end=\"3626\">Ryinz<\/strong>, Wir kennen die Anforderungen, die auf dem Schlachtfeld an taktische Operatoren und Sicherheitsexperten gestellt werden. Deshalb sind unsere Handschuhe mehr als nur ein Schutz - sie sind eine Erweiterung Ihrer F\u00e4higkeiten. <strong data-start=\"3821\" data-end=\"3866\">Ryinz Heavy-Duty Military Tactical Handschuhe<\/strong> kombinieren Innovation, Handwerkskunst und taktische Exzellenz, um Produkte zu liefern, denen Sie vertrauen k\u00f6nnen, wenn es darauf ankommt.<\/p>\n<p class=\"\" data-start=\"3983\" data-end=\"4084\">\u00dcbernehmen Sie das Kommando bei jeder Mission mit der un\u00fcbertroffenen St\u00e4rke und Pr\u00e4zision von <strong data-start=\"4058\" data-end=\"4083\">Ryinz Tactical Handschuhe<\/strong>.<\/p>","protected":false},"excerpt":{"rendered":"<p class=\"\" data-start=\"2684\" data-end=\"2703\">\u2705 <strong data-start=\"2686\" data-end=\"2703\">Wesentliche Merkmale:<\/strong><\/p>\n<ul data-start=\"2704\" data-end=\"3612\">\n<li class=\"\" data-start=\"2704\" data-end=\"2762\">\n<p class=\"\" data-start=\"2706\" data-end=\"2762\">Milit\u00e4rhandschuhe aus Vollnarbenleder mit langer Stulpe<\/p>\n<\/li>\n<li class=\"\" data-start=\"2763\" data-end=\"2813\">\n<p class=\"\" data-start=\"2765\" data-end=\"2813\">Hochbelastbarer Schutz f\u00fcr Kn\u00f6chel, Finger und Handgelenke<\/p>\n<\/li>\n<li class=\"\" data-start=\"2814\" data-end=\"2856\">\n<p class=\"\" data-start=\"2816\" data-end=\"2856\">Verst\u00e4rkte Polsterung f\u00fcr Sto\u00dffestigkeit<\/p>\n<\/li>\n<li class=\"\" data-start=\"2857\" data-end=\"2896\">\n<p class=\"\" data-start=\"2859\" data-end=\"2896\">Ergonomische Passform mit vorgekr\u00fcmmten Fingern<\/p>\n<\/li>\n<li class=\"\" data-start=\"2897\" data-end=\"2953\">\n<p class=\"\" data-start=\"2899\" data-end=\"2953\">Verl\u00e4ngerte Stulpenmanschetten f\u00fcr maximalen Unterarmschutz<\/p>\n<\/li>\n<\/ul>","protected":false},"featured_media":9013,"comment_status":"closed","ping_status":"closed","template":"","meta":[],"product_brand":[35],"product_cat":[99,100],"product_tag":[116],"class_list":{"0":"post-8958","1":"product","2":"type-product","3":"status-publish","4":"has-post-thumbnail","6":"product_brand-ryinz","7":"product_cat-gloves","8":"product_cat-police-gloves","9":"product_tag-protective-gloves-for-law-enforcement","11":"first","12":"instock","13":"taxable","14":"shipping-taxable","15":"purchasable","16":"product-type-simple"},"_links":{"self":[{"href":"https:\/\/ryinz.cz\/velkoobchod\/de\/wp-json\/wp\/v2\/product\/8958","targetHints":{"allow":["GET"]}}],"collection":[{"href":"https:\/\/ryinz.cz\/velkoobchod\/de\/wp-json\/wp\/v2\/product"}],"about":[{"href":"https:\/\/ryinz.cz\/velkoobchod\/de\/wp-json\/wp\/v2\/types\/product"}],"replies":[{"embeddable":true,"href":"https:\/\/ryinz.cz\/velkoobchod\/de\/wp-json\/wp\/v2\/comments?post=8958"}],"wp:featuredmedia":[{"embeddable":true,"href":"https:\/\/ryinz.cz\/velkoobchod\/de\/wp-json\/wp\/v2\/media\/9013"}],"wp:attachment":[{"href":"https:\/\/ryinz.cz\/velkoobchod\/de\/wp-json\/wp\/v2\/media?parent=8958"}],"wp:term":[{"taxonomy":"product_brand","embeddable":true,"href":"https:\/\/ryinz.cz\/velkoobchod\/de\/wp-json\/wp\/v2\/product_brand?post=8958"},{"taxonomy":"product_cat","embeddable":true,"href":"https:\/\/ryinz.cz\/velkoobchod\/de\/wp-json\/wp\/v2\/product_cat?post=8958"},{"taxonomy":"product_tag","embeddable":true,"href":"https:\/\/ryinz.cz\/velkoobchod\/de\/wp-json\/wp\/v2\/product_tag?post=8958"}],"curies":[{"name":"wp","href":"https:\/\/api.w.org\/{rel}","templated":true}]}}