{"id":8956,"date":"2025-08-26T11:48:33","date_gmt":"2025-08-26T11:48:33","guid":{"rendered":"https:\/\/ryinz.cz\/velkoobchod\/?post_type=product&#038;p=8956"},"modified":"2026-01-18T20:17:02","modified_gmt":"2026-01-18T20:17:02","slug":"ryinz-classic-leder-arbeitshandschuhe","status":"publish","type":"product","link":"https:\/\/ryinz.cz\/velkoobchod\/de\/product\/ryinz-classic-leather-work-gloves\/","title":{"rendered":"Ryinz Classic Leder Arbeitshandschuhe"},"content":{"rendered":"<p class=\"\" data-start=\"248\" data-end=\"512\">Unter <strong data-start=\"251\" data-end=\"260\">Ryinz<\/strong>, Wir sind stolz darauf, der unsichtbare Motor f\u00fcr den internationalen Handel zu sein und potenzialstarke Hersteller, Marken und K\u00e4ufer in Europa, den USA und Asien miteinander zu verbinden. Unser Ziel ist einfach: Wir \u00f6ffnen die T\u00fcren zu neuen M\u00f6glichkeiten, damit Sie die besten Gesch\u00e4fte abschlie\u00dfen k\u00f6nnen.<\/p>\n<p class=\"\" data-start=\"514\" data-end=\"788\">Einf\u00fchrung in die <strong data-start=\"530\" data-end=\"567\">Ryinz Classic Leder Arbeitshandschuhe<\/strong>, ist die perfekte Kombination aus zeitlosem Stil, un\u00fcbertroffener Haltbarkeit und hervorragendem Schutz. Handgefertigt aus hochwertigem Naturleder, sind diese Handschuhe ein Muss f\u00fcr Profis, die Qualit\u00e4t und Leistung sch\u00e4tzen.<\/p>\n<p class=\"\" data-start=\"790\" data-end=\"1163\">Entworfen mit einer <strong data-start=\"806\" data-end=\"841\">Au\u00dfen glattes, geschmeidiges Leder<\/strong>, Die Ryinz Classic Work Gloves bieten unglaublichen Komfort, ohne auf Schutz zu verzichten. Die nat\u00fcrliche Textur sorgt f\u00fcr einen soliden Griff, w\u00e4hrend die verst\u00e4rkte Handfl\u00e4che eine verbesserte Haltbarkeit f\u00fcr den t\u00e4glichen Gebrauch bietet. Egal, ob Sie im Freien arbeiten, Motorrad fahren, Auto fahren oder Bauarbeiten erledigen, diese Handschuhe sind einsatzbereit.<\/p>\n<p class=\"\" data-start=\"1165\" data-end=\"1337\">Die <strong data-start=\"1169\" data-end=\"1191\">elastische Handgelenksmanschette<\/strong> bietet eine sichere, eng anliegende Passform, die das Eindringen von Staub, Schmutz und Ablagerungen in die Handschuhe verhindert und den ganzen Tag \u00fcber Komfort und Schutz in jeder Umgebung gew\u00e4hrleistet.<\/p>\n<p class=\"\" data-start=\"1339\" data-end=\"1534\">Diese vielseitig einsetzbaren Handschuhe eignen sich sowohl f\u00fcr den Freizeit- als auch f\u00fcr den Berufsgebrauch - vom Auto- und Motorradfahren bis hin zu landwirtschaftlichen Arbeiten, taktischen Eins\u00e4tzen, Tischlerarbeiten, Heimwerkerprojekten und vielem mehr.<\/p>\n<p class=\"\" data-start=\"1536\" data-end=\"1759\">Ryinz bietet Gro\u00dfh\u00e4ndlern, Einzelh\u00e4ndlern und Marken in ganz Europa und dar\u00fcber hinaus umfassende <strong data-start=\"1619\" data-end=\"1636\">Eigenmarke<\/strong> und <strong data-start=\"1641\" data-end=\"1664\">individuelle Logo-Optionen<\/strong> um Ihre Markenidentit\u00e4t zu st\u00e4rken und gleichzeitig hervorragende Handschuhqualit\u00e4t zu liefern, der Ihre Kunden vertrauen.<\/p>\n<p class=\"\" data-start=\"1761\" data-end=\"1969\">Gebaut nach den Qualit\u00e4tsstandards der Europ\u00e4ischen Union (EU) f\u00fcr den Export, getestet f\u00fcr den robusten Einsatz und mit einem Design f\u00fcr moderne Profis. <strong data-start=\"1877\" data-end=\"1901\">Ryinz Lederhandschuhe<\/strong> sind Ihr Tor zur Zukunft der hochwertigen Arbeitskleidung und Accessoires.<\/p>\n<hr class=\"\" data-start=\"1971\" data-end=\"1974\" \/>\n<h1 class=\"\" data-start=\"1976\" data-end=\"2010\">???? <strong data-start=\"1981\" data-end=\"2010\">Hauptmerkmale und Vorteile<\/strong><\/h1>\n<p class=\"\" data-start=\"2012\" data-end=\"2114\">???? <strong data-start=\"2015\" data-end=\"2042\">Hochwertiges Naturleder<\/strong><br data-start=\"2042\" data-end=\"2045\" \/>Weich, atmungsaktiv und extrem strapazierf\u00e4hig f\u00fcr lang anhaltende Leistung.<\/p>\n<p class=\"\" data-start=\"2116\" data-end=\"2220\">???? <strong data-start=\"2119\" data-end=\"2144\">Klassisch glatte Oberfl\u00e4che<\/strong><br data-start=\"2144\" data-end=\"2147\" \/>Elegantes Aussehen, geeignet f\u00fcr den professionellen, legeren und industriellen Einsatz.<\/p>\n<p class=\"\" data-start=\"2222\" data-end=\"2313\">???? <strong data-start=\"2225\" data-end=\"2244\">Verst\u00e4rkte Handfl\u00e4che<\/strong><br data-start=\"2244\" data-end=\"2247\" \/>Verst\u00e4rkter Bereich f\u00fcr zus\u00e4tzlichen Schutz und Halt bei schweren Arbeiten.<\/p>\n<p class=\"\" data-start=\"2315\" data-end=\"2403\">???? <strong data-start=\"2318\" data-end=\"2340\">Elastische Handgelenksmanschette<\/strong><br data-start=\"2340\" data-end=\"2343\" \/>H\u00e4lt Schmutz fern und sorgt f\u00fcr einfaches An- und Ausziehen und perfekten Sitz.<\/p>\n<p class=\"\" data-start=\"2405\" data-end=\"2506\">???? <strong data-start=\"2408\" data-end=\"2436\">Flexible Passform f\u00fcr mehr Komfort<\/strong><br data-start=\"2436\" data-end=\"2439\" \/>Passt sich der nat\u00fcrlichen Form Ihrer Hand an und erm\u00f6glicht einen vollen Bewegungsspielraum.<\/p>\n<p class=\"\" data-start=\"2508\" data-end=\"2641\">???? <strong data-start=\"2511\" data-end=\"2541\">Mehrzweckanwendungen<\/strong><br data-start=\"2541\" data-end=\"2544\" \/>Ideal f\u00fcr Autofahren, Reiten, Landwirtschaft, taktische Aufgaben, Schreinerei, Sicherheitsdienste und den t\u00e4glichen Gebrauch.<\/p>\n<p class=\"\" data-start=\"2643\" data-end=\"2759\">???? <strong data-start=\"2646\" data-end=\"2679\">Gro\u00dfhandel Customization bereit<\/strong><br data-start=\"2679\" data-end=\"2682\" \/>Kundenspezifisches Logo, Markenetikettierung und Spezialverpackungen f\u00fcr Gro\u00dfabnehmer erh\u00e4ltlich.<\/p>\n<p class=\"\" data-start=\"2761\" data-end=\"2861\">???? <strong data-start=\"2764\" data-end=\"2788\">EU-Qualit\u00e4tssicherung<\/strong><br data-start=\"2788\" data-end=\"2791\" \/>Entwickelt, um den Anforderungen europ\u00e4ischer Fachleute und Branchen gerecht zu werden.<\/p>\n<p class=\"\" data-start=\"2863\" data-end=\"2954\">???? <strong data-start=\"2866\" data-end=\"2887\">Langlebige N\u00e4hte<\/strong><br data-start=\"2887\" data-end=\"2890\" \/>Strapazierf\u00e4hige N\u00e4hte verhindern ein Rei\u00dfen oder Ausfransen bei starker Beanspruchung.<\/p>\n<p class=\"\" data-start=\"2956\" data-end=\"3040\">???? <strong data-start=\"2959\" data-end=\"2981\">Wetterschutz<\/strong><br data-start=\"2981\" data-end=\"2984\" \/>Zuverl\u00e4ssiger Schutz der H\u00e4nde vor Wind, Staub und leichtem Regen.<\/p>\n<hr class=\"\" data-start=\"3042\" data-end=\"3045\" \/>\n<h1 class=\"\" data-start=\"3047\" data-end=\"3078\">???? <strong data-start=\"3052\" data-end=\"3078\">Produktspezifikationen<\/strong><\/h1>\n<p class=\"\" data-start=\"3080\" data-end=\"3443\">- <strong data-start=\"3082\" data-end=\"3094\">Material<\/strong>: 100% Echtes Leder<br data-start=\"3116\" data-end=\"3119\" \/>- <strong data-start=\"3121\" data-end=\"3130\">Farbe<\/strong>: Klassisch Schwarz (anpassbar)<br data-start=\"3160\" data-end=\"3163\" \/>- <strong data-start=\"3165\" data-end=\"3174\">Gr\u00f6\u00dfen<\/strong>: S, M, L, XL, XXL<br data-start=\"3192\" data-end=\"3195\" \/>- <strong data-start=\"3197\" data-end=\"3213\">Verschlussart<\/strong>: Elastischer Verschluss am Handgelenk<br data-start=\"3236\" data-end=\"3239\" \/>- <strong data-start=\"3241\" data-end=\"3257\">Anwendungen<\/strong>: Arbeitskleidung, Reiten, Fahren, Landwirtschaft, taktische Aktivit\u00e4ten, Outdoor-Aktivit\u00e4ten<br data-start=\"3323\" data-end=\"3326\" \/>- <strong data-start=\"3328\" data-end=\"3349\">OEM\/Privatmarke<\/strong>: Auf Anfrage erh\u00e4ltlich<br data-start=\"3371\" data-end=\"3374\" \/>- <strong data-start=\"3376\" data-end=\"3394\">Zertifizierungen<\/strong>: EU-Konformit\u00e4t f\u00fcr Arbeits- und pers\u00f6nliche Schutzausr\u00fcstung<\/p>\n<hr class=\"\" data-start=\"3445\" data-end=\"3448\" \/>\n<h1 class=\"\" data-start=\"3450\" data-end=\"3486\">???? <strong data-start=\"3455\" data-end=\"3486\">Ideale K\u00e4ufer und Branchen<\/strong><\/h1>\n<p class=\"\" data-start=\"3488\" data-end=\"3792\">- Lieferanten von Arbeitskleidung<br data-start=\"3508\" data-end=\"3511\" \/>- Einzelh\u00e4ndler f\u00fcr Motorradbekleidung<br data-start=\"3537\" data-end=\"3540\" \/>- H\u00e4ndler f\u00fcr Lederwaren<br data-start=\"3568\" data-end=\"3571\" \/>- Einzelh\u00e4ndler f\u00fcr Outdoor-Ausr\u00fcstung<br data-start=\"3600\" data-end=\"3603\" \/>- B2B Importeure und Exporteure<br data-start=\"3632\" data-end=\"3635\" \/>- Lieferanten von Sicherheitsausr\u00fcstung f\u00fcr den Bau<br data-start=\"3676\" data-end=\"3679\" \/>- Taktische Truppen und Sicherheitskr\u00e4fte<br data-start=\"3709\" data-end=\"3712\" \/>- E-Commerce-Shops f\u00fcr Zubeh\u00f6r<br data-start=\"3747\" data-end=\"3750\" \/>- Lieferanten von Uniformen f\u00fcr Fahrer und Fahrerinnen<\/p>","protected":false},"excerpt":{"rendered":"<p class=\"\" data-start=\"2012\" data-end=\"2114\">???? <strong data-start=\"2015\" data-end=\"2042\">Hochwertiges Naturleder<\/strong><br data-start=\"2042\" data-end=\"2045\" \/>Weich, atmungsaktiv und extrem strapazierf\u00e4hig f\u00fcr lang anhaltende Leistung.<\/p>\n<p class=\"\" data-start=\"2116\" data-end=\"2220\">???? <strong data-start=\"2119\" data-end=\"2144\">Klassisch glatte Oberfl\u00e4che<\/strong><br data-start=\"2144\" data-end=\"2147\" \/>Elegantes Aussehen, geeignet f\u00fcr den professionellen, legeren und industriellen Einsatz.<\/p>\n<p class=\"\" data-start=\"2222\" data-end=\"2313\">???? <strong data-start=\"2225\" data-end=\"2244\">Verst\u00e4rkte Handfl\u00e4che<\/strong><br data-start=\"2244\" data-end=\"2247\" \/>Verst\u00e4rkter Bereich f\u00fcr zus\u00e4tzlichen Schutz und Halt bei schweren Arbeiten.<\/p>\n<p class=\"\" data-start=\"2315\" data-end=\"2403\">???? <strong data-start=\"2318\" data-end=\"2340\">Elastische Handgelenksmanschette<\/strong><br data-start=\"2340\" data-end=\"2343\" \/>H\u00e4lt Schmutz fern und sorgt f\u00fcr einfaches An- und Ausziehen und perfekten Sitz.<\/p>","protected":false},"featured_media":8987,"comment_status":"closed","ping_status":"closed","template":"","meta":[],"product_brand":[35],"product_cat":[99,100],"product_tag":[116],"class_list":{"0":"post-8956","1":"product","2":"type-product","3":"status-publish","4":"has-post-thumbnail","6":"product_brand-ryinz","7":"product_cat-gloves","8":"product_cat-police-gloves","9":"product_tag-protective-gloves-for-law-enforcement","11":"first","12":"instock","13":"taxable","14":"shipping-taxable","15":"purchasable","16":"product-type-simple"},"_links":{"self":[{"href":"https:\/\/ryinz.cz\/velkoobchod\/de\/wp-json\/wp\/v2\/product\/8956","targetHints":{"allow":["GET"]}}],"collection":[{"href":"https:\/\/ryinz.cz\/velkoobchod\/de\/wp-json\/wp\/v2\/product"}],"about":[{"href":"https:\/\/ryinz.cz\/velkoobchod\/de\/wp-json\/wp\/v2\/types\/product"}],"replies":[{"embeddable":true,"href":"https:\/\/ryinz.cz\/velkoobchod\/de\/wp-json\/wp\/v2\/comments?post=8956"}],"wp:featuredmedia":[{"embeddable":true,"href":"https:\/\/ryinz.cz\/velkoobchod\/de\/wp-json\/wp\/v2\/media\/8987"}],"wp:attachment":[{"href":"https:\/\/ryinz.cz\/velkoobchod\/de\/wp-json\/wp\/v2\/media?parent=8956"}],"wp:term":[{"taxonomy":"product_brand","embeddable":true,"href":"https:\/\/ryinz.cz\/velkoobchod\/de\/wp-json\/wp\/v2\/product_brand?post=8956"},{"taxonomy":"product_cat","embeddable":true,"href":"https:\/\/ryinz.cz\/velkoobchod\/de\/wp-json\/wp\/v2\/product_cat?post=8956"},{"taxonomy":"product_tag","embeddable":true,"href":"https:\/\/ryinz.cz\/velkoobchod\/de\/wp-json\/wp\/v2\/product_tag?post=8956"}],"curies":[{"name":"wp","href":"https:\/\/api.w.org\/{rel}","templated":true}]}}