{"id":8943,"date":"2025-06-22T15:22:08","date_gmt":"2025-06-22T15:22:08","guid":{"rendered":"https:\/\/ryinz.cz\/velkoobchod\/?post_type=product&#038;p=8943"},"modified":"2026-01-18T20:17:01","modified_gmt":"2026-01-18T20:17:01","slug":"ryinz-polizeitaktische-handschuhe-professioneller-schutz-fur-dienstliche-sicherheit-und-schiesen","status":"publish","type":"product","link":"https:\/\/ryinz.cz\/velkoobchod\/de\/product\/ryinz-police-tactical-gloves-professional-protection-for-duty-security-and-shooting\/","title":{"rendered":"Ryinz Police Tactical Gloves - Professioneller Schutz f\u00fcr Dienst, Sicherheit und Schie\u00dfsport"},"content":{"rendered":"<p>Die Ryinz Police Tactical Gloves wurden exklusiv f\u00fcr Profis entwickelt, die h\u00f6chste Qualit\u00e4t, Komfort und un\u00fcbertroffene Leistung verlangen. Egal, ob Sie Mitglied der Polizei, des Milit\u00e4rs, des Sicherheitsdienstes, eines Schie\u00dfstandes oder eines taktischen Einsatzes sind, diese Handschuhe bieten herausragenden Schutz, Geschicklichkeit und Griffigkeit genau dann, wenn Sie sie am meisten brauchen.<\/p>\n<p>Die aus hochwertigem Kunstleder und verst\u00e4rkten N\u00e4hten gefertigten Ryinz-Handschuhe sind so gebaut, dass sie intensiver Beanspruchung standhalten. Speziell f\u00fcr Strafverfolgung, Milit\u00e4r und taktische Eins\u00e4tze entwickelt, sind diese Handschuhe robust genug, um die h\u00e4rtesten Bedingungen zu \u00fcberstehen, ohne Kompromisse bei Komfort und Flexibilit\u00e4t einzugehen.<\/p>\n<p>Das ergonomische Design sorgt daf\u00fcr, dass sich jeder Handschuh wie eine zweite Haut anf\u00fchlt und bietet eine hervorragende Fingerfertigkeit bei der Handhabung von Waffen, Kommunikationsger\u00e4ten und taktischer Ausr\u00fcstung. Dank der rutschfesten Handfl\u00e4chenverst\u00e4rkung k\u00f6nnen Benutzer auch in nassen, \u00f6ligen oder stark beanspruchten Umgebungen einen festen, sicheren Griff behalten.<\/p>\n<p>Atmungsaktive und feuchtigkeitsableitende Materialien sorgen daf\u00fcr, dass Ihre H\u00e4nde auch bei stundenlangem Einsatz trocken und komfortabel bleiben. Das flexible Stretchmaterial auf der Oberhand passt sich jeder Bewegung an, sorgt f\u00fcr Beweglichkeit und reduziert die Erm\u00fcdung der H\u00e4nde bei l\u00e4ngeren Eins\u00e4tzen.<\/p>\n<p>Die Ryinz Police Tactical Gloves sind mit einem Klettverschluss am Handgelenk ausgestattet, der eine passgenaue, individuelle Passform f\u00fcr jeden Benutzer gew\u00e4hrleistet. Diese Handschuhe lassen sich leicht an- und ausziehen und erm\u00f6glichen einen schnellen Einsatz in kritischen Momenten, ohne Sie zu verlangsamen.<\/p>\n<p>Als f\u00fchrender Hersteller, Gro\u00dfh\u00e4ndler und Lieferant ist Ryinz spezialisiert auf Polizeihandschuhe, Armeehandschuhe, taktische Milit\u00e4rhandschuhe, Schie\u00dfhandschuhe, Sicherheitshandschuhe und Diensthandschuhe f\u00fcr die Strafverfolgung. Wir unterst\u00fctzen den internationalen Handel in Europa, den USA und Asien und erm\u00f6glichen es Marken, Importeuren, Gro\u00dfh\u00e4ndlern und Einzelh\u00e4ndlern, ihre Gesch\u00e4fte weltweit zu erweitern.<\/p>\n<p>Egal, ob Sie einen individuellen Logodruck, Private Labeling, Massenproduktion oder EU-konforme taktische Handschuhe f\u00fcr Ihre Marke suchen, Ryinz ist der unsichtbare Motor f\u00fcr Ihren Erfolg.<\/p>\n<p>Unser Auftrag ist einfach: Wir \u00f6ffnen T\u00fcren, damit Sie Verk\u00e4ufe t\u00e4tigen k\u00f6nnen. Das bedeutet direkte Beschaffung ab Werk, wettbewerbsf\u00e4hige Preise, gleichbleibende Qualit\u00e4t und schneller weltweiter Versand.<\/p>\n<p>Jedes Ryinz-Handschuhprodukt wird unter strengen Qualit\u00e4tskontrollstandards hergestellt, um maximale Zufriedenheit f\u00fcr Einzel- und Gro\u00dfhandelskunden zu gew\u00e4hrleisten. Kundenspezifische Designs, OEM- und ODM-Services und kleine MOQ-Optionen sind verf\u00fcgbar und machen uns zum idealen Partner f\u00fcr Marken und Gesch\u00e4fte, die auf den wachsenden Markt f\u00fcr taktische Ausr\u00fcstung und Schutzkleidung abzielen.<\/p>\n<p>Perfekt f\u00fcr:<\/p>\n<p>Polizeistreifen<\/p>\n<p>Milit\u00e4rische Feldmissionen<\/p>\n<p>Operationen der Sicherheitsagentur<\/p>\n<p>Taktische Einheiten der Strafverfolgungsbeh\u00f6rden<\/p>\n<p>Schie\u00dfsport und Ausbildung<\/p>\n<p>Aktivit\u00e4ten zum \u00dcberleben im Freien<\/p>\n<p>Spezialeinheiten und SWAT-Teams<\/p>\n<p>\u2705 Hauptmerkmale:<\/p>\n<p>Hochwertiges Kunstleder mit verst\u00e4rkten N\u00e4hten<\/p>\n<p>Rutschfester Handfl\u00e4chengriff f\u00fcr die Waffenkontrolle<\/p>\n<p>Flexibler Stretchr\u00fccken f\u00fcr ultimative Beweglichkeit<\/p>\n<p>Atmungsaktive, schwei\u00dfableitende Innenseite f\u00fcr Komfort<\/p>\n<p>Sicherer, verstellbarer Klettverschluss zur Unterst\u00fctzung des Handgelenks<\/p>\n<p>Leichtes und dennoch sto\u00dffestes Design<\/p>\n<p>Schnell trocknende Materialien, ideal f\u00fcr alle Wetterbedingungen<\/p>\n<p>Leicht zu waschen und zu pflegen<\/p>\n<p>Robuste taktische \u00c4sthetik mit Ryinz-Branding<\/p>\n<p>Verf\u00fcgbar f\u00fcr Gro\u00dfhandel, Einzelhandel und Eigenmarkenpartnerschaften<\/p>\n<p>Kundenspezifische Logos und Verpackungen auf Anfrage erh\u00e4ltlich<\/p>\n<p>EU-konforme Herstellung f\u00fcr einen reibungslosen europ\u00e4ischen Vertrieb<\/p>\n<p>Entwickelt f\u00fcr Profis, die Zuverl\u00e4ssigkeit und Schutz ben\u00f6tigen<\/p>\n<p>Ideal f\u00fcr Uniformgesch\u00e4fte, Anbieter von taktischer Ausr\u00fcstung und H\u00e4ndler von Sicherheitsausr\u00fcstung<\/p>","protected":false},"excerpt":{"rendered":"<p>\u2705 Hauptmerkmale:<\/p>\n<p>Hochwertiges Kunstleder mit verst\u00e4rkten N\u00e4hten<\/p>\n<p>Rutschfester Handfl\u00e4chengriff f\u00fcr die Waffenkontrolle<\/p>\n<p>Flexibler Stretchr\u00fccken f\u00fcr ultimative Beweglichkeit<\/p>\n<p>Atmungsaktive, schwei\u00dfableitende Innenseite f\u00fcr Komfort<\/p>\n<p>Sicherer, verstellbarer Klettverschluss zur Unterst\u00fctzung des Handgelenks<\/p>\n<p>Leichtes und dennoch sto\u00dffestes Design<\/p>","protected":false},"featured_media":8982,"comment_status":"closed","ping_status":"closed","template":"","meta":[],"product_brand":[35],"product_cat":[99,100],"product_tag":[116],"class_list":{"0":"post-8943","1":"product","2":"type-product","3":"status-publish","4":"has-post-thumbnail","6":"product_brand-ryinz","7":"product_cat-gloves","8":"product_cat-police-gloves","9":"product_tag-protective-gloves-for-law-enforcement","11":"first","12":"instock","13":"taxable","14":"shipping-taxable","15":"purchasable","16":"product-type-simple"},"_links":{"self":[{"href":"https:\/\/ryinz.cz\/velkoobchod\/de\/wp-json\/wp\/v2\/product\/8943","targetHints":{"allow":["GET"]}}],"collection":[{"href":"https:\/\/ryinz.cz\/velkoobchod\/de\/wp-json\/wp\/v2\/product"}],"about":[{"href":"https:\/\/ryinz.cz\/velkoobchod\/de\/wp-json\/wp\/v2\/types\/product"}],"replies":[{"embeddable":true,"href":"https:\/\/ryinz.cz\/velkoobchod\/de\/wp-json\/wp\/v2\/comments?post=8943"}],"wp:featuredmedia":[{"embeddable":true,"href":"https:\/\/ryinz.cz\/velkoobchod\/de\/wp-json\/wp\/v2\/media\/8982"}],"wp:attachment":[{"href":"https:\/\/ryinz.cz\/velkoobchod\/de\/wp-json\/wp\/v2\/media?parent=8943"}],"wp:term":[{"taxonomy":"product_brand","embeddable":true,"href":"https:\/\/ryinz.cz\/velkoobchod\/de\/wp-json\/wp\/v2\/product_brand?post=8943"},{"taxonomy":"product_cat","embeddable":true,"href":"https:\/\/ryinz.cz\/velkoobchod\/de\/wp-json\/wp\/v2\/product_cat?post=8943"},{"taxonomy":"product_tag","embeddable":true,"href":"https:\/\/ryinz.cz\/velkoobchod\/de\/wp-json\/wp\/v2\/product_tag?post=8943"}],"curies":[{"name":"wp","href":"https:\/\/api.w.org\/{rel}","templated":true}]}}