{"id":8941,"date":"2025-08-26T11:48:33","date_gmt":"2025-08-26T11:48:33","guid":{"rendered":"https:\/\/ryinz.cz\/velkoobchod\/?post_type=product&#038;p=8941"},"modified":"2026-01-18T20:17:00","modified_gmt":"2026-01-18T20:17:00","slug":"ryinz-taktische-arbeitshandschuhe-heavy-duty-grip-armor","status":"publish","type":"product","link":"https:\/\/ryinz.cz\/velkoobchod\/de\/product\/ryinz-tactical-work-gloves-heavy-duty-grip-armor\/","title":{"rendered":"Ryinz Tactical Arbeitshandschuhe - Heavy Duty Grip Armor"},"content":{"rendered":"<ul>\n<li>\n<p class=\"\" data-start=\"332\" data-end=\"561\">Unter <strong data-start=\"335\" data-end=\"344\">Ryinz<\/strong>, Wir unterst\u00fctzen Hersteller, Marken und Eink\u00e4ufer in Europa, den USA und Asien, indem wir starke Produktbr\u00fccken im internationalen Handel bauen. Unsere Aufgabe ist es, T\u00fcren zu \u00f6ffnen, damit Sie die Gesch\u00e4fte abschlie\u00dfen k\u00f6nnen, die am wichtigsten sind.<\/p>\n<p class=\"\" data-start=\"563\" data-end=\"892\">Einf\u00fchrung in die <strong data-start=\"579\" data-end=\"609\">Ryinz Tactical Arbeitshandschuhe<\/strong> - Entwickelt f\u00fcr Profis, die un\u00fcbertroffenen Schutz, pr\u00e4zisen Griff und robuste Haltbarkeit ben\u00f6tigen. Ob im Milit\u00e4rdienst, bei der Strafverfolgung, im schweren Baugewerbe, beim Motorradfahren oder bei taktischen Eins\u00e4tzen - diese Handschuhe bieten Ihnen alles, was Sie f\u00fcr einen erfolgreichen Einsatz ben\u00f6tigen.<\/p>\n<p class=\"\" data-start=\"894\" data-end=\"1270\">Gefertigt mit einer <strong data-start=\"909\" data-end=\"944\">hochelastische Kunststoffschale<\/strong> und mit <strong data-start=\"959\" data-end=\"996\">strategisch platzierte Gummipanzerung<\/strong> an den Kn\u00f6cheln und Fingern sind diese Handschuhe f\u00fcr die h\u00e4rtesten Umgebungen ger\u00fcstet. Der <strong data-start=\"1084\" data-end=\"1110\">fortschrittlicher Silikongriff<\/strong> Das Muster auf der Handfl\u00e4che sorgt f\u00fcr hervorragende Kontrolle, sodass Sie Werkzeuge, Waffen, Maschinen oder Ausr\u00fcstung unter allen Bedingungen - nass, trocken, kalt oder hei\u00df - sicher handhaben k\u00f6nnen.<\/p>\n<p class=\"\" data-start=\"1272\" data-end=\"1578\"><strong data-start=\"1272\" data-end=\"1299\">Atmungsaktiv und flexibel<\/strong>, Die Ryinz Tactical Work Gloves bieten die perfekte Balance zwischen Bewegungsfreiheit und kompromissloser Handsicherheit. Das eng anliegende Design und die Handgelenkst\u00fctze machen sie ideal f\u00fcr langes Tragen und reduzieren die Erm\u00fcdung der H\u00e4nde bei schweren Arbeiten.<\/p>\n<p class=\"\" data-start=\"1580\" data-end=\"1743\">Diese Handschuhe sind f\u00fcr Industriearbeiten, Outdoor-Sportarten, Milit\u00e4reins\u00e4tze, Sicherheitsdienste, Wanderungen, Bauarbeiten, Reiten, taktisches Training und vieles mehr konzipiert.<\/p>\n<p class=\"\" data-start=\"1745\" data-end=\"1987\"><strong data-start=\"1745\" data-end=\"1797\">Gro\u00dfeink\u00e4ufer, Einzelh\u00e4ndler und taktische Marken<\/strong> k\u00f6nnen sich auf Ryinz verlassen, wenn es um eine nahtlose Anpassung geht: F\u00fcgen Sie Ihr privates Label hinzu, w\u00e4hlen Sie spezielle Farben, fordern Sie eine kundenspezifische Verpackung an und bauen Sie Ihre Produktlinie mit Hilfe der exzellenten Fertigung von Ryinz auf.<\/p>\n<p class=\"\" data-start=\"1989\" data-end=\"2140\">Nach EU-Standards gebaut und mit Leidenschaft gefertigt - Ryinz Tactical Work Gloves heben sich von der Masse ab und bieten un\u00fcbertroffene Qualit\u00e4t zu unschlagbaren Preisen.<\/p>\n<hr class=\"\" data-start=\"2142\" data-end=\"2145\" \/>\n<h1 class=\"\" data-start=\"2147\" data-end=\"2181\">???? <strong data-start=\"2152\" data-end=\"2181\">Hauptmerkmale und Vorteile<\/strong><\/h1>\n<p class=\"\" data-start=\"2183\" data-end=\"2305\">???? <strong data-start=\"2186\" data-end=\"2214\">Hochbelastbare Gummiarmierung<\/strong><br data-start=\"2214\" data-end=\"2217\" \/>Finger- und Kn\u00f6chelschutz gegen harte St\u00f6\u00dfe, Absch\u00fcrfungen und starke Ersch\u00fctterungen.<\/p>\n<p class=\"\" data-start=\"2307\" data-end=\"2414\">???? <strong data-start=\"2310\" data-end=\"2337\">Technologie f\u00fcr maximalen Grip<\/strong><br data-start=\"2337\" data-end=\"2340\" \/>Handfl\u00e4chen aus Silikonnetz f\u00fcr eine bessere Handhabung von Werkzeugen, Waffen und Maschinen.<\/p>\n<p class=\"\" data-start=\"2416\" data-end=\"2528\">???? <strong data-start=\"2419\" data-end=\"2453\">Flexibles und atmungsaktives Gewebe<\/strong><br data-start=\"2453\" data-end=\"2456\" \/>Erm\u00f6glicht uneingeschr\u00e4nkte Handbewegungen und h\u00e4lt die H\u00e4nde trocken und k\u00fchl.<\/p>\n<p class=\"\" data-start=\"2530\" data-end=\"2638\">???? <strong data-start=\"2533\" data-end=\"2561\">Verstellbare Manschette mit festem Sitz<\/strong><br data-start=\"2561\" data-end=\"2564\" \/>Der Klettverschluss am Handgelenk sorgt f\u00fcr einen sicheren Sitz und verhindert ein Verrutschen w\u00e4hrend der Aktion.<\/p>\n<p class=\"\" data-start=\"2640\" data-end=\"2755\">???? <strong data-start=\"2643\" data-end=\"2681\">Ergonomisch vorgekr\u00fcmmtes Fingerdesign<\/strong><br data-start=\"2681\" data-end=\"2684\" \/>Die Nachahmung der nat\u00fcrlichen Handform sorgt f\u00fcr \u00fcberragenden Komfort und geringe Erm\u00fcdung.<\/p>\n<p class=\"\" data-start=\"2757\" data-end=\"2886\">???? <strong data-start=\"2760\" data-end=\"2793\">Leistung in mehreren Umgebungen<\/strong><br data-start=\"2793\" data-end=\"2796\" \/>Ideal f\u00fcr nasses, staubiges, schlammiges und felsiges Terrain - perfekt f\u00fcr den taktischen und industriellen Einsatz.<\/p>\n<p class=\"\" data-start=\"2888\" data-end=\"3026\">???? <strong data-start=\"2891\" data-end=\"2923\">Vollst\u00e4ndige Anpassung verf\u00fcgbar<\/strong><br data-start=\"2923\" data-end=\"2926\" \/>F\u00fcgen Sie Ihr Markenlogo, Ihren Verpackungsstil und Ihre Handschuhspezifikationen mit dem Ryinz Private Labeling Service hinzu.<\/p>\n<p class=\"\" data-start=\"3028\" data-end=\"3164\">???? <strong data-start=\"3031\" data-end=\"3054\">B2B-Gro\u00dfhandel bereit<\/strong><br data-start=\"3054\" data-end=\"3057\" \/>Verf\u00fcgbar f\u00fcr Distributoren, Gro\u00dfh\u00e4ndler, Importeure und taktische Lieferanten in Europa und Nordamerika.<\/p>\n<p class=\"\" data-start=\"3166\" data-end=\"3270\">???? <strong data-start=\"3169\" data-end=\"3196\">EU &amp; USA Export Qualit\u00e4t<\/strong><br data-start=\"3196\" data-end=\"3199\" \/>Erf\u00fcllt die europ\u00e4ischen Normen f\u00fcr taktische und professionelle Arbeitshandschuhe.<\/p>\n<p class=\"\" data-start=\"3272\" data-end=\"3410\">???? <strong data-start=\"3275\" data-end=\"3304\">Langlebig, robust, verl\u00e4sslich<\/strong><br data-start=\"3304\" data-end=\"3307\" \/>Bereit f\u00fcr den harten Einsatz durch Soldaten, Polizeibeamte, Biker, Ingenieure, Mechaniker und Outdoor-Fans.<\/p>\n<hr class=\"\" data-start=\"3412\" data-end=\"3415\" \/>\n<h1 class=\"\" data-start=\"3417\" data-end=\"3448\">???? <strong data-start=\"3422\" data-end=\"3448\">Produktspezifikationen<\/strong><\/h1>\n<p class=\"\" data-start=\"3450\" data-end=\"3866\">- <strong data-start=\"3452\" data-end=\"3464\">Material<\/strong>: High-Density Polyester + Gummiarmierung + Silikonhandgriff<br data-start=\"3524\" data-end=\"3527\" \/>- <strong data-start=\"3529\" data-end=\"3539\">Farben<\/strong>: Military Braun\/Schwarz (auf Anfrage)<br data-start=\"3580\" data-end=\"3583\" \/>- <strong data-start=\"3585\" data-end=\"3594\">Gr\u00f6\u00dfen<\/strong>: S, M, L, XL, XXL<br data-start=\"3612\" data-end=\"3615\" \/>- <strong data-start=\"3617\" data-end=\"3633\">Anwendungen<\/strong>: Taktische Arbeit, Armeeeinsatz, Schwerlastbau, Motorradfahren, Sicherheitskr\u00e4fte, Wandern<br data-start=\"3726\" data-end=\"3729\" \/>- <strong data-start=\"3731\" data-end=\"3747\">Verschlussart<\/strong>: Verstellbarer Klettverschlussriemen<br data-start=\"3772\" data-end=\"3775\" \/>- <strong data-start=\"3777\" data-end=\"3792\">OEM-Optionen<\/strong>: Ja (Logo, Farbe, Verpackung)<br data-start=\"3822\" data-end=\"3825\" \/>- <strong data-start=\"3827\" data-end=\"3845\">Zertifizierungen<\/strong>: EU-Sicherheitskonformit\u00e4t<\/p>\n<hr class=\"\" data-start=\"3868\" data-end=\"3871\" \/>\n<h1 class=\"\" data-start=\"3873\" data-end=\"3909\">???? <strong data-start=\"3878\" data-end=\"3909\">Ideale K\u00e4ufer und Branchen<\/strong><\/h1>\n<p class=\"\" data-start=\"3911\" data-end=\"4169\">- Gesch\u00e4fte f\u00fcr taktische Ausr\u00fcstung<br data-start=\"3932\" data-end=\"3935\" \/>- Vertriebsh\u00e4ndler f\u00fcr Arbeitskleidung<br data-start=\"3958\" data-end=\"3961\" \/>- Lieferanten von Sicherheitsausr\u00fcstung<br data-start=\"3991\" data-end=\"3994\" \/>- Gro\u00dfh\u00e4ndler f\u00fcr Bauwerkzeuge<br data-start=\"4026\" data-end=\"4029\" \/>- H\u00e4ndler f\u00fcr Armee- und Milit\u00e4r\u00fcbersch\u00fcsse<br data-start=\"4064\" data-end=\"4067\" \/>- Einzelh\u00e4ndler f\u00fcr Outdoor-Abenteuer<br data-start=\"4096\" data-end=\"4099\" \/>- Online-E-Commerce-Gesch\u00e4fte f\u00fcr taktische Zwecke<br data-start=\"4134\" data-end=\"4137\" \/>- Europages und B2B-Marktpl\u00e4tze<\/p>\n<\/li>\n<\/ul>","protected":false},"excerpt":{"rendered":"<ul>\n<li>\n<p class=\"\" data-start=\"2183\" data-end=\"2305\">???? <strong data-start=\"2186\" data-end=\"2214\">Hochbelastbare Gummiarmierung<\/strong><br data-start=\"2214\" data-end=\"2217\" \/>Finger- und Kn\u00f6chelschutz gegen harte St\u00f6\u00dfe, Absch\u00fcrfungen und starke Ersch\u00fctterungen.<\/p>\n<p class=\"\" data-start=\"2307\" data-end=\"2414\">???? <strong data-start=\"2310\" data-end=\"2337\">Technologie f\u00fcr maximalen Grip<\/strong><br data-start=\"2337\" data-end=\"2340\" \/>Handfl\u00e4chen aus Silikonnetz f\u00fcr eine bessere Handhabung von Werkzeugen, Waffen und Maschinen.<\/p>\n<p class=\"\" data-start=\"2416\" data-end=\"2528\">???? <strong data-start=\"2419\" data-end=\"2453\">Flexibles und atmungsaktives Gewebe<\/strong><br data-start=\"2453\" data-end=\"2456\" \/>Erm\u00f6glicht uneingeschr\u00e4nkte Handbewegungen und h\u00e4lt die H\u00e4nde trocken und k\u00fchl.<\/p>\n<p class=\"\" data-start=\"2530\" data-end=\"2638\">???? <strong data-start=\"2533\" data-end=\"2561\">Verstellbare Manschette mit festem Sitz<\/strong><br data-start=\"2561\" data-end=\"2564\" \/>Der Klettverschluss am Handgelenk sorgt f\u00fcr einen sicheren Sitz und verhindert ein Verrutschen w\u00e4hrend der Aktion.<\/p>\n<\/li>\n<\/ul>","protected":false},"featured_media":9002,"comment_status":"closed","ping_status":"closed","template":"","meta":[],"product_brand":[35],"product_cat":[99,100],"product_tag":[116],"class_list":{"0":"post-8941","1":"product","2":"type-product","3":"status-publish","4":"has-post-thumbnail","6":"product_brand-ryinz","7":"product_cat-gloves","8":"product_cat-police-gloves","9":"product_tag-protective-gloves-for-law-enforcement","11":"first","12":"instock","13":"taxable","14":"shipping-taxable","15":"purchasable","16":"product-type-simple"},"_links":{"self":[{"href":"https:\/\/ryinz.cz\/velkoobchod\/de\/wp-json\/wp\/v2\/product\/8941","targetHints":{"allow":["GET"]}}],"collection":[{"href":"https:\/\/ryinz.cz\/velkoobchod\/de\/wp-json\/wp\/v2\/product"}],"about":[{"href":"https:\/\/ryinz.cz\/velkoobchod\/de\/wp-json\/wp\/v2\/types\/product"}],"replies":[{"embeddable":true,"href":"https:\/\/ryinz.cz\/velkoobchod\/de\/wp-json\/wp\/v2\/comments?post=8941"}],"wp:featuredmedia":[{"embeddable":true,"href":"https:\/\/ryinz.cz\/velkoobchod\/de\/wp-json\/wp\/v2\/media\/9002"}],"wp:attachment":[{"href":"https:\/\/ryinz.cz\/velkoobchod\/de\/wp-json\/wp\/v2\/media?parent=8941"}],"wp:term":[{"taxonomy":"product_brand","embeddable":true,"href":"https:\/\/ryinz.cz\/velkoobchod\/de\/wp-json\/wp\/v2\/product_brand?post=8941"},{"taxonomy":"product_cat","embeddable":true,"href":"https:\/\/ryinz.cz\/velkoobchod\/de\/wp-json\/wp\/v2\/product_cat?post=8941"},{"taxonomy":"product_tag","embeddable":true,"href":"https:\/\/ryinz.cz\/velkoobchod\/de\/wp-json\/wp\/v2\/product_tag?post=8941"}],"curies":[{"name":"wp","href":"https:\/\/api.w.org\/{rel}","templated":true}]}}