{"id":8940,"date":"2025-08-26T11:48:32","date_gmt":"2025-08-26T11:48:32","guid":{"rendered":"https:\/\/ryinz.cz\/velkoobchod\/?post_type=product&#038;p=8940"},"modified":"2026-01-18T20:16:59","modified_gmt":"2026-01-18T20:16:59","slug":"ryinz-taktische-motorradhandschuhe-premium-gepanzerte-fahrhandschuhe-fur-manner","status":"publish","type":"product","link":"https:\/\/ryinz.cz\/velkoobchod\/de\/product\/ryinz-tactical-motorbike-gloves-premium-armored-riding-gloves-for-men\/","title":{"rendered":"Ryinz Tactical Motorradhandschuhe - Premium gepanzerte Reithandschuhe f\u00fcr M\u00e4nner"},"content":{"rendered":"<p class=\"\" data-start=\"384\" data-end=\"866\">Unter <strong data-start=\"387\" data-end=\"396\">Ryinz<\/strong>, Wir glauben an die Entwicklung von Hochleistungsprodukten, die die Erwartungen der weltweiten Fahrergemeinschaft nicht nur erf\u00fcllen, sondern \u00fcbertreffen. Unsere Spezialit\u00e4t ist es, den internationalen Handel zu f\u00f6rdern, indem wir leidenschaftliche Hersteller, mutige Marken und anspruchsvolle K\u00e4ufer in Europa, den USA und Asien zusammenbringen. Egal, ob Sie eine Einzelhandelsmarke aufbauen, Motorradzubeh\u00f6r im Gro\u00dfhandel vertreiben oder Ihre Eigenmarke entwickeln, Ryinz \u00f6ffnet Ihnen die T\u00fcren zum Erfolg - damit Sie Ihre Verk\u00e4ufe mit Zuversicht abschlie\u00dfen k\u00f6nnen.<\/p>\n<p class=\"\" data-start=\"868\" data-end=\"1275\">Einf\u00fchrung in die <strong data-start=\"884\" data-end=\"919\">Ryinz Tactical Motorradhandschuhe<\/strong>, Dieser Handschuh wurde f\u00fcr den furchtlosen Fahrer entwickelt, der \u00fcberragenden Schutz, maximalen Komfort und topaktuellen Stil verlangt. Diese Handschuhe bestehen aus fortschrittlichen Materialien und vereinen die Robustheit von echtem Leder, die Atmungsaktivit\u00e4t von Mesh-Gewebe und die Aufprallfestigkeit von verst\u00e4rkten Panzerplatten - ein Produkt, das sowohl f\u00fcr urbane Stra\u00dfen als auch f\u00fcr extreme Abenteuer geeignet ist.<\/p>\n<p class=\"\" data-start=\"1277\" data-end=\"1649\">Ausgestattet mit geformten harten Kn\u00f6chelprotektoren, strategischer Handfl\u00e4chenpolsterung und flexiblen Fingereins\u00e4tzen sind diese Handschuhe f\u00fcr Hochgeschwindigkeitsfahrten, taktische Eins\u00e4tze, Motorradtouren, Motocross und Off-Road-Herausforderungen ausgelegt. Egal, ob Sie ein Abenteuer-Biker, ein Stadt-Pendler oder ein taktischer Enthusiast sind, die Ryinz Tactical Motorbike Gloves wurden entwickelt, um Ihre Fahrt zu verbessern.<\/p>\n<p class=\"\" data-start=\"1651\" data-end=\"1982\">Speziell entwickelte Bel\u00fcftungs\u00f6ffnungen und perforierte Schichten halten Ihre H\u00e4nde auch bei langen Fahrten k\u00fchl. Das ergonomische Design der Handschuhe sorgt f\u00fcr nat\u00fcrliche Bewegungen, verbesserte Fingerfertigkeit und hervorragenden Grip an Lenker, Waffen, Werkzeug oder Ausr\u00fcstung. Au\u00dferdem sorgen die verstellbaren Klettverschl\u00fcsse am Handgelenk f\u00fcr eine sichere, individuelle Passform bei jeder Fahrt.<\/p>\n<p class=\"\" data-start=\"1984\" data-end=\"2206\">Ryinz steht f\u00fcr Handwerkskunst, Zuverl\u00e4ssigkeit und globale Konnektivit\u00e4t. Wir bieten vollst\u00e4ndige OEM-, ODM- und Private Label-Services, niedrige MOQ-Optionen, erstklassige Anpassungsm\u00f6glichkeiten und unschlagbare internationale Versandunterst\u00fctzung.<\/p>\n<p class=\"\" data-start=\"2208\" data-end=\"2273\">R\u00fcsten Sie sich mit Ryinz - der unsichtbaren Kraft hinter Marken, die f\u00fchren.<\/p>\n<hr class=\"\" data-start=\"2275\" data-end=\"2278\" \/>\n<h1 class=\"\" data-start=\"2280\" data-end=\"2314\">???? <strong data-start=\"2285\" data-end=\"2314\">Hauptmerkmale und Vorteile<\/strong><\/h1>\n<p class=\"\" data-start=\"2316\" data-end=\"2483\">???? <strong data-start=\"2319\" data-end=\"2353\">Ultimativer Schutz f\u00fcr Radfahrer<\/strong><br data-start=\"2353\" data-end=\"2356\" \/>Hart geformte Kn\u00f6chelpanzer, Fingersch\u00fctzer und Handgelenkschutzzonen sch\u00fctzen Ihre H\u00e4nde vor St\u00f6\u00dfen, Kratzern und Absch\u00fcrfungen.<\/p>\n<p class=\"\" data-start=\"2485\" data-end=\"2633\">???? <strong data-start=\"2488\" data-end=\"2514\">Hochwertige Materialmischung<\/strong><br data-start=\"2514\" data-end=\"2517\" \/>Hergestellt aus hochwertigem echtem Leder, atmungsaktivem synthetischem Mesh und verst\u00e4rktem abriebfestem Gewebe.<\/p>\n<p class=\"\" data-start=\"2635\" data-end=\"2799\">???? <strong data-start=\"2638\" data-end=\"2667\">Taktische Griffverbesserung<\/strong><br data-start=\"2667\" data-end=\"2670\" \/>Die rutschfeste Handfl\u00e4chenverst\u00e4rkung sorgt f\u00fcr eine hervorragende Kontrolle bei Motorr\u00e4dern, taktischen Waffen, Abenteuerwerkzeugen und bei der t\u00e4glichen Handhabung.<\/p>\n<p class=\"\" data-start=\"2801\" data-end=\"2945\">???? <strong data-start=\"2804\" data-end=\"2837\">Ergonomische Passform und Flexibilit\u00e4t<\/strong><br data-start=\"2837\" data-end=\"2840\" \/>Vorgekr\u00fcmmte Finger und elastische Eins\u00e4tze an kritischen Stellen sorgen f\u00fcr Komfort, Flexibilit\u00e4t und nat\u00fcrliche Bewegung.<\/p>\n<p class=\"\" data-start=\"2947\" data-end=\"3081\">???? <strong data-start=\"2950\" data-end=\"2976\">Ganzj\u00e4hrige Vielseitigkeit<\/strong><br data-start=\"2976\" data-end=\"2979\" \/>Perfekt f\u00fcr Fahrten im Fr\u00fchling, Sommer und Herbst mit Bel\u00fcftungseins\u00e4tzen, die Ihre H\u00e4nde frisch und trocken halten.<\/p>\n<p class=\"\" data-start=\"3083\" data-end=\"3218\">???? <strong data-start=\"3086\" data-end=\"3112\">Touchscreen-F\u00e4higkeit<\/strong><br data-start=\"3112\" data-end=\"3115\" \/>Dank der praktischen Touchscreen-empfindlichen Fingerspitzen k\u00f6nnen Sie Ihre Ger\u00e4te bedienen, ohne die Handschuhe ausziehen zu m\u00fcssen.<\/p>\n<p class=\"\" data-start=\"3220\" data-end=\"3363\">???? <strong data-start=\"3223\" data-end=\"3252\">Sicherer verstellbarer Verschluss<\/strong><br data-start=\"3252\" data-end=\"3255\" \/>Der Klettverschluss am Handgelenk mit erweiterter Abdeckung sorgt f\u00fcr einen festen Sitz, der auch bei kr\u00e4ftigen Bewegungen nicht verrutscht.<\/p>\n<p class=\"\" data-start=\"3365\" data-end=\"3533\">???? <strong data-start=\"3368\" data-end=\"3398\">Professioneller taktischer Look<\/strong><br data-start=\"3398\" data-end=\"3401\" \/>Mattschwarzes, robustes Design mit minimalistischem Ryinz-Branding - ideal f\u00fcr taktische Fahrer, milit\u00e4risch inspirierte Styles oder urbane K\u00e4mpfer.<\/p>\n<p class=\"\" data-start=\"3535\" data-end=\"3699\">???? <strong data-start=\"3538\" data-end=\"3569\">OEM und Private Label bereit<\/strong><br data-start=\"3569\" data-end=\"3572\" \/>Ryinz bietet flexible L\u00f6sungen f\u00fcr individuelles Branding, ma\u00dfgeschneiderte Designs und Verpackungsl\u00f6sungen, um Ihre Marktpr\u00e4senz zu erh\u00f6hen.<\/p>\n<p class=\"\" data-start=\"3701\" data-end=\"3854\">???? <strong data-start=\"3704\" data-end=\"3730\">EU-zertifizierte Standards<\/strong><br data-start=\"3730\" data-end=\"3733\" \/>Produkte, die den strengen europ\u00e4ischen Qualit\u00e4tsma\u00dfst\u00e4ben entsprechen oder diese sogar \u00fcbertreffen und auf die Profis und Enthusiasten gleicherma\u00dfen vertrauen.<\/p>\n<hr class=\"\" data-start=\"3856\" data-end=\"3859\" \/>\n<h1 class=\"\" data-start=\"3861\" data-end=\"3892\">???? <strong data-start=\"3866\" data-end=\"3892\">Produktspezifikationen<\/strong><\/h1>\n<p class=\"\" data-start=\"3894\" data-end=\"4340\">- <strong data-start=\"3896\" data-end=\"3909\">Materialien<\/strong>: Leder + Atmungsaktives Mesh + TPU Kn\u00f6chelpanzer<br data-start=\"3956\" data-end=\"3959\" \/>- <strong data-start=\"3961\" data-end=\"3970\">Farbe<\/strong>: Tactical Mattschwarz<br data-start=\"3992\" data-end=\"3995\" \/>- <strong data-start=\"3997\" data-end=\"4006\">Gr\u00f6\u00dfen<\/strong>: S, M, L, XL, XXL (Europ\u00e4ische Standardgr\u00f6\u00dfen)<br data-start=\"4051\" data-end=\"4054\" \/>- <strong data-start=\"4056\" data-end=\"4075\">Empfohlene Verwendung<\/strong>: Motorradfahren, Motocross, taktische Eins\u00e4tze, Adventure Biking, Stadtverkehr, milit\u00e4rische Ausbildung, Radfahren, Jagd<br data-start=\"4196\" data-end=\"4199\" \/>- <strong data-start=\"4201\" data-end=\"4212\">Schlie\u00dfung<\/strong>: Klettverschluss verstellbares Handgelenkband<br data-start=\"4243\" data-end=\"4246\" \/>- <strong data-start=\"4248\" data-end=\"4271\">Touchscreen-Funktion<\/strong>: Ja<br data-start=\"4276\" data-end=\"4279\" \/>- <strong data-start=\"4281\" data-end=\"4304\">Markenanpassung<\/strong>: Verf\u00fcgbar (MOQ ab 50 Paar)<\/p>\n<hr class=\"\" data-start=\"4342\" data-end=\"4345\" \/>\n<h1 class=\"\" data-start=\"4347\" data-end=\"4380\">???? <strong data-start=\"4352\" data-end=\"4380\">Ideale M\u00e4rkte und K\u00e4ufer<\/strong><\/h1>\n<p class=\"\" data-start=\"4382\" data-end=\"4642\">- H\u00e4ndler f\u00fcr Motorradbekleidung<br data-start=\"4412\" data-end=\"4415\" \/>- H\u00e4ndler f\u00fcr taktische Ausr\u00fcstung<br data-start=\"4445\" data-end=\"4448\" \/>- Abenteuer-Sportgesch\u00e4fte<br data-start=\"4472\" data-end=\"4475\" \/>- Urban Streetwear Marken<br data-start=\"4500\" data-end=\"4503\" \/>- Private Label Tactical Marken<br data-start=\"4534\" data-end=\"4537\" \/>- Amazon- und eBay-Verk\u00e4ufer<br data-start=\"4562\" data-end=\"4565\" \/>- Europ\u00e4ische B2B-Eink\u00e4ufer und -Gro\u00dfh\u00e4ndler<br data-start=\"4602\" data-end=\"4605\" \/>- USA Outdoor- und Abenteuerm\u00e4rkte<\/p>\n<hr class=\"\" data-start=\"4644\" data-end=\"4647\" \/>\n<h1 class=\"\" data-start=\"4649\" data-end=\"4675\">???? <strong data-start=\"4654\" data-end=\"4675\">Warum Ryinz w\u00e4hlen?<\/strong><\/h1>\n<p class=\"\" data-start=\"4677\" data-end=\"4959\">- Direkte Herstellerpreise - keine Zwischenh\u00e4ndler<br data-start=\"4721\" data-end=\"4724\" \/>- Flexible MOQ - von kleinen Chargen bis zu Containerladungen<br data-start=\"4778\" data-end=\"4781\" \/>- Vollst\u00e4ndige OEM\/ODM-Anpassungsdienste<br data-start=\"4818\" data-end=\"4821\" \/>- Schnelle Produktion und weltweiter Versand<br data-start=\"4861\" data-end=\"4864\" \/>- Professionelles mehrsprachiges Support-Team<br data-start=\"4904\" data-end=\"4907\" \/>- Mehr als 20 Jahre Erfahrung im Export von Qualit\u00e4tszahnr\u00e4dern<\/p>\n<p class=\"\" data-start=\"4961\" data-end=\"5121\">Ryinz ist Ihr zuverl\u00e4ssiger Partner, um sich selbstbewusst auf den internationalen M\u00e4rkten zu bewegen und Ihre Marke mit Produkten zu skalieren, die auf Leistung, Stil und Haltbarkeit ausgelegt sind.<\/p>","protected":false},"excerpt":{"rendered":"<p><strong>Wesentliche Merkmale:<\/strong><\/p>\n<ul>\n<li><strong>Material-Optionen<\/strong>: Erh\u00e4ltlich in Rinds-, Ziegen- oder Schafsleder f\u00fcr hervorragende Haltbarkeit und Komfort.<\/li>\n<li><strong>Bel\u00fcftung<\/strong>: Mesh-Eins\u00e4tze f\u00fcr die Bel\u00fcftung halten die H\u00e4nde bei l\u00e4ngeren Eins\u00e4tzen k\u00fchl, perfekt f\u00fcr Polizeibeamte in intensiven Situationen.<\/li>\n<li><strong>Kn\u00f6chelschutz<\/strong>: Harter Kn\u00f6chelschutz f\u00fcr zus\u00e4tzlichen Schutz vor St\u00f6\u00dfen, der die Sicherheit bei taktischen Eins\u00e4tzen gew\u00e4hrleistet.<\/li>\n<li><strong>Fingerschutz<\/strong>: Die Schutzspitzen an den Fingern bieten zus\u00e4tzliche Haltbarkeit und Verst\u00e4rkung.<\/li>\n<li><strong>Auskleidung<\/strong>: Fleece-, Playboy- oder Tricot-Futter f\u00fcr Komfort und Isolierung, geeignet f\u00fcr eine Vielzahl von Umgebungen.<\/li>\n<\/ul>\n<p><strong>Beschreibung des Produkts:<\/strong><\/p>\n<p>Die <strong>Gillani Polizeihandschuhe - Harter Kn\u00f6chelschutz &amp; Mesh-Bel\u00fcftung (JPTG-0289)<\/strong> wurden entwickelt, um maximalen Schutz, Haltbarkeit und Komfort f\u00fcr Polizeibeamte zu bieten. Die Handschuhe sind aus hochwertigem Rinds-, Ziegen- oder Schafsleder gefertigt und bieten Langlebigkeit f\u00fcr den dauerhaften Einsatz. Mesh-Bel\u00fcftungseins\u00e4tze sorgen f\u00fcr Atmungsaktivit\u00e4t in intensiven Situationen, w\u00e4hrend der harte Kn\u00f6chelschutz vor St\u00f6\u00dfen sch\u00fctzt. Die verst\u00e4rkten Schutzspitzen an den Fingern erh\u00f6hen die Strapazierf\u00e4higkeit, und das bequeme Fleece-, Playboy- oder Tricot-Futter sorgt f\u00fcr optimalen Komfort bei unterschiedlichen Wetterbedingungen. Diese Handschuhe sind ideal f\u00fcr Polizeibeamte, die \u00fcberragenden Schutz und Leistung suchen.<\/p>","protected":false},"featured_media":9018,"comment_status":"closed","ping_status":"closed","template":"","meta":[],"product_brand":[35],"product_cat":[99,100],"product_tag":[116],"class_list":{"0":"post-8940","1":"product","2":"type-product","3":"status-publish","4":"has-post-thumbnail","6":"product_brand-ryinz","7":"product_cat-gloves","8":"product_cat-police-gloves","9":"product_tag-protective-gloves-for-law-enforcement","11":"first","12":"instock","13":"taxable","14":"shipping-taxable","15":"purchasable","16":"product-type-simple"},"_links":{"self":[{"href":"https:\/\/ryinz.cz\/velkoobchod\/de\/wp-json\/wp\/v2\/product\/8940","targetHints":{"allow":["GET"]}}],"collection":[{"href":"https:\/\/ryinz.cz\/velkoobchod\/de\/wp-json\/wp\/v2\/product"}],"about":[{"href":"https:\/\/ryinz.cz\/velkoobchod\/de\/wp-json\/wp\/v2\/types\/product"}],"replies":[{"embeddable":true,"href":"https:\/\/ryinz.cz\/velkoobchod\/de\/wp-json\/wp\/v2\/comments?post=8940"}],"wp:featuredmedia":[{"embeddable":true,"href":"https:\/\/ryinz.cz\/velkoobchod\/de\/wp-json\/wp\/v2\/media\/9018"}],"wp:attachment":[{"href":"https:\/\/ryinz.cz\/velkoobchod\/de\/wp-json\/wp\/v2\/media?parent=8940"}],"wp:term":[{"taxonomy":"product_brand","embeddable":true,"href":"https:\/\/ryinz.cz\/velkoobchod\/de\/wp-json\/wp\/v2\/product_brand?post=8940"},{"taxonomy":"product_cat","embeddable":true,"href":"https:\/\/ryinz.cz\/velkoobchod\/de\/wp-json\/wp\/v2\/product_cat?post=8940"},{"taxonomy":"product_tag","embeddable":true,"href":"https:\/\/ryinz.cz\/velkoobchod\/de\/wp-json\/wp\/v2\/product_tag?post=8940"}],"curies":[{"name":"wp","href":"https:\/\/api.w.org\/{rel}","templated":true}]}}