{"id":8939,"date":"2025-06-22T15:22:05","date_gmt":"2025-06-22T15:22:05","guid":{"rendered":"https:\/\/ryinz.cz\/velkoobchod\/?post_type=product&#038;p=8939"},"modified":"2026-01-18T20:16:59","modified_gmt":"2026-01-18T20:16:59","slug":"ryinz-urban-rider-handschuhe-leichte-atmungsaktive-motorrad-abenteuer-handschuhe-fur-manner","status":"publish","type":"product","link":"https:\/\/ryinz.cz\/velkoobchod\/de\/product\/ryinz-urban-rider-gloves-lightweight-breathable-motorcycle-adventure-gloves-for-men\/","title":{"rendered":"Ryinz Urban Rider Handschuhe - Leichte, atmungsaktive Motorrad- und Abenteuerhandschuhe f\u00fcr M\u00e4nner"},"content":{"rendered":"<p class=\"\" data-start=\"605\" data-end=\"954\">Unter <strong data-start=\"608\" data-end=\"617\">Ryinz<\/strong>, Wir haben es uns zur Aufgabe gemacht, Spitzenleistungen bei Premium-Reithandschuhen f\u00fcr Gro\u00dfhandel, Einzelhandel, Eigenmarken und Markenvertrieb neu zu definieren. Wir haben uns darauf spezialisiert, die L\u00fccke zwischen potenzialstarken Herstellern und vorausschauenden K\u00e4ufern in Europa, den USA und Asien zu schlie\u00dfen. Unsere Mission ist einfach: T\u00fcren \u00f6ffnen, damit Sie mit Zuversicht Verk\u00e4ufe t\u00e4tigen k\u00f6nnen.<\/p>\n<p class=\"\" data-start=\"956\" data-end=\"1288\">Einf\u00fchrung der hochmodernen <strong data-start=\"985\" data-end=\"1013\">Ryinz Urban Rider Handschuhe<\/strong> - die ultimative Kombination aus leichtem Design, atmungsaktiver Leistung und robustem Schutz. Diese Handschuhe wurden f\u00fcr Fahrer entwickelt, die Wert auf Stil legen, ohne Kompromisse bei Komfort und Sicherheit einzugehen, und liefern sowohl auf der Stra\u00dfe als auch im Gel\u00e4nde hervorragende Ergebnisse.<\/p>\n<p class=\"\" data-start=\"1290\" data-end=\"1696\">Die Ryinz Urban Rider Gloves sind aus einer Mischung aus hochwertigen synthetischen Stoffen und verst\u00e4rkten Mikrofasern gefertigt und bieten eine hervorragende Best\u00e4ndigkeit gegen Abrieb und Risse. Die ergonomische, vorgeformte Konstruktion sorgt f\u00fcr maximale Flexibilit\u00e4t und minimiert die Erm\u00fcdung der H\u00e4nde bei langen Fahrten. Ob Sie durch die Stra\u00dfen der Stadt cruisen, auf der Rennstrecke fahren oder raues Gel\u00e4nde erkunden, diese Handschuhe sind Ihr zuverl\u00e4ssiger Partner.<\/p>\n<p class=\"\" data-start=\"1698\" data-end=\"2019\">Bel\u00fcftete Kn\u00f6cheleins\u00e4tze, strategisch platzierte atmungsaktive Mesh-Eins\u00e4tze und Touchscreen-kompatible Fingerspitzen machen diese Handschuhe nicht nur langlebig, sondern auch unglaublich praktisch f\u00fcr den modernen Fahrer. Verbesserte Griffzonen auf der Handfl\u00e4che sorgen f\u00fcr unschlagbare Kontrolle \u00fcber Lenker und Bedienelemente, selbst bei schwierigen Fahrbedingungen.<\/p>\n<p class=\"\" data-start=\"2021\" data-end=\"2343\">Diese Handschuhe sind ideal f\u00fcr das ganze Jahr, f\u00fcr den st\u00e4dtischen Pendlerverkehr, f\u00fcr Abenteuertouren und f\u00fcr den l\u00e4ssigen Alltag. Sie bieten die perfekte Balance zwischen stilvollem Aussehen und robuster Funktionalit\u00e4t. Die leichten und dennoch robusten Ryinz Urban Rider Gloves bieten sowohl den Schutz, den ambitionierte Fahrer ben\u00f6tigen, als auch die Atmungsaktivit\u00e4t, nach der sich aktive Pendler sehnen.<\/p>\n<p class=\"\" data-start=\"2345\" data-end=\"2550\">Wenn Sie sich f\u00fcr Ryinz entscheiden, gehen Sie eine Partnerschaft mit einer Marke ein, die kundenspezifische Logoproduktion, ma\u00dfgeschneiderte OEM-Dienstleistungen und flexible Bestellmengen anbietet, was Ihnen einen Vorteil auf den hart umk\u00e4mpften globalen M\u00e4rkten verschafft.<\/p>\n<hr class=\"\" data-start=\"2552\" data-end=\"2555\" \/>\n<h1 class=\"\" data-start=\"2557\" data-end=\"2591\">???? <strong data-start=\"2562\" data-end=\"2591\">Hauptmerkmale und Vorteile<\/strong><\/h1>\n<p class=\"\" data-start=\"2593\" data-end=\"2759\">???? <strong data-start=\"2596\" data-end=\"2639\">Leichte und atmungsaktive Konstruktion<\/strong><br data-start=\"2639\" data-end=\"2642\" \/>Hochentwickelte Materialien maximieren die Luftzirkulation und minimieren das Schwitzen bei langen Fahrten, selbst bei warmem Wetter.<\/p>\n<p class=\"\" data-start=\"2761\" data-end=\"2890\">???? <strong data-start=\"2764\" data-end=\"2795\">Ergonomisches, vorgekr\u00fcmmtes Design<\/strong><br data-start=\"2795\" data-end=\"2798\" \/>Die nat\u00fcrliche, vorgekr\u00fcmmte Form verringert die Erm\u00fcdung der Hand und erh\u00f6ht den Gesamtkomfort bei l\u00e4ngerem Gebrauch.<\/p>\n<p class=\"\" data-start=\"2892\" data-end=\"3056\">???? <strong data-start=\"2895\" data-end=\"2929\">Verst\u00e4rkter Abrasionsschutz<\/strong><br data-start=\"2929\" data-end=\"2932\" \/>Handfl\u00e4che, Daumen und Finger sind mit strapazierf\u00e4higen Mikrofasern verst\u00e4rkt, die einen besseren Schutz vor Abrieb und St\u00f6\u00dfen bieten.<\/p>\n<p class=\"\" data-start=\"3058\" data-end=\"3191\">???? <strong data-start=\"3061\" data-end=\"3094\">Bel\u00fcfteter Kn\u00f6chelschutz<\/strong><br data-start=\"3094\" data-end=\"3097\" \/>Flexible Kn\u00f6cheleins\u00e4tze mit Bel\u00fcftungs\u00f6ffnungen bieten eine Mischung aus Schutz und hervorragender Atmungsaktivit\u00e4t.<\/p>\n<p class=\"\" data-start=\"3193\" data-end=\"3321\">???? <strong data-start=\"3196\" data-end=\"3233\">Touchscreen-kompatible Fingerspitzen<\/strong><br data-start=\"3233\" data-end=\"3236\" \/>Bleiben Sie auch unterwegs in Verbindung - nehmen Sie Anrufe entgegen oder navigieren Sie per GPS, ohne die Handschuhe ausziehen zu m\u00fcssen.<\/p>\n<p class=\"\" data-start=\"3323\" data-end=\"3472\">???? <strong data-start=\"3326\" data-end=\"3364\">Sicherer und verstellbarer Manschettenverschluss<\/strong><br data-start=\"3364\" data-end=\"3367\" \/>Der Klettverschluss am Handgelenk sorgt f\u00fcr einen passgenauen, individuellen Sitz, der die Handschuhe w\u00e4hrend der Fahrt fest an ihrem Platz h\u00e4lt.<\/p>\n<p class=\"\" data-start=\"3474\" data-end=\"3602\">???? <strong data-start=\"3477\" data-end=\"3501\">Anti-Rutsch-Handgriffe<\/strong><br data-start=\"3501\" data-end=\"3504\" \/>Optimierte Griffzonen sorgen f\u00fcr hervorragende Kontrolle \u00fcber die Fahrradgriffe, selbst bei N\u00e4sse oder Schwei\u00df.<\/p>\n<p class=\"\" data-start=\"3604\" data-end=\"3755\">???? <strong data-start=\"3607\" data-end=\"3631\">Stilvolle Stadtgestaltung<\/strong><br data-start=\"3631\" data-end=\"3634\" \/>Die attraktive Farbgebung in Braun, Schwarz und Wei\u00df, gepaart mit minimalistischem Branding, passt zu jeder sportlichen oder legeren Garderobe des Fahrers.<\/p>\n<p class=\"\" data-start=\"3757\" data-end=\"3890\">???? <strong data-start=\"3760\" data-end=\"3786\">Ganzj\u00e4hrige Vielseitigkeit<\/strong><br data-start=\"3786\" data-end=\"3789\" \/>Geeignet f\u00fcr Fahrten im Fr\u00fchling, Sommer und Fr\u00fchherbst, bietet ausreichend Schutz ohne \u00dcberhitzung.<\/p>\n<p class=\"\" data-start=\"3892\" data-end=\"4043\">???? <strong data-start=\"3895\" data-end=\"3947\">Kundenspezifisches Logo und Private Label Services verf\u00fcgbar<\/strong><br data-start=\"3947\" data-end=\"3950\" \/>Profitieren Sie von unseren umfassenden Branding-Dienstleistungen, um Ihre einzigartige Identit\u00e4t auf dem Markt zu etablieren.<\/p>\n<hr class=\"\" data-start=\"4045\" data-end=\"4048\" \/>\n<h1 class=\"\" data-start=\"4050\" data-end=\"4081\">???? <strong data-start=\"4055\" data-end=\"4081\">Produktspezifikationen<\/strong><\/h1>\n<p class=\"\" data-start=\"4083\" data-end=\"4543\">- <strong data-start=\"4085\" data-end=\"4097\">Material<\/strong>: Hochwertige Synthetikmischungen, verst\u00e4rkte Mikrofaser, atmungsaktive Netzeins\u00e4tze<br data-start=\"4171\" data-end=\"4174\" \/>- <strong data-start=\"4176\" data-end=\"4196\">Verf\u00fcgbare Farben<\/strong>: Braun\/Wei\u00df\/Schwarz (kundenspezifische Farben auf Anfrage)<br data-start=\"4241\" data-end=\"4244\" \/>- <strong data-start=\"4246\" data-end=\"4255\">Gr\u00f6\u00dfen<\/strong>: S, M, L, XL, XXL (EU-Gr\u00f6\u00dfenstandards)<br data-start=\"4295\" data-end=\"4298\" \/>- <strong data-start=\"4300\" data-end=\"4312\">Am besten f\u00fcr<\/strong>: Pendeln in der Stadt, Abenteuerfahrten, Freizeitradfahren, Outdoor-Aktivit\u00e4ten<br data-start=\"4382\" data-end=\"4385\" \/>- <strong data-start=\"4387\" data-end=\"4403\">Verschlussart<\/strong>: Klettverschluss verstellbarer Gurt<br data-start=\"4428\" data-end=\"4431\" \/>- <strong data-start=\"4433\" data-end=\"4459\">Touchscreen-kompatibel<\/strong>: Ja<br data-start=\"4464\" data-end=\"4467\" \/>- <strong data-start=\"4469\" data-end=\"4476\">MOQ<\/strong>: Niedrige Mindestbetr\u00e4ge verf\u00fcgbar, ideal f\u00fcr Start-ups und etablierte Marken<\/p>\n<hr class=\"\" data-start=\"4545\" data-end=\"4548\" \/>\n<h1 class=\"\" data-start=\"4550\" data-end=\"4588\">???? <strong data-start=\"4555\" data-end=\"4588\">Anwendungen und ideale K\u00e4ufer<\/strong><\/h1>\n<p class=\"\" data-start=\"4590\" data-end=\"4837\">- Motorrad-Einzelh\u00e4ndler und -Gro\u00dfh\u00e4ndler<br data-start=\"4628\" data-end=\"4631\" \/>- Gesch\u00e4fte f\u00fcr Abenteuerausr\u00fcstung<br data-start=\"4653\" data-end=\"4656\" \/>- E-Commerce-Verk\u00e4ufer von Outdoor-Ausr\u00fcstung<br data-start=\"4689\" data-end=\"4692\" \/>- Private Label-Motorradbekleidungsmarken<br data-start=\"4733\" data-end=\"4736\" \/>- Urbane Lifestyle-Boutiquen<br data-start=\"4763\" data-end=\"4766\" \/>- Motorsport-Zubeh\u00f6rmarken<br data-start=\"4795\" data-end=\"4798\" \/>- Europ\u00e4ische, US-amerikanische und asiatische B2B-Importeure<\/p>\n<hr class=\"\" data-start=\"4839\" data-end=\"4842\" \/>\n<h1 class=\"\" data-start=\"4844\" data-end=\"4876\">???? <strong data-start=\"4849\" data-end=\"4876\">Warum eine Partnerschaft mit Ryinz?<\/strong><\/h1>\n<p class=\"\" data-start=\"4878\" data-end=\"5142\">- Moderne, auf die EU zugeschnittene Designs f\u00fcr globale M\u00e4rkte<br data-start=\"4931\" data-end=\"4934\" \/>- Experten f\u00fcr OEM und Handelsmarken<br data-start=\"4965\" data-end=\"4968\" \/>- Kleines MOQ bis hin zu Gro\u00dfserienauftr\u00e4gen<br data-start=\"5001\" data-end=\"5004\" \/>- Qualit\u00e4tssicherung und rechtzeitige Lieferungen<br data-start=\"5045\" data-end=\"5048\" \/>- Umfassende Unterst\u00fctzung durch den Kundendienst<br data-start=\"5083\" data-end=\"5086\" \/>- Mehr als 20 Jahre Branchenerfahrung im internationalen Handel<\/p>\n<p class=\"\" data-start=\"5144\" data-end=\"5260\">Ryinz ist nicht nur eine Marke - es ist Ihr Partner f\u00fcr Wachstum, Ihr unsichtbarer Motor f\u00fcr erfolgreiche internationale Verk\u00e4ufe.<\/p>","protected":false},"excerpt":{"rendered":"<p class=\"\" data-start=\"2593\" data-end=\"2759\"><strong data-start=\"2596\" data-end=\"2639\">Leichte und atmungsaktive Konstruktion<\/strong><br data-start=\"2639\" data-end=\"2642\" \/>Hochentwickelte Materialien maximieren die Luftzirkulation und minimieren das Schwitzen bei langen Fahrten, selbst bei warmem Wetter.<\/p>\n<p class=\"\" data-start=\"2761\" data-end=\"2890\">???? <strong data-start=\"2764\" data-end=\"2795\">Ergonomisches, vorgekr\u00fcmmtes Design<\/strong><br data-start=\"2795\" data-end=\"2798\" \/>Die nat\u00fcrliche, vorgekr\u00fcmmte Form verringert die Erm\u00fcdung der Hand und erh\u00f6ht den Gesamtkomfort bei l\u00e4ngerem Gebrauch.<\/p>\n<p class=\"\" data-start=\"2892\" data-end=\"3056\">???? <strong data-start=\"2895\" data-end=\"2929\">Verst\u00e4rkter Abrasionsschutz<\/strong><br data-start=\"2929\" data-end=\"2932\" \/>Handfl\u00e4che, Daumen und Finger sind mit strapazierf\u00e4higen Mikrofasern verst\u00e4rkt, die einen besseren Schutz vor Abrieb und St\u00f6\u00dfen bieten.<\/p>\n<p class=\"\" data-start=\"3058\" data-end=\"3191\">???? <strong data-start=\"3061\" data-end=\"3094\">Bel\u00fcfteter Kn\u00f6chelschutz<\/strong><br data-start=\"3094\" data-end=\"3097\" \/>Flexible Kn\u00f6cheleins\u00e4tze mit Bel\u00fcftungs\u00f6ffnungen bieten eine Mischung aus Schutz und hervorragender Atmungsaktivit\u00e4t.<\/p>\n<p class=\"\" data-start=\"3193\" data-end=\"3321\">???? <strong data-start=\"3196\" data-end=\"3233\">Touchscreen-kompatible Fingerspitzen<\/strong><br data-start=\"3233\" data-end=\"3236\" \/>Bleiben Sie auch unterwegs in Verbindung - nehmen Sie Anrufe entgegen oder navigieren Sie per GPS, ohne die Handschuhe ausziehen zu m\u00fcssen.<\/p>\n<p class=\"\" data-start=\"3323\" data-end=\"3472\">???? <strong data-start=\"3326\" data-end=\"3364\">Sicherer und verstellbarer Manschettenverschluss<\/strong><br data-start=\"3364\" data-end=\"3367\" \/>Der Klettverschluss am Handgelenk sorgt f\u00fcr einen passgenauen, individuellen Sitz, der die Handschuhe w\u00e4hrend der Fahrt fest an ihrem Platz h\u00e4lt.<\/p>","protected":false},"featured_media":9006,"comment_status":"closed","ping_status":"closed","template":"","meta":[],"product_brand":[35],"product_cat":[99,100],"product_tag":[116],"class_list":{"0":"post-8939","1":"product","2":"type-product","3":"status-publish","4":"has-post-thumbnail","6":"product_brand-ryinz","7":"product_cat-gloves","8":"product_cat-police-gloves","9":"product_tag-protective-gloves-for-law-enforcement","11":"first","12":"instock","13":"taxable","14":"shipping-taxable","15":"purchasable","16":"product-type-simple"},"_links":{"self":[{"href":"https:\/\/ryinz.cz\/velkoobchod\/de\/wp-json\/wp\/v2\/product\/8939","targetHints":{"allow":["GET"]}}],"collection":[{"href":"https:\/\/ryinz.cz\/velkoobchod\/de\/wp-json\/wp\/v2\/product"}],"about":[{"href":"https:\/\/ryinz.cz\/velkoobchod\/de\/wp-json\/wp\/v2\/types\/product"}],"replies":[{"embeddable":true,"href":"https:\/\/ryinz.cz\/velkoobchod\/de\/wp-json\/wp\/v2\/comments?post=8939"}],"wp:featuredmedia":[{"embeddable":true,"href":"https:\/\/ryinz.cz\/velkoobchod\/de\/wp-json\/wp\/v2\/media\/9006"}],"wp:attachment":[{"href":"https:\/\/ryinz.cz\/velkoobchod\/de\/wp-json\/wp\/v2\/media?parent=8939"}],"wp:term":[{"taxonomy":"product_brand","embeddable":true,"href":"https:\/\/ryinz.cz\/velkoobchod\/de\/wp-json\/wp\/v2\/product_brand?post=8939"},{"taxonomy":"product_cat","embeddable":true,"href":"https:\/\/ryinz.cz\/velkoobchod\/de\/wp-json\/wp\/v2\/product_cat?post=8939"},{"taxonomy":"product_tag","embeddable":true,"href":"https:\/\/ryinz.cz\/velkoobchod\/de\/wp-json\/wp\/v2\/product_tag?post=8939"}],"curies":[{"name":"wp","href":"https:\/\/api.w.org\/{rel}","templated":true}]}}