{"id":8938,"date":"2025-06-22T15:22:04","date_gmt":"2025-06-22T15:22:04","guid":{"rendered":"https:\/\/ryinz.cz\/velkoobchod\/?post_type=product&#038;p=8938"},"modified":"2026-01-18T20:16:58","modified_gmt":"2026-01-18T20:16:58","slug":"ryinz-taktische-militar-polizei-handschuhe-schwere-schutz-und-leistung","status":"publish","type":"product","link":"https:\/\/ryinz.cz\/velkoobchod\/de\/product\/ryinz-tactical-military-police-gloves-heavy-duty-protection-and-performance\/","title":{"rendered":"Ryinz Tactical Military &amp; Police Gloves - Schutz und Leistung f\u00fcr den harten Einsatz"},"content":{"rendered":"<p class=\"\" data-start=\"491\" data-end=\"753\">Unter <strong data-start=\"494\" data-end=\"503\">Ryinz<\/strong>, Wir verbinden Spitzenhersteller, Marken, Gro\u00df- und Einzelh\u00e4ndler in Europa, den USA und Asien mit der besten taktischen Ausr\u00fcstung, die f\u00fcr reale Eins\u00e4tze entwickelt wurde. Als unsichtbarer Motor des internationalen Handels \u00f6ffnen wir T\u00fcren - Sie schlie\u00dfen Verk\u00e4ufe ab.<\/p>\n<p class=\"\" data-start=\"755\" data-end=\"1065\">Einf\u00fchrung in die <strong data-start=\"771\" data-end=\"814\">Ryinz Tactical Milit\u00e4r &amp; Polizei Handschuhe<\/strong>, f\u00fcr den professionellen Einsatz in anspruchsvollen Umgebungen entwickelt. Ganz gleich, ob Sie beim Milit\u00e4r, bei der Strafverfolgung oder im privaten Sicherheitsdienst t\u00e4tig sind oder als Outdoor-Enthusiast extremen Schutz ben\u00f6tigen, diese Handschuhe bieten un\u00fcbertroffene Haltbarkeit, Pr\u00e4zision und Komfort.<\/p>\n<p class=\"\" data-start=\"1067\" data-end=\"1441\">Die Ryinz Tactical Gloves bestehen aus einer Kombination aus hochwertigem, verst\u00e4rktem Kunstleder, Nylon in Milit\u00e4rqualit\u00e4t und hochdichter EVA-Polsterung und sind f\u00fcr h\u00e4rteste Eins\u00e4tze konzipiert. Die ergonomische, harte Kn\u00f6chelpanzerung bietet wesentlichen Schutz gegen St\u00f6\u00dfe, Absch\u00fcrfungen und physische Konfrontationen und macht sie zu einem unverzichtbaren Teil der Ausr\u00fcstung eines jeden Offiziers oder Soldaten.<\/p>\n<p class=\"\" data-start=\"1443\" data-end=\"1819\">Diese Handschuhe wurden f\u00fcr taktische Flexibilit\u00e4t entwickelt und verf\u00fcgen \u00fcber passgenaue Finger, eine verbesserte Grifftechnologie, verst\u00e4rkte Handfl\u00e4chen und verstellbare Handgelenksverschl\u00fcsse, um maximale Beweglichkeit zu gew\u00e4hrleisten, ohne den Schutz zu beeintr\u00e4chtigen. Ganz gleich, ob Sie mit Waffen hantieren, an Nahk\u00e4mpfen teilnehmen oder risikoreiche Operationen durchf\u00fchren, diese Handschuhe bieten h\u00f6chste Kontrolle und Sensibilit\u00e4t.<\/p>\n<p class=\"\" data-start=\"1821\" data-end=\"2043\">Atmungsaktive Materialien verringern die Erm\u00fcdung der H\u00e4nde und halten sie auch bei l\u00e4ngerem Gebrauch k\u00fchl, w\u00e4hrend die robusten, kratzfesten Au\u00dfenmaterialien f\u00fcr schwere Aufgaben in jeder Umgebung geeignet sind - in der W\u00fcste, im Dschungel, im Schnee oder in der Stadt.<\/p>\n<p class=\"\" data-start=\"2045\" data-end=\"2302\"><strong data-start=\"2045\" data-end=\"2070\">Ryinz Tactical Handschuhe<\/strong> sind f\u00fcr Gro\u00dfhandel, Einzelhandel, OEM\/ODM-Branding und Private-Labeling-Projekte f\u00fcr Sicherheitsbeh\u00f6rden, Lieferanten von Milit\u00e4rausr\u00fcstung, Jagdausr\u00fcster, Outdoor-Sporth\u00e4ndler und E-Commerce-Unternehmen in ganz Europa und den USA erh\u00e4ltlich.<\/p>\n<p class=\"\" data-start=\"2304\" data-end=\"2456\">Arbeiten Sie mit Ryinz zusammen, um Ihren Kunden taktische Spitzenleistungen zu bieten - denn wenn es auf Sicherheit, St\u00e4rke und Leistung ankommt, ist nur das Beste gut genug.<\/p>\n<hr class=\"\" data-start=\"2458\" data-end=\"2461\" \/>\n<h1 class=\"\" data-start=\"2463\" data-end=\"2497\">???? <strong data-start=\"2468\" data-end=\"2497\">Hauptmerkmale und Vorteile<\/strong><\/h1>\n<p class=\"\" data-start=\"2499\" data-end=\"2643\">???? <strong data-start=\"2502\" data-end=\"2535\">Schutz durch Kn\u00f6chelpanzer<\/strong><br data-start=\"2535\" data-end=\"2538\" \/>Spritzgegossene Kn\u00f6chelsch\u00fctzer sch\u00fctzen vor St\u00f6\u00dfen, Abrieb und Verletzungen bei intensiven Eins\u00e4tzen.<\/p>\n<p class=\"\" data-start=\"2645\" data-end=\"2781\">???? <strong data-start=\"2648\" data-end=\"2683\">Verst\u00e4rkte Handfl\u00e4chen-Griff-Technologie<\/strong><br data-start=\"2683\" data-end=\"2686\" \/>Das strukturierte, rutschfeste Material verbessert die Waffenkontrolle, die Handhabung von Fahrzeugen und die Bedienung von Ger\u00e4ten.<\/p>\n<p class=\"\" data-start=\"2783\" data-end=\"2890\">???? <strong data-start=\"2786\" data-end=\"2814\">EVA-Polsterung mit hoher Dichte<\/strong><br data-start=\"2814\" data-end=\"2817\" \/>Bietet eine zus\u00e4tzliche Sto\u00dfd\u00e4mpfung f\u00fcr Handschl\u00e4ge und den R\u00fccksto\u00df von Schusswaffen.<\/p>\n<p class=\"\" data-start=\"2892\" data-end=\"3033\">???? <strong data-start=\"2895\" data-end=\"2928\">Atmungsaktives und strapazierf\u00e4higes Material<\/strong><br data-start=\"2928\" data-end=\"2931\" \/>Die taktischen Materialien bieten eine hohe Abriebfestigkeit und erm\u00f6glichen gleichzeitig eine gute Bel\u00fcftung f\u00fcr hohen Tragekomfort.<\/p>\n<p class=\"\" data-start=\"3035\" data-end=\"3152\">???? <strong data-start=\"3038\" data-end=\"3063\">Verstellbarer sicherer Sitz<\/strong><br data-start=\"3063\" data-end=\"3066\" \/>Klettverschl\u00fcsse an den Handgelenken sorgen f\u00fcr einen passgenauen, individuell anpassbaren Sitz, der auch w\u00e4hrend der Action an Ort und Stelle bleibt.<\/p>\n<p class=\"\" data-start=\"3154\" data-end=\"3285\">???? <strong data-start=\"3157\" data-end=\"3189\">Professionelles taktisches Design<\/strong><br data-start=\"3189\" data-end=\"3192\" \/>Vorgekr\u00fcmmte Finger f\u00fcr nat\u00fcrliche Handbewegungen beim Schie\u00dfen, Fahren, Klettern und K\u00e4mpfen.<\/p>\n<p class=\"\" data-start=\"3287\" data-end=\"3405\">???? <strong data-start=\"3290\" data-end=\"3323\">Leistung in mehreren Umgebungen<\/strong><br data-start=\"3323\" data-end=\"3326\" \/>Sie ist f\u00fcr den Einsatz in der W\u00fcste, im Winter, im Dschungel und in der Stadt konzipiert.<\/p>\n<p class=\"\" data-start=\"3407\" data-end=\"3542\">???? <strong data-start=\"3410\" data-end=\"3443\">OEM- und Anpassungsoptionen<\/strong><br data-start=\"3443\" data-end=\"3446\" \/>Wir bieten individuelle Logoplatzierungen, Verpackungen und Private-Label-L\u00f6sungen f\u00fcr Ihre Marke oder Agentur.<\/p>\n<p class=\"\" data-start=\"3544\" data-end=\"3670\">???? <strong data-start=\"3547\" data-end=\"3575\">Milit\u00e4rische Standards<\/strong><br data-start=\"3575\" data-end=\"3578\" \/>Erf\u00fcllt die professionellen Anforderungen von Milit\u00e4r, Strafverfolgungsbeh\u00f6rden und privaten Sicherheitsdiensten.<\/p>\n<p class=\"\" data-start=\"3672\" data-end=\"3793\">???? <strong data-start=\"3675\" data-end=\"3702\">EU und USA Marktreif<\/strong><br data-start=\"3702\" data-end=\"3705\" \/>Perfekt f\u00fcr europ\u00e4ische H\u00e4ndler, US-Lieferanten taktischer Ausr\u00fcstung und internationale K\u00e4ufer.<\/p>\n<hr class=\"\" data-start=\"3795\" data-end=\"3798\" \/>\n<h1 class=\"\" data-start=\"3800\" data-end=\"3831\">???? <strong data-start=\"3805\" data-end=\"3831\">Produktspezifikationen<\/strong><\/h1>\n<p class=\"\" data-start=\"3833\" data-end=\"4267\">- <strong data-start=\"3835\" data-end=\"3847\">Material<\/strong>: Verst\u00e4rktes Kunstleder + Nylon in Milit\u00e4rqualit\u00e4t + EVA-Armierung<br data-start=\"3912\" data-end=\"3915\" \/>- <strong data-start=\"3917\" data-end=\"3926\">Farbe<\/strong>: Kombination aus Armeegr\u00fcn und Schwarz<br data-start=\"3960\" data-end=\"3963\" \/>- <strong data-start=\"3965\" data-end=\"3984\">Verf\u00fcgbare Gr\u00f6\u00dfen<\/strong>: S, M, L, XL, XXL<br data-start=\"4002\" data-end=\"4005\" \/>- <strong data-start=\"4007\" data-end=\"4022\">Anmeldung<\/strong>: Milit\u00e4r, Strafverfolgung, taktische Operationen, Sicherheit, Jagd, Outdoor-Sport<br data-start=\"4105\" data-end=\"4108\" \/>- <strong data-start=\"4110\" data-end=\"4130\">Schutzgebiete<\/strong>: Fingerkn\u00f6chel, Handfl\u00e4chen, Finger<br data-start=\"4156\" data-end=\"4159\" \/>- <strong data-start=\"4161\" data-end=\"4177\">Verschlussart<\/strong>: Klettverschluss verstellbarer Gurt<br data-start=\"4202\" data-end=\"4205\" \/>- <strong data-start=\"4207\" data-end=\"4234\">Anpassungen verf\u00fcgbar<\/strong>: Ja (OEM\/ODM, Private Labeling)<\/p>\n<hr class=\"\" data-start=\"4269\" data-end=\"4272\" \/>\n<h1 class=\"\" data-start=\"4274\" data-end=\"4309\">???? <strong data-start=\"4279\" data-end=\"4309\">Perfekte K\u00e4ufer und M\u00e4rkte<\/strong><\/h1>\n<p class=\"\" data-start=\"4311\" data-end=\"4617\">- Milit\u00e4rische Versorgungsketten<br data-start=\"4335\" data-end=\"4338\" \/>- H\u00e4ndler f\u00fcr Strafverfolgungsausr\u00fcstung<br data-start=\"4378\" data-end=\"4381\" \/>- Private Sicherheitsunternehmen<br data-start=\"4409\" data-end=\"4412\" \/>- Einzelh\u00e4ndler f\u00fcr Outdoor-Abenteuer<br data-start=\"4441\" data-end=\"4444\" \/>- Gesch\u00e4fte f\u00fcr taktische Ausr\u00fcstung<br data-start=\"4465\" data-end=\"4468\" \/>- Verkaufsstellen f\u00fcr Schie\u00dfsport<br data-start=\"4493\" data-end=\"4496\" \/>- Anbieter von Jagd- und \u00dcberlebensausr\u00fcstung<br data-start=\"4533\" data-end=\"4536\" \/>- Amazon, eBay, Shopify Tactical Sellers<br data-start=\"4576\" data-end=\"4579\" \/>- Europages Kataloge f\u00fcr milit\u00e4rische Produkte<\/p>","protected":false},"excerpt":{"rendered":"<p class=\"\" data-start=\"2499\" data-end=\"2643\">???? <strong data-start=\"2502\" data-end=\"2535\">Schutz durch Kn\u00f6chelpanzer<\/strong><br data-start=\"2535\" data-end=\"2538\" \/>Spritzgegossene Kn\u00f6chelsch\u00fctzer sch\u00fctzen vor St\u00f6\u00dfen, Abrieb und Verletzungen bei intensiven Eins\u00e4tzen.<\/p>\n<p class=\"\" data-start=\"2645\" data-end=\"2781\">???? <strong data-start=\"2648\" data-end=\"2683\">Verst\u00e4rkte Handfl\u00e4chen-Griff-Technologie<\/strong><br data-start=\"2683\" data-end=\"2686\" \/>Das strukturierte, rutschfeste Material verbessert die Waffenkontrolle, die Handhabung von Fahrzeugen und die Bedienung von Ger\u00e4ten.<\/p>\n<p class=\"\" data-start=\"2783\" data-end=\"2890\">???? <strong data-start=\"2786\" data-end=\"2814\">EVA-Polsterung mit hoher Dichte<\/strong><br data-start=\"2814\" data-end=\"2817\" \/>Bietet eine zus\u00e4tzliche Sto\u00dfd\u00e4mpfung f\u00fcr Handschl\u00e4ge und den R\u00fccksto\u00df von Schusswaffen.<\/p>\n<p class=\"\" data-start=\"2892\" data-end=\"3033\">???? <strong data-start=\"2895\" data-end=\"2928\">Atmungsaktives und strapazierf\u00e4higes Material<\/strong><br data-start=\"2928\" data-end=\"2931\" \/>Die taktischen Materialien bieten eine hohe Abriebfestigkeit und erm\u00f6glichen gleichzeitig eine gute Bel\u00fcftung f\u00fcr hohen Tragekomfort.<\/p>","protected":false},"featured_media":8998,"comment_status":"closed","ping_status":"closed","template":"","meta":[],"product_brand":[35],"product_cat":[99,100],"product_tag":[116],"class_list":{"0":"post-8938","1":"product","2":"type-product","3":"status-publish","4":"has-post-thumbnail","6":"product_brand-ryinz","7":"product_cat-gloves","8":"product_cat-police-gloves","9":"product_tag-protective-gloves-for-law-enforcement","11":"first","12":"instock","13":"taxable","14":"shipping-taxable","15":"purchasable","16":"product-type-simple"},"_links":{"self":[{"href":"https:\/\/ryinz.cz\/velkoobchod\/de\/wp-json\/wp\/v2\/product\/8938","targetHints":{"allow":["GET"]}}],"collection":[{"href":"https:\/\/ryinz.cz\/velkoobchod\/de\/wp-json\/wp\/v2\/product"}],"about":[{"href":"https:\/\/ryinz.cz\/velkoobchod\/de\/wp-json\/wp\/v2\/types\/product"}],"replies":[{"embeddable":true,"href":"https:\/\/ryinz.cz\/velkoobchod\/de\/wp-json\/wp\/v2\/comments?post=8938"}],"wp:featuredmedia":[{"embeddable":true,"href":"https:\/\/ryinz.cz\/velkoobchod\/de\/wp-json\/wp\/v2\/media\/8998"}],"wp:attachment":[{"href":"https:\/\/ryinz.cz\/velkoobchod\/de\/wp-json\/wp\/v2\/media?parent=8938"}],"wp:term":[{"taxonomy":"product_brand","embeddable":true,"href":"https:\/\/ryinz.cz\/velkoobchod\/de\/wp-json\/wp\/v2\/product_brand?post=8938"},{"taxonomy":"product_cat","embeddable":true,"href":"https:\/\/ryinz.cz\/velkoobchod\/de\/wp-json\/wp\/v2\/product_cat?post=8938"},{"taxonomy":"product_tag","embeddable":true,"href":"https:\/\/ryinz.cz\/velkoobchod\/de\/wp-json\/wp\/v2\/product_tag?post=8938"}],"curies":[{"name":"wp","href":"https:\/\/api.w.org\/{rel}","templated":true}]}}