{"id":8937,"date":"2025-08-26T11:48:32","date_gmt":"2025-08-26T11:48:32","guid":{"rendered":"https:\/\/ryinz.cz\/velkoobchod\/?post_type=product&#038;p=8937"},"modified":"2026-01-18T20:16:58","modified_gmt":"2026-01-18T20:16:58","slug":"ryinz-taktische-schiesshandschuhe-outdoor-militarische-kampfhandschuhe-fur-profis","status":"publish","type":"product","link":"https:\/\/ryinz.cz\/velkoobchod\/de\/product\/ryinz-tactical-shooting-gloves-outdoor-military-combat-gloves-for-professionals\/","title":{"rendered":"Ryinz Tactical Shooting Gloves - Outdoor Military Combat Handschuhe f\u00fcr Profis"},"content":{"rendered":"<p class=\"\" data-start=\"377\" data-end=\"832\">Unter <strong data-start=\"380\" data-end=\"389\">Ryinz<\/strong>, Wir sind mehr als nur eine Marke - wir sind der unsichtbare Motor f\u00fcr den internationalen Handel in Europa, den USA und Asien. Wir bringen potenzialstarke Hersteller, globale Marken und seri\u00f6se K\u00e4ufer zusammen und \u00f6ffnen Ihnen die T\u00fcren, damit Sie Gesch\u00e4fte abschlie\u00dfen k\u00f6nnen. Ganz gleich, ob Sie Gro\u00dfh\u00e4ndler, Einzelh\u00e4ndler, Markenhersteller oder H\u00e4ndler f\u00fcr taktische Ausr\u00fcstung sind, <strong data-start=\"718\" data-end=\"727\">Ryinz<\/strong> steht an Ihrer Seite, um \u00fcberlegene Produkte zu liefern, die auf Leistung, Ausdauer und globalen Erfolg ausgelegt sind.<\/p>\n<p class=\"\" data-start=\"834\" data-end=\"1189\">Einf\u00fchrung in die <strong data-start=\"850\" data-end=\"884\">Ryinz Tactical Schie\u00dfhandschuhe<\/strong>, ist die ultimative Kombination aus robustem Schutz, leichter Beweglichkeit und kampferprobter Leistung. Diese Handschuhe wurden f\u00fcr taktische Operatoren, Milit\u00e4rpersonal, Strafverfolgungsbeamte, Motorradfahrer, Sch\u00fctzen, Airsoft-Enthusiasten und Outdoor-Abenteurer entwickelt und setzen einen neuen Standard f\u00fcr taktische Ausr\u00fcstung.<\/p>\n<p class=\"\" data-start=\"1191\" data-end=\"1619\">Die robuste Kombination aus verst\u00e4rktem Synthetikgewebe, atmungsaktivem Mesh und hochwertigen Ledereins\u00e4tzen sorgt f\u00fcr unvergleichliche Fingerfertigkeit und Sto\u00dffestigkeit. Strategisch platzierte geformte Protektoren an den Kn\u00f6cheln und Fingern absorbieren St\u00f6\u00dfe und sch\u00fctzen Ihre H\u00e4nde bei risikoreichen Eins\u00e4tzen. Die rutschfeste Handfl\u00e4che sorgt f\u00fcr hervorragenden Halt an Waffen, Werkzeugen, Lenkstangen und Ausr\u00fcstung bei allen Wetterbedingungen.<\/p>\n<p class=\"\" data-start=\"1621\" data-end=\"2042\">Flexibilit\u00e4t trifft St\u00e4rke - die Ryinz Tactical Shooting Gloves verf\u00fcgen \u00fcber elastische Stretch-Zonen, pr\u00e4zise geschnittene ergonomische Muster und verst\u00e4rkte N\u00e4hte, um die Beweglichkeit der H\u00e4nde zu maximieren, ohne den Schutz zu beeintr\u00e4chtigen. Entwickelt f\u00fcr intensive taktische Eins\u00e4tze, Outdoor-Sportarten, Motorradtouren, Jagdausfl\u00fcge, Schie\u00dfwettbewerbe, Wanderabenteuer und sogar f\u00fcr den st\u00e4dtischen Pendlerverkehr - diese Handschuhe sind Ihr treuer Partner bei allem.<\/p>\n<p class=\"\" data-start=\"2044\" data-end=\"2269\">Dank der Touchscreen-kompatiblen Fingerspitzen k\u00f6nnen Sie in Verbindung bleiben, ohne die Handschuhe ausziehen zu m\u00fcssen. Der verstellbare Klettverschluss am Handgelenk garantiert einen passgenauen, individuellen Sitz und h\u00e4lt die Handschuhe auch bei aggressiven Aktionen sicher.<\/p>\n<p class=\"\" data-start=\"2271\" data-end=\"2487\">Ryinz bietet au\u00dferdem umfassende OEM\/ODM- und Private Label-Dienstleistungen f\u00fcr Unternehmen in Europa und Amerika. Wir arbeiten mit flexiblen MOQs, personalisierten Designs, kundenspezifischen Logos, Verpackungsl\u00f6sungen und schnellem Versand weltweit.<\/p>\n<p class=\"\" data-start=\"2489\" data-end=\"2603\">Entfesseln Sie Ihr volles Potenzial mit <strong data-start=\"2522\" data-end=\"2556\">Ryinz Tactical Schie\u00dfhandschuhe<\/strong> - von Kriegern vertraut, f\u00fcr Champions entwickelt.<\/p>\n<hr class=\"\" data-start=\"2605\" data-end=\"2608\" \/>\n<h1 class=\"\" data-start=\"2610\" data-end=\"2644\">???? <strong data-start=\"2615\" data-end=\"2644\">Hauptmerkmale und Vorteile<\/strong><\/h1>\n<p class=\"\" data-start=\"2646\" data-end=\"2778\">???? <strong data-start=\"2649\" data-end=\"2678\">Schutz der Milit\u00e4rklasse<\/strong><br data-start=\"2678\" data-end=\"2681\" \/>Fortschrittliche Kn\u00f6chelprotektoren und Fingerpanzer sch\u00fctzen vor St\u00f6\u00dfen, Absch\u00fcrfungen und Verletzungen.<\/p>\n<p class=\"\" data-start=\"2780\" data-end=\"2916\">???? <strong data-start=\"2783\" data-end=\"2812\">Hervorragende Grip-Leistung<\/strong><br data-start=\"2812\" data-end=\"2815\" \/>Die verst\u00e4rkte, rutschfeste Handfl\u00e4che erm\u00f6glicht eine bessere Handhabung von Waffen und Werkzeugen sowie einen sicheren Halt auf dem Motorrad.<\/p>\n<p class=\"\" data-start=\"2918\" data-end=\"3058\">???? <strong data-start=\"2921\" data-end=\"2945\">Hochmobiles Design<\/strong><br data-start=\"2945\" data-end=\"2948\" \/>Vorgekr\u00fcmmte Finger und flexible Paneele erm\u00f6glichen einen vollen Bewegungsspielraum f\u00fcr schnelle Reflexe und pr\u00e4zise Bewegungen.<\/p>\n<p class=\"\" data-start=\"3060\" data-end=\"3200\">???? <strong data-start=\"3063\" data-end=\"3093\">Taktische Leichtbauweise<\/strong><br data-start=\"3093\" data-end=\"3096\" \/>Leichte Materialien sorgen f\u00fcr ein ausgewogenes Verh\u00e4ltnis zwischen Festigkeit und Atmungsaktivit\u00e4t und damit f\u00fcr Komfort bei langen Eins\u00e4tzen und Fahrten.<\/p>\n<p class=\"\" data-start=\"3202\" data-end=\"3334\">???? <strong data-start=\"3205\" data-end=\"3226\">Touchscreen bereit<\/strong><br data-start=\"3226\" data-end=\"3229\" \/>Zeigefinger und Daumen sind Touchscreen-kompatibel f\u00fcr die Nutzung von Smartphones, GPS oder Tablets ohne Abnehmen.<\/p>\n<p class=\"\" data-start=\"3336\" data-end=\"3465\">???? <strong data-start=\"3339\" data-end=\"3359\">Anpassbare Passform<\/strong><br data-start=\"3359\" data-end=\"3362\" \/>Der verstellbare Klettverschluss sorgt f\u00fcr eine perfekte Passform am Handgelenk, sch\u00fctzt vor Staub und Schmutz und erh\u00f6ht den Tragekomfort.<\/p>\n<p class=\"\" data-start=\"3467\" data-end=\"3616\">???? <strong data-start=\"3470\" data-end=\"3506\">Professionelle taktische \u00c4sthetik<\/strong><br data-start=\"3506\" data-end=\"3509\" \/>Mattes Armeegr\u00fcn mit taktischen schwarzen Details und Ryinz-Logo-Branding - scharf, autorit\u00e4r und stilvoll.<\/p>\n<p class=\"\" data-start=\"3618\" data-end=\"3757\">???? <strong data-start=\"3621\" data-end=\"3651\">OEM\/ODM-Dienste verf\u00fcgbar<\/strong><br data-start=\"3651\" data-end=\"3654\" \/>Individueller Logodruck, Private Labeling und spezielle Verpackungsoptionen f\u00fcr Gro\u00dfhandelskunden und Marken.<\/p>\n<p class=\"\" data-start=\"3759\" data-end=\"3907\">???? <strong data-start=\"3762\" data-end=\"3802\">Einhaltung der EU-Qualit\u00e4tsstandards<\/strong><br data-start=\"3802\" data-end=\"3805\" \/>Produkte, die so konzipiert und hergestellt werden, dass sie die strengen europ\u00e4ischen Vorschriften f\u00fcr pers\u00f6nliche Schutzausr\u00fcstung \u00fcbertreffen.<\/p>\n<p class=\"\" data-start=\"3909\" data-end=\"4104\">???? <strong data-start=\"3912\" data-end=\"3938\">Vielseitige Anwendungen<\/strong><br data-start=\"3938\" data-end=\"3941\" \/>Ideal f\u00fcr milit\u00e4risches Training, taktische Eins\u00e4tze, Airsoft, Paintball, Schie\u00dfsport, Jagd, Outdoor-Survival, Reiten, Radfahren, Camping und Sicherheitseins\u00e4tze.<\/p>\n<hr class=\"\" data-start=\"4106\" data-end=\"4109\" \/>\n<h1 class=\"\" data-start=\"4111\" data-end=\"4142\">???? <strong data-start=\"4116\" data-end=\"4142\">Produktspezifikationen<\/strong><\/h1>\n<p class=\"\" data-start=\"4144\" data-end=\"4595\">- <strong data-start=\"4146\" data-end=\"4159\">Materialien<\/strong>: Synthetisch verst\u00e4rktes Gewebe + Echtledereins\u00e4tze + Kn\u00f6chelpanzer<br data-start=\"4235\" data-end=\"4238\" \/>- <strong data-start=\"4240\" data-end=\"4249\">Farbe<\/strong>: Armeegr\u00fcn und Schwarz<br data-start=\"4271\" data-end=\"4274\" \/>- <strong data-start=\"4276\" data-end=\"4285\">Gr\u00f6\u00dfen<\/strong>: S, M, L, XL, XXL (Europ\u00e4ische Gr\u00f6\u00dfen)<br data-start=\"4321\" data-end=\"4324\" \/>- <strong data-start=\"4326\" data-end=\"4345\">Empfohlene Verwendung<\/strong>: Taktisches Schie\u00dfen, Jagen, Outdoor-Abenteuer, Airsoft, Paintball, Motorradfahren, \u00dcberlebensaktivit\u00e4ten<br data-start=\"4447\" data-end=\"4450\" \/>- <strong data-start=\"4452\" data-end=\"4468\">Verschlussart<\/strong>: Verstellbarer Klettverschlussriemen<br data-start=\"4493\" data-end=\"4496\" \/>- <strong data-start=\"4498\" data-end=\"4521\">Touchscreen-Funktion<\/strong>: Ja<br data-start=\"4526\" data-end=\"4529\" \/>- <strong data-start=\"4531\" data-end=\"4554\">Markenanpassung<\/strong>: Verf\u00fcgbar (niedriges MOQ und schneller Durchlauf)<\/p>\n<hr class=\"\" data-start=\"4597\" data-end=\"4600\" \/>\n<h1 class=\"\" data-start=\"4602\" data-end=\"4635\">???? <strong data-start=\"4607\" data-end=\"4635\">Ideale M\u00e4rkte und K\u00e4ufer<\/strong><\/h1>\n<p class=\"\" data-start=\"4637\" data-end=\"4938\">- Gro\u00dfh\u00e4ndler f\u00fcr taktische Ausr\u00fcstung<br data-start=\"4664\" data-end=\"4667\" \/>- Gesch\u00e4fte f\u00fcr Outdoor-Abenteuerausr\u00fcstung<br data-start=\"4702\" data-end=\"4705\" \/>- Milit\u00e4r- und Sicherheitslieferanten<br data-start=\"4738\" data-end=\"4741\" \/>- Verk\u00e4ufer von Schie\u00dfstandausr\u00fcstung<br data-start=\"4775\" data-end=\"4778\" \/>- H\u00e4ndler f\u00fcr Jagdausr\u00fcstung<br data-start=\"4805\" data-end=\"4808\" \/>- Airsoft- und Paintball-Einzelh\u00e4ndler<br data-start=\"4841\" data-end=\"4844\" \/>- Outdoor-Sportfachh\u00e4ndler in Europa und den USA<br data-start=\"4888\" data-end=\"4891\" \/>- E-Commerce-Verk\u00e4ufer auf Amazon, eBay, Alibaba<\/p>\n<hr class=\"\" data-start=\"4940\" data-end=\"4943\" \/>\n<h1 class=\"\" data-start=\"4945\" data-end=\"4964\">???? <strong data-start=\"4950\" data-end=\"4964\">Warum Ryinz?<\/strong><\/h1>\n<p class=\"\" data-start=\"4966\" data-end=\"5308\">- Vorteile des Direktherstellers - Direktpreise ab Werk<br data-start=\"5022\" data-end=\"5025\" \/>- Vollst\u00e4ndige OEM\/ODM-F\u00e4higkeiten - Ihre Marke, Ihr Weg<br data-start=\"5075\" data-end=\"5078\" \/>- Niedrige Mindestbestellmengen - Skalieren Sie Ihr Gesch\u00e4ft<br data-start=\"5130\" data-end=\"5133\" \/>- Schneller, weltweiter Versand - Europa, USA, Asien abgedeckt<br data-start=\"5184\" data-end=\"5187\" \/>- Pers\u00f6nlicher Support - mehrsprachige Experten auf Abruf<br data-start=\"5240\" data-end=\"5243\" \/>- Mehr als 20 Jahre Branchenerfahrung - Zuverl\u00e4ssiger internationaler Partner<\/p>\n<hr class=\"\" data-start=\"5310\" data-end=\"5313\" \/>","protected":false},"excerpt":{"rendered":"<p class=\"\" data-start=\"2646\" data-end=\"2778\">???? <strong data-start=\"2649\" data-end=\"2678\">Schutz der Milit\u00e4rklasse<\/strong><br data-start=\"2678\" data-end=\"2681\" \/>Fortschrittliche Kn\u00f6chelprotektoren und Fingerpanzer sch\u00fctzen vor St\u00f6\u00dfen, Absch\u00fcrfungen und Verletzungen.<\/p>\n<p class=\"\" data-start=\"2780\" data-end=\"2916\">???? <strong data-start=\"2783\" data-end=\"2812\">Hervorragende Grip-Leistung<\/strong><br data-start=\"2812\" data-end=\"2815\" \/>Die verst\u00e4rkte, rutschfeste Handfl\u00e4che erm\u00f6glicht eine bessere Handhabung von Waffen und Werkzeugen sowie einen sicheren Halt auf dem Motorrad.<\/p>\n<p class=\"\" data-start=\"2918\" data-end=\"3058\">???? <strong data-start=\"2921\" data-end=\"2945\">Hochmobiles Design<\/strong><br data-start=\"2945\" data-end=\"2948\" \/>Vorgekr\u00fcmmte Finger und flexible Paneele erm\u00f6glichen einen vollen Bewegungsspielraum f\u00fcr schnelle Reflexe und pr\u00e4zise Bewegungen.<\/p>\n<p class=\"\" data-start=\"3060\" data-end=\"3200\">???? <strong data-start=\"3063\" data-end=\"3093\">Taktische Leichtbauweise<\/strong><br data-start=\"3093\" data-end=\"3096\" \/>Leichte Materialien sorgen f\u00fcr ein ausgewogenes Verh\u00e4ltnis zwischen Festigkeit und Atmungsaktivit\u00e4t und damit f\u00fcr Komfort bei langen Eins\u00e4tzen und Fahrten.<\/p>\n<p class=\"\" data-start=\"3202\" data-end=\"3334\">???? <strong data-start=\"3205\" data-end=\"3226\">Touchscreen bereit<\/strong><br data-start=\"3226\" data-end=\"3229\" \/>Zeigefinger und Daumen sind Touchscreen-kompatibel f\u00fcr die Nutzung von Smartphones, GPS oder Tablets ohne Abnehmen.<\/p>","protected":false},"featured_media":9354,"comment_status":"closed","ping_status":"closed","template":"","meta":[],"product_brand":[35],"product_cat":[99,100],"product_tag":[116],"class_list":{"0":"post-8937","1":"product","2":"type-product","3":"status-publish","4":"has-post-thumbnail","6":"product_brand-ryinz","7":"product_cat-gloves","8":"product_cat-police-gloves","9":"product_tag-protective-gloves-for-law-enforcement","11":"first","12":"instock","13":"taxable","14":"shipping-taxable","15":"purchasable","16":"product-type-simple"},"_links":{"self":[{"href":"https:\/\/ryinz.cz\/velkoobchod\/de\/wp-json\/wp\/v2\/product\/8937","targetHints":{"allow":["GET"]}}],"collection":[{"href":"https:\/\/ryinz.cz\/velkoobchod\/de\/wp-json\/wp\/v2\/product"}],"about":[{"href":"https:\/\/ryinz.cz\/velkoobchod\/de\/wp-json\/wp\/v2\/types\/product"}],"replies":[{"embeddable":true,"href":"https:\/\/ryinz.cz\/velkoobchod\/de\/wp-json\/wp\/v2\/comments?post=8937"}],"wp:featuredmedia":[{"embeddable":true,"href":"https:\/\/ryinz.cz\/velkoobchod\/de\/wp-json\/wp\/v2\/media\/9354"}],"wp:attachment":[{"href":"https:\/\/ryinz.cz\/velkoobchod\/de\/wp-json\/wp\/v2\/media?parent=8937"}],"wp:term":[{"taxonomy":"product_brand","embeddable":true,"href":"https:\/\/ryinz.cz\/velkoobchod\/de\/wp-json\/wp\/v2\/product_brand?post=8937"},{"taxonomy":"product_cat","embeddable":true,"href":"https:\/\/ryinz.cz\/velkoobchod\/de\/wp-json\/wp\/v2\/product_cat?post=8937"},{"taxonomy":"product_tag","embeddable":true,"href":"https:\/\/ryinz.cz\/velkoobchod\/de\/wp-json\/wp\/v2\/product_tag?post=8937"}],"curies":[{"name":"wp","href":"https:\/\/api.w.org\/{rel}","templated":true}]}}