{"id":8935,"date":"2025-06-22T15:22:03","date_gmt":"2025-06-22T15:22:03","guid":{"rendered":"https:\/\/ryinz.cz\/velkoobchod\/?post_type=product&#038;p=8935"},"modified":"2026-01-18T20:16:56","modified_gmt":"2026-01-18T20:16:56","slug":"ryinz-hochschlagfeste-tpr-mechaniker-handschuhe-schnittschutz-olbestandig-verstarkter-griff-arbeitshandschuhe-fur-die-industrie","status":"publish","type":"product","link":"https:\/\/ryinz.cz\/velkoobchod\/de\/product\/ryinz-high-impact-tpr-mechanics-gloves-anti-cut-oil-resistant-reinforced-grip-work-gloves-for-industrial-automotive-use\/","title":{"rendered":"RYINZ High-Impact TPR Mechanikerhandschuhe - Schnittfeste, \u00f6lresistente, verst\u00e4rkte Arbeitshandschuhe f\u00fcr Industrie und Automotive"},"content":{"rendered":"<p class=\"\" data-start=\"332\" data-end=\"700\">Die <strong data-start=\"336\" data-end=\"378\">RYINZ Mechanikerhandschuhe aus TPR mit hoher Schlagz\u00e4higkeit<\/strong> wurden f\u00fcr Profis entwickelt, die unter h\u00e4rtesten Arbeitsbedingungen einen leistungsstarken Handschutz ben\u00f6tigen. Diese Handschuhe sind f\u00fcr harte Aufgaben in der Automobilbranche, der Industrie, der \u00d6l- und Gasindustrie, im Bergbau und in schweren mechanischen Umgebungen geeignet und bieten eine perfekte Mischung aus Sicherheit, Haltbarkeit, Flexibilit\u00e4t und Sichtbarkeit.<\/p>\n<p class=\"\" data-start=\"702\" data-end=\"1193\">Die Handschuhe sind aus neongelbem und rotem Material gefertigt und sorgen daf\u00fcr, dass Ihre H\u00e4nde bei schlechten Lichtverh\u00e4ltnissen oder in gef\u00e4hrlichen Situationen immer gut sichtbar sind. Die R\u00fcckseite der Handschuhe ist ausgestattet mit <strong data-start=\"898\" data-end=\"956\">Vollfl\u00e4chige TPR (Thermoplastischer Gummi) Aufprallschutzvorrichtungen<\/strong>, die einen robusten Schutz f\u00fcr die Kn\u00f6chel, Finger und Mittelhandknochen bieten. Jedes TPR-Segment ist pr\u00e4zise geformt und strategisch positioniert, um St\u00f6\u00dfe zu absorbieren und abzuleiten und so das Risiko von Quetschungen, Einklemmungen und Prellungen zu verringern.<\/p>\n<p class=\"\" data-start=\"1195\" data-end=\"1579\">Die Handfl\u00e4che weist eine <strong data-start=\"1215\" data-end=\"1252\">verst\u00e4rkter Kunstlederboden<\/strong> mit strapazierf\u00e4higen N\u00e4hten und mehrschichtiger Polsterung f\u00fcr zus\u00e4tzliche Haltbarkeit. Die Griffzonen sind mit strukturierten Materialien beschichtet, die einen festen Griff auf Werkzeugen, Maschinen und rutschigen Oberfl\u00e4chen gew\u00e4hrleisten - selbst bei \u00f6ligen oder nassen Bedingungen. A <strong data-start=\"1475\" data-end=\"1509\">doppelt gen\u00e4htes Kevlar\u00ae-Futter<\/strong> entlang der stark beanspruchten Zonen erh\u00f6ht die Schnittfestigkeit und verl\u00e4ngert die Lebensdauer des Handschuhs.<\/p>\n<p class=\"\" data-start=\"1581\" data-end=\"1999\">Die Handschuhe wurden nach ergonomischen Gesichtspunkten entwickelt und bieten <strong data-start=\"1632\" data-end=\"1662\">hervorragende Fingerfertigkeit<\/strong>, Das erleichtert das Hantieren mit Kleinteilen oder das Ausf\u00fchren von Detailarbeiten, ohne sie abzunehmen. Die eng anliegenden Handgelenksb\u00fcndchen sind mit Zuglaschen und verstellbaren Verschl\u00fcssen ausgestattet, um einen sicheren Sitz zu gew\u00e4hrleisten und gleichzeitig Schmutz fernzuhalten. Das atmungsaktive Gewebe auf dem Handr\u00fccken und die Dehnzonen an den Fingern verringern die Erm\u00fcdung der H\u00e4nde bei stundenlangem Einsatz.<\/p>\n<p class=\"\" data-start=\"2001\" data-end=\"2185\">Ob bei der Wartung von Motoren, der Bedienung von Elektrowerkzeugen, der Arbeit auf Baustellen oder bei anspruchsvollen industriellen Aufgaben - mit diesen Handschuhen bleiben Ihre H\u00e4nde gesch\u00fctzt und produktiv.<\/p>\n<p class=\"\" data-start=\"2187\" data-end=\"2204\"><strong data-start=\"2187\" data-end=\"2204\">Wesentliche Merkmale:<\/strong><\/p>\n<ul data-start=\"2205\" data-end=\"2550\">\n<li class=\"\" data-start=\"2205\" data-end=\"2246\">\n<p class=\"\" data-start=\"2207\" data-end=\"2246\">ANSI\/ISEA-zertifizierter TPR-Aufprallschutz<\/p>\n<\/li>\n<li class=\"\" data-start=\"2247\" data-end=\"2304\">\n<p class=\"\" data-start=\"2249\" data-end=\"2304\">Gut sichtbare Farbkombination f\u00fcr die Sicherheit auf der Baustelle<\/p>\n<\/li>\n<li class=\"\" data-start=\"2305\" data-end=\"2341\">\n<p class=\"\" data-start=\"2307\" data-end=\"2341\">\u00d6l- und abriebfeste Handfl\u00e4che<\/p>\n<\/li>\n<li class=\"\" data-start=\"2342\" data-end=\"2374\">\n<p class=\"\" data-start=\"2344\" data-end=\"2374\">Verst\u00e4rkte gepolsterte Griffzonen<\/p>\n<\/li>\n<li class=\"\" data-start=\"2375\" data-end=\"2421\">\n<p class=\"\" data-start=\"2377\" data-end=\"2421\">Hervorragende Fingerfertigkeit und taktile Sensibilit\u00e4t<\/p>\n<\/li>\n<li class=\"\" data-start=\"2422\" data-end=\"2460\">\n<p class=\"\" data-start=\"2424\" data-end=\"2460\">Sicherer Verschluss am Handgelenk mit Zuglasche<\/p>\n<\/li>\n<li class=\"\" data-start=\"2461\" data-end=\"2505\">\n<p class=\"\" data-start=\"2463\" data-end=\"2505\">Doppelt gen\u00e4hte N\u00e4hte f\u00fcr zus\u00e4tzliche Festigkeit<\/p>\n<\/li>\n<li class=\"\" data-start=\"2506\" data-end=\"2550\">\n<p class=\"\" data-start=\"2508\" data-end=\"2550\">Geeignet f\u00fcr den ganzj\u00e4hrigen und wetterunabh\u00e4ngigen Einsatz<\/p>\n<\/li>\n<\/ul>\n<p class=\"\" data-start=\"2552\" data-end=\"2578\"><strong data-start=\"2552\" data-end=\"2578\">Empfohlene Anwendungsf\u00e4lle:<\/strong><\/p>\n<ul data-start=\"2579\" data-end=\"2783\">\n<li class=\"\" data-start=\"2579\" data-end=\"2617\">\n<p class=\"\" data-start=\"2581\" data-end=\"2617\">Mechanik &amp; Kfz-Wartung<\/p>\n<\/li>\n<li class=\"\" data-start=\"2618\" data-end=\"2640\">\n<p class=\"\" data-start=\"2620\" data-end=\"2640\">\u00d6l- und Gasindustrie<\/p>\n<\/li>\n<li class=\"\" data-start=\"2641\" data-end=\"2669\">\n<p class=\"\" data-start=\"2643\" data-end=\"2669\">Konstruktion und Zimmerei<\/p>\n<\/li>\n<li class=\"\" data-start=\"2670\" data-end=\"2698\">\n<p class=\"\" data-start=\"2672\" data-end=\"2698\">Handhabung von Schwermaschinen<\/p>\n<\/li>\n<li class=\"\" data-start=\"2699\" data-end=\"2723\">\n<p class=\"\" data-start=\"2701\" data-end=\"2723\">Lager &amp; Versand<\/p>\n<\/li>\n<li class=\"\" data-start=\"2724\" data-end=\"2759\">\n<p class=\"\" data-start=\"2726\" data-end=\"2759\">Notfallrettung und Versorgungsarbeiten<\/p>\n<\/li>\n<li class=\"\" data-start=\"2760\" data-end=\"2783\">\n<p class=\"\" data-start=\"2762\" data-end=\"2783\">Bergbau und Abbrucharbeiten<\/p>\n<\/li>\n<\/ul>\n<p class=\"\" data-start=\"2785\" data-end=\"3043\">Die RYINZ Mechanikerhandschuhe werden in verschiedenen Gr\u00f6\u00dfen angeboten, um eine perfekte Passform zu gew\u00e4hrleisten. Sie sind Ihr zuverl\u00e4ssiger Begleiter f\u00fcr sicheres, selbstbewusstes und effizientes Arbeiten. Sie erf\u00fcllen internationale Qualit\u00e4tsstandards und k\u00f6nnen mit Ihrem Markenlogo f\u00fcr OEM\/ODM-Partnerschaften angepasst werden.<\/p>\n<p class=\"\" data-start=\"3045\" data-end=\"3228\"><strong data-start=\"3045\" data-end=\"3067\">Pflegehinweise:<\/strong><br data-start=\"3067\" data-end=\"3070\" \/>Mit einem feuchten Tuch abwischen. Nicht in der Maschine waschen. An einem k\u00fchlen, trockenen Ort lagern. Ersetzen Sie die Handschuhe, sobald Anzeichen von Verschlei\u00df oder Besch\u00e4digung sichtbar sind, um einen optimalen Schutz zu gew\u00e4hrleisten.<\/p>\n<p class=\"\" data-start=\"3230\" data-end=\"3463\">RYINZ kann auf jahrzehntelange Erfahrung in der Herstellung zur\u00fcckblicken und genie\u00dft das Vertrauen von Fachleuten auf der ganzen Welt, die eine gleichbleibende Qualit\u00e4t und Leistung erwarten. Wenden Sie sich noch heute an uns, wenn Sie Fragen zum Gro\u00dfhandel, zur kundenspezifischen Entwicklung oder zu Private Labeling-Optionen haben.<\/p>","protected":false},"excerpt":{"rendered":"<p>Die RYINZ TPR-Mechanikerhandschuhe wurden f\u00fcr extremen Schutz und den t\u00e4glichen Gebrauch entwickelt und vereinen hohe Schlagfestigkeit, pr\u00e4zise Griffigkeit und ganzt\u00e4gigen Komfort in einem robusten Design. Egal, ob Sie auf \u00d6lfeldern arbeiten, Motoren reparieren oder mit schweren Ger\u00e4ten hantieren, diese Handschuhe bieten die Haltbarkeit und Fingerfertigkeit, die Sie brauchen. Der TPR-Schutz auf dem Handr\u00fccken sch\u00fctzt vor St\u00f6\u00dfen und Prellungen, w\u00e4hrend die strukturierten Griffzonen auf der Handfl\u00e4che daf\u00fcr sorgen, dass Sie auch bei glatten Bedingungen die Kontrolle \u00fcber Ihre Werkzeuge nicht verlieren. Mit verst\u00e4rkten N\u00e4hten, gut sichtbaren Farben und einer bequemen, verstellbaren Passform helfen Ihnen diese Handschuhe, intelligenter und sicherer zu arbeiten - in jeder Schicht und bei jeder Aufgabe.<\/p>","protected":false},"featured_media":8976,"comment_status":"closed","ping_status":"closed","template":"","meta":[],"product_brand":[35],"product_cat":[82,83],"product_tag":[97,98],"class_list":{"0":"post-8935","1":"product","2":"type-product","3":"status-publish","4":"has-post-thumbnail","6":"product_brand-ryinz","7":"product_cat-mechanic-industrial-gloves","8":"product_cat-mechanics-gloves","9":"product_tag-en388-certified-gloves","10":"product_tag-neoprene-cuff-mechanics-gloves","12":"first","13":"instock","14":"taxable","15":"shipping-taxable","16":"purchasable","17":"product-type-simple"},"_links":{"self":[{"href":"https:\/\/ryinz.cz\/velkoobchod\/de\/wp-json\/wp\/v2\/product\/8935","targetHints":{"allow":["GET"]}}],"collection":[{"href":"https:\/\/ryinz.cz\/velkoobchod\/de\/wp-json\/wp\/v2\/product"}],"about":[{"href":"https:\/\/ryinz.cz\/velkoobchod\/de\/wp-json\/wp\/v2\/types\/product"}],"replies":[{"embeddable":true,"href":"https:\/\/ryinz.cz\/velkoobchod\/de\/wp-json\/wp\/v2\/comments?post=8935"}],"wp:featuredmedia":[{"embeddable":true,"href":"https:\/\/ryinz.cz\/velkoobchod\/de\/wp-json\/wp\/v2\/media\/8976"}],"wp:attachment":[{"href":"https:\/\/ryinz.cz\/velkoobchod\/de\/wp-json\/wp\/v2\/media?parent=8935"}],"wp:term":[{"taxonomy":"product_brand","embeddable":true,"href":"https:\/\/ryinz.cz\/velkoobchod\/de\/wp-json\/wp\/v2\/product_brand?post=8935"},{"taxonomy":"product_cat","embeddable":true,"href":"https:\/\/ryinz.cz\/velkoobchod\/de\/wp-json\/wp\/v2\/product_cat?post=8935"},{"taxonomy":"product_tag","embeddable":true,"href":"https:\/\/ryinz.cz\/velkoobchod\/de\/wp-json\/wp\/v2\/product_tag?post=8935"}],"curies":[{"name":"wp","href":"https:\/\/api.w.org\/{rel}","templated":true}]}}