{"id":8929,"date":"2025-06-22T15:21:37","date_gmt":"2025-06-22T15:21:37","guid":{"rendered":"https:\/\/ryinz.cz\/velkoobchod\/?post_type=product&#038;p=8929"},"modified":"2026-01-18T20:16:55","modified_gmt":"2026-01-18T20:16:55","slug":"ryinz-hochschlagfeste-mechanikerhandschuhe-mit-tpr-schutz-anti-vibration-schnittfest-und-hi-vis-sicherheitshandschuhe","status":"publish","type":"product","link":"https:\/\/ryinz.cz\/velkoobchod\/de\/product\/ryinz-high-impact-resistant-mechanic-gloves-with-tpr-protection-anti-vibration-cut-resistant-and-hi-vis-safety-gloves\/","title":{"rendered":"RYINZ Hochschlagfeste Mechanikerhandschuhe mit TPR-Schutz - vibrationshemmende, schnittfeste und hochviskose Sicherheitshandschuhe"},"content":{"rendered":"<p class=\"\" data-start=\"281\" data-end=\"673\">Die <strong data-start=\"285\" data-end=\"332\">RYINZ Hochschlagfeste Mechanikerhandschuhe<\/strong> wurden f\u00fcr die anspruchsvollsten Aufgaben in der Industrie, im Maschinenbau und im Bauwesen entwickelt, bei denen Schutz, Komfort und Pr\u00e4zision nahtlos zusammenarbeiten m\u00fcssen. Diese Handschuhe sind nicht einfach nur Schutzkleidung - sie sind ein wichtiges Werkzeug f\u00fcr Fachleute, die dem Risiko von Sto\u00dfverletzungen, Vibrationen, Absch\u00fcrfungen und rauen Arbeitsumgebungen ausgesetzt sind.<\/p>\n<p class=\"\" data-start=\"675\" data-end=\"1058\">Diese Handschuhe aus modernem Synthetikmaterial mit verst\u00e4rkter Handfl\u00e4che und flexibler Spandex-H\u00fclle bieten ein perfektes Gleichgewicht zwischen Haltbarkeit und Komfort. Ihr hervorstechendes Merkmal ist die <strong data-start=\"867\" data-end=\"908\">Schutz aus thermoplastischem Gummi (TPR)<\/strong> auf dem Handr\u00fccken und den Fingern. Diese industrietaugliche Panzerung wehrt schwere St\u00f6\u00dfe ab und sch\u00fctzt vor Verletzungen durch Werkzeuge, Tr\u00fcmmer oder Maschinen.<\/p>\n<p class=\"\" data-start=\"1060\" data-end=\"1373\">Um die Sichtbarkeit in schwach beleuchteten oder gef\u00e4hrlichen Bereichen zu verbessern, sind die Handschuhe mit einem <strong data-start=\"1144\" data-end=\"1174\">Neongr\u00fcn mit hoher Sichtbarkeit<\/strong> Farbe mit schwarzen Akzenten und reflektierenden Details. Dies sorgt daf\u00fcr, dass die Arbeiter leicht zu sehen sind, und erh\u00f6ht die Sicherheit in Umgebungen wie Stra\u00dfenmeistereien, Baustellen und Lagerhallen.<\/p>\n<p class=\"\" data-start=\"1375\" data-end=\"1794\">Der Palmenbereich ist ausgestattet mit <strong data-start=\"1406\" data-end=\"1432\">Anti-Vibrations-Polsterung<\/strong> und ein verst\u00e4rktes, strukturiertes Griffmuster, um die Handhabung zu verbessern und die Erm\u00fcdung bei l\u00e4ngerem Gebrauch zu verringern. Die inneren Griffzonen sind mit industrietauglichem Garn vern\u00e4ht und bieten zus\u00e4tzlichen Schutz vor Abnutzung bei t\u00e4glichen mechanischen Arbeiten. Ob beim Heben, H\u00e4mmern, Schrauben oder Montieren von Teilen, diese Handschuhe gew\u00e4hrleisten einen festen, kontrollierten Griff bei jeder Bewegung.<\/p>\n<p class=\"\" data-start=\"1796\" data-end=\"2134\">Diese Handschuhe sind f\u00fcr ganzt\u00e4giges Tragen konzipiert und verf\u00fcgen \u00fcber ein eng anliegendes elastisches Handgelenk mit einer <strong data-start=\"1881\" data-end=\"1901\">leicht anziehbare Lasche<\/strong> f\u00fcr ein schnelles An- und Ausziehen, auch mit schwitzigen oder schmutzigen H\u00e4nden. Das atmungsaktive Futter verhindert die Ansammlung von Feuchtigkeit und erh\u00e4lt die Luftzirkulation aufrecht, w\u00e4hrend das ergonomische Design vollen Bewegungsspielraum, taktile Sensibilit\u00e4t und pr\u00e4zise Kontrolle erm\u00f6glicht.<\/p>\n<p class=\"\" data-start=\"2136\" data-end=\"2153\"><strong data-start=\"2136\" data-end=\"2153\">Wesentliche Merkmale:<\/strong><\/p>\n<ul data-start=\"2155\" data-end=\"2988\">\n<li class=\"\" data-start=\"2155\" data-end=\"2256\">\n<p class=\"\" data-start=\"2157\" data-end=\"2256\"><strong data-start=\"2157\" data-end=\"2188\">Vollst\u00e4ndiger TPR-Aufprallschutz:<\/strong> Fingerr\u00fccken, Fingerkn\u00f6chel und Hand sind gegen stumpfe Gewalt gesch\u00fctzt<\/p>\n<\/li>\n<li class=\"\" data-start=\"2257\" data-end=\"2368\">\n<p class=\"\" data-start=\"2259\" data-end=\"2368\"><strong data-start=\"2259\" data-end=\"2282\">Hi-Vis Neon Design:<\/strong> Leuchtend gr\u00fcnes Geh\u00e4use mit reflektierenden Akzenten f\u00fcr bessere Sichtbarkeit in dunklen oder belebten Arbeitsbereichen<\/p>\n<\/li>\n<li class=\"\" data-start=\"2369\" data-end=\"2468\">\n<p class=\"\" data-start=\"2371\" data-end=\"2468\"><strong data-start=\"2371\" data-end=\"2395\">Anti-Vibrations-Handfl\u00e4che:<\/strong> D\u00e4mpft sich wiederholende St\u00f6\u00dfe und reduziert die Belastung der H\u00e4nde bei der Verwendung von Werkzeugen<\/p>\n<\/li>\n<li class=\"\" data-start=\"2469\" data-end=\"2543\">\n<p class=\"\" data-start=\"2471\" data-end=\"2543\"><strong data-start=\"2471\" data-end=\"2504\">Verst\u00e4rkte Handfl\u00e4che und Griffzonen:<\/strong> Verbesserte Haltbarkeit und Schlupfkontrolle<\/p>\n<\/li>\n<li class=\"\" data-start=\"2544\" data-end=\"2619\">\n<p class=\"\" data-start=\"2546\" data-end=\"2619\"><strong data-start=\"2546\" data-end=\"2574\">Atmungsaktive Innenauskleidung:<\/strong> Reduziert Schwei\u00df und verbessert den ganzt\u00e4gigen Komfort<\/p>\n<\/li>\n<li class=\"\" data-start=\"2620\" data-end=\"2690\">\n<p class=\"\" data-start=\"2622\" data-end=\"2690\"><strong data-start=\"2622\" data-end=\"2655\">Gummizug am Handgelenk und Zuglasche:<\/strong> Sicherer Sitz und schnelle Anwendung<\/p>\n<\/li>\n<li class=\"\" data-start=\"2691\" data-end=\"2764\">\n<p class=\"\" data-start=\"2693\" data-end=\"2764\"><strong data-start=\"2693\" data-end=\"2719\">Doppelt gen\u00e4hte N\u00e4hte:<\/strong> Hohe Zugfestigkeit f\u00fcr raue Bedingungen<\/p>\n<\/li>\n<li class=\"\" data-start=\"2765\" data-end=\"2842\">\n<p class=\"\" data-start=\"2767\" data-end=\"2842\"><strong data-start=\"2767\" data-end=\"2795\">Flexibles Spandex-Gewebe:<\/strong> Erm\u00f6glicht Mobilit\u00e4t ohne Beeintr\u00e4chtigung der Sicherheit<\/p>\n<\/li>\n<li class=\"\" data-start=\"2843\" data-end=\"2907\">\n<p class=\"\" data-start=\"2845\" data-end=\"2907\"><strong data-start=\"2845\" data-end=\"2865\">Verf\u00fcgbare Gr\u00f6\u00dfen:<\/strong> M, L, XL, XXL (Sondergr\u00f6\u00dfen auf Anfrage)<\/p>\n<\/li>\n<li class=\"\" data-start=\"2908\" data-end=\"2988\">\n<p class=\"\" data-start=\"2910\" data-end=\"2988\"><strong data-start=\"2910\" data-end=\"2928\">Anpassungen:<\/strong> Logos, Private Labeling, Verpackungsoptionen f\u00fcr OEM-Partner<\/p>\n<\/li>\n<\/ul>\n<p class=\"\" data-start=\"2990\" data-end=\"3010\"><strong data-start=\"2990\" data-end=\"3010\">Empfohlen f\u00fcr:<\/strong><\/p>\n<ul data-start=\"3012\" data-end=\"3374\">\n<li class=\"\" data-start=\"3012\" data-end=\"3048\">\n<p class=\"\" data-start=\"3014\" data-end=\"3048\">Mechaniker und Automobilarbeiter<\/p>\n<\/li>\n<li class=\"\" data-start=\"3049\" data-end=\"3082\">\n<p class=\"\" data-start=\"3051\" data-end=\"3082\">T\u00e4tigkeiten in der \u00d6l- und Gasindustrie<\/p>\n<\/li>\n<li class=\"\" data-start=\"3083\" data-end=\"3119\">\n<p class=\"\" data-start=\"3085\" data-end=\"3119\">Bergbau, Bohrungen und Ausgrabungen<\/p>\n<\/li>\n<li class=\"\" data-start=\"3120\" data-end=\"3157\">\n<p class=\"\" data-start=\"3122\" data-end=\"3157\">Instandhaltung und Bau von Stra\u00dfen<\/p>\n<\/li>\n<li class=\"\" data-start=\"3158\" data-end=\"3192\">\n<p class=\"\" data-start=\"3160\" data-end=\"3192\">Notfall- und Rettungspersonal<\/p>\n<\/li>\n<li class=\"\" data-start=\"3193\" data-end=\"3228\">\n<p class=\"\" data-start=\"3195\" data-end=\"3228\">Lagerbeladung und Logistik<\/p>\n<\/li>\n<li class=\"\" data-start=\"3229\" data-end=\"3275\">\n<p class=\"\" data-start=\"3231\" data-end=\"3275\">Instandhaltung von Versorgungsleitungen und Stromnetzen<\/p>\n<\/li>\n<li class=\"\" data-start=\"3276\" data-end=\"3333\">\n<p class=\"\" data-start=\"3278\" data-end=\"3333\">Montage und Maschinenbedienung in Fertigungsbetrieben<\/p>\n<\/li>\n<li class=\"\" data-start=\"3334\" data-end=\"3374\">\n<p class=\"\" data-start=\"3336\" data-end=\"3374\">Bediener von schweren Maschinen und Gabelstaplern<\/p>\n<\/li>\n<\/ul>\n<p class=\"\" data-start=\"3376\" data-end=\"3408\"><strong data-start=\"3376\" data-end=\"3408\">Zertifizierungen und Konformit\u00e4t:<\/strong><\/p>\n<ul data-start=\"3410\" data-end=\"3574\">\n<li class=\"\" data-start=\"3410\" data-end=\"3456\">\n<p class=\"\" data-start=\"3412\" data-end=\"3456\"><strong data-start=\"3412\" data-end=\"3454\">EN388 (Norm f\u00fcr mechanischen Schutz)<\/strong><\/p>\n<\/li>\n<li class=\"\" data-start=\"3457\" data-end=\"3496\">\n<p class=\"\" data-start=\"3459\" data-end=\"3496\"><strong data-start=\"3459\" data-end=\"3494\">ANSI-Schnittbest\u00e4ndigkeit (auf Anfrage)<\/strong><\/p>\n<\/li>\n<li class=\"\" data-start=\"3497\" data-end=\"3542\">\n<p class=\"\" data-start=\"3499\" data-end=\"3542\"><strong data-start=\"3499\" data-end=\"3540\">CE-zertifiziert - geeignet f\u00fcr den EU-Markt<\/strong><\/p>\n<\/li>\n<li class=\"\" data-start=\"3543\" data-end=\"3574\">\n<p class=\"\" data-start=\"3545\" data-end=\"3574\"><strong data-start=\"3545\" data-end=\"3574\">REACH-konforme Materialien<\/strong><\/p>\n<\/li>\n<\/ul>\n<p class=\"\" data-start=\"3576\" data-end=\"3936\"><strong data-start=\"3576\" data-end=\"3599\">Export und Gro\u00dfhandel:<\/strong><br data-start=\"3599\" data-end=\"3602\" \/>RYINZ bietet ma\u00dfgeschneiderte L\u00f6sungen f\u00fcr Gro\u00dfh\u00e4ndler und Distributoren in Europa und den USA. Mit flexiblen Mindestbestellmengen (MOQs), Produktanpassung, Private Labeling und schnellen Versandoptionen unterst\u00fctzen wir unsere Partner bei der Skalierung ihres Handschuhangebots und bieten auf Wunsch umfassenden Support, Dokumentation und mehrsprachige Verpackungen an.<\/p>","protected":false},"excerpt":{"rendered":"<p>F\u00fcr den professionellen Einsatz entwickelt, ist der <strong data-start=\"4034\" data-end=\"4071\">RYINZ High-Impact Mechanikerhandschuhe<\/strong> bieten Schutz f\u00fcr die ganze Hand und sind flexibel. Der Schutz aus thermoplastischem Gummi (TPR) an Fingern und Kn\u00f6cheln sch\u00fctzt vor St\u00f6\u00dfen, w\u00e4hrend die verst\u00e4rkte Handfl\u00e4che die Erm\u00fcdung durch Vibrationen verringert und die Griffigkeit der Werkzeuge verbessert. Diese Handschuhe sind aus strapazierf\u00e4higen und dennoch atmungsaktiven Materialien gefertigt, um den Komfort und die Pr\u00e4zision bei schwierigen Arbeiten zu maximieren. Ihre gut sichtbare neongr\u00fcne Farbe sorgt f\u00fcr Sicherheit in belebten oder schlecht beleuchteten Arbeitsbereichen. Diese Handschuhe sind ideal f\u00fcr den Maschinenbau, das Baugewerbe, die \u00d6l- und Gasindustrie sowie f\u00fcr die Lagerhaltung geeignet und k\u00f6nnen unter Druck eingesetzt werden.<\/p>","protected":false},"featured_media":8972,"comment_status":"closed","ping_status":"closed","template":"","meta":[],"product_brand":[35],"product_cat":[82,83],"product_tag":[96,85],"class_list":{"0":"post-8929","1":"product","2":"type-product","3":"status-publish","4":"has-post-thumbnail","6":"product_brand-ryinz","7":"product_cat-mechanic-industrial-gloves","8":"product_cat-mechanics-gloves","9":"product_tag-microfiber-mechanics-gloves","10":"product_tag-tpr-protection-gloves","12":"first","13":"instock","14":"taxable","15":"shipping-taxable","16":"purchasable","17":"product-type-simple"},"_links":{"self":[{"href":"https:\/\/ryinz.cz\/velkoobchod\/de\/wp-json\/wp\/v2\/product\/8929","targetHints":{"allow":["GET"]}}],"collection":[{"href":"https:\/\/ryinz.cz\/velkoobchod\/de\/wp-json\/wp\/v2\/product"}],"about":[{"href":"https:\/\/ryinz.cz\/velkoobchod\/de\/wp-json\/wp\/v2\/types\/product"}],"replies":[{"embeddable":true,"href":"https:\/\/ryinz.cz\/velkoobchod\/de\/wp-json\/wp\/v2\/comments?post=8929"}],"wp:featuredmedia":[{"embeddable":true,"href":"https:\/\/ryinz.cz\/velkoobchod\/de\/wp-json\/wp\/v2\/media\/8972"}],"wp:attachment":[{"href":"https:\/\/ryinz.cz\/velkoobchod\/de\/wp-json\/wp\/v2\/media?parent=8929"}],"wp:term":[{"taxonomy":"product_brand","embeddable":true,"href":"https:\/\/ryinz.cz\/velkoobchod\/de\/wp-json\/wp\/v2\/product_brand?post=8929"},{"taxonomy":"product_cat","embeddable":true,"href":"https:\/\/ryinz.cz\/velkoobchod\/de\/wp-json\/wp\/v2\/product_cat?post=8929"},{"taxonomy":"product_tag","embeddable":true,"href":"https:\/\/ryinz.cz\/velkoobchod\/de\/wp-json\/wp\/v2\/product_tag?post=8929"}],"curies":[{"name":"wp","href":"https:\/\/api.w.org\/{rel}","templated":true}]}}